{"id":2228,"date":"2023-04-24T13:05:42","date_gmt":"2023-04-24T11:05:42","guid":{"rendered":"https:\/\/us.edu.pl\/instytut\/ipe\/?page_id=2228"},"modified":"2023-07-20T08:54:25","modified_gmt":"2023-07-20T06:54:25","slug":"edukacja-miedzykulturowa","status":"publish","type":"page","link":"https:\/\/us.edu.pl\/instytut\/ipe\/edukacja-miedzykulturowa\/","title":{"rendered":"Edukacja Mi\u0119dzykulturowa"},"content":{"rendered":"<p>[vc_row][vc_column][vc_column_text][\/vc_column_text][\/vc_column][\/vc_row][vc_row][vc_column]\r\n                <div class=\"text-modules \">\r\n                    <div class=\"container\">\r\n                         \r\n                        <div class=\"row m-0\">\r\n                            <div class=\"text-modules__content\">\r\n                                <span style=\"font-size: 12pt;\"><strong>Misja\/ Mission<\/strong><\/span><\/p>\n<p><span style=\"font-size: 12pt;\">Idea publikowania czasopisma \u201eEdukacja Mi\u0119dzykulturowa\u201d warunkowana jest post\u0119puj\u0105c\u0105 krystalizacj\u0105 pedagogiki mi\u0119dzykulturowej, kt\u00f3ra nale\u017cy do wa\u017cniejszych nowych subdyscyplin pedagogiki wsp\u00f3\u0142czesnej na \u015bwiecie, a\u00a0w\u00a0ostatnim trzydziestoleciu pr\u0119\u017cnie rozwija si\u0119 w Polsce. Znacz\u0105cymi impulsami do jej rozwoju sta\u0142y si\u0119 procesy integracji europejskiej i aktywno\u015b\u0107 polskich pedagog\u00f3w.<\/span><\/p>\n<p><span style=\"font-size: 12pt;\">Rocznik, od 2017 roku \u2013 p\u00f3\u0142rocznik, a od roku 2022 \u2013 kwartalnik nawi\u0105zuje do tradycji serii wydawniczej \u201eEdukacja Mi\u0119dzykulturowa\u201d, ukazuj\u0105cej si\u0119 w\u00a0Uniwersytecie \u015al\u0105skim na Wydziale Etnologii i Nauk o\u00a0Edukacji w Cieszynie od 1992 roku i obejmuj\u0105cej aktualnie 95 tom\u00f3w. Zagadnienia zawarte w kwartalniku przedstawione s\u0105 w\u00a0odczytaniach w\u0142a\u015bciwych pedagogice, psychologii, socjologii, filozofii, j\u0119zykoznawstwu, teologii, kulturoznawstwu, historii (i innych dyscyplin szeroko pojmowanych nauk humanistycznych). Badaniom i studiom o charakterze metodologicznym towarzyszy namys\u0142 i\u00a0pr\u00f3by ulepszania metodologii bada\u0144 oraz sposob\u00f3w interpretacji wynik\u00f3w bada\u0144. Periodyk stanowi zatem forum naukowe, sprzyjaj\u0105ce rozwijaniu nauk pedagogicznych i upowszechnianiu pedagogiki mi\u0119dzykulturowej, umo\u017cliwiaj\u0105c tym samym przedstawicielom wielu specjalno\u015bci pedagogicznych i\u00a0reprezentantom innych dyscyplin \u2013 dzielenie si\u0119 swymi osi\u0105gni\u0119ciami oraz nawi\u0105zanie szerokiej wsp\u00f3\u0142pracy i wymiany do\u015bwiadcze\u0144.<\/span><\/p>\n<p><span style=\"font-size: 12pt;\">Celem periodyku jest promowanie polskiego dorobku pedagogiki mi\u0119dzykulturowej oraz upowszechnianie jej osi\u0105gni\u0119\u0107 w wymiarze mi\u0119dzynarodowym. Potwierdza to tak\u017ce mi\u0119dzynarodowy sk\u0142ad Rady Naukowej oraz Zespo\u0142u Recenzent\u00f3w.<\/span><\/p>\n<p>&nbsp;<\/p>\n<p><span style=\"font-size: 12pt;\"><em>The idea of publishing 'Intercultural Education&#8217; results from gradual crystallization of intercultural education as one of major new subdisciplines of contemporary world pedagogy as well as from its dynamic development in Poland over the last three decades. This development has been significantly enhanced by the processes of European integration and the activity of Polish educationalists.<\/em><\/span><\/p>\n<p><span style=\"font-size: 12pt;\"><em>The yearly \u2013 and since 2017 semiannual and since 2022 \u2013 quarterly journal refers to the tradition of the publishing series 'Intercultural Education&#8217;, which has been issued by the University of Silesia in Katowice at the Faculty of Arts and Educational Science in Cieszyn since 1992 and which currently comprises 95 volumes. The issues explored in the journal are presented in interpretations characteristic of pedagogy, psychology, sociology, philosophy, linguistics, theology, cultural studies, history (and other disciplines of broadly treated humanities). Methodological studies head for improving both research methodology and the ways of interpreting research results. Therefore, the periodical constitutes a scientific forum which facilitates the development of pedagogical disciplines and popularization of intercultural education. This enables pedagogy experts and the representatives of other sciences to share their achievements, to enter broader cooperation and to exchange experience.<\/em><\/span><\/p>\n<p><span style=\"font-size: 12pt;\"><em>The journal aims at promoting the scientific output of Polish pedagogy and popularization of its achievements internationally. This is also confirmed by the international members of the Scientific Council and the Team of Reviewers.<\/em><\/span><\/p>\n<p><span style=\"font-size: 12pt;\"><strong>\u00a0<\/strong><\/span><\/p>\n<p><span style=\"font-size: 12pt;\"><strong>Ewaluacja\/ Evaluation <\/strong><\/span><\/p>\n<p><span style=\"font-size: 12pt;\">Za publikacj\u0119 w \u201eEdukacji Mi\u0119dzykulturowej\u201d Autorzy uzyskuj\u0105 140 punkt\u00f3w. Publikacja artyku\u0142\u00f3w jest bezp\u0142atna. Czasopismo jest indeksowane w: Biblioteka Nauki, Central European Journal of Social Sciences and Humanities (CEJSH), ERIH Plus, ICI Journals Master List, ICI World of Journals, Most Wiedzy, BazHum i POL-index (PBN).<\/span><\/p>\n<p><span style=\"font-size: 12pt;\"><em>The Authors receive 140 points for publishing in &#8222;Intercultural Education&#8221;. The publication is free of charge. The journal is indexed in: Biblioteka Nauki, <\/em><em>Central European Journal of Social Sciences and Humanities (CEJSH), ERIH Plus, <\/em><em>ICI Journals Master List, ICI World of Journals, Most Wiedzy, <\/em><em>BazHum and POL-index\u00a0(PBN) <\/em><em>scientific bases.<\/em><\/span><\/p>\n<p><span style=\"font-size: 12pt;\"><strong>\u00a0<\/strong><\/span><\/p>\n<p><span style=\"font-size: 12pt;\"><strong>Prawa autorskie i uprawnienia\/ <\/strong><strong>Copyright and permission guidelines<\/strong><\/span><\/p>\n<p><span style=\"font-size: 12pt;\">Czasopismo w pe\u0142ni publikowane jest na licencji Open Access <u>CC BY-NC-ND<\/u>.\u00a0\u00a0\u00a0\u00a0\u00a0\u00a0\u00a0\u00a0\u00a0\u00a0\u00a0\u00a0\u00a0\u00a0\u00a0\u00a0\u00a0\u00a0 <\/span><\/p>\n<p><span style=\"font-size: 12pt;\">Redakcja czasopisma przyj\u0119\u0142a zasady etyki publikacyjnej zgodne z wytycznymi <u>COPE<\/u> \u2013 Komitetu do spraw Etyki Publikacyjnej i stosuje je w\u00a0pe\u0142ni od 2017 roku. Standardy etyczne czasopisma i polityka antyplagiatowa Redakcji wyja\u015bnione s\u0105 na stronie internetowej czasopisma, a autorzy zobowi\u0105zani s\u0105 w o\u015bwiadczeniu do potwierdzenia, \u017ce ich praca spe\u0142nia przyj\u0119te standardy etyki publikacyjnej.<\/span><\/p>\n<p><span style=\"font-size: 12pt;\"><em>We fully publish our journal in Open Access under the license <u>CC BY-NC-ND<\/u>.<\/em><\/span><\/p>\n<p><span style=\"font-size: 12pt;\"><em>The editors of the journal adopted the principles of publishing ethics in accordance with the guidelines of <\/em><em>COPE<\/em><em> \u2013 the Committee for Publishing Ethics and applies them fully from 2017. The ethical standards of the journal and anti-plagiarism policy of the Editors are explained on the website of the journal, while the authors are obliged in a statement to confirm that their work meets the accepted standards of publication ethics.<\/em><\/span><\/p>\n<p>&nbsp;<\/p>\n<p><a href=\"https:\/\/czasopisma.marszalek.com.pl\/10-15804\/edukacja-miedzykulturowa\">Strona internetowa Edukacji Mi\u0119dzykulturowej<\/a><\/p>\n<div class=\"mt-3\"><\/div>\r\n                            <\/div>\r\n                            \r\n                            <div class=\"text-modules__img\"><img src=\"https:\/\/us.edu.pl\/instytut\/ipe\/wp-content\/uploads\/sites\/32\/Bez-kategorii\/EMbaner-1-scaled.jpg\" alt=\"img\"><\/div>\r\n                        <\/div>\r\n                    <\/div>\r\n                <\/div>[\/vc_column][\/vc_row][vc_row][vc_column][vc_column_text][\/vc_column_text][\/vc_column][\/vc_row]<\/p>","protected":false},"excerpt":{"rendered":"<p>[vc_row][vc_column][vc_column_text][\/vc_column_text][\/vc_column][\/vc_row][vc_row][vc_column][\/vc_column][\/vc_row][vc_row][vc_column][vc_column_text][\/vc_column_text][\/vc_column][\/vc_row] [&#8230;]<\/p>\n<p><a class=\"btn btn-secondary understrap-read-more-link\" href=\"https:\/\/us.edu.pl\/instytut\/ipe\/edukacja-miedzykulturowa\/\">Read More&#8230;<\/a><\/p>\n","protected":false},"author":201,"featured_media":0,"parent":0,"menu_order":0,"comment_status":"closed","ping_status":"closed","template":"","meta":{"_expiration-date-status":"","_expiration-date":0,"_expiration-date-type":"","_expiration-date-categories":[],"_expiration-date-options":[]},"acf":[],"_links":{"self":[{"href":"https:\/\/us.edu.pl\/instytut\/ipe\/wp-json\/wp\/v2\/pages\/2228"}],"collection":[{"href":"https:\/\/us.edu.pl\/instytut\/ipe\/wp-json\/wp\/v2\/pages"}],"about":[{"href":"https:\/\/us.edu.pl\/instytut\/ipe\/wp-json\/wp\/v2\/types\/page"}],"author":[{"embeddable":true,"href":"https:\/\/us.edu.pl\/instytut\/ipe\/wp-json\/wp\/v2\/users\/201"}],"replies":[{"embeddable":true,"href":"https:\/\/us.edu.pl\/instytut\/ipe\/wp-json\/wp\/v2\/comments?post=2228"}],"version-history":[{"count":2,"href":"https:\/\/us.edu.pl\/instytut\/ipe\/wp-json\/wp\/v2\/pages\/2228\/revisions"}],"predecessor-version":[{"id":2302,"href":"https:\/\/us.edu.pl\/instytut\/ipe\/wp-json\/wp\/v2\/pages\/2228\/revisions\/2302"}],"wp:attachment":[{"href":"https:\/\/us.edu.pl\/instytut\/ipe\/wp-json\/wp\/v2\/media?parent=2228"}],"curies":[{"name":"wp","href":"https:\/\/api.w.org\/{rel}","templated":true}]}}