{"id":2231,"date":"2023-04-24T13:07:22","date_gmt":"2023-04-24T11:07:22","guid":{"rendered":"https:\/\/us.edu.pl\/instytut\/ipe\/?page_id=2231"},"modified":"2023-07-20T08:51:59","modified_gmt":"2023-07-20T06:51:59","slug":"chowanna","status":"publish","type":"page","link":"https:\/\/us.edu.pl\/instytut\/ipe\/chowanna\/","title":{"rendered":"Chowanna"},"content":{"rendered":"<p>[vc_row][vc_column][vc_column_text][\/vc_column_text][\/vc_column][\/vc_row][vc_row][vc_column]\r\n                <div class=\"text-modules \">\r\n                    <div class=\"container\">\r\n                         \r\n                        <div class=\"row m-0\">\r\n                            <div class=\"text-modules__content\">\r\n                                <\/p>\n<div id=\"focusAndScope\">\n<p><span style=\"font-size: 12pt;\">Czasopismo \u201e<strong>Chowanna<\/strong>\u201d stanowi interdyscyplinarne forum wymiany my\u015bli i prezentacji wniosk\u00f3w bada\u0144 naukowych w zakresie wieloaspektowego aktualizowania proces\u00f3w edukacji, wychowania i innych rodzaj\u00f3w uczestnictwa spo\u0142ecznego w zmieniaj\u0105cych si\u0119 warunkach spo\u0142eczno-kulturowych i cywilizacyjnych.<\/span><\/p>\n<p><span style=\"font-size: 12pt;\">Pismo zosta\u0142o powo\u0142ane do \u017cycia w roku\u00a0<strong>1929\u00a0<\/strong>przez za\u0142o\u017cycieli i pracownik\u00f3w <strong>Instytutu Pedagogicznego w Katowicach<\/strong> jako biuletyn naukowy. Jego tytu\u0142 nawi\u0105zuje do imienia s\u0142owia\u0144skiej bogini opiekuj\u0105cej si\u0119 dzie\u0107mi, r\u00f3wnocze\u015bnie jednak wskazuj\u0105c na inspiruj\u0105c\u0105 dla pierwotnej wizji czasopisma rol\u0119 monumentalnego dzie\u0142a\u00a0<strong>Bronis\u0142awa Ferdynanda Trentowskiego<\/strong>\u00a0\u2013\u00a0<em><strong>Chowanna czyli system pedagogiki narodowej, jako umiej\u0119tno\u015bci wychowania, nauki i o\u015bwiaty, s\u0142owem wykszta\u0142cenia naszej m\u0142odzie\u017cy<\/strong><\/em>. Rozwa\u017cania Trentowskiego mia\u0142y charakter interdyscyplinarny, uwzgl\u0119dnia\u0142y problematyk\u0119 filozoficzn\u0105, psychologiczn\u0105, spo\u0142eczn\u0105 i historyczn\u0105, pedagogiczn\u0105 i kulturow\u0105 \u2013 profil czasopisma pod\u0105\u017ca tropem tego dziedzictwa.<\/span><\/p>\n<p><span style=\"font-size: 12pt;\">Czasopismo obj\u0119te jest patronatem\u00a0<strong>Komitetu Nauk Pedagogicznych Polskiej Akademii Nauk<\/strong>.<\/span><\/p>\n<p>Aktualna punktacja zgodnie z ostatnia list\u0105 naukowych czasopism punktowanych MEN wynosi <strong>40 pkt.<\/strong><\/p>\n<\/div>\n<div id=\"openAccessPolicy\">\n<p><span style=\"font-size: 12pt;\"><a href=\"https:\/\/journals.us.edu.pl\/index.php\/CHOWANNA\">Strona internetowa Chowanny<\/a><\/span><\/p>\n<\/div>\n<div class=\"mt-3\"><\/div>\r\n                            <\/div>\r\n                            \r\n                            <div class=\"text-modules__img\"><img src=\"https:\/\/us.edu.pl\/instytut\/ipe\/wp-content\/uploads\/sites\/32\/Bez-kategorii\/cover_issue_1314_pl_PL.jpg\" alt=\"img\"><\/div>\r\n                        <\/div>\r\n                    <\/div>\r\n                <\/div>[\/vc_column][\/vc_row][vc_row][vc_column][vc_column_text][\/vc_column_text][\/vc_column][\/vc_row]<\/p>","protected":false},"excerpt":{"rendered":"<p>[vc_row][vc_column][vc_column_text][\/vc_column_text][\/vc_column][\/vc_row][vc_row][vc_column][\/vc_column][\/vc_row][vc_row][vc_column][vc_column_text][\/vc_column_text][\/vc_column][\/vc_row] [&#8230;]<\/p>\n<p><a class=\"btn btn-secondary understrap-read-more-link\" href=\"https:\/\/us.edu.pl\/instytut\/ipe\/chowanna\/\">Read More&#8230;<\/a><\/p>\n","protected":false},"author":201,"featured_media":0,"parent":0,"menu_order":0,"comment_status":"closed","ping_status":"closed","template":"","meta":{"_expiration-date-status":"","_expiration-date":0,"_expiration-date-type":"","_expiration-date-categories":[],"_expiration-date-options":[]},"acf":[],"_links":{"self":[{"href":"https:\/\/us.edu.pl\/instytut\/ipe\/wp-json\/wp\/v2\/pages\/2231"}],"collection":[{"href":"https:\/\/us.edu.pl\/instytut\/ipe\/wp-json\/wp\/v2\/pages"}],"about":[{"href":"https:\/\/us.edu.pl\/instytut\/ipe\/wp-json\/wp\/v2\/types\/page"}],"author":[{"embeddable":true,"href":"https:\/\/us.edu.pl\/instytut\/ipe\/wp-json\/wp\/v2\/users\/201"}],"replies":[{"embeddable":true,"href":"https:\/\/us.edu.pl\/instytut\/ipe\/wp-json\/wp\/v2\/comments?post=2231"}],"version-history":[{"count":2,"href":"https:\/\/us.edu.pl\/instytut\/ipe\/wp-json\/wp\/v2\/pages\/2231\/revisions"}],"predecessor-version":[{"id":2301,"href":"https:\/\/us.edu.pl\/instytut\/ipe\/wp-json\/wp\/v2\/pages\/2231\/revisions\/2301"}],"wp:attachment":[{"href":"https:\/\/us.edu.pl\/instytut\/ipe\/wp-json\/wp\/v2\/media?parent=2231"}],"curies":[{"name":"wp","href":"https:\/\/api.w.org\/{rel}","templated":true}]}}