{"id":2234,"date":"2023-04-24T13:10:00","date_gmt":"2023-04-24T11:10:00","guid":{"rendered":"https:\/\/us.edu.pl\/instytut\/ipe\/?page_id=2234"},"modified":"2023-07-20T08:49:12","modified_gmt":"2023-07-20T06:49:12","slug":"international-journal-of-research-in-e-learning","status":"publish","type":"page","link":"https:\/\/us.edu.pl\/instytut\/ipe\/international-journal-of-research-in-e-learning\/","title":{"rendered":"International Journal of Research in E-learning"},"content":{"rendered":"<p>[vc_row][vc_column][vc_column_text][\/vc_column_text][\/vc_column][\/vc_row][vc_row][vc_column]\r\n                <div class=\"text-modules \">\r\n                    <div class=\"container\">\r\n                         \r\n                        <div class=\"row m-0\">\r\n                            <div class=\"text-modules__content\">\r\n                                <strong>International Journal of Research in E-learning IJREL<\/strong> jest wydawne od 2015 roku jako p\u00f3\u0142rocznik. Za ten czas zosta\u0142o opublikowano 15 tom\u00f3w. Tematyka dotyczy najnowszych wynik\u00f3w bada\u0144 w zakresie e-learningu w szerokim kontel\u015bcie miedzynarodowym i interdyscyplinarnym.<\/p>\n<p>&nbsp;<\/p>\n<p><span style=\"font-size: 12pt;\"><strong>IJREL<\/strong> jest indeksowany w European Reference Index for the Humanities (ERIH PLUS); Index Copernicus; Biblioteka Narodowa; Central and Eastern European Online Library (CEEOL); The Central European Journal of Social Sciences and Humanities (CEJSH);\u00a0BazHum; Polska Bibliografia Naukowa https:\/\/pbn.nauka.gov.pl; CEON; MIAR; OAJI; Eurasian Scientific Journal Index (ESJI); MOST Wiedzy (Gda\u0144sk University of Technology).<\/span><\/p>\n<p><span style=\"font-size: 12pt;\">Idea powo\u0142ania czasopisma IJREL zrodzi\u0142a si\u0119 na Wydziale Etnologii i Nauk o Edukacji Uniwersytetu \u015al\u0105skiego w Katowicach w Polsce. Wydzia\u0142 ten oraz inne wydzia\u0142y Uniwersytetu \u015al\u0105skiego maj\u0105 szerokie do\u015bwiadczenie we wprowadzaniu uczenia si\u0119 na odleg\u0142o\u015b\u0107. O powo\u0142aniu czasopisma zadecydowa\u0142y takie czynniki, jak: Platforma Nauczania na Odleg\u0142o\u015b\u0107 funkcjonuj\u0105ca na Wydziale Etnologii i Nauk o Edukacji Uniwersytetu \u015al\u0105skiego w Katowicach oraz podobne platformy w innych polskich i zagranicznych uniwersytetach; cykliczna, mi\u0119dzynarodowa konferencja pt.: \u201eTeoretyczne i Praktyczne Aspekty Nauczania na Odleg\u0142o\u015b\u0107\u201d corocznie organizowana od 2009 r. (<a href=\"http:\/\/www.dlcc.us.edu.pl\">www.dlcc.us.edu.pl<\/a>); realizacja mi\u0119dzynarodowego projektu IRNet\u00a0(<a href=\"http:\/\/www.irnet.us.edu.pl\">www.irnet.us.edu.pl<\/a>) (mi\u0119dzynarodowa sie\u0107 badawcza na rzecz analizy i rozwoju nowych narz\u0119dzi i metod dla zaawansowanych nauk pedagogicznych w zakresie technologii informacyjno-komunikacyjnych, nauczania na odleg\u0142o\u015b\u0107 oraz kompetencji interkulturowych). Autorzy artyku\u0142\u00f3w publikowanych w IJREL pochodz\u0105 jak dot\u0105d z Europy Zachodniej, Centralnej i Wschodniej, Azji oraz z Australii.<\/span><\/p>\n<p><span style=\"font-size: 12pt;\">Aktualna punktacja IJREL zgodnie z ostatnia list\u0105 naukowych czasopism punktowanych MEN wynosi <strong>100 pkt.<\/strong><\/span><\/p>\n<p><span style=\"font-size: 12pt;\"><strong>Strona czasopisma: <a href=\"https:\/\/www.journals.us.edu.pl\/index.php\/IJREL\/about\" target=\"_blank\" rel=\"noopener noreferrer\">https:\/\/www.journals.us.edu.pl\/index.php\/IJREL\/about<\/a> <\/strong><\/span><\/p>\n<div class=\"mt-3\"><\/div>\r\n                            <\/div>\r\n                            \r\n                            <div class=\"text-modules__img\"><img src=\"https:\/\/us.edu.pl\/instytut\/ipe\/wp-content\/uploads\/sites\/32\/2023\/04\/journalThumbnail_pl_PL.png\" alt=\"img\"><\/div>\r\n                        <\/div>\r\n                    <\/div>\r\n                <\/div>[\/vc_column][\/vc_row][vc_row][vc_column][vc_column_text][\/vc_column_text][\/vc_column][\/vc_row]<\/p>","protected":false},"excerpt":{"rendered":"<p>[vc_row][vc_column][vc_column_text][\/vc_column_text][\/vc_column][\/vc_row][vc_row][vc_column][\/vc_column][\/vc_row][vc_row][vc_column][vc_column_text][\/vc_column_text][\/vc_column][\/vc_row] [&#8230;]<\/p>\n<p><a class=\"btn btn-secondary understrap-read-more-link\" href=\"https:\/\/us.edu.pl\/instytut\/ipe\/international-journal-of-research-in-e-learning\/\">Read More&#8230;<\/a><\/p>\n","protected":false},"author":201,"featured_media":0,"parent":0,"menu_order":0,"comment_status":"closed","ping_status":"closed","template":"","meta":{"_expiration-date-status":"","_expiration-date":0,"_expiration-date-type":"","_expiration-date-categories":[],"_expiration-date-options":[]},"acf":[],"_links":{"self":[{"href":"https:\/\/us.edu.pl\/instytut\/ipe\/wp-json\/wp\/v2\/pages\/2234"}],"collection":[{"href":"https:\/\/us.edu.pl\/instytut\/ipe\/wp-json\/wp\/v2\/pages"}],"about":[{"href":"https:\/\/us.edu.pl\/instytut\/ipe\/wp-json\/wp\/v2\/types\/page"}],"author":[{"embeddable":true,"href":"https:\/\/us.edu.pl\/instytut\/ipe\/wp-json\/wp\/v2\/users\/201"}],"replies":[{"embeddable":true,"href":"https:\/\/us.edu.pl\/instytut\/ipe\/wp-json\/wp\/v2\/comments?post=2234"}],"version-history":[{"count":2,"href":"https:\/\/us.edu.pl\/instytut\/ipe\/wp-json\/wp\/v2\/pages\/2234\/revisions"}],"predecessor-version":[{"id":2300,"href":"https:\/\/us.edu.pl\/instytut\/ipe\/wp-json\/wp\/v2\/pages\/2234\/revisions\/2300"}],"wp:attachment":[{"href":"https:\/\/us.edu.pl\/instytut\/ipe\/wp-json\/wp\/v2\/media?parent=2234"}],"curies":[{"name":"wp","href":"https:\/\/api.w.org\/{rel}","templated":true}]}}