{"id":226,"date":"2020-01-01T22:21:42","date_gmt":"2020-01-01T21:21:42","guid":{"rendered":"http:\/\/us.edu.pl\/instytut\/ipe\/?page_id=226"},"modified":"2025-02-13T14:08:57","modified_gmt":"2025-02-13T13:08:57","slug":"uchwaly","status":"publish","type":"page","link":"https:\/\/us.edu.pl\/instytut\/ipe\/uchwaly\/","title":{"rendered":"Uchwa\u0142y"},"content":{"rendered":"<p>[vc_row][vc_column][vc_column_text][\/vc_column_text][\/vc_column][\/vc_row][vc_row][vc_column][vc_column_text][\/vc_column_text][\/vc_column][\/vc_row][vc_row][vc_column]\r\n                <div class=\"text-modules\">\r\n                    <div class=\"container\">\r\n                        \r\n                        <div class=\"text-modules__content\"><p><a href=\"https:\/\/us.edu.pl\/instytut\/ipe\/wp-content\/uploads\/sites\/32\/Bez-kategorii\/Uchwala_zasady-organizacji-funkcjonowania-i-finansowania-dzialalnosci-badawczej-w-Instytutucie-Pedagogiki.docx\" class=\"mtli_attachment mtli_docx\" data-mtli=\"mtli_filesize34,60kB\" class=\"mtli_attachment mtli_docx\" data-mtli=\"mtli_filesize34,60kB\">Uchwa\u0142a nr 15\/11\/2023 Rady Naukowej Instytutu Pedagogiki Wydzia\u0142u Nauk Spo\u0142ecznych Uniwersytetu \u015al\u0105skiego w Katowicach z dnia 28 listopada 2023r. w sprawie zasad organizacji, funkcjonowania i finansowania dzia\u0142alno\u015bci badawczej w Instytucie Pedagogiki <\/a><\/p>\n<p>&nbsp;<\/p>\n<p><a class=\"mtli_attachment mtli_docx mtli_attachment mtli_docx mtli_attachment mtli_docx\" href=\"https:\/\/us.edu.pl\/instytut\/ipe\/wp-content\/uploads\/sites\/32\/uchwaly\/Wniosek_projekt_indywidualany_2023_2024.docx\" data-mtli=\"mtli_filesize15,14kB\" data-mtli=\"mtli_filesize15,14kB\" data-mtli=\"mtli_filesize15,95kB\">Wz\u00f3r zg\u0142oszenia indywidualnego projektu badawczego na rok 2024<\/a><\/p>\n<p><a class=\"mtli_attachment mtli_docx mtli_attachment mtli_docx mtli_attachment mtli_docx\" href=\"https:\/\/us.edu.pl\/instytut\/ipe\/wp-content\/uploads\/sites\/32\/uchwaly\/Wniosek_projekt_zespolowy_2023_2024.docx\" data-mtli=\"mtli_filesize14,95kB\" data-mtli=\"mtli_filesize14,95kB\" data-mtli=\"mtli_filesize15,16kB\">Wz\u00f3r wniosku zg\u0142oszenia zespo\u0142owego projektu badawczego o dofinansowanie w ramach cz\u0119\u015bci II subwencji na rok 2024<\/a><\/p>\n<p><a class=\"mtli_attachment mtli_docx mtli_attachment mtli_docx mtli_attachment mtli_docx\" href=\"https:\/\/us.edu.pl\/instytut\/ipe\/wp-content\/uploads\/sites\/32\/uchwaly\/Aktualna-formatka-do-KIP-u-2023.docx\" data-mtli=\"mtli_filesize17,51kB\" data-mtli=\"mtli_filesize17,51kB\" data-mtli=\"mtli_filesize17,87kB\">Formatka do obliczenia KIP na rok 2023\/2024<\/a><\/p>\n<p>&nbsp;<\/p>\n<p>&nbsp;<\/p>\n<p>&nbsp;<\/p>\n<p>&nbsp;<\/p>\n<p><a href=\"https:\/\/us.edu.pl\/instytut\/ipe\/wp-content\/uploads\/sites\/32\/uchwaly\/Uchwa\u0142a-2_12_2021.docx\" class=\"mtli_attachment mtli_docx\" data-mtli=\"mtli_filesize35,02kB\" class=\"mtli_attachment mtli_docx\" data-mtli=\"mtli_filesize35,02kB\">Uchwa\u0142a nr 2\/12\/2021 Rady Naukowej Instytutu Pedagogiki Wydzia\u0142u Nauk Spo\u0142ecznych Uniwersytetu \u015al\u0105skiego w Katowicach z dnia 26 pa\u017adziernika 2021 r. w sprawie zasad organizacji, funkcjonowania i finansowania dzia\u0142alno\u015bci badawczej w Instytucie Pedagogiki w roku 2022<\/a><\/p>\n<ul>\n<li><a href=\"https:\/\/us.edu.pl\/instytut\/ipe\/wzory-wnioskow\/\">Za\u0142\u0105czniki nr 3 do Uchwa\u0142y nr 2_12_2021<\/a><\/li>\n<\/ul>\n<p>&nbsp;<\/p>\n<p><a href=\"http:\/\/us.edu.pl\/instytut\/ipe\/wp-content\/uploads\/sites\/32\/Nieprzypisane\/Uchwala_strategia.pdf\" class=\"mtli_attachment mtli_pdf\" data-mtli=\"mtli_filesize272,57kB\" class=\"mtli_attachment mtli_pdf\" data-mtli=\"mtli_filesize272,57kB\">Uchwa\u0142a nr 4\/1\/2020 Rady Naukowej Instytutu Pedagogiki Wydzia\u0142u Nauk Spo\u0142ecznych Uniwersytetu \u015al\u0105skiego w Katowicach z dnia 14 stycznia 2020r. w sprawie przyj\u0119cia strategii rozwoju Instytutu Pedagogiki prowadz\u0105cego badania naukowe w dyscyplinie pedagogika na lata 2020-2025<\/a><\/p>\n<p><a href=\"http:\/\/us.edu.pl\/instytut\/ipe\/wp-content\/uploads\/sites\/32\/uchwaly\/Uchwa\u0142a-lider.pdf\" class=\"mtli_attachment mtli_pdf\" data-mtli=\"mtli_filesize98,75kB\" class=\"mtli_attachment mtli_pdf\" data-mtli=\"mtli_filesize98,75kB\">Uchwa\u0142a nr 3\/1\/2020 Rady Naukowej Instytutu Pedagogiki Wydzia\u0142u Nauk Spo\u0142ecznych Uniwersytetu \u015al\u0105skiego w Katowicach z dnia 14 stycznia 2020 roku w sprawie kryteri\u00f3w, kt\u00f3re powinien spe\u0142nia\u0107 lider zespo\u0142u badawczego w Instytucie Pedagogiki w roku 2020<\/a><\/p>\n<p><a href=\"http:\/\/us.edu.pl\/instytut\/ipe\/wp-content\/uploads\/sites\/32\/Nieprzypisane\/Uchwa\u0142a-szczego\u0301\u0142owy-regulamin-finansowania-badan\u0301-i-za\u0142a\u0328czniki.pdf\" class=\"mtli_attachment mtli_pdf\" data-mtli=\"mtli_filesize201,21kB\" class=\"mtli_attachment mtli_pdf\" data-mtli=\"mtli_filesize201,21kB\">Uchwa\u0142a nr 2\/1\/2020 Rady Naukowej Instytutu Pedagogiki Wydzia\u0142u Nauk Spo\u0142ecznych Uniwersytetu \u015al\u0105skiego w Katowicach z dnia 14 stycznia 2020 roku w sprawie szczeg\u00f3\u0142owego regulaminu finansowania zespo\u0142\u00f3w badawczych oraz indywidualnej dzia\u0142alno\u015bci badawczej w Instytucie Pedagogiki w roku 2020<\/a><\/p>\n<p><a href=\"http:\/\/us.edu.pl\/instytut\/ipe\/wp-content\/uploads\/sites\/32\/uchwaly\/Uchwa\u0142a-indywidualna-dzia\u0142alnos\u0301c\u0301-badawcza.pdf\" class=\"mtli_attachment mtli_pdf\" data-mtli=\"mtli_filesize106,44kB\" class=\"mtli_attachment mtli_pdf\" data-mtli=\"mtli_filesize106,44kB\">Uchwa\u0142a nr 1\/1\/2020 Rady Naukowej Instytutu Pedagogiki Wydzia\u0142u Nauk Spo\u0142ecznych Uniwersytetu \u015al\u0105skiego w Katowicach z dnia 14 stycznia 2020 roku w sprawie zasad organizacji, funkcjonowania i finansowania indywidualnej dzia\u0142alno\u015bci badawczej w Instytucie Pedagogiki w roku 2020<\/a><\/p>\n<p><a href=\"http:\/\/us.edu.pl\/instytut\/ipe\/wp-content\/uploads\/sites\/32\/uchwaly\/Uchwa\u0142a-Zasady-finansowania-i-dzia\u0142alnos\u0301ci-zespo\u0142o\u0301w-badawczych.pdf\" class=\"mtli_attachment mtli_pdf\" data-mtli=\"mtli_filesize145,75kB\" class=\"mtli_attachment mtli_pdf\" data-mtli=\"mtli_filesize145,75kB\">Uchwa\u0142a nr 1\/12\/2019 Rady Naukowej Instytutu Pedagogiki Wydzia\u0142u Nauk Spo\u0142ecznych Uniwersytetu \u015al\u0105skiego w Katowicach z dnia 18 grudnia 2019 r. w sprawie zasad organizacji, funkcjonowania i finansowania zespo\u0142\u00f3w badawczych w Instytucie Pedagogiki w roku 2020<\/a><\/p>\n<style type=\"text\/css\">a[data-mtli~=\"mtli_filesize34,60kB\"]:after {content:\" (34,60 kB)\"}a[data-mtli~=\"mtli_filesize15,14kB\"]:after {content:\" (15,14 kB)\"}a[data-mtli~=\"mtli_filesize14,95kB\"]:after {content:\" (14,95 kB)\"}a[data-mtli~=\"mtli_filesize17,51kB\"]:after {content:\" (17,51 kB)\"}a[data-mtli~=\"mtli_filesize35,02kB\"]:after {content:\" (35,02 kB)\"}a[data-mtli~=\"mtli_filesize272,57kB\"]:after {content:\" (272,57 kB)\"}a[data-mtli~=\"mtli_filesize98,75kB\"]:after {content:\" (98,75 kB)\"}a[data-mtli~=\"mtli_filesize201,21kB\"]:after {content:\" (201,21 kB)\"}a[data-mtli~=\"mtli_filesize106,44kB\"]:after {content:\" (106,44 kB)\"}a[data-mtli~=\"mtli_filesize145,75kB\"]:after {content:\" (145,75 kB)\"}<\/style><\/div>\r\n                    <\/div>\r\n                <\/div>[\/vc_column][\/vc_row][vc_row][vc_column][vc_column_text][\/vc_column_text][\/vc_column][\/vc_row][vc_row][vc_column][vc_column_text][\/vc_column_text][\/vc_column][\/vc_row][vc_row][vc_column][vc_column_text]<\/p>\n<style type=\"text\/css\">a[data-mtli~=\"mtli_filesize34,60kB\"]:after {content:\" (34,60 kB)\"}a[data-mtli~=\"mtli_filesize15,14kB\"]:after {content:\" (15,14 kB)\"}a[data-mtli~=\"mtli_filesize14,95kB\"]:after {content:\" (14,95 kB)\"}a[data-mtli~=\"mtli_filesize17,51kB\"]:after {content:\" (17,51 kB)\"}a[data-mtli~=\"mtli_filesize35,02kB\"]:after {content:\" (35,02 kB)\"}a[data-mtli~=\"mtli_filesize272,57kB\"]:after {content:\" (272,57 kB)\"}a[data-mtli~=\"mtli_filesize98,75kB\"]:after {content:\" (98,75 kB)\"}a[data-mtli~=\"mtli_filesize201,21kB\"]:after {content:\" (201,21 kB)\"}a[data-mtli~=\"mtli_filesize106,44kB\"]:after {content:\" (106,44 kB)\"}a[data-mtli~=\"mtli_filesize145,75kB\"]:after {content:\" (145,75 kB)\"}<\/style>","protected":false},"excerpt":{"rendered":"<p>[vc_row][vc_column][vc_column_text][\/vc_column_text][\/vc_column][\/vc_row][vc_row][vc_column][vc_column_text][\/vc_column_text][\/vc_column][\/vc_row][vc_row][vc_column][\/vc_column][\/vc_row][vc_row][vc_column][vc_column_text][\/vc_column_text][\/vc_column][\/vc_row][vc_row][vc_column][vc_column_text][\/vc_column_text][\/vc_column][\/vc_row][vc_row][vc_column][vc_column_text] [&#8230;]<\/p>\n<p><a class=\"btn btn-secondary understrap-read-more-link\" href=\"https:\/\/us.edu.pl\/instytut\/ipe\/uchwaly\/\">Read More&#8230;<\/a><\/p>\n","protected":false},"author":201,"featured_media":0,"parent":0,"menu_order":0,"comment_status":"closed","ping_status":"closed","template":"","meta":{"_expiration-date-status":"","_expiration-date":0,"_expiration-date-type":"","_expiration-date-categories":[],"_expiration-date-options":[]},"acf":[],"_links":{"self":[{"href":"https:\/\/us.edu.pl\/instytut\/ipe\/wp-json\/wp\/v2\/pages\/226"}],"collection":[{"href":"https:\/\/us.edu.pl\/instytut\/ipe\/wp-json\/wp\/v2\/pages"}],"about":[{"href":"https:\/\/us.edu.pl\/instytut\/ipe\/wp-json\/wp\/v2\/types\/page"}],"author":[{"embeddable":true,"href":"https:\/\/us.edu.pl\/instytut\/ipe\/wp-json\/wp\/v2\/users\/201"}],"replies":[{"embeddable":true,"href":"https:\/\/us.edu.pl\/instytut\/ipe\/wp-json\/wp\/v2\/comments?post=226"}],"version-history":[{"count":10,"href":"https:\/\/us.edu.pl\/instytut\/ipe\/wp-json\/wp\/v2\/pages\/226\/revisions"}],"predecessor-version":[{"id":2847,"href":"https:\/\/us.edu.pl\/instytut\/ipe\/wp-json\/wp\/v2\/pages\/226\/revisions\/2847"}],"wp:attachment":[{"href":"https:\/\/us.edu.pl\/instytut\/ipe\/wp-json\/wp\/v2\/media?parent=226"}],"curies":[{"name":"wp","href":"https:\/\/api.w.org\/{rel}","templated":true}]}}