{"id":3115,"date":"2025-12-10T21:37:27","date_gmt":"2025-12-10T20:37:27","guid":{"rendered":"https:\/\/us.edu.pl\/instytut\/ipe\/?page_id=3115"},"modified":"2026-03-25T17:22:00","modified_gmt":"2026-03-25T16:22:00","slug":"foster-care-lab","status":"publish","type":"page","link":"https:\/\/us.edu.pl\/instytut\/ipe\/foster-care-lab\/","title":{"rendered":"Foster Care Lab"},"content":{"rendered":"<p>[vc_row][vc_column][vc_column_text]<strong>Interdyscyplinarny Zesp\u00f3\u0142 Badawczy Foster Care Lab (FoCa Lab)<\/strong><\/p>\n<p>Cz\u0142onkowie Interdyscyplinarnego Zespo\u0142u Badawczego Foster Care Lab (FoCa Lab) prowadz\u0105 interdyscyplinarne badania naukowe o charakterze ilo\u015bciowym i jako\u015bciowych w obszarze funkcjonowania systemu pieczy zast\u0119pczej \u2013 z uwzgl\u0119dnieniem rodzin zast\u0119pczych, plac\u00f3wek opieku\u0144czo-wychowawczych, dzieci przebywaj\u0105cych w pieczy zast\u0119pczej oraz instytucji wpieraj\u0105cych piecz\u0119 zast\u0119pcz\u0105.<\/p>\n<p><strong>Zesp\u00f3\u0142:<\/strong><\/p>\n<ul>\n<li>dr Jan Basiaga Instytut Pedagogiki (<em>Principal Investigator PI<\/em>)<\/li>\n<li>dr Anna Ko\u0142odziej-Zaleska, prof. U\u015a Instytut Psychologii (<em>Co-Principal Investigator Co-PI<\/em>)<\/li>\n<li>dr Joanna Skibska (Instytut Pedagogiki)<\/li>\n<\/ul>\n<p><strong>Wsp\u00f3\u0142praca<\/strong><\/p>\n<ul>\n<li>dr Anna Zasada-Chorab \u2013 Dyrektor Regionalnego O\u015brodka Polityki Spo\u0142ecznej Wojew\u00f3dztwa \u015al\u0105skiego<\/li>\n<li>mgr Urszula Cie\u015bla \u2013 Kierownik Oddzia\u0142u do spraw wspierania rodziny i systemu pieczy zast\u0119pczej Urz\u0119du Wojew\u00f3dzkiego w Katowicach<\/li>\n<li>mgr Monika Magiera-Drabik \u2013 Przewodnicz\u0105ca Konwentu Dyrektor\u00f3w \u015al\u0105skich Plac\u00f3wek Opieku\u0144czo-Wychowawczych; Dyrektor Centrum Obs\u0142ugi Plac\u00f3wek Opieku\u0144czo-Wychowawczych (CPOW) w Katowicach<\/li>\n<li>mgr Rafa\u0142 Rudka \u2013 Kierownik dzia\u0142u wsp\u00f3\u0142pracy, informacji, analiz i program\u00f3w Zwi\u0105zku Powiat\u00f3w Polskich<\/li>\n<li>mgr Damian Szwagierczak \u2013 Prezes zarz\u0105du Og\u00f3lnopolskiego Stowarzyszenia Plac\u00f3wek Opieku\u0144czo-Wychowawczych \u201edla Naszych Dzieci\u201d<\/li>\n<\/ul>\n<p>[\/vc_column_text][\/vc_column][\/vc_row][vc_row][vc_column parallax=&#8221;content-moving&#8221; el_id=&#8221;Dr&#8221;][\/vc_column][\/vc_row]<\/p>","protected":false},"excerpt":{"rendered":"<p>[vc_row][vc_column][vc_column_text]Interdyscyplinarny Zesp\u00f3\u0142 Badawczy Foster Care Lab (FoCa Lab) Cz\u0142onkowie Interdyscyplinarnego Zespo\u0142u Badawczego Foster Care Lab (FoCa Lab) prowadz\u0105 interdyscyplinarne badania naukowe o charakterze ilo\u015bciowym i jako\u015bciowych w obszarze funkcjonowania systemu pieczy zast\u0119pczej \u2013 z uwzgl\u0119dnieniem rodzin zast\u0119pczych, plac\u00f3wek opieku\u0144czo-wychowawczych, dzieci przebywaj\u0105cych w pieczy zast\u0119pczej oraz instytucji wpieraj\u0105cych piecz\u0119 zast\u0119pcz\u0105. Zesp\u00f3\u0142: dr Jan Basiaga Instytut Pedagogiki [&#8230;]<\/p>\n<p><a class=\"btn btn-secondary understrap-read-more-link\" href=\"https:\/\/us.edu.pl\/instytut\/ipe\/foster-care-lab\/\">Read More&#8230;<\/a><\/p>\n","protected":false},"author":7266,"featured_media":0,"parent":0,"menu_order":0,"comment_status":"closed","ping_status":"closed","template":"page-templates\/page-with-bookmarks.php","meta":{"_expiration-date-status":"","_expiration-date":0,"_expiration-date-type":"","_expiration-date-categories":[],"_expiration-date-options":[]},"acf":[],"_links":{"self":[{"href":"https:\/\/us.edu.pl\/instytut\/ipe\/wp-json\/wp\/v2\/pages\/3115"}],"collection":[{"href":"https:\/\/us.edu.pl\/instytut\/ipe\/wp-json\/wp\/v2\/pages"}],"about":[{"href":"https:\/\/us.edu.pl\/instytut\/ipe\/wp-json\/wp\/v2\/types\/page"}],"author":[{"embeddable":true,"href":"https:\/\/us.edu.pl\/instytut\/ipe\/wp-json\/wp\/v2\/users\/7266"}],"replies":[{"embeddable":true,"href":"https:\/\/us.edu.pl\/instytut\/ipe\/wp-json\/wp\/v2\/comments?post=3115"}],"version-history":[{"count":10,"href":"https:\/\/us.edu.pl\/instytut\/ipe\/wp-json\/wp\/v2\/pages\/3115\/revisions"}],"predecessor-version":[{"id":3295,"href":"https:\/\/us.edu.pl\/instytut\/ipe\/wp-json\/wp\/v2\/pages\/3115\/revisions\/3295"}],"wp:attachment":[{"href":"https:\/\/us.edu.pl\/instytut\/ipe\/wp-json\/wp\/v2\/media?parent=3115"}],"curies":[{"name":"wp","href":"https:\/\/api.w.org\/{rel}","templated":true}]}}