{"id":3212,"date":"2026-01-18T12:26:35","date_gmt":"2026-01-18T11:26:35","guid":{"rendered":"https:\/\/us.edu.pl\/instytut\/ipe\/?page_id=3212"},"modified":"2026-01-18T12:45:28","modified_gmt":"2026-01-18T11:45:28","slug":"dr-grzegorz-glupczyk","status":"publish","type":"page","link":"https:\/\/us.edu.pl\/instytut\/ipe\/dr-grzegorz-glupczyk\/","title":{"rendered":"Dr Grzegorz G\u0142upczyk"},"content":{"rendered":"<p>[vc_row][vc_column width=&#8221;1\/4&#8243;][vc_single_image image=&#8221;3213&#8243; img_size=&#8221;medium&#8221; style=&#8221;vc_box_shadow_3d&#8221;][\/vc_column][vc_column width=&#8221;3\/4&#8243; css=&#8221;.vc_custom_1597521185463{border-bottom-width: -30px !important;}&#8221;][vc_column_text]<\/p>\n<table style=\"width: 72.9397%;\">\n<tbody>\n<tr>\n<td style=\"width: 24.6684%;\"><span style=\"font-size: 12pt; font-family: tahoma, arial, helvetica, sans-serif;\">Stanowisko:<\/span><\/p>\n<p><span style=\"font-size: 12pt; font-family: tahoma, arial, helvetica, sans-serif;\">Grupa:<\/span><\/p>\n<p><span style=\"font-size: 12pt; font-family: tahoma, arial, helvetica, sans-serif;\">Specjalno\u015b\u0107:<\/span><\/p>\n<p><span style=\"font-size: 12pt; font-family: tahoma, arial, helvetica, sans-serif;\">Pok\u00f3j:<\/span><\/p>\n<p><span style=\"font-size: 12pt; font-family: tahoma, arial, helvetica, sans-serif;\">Telefon:<\/span><\/p>\n<p><span style=\"font-size: 12pt; font-family: tahoma, arial, helvetica, sans-serif;\">e-mail:<\/span><\/p>\n<p><span style=\"font-size: 12pt; font-family: tahoma, arial, helvetica, sans-serif;\"><img class=\"size-full wp-image-275\" src=\"http:\/\/us.edu.pl\/instytut\/im\/wp-content\/uploads\/sites\/43\/Nieprzypisane\/ORCID.png\" alt=\"Logo ORCID\" width=\"71\" height=\"22\" \/><\/span><\/td>\n<td style=\"width: 78.7798%;\"><span style=\"font-size: 12pt; font-family: tahoma, arial, helvetica, sans-serif;\"><strong>Adiunkt<\/strong><\/span><\/p>\n<p><span style=\"font-size: 12pt; font-family: tahoma, arial, helvetica, sans-serif;\"><strong>Pracownicy badawczo-dydaktyczni<\/strong><\/span><\/p>\n<p><span style=\"font-size: 12pt; font-family: tahoma, arial, helvetica, sans-serif;\"><strong>Pedagogika<br \/>\n<\/strong><\/span><\/p>\n<p><span style=\"font-size: 12pt; font-family: tahoma, arial, helvetica, sans-serif;\"><strong>130<\/strong><\/span><\/p>\n<p><strong><span style=\"font-family: tahoma, arial, helvetica, sans-serif;\">&#8211;<\/span><\/strong><\/p>\n<p><strong><span style=\"font-family: tahoma, arial, helvetica, sans-serif; font-size: medium;\">grzegorz.glupczyk@us.edu.pl<\/span><br \/>\n<\/strong><\/p>\n<p><strong><span style=\"font-family: tahoma, arial, helvetica, sans-serif; font-size: 12pt;\"><a href=\"https:\/\/orcid.org\/0000-0003-2792-0029\">0000-0003-2792-0029<\/a><\/span><\/strong><\/td>\n<\/tr>\n<\/tbody>\n<\/table>\n<p>[\/vc_column_text][\/vc_column][\/vc_row][vc_row][vc_column]\r\n\t\t\t\t<div class='container'>\r\n\t\t\t\t\t<div class='list-links list-links_blue'>\r\n\t\t\t\t\t\t  \r\n\t\t\t\t\t\t  <ul>\r\n\t\t\t\t\t\t\t\t<li><a href=''><p>Materia\u0142y dodatkowe<\/p><\/a><\/li><\/ul>\r\n\t\t\t\t\t<\/div>\r\n\t\t\t\t<\/div>   \r\n\t\t\t\t\t[\/vc_column][\/vc_row][vc_row][vc_column css=&#8221;.vc_custom_1597523042561{margin-bottom: -50px !important;}&#8221;]\r\n\t\t\t\t\t<div class='container'>\r\n\t\t\t\t\t\t<div class='sidebar_moduls sidebar_dropdown zakladki' style='background-color: #FFFFFF'>\r\n\t\t\t\t\t\t\t<h3 class='page-title'><\/h3>\r\n\t\t\t\t\t\t\t<p class='zakladki__desc'><\/p>\r\n\r\n\t\t\t\t\t\t\t<div class='bookmarks'>\r\n\t\t\t\t\t<div class=\"bookmark\">\r\n\t\t\t\t\t\t<div class=\"bookmark__title\">\r\n                            <h3>\r\n                                <span class=\"short\">Przebieg kariery naukowej<\/span>\r\n                                <span class=\"long\">Przebieg kariery naukowej<\/span>\r\n                            <\/h3>\r\n\t\t\t\t\t\t<\/div>\r\n\t\t\t\t\t\t\r\n\t\t\t\t\t\t<div class=\"bookmark__content-wrap\">\r\n\t\t\t\t\t\t\t<div class=\"bookmark__content\">\r\n\r\n\t\t\t\t\t\t\t\t\r\n\r\n\t\t\t\t\t\t\t\t<div class=\"bookmark_text\" style=\"font-size:20px;\">\r\n\t\t\t\t\t\t\t\t<h5>\n<li>2011 r. - uzyskanie tytu\u0142u magistra pedagogiki, specjalno\u015b\u0107: pedagogika resocjalizacyjna z profilaktyk\u0105 spo\u0142eczn\u0105, Uniwersytet \u015al\u0105ski w Katowicach.\n<li>2014 r. \u2013 studia podyplomowe: Mediacje i negocjacje spo\u0142eczne \u2013 Akademia Humanitas.\n<li>2012 r. - studia podyplomowe: Organizacja i zarz\u0105dzanie o\u015bwiat\u0105 \u2013 Wy\u017csza Szko\u0142a Pedagogiczna Zwi\u0105zku Nauczycielstwa Polskiego.\n<li>2021 r. - uzyskanie stopnia doktora nauk spo\u0142ecznych w dyscyplinie pedagogika (Promotor: Prof. dr hab. Maciej Bernasiewicz), Uniwersytet \u015al\u0105ski w Katowicach.\n<\/h5>\n\n\n\n\r\n\t\t\t\t\t\t\t\t<br>\r\n\t\t\t\t\t\t\t\t\r\n\t\t\t\t\t\t\t\t<\/div>\r\n\t\t\t\t\t\t\t<\/div>\r\n\t\t\t\t\t\t<\/div>\r\n\t\t\t\t\t<\/div>\r\n\t\t\t\t\t<div class=\"bookmark\">\r\n\t\t\t\t\t\t<div class=\"bookmark__title\">\r\n                            <h3>\r\n                                <span class=\"short\">Zainteresowania badawcze<\/span>\r\n                                <span class=\"long\">Zainteresowania badawcze<\/span>\r\n                            <\/h3>\r\n\t\t\t\t\t\t<\/div>\r\n\t\t\t\t\t\t\r\n\t\t\t\t\t\t<div class=\"bookmark__content-wrap\">\r\n\t\t\t\t\t\t\t<div class=\"bookmark__content\">\r\n\r\n\t\t\t\t\t\t\t\t\r\n\r\n\t\t\t\t\t\t\t\t<div class=\"bookmark_text\" style=\"font-size:20px;\">\r\n\t\t\t\t\t\t\t\t<h5>\n<li>sprawiedliwo\u015b\u0107 naprawcza nieletnich;\n<li>systemowe rozwiazania w profilaktyce i resocjalizacji nieletnich;\n<li>profilaktyka i resocjalizacja nieletnich w \u015brodowisku otwartym;\n<li>organizacja pozarz\u0105dowe w obszarze polityki spo\u0142ecznej;\n<\/h5>\r\n\t\t\t\t\t\t\t\t<br>\r\n\t\t\t\t\t\t\t\t\r\n\t\t\t\t\t\t\t\t<\/div>\r\n\t\t\t\t\t\t\t<\/div>\r\n\t\t\t\t\t\t<\/div>\r\n\t\t\t\t\t<\/div>\r\n\t\t\t\t\t<div class=\"bookmark\">\r\n\t\t\t\t\t\t<div class=\"bookmark__title\">\r\n                            <h3>\r\n                                <span class=\"short\">Wybrane publikacje naukowe<\/span>\r\n                                <span class=\"long\">Wybrane publikacje naukowe<\/span>\r\n                            <\/h3>\r\n\t\t\t\t\t\t<\/div>\r\n\t\t\t\t\t\t\r\n\t\t\t\t\t\t<div class=\"bookmark__content-wrap\">\r\n\t\t\t\t\t\t\t<div class=\"bookmark__content\">\r\n\r\n\t\t\t\t\t\t\t\t\r\n\r\n\t\t\t\t\t\t\t\t<div class=\"bookmark_text\" style=\"font-size:20px;\">\r\n\t\t\t\t\t\t\t\t<p>\n<h3>Monografie naukowe<\/h3>\n<h5>\n<li>Grzegorz G., (2023) Profilaktyka zachowa\u0144 ryzykownych m\u0142odzie\u017cy w \u015brodowiskach defaworyzowanych spo\u0142ecznie. Wydawnictwo Uniwersytetu \u015al\u0105skiego, Katowice 2023.\n<\/h5>\n<p>\n<h3>Wybrane artyku\u0142y naukowe<\/h3>\n<h5>\n<li>G\u0142upczyk G., (2025) Mediacja nieletnich w Polsce - wybrane za\u0142o\u017cenia teoretyczne, ramy prawne i rzeczywisto\u015b\u0107 statystyczna [w:] Pedagogika spo\u0142eczna w dialogu z socjologi\u0105 wychowania : teorie, badania i praktyka edukacyjna. Tom jubileuszowy z okazji 80. urodzin Profesora Andrzeja Radziewicza-Winnickiego (red.) T. Wilk, A. Rzyme\u0142ka-Fr\u0105ckiewicz Agata, Wydawnictwo Akapit, Toru\u0144 2025, \n<li>G\u0142upczyk G., (2024) Model kaskadowy w systemowych rozwi\u0105zaniach z zakresu sprawiedliwo\u015bci naprawczej w resocjalizacji nieletnich, \"Probacja\" 2\/2025\n<li>Grzegorz G., (2023) Profilaktyka zachowa\u0144 ryzykownych m\u0142odzie\u017cy w \u015brodowiskach defaworyzowanych spo\u0142ecznie. Wydawnictwo Uniwersytetu \u015al\u0105skiego, Katowice 2023.\n<li>Grzegorz G., (2022) Profilaktyka zachowa\u0144 ryzykownych na terenach defaworyzowanych spo\u0142ecznie \u2013 potrzeby i ograniczenia, \u201eResocjalizacja Polska\u201d 1(23)\/2022\n<li>Grzegorz G., (2022) Jako\u015b\u0107 wsp\u00f3\u0142pracy jako wyznacznik sukcesu dzia\u0142alno\u015bci profilaktycznej na terenach defaworyzowanych spo\u0142ecznie, \u201eWychowanie w rodzinie\u201d, 2(27)\/2022 \n<li>G\u0142upczyk G., (2019) Wybrane zachowania ryzykowne m\u0142odzie\u017cy na terenach defaworyzowanych spo\u0142ecznie [w:] Zagro\u017cenia cz\u0142owieka. Mi\u0119dzy pesymizmem a nadziej\u0105, red. A. G\u00f3rska, M. Staszewicz, Wydawnictwo Uczelniane WSIiE Towarzystwa Wiedzy Powszechnej, Olsztyn 2019\n<li>G\u0142upczyk G., (2018) Niewidzialna m\u0142odzie\u017c \u2013 rola III sektora w pracy na rzecz m\u0142odzie\u017cy defaworyzowanej spo\u0142ecznie [w:] Spo\u0142eczne i jednostkowe konteksty pomocy, wsparcia spo\u0142ecznego i poradnictwa. Przyczynki empiryczne \u2013 Praktyka spo\u0142eczna, red. J. Kozielska, A. Skowro\u0144ska-Pu\u0107ka, Wydawnictwo Naukowe UAM, Pozna\u0144 2018\n<li>G\u0142upczyk G., (2017) Peryferia spo\u0142eczne jako przestrze\u0144 profilaktyki zachowa\u0144 ryzykownych, \u201eChowanna\u201d 2\/2017\n<\/h5>\n\r\n\t\t\t\t\t\t\t\t<br>\r\n\t\t\t\t\t\t\t\t\r\n\t\t\t\t\t\t\t\t<\/div>\r\n\t\t\t\t\t\t\t<\/div>\r\n\t\t\t\t\t\t<\/div>\r\n\t\t\t\t\t<\/div><\/div>\r\n\t\t\t\t\t\t<\/div>\r\n\t\t\t\t\t <\/div>[\/vc_column][\/vc_row]<\/p>","protected":false},"excerpt":{"rendered":"<p>[vc_row][vc_column width=&#8221;1\/4&#8243;][vc_single_image image=&#8221;3213&#8243; img_size=&#8221;medium&#8221; style=&#8221;vc_box_shadow_3d&#8221;][\/vc_column][vc_column width=&#8221;3\/4&#8243; css=&#8221;.vc_custom_1597521185463{border-bottom-width: -30px !important;}&#8221;][vc_column_text] Stanowisko: Grupa: Specjalno\u015b\u0107: Pok\u00f3j: Telefon: e-mail: Adiunkt Pracownicy badawczo-dydaktyczni Pedagogika 130 &#8211; grzegorz.glupczyk@us.edu.pl 0000-0003-2792-0029 [\/vc_column_text][\/vc_column][\/vc_row][vc_row][vc_column][\/vc_column][\/vc_row][vc_row][vc_column css=&#8221;.vc_custom_1597523042561{margin-bottom: -50px !important;}&#8221;][\/vc_column][\/vc_row] [&#8230;]<\/p>\n<p><a class=\"btn btn-secondary understrap-read-more-link\" href=\"https:\/\/us.edu.pl\/instytut\/ipe\/dr-grzegorz-glupczyk\/\">Read More&#8230;<\/a><\/p>\n","protected":false},"author":7266,"featured_media":0,"parent":0,"menu_order":0,"comment_status":"closed","ping_status":"closed","template":"page-templates\/page-with-bookmarks.php","meta":{"_expiration-date-status":"","_expiration-date":0,"_expiration-date-type":"","_expiration-date-categories":[],"_expiration-date-options":[]},"acf":[],"_links":{"self":[{"href":"https:\/\/us.edu.pl\/instytut\/ipe\/wp-json\/wp\/v2\/pages\/3212"}],"collection":[{"href":"https:\/\/us.edu.pl\/instytut\/ipe\/wp-json\/wp\/v2\/pages"}],"about":[{"href":"https:\/\/us.edu.pl\/instytut\/ipe\/wp-json\/wp\/v2\/types\/page"}],"author":[{"embeddable":true,"href":"https:\/\/us.edu.pl\/instytut\/ipe\/wp-json\/wp\/v2\/users\/7266"}],"replies":[{"embeddable":true,"href":"https:\/\/us.edu.pl\/instytut\/ipe\/wp-json\/wp\/v2\/comments?post=3212"}],"version-history":[{"count":4,"href":"https:\/\/us.edu.pl\/instytut\/ipe\/wp-json\/wp\/v2\/pages\/3212\/revisions"}],"predecessor-version":[{"id":3218,"href":"https:\/\/us.edu.pl\/instytut\/ipe\/wp-json\/wp\/v2\/pages\/3212\/revisions\/3218"}],"wp:attachment":[{"href":"https:\/\/us.edu.pl\/instytut\/ipe\/wp-json\/wp\/v2\/media?parent=3212"}],"curies":[{"name":"wp","href":"https:\/\/api.w.org\/{rel}","templated":true}]}}