{"id":408,"date":"2020-01-31T21:10:06","date_gmt":"2020-01-31T20:10:06","guid":{"rendered":"http:\/\/us.edu.pl\/instytut\/ipe\/?page_id=408"},"modified":"2022-12-08T16:53:42","modified_gmt":"2022-12-08T15:53:42","slug":"wzory-wnioskow","status":"publish","type":"page","link":"https:\/\/us.edu.pl\/instytut\/ipe\/wzory-wnioskow\/","title":{"rendered":"Wzory wniosk\u00f3w"},"content":{"rendered":"<p>[vc_row][vc_column][vc_column_text][\/vc_column_text][\/vc_column][\/vc_row][vc_row][vc_column]\r\n                <div class=\"text-modules\">\r\n                    <div class=\"container\">\r\n                        \r\n                        <div class=\"text-modules__content\"><p><a href=\"https:\/\/us.edu.pl\/instytut\/ipe\/wp-content\/uploads\/sites\/32\/uchwaly\/Wniosek_1_2021_2022-1.docx\" class=\"mtli_attachment mtli_docx\" data-mtli=\"mtli_filesize15,95kB\" class=\"mtli_attachment mtli_docx\" data-mtli=\"mtli_filesize15,95kB\">Wz\u00f3r zg\u0142oszenia indywidualnego projektu badawczego na rok 2023<\/a><\/p>\n<p><a href=\"https:\/\/us.edu.pl\/instytut\/ipe\/wp-content\/uploads\/sites\/32\/uchwaly\/Wniosek_2_2021_2022-1.docx\" class=\"mtli_attachment mtli_docx\" data-mtli=\"mtli_filesize15,16kB\" class=\"mtli_attachment mtli_docx\" data-mtli=\"mtli_filesize15,16kB\">Wz\u00f3r wniosku zg\u0142oszenia zespo\u0142owego projektu badawczego o dofinansowanie w ramach cz\u0119\u015bci II subwencji na rok 2023<\/a><\/p>\n<p><a href=\"https:\/\/us.edu.pl\/instytut\/ipe\/wp-content\/uploads\/sites\/32\/uchwaly\/Formatka-do-KIP-u.docx\" class=\"mtli_attachment mtli_docx\" data-mtli=\"mtli_filesize17,87kB\" class=\"mtli_attachment mtli_docx\" data-mtli=\"mtli_filesize17,87kB\">Formatka do obliczenia KIP na rok 2022\/2023<\/a><\/p>\n<style type=\"text\/css\">a[data-mtli~=\"mtli_filesize15,95kB\"]:after {content:\" (15,95 kB)\"}a[data-mtli~=\"mtli_filesize15,16kB\"]:after {content:\" (15,16 kB)\"}a[data-mtli~=\"mtli_filesize17,87kB\"]:after {content:\" (17,87 kB)\"}<\/style><\/div>\r\n                    <\/div>\r\n                <\/div>[\/vc_column][\/vc_row][vc_row][vc_column][vc_column_text][\/vc_column_text][\/vc_column][\/vc_row]<\/p>\n<style type=\"text\/css\">a[data-mtli~=\"mtli_filesize15,95kB\"]:after {content:\" (15,95 kB)\"}a[data-mtli~=\"mtli_filesize15,16kB\"]:after {content:\" (15,16 kB)\"}a[data-mtli~=\"mtli_filesize17,87kB\"]:after {content:\" (17,87 kB)\"}<\/style>","protected":false},"excerpt":{"rendered":"<p>[vc_row][vc_column][vc_column_text][\/vc_column_text][\/vc_column][\/vc_row][vc_row][vc_column][\/vc_column][\/vc_row][vc_row][vc_column][vc_column_text][\/vc_column_text][\/vc_column][\/vc_row] [&#8230;]<\/p>\n<p><a class=\"btn btn-secondary understrap-read-more-link\" href=\"https:\/\/us.edu.pl\/instytut\/ipe\/wzory-wnioskow\/\">Read More&#8230;<\/a><\/p>\n","protected":false},"author":201,"featured_media":0,"parent":0,"menu_order":0,"comment_status":"closed","ping_status":"closed","template":"","meta":{"_expiration-date-status":"","_expiration-date":0,"_expiration-date-type":"","_expiration-date-categories":[],"_expiration-date-options":[]},"acf":[],"_links":{"self":[{"href":"https:\/\/us.edu.pl\/instytut\/ipe\/wp-json\/wp\/v2\/pages\/408"}],"collection":[{"href":"https:\/\/us.edu.pl\/instytut\/ipe\/wp-json\/wp\/v2\/pages"}],"about":[{"href":"https:\/\/us.edu.pl\/instytut\/ipe\/wp-json\/wp\/v2\/types\/page"}],"author":[{"embeddable":true,"href":"https:\/\/us.edu.pl\/instytut\/ipe\/wp-json\/wp\/v2\/users\/201"}],"replies":[{"embeddable":true,"href":"https:\/\/us.edu.pl\/instytut\/ipe\/wp-json\/wp\/v2\/comments?post=408"}],"version-history":[{"count":6,"href":"https:\/\/us.edu.pl\/instytut\/ipe\/wp-json\/wp\/v2\/pages\/408\/revisions"}],"predecessor-version":[{"id":2090,"href":"https:\/\/us.edu.pl\/instytut\/ipe\/wp-json\/wp\/v2\/pages\/408\/revisions\/2090"}],"wp:attachment":[{"href":"https:\/\/us.edu.pl\/instytut\/ipe\/wp-json\/wp\/v2\/media?parent=408"}],"curies":[{"name":"wp","href":"https:\/\/api.w.org\/{rel}","templated":true}]}}