{"id":604,"date":"2020-06-03T13:48:23","date_gmt":"2020-06-03T11:48:23","guid":{"rendered":"https:\/\/us.edu.pl\/instytut\/ipe\/?page_id=604"},"modified":"2025-11-13T15:50:48","modified_gmt":"2025-11-13T14:50:48","slug":"zespolowe-badania","status":"publish","type":"page","link":"https:\/\/us.edu.pl\/instytut\/ipe\/zespolowe-badania\/","title":{"rendered":"Zespo\u0142owe badania"},"content":{"rendered":"<p>[vc_row][vc_column][vc_column_text][\/vc_column_text][\/vc_column][\/vc_row][vc_row][vc_column]\r\n                <div class=\"text-modules\">\r\n                    <div class=\"container\">\r\n                        <h3 class=\"page-title text__title\">Wykaz zespo\u0142owych temat\u00f3w badawczych<\/h3>\r\n                        <div class=\"text-modules__content\"><\/p>\n<table style=\"border-style: solid; width: 1546px; border-color: #000000;\" width=\"1546\">\n<tbody>\n<tr>\n<td style=\"width: 193.9px; border-style: solid; border-color: #000000;\">Kierownik projektu\/Project manager<\/td>\n<td style=\"width: 222.217px; border-style: solid; border-color: #000000;\">Zesp\u00f3\u0142\/ Research team<\/td>\n<td style=\"width: 635.65px; border-style: solid; border-color: #000000;\">Temat badawczy w j\u0119zyku polskim &#8211; 2025<\/td>\n<td style=\"width: 469.567px;\">Research topic in English &#8211; 2025<\/td>\n<\/tr>\n<tr>\n<td style=\"width: 193.9px; border-style: solid; border-color: #000000;\">Basiaga Jan<\/td>\n<td style=\"width: 222.217px; border-style: solid; border-color: #000000;\">Jan Basiaga<\/td>\n<td style=\"width: 635.65px; border-style: solid; border-color: #000000;\" rowspan=\"2\">Predyktory skutecznej pracy reintegracyjnej w rodzinnych formach pieczy zast\u0119pczej<\/td>\n<td style=\"width: 469.567px;\" rowspan=\"2\">Predictors of successful reintegration work in family foster care<\/td>\n<\/tr>\n<tr>\n<td style=\"width: 193.9px; border-style: solid; border-color: #000000;\"><\/td>\n<td style=\"width: 222.217px; border-style: solid; border-color: #000000;\">Joanna Skibska<\/td>\n<\/tr>\n<tr>\n<td style=\"width: 193.9px; border-style: solid; border-color: #000000;\">Be\u0142za-Gajdzica Magdalena<\/td>\n<td style=\"width: 222.217px; border-style: solid; border-color: #000000;\">Magdalena Be\u0142za-Gajdzica<\/td>\n<td style=\"width: 635.65px; border-style: solid; border-color: #000000;\" rowspan=\"7\">Dost\u0119pno\u015b\u0107 edukacyjno-kulturowa jako element inkluzji spo\u0142ecznej os\u00f3b z niepe\u0142nosprawno\u015bciami (s\u0142uchow\u0105, intelektualn\u0105)<\/td>\n<td style=\"width: 469.567px;\" rowspan=\"7\">Educational and cultural accessibility as an element of social inclusion of people with disabilities (hearing, intellectual)<\/td>\n<\/tr>\n<tr>\n<td style=\"width: 193.9px; border-style: solid; border-color: #000000;\"><\/td>\n<td style=\"width: 222.217px; border-style: solid; border-color: #000000;\">Zenon Gajdzica<\/td>\n<\/tr>\n<tr>\n<td style=\"width: 193.9px; border-style: solid; border-color: #000000;\"><\/td>\n<td style=\"width: 222.217px; border-style: solid; border-color: #000000;\">Milon Potmesil<\/td>\n<\/tr>\n<tr>\n<td style=\"width: 193.9px; border-style: solid; border-color: #000000;\"><\/td>\n<td style=\"width: 222.217px; border-style: solid; border-color: #000000;\">Pyrzyk-Kuta Aleksandra<\/td>\n<\/tr>\n<tr>\n<td style=\"width: 193.9px; border-style: solid; border-color: #000000;\"><\/td>\n<td style=\"width: 222.217px; border-style: solid; border-color: #000000;\">Nawrot Anna<\/td>\n<\/tr>\n<tr>\n<td style=\"width: 193.9px; border-style: solid; border-color: #000000;\"><\/td>\n<td style=\"width: 222.217px; border-style: solid; border-color: #000000;\">Hrybik Zofia<\/td>\n<\/tr>\n<tr>\n<td style=\"width: 193.9px; border-style: solid; border-color: #000000;\"><\/td>\n<td style=\"width: 222.217px; border-style: solid; border-color: #000000;\">Sadowska Lena<\/td>\n<\/tr>\n<tr>\n<td style=\"width: 193.9px; border-style: solid; border-color: #000000;\">Bernasiewicz Maciej<\/td>\n<td style=\"width: 222.217px; border-style: solid; border-color: #000000;\">Noszczyk-Bernasiewicz Monika<\/td>\n<td style=\"width: 635.65px; border-style: solid; border-color: #000000;\" rowspan=\"3\">Determinanty przest\u0119pczo\u015bci nieletnich oraz resocjalizacja prowadzona w \u015brodowisku zamkni\u0119tym i otwartym.<\/td>\n<td style=\"width: 469.567px;\" rowspan=\"3\">Causes of juvenile delinquency and rehabilitation conducted in closed and open environments.<\/td>\n<\/tr>\n<tr>\n<td style=\"width: 193.9px; border-style: solid; border-color: #000000;\"><\/td>\n<td style=\"width: 222.217px; border-style: solid; border-color: #000000;\">\u0141ukasiewicz Marek<\/td>\n<\/tr>\n<tr>\n<td style=\"width: 193.9px; border-style: solid; border-color: #000000;\"><\/td>\n<td style=\"width: 222.217px; border-style: solid; border-color: #000000;\">Maciej Bernasiewicz<\/td>\n<\/tr>\n<tr>\n<td style=\"width: 193.9px; border-style: solid; border-color: #000000;\">Borzucka-Sitkiewicz Katarzyna<\/td>\n<td style=\"width: 222.217px; border-style: solid; border-color: #000000;\">Borzucka-Sitkiewicz Katarzyna<\/td>\n<td style=\"width: 635.65px; border-style: solid; border-color: #000000;\" rowspan=\"2\">Analiza mit\u00f3w dotycz\u0105cych przemocy seksualnej funkcjonuj\u0105cych w \u015bwiadomo\u015bci spo\u0142ecznej \u2013 perspektywa socjopedagogiczna<\/td>\n<td style=\"width: 469.567px;\" rowspan=\"2\">Analysis of myths concerning sexual violence in the public consciousness \u2013 a socio-pedagogical perspective<\/td>\n<\/tr>\n<tr>\n<td style=\"width: 193.9px; border-style: solid; border-color: #000000;\"><\/td>\n<td style=\"width: 222.217px; border-style: solid; border-color: #000000;\">Mitka Marlena, Hy\u017cy Pamela<\/td>\n<\/tr>\n<tr>\n<td style=\"width: 193.9px; border-style: solid; border-color: #000000;\">Brosch Anna<\/td>\n<td style=\"width: 222.217px; border-style: solid; border-color: #000000;\">Brosch Anna<\/td>\n<td style=\"width: 635.65px; border-style: solid; border-color: #000000;\" rowspan=\"2\">Szko\u0142a w obliczu pandemii COVID-19.<\/td>\n<td style=\"width: 469.567px;\" rowspan=\"2\">Schools in the light of the COVID-19 pandemic.<\/td>\n<\/tr>\n<tr>\n<td style=\"width: 193.9px; border-style: solid; border-color: #000000;\"><\/td>\n<td style=\"width: 222.217px; border-style: solid; border-color: #000000;\">Huk Tomasz<\/td>\n<\/tr>\n<tr>\n<td style=\"width: 193.9px; border-style: solid; border-color: #000000;\">Caba\u0142a Agata<\/td>\n<td style=\"width: 222.217px; border-style: solid; border-color: #000000;\">Caba\u0142a Agata<\/td>\n<td style=\"width: 635.65px; border-style: solid; border-color: #000000;\" rowspan=\"3\">Miejsce, nie-miejsce \u2013 ku kulturowej koncepcji analiz pedagogicznych<\/td>\n<td style=\"width: 469.567px;\" rowspan=\"3\">Place, Non-Place. Towards a Cultural Concept of Pedagogical Analyses<\/td>\n<\/tr>\n<tr>\n<td style=\"width: 193.9px; border-style: solid; border-color: #000000;\"><\/td>\n<td style=\"width: 222.217px; border-style: solid; border-color: #000000;\">Andrzej Kasperek<\/td>\n<\/tr>\n<tr>\n<td style=\"width: 193.9px; border-style: solid; border-color: #000000;\"><\/td>\n<td style=\"width: 222.217px; border-style: solid; border-color: #000000;\">\u00a0Sylwia Korzon<\/td>\n<\/tr>\n<tr>\n<td style=\"width: 193.9px; border-style: solid; border-color: #000000;\">Dobosz Dagmara<\/td>\n<td style=\"width: 222.217px; border-style: solid; border-color: #000000;\">Dobosz Dagmara<\/td>\n<td style=\"width: 635.65px; border-style: solid; border-color: #000000;\" rowspan=\"3\">Wielowymiarowy dobrostan m\u0142odych w zmieniaj\u0105cym si\u0119 \u015bwiecie: uwarunkowania indywidualne i systemowe oraz ich wp\u0142yw na jako\u015b\u0107 \u017cycia i edukacj\u0119<\/td>\n<td style=\"width: 469.567px;\" rowspan=\"3\">Multidimensional Wellbeing of Youth in a Changing World: Individual and Systemic Determinants and Their Impact on Quality of Life and Education&#8221;<\/td>\n<\/tr>\n<tr>\n<td style=\"width: 193.9px; border-style: solid; border-color: #000000;\"><\/td>\n<td style=\"width: 222.217px; border-style: solid; border-color: #000000;\">Ewa Jarosz<\/td>\n<\/tr>\n<tr>\n<td style=\"width: 193.9px; border-style: solid; border-color: #000000;\"><\/td>\n<td style=\"width: 222.217px; border-style: solid; border-color: #000000;\">Marcin Gierczyk<\/td>\n<\/tr>\n<tr>\n<td style=\"width: 193.9px; border-style: solid; border-color: #000000;\">Fajfer-Kruczek Ilona<\/td>\n<td style=\"width: 222.217px; border-style: solid; border-color: #000000;\">Fajfer-Kruczek Ilona<\/td>\n<td style=\"width: 635.65px; border-style: solid; border-color: #000000;\" rowspan=\"2\">Poczucie w\u0142asnej skuteczno\u015bci, dobrostanu i psychospo\u0142eczne uwarunkowania pracy personelu resocjalizacyjnego wymiaru sprawiedliwo\u015bci<\/td>\n<td style=\"width: 469.567px;\" rowspan=\"2\">Self-efficacy, well-being and psychosocial determinants of the work of justice rehabilitation personnel<\/td>\n<\/tr>\n<tr>\n<td style=\"width: 193.9px; border-style: solid; border-color: #000000;\"><\/td>\n<td style=\"width: 222.217px; border-style: solid; border-color: #000000;\">\u0141ukasz Kwadrans<\/td>\n<\/tr>\n<tr>\n<td style=\"width: 193.9px; border-style: solid; border-color: #000000;\">Frania Monika<\/td>\n<td style=\"width: 222.217px; border-style: solid; border-color: #000000;\">Karolina Skop<\/td>\n<td style=\"width: 635.65px; border-style: solid; border-color: #000000;\" rowspan=\"2\">Alfabetyzacja cyfrowa dzieci, m\u0142odzie\u017cy i doros\u0142ych- wybrane aspekty<\/td>\n<td style=\"width: 469.567px;\" rowspan=\"2\">Digital literacy among children, young people and adults \u2013 selected aspects<\/td>\n<\/tr>\n<tr>\n<td style=\"width: 193.9px; border-style: solid; border-color: #000000;\"><\/td>\n<td style=\"width: 222.217px; border-style: solid; border-color: #000000;\">Oliwia Kwa\u015bniewska<\/td>\n<\/tr>\n<tr>\n<td style=\"width: 193.9px; border-style: solid; border-color: #000000;\">Ga\u0142\u0105zka Alicja<\/td>\n<td style=\"width: 222.217px; border-style: solid; border-color: #000000;\">Ga\u0142\u0105zka Alicja<\/td>\n<td style=\"width: 635.65px; border-style: solid; border-color: #000000;\" rowspan=\"4\">Zwi\u0105zki cech osobowo\u015bciowych z akceptacj\u0105 i korzystaniem z nowych technologii przez m\u0142odych lekarzy<\/td>\n<td style=\"width: 469.567px;\" rowspan=\"4\">The relationship between personality traits and the acceptance and use of new technologies by young doctors<\/td>\n<\/tr>\n<tr>\n<td style=\"width: 193.9px; border-style: solid; border-color: #000000;\"><\/td>\n<td style=\"width: 222.217px; border-style: solid; border-color: #000000;\">Pollak Anita<\/td>\n<\/tr>\n<tr>\n<td style=\"width: 193.9px; border-style: solid; border-color: #000000;\"><\/td>\n<td style=\"width: 222.217px; border-style: solid; border-color: #000000;\">Mucha Anna<\/td>\n<\/tr>\n<tr>\n<td style=\"width: 193.9px; border-style: solid; border-color: #000000;\"><\/td>\n<td style=\"width: 222.217px; border-style: solid; border-color: #000000;\">Respondek Antonina<\/td>\n<\/tr>\n<tr>\n<td style=\"width: 193.9px; border-style: solid; border-color: #000000;\">Jas-Liszok Katarzyna<\/td>\n<td style=\"width: 222.217px; border-style: solid; border-color: #000000;\">Sylwia Ryszawy<\/td>\n<td style=\"width: 635.65px; border-style: solid; border-color: #000000;\">Postawy student\u00f3w pedagogiki z Polski, Republiki Czeskiej i S\u0142owacji wobec INNEGO (os\u00f3b starszych i os\u00f3b o orientacji homoseksualnej). Studium por\u00f3wnawcze<\/td>\n<td style=\"width: 469.567px;\">Attitudes of education students from Poland, the Czech Republic and Slovakia towards the OTHER (older people and homosexuals).\u00a0 A comparative study<\/td>\n<\/tr>\n<tr>\n<td style=\"width: 193.9px; border-style: solid; border-color: #000000;\">Jurczyk\u00a0 Marcin<\/td>\n<td style=\"width: 222.217px; border-style: solid; border-color: #000000;\">Jurczyk Marcin<\/td>\n<td style=\"width: 635.65px; border-style: solid; border-color: #000000;\" rowspan=\"4\">Do\u015bwiadczanie rodzicielstwa os\u00f3b funkcjonuj\u0105cych w spektrum autyzmu<\/td>\n<td style=\"width: 469.567px;\" rowspan=\"4\">The Experience of Parenthood among Individuals on the Autism Spectrum<\/td>\n<\/tr>\n<tr>\n<td style=\"width: 193.9px; border-style: solid; border-color: #000000;\"><\/td>\n<td style=\"width: 222.217px; border-style: solid; border-color: #000000;\">J\u0119dryszek Aleksandra<\/td>\n<\/tr>\n<tr>\n<td style=\"width: 193.9px; border-style: solid; border-color: #000000;\"><\/td>\n<td style=\"width: 222.217px; border-style: solid; border-color: #000000;\">Niemiec Marta<\/td>\n<\/tr>\n<tr>\n<td style=\"width: 193.9px; border-style: solid; border-color: #000000;\"><\/td>\n<td style=\"width: 222.217px; border-style: solid; border-color: #000000;\">Szafra\u0144ska Anida<\/td>\n<\/tr>\n<tr>\n<td style=\"width: 193.9px; border-style: solid; border-color: #000000;\">Kowalczewska-Grabowska Katarzyna<\/td>\n<td style=\"width: 222.217px; border-style: solid; border-color: #000000;\">Kowalczewska-Grabowska Katarzyna<\/td>\n<td style=\"width: 635.65px; border-style: solid; border-color: #000000;\" rowspan=\"2\">Holistyczne podej\u015bcie do dobrostanu uczni\u00f3w. Analiza czynnik\u00f3w wspieraj\u0105cych integracj\u0119 bio-psycho-spo\u0142eczn\u0105 w \u015brodowisku szkolnym\u201d<\/td>\n<td style=\"width: 469.567px;\" rowspan=\"2\">A holistic approach to student well-being. Analysis of factors supporting bio-psycho-social integration in the school environment.<\/td>\n<\/tr>\n<tr>\n<td style=\"width: 193.9px; border-style: solid; border-color: #000000;\"><\/td>\n<td style=\"width: 222.217px; border-style: solid; border-color: #000000;\">Borzucka-Sitkiewicz Katarzyna<\/td>\n<\/tr>\n<tr>\n<td style=\"width: 193.9px; border-style: solid; border-color: #000000;\">Kozubek Mariola<\/td>\n<td style=\"width: 222.217px; border-style: solid; border-color: #000000;\">Kozubek Mariola<\/td>\n<td style=\"width: 635.65px; border-style: solid; border-color: #000000;\" rowspan=\"3\">Wzory osobowe jako kategoria filozoficzna i pedagogiczna<\/td>\n<td style=\"width: 469.567px;\" rowspan=\"3\">The Concept of Personal Role Models in Philosophy and Pedagogy<\/td>\n<\/tr>\n<tr>\n<td style=\"width: 193.9px; border-style: solid; border-color: #000000;\"><\/td>\n<td style=\"width: 222.217px; border-style: solid; border-color: #000000;\">Ecler-Noco\u0144<\/td>\n<\/tr>\n<tr>\n<td style=\"width: 193.9px; border-style: solid; border-color: #000000;\"><\/td>\n<td style=\"width: 222.217px; border-style: solid; border-color: #000000;\">Juroszek Weronika<\/td>\n<\/tr>\n<tr>\n<td style=\"width: 193.9px; border-style: solid; border-color: #000000;\">Polewczyk Irena<\/td>\n<td style=\"width: 222.217px; border-style: solid; border-color: #000000;\">Polewczyk Irena<\/td>\n<td style=\"width: 635.65px; border-style: solid; border-color: #000000;\" rowspan=\"4\">Zasoby osobiste w pracy nauczyciela<\/td>\n<td style=\"width: 469.567px;\" rowspan=\"4\">Personal resources in teacher&#8217;s work<\/td>\n<\/tr>\n<tr>\n<td style=\"width: 193.9px; border-style: solid; border-color: #000000;\"><\/td>\n<td style=\"width: 222.217px; border-style: solid; border-color: #000000;\">Charzy\u0144ska Edyta<\/td>\n<\/tr>\n<tr>\n<td style=\"width: 193.9px; border-style: solid; border-color: #000000;\"><\/td>\n<td style=\"width: 222.217px; border-style: solid; border-color: #000000;\">G\u00f3\u017ad\u017a Joanna<\/td>\n<\/tr>\n<tr>\n<td style=\"width: 193.9px; border-style: solid; border-color: #000000;\"><\/td>\n<td style=\"width: 222.217px; border-style: solid; border-color: #000000;\">Kitli\u0144ska-Kr\u00f3l Ma\u0142gorzata<\/td>\n<\/tr>\n<tr>\n<td style=\"width: 193.9px; border-style: solid; border-color: #000000;\">Przybylska Irena<\/td>\n<td style=\"width: 222.217px; border-style: solid; border-color: #000000;\">Przybylska Irena<\/td>\n<td style=\"width: 635.65px; border-style: solid; border-color: #000000;\" rowspan=\"2\">Edukacja w perspektywie postpandemicznej<\/td>\n<td style=\"width: 469.567px;\" rowspan=\"2\">Education in the post-pandemic perspective<\/td>\n<\/tr>\n<tr>\n<td style=\"width: 193.9px; border-style: solid; border-color: #000000;\"><\/td>\n<td style=\"width: 222.217px; border-style: solid; border-color: #000000;\">Nieduziak Edyta<\/td>\n<\/tr>\n<tr>\n<td style=\"width: 193.9px; border-style: solid; border-color: #000000;\">Smyrnowa-Trybulska Eugenia<\/td>\n<td style=\"width: 222.217px; border-style: solid; border-color: #000000;\">Smyrnova-Trybulska<\/td>\n<td style=\"width: 635.65px; border-style: solid; border-color: #000000;\" rowspan=\"3\">Badania w zakresie Well being i Robotyka oraz STEAM edukacja we wsp\u00f3\u0142czesnej eduakcji w spo\u0142ecze\u0144stwie cyfrowym. Badania por\u00f3wnawcze<\/td>\n<td style=\"width: 469.567px;\" rowspan=\"3\">Well-being, Educational Robotics, and STEAM Education in the Digital Age: A Comparative Research Perspective.<\/td>\n<\/tr>\n<tr>\n<td style=\"width: 193.9px; border-style: solid; border-color: #000000;\"><\/td>\n<td style=\"width: 222.217px; border-style: solid; border-color: #000000;\">Kopczy\u0144ski Tomasz<\/td>\n<\/tr>\n<tr>\n<td style=\"width: 193.9px; border-style: solid; border-color: #000000;\"><\/td>\n<td style=\"width: 222.217px; border-style: solid; border-color: #000000;\">Ruman Natalia<\/td>\n<\/tr>\n<tr>\n<td style=\"width: 193.9px; border-style: solid; border-color: #000000;\">Szafra\u0144ska Anna<\/td>\n<td style=\"width: 222.217px; border-style: solid; border-color: #000000;\">Szafra\u0144ska Anna<\/td>\n<td style=\"width: 635.65px; border-style: solid; border-color: #000000;\" rowspan=\"3\">Poczucie jako\u015bci \u017cycia m\u0142odzie\u017cy akademickiej \u2013 przysz\u0142ych nauczycieli w\u00a0wybranych krajach Europy \u015arodkowo-Wschodniej<\/td>\n<td style=\"width: 469.567px;\" rowspan=\"3\">Quality of life perceptions of young academics &#8211; future teachers in selected Central and Eastern European countries<\/td>\n<\/tr>\n<tr>\n<td style=\"width: 193.9px; border-style: solid; border-color: #000000;\"><\/td>\n<td style=\"width: 222.217px; border-style: solid; border-color: #000000;\">Ogrodzka-Mazur Ewa<\/td>\n<\/tr>\n<tr>\n<td style=\"width: 193.9px; border-style: solid; border-color: #000000;\"><\/td>\n<td style=\"width: 222.217px; border-style: solid; border-color: #000000;\">Misik Maria<\/td>\n<\/tr>\n<tr>\n<td style=\"width: 193.9px; border-style: solid; border-color: #000000;\">Wilk Teresa<\/td>\n<td style=\"width: 222.217px; border-style: solid; border-color: #000000;\">Wilk Teresa<\/td>\n<td style=\"width: 635.65px; border-style: solid; border-color: #000000;\" rowspan=\"3\">Bezpiecze\u0144stwo w \u015brodowisku lokalnym aktywnej zawodowo spo\u0142eczno\u015bci wojew\u00f3dztwa \u015bl\u0105skiego<\/td>\n<td style=\"width: 469.567px;\" rowspan=\"3\">Safety in the local environment of the professionally active community of the Silesian Province<\/td>\n<\/tr>\n<tr>\n<td style=\"width: 193.9px; border-style: solid; border-color: #000000;\"><\/td>\n<td style=\"width: 222.217px; border-style: solid; border-color: #000000;\">Dworak Alina<\/td>\n<\/tr>\n<tr>\n<td style=\"width: 193.9px; border-style: solid; border-color: #000000;\"><\/td>\n<td style=\"width: 222.217px; border-style: solid; border-color: #000000;\">Rzyme\u0142ka-Fr\u0105ckiewicz Agata<\/td>\n<\/tr>\n<tr>\n<td style=\"width: 193.9px; border-style: solid; border-color: #000000;\">\u017bywczok Alicja<\/td>\n<td style=\"width: 222.217px; border-style: solid; border-color: #000000;\">\u017bywczok Alicja<\/td>\n<td style=\"width: 635.65px; border-style: solid; border-color: #000000;\" rowspan=\"2\">Dojrza\u0142o\u015b\u0107 cz\u0142owieka jako wyzwanie etyczne, edukacyjne i psychospo\u0142eczne. Inspiracje wsp\u00f3\u0142czesne oraz historyczne<\/td>\n<td style=\"width: 469.567px;\" rowspan=\"2\">Human maturity as an ethical, educational and psychosocial challenge. Contemporary and historical inspirations<\/td>\n<\/tr>\n<tr>\n<td style=\"width: 193.9px; border-style: solid; border-color: #000000;\"><\/td>\n<td style=\"width: 222.217px; border-style: solid; border-color: #000000;\">Bobik Bogumi\u0142a<\/td>\n<\/tr>\n<tr>\n<td style=\"width: 193.9px; border-style: solid; border-color: #000000;\">Renata Raszka<\/td>\n<td style=\"width: 222.217px; border-style: solid; border-color: #000000;\"><\/td>\n<td style=\"width: 635.65px; border-style: solid; border-color: #000000;\">Edukacja dziecka w kontek\u015bcie zmiennej rzeczywisto\u015bci<\/td>\n<td style=\"width: 469.567px;\">Educating the child in the context of a changing reality<\/td>\n<\/tr>\n<\/tbody>\n<\/table>\n<p>\n<\/div>\r\n                    <\/div>\r\n                <\/div>[\/vc_column][\/vc_row][vc_row][vc_column][vc_column_text][\/vc_column_text][\/vc_column][\/vc_row][vc_row][vc_column][vc_column_text][\/vc_column_text][\/vc_column][\/vc_row][vc_row][vc_column][vc_column_text]<\/p>","protected":false},"excerpt":{"rendered":"<p>[vc_row][vc_column][vc_column_text][\/vc_column_text][\/vc_column][\/vc_row][vc_row][vc_column][\/vc_column][\/vc_row][vc_row][vc_column][vc_column_text][\/vc_column_text][\/vc_column][\/vc_row][vc_row][vc_column][vc_column_text][\/vc_column_text][\/vc_column][\/vc_row][vc_row][vc_column][vc_column_text] [&#8230;]<\/p>\n<p><a class=\"btn btn-secondary understrap-read-more-link\" href=\"https:\/\/us.edu.pl\/instytut\/ipe\/zespolowe-badania\/\">Read More&#8230;<\/a><\/p>\n","protected":false},"author":201,"featured_media":0,"parent":0,"menu_order":0,"comment_status":"closed","ping_status":"closed","template":"","meta":{"_expiration-date-status":"","_expiration-date":0,"_expiration-date-type":"","_expiration-date-categories":[],"_expiration-date-options":[]},"acf":[],"_links":{"self":[{"href":"https:\/\/us.edu.pl\/instytut\/ipe\/wp-json\/wp\/v2\/pages\/604"}],"collection":[{"href":"https:\/\/us.edu.pl\/instytut\/ipe\/wp-json\/wp\/v2\/pages"}],"about":[{"href":"https:\/\/us.edu.pl\/instytut\/ipe\/wp-json\/wp\/v2\/types\/page"}],"author":[{"embeddable":true,"href":"https:\/\/us.edu.pl\/instytut\/ipe\/wp-json\/wp\/v2\/users\/201"}],"replies":[{"embeddable":true,"href":"https:\/\/us.edu.pl\/instytut\/ipe\/wp-json\/wp\/v2\/comments?post=604"}],"version-history":[{"count":10,"href":"https:\/\/us.edu.pl\/instytut\/ipe\/wp-json\/wp\/v2\/pages\/604\/revisions"}],"predecessor-version":[{"id":3086,"href":"https:\/\/us.edu.pl\/instytut\/ipe\/wp-json\/wp\/v2\/pages\/604\/revisions\/3086"}],"wp:attachment":[{"href":"https:\/\/us.edu.pl\/instytut\/ipe\/wp-json\/wp\/v2\/media?parent=604"}],"curies":[{"name":"wp","href":"https:\/\/api.w.org\/{rel}","templated":true}]}}