{"id":72,"date":"2019-10-25T14:58:11","date_gmt":"2019-10-25T12:58:11","guid":{"rendered":"http:\/\/us.edu.pl\/instytut\/ipe\/?page_id=72"},"modified":"2019-10-31T11:26:12","modified_gmt":"2019-10-31T10:26:12","slug":"mapa-strony","status":"publish","type":"page","link":"https:\/\/us.edu.pl\/instytut\/ipe\/mapa-strony\/","title":{"rendered":"Mapa strony"},"content":{"rendered":"<p>[vc_row][vc_column]\r\n                <div class=\"text-modules\">\r\n                    <div class=\"container\">\r\n                        \r\n                        <div class=\"text-modules__content\"><div class=\"wsp-container\"><h2 class=\"wsp-pages-title\">Pages<\/h2>\n<ul class=\"wsp-pages-list\">\n<li class=\"page_item page-item-1025\"><a href=\"https:\/\/us.edu.pl\/instytut\/ipe\/dr-magdalena-belza-gajdzica\/\">Dr Magdalena Be\u0142za-Gajdzica<\/a><\/li>\n<li class=\"page_item page-item-2\"><a href=\"https:\/\/us.edu.pl\/instytut\/ipe\/\">Strona g\u0142\u00f3wna<\/a><\/li>\n<li class=\"page_item page-item-771\"><a href=\"https:\/\/us.edu.pl\/instytut\/ipe\/dr-anastazja-sorkowicz\/\">Dr Anastazja Sorkowicz<\/a><\/li>\n<li class=\"page_item page-item-775\"><a href=\"https:\/\/us.edu.pl\/instytut\/ipe\/dr-bogumila-bobik\/\">Dr Bogumi\u0142a Bobik<\/a><\/li>\n<li class=\"page_item page-item-777\"><a href=\"https:\/\/us.edu.pl\/instytut\/ipe\/dr-hab-ewa-bielska\/\">Dr hab. Ewa Bielska, prof. U\u015a<\/a><\/li>\n<li class=\"page_item page-item-780\"><a href=\"https:\/\/us.edu.pl\/instytut\/ipe\/prof-dr-hab-alina-szczurek-boruta\/\">prof. dr hab. Alina Szczurek-Boruta<\/a><\/li>\n<li class=\"page_item page-item-782\"><a href=\"https:\/\/us.edu.pl\/instytut\/ipe\/dr-jan-basiaga\/\">Dr Jan Basiaga<\/a><\/li>\n<li class=\"page_item page-item-1039\"><a href=\"https:\/\/us.edu.pl\/instytut\/ipe\/dr-hewilia-hetmanczyk\/\">Dr Hewilia Hetma\u0144czyk<\/a><\/li>\n<li class=\"page_item page-item-785\"><a href=\"https:\/\/us.edu.pl\/instytut\/ipe\/dr-hab-anna-szafranska\/\">Dr hab. Anna Szafra\u0144ska, prof. U\u015a<\/a><\/li>\n<li class=\"page_item page-item-789\"><a href=\"https:\/\/us.edu.pl\/instytut\/ipe\/dr-hab-beata-oelszlaeger-kosturek\/\">Dr hab. Beata Oelszlaeger-Kosturek, prof. U\u015a<\/a><\/li>\n<li class=\"page_item page-item-792\"><a href=\"https:\/\/us.edu.pl\/instytut\/ipe\/dr-anida-szafranska\/\">Dr Anida Szafra\u0144ska<\/a><\/li>\n<li class=\"page_item page-item-794\"><a href=\"https:\/\/us.edu.pl\/instytut\/ipe\/dr-aleksandra-pyrzyk-kuta\/\">Dr Aleksandra Pyrzyk-Kuta<\/a><\/li>\n<li class=\"page_item page-item-796\"><a href=\"https:\/\/us.edu.pl\/instytut\/ipe\/dr-anna-trzcionka-wieczorek\/\">Dr Anna Trzcionka-Wieczorek<\/a><\/li>\n<li class=\"page_item page-item-798\"><a href=\"https:\/\/us.edu.pl\/instytut\/ipe\/prof-dr-hab-ewa-jarosz\/\">Prof. dr hab. Ewa Jarosz<\/a><\/li>\n<li class=\"page_item page-item-1057\"><a href=\"https:\/\/us.edu.pl\/instytut\/ipe\/dr-hab-teresa-wilk\/\">Prof. dr hab.  Teresa Wilk<\/a><\/li>\n<li class=\"page_item page-item-3106\"><a href=\"https:\/\/us.edu.pl\/instytut\/ipe\/projekty-naukowe\/\">Projekty naukowe<\/a><\/li>\n<li class=\"page_item page-item-803\"><a href=\"https:\/\/us.edu.pl\/instytut\/ipe\/dr-danuta-kocurek\/\">Dr Danuta Kocurek<\/a><\/li>\n<li class=\"page_item page-item-805\"><a href=\"https:\/\/us.edu.pl\/instytut\/ipe\/dr-eugeniusz-szymik\/\">Dr Eugeniusz Szymik<\/a><\/li>\n<li class=\"page_item page-item-551\"><a href=\"https:\/\/us.edu.pl\/instytut\/ipe\/instytut\/\">Instytut<\/a><\/li>\n<li class=\"page_item page-item-807\"><a href=\"https:\/\/us.edu.pl\/instytut\/ipe\/dr-ewelina-kawiak\/\">Dr Ewelina Kawiak<\/a><\/li>\n<li class=\"page_item page-item-809\"><a href=\"https:\/\/us.edu.pl\/instytut\/ipe\/dr-monika-noszczyk-bernasiewicz\/\">Dr Monika Noszczyk-Bernasiewicz<\/a><\/li>\n<li class=\"page_item page-item-1065\"><a href=\"https:\/\/us.edu.pl\/instytut\/ipe\/dr-alina-dworak\/\">Dr Alina Dworak<\/a><\/li>\n<li class=\"page_item page-item-555\"><a href=\"https:\/\/us.edu.pl\/instytut\/ipe\/english-researchers-topcs\/\">(English) Researchers &amp; topics<\/a><\/li>\n<li class=\"page_item page-item-811\"><a href=\"https:\/\/us.edu.pl\/instytut\/ipe\/dr-monika-frania\/\">Dr Monika Frania<\/a><\/li>\n<li class=\"page_item page-item-3115\"><a href=\"https:\/\/us.edu.pl\/instytut\/ipe\/foster-care-lab\/\">Foster Care Lab<\/a><\/li>\n<li class=\"page_item page-item-1068\"><a href=\"https:\/\/us.edu.pl\/instytut\/ipe\/dr-agata-rzymelka-frackiewicz\/\">Dr Agata Rzyme\u0142ka-Fr\u0105ckiewicz<\/a><\/li>\n<li class=\"page_item page-item-1324\"><a href=\"https:\/\/us.edu.pl\/instytut\/ipe\/dr-mariola-kozubek\/\">Dr Mariola T. Kozubek, prof. U\u015a<\/a><\/li>\n<li class=\"page_item page-item-557\"><a href=\"https:\/\/us.edu.pl\/instytut\/ipe\/english-areas-of-research\/\">(English) Areas of research<\/a><\/li>\n<li class=\"page_item page-item-822\"><a href=\"https:\/\/us.edu.pl\/instytut\/ipe\/dr-renata-raszka\/\">Dr Renata Raszka<\/a><\/li>\n<li class=\"page_item page-item-824\"><a href=\"https:\/\/us.edu.pl\/instytut\/ipe\/dr-dagmara-dobosz\/\">Dr Dagmara Dobosz<\/a><\/li>\n<li class=\"page_item page-item-826\"><a href=\"https:\/\/us.edu.pl\/instytut\/ipe\/dr-anna-wojtas-rduch\/\">Dr Anna Wojtas-Rduch<\/a><\/li>\n<li class=\"page_item page-item-828\"><a href=\"https:\/\/us.edu.pl\/instytut\/ipe\/dr-kinga-konieczny-pizon\/\">Dr Kinga Konieczny-Pizo\u0144<\/a><\/li>\n<li class=\"page_item page-item-830\"><a href=\"https:\/\/us.edu.pl\/instytut\/ipe\/mgr-sebastian-mrozek\/\">Mgr Sebastian Mr\u00f3zek<\/a><\/li>\n<li class=\"page_item page-item-833\"><a href=\"https:\/\/us.edu.pl\/instytut\/ipe\/prof-dr-hristo-kyuchukov\/\">Prof. Dr Hristo Kyuchukov<\/a><\/li>\n<li class=\"page_item page-item-66\"><a href=\"https:\/\/us.edu.pl\/instytut\/ipe\/wszystko\/\">Wszystko<\/a><\/li>\n<li class=\"page_item page-item-835\"><a href=\"https:\/\/us.edu.pl\/instytut\/ipe\/prof-dr-hab-zenon-gajdzica\/\">Prof. dr hab. Zenon Gajdzica<\/a><\/li>\n<li class=\"page_item page-item-70\"><a href=\"https:\/\/us.edu.pl\/instytut\/ipe\/kontakt\/\">Kontakt<\/a><\/li>\n<li class=\"page_item page-item-839\"><a href=\"https:\/\/us.edu.pl\/instytut\/ipe\/dr-hab-alicja-zywczok-prof-us\/\">Dr hab. Alicja \u017bywczok, prof. U\u015a<\/a><\/li>\n<li class=\"page_item page-item-72\"><a href=\"https:\/\/us.edu.pl\/instytut\/ipe\/mapa-strony\/\">Mapa strony<\/a><\/li>\n<li class=\"page_item page-item-841\"><a href=\"https:\/\/us.edu.pl\/instytut\/ipe\/mgr-agnieszka-lewko\/\">Mgr Agnieszka Lewko<\/a><\/li>\n<li class=\"page_item page-item-843\"><a href=\"https:\/\/us.edu.pl\/instytut\/ipe\/dr-sabina-pawlik\/\">Dr Sabina Pawlik<\/a><\/li>\n<li class=\"page_item page-item-845\"><a href=\"https:\/\/us.edu.pl\/instytut\/ipe\/dr-hab-eugenia-smyrnova-trybulska-prof-us\/\">Dr hab. Eugenia Smyrnova-Trybulska Prof. U\u015a<\/a><\/li>\n<li class=\"page_item page-item-847\"><a href=\"https:\/\/us.edu.pl\/instytut\/ipe\/dr-malgorzata-kitlinska-krol\/\">Dr Ma\u0142gorzata Kitli\u0144ska-Kr\u00f3l<\/a><\/li>\n<li class=\"page_item page-item-853\"><a href=\"https:\/\/us.edu.pl\/instytut\/ipe\/dr-edyta-charzynska\/\">Dr Edyta Charzy\u0144ska<\/a><\/li>\n<li class=\"page_item page-item-598\"><a href=\"https:\/\/us.edu.pl\/instytut\/ipe\/realizowane-tematy-badawcze\/\">Realizowane tematy badawcze<\/a><\/li>\n<li class=\"page_item page-item-856\"><a href=\"https:\/\/us.edu.pl\/instytut\/ipe\/dr-hab-edyta-widawska\/\">Dr hab. Edyta Widawska, prof. U\u015a<\/a><\/li>\n<li class=\"page_item page-item-602\"><a href=\"https:\/\/us.edu.pl\/instytut\/ipe\/indywidualne-badania\/\">Indywidualne badania<\/a><\/li>\n<li class=\"page_item page-item-604\"><a href=\"https:\/\/us.edu.pl\/instytut\/ipe\/zespolowe-badania\/\">Zespo\u0142owe badania<\/a><\/li>\n<li class=\"page_item page-item-860\"><a href=\"https:\/\/us.edu.pl\/instytut\/ipe\/dr-hab-malgorzata-zalewska-bujak\/\">Dr hab. Ma\u0142gorzata Zalewska-Bujak, prof. U\u015a<\/a><\/li>\n<li class=\"page_item page-item-863\"><a href=\"https:\/\/us.edu.pl\/instytut\/ipe\/dr-hab-miroslaw-kisiel\/\">Dr hab. Miros\u0142aw Kisiel, prof. U\u015a<\/a><\/li>\n<li class=\"page_item page-item-1632\"><a href=\"https:\/\/us.edu.pl\/instytut\/ipe\/najwyzej-punktowane-monografie\/\">Najwy\u017cej punktowane monografie<\/a><\/li>\n<li class=\"page_item page-item-867\"><a href=\"https:\/\/us.edu.pl\/instytut\/ipe\/dr-iwona-samborska\/\">Dr Iwona Samborska<\/a><\/li>\n<li class=\"page_item page-item-1123\"><a href=\"https:\/\/us.edu.pl\/instytut\/ipe\/dr-joanna-skibska\/\">Dr Joanna Skibska<\/a><\/li>\n<li class=\"page_item page-item-869\"><a href=\"https:\/\/us.edu.pl\/instytut\/ipe\/dr-joanna-gozdz\/\">Dr Joanna G\u00f3\u017ad\u017a<\/a><\/li>\n<li class=\"page_item page-item-871\"><a href=\"https:\/\/us.edu.pl\/instytut\/ipe\/dr-hab-katarzyna-borzucka-sitkiewicz\/\">Dr hab. Katarzyna Borzucka-Sitkiewicz<\/a><\/li>\n<li class=\"page_item page-item-1129\"><a href=\"https:\/\/us.edu.pl\/instytut\/ipe\/dr-aleksandra-gancarz\/\">Dr Aleksandra Gancarz<\/a><\/li>\n<li class=\"page_item page-item-877\"><a href=\"https:\/\/us.edu.pl\/instytut\/ipe\/dr-irena-burczyk\/\">Dr Irena Burczyk<\/a><\/li>\n<li class=\"page_item page-item-1133\"><a href=\"https:\/\/us.edu.pl\/instytut\/ipe\/dr-marcin-jurczyk\/\">Dr Marcin Jurczyk<\/a><\/li>\n<li class=\"page_item page-item-879\"><a href=\"https:\/\/us.edu.pl\/instytut\/ipe\/dr-katarzyna-jas\/\">dr Katarzyna Jas<\/a><\/li>\n<li class=\"page_item page-item-881\"><a href=\"https:\/\/us.edu.pl\/instytut\/ipe\/dr-lukasz-kwadrans\/\">dr \u0141ukasz Kwadrans<\/a><\/li>\n<li class=\"page_item page-item-1137\"><a href=\"https:\/\/us.edu.pl\/instytut\/ipe\/dr-karolina-skop\/\">Dr Karolina Skop<\/a><\/li>\n<li class=\"page_item page-item-884\"><a href=\"https:\/\/us.edu.pl\/instytut\/ipe\/dr-lucie-zormanova\/\">Dr Lucie Zormanova<\/a><\/li>\n<li class=\"page_item page-item-117\"><a href=\"https:\/\/us.edu.pl\/instytut\/ipe\/historia\/\">Historia<\/a><\/li>\n<li class=\"page_item page-item-374\"><a href=\"https:\/\/us.edu.pl\/instytut\/ipe\/media-o-nas\/\">Media o nas<\/a><\/li>\n<li class=\"page_item page-item-886\"><a href=\"https:\/\/us.edu.pl\/instytut\/ipe\/dr-hab-urszula-szuscik\/\">Prof. dr hab. Urszula Szu\u015bcik<\/a><\/li>\n<li class=\"page_item page-item-119\"><a href=\"https:\/\/us.edu.pl\/instytut\/ipe\/wladze\/\">W\u0142adze<\/a><\/li>\n<li class=\"page_item page-item-888\"><a href=\"https:\/\/us.edu.pl\/instytut\/ipe\/dr-hab-ewelina-konieczna-prof-us\/\">dr hab. Ewelina Konieczna, prof. U\u015a<\/a><\/li>\n<li class=\"page_item page-item-3192\"><a href=\"https:\/\/us.edu.pl\/instytut\/ipe\/dr-hab-karina-leksy\/\">Dr hab. Karina Leksy, prof. U\u015a<\/a><\/li>\n<li class=\"page_item page-item-121\"><a href=\"https:\/\/us.edu.pl\/instytut\/ipe\/dyrekcja\/\">Dyrekcja<\/a><\/li>\n<li class=\"page_item page-item-890\"><a href=\"https:\/\/us.edu.pl\/instytut\/ipe\/dr-hab-elzbieta-gornikowska-zwolak-prof-us\/\">dr hab. El\u017cbieta G\u00f3rnikowska-Zwolak, prof. U\u015a<\/a><\/li>\n<li class=\"page_item page-item-123\"><a href=\"https:\/\/us.edu.pl\/instytut\/ipe\/rada-instytutu\/\">Sk\u0142ad Rady Instytutu<\/a><\/li>\n<li class=\"page_item page-item-892\"><a href=\"https:\/\/us.edu.pl\/instytut\/ipe\/dr-natalia-stankowska\/\">Dr Natalia Stankowska<\/a><\/li>\n<li class=\"page_item page-item-125\"><a href=\"https:\/\/us.edu.pl\/instytut\/ipe\/zespoly-instytutu\/\">Zespo\u0142y Instytutu<\/a><\/li>\n<li class=\"page_item page-item-127\"><a href=\"https:\/\/us.edu.pl\/instytut\/ipe\/pracownicy-nauki\/\">Pracownicy nauki<\/a><\/li>\n<li class=\"page_item page-item-129\"><a href=\"https:\/\/us.edu.pl\/instytut\/ipe\/wspolpraca\/\">Wsp\u00f3\u0142praca<\/a><\/li>\n<li class=\"page_item page-item-1156\"><a href=\"https:\/\/us.edu.pl\/instytut\/ipe\/dr-hab-dorota-sieron\/\">Dr hab. Dorota Siero\u0144, prof. U\u015a<\/a><\/li>\n<li class=\"page_item page-item-1160\"><a href=\"https:\/\/us.edu.pl\/instytut\/ipe\/dr-hab-beata-mazepa-domagala\/\">Dr hab. Beata Mazepa-Domaga\u0142a prof. U\u015a<\/a><\/li>\n<li class=\"page_item page-item-1164\"><a href=\"https:\/\/us.edu.pl\/instytut\/ipe\/dr-mateusz-penczek\/\">Dr Mateusz Penczek<\/a><\/li>\n<li class=\"page_item page-item-3212\"><a href=\"https:\/\/us.edu.pl\/instytut\/ipe\/dr-grzegorz-glupczyk\/\">Dr Grzegorz G\u0142upczyk<\/a><\/li>\n<li class=\"page_item page-item-1166\"><a href=\"https:\/\/us.edu.pl\/instytut\/ipe\/mgr-katarzyna-maliszewska\/\">Dr Katarzyna Maliszewska<\/a><\/li>\n<li class=\"page_item page-item-1168\"><a href=\"https:\/\/us.edu.pl\/instytut\/ipe\/dr-hab-krzysztof-maliszewski\/\">prof. dr hab. Krzysztof Maliszewski<\/a><\/li>\n<li class=\"page_item page-item-913\"><a href=\"https:\/\/us.edu.pl\/instytut\/ipe\/prof-dr-hab-ewa-syrek\/\">Prof. dr hab. Ewa Syrek<\/a><\/li>\n<li class=\"page_item page-item-1170\"><a href=\"https:\/\/us.edu.pl\/instytut\/ipe\/dr-iwona-tomas\/\">Dr Iwona Tomas<\/a><\/li>\n<li class=\"page_item page-item-404\"><a href=\"https:\/\/us.edu.pl\/instytut\/ipe\/tematy-badawcze\/\">Zainteresowania badawcze<\/a><\/li>\n<li class=\"page_item page-item-406\"><a href=\"https:\/\/us.edu.pl\/instytut\/ipe\/podzial-subwencji\/\">Podzia\u0142 subwencji<\/a><\/li>\n<li class=\"page_item page-item-408\"><a href=\"https:\/\/us.edu.pl\/instytut\/ipe\/wzory-wnioskow\/\">Wzory wniosk\u00f3w<\/a><\/li>\n<li class=\"page_item page-item-924\"><a href=\"https:\/\/us.edu.pl\/instytut\/ipe\/pracownicy\/\">Pracownicy<\/a><\/li>\n<li class=\"page_item page-item-1181\"><a href=\"https:\/\/us.edu.pl\/instytut\/ipe\/dr-hab-alicja-galazka\/\">Dr hab. Alicja Ga\u0142\u0105zka, prof. U\u015a<\/a><\/li>\n<li class=\"page_item page-item-1693\"><a href=\"https:\/\/us.edu.pl\/instytut\/ipe\/dr-hab-marek-rembierz-prof-us\/\">dr hab. Marek Rembierz, prof. U\u015a<\/a><\/li>\n<li class=\"page_item page-item-1185\"><a href=\"https:\/\/us.edu.pl\/instytut\/ipe\/dr-natalia-ruman\/\">Dr Natalia Ruman<\/a><\/li>\n<li class=\"page_item page-item-1187\"><a href=\"https:\/\/us.edu.pl\/instytut\/ipe\/dr-patrycja-mlynek\/\">Dr Patrycja M\u0142ynek<\/a><\/li>\n<li class=\"page_item page-item-681\"><a href=\"https:\/\/us.edu.pl\/instytut\/ipe\/dr-hab-tomasz-huk-2\/\">Dr hab. Tomasz Huk, prof. U\u015a<\/a><\/li>\n<li class=\"page_item page-item-170\"><a href=\"https:\/\/us.edu.pl\/instytut\/ipe\/nowosci-wydawnicze\/\">Nowo\u015bci wydawnicze<\/a><\/li>\n<li class=\"page_item page-item-944\"><a href=\"https:\/\/us.edu.pl\/instytut\/ipe\/prof-dr-hab-anna-nowak\/\">Prof. dr hab. Anna Nowak<\/a><\/li>\n<li class=\"page_item page-item-2225\"><a href=\"https:\/\/us.edu.pl\/instytut\/ipe\/the-new-educational-review\/\">The New Educational Review<\/a><\/li>\n<li class=\"page_item page-item-2228\"><a href=\"https:\/\/us.edu.pl\/instytut\/ipe\/edukacja-miedzykulturowa\/\">Edukacja Mi\u0119dzykulturowa<\/a><\/li>\n<li class=\"page_item page-item-1719\"><a href=\"https:\/\/us.edu.pl\/instytut\/ipe\/kola-naukowe\/\">Ko\u0142a naukowe<\/a><\/li>\n<li class=\"page_item page-item-2231\"><a href=\"https:\/\/us.edu.pl\/instytut\/ipe\/chowanna\/\">Chowanna<\/a><\/li>\n<li class=\"page_item page-item-2234\"><a href=\"https:\/\/us.edu.pl\/instytut\/ipe\/international-journal-of-research-in-e-learning\/\">International Journal of Research in E-learning<\/a><\/li>\n<li class=\"page_item page-item-958\"><a href=\"https:\/\/us.edu.pl\/instytut\/ipe\/dr-magdalena-christ\/\">Dr Magdalena Christ<\/a><\/li>\n<li class=\"page_item page-item-1223\"><a href=\"https:\/\/us.edu.pl\/instytut\/ipe\/dr-hab-urszula-klajmon-lech\/\">dr hab. Urszula Klajmon-Lech, prof. U\u015a<\/a><\/li>\n<li class=\"page_item page-item-1228\"><a href=\"https:\/\/us.edu.pl\/instytut\/ipe\/dr-hab-barbara-grabowska\/\">dr hab. Barbara Grabowska, prof. U\u015a<\/a><\/li>\n<li class=\"page_item page-item-974\"><a href=\"https:\/\/us.edu.pl\/instytut\/ipe\/dr-marta-niemiec\/\">Dr Marta Niemiec<\/a><\/li>\n<li class=\"page_item page-item-1494\"><a href=\"https:\/\/us.edu.pl\/instytut\/ipe\/badania-aplikacyjne\/\">Badania aplikacyjne<\/a><\/li>\n<li class=\"page_item page-item-984\"><a href=\"https:\/\/us.edu.pl\/instytut\/ipe\/dr-hab-violetta-rodek\/\">Dr hab. Violetta Rodek, prof. U\u015a<\/a><\/li>\n<li class=\"page_item page-item-474\"><a href=\"https:\/\/us.edu.pl\/instytut\/ipe\/indywidualni-badacze\/\">Indywidualni badacze<\/a><\/li>\n<li class=\"page_item page-item-987\"><a href=\"https:\/\/us.edu.pl\/instytut\/ipe\/dr-edyta-m-nieduziak\/\">Dr Edyta M. Nieduziak<\/a><\/li>\n<li class=\"page_item page-item-480\"><a href=\"https:\/\/us.edu.pl\/instytut\/ipe\/informacje-z-posiedzen\/\">Informacje z posiedze\u0144<\/a><\/li>\n<li class=\"page_item page-item-736\"><a href=\"https:\/\/us.edu.pl\/instytut\/ipe\/prof-dr-hab-katarzyna-krason\/\">Prof. dr hab. Katarzyna Kraso\u0144<\/a><\/li>\n<li class=\"page_item page-item-992\"><a href=\"https:\/\/us.edu.pl\/instytut\/ipe\/dr-elzbieta-marek\/\">Dr El\u017cbieta Marek<\/a><\/li>\n<li class=\"page_item page-item-226\"><a href=\"https:\/\/us.edu.pl\/instytut\/ipe\/uchwaly\/\">Uchwa\u0142y<\/a><\/li>\n<li class=\"page_item page-item-228\"><a href=\"https:\/\/us.edu.pl\/instytut\/ipe\/doktoraty\/\">Doktoraty<\/a><\/li>\n<li class=\"page_item page-item-997\"><a href=\"https:\/\/us.edu.pl\/instytut\/ipe\/prof-milon-potmesil\/\">Prof. PhDr. PaedDr. Milo\u0148 Potm\u011b\u0161il, Ph.D. , Ph.D.<\/a><\/li>\n<li class=\"page_item page-item-230\"><a href=\"https:\/\/us.edu.pl\/instytut\/ipe\/habilitacje\/\">Habilitacje<\/a><\/li>\n<li class=\"page_item page-item-742\"><a href=\"https:\/\/us.edu.pl\/instytut\/ipe\/dr-marcin-gierczyk\/\">Dr hab. Marcin Gierczyk, prof. U\u015a<\/a><\/li>\n<li class=\"page_item page-item-1002\"><a href=\"https:\/\/us.edu.pl\/instytut\/ipe\/dr-hab-irena-polewczyk-prof-us\/\">Dr hab. Irena Polewczyk prof. U\u015a<\/a><\/li>\n<li class=\"page_item page-item-747\"><a href=\"https:\/\/us.edu.pl\/instytut\/ipe\/prof-dr-hab-ewa-wysocka\/\">Prof. dr hab. Ewa Wysocka<\/a><\/li>\n<li class=\"page_item page-item-753\"><a href=\"https:\/\/us.edu.pl\/instytut\/ipe\/prof-maciej-bernasiewicz\/\">Prof. dr hab. Maciej Bernasiewicz<\/a><\/li>\n<li class=\"page_item page-item-2035\"><a href=\"https:\/\/us.edu.pl\/instytut\/ipe\/prof-dr-hab-ewa-ogrodzka-mazur\/\">Prof. dr hab. Ewa Ogrodzka-Mazur<\/a><\/li>\n<li class=\"page_item page-item-756\"><a href=\"https:\/\/us.edu.pl\/instytut\/ipe\/dr-tomasz-kopczynski\/\">Dr Tomasz Kopczy\u0144ski, prof U\u015a<\/a><\/li>\n<li class=\"page_item page-item-1012\"><a href=\"https:\/\/us.edu.pl\/instytut\/ipe\/mgr-sylwia-ryszawy\/\">Mgr Sylwia Ryszawy<\/a><\/li>\n<li class=\"page_item page-item-758\"><a href=\"https:\/\/us.edu.pl\/instytut\/ipe\/dr-wojciech-kruszelnicki\/\">Dr Wojciech Kruszelnicki<\/a><\/li>\n<li class=\"page_item page-item-761\"><a href=\"https:\/\/us.edu.pl\/instytut\/ipe\/dr-katarzyna-kowalczewska-grabowska\/\">Dr Katarzyna Kowalczewska-Grabowska<\/a><\/li>\n<li class=\"page_item page-item-765\"><a href=\"https:\/\/us.edu.pl\/instytut\/ipe\/mgr-katarzyna-front-dziurkowska\/\">Mgr Katarzyna Front-Dziurkowska<\/a><\/li>\n<li class=\"page_item page-item-767\"><a href=\"https:\/\/us.edu.pl\/instytut\/ipe\/dr-lukasz-michalski\/\">Dr \u0141ukasz Michalski<\/a><\/li>\n<\/ul>\n<\/div>\n<\/div>\r\n                    <\/div>\r\n                <\/div>[\/vc_column][\/vc_row]<\/p>\n","protected":false},"excerpt":{"rendered":"<p>[vc_row][vc_column][\/vc_column][\/vc_row] [&#8230;]<\/p>\n<p><a class=\"btn btn-secondary understrap-read-more-link\" href=\"https:\/\/us.edu.pl\/instytut\/ipe\/mapa-strony\/\">Read More&#8230;<\/a><\/p>\n","protected":false},"author":29,"featured_media":0,"parent":0,"menu_order":0,"comment_status":"closed","ping_status":"closed","template":"page-templates\/sitemap-template.php","meta":{"_expiration-date-status":"saved","_expiration-date":0,"_expiration-date-type":"","_expiration-date-categories":[],"_expiration-date-options":[]},"acf":[],"_links":{"self":[{"href":"https:\/\/us.edu.pl\/instytut\/ipe\/wp-json\/wp\/v2\/pages\/72"}],"collection":[{"href":"https:\/\/us.edu.pl\/instytut\/ipe\/wp-json\/wp\/v2\/pages"}],"about":[{"href":"https:\/\/us.edu.pl\/instytut\/ipe\/wp-json\/wp\/v2\/types\/page"}],"author":[{"embeddable":true,"href":"https:\/\/us.edu.pl\/instytut\/ipe\/wp-json\/wp\/v2\/users\/29"}],"replies":[{"embeddable":true,"href":"https:\/\/us.edu.pl\/instytut\/ipe\/wp-json\/wp\/v2\/comments?post=72"}],"version-history":[{"count":3,"href":"https:\/\/us.edu.pl\/instytut\/ipe\/wp-json\/wp\/v2\/pages\/72\/revisions"}],"predecessor-version":[{"id":92,"href":"https:\/\/us.edu.pl\/instytut\/ipe\/wp-json\/wp\/v2\/pages\/72\/revisions\/92"}],"wp:attachment":[{"href":"https:\/\/us.edu.pl\/instytut\/ipe\/wp-json\/wp\/v2\/media?parent=72"}],"curies":[{"name":"wp","href":"https:\/\/api.w.org\/{rel}","templated":true}]}}