{"id":736,"date":"2020-08-18T20:17:12","date_gmt":"2020-08-18T18:17:12","guid":{"rendered":"https:\/\/us.edu.pl\/instytut\/ipe\/?page_id=736"},"modified":"2021-02-24T19:02:02","modified_gmt":"2021-02-24T18:02:02","slug":"prof-dr-hab-katarzyna-krason","status":"publish","type":"page","link":"https:\/\/us.edu.pl\/instytut\/ipe\/prof-dr-hab-katarzyna-krason\/","title":{"rendered":"Prof. dr hab. Katarzyna Kraso\u0144"},"content":{"rendered":"<p>[vc_row][vc_column width=&#8221;1\/4&#8243;][vc_single_image image=&#8221;1320&#8243; img_size=&#8221;medium&#8221; style=&#8221;vc_box_shadow_3d&#8221;][\/vc_column][vc_column width=&#8221;3\/4&#8243; css=&#8221;.vc_custom_1597521185463{border-bottom-width: -30px !important;}&#8221;][vc_column_text]<\/p>\n<table style=\"width: 72.9397%\">\n<tbody>\n<tr>\n<td style=\"width: 24.6684%\"><span style=\"font-size: 12pt;font-family: tahoma, arial, helvetica, sans-serif\">Stanowisko:<\/span><\/p>\n<p><span style=\"font-size: 12pt;font-family: tahoma, arial, helvetica, sans-serif\">Grupa:<\/span><\/p>\n<p><span style=\"font-size: 12pt;font-family: tahoma, arial, helvetica, sans-serif\">Specjalno\u015b\u0107:<\/span><\/p>\n<p><span style=\"font-size: 12pt;font-family: tahoma, arial, helvetica, sans-serif\">Pok\u00f3j:<\/span><\/p>\n<p><span style=\"font-size: 12pt;font-family: tahoma, arial, helvetica, sans-serif\">Telefon:<\/span><\/p>\n<p><span style=\"font-size: 12pt;font-family: tahoma, arial, helvetica, sans-serif\">e-mail:<\/span><\/p>\n<p><span style=\"font-size: 12pt;font-family: tahoma, arial, helvetica, sans-serif\"><img class=\"size-full wp-image-275\" src=\"http:\/\/us.edu.pl\/instytut\/im\/wp-content\/uploads\/sites\/43\/Nieprzypisane\/ORCID.png\" alt=\"Logo ORCID\" width=\"71\" height=\"22\" \/><\/span><\/td>\n<td style=\"width: 78.7798%\"><span style=\"font-size: 12pt;font-family: tahoma, arial, helvetica, sans-serif\"><strong>Profesor<\/strong><\/span><\/p>\n<p><span style=\"font-size: 12pt;font-family: tahoma, arial, helvetica, sans-serif\"><strong>Pracownicy badawczo-dydaktyczni<\/strong><\/span><\/p>\n<p><span style=\"font-size: 12pt;font-family: tahoma, arial, helvetica, sans-serif\"><strong>Pedagogika<br \/>\n<\/strong><\/span><\/p>\n<p><span style=\"font-size: 12pt;font-family: tahoma, arial, helvetica, sans-serif\"><strong>220<\/strong><\/span><\/p>\n<p><span style=\"font-size: 12pt;font-family: tahoma, arial, helvetica, sans-serif\"><strong>brak<\/strong><\/span><\/p>\n<p><span style=\"font-size: 12pt;font-family: tahoma, arial, helvetica, sans-serif\"><strong>katarzyna.krason@us.edu.pl <\/strong><\/span><\/p>\n<p><span style=\"font-size: 12pt;font-family: tahoma, arial, helvetica, sans-serif\"><strong><a href=\"https:\/\/orcid.org\/0000-0002-3359-0647\">0000-0002-3359-0647<\/a><\/strong><\/span><\/td>\n<\/tr>\n<\/tbody>\n<\/table>\n<p>[\/vc_column_text][\/vc_column][\/vc_row][vc_row][vc_column]\r\n\t\t\t\t<div class='container'>\r\n\t\t\t\t\t<div class='list-links list-links_blue'>\r\n\t\t\t\t\t\t  \r\n\t\t\t\t\t\t  <ul>\r\n\t\t\t\t\t\t\t\t<li><a href=''><p>Materia\u0142y dodatkowe<\/p><\/a><\/li><\/ul>\r\n\t\t\t\t\t<\/div>\r\n\t\t\t\t<\/div>   \r\n\t\t\t\t\t[\/vc_column][\/vc_row][vc_row][vc_column css=&#8221;.vc_custom_1597523042561{margin-bottom: -50px !important;}&#8221;]\r\n\t\t\t\t\t<div class='container'>\r\n\t\t\t\t\t\t<div class='sidebar_moduls sidebar_dropdown zakladki' style='background-color: #FFFFFF'>\r\n\t\t\t\t\t\t\t<h3 class='page-title'><\/h3>\r\n\t\t\t\t\t\t\t<p class='zakladki__desc'><\/p>\r\n\r\n\t\t\t\t\t\t\t<div class='bookmarks'>\r\n\t\t\t\t\t<div class=\"bookmark\">\r\n\t\t\t\t\t\t<div class=\"bookmark__title\">\r\n                            <h3>\r\n                                <span class=\"short\">Przebieg kariery naukowej<\/span>\r\n                                <span class=\"long\">Przebieg kariery naukowej<\/span>\r\n                            <\/h3>\r\n\t\t\t\t\t\t<\/div>\r\n\t\t\t\t\t\t\r\n\t\t\t\t\t\t<div class=\"bookmark__content-wrap\">\r\n\t\t\t\t\t\t\t<div class=\"bookmark__content\">\r\n\r\n\t\t\t\t\t\t\t\t\r\n\r\n\t\t\t\t\t\t\t\t<div class=\"bookmark_text\" style=\"font-size:20px;\">\r\n\t\t\t\t\t\t\t\t<li>Absolwentka Wydzia\u0142u Rytmiki Liceum Muzycznego im. K. Szymanowskiego w Katowicach \n<li>Magister Pedagogiki przedszkolnej (Uniwersytet \u015al\u0105ski Katowice, Wydzia\u0142 Pedagogiki i Psychologii, 1990) \n<li>Doktor Nauk Humanistycznych w zakresie literaturoznawstwa (Uniwersytet \u015al\u0105ski Katowice, Wydzia\u0142 Filologiczny, 1994) \n<li>Doktor habilitowany w dziedzinie nauk humanistycznych w zakresie pedagogiki \u2013 dydaktyka (Uniwersytet im. A. Mickiewicza Pozna\u0144, Wydzia\u0142 Studi\u00f3w Edukacyjnych, 2006) \n<li>Profesor tytularny w dziedzinie nauk spo\u0142ecznych (nominacja Prezydenta RP 23 czerwca 2015) \n<li>Ekspert Polskiej Komisji Akredytacyjnej (od 2010 roku) \n<li>Cz\u0142onkini Zespo\u0142u Edukacji Elementarnej pod patronatem Komitetu Nauk Pedagogicznych PAN - od 2014 do 2020 \r\n\t\t\t\t\t\t\t\t<br>\r\n\t\t\t\t\t\t\t\t\r\n\t\t\t\t\t\t\t\t<\/div>\r\n\t\t\t\t\t\t\t<\/div>\r\n\t\t\t\t\t\t<\/div>\r\n\t\t\t\t\t<\/div>\r\n\t\t\t\t\t<div class=\"bookmark\">\r\n\t\t\t\t\t\t<div class=\"bookmark__title\">\r\n                            <h3>\r\n                                <span class=\"short\">Zainteresowania badawcze<\/span>\r\n                                <span class=\"long\">Zainteresowania badawcze<\/span>\r\n                            <\/h3>\r\n\t\t\t\t\t\t<\/div>\r\n\t\t\t\t\t\t\r\n\t\t\t\t\t\t<div class=\"bookmark__content-wrap\">\r\n\t\t\t\t\t\t\t<div class=\"bookmark__content\">\r\n\r\n\t\t\t\t\t\t\t\t\r\n\r\n\t\t\t\t\t\t\t\t<div class=\"bookmark_text\" style=\"font-size:20px;\">\r\n\t\t\t\t\t\t\t\t<li>Edukacja i wychowanie dziecka w szczeg\u00f3lno\u015bci perspektywa obcowania kilkulatka ze sztuk\u0105, zw\u0142aszcza literatur\u0105, muzyk\u0105, teatrem, filmem i ta\u0144cem, zar\u00f3wno w wymiarze odbiorczym, jak i tw\u00f3rczym czy ekspresyjnym.\n<li>Zajmuje si\u0119 problematyk\u0105 przek\u0142adu intersemiotycznego i wizualizacji przestrzennej.\n<li>Prowadzi warsztaty z zakresu biblioterapii ekspresyjnej i technik parateatralnych.\n<li>Jest tw\u00f3rczyni\u0105 metody kinestetycznej interpretacji poezji stosowanej w edukacji oraz koncepcji wizualizacyjnego teatru ruchu.\n\r\n\t\t\t\t\t\t\t\t<br>\r\n\t\t\t\t\t\t\t\t\r\n\t\t\t\t\t\t\t\t<\/div>\r\n\t\t\t\t\t\t\t<\/div>\r\n\t\t\t\t\t\t<\/div>\r\n\t\t\t\t\t<\/div>\r\n\t\t\t\t\t<div class=\"bookmark\">\r\n\t\t\t\t\t\t<div class=\"bookmark__title\">\r\n                            <h3>\r\n                                <span class=\"short\">Najwa\u017cniejsze osi\u0105gni\u0119cia naukowe, wyr\u00f3\u017cnienia i nagrody<\/span>\r\n                                <span class=\"long\">Najwa\u017cniejsze osi\u0105gni\u0119cia naukowe, wyr\u00f3\u017cnienia i nagrody<\/span>\r\n                            <\/h3>\r\n\t\t\t\t\t\t<\/div>\r\n\t\t\t\t\t\t\r\n\t\t\t\t\t\t<div class=\"bookmark__content-wrap\">\r\n\t\t\t\t\t\t\t<div class=\"bookmark__content\">\r\n\r\n\t\t\t\t\t\t\t\t\r\n\r\n\t\t\t\t\t\t\t\t<div class=\"bookmark_text\" style=\"font-size:20px;\">\r\n\t\t\t\t\t\t\t\t<li>Opublikowa\u0142a 9 autorskich monografii naukowych.\n<li>Redagowa\u0142a 12 monograficznych tom\u00f3w zbiorowych.\n<li>Autorka jednego podr\u0119cznika dla nauczycieli i oraz jednego standaryzowanego narz\u0119dzia diagnostycznego - Skala Postaw Tw\u00f3rczych i Odtw\u00f3rczych (SPTO), wraz z podr\u0119cznikiem, (Ministerstwo Edukacji Narodowej, Krak\u00f3w 2011). \n<li>Napisa\u0142a 178 artyku\u0142\u00f3w (w tym w czasopismach parametryzowanych) i rozdzia\u0142\u00f3w \nw tomach zbiorowych w j\u0119zyku polskim i j\u0119zykach kongresowych.\n<li>Uczestniczy\u0142a czynnie w zagranicznych konferencjach naukowych (m. in. Helsinki, Londyn, Erfurt, Wilno, Nitra, Sewilla, Walencja) oraz polskich (\u0142\u0105cznie w 162).\n<li>Przygotowa\u0142a merytoryczne koncepcj\u0119 kierunku mi\u0119dzyuczelnianego  arteterapia (prowadzonego przez U\u015a, AM i ASP w Katowicach), pe\u0142ni\u0142a rol\u0119 koordynatora kierunku \nz ramienia U\u015a (2016-2019). Kierunek uzyska\u0142 Certyfikat i Znak jako\u015bci \u201eStudia \nz Przysz\u0142o\u015bci\u0105\u201d przyznawany na drodze konkursu przez Fundacj\u0119 Rozwoju Edukacji \ni Szkolnictwa Wy\u017cszego w 2020 roku oraz nagrod\u0119 dodatkow\u0105 Laur Innowacji.\n<li>Dwukrotnie uzyska\u0142a nagrod\u0119 I stopnia JM Rektora U\u015a za Dzia\u0142alno\u015b\u0107 Naukowo-Badawcz\u0105 (2007: 2016). Siedmiokrotnie  II stopnia (1994; 1998; 2000; 2002; 2005; 2008; 2017) \ni dwukrotnie III stopnia (2009; 2014).\n<li>W 2006 otrzyma\u0142a Medal Komisji Edukacji Narodowej.\n<li>W 2008 uzyska\u0142a Srebrn\u0105 Odznaka za zas\u0142ugi dla Uniwersytetu \u015al\u0105skiego.\n<li>6 kwietnia 2011 przyznano jej Nagrod\u0119 im. Marii Weryho-Radziwi\u0142\u0142owiczowej przyznana podczas Forum Edukacyjnego w Krakowie, za organizacj\u0119 Og\u00f3lnopolskich Festiwali Ekspresji Dzieci\u0119cej i M\u0142odzie\u017cowej. \n<li>W 2018 otrzyma\u0142a Z\u0142ota Odznaka za zas\u0142ugi dla Uniwersytetu \u015al\u0105skiego.\n<li>W lutym 2008 roku by\u0142a nominowana przez Student\u00f3w Wydzia\u0142u Pedagogiki i Psychologii U\u015a do Lauru Studenckiego 2007 w kategorii \u201ePrzyjaciel studenta\u201d.\n\r\n\t\t\t\t\t\t\t\t<br>\r\n\t\t\t\t\t\t\t\t\r\n\t\t\t\t\t\t\t\t<\/div>\r\n\t\t\t\t\t\t\t<\/div>\r\n\t\t\t\t\t\t<\/div>\r\n\t\t\t\t\t<\/div>\r\n\t\t\t\t\t<div class=\"bookmark\">\r\n\t\t\t\t\t\t<div class=\"bookmark__title\">\r\n                            <h3>\r\n                                <span class=\"short\">Sta\u017ce naukowe\/Wizyty studyjne<\/span>\r\n                                <span class=\"long\">Sta\u017ce naukowe\/Wizyty studyjne<\/span>\r\n                            <\/h3>\r\n\t\t\t\t\t\t<\/div>\r\n\t\t\t\t\t\t\r\n\t\t\t\t\t\t<div class=\"bookmark__content-wrap\">\r\n\t\t\t\t\t\t\t<div class=\"bookmark__content\">\r\n\r\n\t\t\t\t\t\t\t\t\r\n\r\n\t\t\t\t\t\t\t\t<div class=\"bookmark_text\" style=\"font-size:20px;\">\r\n\t\t\t\t\t\t\t\t<li>Stypendium LLP Erasmus do VIA University College, w Viborgu, Dania (DK RISSKOV06) \nw dniach 1.05-6.05.2011) - realizacja wyk\u0142adu nt. Visualization theater versus divergence and non-conformist features in motoric behavior i warsztatu nt. The essence of visualization and the theater of movement.\n\r\n\t\t\t\t\t\t\t\t<br>\r\n\t\t\t\t\t\t\t\t\r\n\t\t\t\t\t\t\t\t<\/div>\r\n\t\t\t\t\t\t\t<\/div>\r\n\t\t\t\t\t\t<\/div>\r\n\t\t\t\t\t<\/div>\r\n\t\t\t\t\t<div class=\"bookmark\">\r\n\t\t\t\t\t\t<div class=\"bookmark__title\">\r\n                            <h3>\r\n                                <span class=\"short\">Cz\u0142onkostwo w radach naukowych i radach redakcyjnych <\/span>\r\n                                <span class=\"long\">Cz\u0142onkostwo w radach naukowych i radach redakcyjnych <\/span>\r\n                            <\/h3>\r\n\t\t\t\t\t\t<\/div>\r\n\t\t\t\t\t\t\r\n\t\t\t\t\t\t<div class=\"bookmark__content-wrap\">\r\n\t\t\t\t\t\t\t<div class=\"bookmark__content\">\r\n\r\n\t\t\t\t\t\t\t\t\r\n\r\n\t\t\t\t\t\t\t\t<div class=\"bookmark_text\" style=\"font-size:20px;\">\r\n\t\t\t\t\t\t\t\t<li>Dyrektor Instytutu Pedagogiki Wydzia\u0142u Pedagogiki i Psychologii Uniwersytetu \u015al\u0105skiego w dw\u00f3ch kadencjach (2007-2008 oraz 2008-2012). \n<li>Prodziekan ds. Nauki Wydzia\u0142u Pedagogiki i Psychologii Uniwersytetu \u015al\u0105skiego w kadencjach 2012-2016 i 2016-2019.\n<li>Cz\u0142onkini Senackiej Komisji ds. Bada\u0144 Naukowych, Tw\u00f3rczo\u015bci Artystycznej \ni Wsp\u00f3\u0142pracy z Gospodark\u0105 (kadencja 2012-2016) a w kadencji 2016-2019 \u2013 Przewodnicz\u0105ca podkomisji humanistyczno-spo\u0142ecznej.\n<li>Cz\u0142onkini Honorowa i Ekspert Stowarzyszenia Arteterapeut\u00f3w Polskich \"Kajros\" (powo\u0142anie maj 2020).\n<li>Cz\u0142onkini Rady Redakcyjnej serii wydawniczej \u201eEdukacja dla m\u0105dro\u015bci\u201d (powo\u0142anie \n8. lutego 2018 przez JM Rektora Uniwersytetu \u0141\u00f3dzkiego).\n<li>Redaktor Serii Pedagogika Uniwersytetu \u015al\u0105skiego \u2013 od 1.10.2012 do 29.04.2014.\n<li>Przewodnicz\u0105ca Wydzia\u0142owej Komisji Wydawniczej \u2013 od 29.04.2014-30.09.2019.\n<li>Redaktor tematyczny z zakresu dydaktyki \u2013 w czasopi\u015bmie parametryzowanym \u201eChowanna\u201d.\n<li>Subject Editor czasopisma parametryzowanego \u201cThe New Educational Review\u201d od 2013 Associate Editor; potem cz\u0142onkini kolegium redakcyjnego czasopisma. \n<li>Za\u0142o\u017cycielka Centrum Ekspresji Dzieci\u0119cej przy bibliotece \u015al\u0105skiej w Katowicach (2003). Organizuje Og\u00f3lnopolskie Festiwale Ekspresji Dzieci\u0119cej oraz Og\u00f3lnopolskie Konferencje Naukowe na temat Sztuka i Edukacja, Edukacja przez Sztuk\u0119. \r\n\t\t\t\t\t\t\t\t<br>\r\n\t\t\t\t\t\t\t\t\r\n\t\t\t\t\t\t\t\t<\/div>\r\n\t\t\t\t\t\t\t<\/div>\r\n\t\t\t\t\t\t<\/div>\r\n\t\t\t\t\t<\/div><\/div>\r\n\t\t\t\t\t\t<\/div>\r\n\t\t\t\t\t <\/div>[\/vc_column][\/vc_row]<\/p>","protected":false},"excerpt":{"rendered":"<p>[vc_row][vc_column width=&#8221;1\/4&#8243;][vc_single_image image=&#8221;1320&#8243; img_size=&#8221;medium&#8221; style=&#8221;vc_box_shadow_3d&#8221;][\/vc_column][vc_column width=&#8221;3\/4&#8243; css=&#8221;.vc_custom_1597521185463{border-bottom-width: -30px !important;}&#8221;][vc_column_text] Stanowisko: Grupa: Specjalno\u015b\u0107: Pok\u00f3j: Telefon: e-mail: Profesor Pracownicy badawczo-dydaktyczni Pedagogika 220 brak katarzyna.krason@us.edu.pl 0000-0002-3359-0647 [\/vc_column_text][\/vc_column][\/vc_row][vc_row][vc_column][\/vc_column][\/vc_row][vc_row][vc_column css=&#8221;.vc_custom_1597523042561{margin-bottom: -50px !important;}&#8221;][\/vc_column][\/vc_row] [&#8230;]<\/p>\n<p><a class=\"btn btn-secondary understrap-read-more-link\" href=\"https:\/\/us.edu.pl\/instytut\/ipe\/prof-dr-hab-katarzyna-krason\/\">Read More&#8230;<\/a><\/p>\n","protected":false},"author":201,"featured_media":0,"parent":0,"menu_order":0,"comment_status":"closed","ping_status":"closed","template":"page-templates\/page-with-bookmarks.php","meta":{"_expiration-date-status":"saved","_expiration-date":0,"_expiration-date-type":"","_expiration-date-categories":[],"_expiration-date-options":[]},"acf":[],"_links":{"self":[{"href":"https:\/\/us.edu.pl\/instytut\/ipe\/wp-json\/wp\/v2\/pages\/736"}],"collection":[{"href":"https:\/\/us.edu.pl\/instytut\/ipe\/wp-json\/wp\/v2\/pages"}],"about":[{"href":"https:\/\/us.edu.pl\/instytut\/ipe\/wp-json\/wp\/v2\/types\/page"}],"author":[{"embeddable":true,"href":"https:\/\/us.edu.pl\/instytut\/ipe\/wp-json\/wp\/v2\/users\/201"}],"replies":[{"embeddable":true,"href":"https:\/\/us.edu.pl\/instytut\/ipe\/wp-json\/wp\/v2\/comments?post=736"}],"version-history":[{"count":6,"href":"https:\/\/us.edu.pl\/instytut\/ipe\/wp-json\/wp\/v2\/pages\/736\/revisions"}],"predecessor-version":[{"id":1321,"href":"https:\/\/us.edu.pl\/instytut\/ipe\/wp-json\/wp\/v2\/pages\/736\/revisions\/1321"}],"wp:attachment":[{"href":"https:\/\/us.edu.pl\/instytut\/ipe\/wp-json\/wp\/v2\/media?parent=736"}],"curies":[{"name":"wp","href":"https:\/\/api.w.org\/{rel}","templated":true}]}}