{"id":753,"date":"2020-08-19T17:57:25","date_gmt":"2020-08-19T15:57:25","guid":{"rendered":"https:\/\/us.edu.pl\/instytut\/ipe\/?page_id=753"},"modified":"2025-02-19T15:58:38","modified_gmt":"2025-02-19T14:58:38","slug":"dr-hab-maciej-bernasiewicz","status":"publish","type":"page","link":"https:\/\/us.edu.pl\/instytut\/ipe\/dr-hab-maciej-bernasiewicz\/","title":{"rendered":"Prof. dr hab. Maciej Bernasiewicz"},"content":{"rendered":"<p>[vc_row][vc_column][vc_column_text][\/vc_column_text][\/vc_column][\/vc_row][vc_row][vc_column width=&#8221;1\/4&#8243;][vc_single_image image=&#8221;754&#8243; img_size=&#8221;medium&#8221; style=&#8221;vc_box_shadow_3d&#8221;][\/vc_column][vc_column width=&#8221;3\/4&#8243; css=&#8221;.vc_custom_1597521185463{border-bottom-width: -30px !important;}&#8221;][vc_column_text]<\/p>\n<table style=\"width: 72.9397%;\">\n<tbody>\n<tr>\n<td style=\"width: 24.6684%;\"><span style=\"font-size: 12pt; font-family: tahoma, arial, helvetica, sans-serif;\">Stanowisko:<\/span><\/p>\n<p><span style=\"font-size: 12pt; font-family: tahoma, arial, helvetica, sans-serif;\">Grupa:<\/span><\/p>\n<p><span style=\"font-size: 12pt; font-family: tahoma, arial, helvetica, sans-serif;\">Specjalno\u015b\u0107:<\/span><\/p>\n<p><span style=\"font-size: 12pt; font-family: tahoma, arial, helvetica, sans-serif;\">Pok\u00f3j:<\/span><\/p>\n<p><span style=\"font-size: 12pt; font-family: tahoma, arial, helvetica, sans-serif;\">Telefon:<\/span><\/p>\n<p><span style=\"font-size: 12pt; font-family: tahoma, arial, helvetica, sans-serif;\">e-mail:<\/span><\/p>\n<p><span style=\"font-size: 12pt; font-family: tahoma, arial, helvetica, sans-serif;\"><img class=\"size-full wp-image-275\" src=\"http:\/\/us.edu.pl\/instytut\/im\/wp-content\/uploads\/sites\/43\/Nieprzypisane\/ORCID.png\" alt=\"Logo ORCID\" width=\"71\" height=\"22\" \/><\/span><\/td>\n<td style=\"width: 78.7798%;\"><span style=\"font-size: 12pt; font-family: tahoma, arial, helvetica, sans-serif;\"><strong>Profesor<br \/>\n<\/strong><\/span><span style=\"font-size: 12pt; font-family: tahoma, arial, helvetica, sans-serif;\"><strong>Pracownicy badawczo-dydaktyczni<\/strong><\/span><\/p>\n<p><span style=\"font-size: 12pt; font-family: tahoma, arial, helvetica, sans-serif;\"><strong>Pedagogik<\/strong><\/span><span style=\"font-size: 12pt; font-family: tahoma, arial, helvetica, sans-serif;\"><strong>a<\/strong><\/span><\/p>\n<p><span style=\"font-size: 12pt; font-family: tahoma, arial, helvetica, sans-serif;\"><strong>220 oraz 137<\/strong><\/span><\/p>\n<p><span style=\"font-size: 12pt; font-family: tahoma, arial, helvetica, sans-serif;\"><strong>32 359 98 12<br \/>\n<\/strong><\/span><\/p>\n<p><span style=\"font-size: 12pt; font-family: tahoma, arial, helvetica, sans-serif;\"><strong>maciej.bernasiewicz@us.edu.pl <\/strong><\/span><\/p>\n<p><span style=\"font-size: 12pt; font-family: tahoma, arial, helvetica, sans-serif;\"><strong><a href=\"https:\/\/orcid.org\/0000-0001-6636-5377\">0000-0001-6636-5377<\/a><\/strong><\/span><\/td>\n<\/tr>\n<\/tbody>\n<\/table>\n<p>[\/vc_column_text][\/vc_column][\/vc_row][vc_row][vc_column]\r\n\t\t\t\t<div class='container'>\r\n\t\t\t\t\t<div class='list-links list-links_blue'>\r\n\t\t\t\t\t\t  \r\n\t\t\t\t\t\t  <ul>\r\n\t\t\t\t\t\t\t\t<li><a href=''><p>Materia\u0142y dodatkowe<\/p><\/a><\/li><\/ul>\r\n\t\t\t\t\t<\/div>\r\n\t\t\t\t<\/div>   \r\n\t\t\t\t\t[\/vc_column][\/vc_row][vc_row][vc_column css=&#8221;.vc_custom_1597523042561{margin-bottom: -50px !important;}&#8221;]\r\n\t\t\t\t\t<div class='container'>\r\n\t\t\t\t\t\t<div class='sidebar_moduls sidebar_dropdown zakladki' style='background-color: #FFFFFF'>\r\n\t\t\t\t\t\t\t<h3 class='page-title'><\/h3>\r\n\t\t\t\t\t\t\t<p class='zakladki__desc'><\/p>\r\n\r\n\t\t\t\t\t\t\t<div class='bookmarks'>\r\n\t\t\t\t\t<div class=\"bookmark\">\r\n\t\t\t\t\t\t<div class=\"bookmark__title\">\r\n                            <h3>\r\n                                <span class=\"short\">Przebieg kariery naukowej<\/span>\r\n                                <span class=\"long\">Przebieg kariery naukowej<\/span>\r\n                            <\/h3>\r\n\t\t\t\t\t\t<\/div>\r\n\t\t\t\t\t\t\r\n\t\t\t\t\t\t<div class=\"bookmark__content-wrap\">\r\n\t\t\t\t\t\t\t<div class=\"bookmark__content\">\r\n\r\n\t\t\t\t\t\t\t\t\r\n\r\n\t\t\t\t\t\t\t\t<div class=\"bookmark_text\" style=\"font-size:20px;\">\r\n\t\t\t\t\t\t\t\t<li>2003 r. uzyskanie tytu\u0142u magistra pedagogiki (w specjalno\u015bci pedagogika specjalna w zakresie resocjalizacji). Uniwersytet \u015al\u0105ski w Katowicach. \n<li>2005 r. uzyskanie tytu\u0142u magistra socjologii. U\u015a w Katowicach.\n<li>2004 r. zatrudnienie w Wydziale Pedagogiki i Psychologii (obecnie WNS) w U\u015a w Katowicach,\n<li>2008 r. uzyskanie stopnia doktora w dyscyplinie pedagogika (promotor prof. dr hab. dr h.c.  Zbyszko Melosik, UAM w Poznaniu), U\u015a w Katowicach.\n<li>2015 r. uzyskanie stopnia doktora habilitowanego, U\u015a w Katowicach\n<li>2025 r. postanowieniem Prezydenta RP uzyskanie tytu\u0142u profesora nauk spo\u0142ecznych w dyscyplinie pedagogika \n\r\n\t\t\t\t\t\t\t\t<br>\r\n\t\t\t\t\t\t\t\t\r\n\t\t\t\t\t\t\t\t<\/div>\r\n\t\t\t\t\t\t\t<\/div>\r\n\t\t\t\t\t\t<\/div>\r\n\t\t\t\t\t<\/div>\r\n\t\t\t\t\t<div class=\"bookmark\">\r\n\t\t\t\t\t\t<div class=\"bookmark__title\">\r\n                            <h3>\r\n                                <span class=\"short\">Zainteresowania badawcze<\/span>\r\n                                <span class=\"long\">Zainteresowania badawcze<\/span>\r\n                            <\/h3>\r\n\t\t\t\t\t\t<\/div>\r\n\t\t\t\t\t\t\r\n\t\t\t\t\t\t<div class=\"bookmark__content-wrap\">\r\n\t\t\t\t\t\t\t<div class=\"bookmark__content\">\r\n\r\n\t\t\t\t\t\t\t\t\r\n\r\n\t\t\t\t\t\t\t\t<div class=\"bookmark_text\" style=\"font-size:20px;\">\r\n\t\t\t\t\t\t\t\t<li>Pedagogika resocjalizacyjna (zw\u0142aszcza metodyka resocjalizacji oraz programy).\n<li>Kryminologia (determinanty przest\u0119pczo\u015bci oraz wsp\u00f3\u0142czesne koncepcje kryminologiczne).\n<li>Socjologia kultury (nowoczesne style \u017cycia oraz kultura m\u0142odzie\u017cowa).\n<li>Socjologia rodziny (transformacje \u017cycia rodzinnego, postawy rodzicielskie).\n\r\n\t\t\t\t\t\t\t\t<br>\r\n\t\t\t\t\t\t\t\t\r\n\t\t\t\t\t\t\t\t<\/div>\r\n\t\t\t\t\t\t\t<\/div>\r\n\t\t\t\t\t\t<\/div>\r\n\t\t\t\t\t<\/div>\r\n\t\t\t\t\t<div class=\"bookmark\">\r\n\t\t\t\t\t\t<div class=\"bookmark__title\">\r\n                            <h3>\r\n                                <span class=\"short\">Najwa\u017cniejsze osi\u0105gni\u0119cia naukowe, wyr\u00f3\u017cnienia i nagrody<\/span>\r\n                                <span class=\"long\">Najwa\u017cniejsze osi\u0105gni\u0119cia naukowe, wyr\u00f3\u017cnienia i nagrody<\/span>\r\n                            <\/h3>\r\n\t\t\t\t\t\t<\/div>\r\n\t\t\t\t\t\t\r\n\t\t\t\t\t\t<div class=\"bookmark__content-wrap\">\r\n\t\t\t\t\t\t\t<div class=\"bookmark__content\">\r\n\r\n\t\t\t\t\t\t\t\t\r\n\r\n\t\t\t\t\t\t\t\t<div class=\"bookmark_text\" style=\"font-size:20px;\">\r\n\t\t\t\t\t\t\t\t<li>W latach 2019-2022 realizacja grantu NCN Miniatura 3 (pojedyncze dzia\u0142anie nt. \u201eBadania, kszta\u0142cenie oraz funkcjonowanie systemu w zakresie zapobiegania przest\u0119pczo\u015bci w stanie Karolina P\u00f3\u0142nocna, w USA\u201d,  nr DEC: 2019\/03\/X\/HS6\/00337 z dn. 23.10.2019). Sta\u017c naukowy w USA (odbyty w dniach 16-26.03.2022) umo\u017cliwi\u0142 nawi\u0105zanie kontakt\u00f3w z badaczami i wyk\u0142adowcami Katedry Socjologii i Wymiaru Sprawiedliwo\u015bci  (Department of Sociology and Criminal Justice) w University of North Carolina at Pembroke (dalej UNCP). Dzi\u0119ki sta\u017cowi pozyskano wiedz\u0119 o systemie probacji w stanie P\u00f3\u0142nocna Karolina (parole; halfway houses), elementach systemu prawa i odpowiedzialno\u015bci agencji publicznych za podejmowane decyzje zwi\u0105zane z przedterminowym zwolnieniem z zak\u0142adu karnego b\u0105d\u017a b\u0142\u0119dami w \u015bledztwie (ogromne odszkodowania za b\u0142\u0119dne decyzje kurator\u00f3w lub policji) oraz dokonano wizyty studyjnej w UNCP. Podczas sta\u017cu wyg\u0142oszenie wyk\u0142adu nt. Europe\u2019s response to trafficking na konferencji nt. Human Trafficking Conference organizowanej przez UNCP w dniu 23.03.2022 r.\n\n<li>Recenzent i cz\u0142onek komisji w post\u0119powaniach o nadanie stopnia doktora habilitowanego, w przewodach doktorskich, a tak\u017ce w procedurze opiniowania odwo\u0142a\u0144 prowadzonej przez Centraln\u0105 Komisj\u0119 ds. Stopni i Tytu\u0142\u00f3w (do 2019) oraz Rad\u0119 Doskona\u0142o\u015bci Naukowej (od 2019) - we wzmiankowanym okresie pe\u0142nienie funkcji recenzenta (6 razy) i cz\u0142onka komisji (6 razy) w post\u0119powaniach o nadanie stopnia doktora habilitowanego w dyscyplinie pedagogika i socjologia, a tak\u017ce w przewodach doktorskich jako recenzent (8 razy).\n\n<li>Dziesi\u0119ciokrotnie nagradzany przez JM Rektora Uniwersytetu \u015al\u0105skiego (2010 r., 2012 r. \u2013 w dw\u00f3ch kategoriach, 2013r., 2014 r., 2016 r., 2018 r., 2019 r.) oraz Rektora Uniwersytetu im. Adama Mickiewicza w Poznaniu (2011 r., 2013 r.).\n\n\r\n\t\t\t\t\t\t\t\t<br>\r\n\t\t\t\t\t\t\t\t\r\n\t\t\t\t\t\t\t\t<\/div>\r\n\t\t\t\t\t\t\t<\/div>\r\n\t\t\t\t\t\t<\/div>\r\n\t\t\t\t\t<\/div>\r\n\t\t\t\t\t<div class=\"bookmark\">\r\n\t\t\t\t\t\t<div class=\"bookmark__title\">\r\n                            <h3>\r\n                                <span class=\"short\">Sta\u017ce naukowe\/Wizyty studyjne<\/span>\r\n                                <span class=\"long\">Sta\u017ce naukowe\/Wizyty studyjne<\/span>\r\n                            <\/h3>\r\n\t\t\t\t\t\t<\/div>\r\n\t\t\t\t\t\t\r\n\t\t\t\t\t\t<div class=\"bookmark__content-wrap\">\r\n\t\t\t\t\t\t\t<div class=\"bookmark__content\">\r\n\r\n\t\t\t\t\t\t\t\t\r\n\r\n\t\t\t\t\t\t\t\t<div class=\"bookmark_text\" style=\"font-size:20px;\">\r\n\t\t\t\t\t\t\t\tZagraniczne sta\u017ce, szkolenia oraz konferencje w: \n<li>Holandii (Erasmus University Rotterdam)\n<li>USA (University of North Carolina at Pembroke), \n<li>Niemczech (Hamburger Volkshochschule oraz dwukrotnie Freie Universit\u00e4t Berlin), \n<li>Austrii (P\u00e4dagogische Hochschule Wien),\n<li>Danii (Via University College, Department of Social Work, Holstebro),\n<li>Czechach (Ostravska Univerzita v Ostrave oraz Institut Mezioborovych Studii Brno),\n<li>S\u0142owacji (Uniwersytet Kome\u0144skiego w Bratys\u0142awie). \n\r\n\t\t\t\t\t\t\t\t<br>\r\n\t\t\t\t\t\t\t\t\r\n\t\t\t\t\t\t\t\t<\/div>\r\n\t\t\t\t\t\t\t<\/div>\r\n\t\t\t\t\t\t<\/div>\r\n\t\t\t\t\t<\/div>\r\n\t\t\t\t\t<div class=\"bookmark\">\r\n\t\t\t\t\t\t<div class=\"bookmark__title\">\r\n                            <h3>\r\n                                <span class=\"short\">Cz\u0142onkostwo w radach naukowych i radach redakcyjnych <\/span>\r\n                                <span class=\"long\">Cz\u0142onkostwo w radach naukowych i radach redakcyjnych <\/span>\r\n                            <\/h3>\r\n\t\t\t\t\t\t<\/div>\r\n\t\t\t\t\t\t\r\n\t\t\t\t\t\t<div class=\"bookmark__content-wrap\">\r\n\t\t\t\t\t\t\t<div class=\"bookmark__content\">\r\n\r\n\t\t\t\t\t\t\t\t\r\n\r\n\t\t\t\t\t\t\t\t<div class=\"bookmark_text\" style=\"font-size:20px;\">\r\n\t\t\t\t\t\t\t\t<li>Cz\u0142onek rady naukowej \u201eBiuletynu Socjoterapeutycznego\u201d\n<li>Cz\u0142onek Sekcji Kultury Popularnej KNP PAN na kadencj\u0119 2024-2027\n<li>Cz\u0142onek Komisji ds. Wsp\u00f3\u0142pracy Mi\u0119dzynarodowej KNP PAN, Wydzia\u0142 I Nauk Humanistycznych i Spo\u0142ecznych na kadencj\u0119 2020\u20132023.\n<li>Cz\u0142onek Polskiego Towarzystwa Pedagogicznego \u2013 od 1 stycznia 2021\n<li>Cz\u0142onek Zespo\u0142u Pedagogiki Spo\u0142ecznej KNP PAN \u2013 2012 -2020\n<li>Cz\u0142onek Sekcji Pedagogiki Resocjalizacyjnej KNP PAN - 2012 - 2020\n\r\n\t\t\t\t\t\t\t\t<br>\r\n\t\t\t\t\t\t\t\t\r\n\t\t\t\t\t\t\t\t<\/div>\r\n\t\t\t\t\t\t\t<\/div>\r\n\t\t\t\t\t\t<\/div>\r\n\t\t\t\t\t<\/div><\/div>\r\n\t\t\t\t\t\t<\/div>\r\n\t\t\t\t\t <\/div>[\/vc_column][\/vc_row][vc_row][vc_column][vc_column_text][\/vc_column_text][\/vc_column][\/vc_row]<\/p>","protected":false},"excerpt":{"rendered":"<p>[vc_row][vc_column][vc_column_text][\/vc_column_text][\/vc_column][\/vc_row][vc_row][vc_column width=&#8221;1\/4&#8243;][vc_single_image image=&#8221;754&#8243; img_size=&#8221;medium&#8221; style=&#8221;vc_box_shadow_3d&#8221;][\/vc_column][vc_column width=&#8221;3\/4&#8243; css=&#8221;.vc_custom_1597521185463{border-bottom-width: -30px !important;}&#8221;][vc_column_text] Stanowisko: Grupa: Specjalno\u015b\u0107: Pok\u00f3j: Telefon: e-mail: Profesor Pracownicy badawczo-dydaktyczni Pedagogika 220 oraz 137 32 359 98 12 maciej.bernasiewicz@us.edu.pl 0000-0001-6636-5377 [\/vc_column_text][\/vc_column][\/vc_row][vc_row][vc_column][\/vc_column][\/vc_row][vc_row][vc_column css=&#8221;.vc_custom_1597523042561{margin-bottom: -50px !important;}&#8221;][\/vc_column][\/vc_row][vc_row][vc_column][vc_column_text][\/vc_column_text][\/vc_column][\/vc_row] [&#8230;]<\/p>\n<p><a class=\"btn btn-secondary understrap-read-more-link\" href=\"https:\/\/us.edu.pl\/instytut\/ipe\/dr-hab-maciej-bernasiewicz\/\">Read More&#8230;<\/a><\/p>\n","protected":false},"author":2293,"featured_media":0,"parent":0,"menu_order":0,"comment_status":"closed","ping_status":"closed","template":"page-templates\/page-with-bookmarks.php","meta":{"_expiration-date-status":"","_expiration-date":0,"_expiration-date-type":"","_expiration-date-categories":[],"_expiration-date-options":[]},"acf":[],"_links":{"self":[{"href":"https:\/\/us.edu.pl\/instytut\/ipe\/wp-json\/wp\/v2\/pages\/753"}],"collection":[{"href":"https:\/\/us.edu.pl\/instytut\/ipe\/wp-json\/wp\/v2\/pages"}],"about":[{"href":"https:\/\/us.edu.pl\/instytut\/ipe\/wp-json\/wp\/v2\/types\/page"}],"author":[{"embeddable":true,"href":"https:\/\/us.edu.pl\/instytut\/ipe\/wp-json\/wp\/v2\/users\/2293"}],"replies":[{"embeddable":true,"href":"https:\/\/us.edu.pl\/instytut\/ipe\/wp-json\/wp\/v2\/comments?post=753"}],"version-history":[{"count":10,"href":"https:\/\/us.edu.pl\/instytut\/ipe\/wp-json\/wp\/v2\/pages\/753\/revisions"}],"predecessor-version":[{"id":2866,"href":"https:\/\/us.edu.pl\/instytut\/ipe\/wp-json\/wp\/v2\/pages\/753\/revisions\/2866"}],"wp:attachment":[{"href":"https:\/\/us.edu.pl\/instytut\/ipe\/wp-json\/wp\/v2\/media?parent=753"}],"curies":[{"name":"wp","href":"https:\/\/api.w.org\/{rel}","templated":true}]}}