{"id":761,"date":"2020-08-19T21:45:08","date_gmt":"2020-08-19T19:45:08","guid":{"rendered":"https:\/\/us.edu.pl\/instytut\/ipe\/?page_id=761"},"modified":"2020-09-15T18:47:51","modified_gmt":"2020-09-15T16:47:51","slug":"dr-katarzyna-kowalczewska-grabowska","status":"publish","type":"page","link":"https:\/\/us.edu.pl\/instytut\/ipe\/dr-katarzyna-kowalczewska-grabowska\/","title":{"rendered":"Dr Katarzyna Kowalczewska-Grabowska"},"content":{"rendered":"<p>[vc_row][vc_column width=&#8221;1\/4&#8243;][vc_single_image image=&#8221;966&#8243; img_size=&#8221;medium&#8221; style=&#8221;vc_box_shadow_3d&#8221;][\/vc_column][vc_column width=&#8221;3\/4&#8243; css=&#8221;.vc_custom_1597521185463{border-bottom-width: -30px !important;}&#8221;][vc_column_text]<\/p>\n<table style=\"width: 72.9397%\">\n<tbody>\n<tr>\n<td style=\"width: 24.6684%\"><span style=\"font-size: 12pt;font-family: tahoma, arial, helvetica, sans-serif\">Stanowisko:<\/span><\/p>\n<p><span style=\"font-size: 12pt;font-family: tahoma, arial, helvetica, sans-serif\">Grupa:<\/span><\/p>\n<p><span style=\"font-size: 12pt;font-family: tahoma, arial, helvetica, sans-serif\">Specjalno\u015b\u0107:<\/span><\/p>\n<p><span style=\"font-size: 12pt;font-family: tahoma, arial, helvetica, sans-serif\">Pok\u00f3j:<\/span><\/p>\n<p><span style=\"font-size: 12pt;font-family: tahoma, arial, helvetica, sans-serif\">Telefon:<\/span><\/p>\n<p><span style=\"font-size: 12pt;font-family: tahoma, arial, helvetica, sans-serif\">e-mail:<\/span><\/p>\n<p><span style=\"font-size: 12pt;font-family: tahoma, arial, helvetica, sans-serif\"><img class=\"size-full wp-image-275\" src=\"http:\/\/us.edu.pl\/instytut\/im\/wp-content\/uploads\/sites\/43\/Nieprzypisane\/ORCID.png\" alt=\"Logo ORCID\" width=\"71\" height=\"22\" \/><\/span><\/td>\n<td style=\"width: 78.7798%\"><span style=\"font-size: 12pt;font-family: tahoma, arial, helvetica, sans-serif\"><strong>Adiunkt<\/strong><\/span><\/p>\n<p><span style=\"font-size: 12pt;font-family: tahoma, arial, helvetica, sans-serif\"><strong>Pracownicy badawczo-dydaktyczni<\/strong><\/span><\/p>\n<p><span style=\"font-size: 12pt;font-family: tahoma, arial, helvetica, sans-serif\"><strong>Pedagogika<br \/>\n<\/strong><\/span><\/p>\n<p><span style=\"font-size: 12pt;font-family: tahoma, arial, helvetica, sans-serif\"><strong>126<\/strong><\/span><\/p>\n<p><span style=\"font-size: 12pt;font-family: tahoma, arial, helvetica, sans-serif\"><strong>brak<\/strong><\/span><\/p>\n<p><span style=\"font-size: 12pt;font-family: tahoma, arial, helvetica, sans-serif\"><strong><span class=\"tojvnm2t a6sixzi8 abs2jz4q a8s20v7p t1p8iaqh k5wvi7nf q3lfd5jv pk4s997a bipmatt0 cebpdrjk qowsmv63 owwhemhu dp1hu0rb dhp61c6y iyyx5f41\">katarzyna.kowalczewska-grabowska@us.edu.pl<\/span><br \/>\n<\/strong><\/span><\/p>\n<p><span style=\"font-size: 12pt;font-family: tahoma, arial, helvetica, sans-serif\"><strong><a href=\"https:\/\/orcid.org\/0000-0002-9309-7600\">0000-0002-9309-7600<\/a><\/strong><\/span><\/td>\n<\/tr>\n<\/tbody>\n<\/table>\n<p>[\/vc_column_text][\/vc_column][\/vc_row][vc_row][vc_column]\r\n\t\t\t\t<div class='container'>\r\n\t\t\t\t\t<div class='list-links list-links_blue'>\r\n\t\t\t\t\t\t  \r\n\t\t\t\t\t\t  <ul>\r\n\t\t\t\t\t\t\t\t<li><a href=''><p>Materia\u0142y dodatkowe<\/p><\/a><\/li><\/ul>\r\n\t\t\t\t\t<\/div>\r\n\t\t\t\t<\/div>   \r\n\t\t\t\t\t[\/vc_column][\/vc_row][vc_row][vc_column css=&#8221;.vc_custom_1597523042561{margin-bottom: -50px !important;}&#8221;]\r\n\t\t\t\t\t<div class='container'>\r\n\t\t\t\t\t\t<div class='sidebar_moduls sidebar_dropdown zakladki' style='background-color: #FFFFFF'>\r\n\t\t\t\t\t\t\t<h3 class='page-title'><\/h3>\r\n\t\t\t\t\t\t\t<p class='zakladki__desc'><\/p>\r\n\r\n\t\t\t\t\t\t\t<div class='bookmarks'>\r\n\t\t\t\t\t<div class=\"bookmark\">\r\n\t\t\t\t\t\t<div class=\"bookmark__title\">\r\n                            <h3>\r\n                                <span class=\"short\">Przebieg kariery naukowej<\/span>\r\n                                <span class=\"long\">Przebieg kariery naukowej<\/span>\r\n                            <\/h3>\r\n\t\t\t\t\t\t<\/div>\r\n\t\t\t\t\t\t\r\n\t\t\t\t\t\t<div class=\"bookmark__content-wrap\">\r\n\t\t\t\t\t\t\t<div class=\"bookmark__content\">\r\n\r\n\t\t\t\t\t\t\t\t\r\n\r\n\t\t\t\t\t\t\t\t<div class=\"bookmark_text\" style=\"font-size:20px;\">\r\n\t\t\t\t\t\t\t\t<li>1999 \u2013 uzyskanie tytu\u0142u magistra pedagogiki specjalnej, specjalno\u015b\u0107: resocjalizacja. Uniwersytet \u015al\u0105ski w Katowicach;\n<li>2005 \u2013 uzyskanie stopnia doktora nauk humanistycznych. Uniwersytet \u015al\u0105ski w Katowicach. 2012 - cz\u0142onek Zespo\u0142u Pedagogiki Spo\u0142ecznej pod patronatem Komitetu Nauk Pedagogicznych Polskiej Akademii Nauk; \n<li>2005 \u2013 2008: uczestnictwo w projekcie HALE (Health and Languages for Europe) CZ\/05\/B\/F\/LA-168009 realizowanego w ramach programu Leonardo da Vinci;\n<li>2012 - cz\u0142onek Schools For Health In Europe Research Group;\n<li>2015 - cz\u0142onek Sekcji Naukowej Terapii Rodzin Polskiego Towarzystwa Psychiatrycznego;\n<li>2015 - cz\u0142onek Krakowskiego Oddzia\u0142u Polskiego Towarzystwa Psychiatrycznego;\n<li>2017 \u2013 cz\u0142onek w Educ-Europe network;\n<li>2017 - koordynacja i udzia\u0142 w projekcie badawczo-edukacyjnym \u201eProfilaktyka raka szyjki macicy, czyli jak to si\u0119 robi w Tychach. Analiza \u017ar\u00f3de\u0142 i zasob\u00f3w wiedzy oraz opinii na temat szczepionek przeciw HPV, finansowanym z grantu Fundacji Polskiej Ligii Walki z Rakiem;\n<li>2018 - koordynacja i udzia\u0142 w projekcie badawczo-edukacyjnym \u201eOnkoedukatornia. Przysz\u0142o\u015b\u0107 wolna od raka\u201d, finansowanym z grantu Fundacji Polskiej Ligii Walki z Rakiem;\n<li>od 1. 10.2019 do 30.09.2021 udzia\u0142 w projekcie Acting in Context by Training the Trainers in Social Empowerment (ACTTE) finansowanym przez NAWA (wraz z dr hab. Katarzyn\u0105 Borzuck\u0105-Sitkieiwcz);\n<li>od 1.07.2020 \u2013 1.07.2022 udzia\u0142 w zespole badawczym DDU-16 (Diagnoza Dobrostanu Ucznia w wieku 16 lat) wraz z dr hab. Katarzyn\u0105 Borzuck\u0105-Sitkiewicz. Temat badawczy: Diagnoza dobrostanu bio-psycho-spo\u0142ecznego uczni\u00f3w w perspektywie pedagogicznej z uwzgl\u0119dnieniem czynnik\u00f3w chroni\u0105cych i czynnik\u00f3w ryzyka\n\n\r\n\t\t\t\t\t\t\t\t<br>\r\n\t\t\t\t\t\t\t\t\r\n\t\t\t\t\t\t\t\t<\/div>\r\n\t\t\t\t\t\t\t<\/div>\r\n\t\t\t\t\t\t<\/div>\r\n\t\t\t\t\t<\/div>\r\n\t\t\t\t\t<div class=\"bookmark\">\r\n\t\t\t\t\t\t<div class=\"bookmark__title\">\r\n                            <h3>\r\n                                <span class=\"short\">Zainteresowania badawcze<\/span>\r\n                                <span class=\"long\">Zainteresowania badawcze<\/span>\r\n                            <\/h3>\r\n\t\t\t\t\t\t<\/div>\r\n\t\t\t\t\t\t\r\n\t\t\t\t\t\t<div class=\"bookmark__content-wrap\">\r\n\t\t\t\t\t\t\t<div class=\"bookmark__content\">\r\n\r\n\t\t\t\t\t\t\t\t\r\n\r\n\t\t\t\t\t\t\t\t<div class=\"bookmark_text\" style=\"font-size:20px;\">\r\n\t\t\t\t\t\t\t\t<li>zastosowania pedagogiki spo\u0142ecznej i pedagogiki zdrowia w diagnozowaniu problem\u00f3w spo\u0142eczno-zdrowotnych i projektowaniu dzia\u0142a\u0144 profilaktycznych oraz z zakresu promocji zdrowia w spo\u0142eczno\u015bciach lokalnych;\n<li>problematyka dotycz\u0105ca przejaw\u00f3w niedostosowania spo\u0142ecznego w\u015br\u00f3d dzieci i m\u0142odzie\u017cy oraz oddzia\u0142ywa\u0144 profilaktycznych w tym zakresie.\n\n\n\r\n\t\t\t\t\t\t\t\t<br>\r\n\t\t\t\t\t\t\t\t\r\n\t\t\t\t\t\t\t\t<\/div>\r\n\t\t\t\t\t\t\t<\/div>\r\n\t\t\t\t\t\t<\/div>\r\n\t\t\t\t\t<\/div>\r\n\t\t\t\t\t<div class=\"bookmark\">\r\n\t\t\t\t\t\t<div class=\"bookmark__title\">\r\n                            <h3>\r\n                                <span class=\"short\">Najwa\u017cniejsze osi\u0105gni\u0119cia naukowe, wyr\u00f3\u017cnienia i nagrody<\/span>\r\n                                <span class=\"long\">Najwa\u017cniejsze osi\u0105gni\u0119cia naukowe, wyr\u00f3\u017cnienia i nagrody<\/span>\r\n                            <\/h3>\r\n\t\t\t\t\t\t<\/div>\r\n\t\t\t\t\t\t\r\n\t\t\t\t\t\t<div class=\"bookmark__content-wrap\">\r\n\t\t\t\t\t\t\t<div class=\"bookmark__content\">\r\n\r\n\t\t\t\t\t\t\t\t\r\n\r\n\t\t\t\t\t\t\t\t<div class=\"bookmark_text\" style=\"font-size:20px;\">\r\n\t\t\t\t\t\t\t\t<li>Autorka i wsp\u00f3\u0142autorka 5 prac zwartych, 16 artyku\u0142\u00f3w opublikowanych w czasopismach punktowanych i 25 rozpraw w pracach zbiorowych i pod redakcj\u0105,\n<li>2016 Irlandia, Dublin, University College Dublin:   ECER Main Conference. European Educational Research Association EERA Conference \u201eEducation and Transition \u2013 contributions from Educational Research\u201d, sekcja 8 \u201cHealth Education\u201d; organizator: European Educational Research Association EERA;  tytu\u0142 wyst\u0105pienia: Health education implementation in Polish health promoting schools (wsp\u00f3\u0142autor: K. Borzucka-Sitkiewicz),\n<li>2018 W\u0142ochy, Bolzano, The Free University of Bozen-Bolzano: ECER Main Conference. European Educational Research Association EERA Conference \u201eInclusion and Exclusion Resources for Education Research\u201d, sekcja 8 \u201cHealth Education\u201d; organizator: European Educational Research Association EERA;  tytu\u0142 wyst\u0105pienia: \u201cHealth promoters training. Possible solutions in the context of wellbeing and social inclusion\u201d(wsp\u00f3\u0142autor: K. Borzucka-Sitkiewicz, E. Syrek, E. Wojtyna).\n\n\n\r\n\t\t\t\t\t\t\t\t<br>\r\n\t\t\t\t\t\t\t\t\r\n\t\t\t\t\t\t\t\t<\/div>\r\n\t\t\t\t\t\t\t<\/div>\r\n\t\t\t\t\t\t<\/div>\r\n\t\t\t\t\t<\/div>\r\n\t\t\t\t\t<div class=\"bookmark\">\r\n\t\t\t\t\t\t<div class=\"bookmark__title\">\r\n                            <h3>\r\n                                <span class=\"short\">Sta\u017ce naukowe\/Wizyty studyjne<\/span>\r\n                                <span class=\"long\">Sta\u017ce naukowe\/Wizyty studyjne<\/span>\r\n                            <\/h3>\r\n\t\t\t\t\t\t<\/div>\r\n\t\t\t\t\t\t\r\n\t\t\t\t\t\t<div class=\"bookmark__content-wrap\">\r\n\t\t\t\t\t\t\t<div class=\"bookmark__content\">\r\n\r\n\t\t\t\t\t\t\t\t\r\n\r\n\t\t\t\t\t\t\t\t<div class=\"bookmark_text\" style=\"font-size:20px;\">\r\n\t\t\t\t\t\t\t\t<li>Kr\u00f3tkoterminowy szkoleniowy sta\u017c zagraniczny (STT) w ramach programu Erasmus+: Staff mobility for training between Programme Countries, Askoria Regional Institute of Social Work of Brittany, Rennes, Francja, 7-11.10.2019. \n<li>Kr\u00f3tkoterminowy szkoleniowy sta\u017c zagraniczny (STT) w ramach programu Erasmus+: Staff mobility for training between Programme Countries, HE2B (Haute Ecole Bruxelles-Brabant) Bruksela, Belgium,  28.05. \u2013 1.06. 2018.\n<li>Kr\u00f3tkoterminowy sta\u017c szkoleniowy, The Smile of the Child, Ateny, Grecja (National Center for Missing and Exploited Children, The Children and Family Support Centre, the day Centre \u201cThe House of the Child\u201d, The Support for Children with Health Problems Department, 2-6.10.2017.\n<li>Kr\u00f3tkoterminowy szkoleniowy sta\u017c zagraniczny (STT) w ramach programu Erasmus+: Staff mobility for training between Programme Countries, Amigo Foundation, Madrid, Spain, 14-18.02.2017.\n<li>Sta\u017c w Ambulatorium Terapii Rodzin Oddzia\u0142u Klinicznego Kliniki Psychiatrii Doros\u0142ych, Dzieci i M\u0142odzie\u017cy Szpitala Uniwersyteckiego w Krakowie (120 godz.) od 06.06.2016 do 29.06.2016.\n<li>Kr\u00f3tkoterminowy szkoleniowy sta\u017c zagraniczny (STT) w ramach programu Erasmus+: Apprentis d'Auteuil Foundation, 40 rue Jean de La Fontaine 75016 Paris, France, 23-27.05.2016.\n<li>Kr\u00f3tkoterminowy dydaktyczny sta\u017c zagraniczny: State of art. of school-based health promotion in Europe. Research-based and practice-based knowledge. 5th SHE Summer School, organizator: Univeristy of Eastern Finland; tytu\u0142 wyst\u0105pienia: Diagnosing life skills among 15-year-olds attending health-promoting schools and schools that do not belong to the network. Proposal of international comparative studies; 10-13.06.2015, Kuopio, Finland.\n<li>Kr\u00f3tkoterminowy dydaktyczny sta\u017c zagraniczny (STA) w ramach programu Erasmus: Faculty of Education and Social Studies, VIA University College, Denmark (Riskov, Arhus, Horsens, Viborg); od 6-12.10. 2012r.\n<li>Kr\u00f3tkoterminowy dydaktyczny sta\u017c zagraniczny: Qualihead: heading for quality in education\u201d, Wiede\u0144\/Brno, od 19.03. do 05.04.2001r.\n\r\n\t\t\t\t\t\t\t\t<br>\r\n\t\t\t\t\t\t\t\t\r\n\t\t\t\t\t\t\t\t<\/div>\r\n\t\t\t\t\t\t\t<\/div>\r\n\t\t\t\t\t\t<\/div>\r\n\t\t\t\t\t<\/div>\r\n\t\t\t\t\t<div class=\"bookmark\">\r\n\t\t\t\t\t\t<div class=\"bookmark__title\">\r\n                            <h3>\r\n                                <span class=\"short\">Cz\u0142onkostwo w radach naukowych i radach redakcyjnych <\/span>\r\n                                <span class=\"long\">Cz\u0142onkostwo w radach naukowych i radach redakcyjnych <\/span>\r\n                            <\/h3>\r\n\t\t\t\t\t\t<\/div>\r\n\t\t\t\t\t\t\r\n\t\t\t\t\t\t<div class=\"bookmark__content-wrap\">\r\n\t\t\t\t\t\t\t<div class=\"bookmark__content\">\r\n\r\n\t\t\t\t\t\t\t\t\r\n\r\n\t\t\t\t\t\t\t\t<div class=\"bookmark_text\" style=\"font-size:20px;\">\r\n\t\t\t\t\t\t\t\t\r\n\t\t\t\t\t\t\t\t<br>\r\n\t\t\t\t\t\t\t\t\r\n\t\t\t\t\t\t\t\t<\/div>\r\n\t\t\t\t\t\t\t<\/div>\r\n\t\t\t\t\t\t<\/div>\r\n\t\t\t\t\t<\/div><\/div>\r\n\t\t\t\t\t\t<\/div>\r\n\t\t\t\t\t <\/div>[\/vc_column][\/vc_row]<\/p>","protected":false},"excerpt":{"rendered":"<p>[vc_row][vc_column width=&#8221;1\/4&#8243;][vc_single_image image=&#8221;966&#8243; img_size=&#8221;medium&#8221; style=&#8221;vc_box_shadow_3d&#8221;][\/vc_column][vc_column width=&#8221;3\/4&#8243; css=&#8221;.vc_custom_1597521185463{border-bottom-width: -30px !important;}&#8221;][vc_column_text] Stanowisko: Grupa: Specjalno\u015b\u0107: Pok\u00f3j: Telefon: e-mail: Adiunkt Pracownicy badawczo-dydaktyczni Pedagogika 126 brak katarzyna.kowalczewska-grabowska@us.edu.pl 0000-0002-9309-7600 [\/vc_column_text][\/vc_column][\/vc_row][vc_row][vc_column][\/vc_column][\/vc_row][vc_row][vc_column css=&#8221;.vc_custom_1597523042561{margin-bottom: -50px !important;}&#8221;][\/vc_column][\/vc_row] [&#8230;]<\/p>\n<p><a class=\"btn btn-secondary understrap-read-more-link\" href=\"https:\/\/us.edu.pl\/instytut\/ipe\/dr-katarzyna-kowalczewska-grabowska\/\">Read More&#8230;<\/a><\/p>\n","protected":false},"author":201,"featured_media":0,"parent":0,"menu_order":0,"comment_status":"closed","ping_status":"closed","template":"page-templates\/page-with-bookmarks.php","meta":{"_expiration-date-status":"saved","_expiration-date":0,"_expiration-date-type":"","_expiration-date-categories":[],"_expiration-date-options":[]},"acf":[],"_links":{"self":[{"href":"https:\/\/us.edu.pl\/instytut\/ipe\/wp-json\/wp\/v2\/pages\/761"}],"collection":[{"href":"https:\/\/us.edu.pl\/instytut\/ipe\/wp-json\/wp\/v2\/pages"}],"about":[{"href":"https:\/\/us.edu.pl\/instytut\/ipe\/wp-json\/wp\/v2\/types\/page"}],"author":[{"embeddable":true,"href":"https:\/\/us.edu.pl\/instytut\/ipe\/wp-json\/wp\/v2\/users\/201"}],"replies":[{"embeddable":true,"href":"https:\/\/us.edu.pl\/instytut\/ipe\/wp-json\/wp\/v2\/comments?post=761"}],"version-history":[{"count":3,"href":"https:\/\/us.edu.pl\/instytut\/ipe\/wp-json\/wp\/v2\/pages\/761\/revisions"}],"predecessor-version":[{"id":967,"href":"https:\/\/us.edu.pl\/instytut\/ipe\/wp-json\/wp\/v2\/pages\/761\/revisions\/967"}],"wp:attachment":[{"href":"https:\/\/us.edu.pl\/instytut\/ipe\/wp-json\/wp\/v2\/media?parent=761"}],"curies":[{"name":"wp","href":"https:\/\/api.w.org\/{rel}","templated":true}]}}