{"id":775,"date":"2020-08-19T22:18:09","date_gmt":"2020-08-19T20:18:09","guid":{"rendered":"https:\/\/us.edu.pl\/instytut\/ipe\/?page_id=775"},"modified":"2020-08-19T22:18:09","modified_gmt":"2020-08-19T20:18:09","slug":"dr-bogumila-bobik","status":"publish","type":"page","link":"https:\/\/us.edu.pl\/instytut\/ipe\/dr-bogumila-bobik\/","title":{"rendered":"Dr Bogumi\u0142a Bobik"},"content":{"rendered":"<p>[vc_row][vc_column width=&#8221;1\/4&#8243;][vc_single_image image=&#8221;737&#8243; img_size=&#8221;medium&#8221; style=&#8221;vc_box_shadow_3d&#8221;][\/vc_column][vc_column width=&#8221;3\/4&#8243; css=&#8221;.vc_custom_1597521185463{border-bottom-width: -30px !important;}&#8221;][vc_column_text]<\/p>\n<table style=\"width: 72.9397%\">\n<tbody>\n<tr>\n<td style=\"width: 24.6684%\"><span style=\"font-size: 12pt;font-family: tahoma, arial, helvetica, sans-serif\">Stanowisko:<\/span><\/p>\n<p><span style=\"font-size: 12pt;font-family: tahoma, arial, helvetica, sans-serif\">Grupa:<\/span><\/p>\n<p><span style=\"font-size: 12pt;font-family: tahoma, arial, helvetica, sans-serif\">Specjalno\u015b\u0107:<\/span><\/p>\n<p><span style=\"font-size: 12pt;font-family: tahoma, arial, helvetica, sans-serif\">Pok\u00f3j:<\/span><\/p>\n<p><span style=\"font-size: 12pt;font-family: tahoma, arial, helvetica, sans-serif\">Telefon:<\/span><\/p>\n<p><span style=\"font-size: 12pt;font-family: tahoma, arial, helvetica, sans-serif\">e-mail:<\/span><\/p>\n<p><span style=\"font-size: 12pt;font-family: tahoma, arial, helvetica, sans-serif\"><img class=\"size-full wp-image-275\" src=\"http:\/\/us.edu.pl\/instytut\/im\/wp-content\/uploads\/sites\/43\/Nieprzypisane\/ORCID.png\" alt=\"Logo ORCID\" width=\"71\" height=\"22\" \/><\/span><\/td>\n<td style=\"width: 78.7798%\"><span style=\"font-size: 12pt;font-family: tahoma, arial, helvetica, sans-serif\"><strong>Adiunkt<\/strong><\/span><\/p>\n<p><span style=\"font-size: 12pt;font-family: tahoma, arial, helvetica, sans-serif\"><strong>Pracownicy badawczo-dydaktyczni<\/strong><\/span><\/p>\n<p><span style=\"font-size: 12pt;font-family: tahoma, arial, helvetica, sans-serif\"><strong>Pedagogika<br \/>\n<\/strong><\/span><\/p>\n<p><span style=\"font-size: 12pt;font-family: tahoma, arial, helvetica, sans-serif\"><strong>&#8212;-<\/strong><\/span><\/p>\n<p><span style=\"font-size: 12pt;font-family: tahoma, arial, helvetica, sans-serif\"><strong>brak<\/strong><\/span><\/p>\n<p><span style=\"font-size: 12pt;font-family: tahoma, arial, helvetica, sans-serif\"><strong>&#8212;-<\/strong><\/span><\/p>\n<p><span style=\"font-size: 12pt;font-family: tahoma, arial, helvetica, sans-serif\"><strong><a href=\"https:\/\/orcid.org\/0000-0001-7548-858X\">0000-0001-7548-858X<\/a><\/strong><\/span><\/td>\n<\/tr>\n<\/tbody>\n<\/table>\n<p>[\/vc_column_text][\/vc_column][\/vc_row][vc_row][vc_column]\r\n\t\t\t\t<div class='container'>\r\n\t\t\t\t\t<div class='list-links list-links_blue'>\r\n\t\t\t\t\t\t  \r\n\t\t\t\t\t\t  <ul>\r\n\t\t\t\t\t\t\t\t<li><a href=''><p>Materia\u0142y dodatkowe<\/p><\/a><\/li><\/ul>\r\n\t\t\t\t\t<\/div>\r\n\t\t\t\t<\/div>   \r\n\t\t\t\t\t[\/vc_column][\/vc_row][vc_row][vc_column css=&#8221;.vc_custom_1597523042561{margin-bottom: -50px !important;}&#8221;]\r\n\t\t\t\t\t<div class='container'>\r\n\t\t\t\t\t\t<div class='sidebar_moduls sidebar_dropdown zakladki' style='background-color: #FFFFFF'>\r\n\t\t\t\t\t\t\t<h3 class='page-title'><\/h3>\r\n\t\t\t\t\t\t\t<p class='zakladki__desc'><\/p>\r\n\r\n\t\t\t\t\t\t\t<div class='bookmarks'>\r\n\t\t\t\t\t<div class=\"bookmark\">\r\n\t\t\t\t\t\t<div class=\"bookmark__title\">\r\n                            <h3>\r\n                                <span class=\"short\">Przebieg kariery naukowej<\/span>\r\n                                <span class=\"long\">Przebieg kariery naukowej<\/span>\r\n                            <\/h3>\r\n\t\t\t\t\t\t<\/div>\r\n\t\t\t\t\t\t\r\n\t\t\t\t\t\t<div class=\"bookmark__content-wrap\">\r\n\t\t\t\t\t\t\t<div class=\"bookmark__content\">\r\n\r\n\t\t\t\t\t\t\t\t\r\n\r\n\t\t\t\t\t\t\t\t<div class=\"bookmark_text\" style=\"font-size:20px;\">\r\n\t\t\t\t\t\t\t\t<li>2020-2022 cz\u0142onkostwo w zespole badawczym Instytutu Pedagogiki U\u015a pn. Aksjologia pedagogiczna jako element: profilaktyki spo\u0142ecznej, podnoszenia poziomu jako\u015bci \u017cycia dzieci, m\u0142odzie\u017cy i doros\u0142ych w \u015brodowisku wychowawczym oraz rozwoju teorii naukowych, \n<li>2020 r. cz\u0142onkostwo w zespole badawczym Instytutu Pedagogiki U\u015a pn. Efektywno\u015b\u0107 zdalnej edukacji w okresie pandemii na terenie powiatu bytomskiego,\n<li>uzyskanie dodatkowych kwalifikacji z zakresu: zarz\u0105dzania plac\u00f3wka o\u015bwiatow\u0105 (2000r.), edukacji i rehabilitacji os\u00f3b z niepe\u0142nosprawno\u015bci\u0105 intelektualn\u0105 (1990r. kurs kwalifikacyjny, 2016r. studia podyplomowe), nauczania matematyki w zreformowanej szkole (2002r.), diagnozy i terapii pedagogicznej (2013r.), terapii behawioralnej (2014r.), terapii r\u0119ki pierwszego i drugiego stopnia (2017r.), edukacji i wspomagania os\u00f3b z zaburzeniami ze spektrum autyzmu (2017r.).\n<li>2005r. uzyskanie stopnia doktora nauk humanistycznych w Akademii Pedagogicznej \nim. KEN w Krakowie,\n<li>2003r.  uzyskanie tytu\u0142u eksperta ds. awansu zawodowego nauczycieli,\n2003r.  uzyskanie tytu\u0142u egzaminator MEN dla uczni\u00f3w z lekk\u0105 niepe\u0142nosprawno\u015bci\u0105 intelektualn\u0105,\nlata 1998, 1999, 2000 uzyskanie stopni specjalizacji zawodowej w zakresie rewalidacji os\u00f3b \nz niepe\u0142nosprawno\u015bci\u0105 intelektualn\u0105, kolejno I, II i III, \n<li>1997-1999 pe\u0142nienie funkcji doradcy metodycznego kszta\u0142cenia specjalnego,\n<li>1989r. - uzyskanie tytu\u0142u magistra pedagogiki w zakresie pedagogiki opieku\u0144czo-wychowawczej na  Wydziale Pedagogiki i Psychologii Uniwersytetu \u015al\u0105skiego w Katowicach.\n\n\n\n\r\n\t\t\t\t\t\t\t\t<br>\r\n\t\t\t\t\t\t\t\t\r\n\t\t\t\t\t\t\t\t<\/div>\r\n\t\t\t\t\t\t\t<\/div>\r\n\t\t\t\t\t\t<\/div>\r\n\t\t\t\t\t<\/div>\r\n\t\t\t\t\t<div class=\"bookmark\">\r\n\t\t\t\t\t\t<div class=\"bookmark__title\">\r\n                            <h3>\r\n                                <span class=\"short\">Zainteresowania badawcze<\/span>\r\n                                <span class=\"long\">Zainteresowania badawcze<\/span>\r\n                            <\/h3>\r\n\t\t\t\t\t\t<\/div>\r\n\t\t\t\t\t\t\r\n\t\t\t\t\t\t<div class=\"bookmark__content-wrap\">\r\n\t\t\t\t\t\t\t<div class=\"bookmark__content\">\r\n\r\n\t\t\t\t\t\t\t\t\r\n\r\n\t\t\t\t\t\t\t\t<div class=\"bookmark_text\" style=\"font-size:20px;\">\r\n\t\t\t\t\t\t\t\t<li>organizacja pomocy psychologiczno-pedagogicznej dla  dziecka o specjalnych potrzebach edukacyjnych, niepe\u0142nosprawnego, zaniedbanego oraz zagro\u017conego niedostosowaniem spo\u0142ecznym, \n<li>aksjologia pedagogiczna jako element: profilaktyki spo\u0142ecznej, podnoszenia poziomu jako\u015bci \u017cycia dzieci, m\u0142odzie\u017cy i doros\u0142ych w \u015brodowisku wychowawczym oraz rozwoju teorii naukowych,\n<li>zadania zawodowe pedagoga szkolnego, \n<li>historia szkolnictwa na G\u00f3rnym \u015al\u0105sku po roku 1945.\n\n\n\n\n\n\n\r\n\t\t\t\t\t\t\t\t<br>\r\n\t\t\t\t\t\t\t\t\r\n\t\t\t\t\t\t\t\t<\/div>\r\n\t\t\t\t\t\t\t<\/div>\r\n\t\t\t\t\t\t<\/div>\r\n\t\t\t\t\t<\/div>\r\n\t\t\t\t\t<div class=\"bookmark\">\r\n\t\t\t\t\t\t<div class=\"bookmark__title\">\r\n                            <h3>\r\n                                <span class=\"short\">Najwa\u017cniejsze osi\u0105gni\u0119cia naukowe, wyr\u00f3\u017cnienia i nagrody<\/span>\r\n                                <span class=\"long\">Najwa\u017cniejsze osi\u0105gni\u0119cia naukowe, wyr\u00f3\u017cnienia i nagrody<\/span>\r\n                            <\/h3>\r\n\t\t\t\t\t\t<\/div>\r\n\t\t\t\t\t\t\r\n\t\t\t\t\t\t<div class=\"bookmark__content-wrap\">\r\n\t\t\t\t\t\t\t<div class=\"bookmark__content\">\r\n\r\n\t\t\t\t\t\t\t\t\r\n\r\n\t\t\t\t\t\t\t\t<div class=\"bookmark_text\" style=\"font-size:20px;\">\r\n\t\t\t\t\t\t\t\t<li>realizacja grant\u00f3w we wsp\u00f3\u0142pracy z plac\u00f3wkami doskonalenia zawodowego nauczycieli (RODN \u201eWOM\u201d oraz RODN \u201eMetis\u201d, ODN \u201eElpax\u201d) z cyklu \u201eDoskonalenie Nauczycieli \nw Wojew\u00f3dztwie \u015al\u0105skim\u201d w latach 2007, 2008 i 2012r.\n<li>realizacja grantu pn. \u201eKompleksowe wspomaganie szk\u00f3\u0142 i przedszkoli\u201d we wsp\u00f3\u0142pracy \nz RODN \u201eMetis\u201d w Katowicach w 2014r.\n<li> realizacja grantu \u201ePracowniku o\u015bwiaty \u2013 skorzystaj z nowych mo\u017cliwo\u015bci\u201d we wsp\u00f3\u0142pracy \nz Wojew\u00f3dzkim Urz\u0119dem Pracy w Cz\u0119stochowie w 2014r.\n<li> badania diagnostyczno-opisowe nad profesj\u0105 pedagoga szkolnego na terenie wybranych wojew\u00f3dztw Polski po\u0142udniowej, przeprowadzone latach 2017-2018, \n<li> wsp\u00f3\u0142praca z krajowymi szko\u0142ami wy\u017cszymi oraz o\u015brodkami doskonalenia zawodowego nauczycieli,\n<li> wydanie 4 monografii, 22 artyku\u0142\u00f3w w monografiach oraz 25 artyku\u0142\u00f3w w czasopismach z listy MN i SW,\n<li>uzyskanie br\u0105zowego krzy\u017ca zas\u0142ugi Prezydenta RP.\n\r\n\t\t\t\t\t\t\t\t<br>\r\n\t\t\t\t\t\t\t\t\r\n\t\t\t\t\t\t\t\t<\/div>\r\n\t\t\t\t\t\t\t<\/div>\r\n\t\t\t\t\t\t<\/div>\r\n\t\t\t\t\t<\/div>\r\n\t\t\t\t\t<div class=\"bookmark\">\r\n\t\t\t\t\t\t<div class=\"bookmark__title\">\r\n                            <h3>\r\n                                <span class=\"short\">Sta\u017ce naukowe\/Wizyty studyjne<\/span>\r\n                                <span class=\"long\">Sta\u017ce naukowe\/Wizyty studyjne<\/span>\r\n                            <\/h3>\r\n\t\t\t\t\t\t<\/div>\r\n\t\t\t\t\t\t\r\n\t\t\t\t\t\t<div class=\"bookmark__content-wrap\">\r\n\t\t\t\t\t\t\t<div class=\"bookmark__content\">\r\n\r\n\t\t\t\t\t\t\t\t\r\n\r\n\t\t\t\t\t\t\t\t<div class=\"bookmark_text\" style=\"font-size:20px;\">\r\n\t\t\t\t\t\t\t\t<li>sta\u017c w zakresie terapii dyrektywnych w Centrum Terapii Behawioralnej w Gliwicach,\n<li>wizyta studyjna w Centrum Terapii Behawioralnej w Krakowie,\n<li>wizyty studyjne w Archiwum Pa\u0144stwowym w Katowicach oraz Archiwum Akt Nowych w Warszawie.\n\r\n\t\t\t\t\t\t\t\t<br>\r\n\t\t\t\t\t\t\t\t\r\n\t\t\t\t\t\t\t\t<\/div>\r\n\t\t\t\t\t\t\t<\/div>\r\n\t\t\t\t\t\t<\/div>\r\n\t\t\t\t\t<\/div>\r\n\t\t\t\t\t<div class=\"bookmark\">\r\n\t\t\t\t\t\t<div class=\"bookmark__title\">\r\n                            <h3>\r\n                                <span class=\"short\">Cz\u0142onkostwo w radach naukowych i radach redakcyjnych <\/span>\r\n                                <span class=\"long\">Cz\u0142onkostwo w radach naukowych i radach redakcyjnych <\/span>\r\n                            <\/h3>\r\n\t\t\t\t\t\t<\/div>\r\n\t\t\t\t\t\t\r\n\t\t\t\t\t\t<div class=\"bookmark__content-wrap\">\r\n\t\t\t\t\t\t\t<div class=\"bookmark__content\">\r\n\r\n\t\t\t\t\t\t\t\t\r\n\r\n\t\t\t\t\t\t\t\t<div class=\"bookmark_text\" style=\"font-size:20px;\">\r\n\t\t\t\t\t\t\t\t<li> udzia\u0142 w zespole redakcyjnym publikacji zwartej Wydawnictwa Internetowego e-bookowo pt. New Addictions - od dopalaczy do portali spo\u0142eczno\u015bciowych, \n<li> cz\u0142onkostwo w zespole naukowym Polskiego Towarzystwa Pedagogicznego.\n\r\n\t\t\t\t\t\t\t\t<br>\r\n\t\t\t\t\t\t\t\t\r\n\t\t\t\t\t\t\t\t<\/div>\r\n\t\t\t\t\t\t\t<\/div>\r\n\t\t\t\t\t\t<\/div>\r\n\t\t\t\t\t<\/div><\/div>\r\n\t\t\t\t\t\t<\/div>\r\n\t\t\t\t\t <\/div>[\/vc_column][\/vc_row]<\/p>","protected":false},"excerpt":{"rendered":"<p>[vc_row][vc_column width=&#8221;1\/4&#8243;][vc_single_image image=&#8221;737&#8243; img_size=&#8221;medium&#8221; style=&#8221;vc_box_shadow_3d&#8221;][\/vc_column][vc_column width=&#8221;3\/4&#8243; css=&#8221;.vc_custom_1597521185463{border-bottom-width: -30px !important;}&#8221;][vc_column_text] Stanowisko: Grupa: Specjalno\u015b\u0107: Pok\u00f3j: Telefon: e-mail: Adiunkt Pracownicy badawczo-dydaktyczni Pedagogika &#8212;- brak &#8212;- 0000-0001-7548-858X [\/vc_column_text][\/vc_column][\/vc_row][vc_row][vc_column][\/vc_column][\/vc_row][vc_row][vc_column css=&#8221;.vc_custom_1597523042561{margin-bottom: -50px !important;}&#8221;][\/vc_column][\/vc_row] [&#8230;]<\/p>\n<p><a class=\"btn btn-secondary understrap-read-more-link\" href=\"https:\/\/us.edu.pl\/instytut\/ipe\/dr-bogumila-bobik\/\">Read More&#8230;<\/a><\/p>\n","protected":false},"author":201,"featured_media":0,"parent":0,"menu_order":0,"comment_status":"closed","ping_status":"closed","template":"page-templates\/page-with-bookmarks.php","meta":{"_expiration-date-status":"saved","_expiration-date":0,"_expiration-date-type":"","_expiration-date-categories":[],"_expiration-date-options":[]},"acf":[],"_links":{"self":[{"href":"https:\/\/us.edu.pl\/instytut\/ipe\/wp-json\/wp\/v2\/pages\/775"}],"collection":[{"href":"https:\/\/us.edu.pl\/instytut\/ipe\/wp-json\/wp\/v2\/pages"}],"about":[{"href":"https:\/\/us.edu.pl\/instytut\/ipe\/wp-json\/wp\/v2\/types\/page"}],"author":[{"embeddable":true,"href":"https:\/\/us.edu.pl\/instytut\/ipe\/wp-json\/wp\/v2\/users\/201"}],"replies":[{"embeddable":true,"href":"https:\/\/us.edu.pl\/instytut\/ipe\/wp-json\/wp\/v2\/comments?post=775"}],"version-history":[{"count":1,"href":"https:\/\/us.edu.pl\/instytut\/ipe\/wp-json\/wp\/v2\/pages\/775\/revisions"}],"predecessor-version":[{"id":776,"href":"https:\/\/us.edu.pl\/instytut\/ipe\/wp-json\/wp\/v2\/pages\/775\/revisions\/776"}],"wp:attachment":[{"href":"https:\/\/us.edu.pl\/instytut\/ipe\/wp-json\/wp\/v2\/media?parent=775"}],"curies":[{"name":"wp","href":"https:\/\/api.w.org\/{rel}","templated":true}]}}