{"id":780,"date":"2020-08-20T08:27:16","date_gmt":"2020-08-20T06:27:16","guid":{"rendered":"https:\/\/us.edu.pl\/instytut\/ipe\/?page_id=780"},"modified":"2021-03-07T15:29:24","modified_gmt":"2021-03-07T14:29:24","slug":"prof-dr-hab-alina-szczurek-boruta","status":"publish","type":"page","link":"https:\/\/us.edu.pl\/instytut\/ipe\/prof-dr-hab-alina-szczurek-boruta\/","title":{"rendered":"prof. dr hab. Alina Szczurek-Boruta"},"content":{"rendered":"<p>[vc_row][vc_column width=&#8221;1\/4&#8243;][vc_single_image image=&#8221;963&#8243; img_size=&#8221;medium&#8221; style=&#8221;vc_box_shadow_3d&#8221;][\/vc_column][vc_column width=&#8221;3\/4&#8243; css=&#8221;.vc_custom_1597521185463{border-bottom-width: -30px !important;}&#8221;][vc_column_text]<\/p>\n<table style=\"width: 72.9397%\">\n<tbody>\n<tr>\n<td style=\"width: 24.6684%\"><span style=\"font-size: 12pt;font-family: tahoma, arial, helvetica, sans-serif\">Stanowisko:<\/span><\/p>\n<p><span style=\"font-size: 12pt;font-family: tahoma, arial, helvetica, sans-serif\">Grupa:<\/span><\/p>\n<p><span style=\"font-size: 12pt;font-family: tahoma, arial, helvetica, sans-serif\">Specjalno\u015b\u0107:<\/span><\/p>\n<p><span style=\"font-size: 12pt;font-family: tahoma, arial, helvetica, sans-serif\">Pok\u00f3j:<\/span><\/p>\n<p><span style=\"font-size: 12pt;font-family: tahoma, arial, helvetica, sans-serif\">Telefon:<\/span><\/p>\n<p><span style=\"font-size: 12pt;font-family: tahoma, arial, helvetica, sans-serif\">e-mail:<\/span><\/p>\n<p><span style=\"font-size: 12pt;font-family: tahoma, arial, helvetica, sans-serif\"><img class=\"size-full wp-image-275\" src=\"http:\/\/us.edu.pl\/instytut\/im\/wp-content\/uploads\/sites\/43\/Nieprzypisane\/ORCID.png\" alt=\"Logo ORCID\" width=\"71\" height=\"22\" \/><\/span><\/td>\n<td style=\"width: 78.7798%\"><span style=\"font-size: 12pt;font-family: tahoma, arial, helvetica, sans-serif\"><strong>Profesor<\/strong><\/span><\/p>\n<p><span style=\"font-size: 12pt;font-family: tahoma, arial, helvetica, sans-serif\"><strong>Pracownicy badawczo-dydaktyczni<\/strong><\/span><\/p>\n<p><span style=\"font-size: 12pt;font-family: tahoma, arial, helvetica, sans-serif\"><strong>Pedagogika<br \/>\n<\/strong><\/span><\/p>\n<pre><span style=\"font-family: tahoma, arial, helvetica, sans-serif;font-size: 12pt\"><strong>252<\/strong><\/span><\/pre>\n<p><span style=\"font-size: 12pt;font-family: tahoma, arial, helvetica, sans-serif\"><strong>+48 33 8546 112<br \/>\n<\/strong><\/span><\/p>\n<p><span style=\"font-size: 12pt;font-family: tahoma, arial, helvetica, sans-serif\"><strong>alina.szczurek-boruta@us.edu.pl <\/strong><\/span><\/p>\n<p><span style=\"font-size: 12pt;font-family: tahoma, arial, helvetica, sans-serif\"><strong><a href=\"https:\/\/orcid.org\/0000-0001-7705-4398\">0000-0001-7705-4398 <\/a><\/strong><\/span><\/td>\n<\/tr>\n<\/tbody>\n<\/table>\n<p>[\/vc_column_text][\/vc_column][\/vc_row][vc_row][vc_column]\r\n\t\t\t\t<div class='container'>\r\n\t\t\t\t\t<div class='list-links list-links_blue'>\r\n\t\t\t\t\t\t  \r\n\t\t\t\t\t\t  <ul>\r\n\t\t\t\t\t\t\t\t<li><a href=''><p>Materia\u0142y dodatkowe<\/p><\/a><\/li><\/ul>\r\n\t\t\t\t\t<\/div>\r\n\t\t\t\t<\/div>   \r\n\t\t\t\t\t[\/vc_column][\/vc_row][vc_row][vc_column css=&#8221;.vc_custom_1597523042561{margin-bottom: -50px !important;}&#8221;]\r\n\t\t\t\t\t<div class='container'>\r\n\t\t\t\t\t\t<div class='sidebar_moduls sidebar_dropdown zakladki' style='background-color: #FFFFFF'>\r\n\t\t\t\t\t\t\t<h3 class='page-title'><\/h3>\r\n\t\t\t\t\t\t\t<p class='zakladki__desc'><\/p>\r\n\r\n\t\t\t\t\t\t\t<div class='bookmarks'>\r\n\t\t\t\t\t<div class=\"bookmark\">\r\n\t\t\t\t\t\t<div class=\"bookmark__title\">\r\n                            <h3>\r\n                                <span class=\"short\">Przebieg kariery naukowej<\/span>\r\n                                <span class=\"long\">Przebieg kariery naukowej<\/span>\r\n                            <\/h3>\r\n\t\t\t\t\t\t<\/div>\r\n\t\t\t\t\t\t\r\n\t\t\t\t\t\t<div class=\"bookmark__content-wrap\">\r\n\t\t\t\t\t\t\t<div class=\"bookmark__content\">\r\n\r\n\t\t\t\t\t\t\t\t\r\n\r\n\t\t\t\t\t\t\t\t<div class=\"bookmark_text\" style=\"font-size:20px;\">\r\n\t\t\t\t\t\t\t\t<li>1989 \u2013 uzyskanie tytu\u0142u magistra pedagogiki, Uniwersytet \u015al\u0105ski w Katowicach, Filia U\u015a w Cieszynie, Wydzia\u0142 Pedagogiczno-Artystyczny\n<li>1996 - uzyskanie stopnia doktora nauk humanistycznych w zakresie pedagogiki, Uniwersytet Warszawski, Wydzia\u0142 Pedagogiki\n<li>2008 - uzyskanie stopnia doktora habilitowanego nauk humanistycznych w zakresie pedagogiki \u2013 pedagogika spo\u0142eczna, Uniwersytet im. Adama Mickiewicza w Poznaniu, Wydzia\u0142 Studi\u00f3w Edukacyjnych\n<li>2017 \u2013 uzyskanie tytu\u0142u naukowego profesora nauk spo\u0142ecznych, Uniwersytet im. Adama Mickiewicza w Poznaniu, Wydzia\u0142 Studi\u00f3w Edukacyjnych \n<br>\n<br>\n<b>Kierownictwo i udzia\u0142 w zespo\u0142ach badawczych::<\/b>\n<li>kierownik projektu badawczego NCN nt. Uczy\u0107 si\u0119 od innych i uczy\u0107-naucza\u0107 innych - praca nauczyciela w warunkach wielokulturowo\u015bci, 2011-05-20 to 2014-05-19, GRANT NUMBER: N N106 416640,URL: https:\/\/app.dimensions.ai\/details\/grant\/grant.4716396\n<li>ekspert - Kolorowe \u015acie\u017cki Euroregionu w ramach Programu Operacyjnego Wsp\u00f3\u0142pracy Transgranicznej OP PS \u010cR-PR 2007 - 2013. Centrum Pedagogiczne w Czeskim Cieszynie Uniwersytet \u015al\u0105ski w Katowicach Wydzia\u0142 Etnologii i Nauk o Edukacji (30.09.2010-30.09.2011)\n<li>Dziedzictwo kulturowe jako klucz do to\u017csamo\u015bci pogranicza polsko-czeskiego na \u015al\u0105sku Cieszy\u0144skim. W 1200-lecie Cieszyna. Numer rejestracyjny: PL.3.22\/3.3.05\/ 09.01088, (03.08.2009-21.04.2010) Uniwersytet \u015al\u0105ski w Katowicach, partner projektu \u2013 Kongres Polak\u00f3w w RC (wykonawca).\n<li>Centrum Upowszechniania Innowacji w Edukacji. Nr projektu POKL.04.02.00-00-063\/08 Wydzia\u0142 Nauk o Wychowaniu Uniwersytetu \u0141\u00f3dzkiego w ramach Priorytetu IV, Dzia\u0142anie 4.2. Rozw\u00f3j kwalifikacji kadr systemu B+R i wzrost \u015bwiadomo\u015bci roli nauki w rozwoju gospodarczym, Programu Operacyjnego Kapita\u0142 Ludzki od 02.02.2009 r. do 30.07.2010 r. (wykonawca).\n<li>Leksykon Polak\u00f3w w Republice Czeskiej i Republice S\u0142owackiej. Jednostka finansuj\u0105ca Fundusz Nauki i Technologii Polskiej, Narodowy Program Rozwoju Humanistyki Projekt nr 1 H 11 021380 Leksykon Polak\u00f3w  w Republice Czeskiej i Republice S\u0142owackiej Umowa 0098\/FNiTPH\/H11\/80\/2011. Grant 19\/INP\/2012-G. Czas realizacji  2013-2015 (wykonawca).\n\n<li>Cz\u0142onek Zespo\u0142u Ekspert\u00f3w Zewn\u0119trznych ds. Analiz Delphi Narodowego Programu Foresight Polska 2020 (od 2008).\n<li>Cz\u0142onek Zespo\u0142u Ekspert\u00f3w w programie \u201eGranty na Granty \u2013 EKSPERCI\u201d (od 2015).\n<li>Wnioskodawca i kierownik wniosk\u00f3w: Osoby wchodz\u0105ce w doros\u0142o\u015b\u0107 w przestrzeni pogranicza - potrzeby, oczekiwania i do\u015bwiadczenie wielowymiarowego wsparcia w procesie kszta\u0142towania (si\u0119) to\u017csamo\u015bci (2016) oraz Education of Adults and Seniors in Visegrad Sociocultural Area (2016)\n\n\r\n\t\t\t\t\t\t\t\t<br>\r\n\t\t\t\t\t\t\t\t\r\n\t\t\t\t\t\t\t\t<\/div>\r\n\t\t\t\t\t\t\t<\/div>\r\n\t\t\t\t\t\t<\/div>\r\n\t\t\t\t\t<\/div>\r\n\t\t\t\t\t<div class=\"bookmark\">\r\n\t\t\t\t\t\t<div class=\"bookmark__title\">\r\n                            <h3>\r\n                                <span class=\"short\">Zainteresowania badawcze<\/span>\r\n                                <span class=\"long\">Zainteresowania badawcze<\/span>\r\n                            <\/h3>\r\n\t\t\t\t\t\t<\/div>\r\n\t\t\t\t\t\t\r\n\t\t\t\t\t\t<div class=\"bookmark__content-wrap\">\r\n\t\t\t\t\t\t\t<div class=\"bookmark__content\">\r\n\r\n\t\t\t\t\t\t\t\t\r\n\r\n\t\t\t\t\t\t\t\t<div class=\"bookmark_text\" style=\"font-size:20px;\">\r\n\t\t\t\t\t\t\t\t<li>M\u0142odzie\u017c, zadania rozwojowe m\u0142odzie\u017cy i uwarunkowania ich realizacji.\n<li>Uwarunkowania kszta\u0142towania (si\u0119) i rozwoju kompetencji nauczycieli i wychowawc\u00f3w oraz ich przygotowanie do pracy w \u015brodowiskach zr\u00f3\u017cnicowanych spo\u0142ecznie, kulturowo, gospodarczo.\n<li>Formowanie si\u0119 to\u017csamo\u015bci w warunkach oddzia\u0142ywania edukacji szkolnej, \u015brodowiska rodzinnego, spo\u0142eczno\u015bci lokalnej, a tak\u017ce rozmaitych do\u015bwiadcze\u0144 \u017cyciowych i kulturowych.\n<li>Problematyka wielokulturowo\u015bci i mi\u0119dzykulturowo\u015bci; edukacji wielo- i mi\u0119dzykulturowej. \n<li>G\u0142\u00f3wne kierunki dzia\u0142alno\u015bci naukowej i specjalno\u015bci to pedagogika spo\u0142eczna, pedagogika m\u0142odzie\u017cy, pedeutologia, pedagogika mi\u0119dzykulturowa, a tak\u017ce pedagogika wczesnoszkolna.\n\n\r\n\t\t\t\t\t\t\t\t<br>\r\n\t\t\t\t\t\t\t\t\r\n\t\t\t\t\t\t\t\t<\/div>\r\n\t\t\t\t\t\t\t<\/div>\r\n\t\t\t\t\t\t<\/div>\r\n\t\t\t\t\t<\/div>\r\n\t\t\t\t\t<div class=\"bookmark\">\r\n\t\t\t\t\t\t<div class=\"bookmark__title\">\r\n                            <h3>\r\n                                <span class=\"short\">Najwa\u017cniejsze osi\u0105gni\u0119cia naukowe, wyr\u00f3\u017cnienia i nagrody<\/span>\r\n                                <span class=\"long\">Najwa\u017cniejsze osi\u0105gni\u0119cia naukowe, wyr\u00f3\u017cnienia i nagrody<\/span>\r\n                            <\/h3>\r\n\t\t\t\t\t\t<\/div>\r\n\t\t\t\t\t\t\r\n\t\t\t\t\t\t<div class=\"bookmark__content-wrap\">\r\n\t\t\t\t\t\t\t<div class=\"bookmark__content\">\r\n\r\n\t\t\t\t\t\t\t\t\r\n\r\n\t\t\t\t\t\t\t\t<div class=\"bookmark_text\" style=\"font-size:20px;\">\r\n\t\t\t\t\t\t\t\t<li>Autorka 6 monografii autorskich; wsp\u00f3\u0142autorka i redaktor naukowy 21 monografii, w tym w serii \u201eEdukacja Mi\u0119dzykulturowa\u201d (15), Pedagogika Spo\u0142eczna (5), Cieszy\u0144skie Naukowe Forum Studenckie(1); autorka ponad 200 artyku\u0142\u00f3w\n<li>1996, 1998, 2001, 2002 - Nagroda Indywidualna II stopnia Rektora U\u015a za dzia\u0142alno\u015b\u0107 naukow\u0105 i organizacyjn\u0105\n<li>2003 - Nagroda Indywidualna III stopnia Rektora U\u015a za dzia\u0142alno\u015b\u0107 organizacyjn\u0105 i naukow\u0105\n<li>2004 - Nagroda Zespo\u0142owa I stopnia Rektora U\u015a za dzia\u0142alno\u015b\u0107 naukow\u0105\n<li>2007 - Medal Komisji Edukacji Narodowej\n<li>2009 \u2013 Nagroda Indywidualna II stopnia Rektora U\u015a za dzia\u0142alno\u015b\u0107 naukowo- badawcz\u0105\n<li>2007 - Medal Komisji Edukacji Narodowej\n<li>2009 \u2013 Medal Srebrny za D\u0142ugoletni\u0105 S\u0142u\u017cb\u0119 Prezydent Rzeczypospolitej Polskiej\n<li>2011 \u2013 statuetka \u201eOskarU\u015a\u201d w kategorii Scientifique (Naukowiec). \n<li>2014, 2018 - Nagroda Indywidualna I stopnia Rektora U\u015a za dzia\u0142alno\u015b\u0107 naukowo-badawcz\u0105\n<li>2018 - Z\u0142ota Odznaka za zas\u0142ugi dla U\u015a przyznana przez Rektora U\u015a w Katowicach\n\r\n\t\t\t\t\t\t\t\t<br>\r\n\t\t\t\t\t\t\t\t\r\n\t\t\t\t\t\t\t\t<\/div>\r\n\t\t\t\t\t\t\t<\/div>\r\n\t\t\t\t\t\t<\/div>\r\n\t\t\t\t\t<\/div>\r\n\t\t\t\t\t<div class=\"bookmark\">\r\n\t\t\t\t\t\t<div class=\"bookmark__title\">\r\n                            <h3>\r\n                                <span class=\"short\">Sta\u017ce naukowe\/Wizyty studyjne<\/span>\r\n                                <span class=\"long\">Sta\u017ce naukowe\/Wizyty studyjne<\/span>\r\n                            <\/h3>\r\n\t\t\t\t\t\t<\/div>\r\n\t\t\t\t\t\t\r\n\t\t\t\t\t\t<div class=\"bookmark__content-wrap\">\r\n\t\t\t\t\t\t\t<div class=\"bookmark__content\">\r\n\r\n\t\t\t\t\t\t\t\t\r\n\r\n\t\t\t\t\t\t\t\t<div class=\"bookmark_text\" style=\"font-size:20px;\">\r\n\t\t\t\t\t\t\t\t<li>Uczestniczka zagranicznych sta\u017cy naukowych m.in. w USA (Fulbright Educational Partnership pt. \u201cPreparing Educators for Global Society\u201d), w Republice Czeskiej, w Republice S\u0142owackiej. \n\r\n\t\t\t\t\t\t\t\t<br>\r\n\t\t\t\t\t\t\t\t\r\n\t\t\t\t\t\t\t\t<\/div>\r\n\t\t\t\t\t\t\t<\/div>\r\n\t\t\t\t\t\t<\/div>\r\n\t\t\t\t\t<\/div>\r\n\t\t\t\t\t<div class=\"bookmark\">\r\n\t\t\t\t\t\t<div class=\"bookmark__title\">\r\n                            <h3>\r\n                                <span class=\"short\">Cz\u0142onkostwo w radach naukowych i radach redakcyjnych <\/span>\r\n                                <span class=\"long\">Cz\u0142onkostwo w radach naukowych i radach redakcyjnych <\/span>\r\n                            <\/h3>\r\n\t\t\t\t\t\t<\/div>\r\n\t\t\t\t\t\t\r\n\t\t\t\t\t\t<div class=\"bookmark__content-wrap\">\r\n\t\t\t\t\t\t\t<div class=\"bookmark__content\">\r\n\r\n\t\t\t\t\t\t\t\t\r\n\r\n\t\t\t\t\t\t\t\t<div class=\"bookmark_text\" style=\"font-size:20px;\">\r\n\t\t\t\t\t\t\t\tCz\u0142onkini Rad Naukowych od:\n<li>2011 - \u201eStudia z Teorii Wychowania\u201d ISSN 2083-0998\n<li>2011 - \u201e\u041f\u041e\u041b\u042c\u0421\u042c\u041a\u041e-\u0423\u041a\u0420\u0410\u0407\u041d\u0421\u042c\u041a\u0418\u0419 \u0416\u0423\u0420\u041d\u0410\u041b O\u015aWIATOLOGIA\/\u041e\u0421\u0412\u0406\u0422\u041e\u041b\u041e\u0413\u0406\u042f \u0422\u0435\u043e\u0440\u0456\u044f \u0456 \u043f\u0440\u0430\u043a\u0442\u0438\u043a\u0430\u201d \u201eO\u015bwiatologia\u201d ISSN: 2226-3012\n<li>2011 - \u041d\u0430\u0443\u043a\u043e\u0432\u0456 \u0437\u0430\u043f\u0438\u0441\u043a\u0438 \u0412\u0456\u043d\u043d\u0438\u0446\u044c\u043a\u043e\u0433\u043e \u0434\u0435\u0440\u0436\u0430\u0432\u043d\u043e\u0433\u043e \u043f\u0435\u0434\u0430\u0433\u043e\u0433\u0456\u0447\u043d\u043e\u0433\u043e \u0443\u043d\u0456\u0432\u0435\u0440\u0441\u0438\u0442\u0435\u0442\u0443 \u0456\u043c\u0435\u043d\u0456 \u041c\u0438\u0445\u0430\u0439\u043b\u0430 \u041a\u043e\u0446\u044e\u0431\u0438\u043d\u0441\u044c\u043a\u043e\u0433\u043e. \u0421\u0435\u0440\u0456\u044f: \u043f\u0435\u0434\u0430\u0433\u043e\u0433\u0456\u043a\u0430 \u0456 \u043f\u0441\u0438\u0445\u043e\u043b\u043e\u0433\u0456\u044f ISSN 2415-7872 \n<li>2011 - \u201eStudia Kulturowo-Edukacyjne\u201d  on-line UMCS ISSN 2084-4832 \n<li>2011- \u201eEdukacja-Wychowanie-Resocjalizacja\u201d ISSN 2083-781X\n<li>2013 - \u201eKonteksty Pedagogiczne\u201d ISSN 2300-6471\n<li>2018 -\u201ePedagogika Spo\u0142eczna\u201d ISSN 1642-672X\n<br>\n<br>\n<b>Cz\u0142onek rad redakcyjnych::<\/b> \n<li>2012 - \u201eEdukacja Mi\u0119dzykulturowa\u201d ISSN 229-4106  \n<li>2012 - \u201eCieszy\u0144ski Almanach Pedagogiczny\u201d  ISSN 0208-6336  \n<br>\n<br>\n<li>Recenzent czasopism: \u201eEuropean Review\u201d; \u201eThe New Educational Review\u201d; Pogranicze\u201d; \u201eArs Inter Culturas\u201d; \u201eStudia Kulturowo-Edukacyjne\u201d; \u201ePsychologia Wychowawcza\u201d, \u201ePedagogika Spo\u0142eczna\u201d, \u201eKultura i Edukacja\u201d; Multicultural Studies; \"Acta Universitatis Nicolai Copernici. Pedagogika\". \n<br>\n<br>\n<li>Zast\u0119pca redaktora naczelnego czasopisma, redaktor tematyczny rocznika \u201eEdukacja Mi\u0119dzykulturowa\u201d 2012 \n<br>\n<br>\n<li>Redaktor naukowy serii wydawniczych Pedagogika Spo\u0142eczna (2014) oraz Cieszy\u0144skie Naukowe Forum Studenckie (2015) \n\r\n\t\t\t\t\t\t\t\t<br>\r\n\t\t\t\t\t\t\t\t\r\n\t\t\t\t\t\t\t\t<\/div>\r\n\t\t\t\t\t\t\t<\/div>\r\n\t\t\t\t\t\t<\/div>\r\n\t\t\t\t\t<\/div><\/div>\r\n\t\t\t\t\t\t<\/div>\r\n\t\t\t\t\t <\/div>[\/vc_column][\/vc_row]<\/p>","protected":false},"excerpt":{"rendered":"<p>[vc_row][vc_column width=&#8221;1\/4&#8243;][vc_single_image image=&#8221;963&#8243; img_size=&#8221;medium&#8221; style=&#8221;vc_box_shadow_3d&#8221;][\/vc_column][vc_column width=&#8221;3\/4&#8243; css=&#8221;.vc_custom_1597521185463{border-bottom-width: -30px !important;}&#8221;][vc_column_text] Stanowisko: Grupa: Specjalno\u015b\u0107: Pok\u00f3j: Telefon: e-mail: Profesor Pracownicy badawczo-dydaktyczni Pedagogika 252 +48 33 8546 112 alina.szczurek-boruta@us.edu.pl 0000-0001-7705-4398 [\/vc_column_text][\/vc_column][\/vc_row][vc_row][vc_column][\/vc_column][\/vc_row][vc_row][vc_column css=&#8221;.vc_custom_1597523042561{margin-bottom: -50px !important;}&#8221;][\/vc_column][\/vc_row] [&#8230;]<\/p>\n<p><a class=\"btn btn-secondary understrap-read-more-link\" href=\"https:\/\/us.edu.pl\/instytut\/ipe\/prof-dr-hab-alina-szczurek-boruta\/\">Read More&#8230;<\/a><\/p>\n","protected":false},"author":2293,"featured_media":0,"parent":0,"menu_order":0,"comment_status":"closed","ping_status":"closed","template":"page-templates\/page-with-bookmarks.php","meta":{"_expiration-date-status":"saved","_expiration-date":0,"_expiration-date-type":"","_expiration-date-categories":[],"_expiration-date-options":[]},"acf":[],"_links":{"self":[{"href":"https:\/\/us.edu.pl\/instytut\/ipe\/wp-json\/wp\/v2\/pages\/780"}],"collection":[{"href":"https:\/\/us.edu.pl\/instytut\/ipe\/wp-json\/wp\/v2\/pages"}],"about":[{"href":"https:\/\/us.edu.pl\/instytut\/ipe\/wp-json\/wp\/v2\/types\/page"}],"author":[{"embeddable":true,"href":"https:\/\/us.edu.pl\/instytut\/ipe\/wp-json\/wp\/v2\/users\/2293"}],"replies":[{"embeddable":true,"href":"https:\/\/us.edu.pl\/instytut\/ipe\/wp-json\/wp\/v2\/comments?post=780"}],"version-history":[{"count":6,"href":"https:\/\/us.edu.pl\/instytut\/ipe\/wp-json\/wp\/v2\/pages\/780\/revisions"}],"predecessor-version":[{"id":1349,"href":"https:\/\/us.edu.pl\/instytut\/ipe\/wp-json\/wp\/v2\/pages\/780\/revisions\/1349"}],"wp:attachment":[{"href":"https:\/\/us.edu.pl\/instytut\/ipe\/wp-json\/wp\/v2\/media?parent=780"}],"curies":[{"name":"wp","href":"https:\/\/api.w.org\/{rel}","templated":true}]}}