{"id":789,"date":"2020-08-20T10:36:35","date_gmt":"2020-08-20T08:36:35","guid":{"rendered":"https:\/\/us.edu.pl\/instytut\/ipe\/?page_id=789"},"modified":"2020-09-12T11:13:15","modified_gmt":"2020-09-12T09:13:15","slug":"dr-hab-beata-oelszlaeger-kosturek","status":"publish","type":"page","link":"https:\/\/us.edu.pl\/instytut\/ipe\/dr-hab-beata-oelszlaeger-kosturek\/","title":{"rendered":"Dr hab. Beata Oelszlaeger-Kosturek, prof. U\u015a"},"content":{"rendered":"<p>[vc_row][vc_column width=&#8221;1\/4&#8243;][vc_single_image image=&#8221;737&#8243; img_size=&#8221;medium&#8221; style=&#8221;vc_box_shadow_3d&#8221;][\/vc_column][vc_column width=&#8221;3\/4&#8243; css=&#8221;.vc_custom_1597521185463{border-bottom-width: -30px !important;}&#8221;][vc_column_text]<\/p>\n<table style=\"width: 72.9397%\">\n<tbody>\n<tr>\n<td style=\"width: 24.6684%\"><span style=\"font-size: 12pt;font-family: tahoma, arial, helvetica, sans-serif\">Stanowisko:<\/span><\/p>\n<p><span style=\"font-size: 12pt;font-family: tahoma, arial, helvetica, sans-serif\">Grupa:<\/span><\/p>\n<p><span style=\"font-size: 12pt;font-family: tahoma, arial, helvetica, sans-serif\">Specjalno\u015b\u0107:<\/span><\/p>\n<p><span style=\"font-size: 12pt;font-family: tahoma, arial, helvetica, sans-serif\">Pok\u00f3j:<\/span><\/p>\n<p><span style=\"font-size: 12pt;font-family: tahoma, arial, helvetica, sans-serif\">Telefon:<\/span><\/p>\n<p><span style=\"font-size: 12pt;font-family: tahoma, arial, helvetica, sans-serif\">e-mail:<\/span><\/p>\n<p><span style=\"font-size: 12pt;font-family: tahoma, arial, helvetica, sans-serif\"><img class=\"size-full wp-image-275\" src=\"http:\/\/us.edu.pl\/instytut\/im\/wp-content\/uploads\/sites\/43\/Nieprzypisane\/ORCID.png\" alt=\"Logo ORCID\" width=\"71\" height=\"22\" \/><\/span><\/td>\n<td style=\"width: 78.7798%\"><span style=\"font-size: 12pt;font-family: tahoma, arial, helvetica, sans-serif\"><strong>Profesor Uczelni<br \/>\n<\/strong><\/span><span style=\"font-size: 12pt;font-family: tahoma, arial, helvetica, sans-serif\"><strong>Pracownicy badawczo-dydaktyczni<\/strong><\/span><span style=\"font-size: 12pt;font-family: tahoma, arial, helvetica, sans-serif\"><strong>Pedagogika<br \/>\n<\/strong><\/span><\/p>\n<p><span style=\"font-size: 12pt;font-family: tahoma, arial, helvetica, sans-serif\"><strong>b.d.<\/strong><\/span><\/p>\n<p><span style=\"font-size: 12pt;font-family: tahoma, arial, helvetica, sans-serif\"><strong>33 8546204<\/strong><\/span><\/p>\n<p><span style=\"font-size: 12pt;font-family: tahoma, arial, helvetica, sans-serif\"><strong>beata.oelszlaeger-kosturek@us.edu.pl <\/strong><\/span><\/p>\n<p><span style=\"font-size: 12pt;font-family: tahoma, arial, helvetica, sans-serif\"><strong><a href=\"https:\/\/orcid.org\/0000-0003-4916-3380\">0000-0003-4916-3380<\/a><\/strong><\/span><\/td>\n<\/tr>\n<\/tbody>\n<\/table>\n<p>[\/vc_column_text][\/vc_column][\/vc_row][vc_row][vc_column]\r\n\t\t\t\t<div class='container'>\r\n\t\t\t\t\t<div class='list-links list-links_blue'>\r\n\t\t\t\t\t\t  \r\n\t\t\t\t\t\t  <ul>\r\n\t\t\t\t\t\t\t\t<li><a href=''><p>Materia\u0142y dodatkowe<\/p><\/a><\/li><\/ul>\r\n\t\t\t\t\t<\/div>\r\n\t\t\t\t<\/div>   \r\n\t\t\t\t\t[\/vc_column][\/vc_row][vc_row][vc_column css=&#8221;.vc_custom_1597523042561{margin-bottom: -50px !important;}&#8221;]\r\n\t\t\t\t\t<div class='container'>\r\n\t\t\t\t\t\t<div class='sidebar_moduls sidebar_dropdown zakladki' style='background-color: #FFFFFF'>\r\n\t\t\t\t\t\t\t<h3 class='page-title'><\/h3>\r\n\t\t\t\t\t\t\t<p class='zakladki__desc'><\/p>\r\n\r\n\t\t\t\t\t\t\t<div class='bookmarks'>\r\n\t\t\t\t\t<div class=\"bookmark\">\r\n\t\t\t\t\t\t<div class=\"bookmark__title\">\r\n                            <h3>\r\n                                <span class=\"short\">Przebieg kariery naukowej<\/span>\r\n                                <span class=\"long\">Przebieg kariery naukowej<\/span>\r\n                            <\/h3>\r\n\t\t\t\t\t\t<\/div>\r\n\t\t\t\t\t\t\r\n\t\t\t\t\t\t<div class=\"bookmark__content-wrap\">\r\n\t\t\t\t\t\t\t<div class=\"bookmark__content\">\r\n\r\n\t\t\t\t\t\t\t\t\r\n\r\n\t\t\t\t\t\t\t\t<div class=\"bookmark_text\" style=\"font-size:20px;\">\r\n\t\t\t\t\t\t\t\t<li>1986 \u2013 uzyskanie tytu\u0142u magistra pedagogiki (Uniwersytet \u015al\u0105ski w Katowicach).\n<li>2002 \u2013 uzyskanie stopnia doktora nauk humanistycznych (Uniwersytet \u015al\u0105ski w Katowicach).\n<li>2019 \u2013 uzyskanie stopnia doktora habilitowanego nauk spo\u0142ecznych (Uniwersytet Mateja Bela w Ba\u0144skiej Bystrzycy).\n<li>Od 2003 \u2013 Cz\u0142onek Komisji ds. Stosunk\u00f3w Polsko-Czeskich i Polsko-S\u0142owackich PAN (przy U\u015a   w  Katowicach, Wydzia\u0142 Etnologii i Nauk o Edukacji w Cieszynie) \nod 2009 -  opiekun Studenckiego Ko\u0142a Naukowego Zintegrowanej Edukacji Wczesnoszkolnej.\n<li>Od 2015 \u2013 cz\u0142onek Polskiego Towarzystwa Pedagogicznego. \n2015-2016, 2017-2019 (do nadal) - przewodnicz\u0105ca Komisji Rewizyjnej PTP Oddzia\u0142 w Cieszynie.\n<li>2018-2019 - udzia\u0142 w pracach mi\u0119dzynarodowego zespo\u0142u badawczego wok\u00f3\u0142 tematu: Profesjonalne praktyki wsparciem kompetencji pedagogicznych przysz\u0142ych nauczycieli. Uczestnicy: pracownicy naukowi z Czech, S\u0142owacji, Polski, Austrii i Bawarii. Dotacja: Ministerstwo Szkolnictwa, M\u0142odzie\u017cy i Sportu Republiki Czeskiej. Koordynator g\u0142\u00f3wny: PhDr. Miroslav Proch\u00e1zka, PhD. v.r. (Jiho\u010desk\u00e1 univerzita v \u010cesk\u00fdch Bud\u011bjovicich).\n<li>1991  \u2013  nauczyciel mianowany w zakresie nauczania pocz\u0105tkowego.\n<li>1991 \u2013 Studium Specjalne metodyki nauczania j\u0119zyk\u00f3w obcych dla  nauczycieli j\u0119zyka francuskiego (Centrum Doskonalenia Nauczycieli oraz Wojew\u00f3dzki O\u015brodek Metodyczny w Katowicach).\n<li>1993 \u2013 egzamin kwalifikacyjny z j\u0119zyka francuskiego (II Nauczycielskie Kolegium J\u0119zyk\u00f3w Obcych w Sosnowcu).\n<li>1993 \u2013 Studium Podyplomowe w zakresie edukacji wczesnoszkolnej (Uniwersytet \u015al\u0105ski w Katowicach).\n<li>1996 \u2013 pierwszy stopie\u0144 specjalizacji zawodowej w zakresie nauczania pocz\u0105tkowego (Wojew\u00f3dzki O\u015brodek Metodyczny w Katowicach)\nod 2008 \u2013 rzeczoznawca podr\u0119cznik\u00f3w do kszta\u0142cenia zintegrowanego (ekspert Ministerstwa Edukacji Narodowej).\n<li>2008 - 2012 - Wydzia\u0142owy Koordynator w zakresie Lifelong Learning Programme \u2013 LLP\/Erasmus. \n<li>2012-2016 - wicedyrektor do spraw kszta\u0142cenia w Instytucie Nauk o Edukacji (Uniwersytet \u015al\u0105ski w Katowicach, Wydzia\u0142 Etnologii i Nauk o Edukacji w Cieszynie).\n<li>2019-2020 - Zast\u0119pca Dyrektora Kierunku: Pedagogika; Pedagogika os\u00f3b niepe\u0142nosprawnych z arteterapi\u0105; Pedagogika przedszkolna i wczesnoszkolna na Wydziale Sztuki i Nauk o Edukacji (Uniwersytet \u015al\u0105ski w Katowicach).\n\r\n\t\t\t\t\t\t\t\t<br>\r\n\t\t\t\t\t\t\t\t\r\n\t\t\t\t\t\t\t\t<\/div>\r\n\t\t\t\t\t\t\t<\/div>\r\n\t\t\t\t\t\t<\/div>\r\n\t\t\t\t\t<\/div>\r\n\t\t\t\t\t<div class=\"bookmark\">\r\n\t\t\t\t\t\t<div class=\"bookmark__title\">\r\n                            <h3>\r\n                                <span class=\"short\">Zainteresowania badawcze<\/span>\r\n                                <span class=\"long\">Zainteresowania badawcze<\/span>\r\n                            <\/h3>\r\n\t\t\t\t\t\t<\/div>\r\n\t\t\t\t\t\t\r\n\t\t\t\t\t\t<div class=\"bookmark__content-wrap\">\r\n\t\t\t\t\t\t\t<div class=\"bookmark__content\">\r\n\r\n\t\t\t\t\t\t\t\t\r\n\r\n\t\t\t\t\t\t\t\t<div class=\"bookmark_text\" style=\"font-size:20px;\">\r\n\t\t\t\t\t\t\t\t<li>aspekty podmiotowo\u015bci w kszta\u0142ceniu nauczycieli i uczni\u00f3w klas I-III\n<li>refleksja i autorefleksja nauczyciela edukacji wczesnoszkolnej\n<li>uczenie si\u0119 uczni\u00f3w klas m\u0142odszych a czynno\u015bci i dzia\u0142ania nauczycieli\n<li>integracja proces\u00f3w nauczania, uczenia si\u0119 i wychowania\n<li>programy i podr\u0119czniki w kszta\u0142ceniu zintegrowanym i edukacji wczesnoszkolnej \n<li>nauczanie j\u0119zyka obcego nowo\u017cytnego w przedszkolu i klasach I-III\n<li>kszta\u0142cenie student\u00f3w pedagogiki \u2013 przysz\u0142ych nauczycieli\n<li>edukacja wczesnoszkolna i przedszkolna w Polsce i na \u015bwiecie\n<li>wsp\u00f3\u0142praca szko\u0142y i przedszkola z rodzicami \n<li>komunikacja uczni\u00f3w z nauczycielem a kszta\u0142t procesu edukacyjnego\n\n\r\n\t\t\t\t\t\t\t\t<br>\r\n\t\t\t\t\t\t\t\t\r\n\t\t\t\t\t\t\t\t<\/div>\r\n\t\t\t\t\t\t\t<\/div>\r\n\t\t\t\t\t\t<\/div>\r\n\t\t\t\t\t<\/div>\r\n\t\t\t\t\t<div class=\"bookmark\">\r\n\t\t\t\t\t\t<div class=\"bookmark__title\">\r\n                            <h3>\r\n                                <span class=\"short\">Najwa\u017cniejsze osi\u0105gni\u0119cia naukowe, wyr\u00f3\u017cnienia i nagrody<\/span>\r\n                                <span class=\"long\">Najwa\u017cniejsze osi\u0105gni\u0119cia naukowe, wyr\u00f3\u017cnienia i nagrody<\/span>\r\n                            <\/h3>\r\n\t\t\t\t\t\t<\/div>\r\n\t\t\t\t\t\t\r\n\t\t\t\t\t\t<div class=\"bookmark__content-wrap\">\r\n\t\t\t\t\t\t\t<div class=\"bookmark__content\">\r\n\r\n\t\t\t\t\t\t\t\t\r\n\r\n\t\t\t\t\t\t\t\t<div class=\"bookmark_text\" style=\"font-size:20px;\">\r\n\t\t\t\t\t\t\t\t<li>1992 \u2013 nagroda Kuratora O\u015bwiaty w Katowicach\n<li>1995 \u2013 nagroda pierwszego stopnia Ministra Edukacji Narodowej\n<li>2002 \u2013 nagroda Rektora Uniwersytetu \u015al\u0105skiego w Katowicach\n<li>2003 \u2013 nagroda Rektora Uniwersytetu \u015al\u0105skiego w Katowicach\n<li>2010 \u2013 nagroda Rektora Uniwersytetu \u015al\u0105skiego w Katowicach\n<li>2013 \u2013 nagroda Rektora Uniwersytetu \u015al\u0105skiego w Katowicach\n<li>2015 \u2013 Medal Komisji Edukacji Narodowej\n<li>2016 \u2013 nagroda indywidualna III stopnia Rektora Uniwersytetu \u015al\u0105skiego za dzia\u0142alno\u015b\u0107 naukowo-badawcz\u0105\n\r\n\t\t\t\t\t\t\t\t<br>\r\n\t\t\t\t\t\t\t\t\r\n\t\t\t\t\t\t\t\t<\/div>\r\n\t\t\t\t\t\t\t<\/div>\r\n\t\t\t\t\t\t<\/div>\r\n\t\t\t\t\t<\/div>\r\n\t\t\t\t\t<div class=\"bookmark\">\r\n\t\t\t\t\t\t<div class=\"bookmark__title\">\r\n                            <h3>\r\n                                <span class=\"short\">Sta\u017ce naukowe\/Wizyty studyjne<\/span>\r\n                                <span class=\"long\">Sta\u017ce naukowe\/Wizyty studyjne<\/span>\r\n                            <\/h3>\r\n\t\t\t\t\t\t<\/div>\r\n\t\t\t\t\t\t\r\n\t\t\t\t\t\t<div class=\"bookmark__content-wrap\">\r\n\t\t\t\t\t\t\t<div class=\"bookmark__content\">\r\n\r\n\t\t\t\t\t\t\t\t\r\n\r\n\t\t\t\t\t\t\t\t<div class=\"bookmark_text\" style=\"font-size:20px;\">\r\n\t\t\t\t\t\t\t\t<li>Sta\u017c naukowy FY 2003 - Fullbright Educational Partnership: Preparing Educators for Global Society. Program pomi\u0119dzy: El Camino College w Los Angeles (USA) i Uniwersytetem \u015al\u0105skim \u2013 Filia w Cieszynie (2003-2006). P-1-06025 (pobyt na sta\u017cu - pa\u017adziernik 2006)\n\r\n\t\t\t\t\t\t\t\t<br>\r\n\t\t\t\t\t\t\t\t\r\n\t\t\t\t\t\t\t\t<\/div>\r\n\t\t\t\t\t\t\t<\/div>\r\n\t\t\t\t\t\t<\/div>\r\n\t\t\t\t\t<\/div>\r\n\t\t\t\t\t<div class=\"bookmark\">\r\n\t\t\t\t\t\t<div class=\"bookmark__title\">\r\n                            <h3>\r\n                                <span class=\"short\">Cz\u0142onkostwo w radach naukowych i radach redakcyjnych <\/span>\r\n                                <span class=\"long\">Cz\u0142onkostwo w radach naukowych i radach redakcyjnych <\/span>\r\n                            <\/h3>\r\n\t\t\t\t\t\t<\/div>\r\n\t\t\t\t\t\t\r\n\t\t\t\t\t\t<div class=\"bookmark__content-wrap\">\r\n\t\t\t\t\t\t\t<div class=\"bookmark__content\">\r\n\r\n\t\t\t\t\t\t\t\t\r\n\r\n\t\t\t\t\t\t\t\t<div class=\"bookmark_text\" style=\"font-size:20px;\">\r\n\t\t\t\t\t\t\t\t<li>Cz\u0142onkini Rady Naukowej czasopisma - Cieszy\u0144ski Almanach Pedagogiczny\n\n\n<li>Redaktor Serii Pedagogika Uniwersytetu \u015al\u0105skiego \u2013 od 1.10.2012 do 29.04.2014.\n<li>Przewodnicz\u0105ca Wydzia\u0142owej Komisji Wydawniczej \u2013 od 29.04.2014-30.09.2019.\n<li>Redaktor tematyczny z zakresu dydaktyki \u2013 w czasopi\u015bmie parametryzowanym \u201eChowanna\u201d.\n<li>Subject Editor czasopisma parametryzowanego \u201cThe New Educational Review\u201d od 2013 Associate Editor; potem cz\u0142onkini kolegium redakcyjnego czasopisma. \n<li>Za\u0142o\u017cycielka Centrum Ekspresji Dzieci\u0119cej przy bibliotece \u015al\u0105skiej w Katowicach (2003). Organizuje Og\u00f3lnopolskie Festiwale Ekspresji Dzieci\u0119cej oraz Og\u00f3lnopolskie Konferencje Naukowe na temat Sztuka i Edukacja, Edukacja przez Sztuk\u0119. \r\n\t\t\t\t\t\t\t\t<br>\r\n\t\t\t\t\t\t\t\t\r\n\t\t\t\t\t\t\t\t<\/div>\r\n\t\t\t\t\t\t\t<\/div>\r\n\t\t\t\t\t\t<\/div>\r\n\t\t\t\t\t<\/div><\/div>\r\n\t\t\t\t\t\t<\/div>\r\n\t\t\t\t\t <\/div>[\/vc_column][\/vc_row]<\/p>","protected":false},"excerpt":{"rendered":"<p>[vc_row][vc_column width=&#8221;1\/4&#8243;][vc_single_image image=&#8221;737&#8243; img_size=&#8221;medium&#8221; style=&#8221;vc_box_shadow_3d&#8221;][\/vc_column][vc_column width=&#8221;3\/4&#8243; css=&#8221;.vc_custom_1597521185463{border-bottom-width: -30px !important;}&#8221;][vc_column_text] Stanowisko: Grupa: Specjalno\u015b\u0107: Pok\u00f3j: Telefon: e-mail: Profesor Uczelni Pracownicy badawczo-dydaktyczniPedagogika b.d. 33 8546204 beata.oelszlaeger-kosturek@us.edu.pl 0000-0003-4916-3380 [\/vc_column_text][\/vc_column][\/vc_row][vc_row][vc_column][\/vc_column][\/vc_row][vc_row][vc_column css=&#8221;.vc_custom_1597523042561{margin-bottom: -50px !important;}&#8221;][\/vc_column][\/vc_row] [&#8230;]<\/p>\n<p><a class=\"btn btn-secondary understrap-read-more-link\" href=\"https:\/\/us.edu.pl\/instytut\/ipe\/dr-hab-beata-oelszlaeger-kosturek\/\">Read More&#8230;<\/a><\/p>\n","protected":false},"author":2293,"featured_media":0,"parent":0,"menu_order":0,"comment_status":"closed","ping_status":"closed","template":"page-templates\/page-with-bookmarks.php","meta":{"_expiration-date-status":"saved","_expiration-date":0,"_expiration-date-type":"","_expiration-date-categories":[],"_expiration-date-options":[]},"acf":[],"_links":{"self":[{"href":"https:\/\/us.edu.pl\/instytut\/ipe\/wp-json\/wp\/v2\/pages\/789"}],"collection":[{"href":"https:\/\/us.edu.pl\/instytut\/ipe\/wp-json\/wp\/v2\/pages"}],"about":[{"href":"https:\/\/us.edu.pl\/instytut\/ipe\/wp-json\/wp\/v2\/types\/page"}],"author":[{"embeddable":true,"href":"https:\/\/us.edu.pl\/instytut\/ipe\/wp-json\/wp\/v2\/users\/2293"}],"replies":[{"embeddable":true,"href":"https:\/\/us.edu.pl\/instytut\/ipe\/wp-json\/wp\/v2\/comments?post=789"}],"version-history":[{"count":2,"href":"https:\/\/us.edu.pl\/instytut\/ipe\/wp-json\/wp\/v2\/pages\/789\/revisions"}],"predecessor-version":[{"id":938,"href":"https:\/\/us.edu.pl\/instytut\/ipe\/wp-json\/wp\/v2\/pages\/789\/revisions\/938"}],"wp:attachment":[{"href":"https:\/\/us.edu.pl\/instytut\/ipe\/wp-json\/wp\/v2\/media?parent=789"}],"curies":[{"name":"wp","href":"https:\/\/api.w.org\/{rel}","templated":true}]}}