{"id":798,"date":"2020-08-20T11:21:52","date_gmt":"2020-08-20T09:21:52","guid":{"rendered":"https:\/\/us.edu.pl\/instytut\/ipe\/?page_id=798"},"modified":"2021-02-23T11:37:10","modified_gmt":"2021-02-23T10:37:10","slug":"prof-dr-hab-ewa-jarosz","status":"publish","type":"page","link":"https:\/\/us.edu.pl\/instytut\/ipe\/prof-dr-hab-ewa-jarosz\/","title":{"rendered":"Prof. dr hab. Ewa Jarosz"},"content":{"rendered":"<p>[vc_row][vc_column width=&#8221;1\/4&#8243;][vc_single_image image=&#8221;813&#8243; img_size=&#8221;medium&#8221; style=&#8221;vc_box_shadow_3d&#8221;][\/vc_column][vc_column width=&#8221;3\/4&#8243; css=&#8221;.vc_custom_1597521185463{border-bottom-width: -30px !important;}&#8221;][vc_column_text]<\/p>\n<table style=\"width: 72.9397%\">\n<tbody>\n<tr>\n<td style=\"width: 24.6684%\"><span style=\"font-size: 12pt;font-family: tahoma, arial, helvetica, sans-serif\">Stanowisko:<\/span><\/p>\n<p><span style=\"font-size: 12pt;font-family: tahoma, arial, helvetica, sans-serif\">Grupa:<\/span><\/p>\n<p><span style=\"font-size: 12pt;font-family: tahoma, arial, helvetica, sans-serif\">Specjalno\u015b\u0107:<\/span><\/p>\n<p><span style=\"font-size: 12pt;font-family: tahoma, arial, helvetica, sans-serif\">Pok\u00f3j:<\/span><\/p>\n<p><span style=\"font-size: 12pt;font-family: tahoma, arial, helvetica, sans-serif\">Telefon:<\/span><\/p>\n<p><span style=\"font-size: 12pt;font-family: tahoma, arial, helvetica, sans-serif\">e-mail:<\/span><\/p>\n<p><span style=\"font-size: 12pt;font-family: tahoma, arial, helvetica, sans-serif\"><img class=\"size-full wp-image-275\" src=\"http:\/\/us.edu.pl\/instytut\/im\/wp-content\/uploads\/sites\/43\/Nieprzypisane\/ORCID.png\" alt=\"Logo ORCID\" width=\"71\" height=\"22\" \/><\/span><\/td>\n<td style=\"width: 78.7798%\"><span style=\"font-size: 12pt;font-family: tahoma, arial, helvetica, sans-serif\"><strong>Profesor<\/strong><\/span><\/p>\n<p><span style=\"font-size: 12pt;font-family: tahoma, arial, helvetica, sans-serif\"><strong>Pracownicy badawczo-dydaktyczni<\/strong><\/span><\/p>\n<p><span style=\"font-size: 12pt;font-family: tahoma, arial, helvetica, sans-serif\"><strong>Pedagogika<br \/>\n<\/strong><\/span><\/p>\n<p><span style=\"font-size: 12pt;font-family: tahoma, arial, helvetica, sans-serif\"><strong>133<\/strong><\/span><\/p>\n<p><span style=\"font-size: 12pt;font-family: tahoma, arial, helvetica, sans-serif\"><strong>brak<\/strong><\/span><\/p>\n<p><span style=\"font-size: 12pt;font-family: tahoma, arial, helvetica, sans-serif\"><strong>ewa.jarosz@us.edu.pl <\/strong><\/span><\/p>\n<p><span style=\"font-size: 12pt;font-family: tahoma, arial, helvetica, sans-serif\"><strong><a href=\"https:\/\/orcid.org\/0000-0002-3207-0148\">0000-0002-3207-0148<\/a><\/strong><\/span><\/td>\n<\/tr>\n<\/tbody>\n<\/table>\n<p>[\/vc_column_text][\/vc_column][\/vc_row][vc_row][vc_column]\r\n\t\t\t\t<div class='container'>\r\n\t\t\t\t\t<div class='list-links list-links_blue'>\r\n\t\t\t\t\t\t  \r\n\t\t\t\t\t\t  <ul>\r\n\t\t\t\t\t\t\t\t<li><a href=''><p>Materia\u0142y dodatkowe<\/p><\/a><\/li><\/ul>\r\n\t\t\t\t\t<\/div>\r\n\t\t\t\t<\/div>   \r\n\t\t\t\t\t[\/vc_column][\/vc_row][vc_row][vc_column css=&#8221;.vc_custom_1597523042561{margin-bottom: -50px !important;}&#8221;]\r\n\t\t\t\t\t<div class='container'>\r\n\t\t\t\t\t\t<div class='sidebar_moduls sidebar_dropdown zakladki' style='background-color: #FFFFFF'>\r\n\t\t\t\t\t\t\t<h3 class='page-title'><\/h3>\r\n\t\t\t\t\t\t\t<p class='zakladki__desc'><\/p>\r\n\r\n\t\t\t\t\t\t\t<div class='bookmarks'>\r\n\t\t\t\t\t<div class=\"bookmark\">\r\n\t\t\t\t\t\t<div class=\"bookmark__title\">\r\n                            <h3>\r\n                                <span class=\"short\">Przebieg kariery naukowej<\/span>\r\n                                <span class=\"long\">Przebieg kariery naukowej<\/span>\r\n                            <\/h3>\r\n\t\t\t\t\t\t<\/div>\r\n\t\t\t\t\t\t\r\n\t\t\t\t\t\t<div class=\"bookmark__content-wrap\">\r\n\t\t\t\t\t\t\t<div class=\"bookmark__content\">\r\n\r\n\t\t\t\t\t\t\t\t\r\n\r\n\t\t\t\t\t\t\t\t<div class=\"bookmark_text\" style=\"font-size:20px;\">\r\n\t\t\t\t\t\t\t\t<li>1987 -  uzyskanie tytu\u0142u Magistra Pedagogiki, Wydzia\u0142 Pedagogiki i Psychologii, Uniwersytet \u015al\u0105ski w Katowicach\n<li>1996 \u2013 uzyskanie stopnia doktora nauk humanistycznych w zakresie pedagogiki, Wydzia\u0142 Pedagogiki i Psychologii, Uniwersytet \u015al\u0105ski w Katowicach\n<li>2009 \u2013 uzyskanie stopnia doktora habilitowanego nauk humanistycznych w zakresie pedagogiki, Wydzia\u0142 Pedagogiki i Psychologii, Uniwersytet \u015al\u0105ski w Katowicach\n<li>2020 \u2013 uzyskanie tytu\u0142u Profesora Nauk Spo\u0142ecznych, przew\u00f3d na Wydziale Pedagogiki i Psychologii, Uniwersytet \u015al\u0105ski w Katowicach\n<br>\n<br>\n<b>Wa\u017cniejsze funkcje:<\/b>\n<br>\n<li>2020 \u2013 2024 cz\u0142onkini Komitetu Nauk Pedagogicznych Polskiej Akademii Nauk\n<li>2020-2024 Wiceprzewodnicz\u0105ca Sekcji Pedagogiki Spo\u0142ecznej Komitetu Nauk Pedagogicznych PAN\n<li>2012-2016 - Wiceprzewodnicz\u0105ca Zespo\u0142u Pedagogiki Spo\u0142ecznej przy Komitecie Nauk Pedagogicznych PAN\n2009 do teraz  cz\u0142onkini Zespo\u0142u Pedagogiki Spo\u0142ecznej przy Komitecie Nauk Pedagogicznych PAN\n<li>2010-2014    Ekspert Polskiej Komisji Akredytacyjnej\n<li>2012              Ekspert Ministerstwa Spraw Zagranicznych  dla obchod\u00f3w Roku 2012 Janusza Korczaka\n<li>2016 do teraz   Wiceprezes Stowarzyszenia Ruch Pedagog\u00f3w Spo\u0142ecznie Zaanga\u017cowanych\n<li>2003-2018   cz\u0142onkini International Society of Child  Abuse and Neglect\n<li>2011-2018  Spo\u0142eczny Doradca Rzecznika Praw Dziecka\n<li>2012-2020: Przewodnicz\u0105ca Senackiej Komisji ds. Kszta\u0142cenie i Student\u00f3w Uniwersytet \u015al\u0105ski w Katowicach\n<br>\n<br>\n<b>Certyfikowane szkolenia:<\/b>\n<br>\n <li>Nowoczesny wyk\u0142adowca Tutor i Coach (2011)\n<li>\u201eMasters of Didactic\u201d University of Groeningen i MNiSW  ( 2019- 2020) \n\n\r\n\t\t\t\t\t\t\t\t<br>\r\n\t\t\t\t\t\t\t\t\r\n\t\t\t\t\t\t\t\t<\/div>\r\n\t\t\t\t\t\t\t<\/div>\r\n\t\t\t\t\t\t<\/div>\r\n\t\t\t\t\t<\/div>\r\n\t\t\t\t\t<div class=\"bookmark\">\r\n\t\t\t\t\t\t<div class=\"bookmark__title\">\r\n                            <h3>\r\n                                <span class=\"short\">Zainteresowania badawcze<\/span>\r\n                                <span class=\"long\">Zainteresowania badawcze<\/span>\r\n                            <\/h3>\r\n\t\t\t\t\t\t<\/div>\r\n\t\t\t\t\t\t\r\n\t\t\t\t\t\t<div class=\"bookmark__content-wrap\">\r\n\t\t\t\t\t\t\t<div class=\"bookmark__content\">\r\n\r\n\t\t\t\t\t\t\t\t\r\n\r\n\t\t\t\t\t\t\t\t<div class=\"bookmark_text\" style=\"font-size:20px;\">\r\n\t\t\t\t\t\t\t\t<li>Prawa dziecka; dynamika rozwoju, globalne i lokalne systemy ochrony, spo\u0142eczna implementacja w r\u00f3\u017cnych warunkach spo\u0142eczno-kulturowych i \u015brodowiskowych.\n<li>Przemoc wobec dzieci; aspekty historyczne i kulturowe, wsp\u00f3\u0142czesne formy i uwarunkowania, przemoc w wychowaniu, postawy spo\u0142eczne wobec zjawiska, systemy i \u015brodki ochrony dzieci przed przemoc\u0105 \/diagnoza, interwencja, profilaktyka\/ na r\u00f3\u017cnych poziomach spo\u0142ecznych, przemoc  po\u015brednia wobec dzieci (w rodzinie).\n<li>Dziecko i dzieci\u0144stwo; rozw\u00f3j i dynamika spo\u0142eczno-kulturowych konstrukt\u00f3w, dobrostan \/well-being\/ i jako\u015b\u0107 \u017cycia dzieci oraz jego odczuwanie \/subjective well-being\/, diagnoza zagro\u017ce\u0144 dzieci\u0144stwa.\n<li>Partycypacja spo\u0142eczna i aktywne obywatelstwo dzieci i m\u0142odzie\u017cy; rozw\u00f3j idei w \u015bwietle r\u00f3wno\u015bci praw, inkluzji spo\u0142ecznej i  demokracji, formy i poziomy oraz bariery implementacji w r\u00f3\u017cnych \u015brodowiskach i na r\u00f3wnych poziomach spo\u0142ecznych,  dyskryminacja spo\u0142eczna i obywatelska dzieci i m\u0142odzie\u017cy.\n<li>Badania dzieci\u0144stwa \/childhood studies\/;  rozw\u00f3j, zakres, dynamika i perspektywy \/aspekty ontologiczne, epistemologiczne, metodologiczne i etyczne.\n<li>Diagnoza dobrostanu i jako\u015bci \u017cycia oraz realizacji praw dzieci i m\u0142odzie\u017cy.\n<li>Diagnoza pedagogiczna i spo\u0142eczna; problemy i mo\u017cliwo\u015bci metodologiczne w r\u00f3\u017cnych \u015brodowiskach wychowawczych i spo\u0142ecznych, partycypacyjne wymiary i metody diagnozowania, etyczne aspekty diagnozowania.\n\n\r\n\t\t\t\t\t\t\t\t<br>\r\n\t\t\t\t\t\t\t\t\r\n\t\t\t\t\t\t\t\t<\/div>\r\n\t\t\t\t\t\t\t<\/div>\r\n\t\t\t\t\t\t<\/div>\r\n\t\t\t\t\t<\/div>\r\n\t\t\t\t\t<div class=\"bookmark\">\r\n\t\t\t\t\t\t<div class=\"bookmark__title\">\r\n                            <h3>\r\n                                <span class=\"short\">Najwa\u017cniejsze osi\u0105gni\u0119cia naukowe, wyr\u00f3\u017cnienia i nagrody<\/span>\r\n                                <span class=\"long\">Najwa\u017cniejsze osi\u0105gni\u0119cia naukowe, wyr\u00f3\u017cnienia i nagrody<\/span>\r\n                            <\/h3>\r\n\t\t\t\t\t\t<\/div>\r\n\t\t\t\t\t\t\r\n\t\t\t\t\t\t<div class=\"bookmark__content-wrap\">\r\n\t\t\t\t\t\t\t<div class=\"bookmark__content\">\r\n\r\n\t\t\t\t\t\t\t\t\r\n\r\n\t\t\t\t\t\t\t\t<div class=\"bookmark_text\" style=\"font-size:20px;\">\r\n\t\t\t\t\t\t\t\t<li>Autorka i wsp\u00f3\u0142autorka ponad 180 publikacji naukowych,  w tym 9 monografii oraz  redaktorka i wsp\u00f3\u0142redaktorka 11 monografii zbiorowych \n<li>Autorka og\u00f3lnopolskich bada\u0144 \u2013 monitoring Rzecznika Praw Dziecka \u201ePostawy spo\u0142eczne wobec przemocy w wychowaniu\u201d w latach 2012-2018\n<li>Nagroda G\u0142\u00f3wna V edycji og\u00f3lnopolskiego Konkursu im Prof. Ireny Lepalczyk w dziedzinie  prac badawczych z pedagogiki spo\u0142ecznej (2009)\n<li>Nagroda  II stopnia  Ministra Nauki i Szkolnictwa Wy\u017cszego za wybitne osi\u0105gni\u0119cia naukowe (2010)\n<li>Nagrody indywidualne  JM Rektora Uniwersytetu \u015al\u0105skiego w Katowicach ( corocznie w latach 2013-2019)  \n<li>Koordynator krajowy mi\u0119dzynarodowego projektu \u201eNon-violent childhoods \u2013 moving on from corporal punishment in the Baltic Sea Region\u201d Children at Risk Unit Rady Pa\u0144stw Rejonu Morza Ba\u0142tyckiego (2017-2018)\n<li>Recenzent w przewodzie  Doktoratu Honoris Causa Marty Santos Pais Specjalnego Reprezentanta Sekretarza Generalnego ONZ ds. przemocy wobec dzieci (2017)\n<li>Medal Rzecznika Praw Dziecka Infantis Dignitatis Defensori za zas\u0142ugi w ochronie praw dziecka (2018)\n<li>Medal Komisji Edukacji Narodowej (2009)\n<li>Obywatelski Kandydat na Rzecznika Praw Dziecka na kadencj\u0119 2018-2023\n\n\n\r\n\t\t\t\t\t\t\t\t<br>\r\n\t\t\t\t\t\t\t\t\r\n\t\t\t\t\t\t\t\t<\/div>\r\n\t\t\t\t\t\t\t<\/div>\r\n\t\t\t\t\t\t<\/div>\r\n\t\t\t\t\t<\/div>\r\n\t\t\t\t\t<div class=\"bookmark\">\r\n\t\t\t\t\t\t<div class=\"bookmark__title\">\r\n                            <h3>\r\n                                <span class=\"short\">Sta\u017ce naukowe\/Wizyty studyjne<\/span>\r\n                                <span class=\"long\">Sta\u017ce naukowe\/Wizyty studyjne<\/span>\r\n                            <\/h3>\r\n\t\t\t\t\t\t<\/div>\r\n\t\t\t\t\t\t\r\n\t\t\t\t\t\t<div class=\"bookmark__content-wrap\">\r\n\t\t\t\t\t\t\t<div class=\"bookmark__content\">\r\n\r\n\t\t\t\t\t\t\t\t\r\n\r\n\t\t\t\t\t\t\t\t<div class=\"bookmark_text\" style=\"font-size:20px;\">\r\n\t\t\t\t\t\t\t\t<b>Sta\u017ce naukowe:<\/b>\n<br>\n<li>UNICEF Office of Research Innocenti, Florencja, W\u0142ochy (2017), \n<li>Complutense University of Madrid, Madryt, Hiszpania (2018), \n<li>National Institute of Childhood, National Foundation on Society Wellbeing, Malta\n<li>Masaryowa Univerzita Brno ( 2015), \n<li>Univerzita Hradec Kralove (2015)\n<br>\n<br>\n<b>Wizyty studyjne:<\/b>\n<br>\n<li>Western Galilea College, Akko Izrael (2015), \n<li>Australian Centre  of Child Protection , University of South Australia, Adelajda, Australia (2018)\n<li>Columbia University New York, Harriman Institute, New York,  USA (2018), \n<li>Office of the Special Representative of the Secretary General UN on violence  against children, New York USA (2018\n<br>\nAktywny udzia\u0142 w konferencjach mi\u0119dzynarodowych \/wyb\u00f3r\/:\n<li>Tel Aviv, Izrael ( 2019); Seattle, USA (2018); New York  USA (2018); Sztokholm , Szwecja (2018, 2016); Ryga, \u0141otwa (2018); Tallin, Estonia (2018); Haga , Holandia (2017); Brno, RepublikaCzeska (corocznie 2009-2017); Valetta, Malta (2016); Florencja , W\u0142ochy ( 2016); Sofia, Bu\u0142garia (2016); Amsterdam, Holandia (2015); Genewa, Szwajcaria  (2014, i 2015), Berno , Szwajcaria 2012); Turyn , W\u0142ochy (2012); \n\n\r\n\t\t\t\t\t\t\t\t<br>\r\n\t\t\t\t\t\t\t\t\r\n\t\t\t\t\t\t\t\t<\/div>\r\n\t\t\t\t\t\t\t<\/div>\r\n\t\t\t\t\t\t<\/div>\r\n\t\t\t\t\t<\/div>\r\n\t\t\t\t\t<div class=\"bookmark\">\r\n\t\t\t\t\t\t<div class=\"bookmark__title\">\r\n                            <h3>\r\n                                <span class=\"short\">Cz\u0142onkostwo w radach naukowych i radach redakcyjnych <\/span>\r\n                                <span class=\"long\">Cz\u0142onkostwo w radach naukowych i radach redakcyjnych <\/span>\r\n                            <\/h3>\r\n\t\t\t\t\t\t<\/div>\r\n\t\t\t\t\t\t\r\n\t\t\t\t\t\t<div class=\"bookmark__content-wrap\">\r\n\t\t\t\t\t\t\t<div class=\"bookmark__content\">\r\n\r\n\t\t\t\t\t\t\t\t\r\n\r\n\t\t\t\t\t\t\t\t<div class=\"bookmark_text\" style=\"font-size:20px;\">\r\n\t\t\t\t\t\t\t\t<li>2014-2020 Zast\u0119pca Redaktora Naczelnego  czasopisma \u201ePedagogika Spo\u0142eczna\u201d\n<br>\n<br>\n<b>Cz\u0142onkini rad naukowych i rad redakcyjnych czasopism naukowych:<\/b>\n<br>\n<li>Pedagogika Spo\u0142eczna\n<li>Chowanna\n<li>Polish Journal of Pedagogical Studies \n<li>Dziecko Krzywdzone\n<li>Niebieska Linia\n\r\n\t\t\t\t\t\t\t\t<br>\r\n\t\t\t\t\t\t\t\t\r\n\t\t\t\t\t\t\t\t<\/div>\r\n\t\t\t\t\t\t\t<\/div>\r\n\t\t\t\t\t\t<\/div>\r\n\t\t\t\t\t<\/div><\/div>\r\n\t\t\t\t\t\t<\/div>\r\n\t\t\t\t\t <\/div>[\/vc_column][\/vc_row]<\/p>","protected":false},"excerpt":{"rendered":"<p>[vc_row][vc_column width=&#8221;1\/4&#8243;][vc_single_image image=&#8221;813&#8243; img_size=&#8221;medium&#8221; style=&#8221;vc_box_shadow_3d&#8221;][\/vc_column][vc_column width=&#8221;3\/4&#8243; css=&#8221;.vc_custom_1597521185463{border-bottom-width: -30px !important;}&#8221;][vc_column_text] Stanowisko: Grupa: Specjalno\u015b\u0107: Pok\u00f3j: Telefon: e-mail: Profesor Pracownicy badawczo-dydaktyczni Pedagogika 133 brak ewa.jarosz@us.edu.pl 0000-0002-3207-0148 [\/vc_column_text][\/vc_column][\/vc_row][vc_row][vc_column][\/vc_column][\/vc_row][vc_row][vc_column css=&#8221;.vc_custom_1597523042561{margin-bottom: -50px !important;}&#8221;][\/vc_column][\/vc_row] [&#8230;]<\/p>\n<p><a class=\"btn btn-secondary understrap-read-more-link\" href=\"https:\/\/us.edu.pl\/instytut\/ipe\/prof-dr-hab-ewa-jarosz\/\">Read More&#8230;<\/a><\/p>\n","protected":false},"author":2293,"featured_media":0,"parent":0,"menu_order":0,"comment_status":"closed","ping_status":"closed","template":"page-templates\/page-with-bookmarks.php","meta":{"_expiration-date-status":"saved","_expiration-date":0,"_expiration-date-type":"","_expiration-date-categories":[],"_expiration-date-options":[]},"acf":[],"_links":{"self":[{"href":"https:\/\/us.edu.pl\/instytut\/ipe\/wp-json\/wp\/v2\/pages\/798"}],"collection":[{"href":"https:\/\/us.edu.pl\/instytut\/ipe\/wp-json\/wp\/v2\/pages"}],"about":[{"href":"https:\/\/us.edu.pl\/instytut\/ipe\/wp-json\/wp\/v2\/types\/page"}],"author":[{"embeddable":true,"href":"https:\/\/us.edu.pl\/instytut\/ipe\/wp-json\/wp\/v2\/users\/2293"}],"replies":[{"embeddable":true,"href":"https:\/\/us.edu.pl\/instytut\/ipe\/wp-json\/wp\/v2\/comments?post=798"}],"version-history":[{"count":9,"href":"https:\/\/us.edu.pl\/instytut\/ipe\/wp-json\/wp\/v2\/pages\/798\/revisions"}],"predecessor-version":[{"id":1309,"href":"https:\/\/us.edu.pl\/instytut\/ipe\/wp-json\/wp\/v2\/pages\/798\/revisions\/1309"}],"wp:attachment":[{"href":"https:\/\/us.edu.pl\/instytut\/ipe\/wp-json\/wp\/v2\/media?parent=798"}],"curies":[{"name":"wp","href":"https:\/\/api.w.org\/{rel}","templated":true}]}}