{"id":807,"date":"2020-08-20T20:33:56","date_gmt":"2020-08-20T18:33:56","guid":{"rendered":"https:\/\/us.edu.pl\/instytut\/ipe\/?page_id=807"},"modified":"2023-01-08T19:22:55","modified_gmt":"2023-01-08T18:22:55","slug":"dr-ewelina-kawiak","status":"publish","type":"page","link":"https:\/\/us.edu.pl\/instytut\/ipe\/dr-ewelina-kawiak\/","title":{"rendered":"Dr Ewelina Kawiak"},"content":{"rendered":"<p>[vc_row][vc_column width=&#8221;1\/4&#8243;][vc_single_image image=&#8221;901&#8243; img_size=&#8221;medium&#8221; style=&#8221;vc_box_shadow_3d&#8221;][\/vc_column][vc_column width=&#8221;3\/4&#8243; css=&#8221;.vc_custom_1597521185463{border-bottom-width: -30px !important;}&#8221;][vc_column_text]<\/p>\n<table style=\"width: 72.9397%;\">\n<tbody>\n<tr>\n<td style=\"width: 24.6684%;\"><span style=\"font-size: 12pt; font-family: tahoma, arial, helvetica, sans-serif;\">Stanowisko:<\/span><\/p>\n<p><span style=\"font-size: 12pt; font-family: tahoma, arial, helvetica, sans-serif;\">Grupa:<\/span><\/p>\n<p><span style=\"font-size: 12pt; font-family: tahoma, arial, helvetica, sans-serif;\">Specjalno\u015b\u0107:<\/span><\/p>\n<p><span style=\"font-size: 12pt; font-family: tahoma, arial, helvetica, sans-serif;\">Pok\u00f3j:<\/span><\/p>\n<p><span style=\"font-size: 12pt; font-family: tahoma, arial, helvetica, sans-serif;\">Telefon:<\/span><\/p>\n<p><span style=\"font-size: 12pt; font-family: tahoma, arial, helvetica, sans-serif;\">e-mail:<\/span><\/p>\n<p><span style=\"font-size: 12pt; font-family: tahoma, arial, helvetica, sans-serif;\"><img class=\"size-full wp-image-275\" src=\"http:\/\/us.edu.pl\/instytut\/im\/wp-content\/uploads\/sites\/43\/Nieprzypisane\/ORCID.png\" alt=\"Logo ORCID\" width=\"71\" height=\"22\" \/><\/span><\/td>\n<td style=\"width: 78.7798%;\"><span style=\"font-size: 12pt; font-family: tahoma, arial, helvetica, sans-serif;\"><strong>Adiunkt<\/strong><\/span><\/p>\n<p><span style=\"font-size: 12pt; font-family: tahoma, arial, helvetica, sans-serif;\"><strong>Pracownicy badawczo-dydaktyczni<\/strong><\/span><\/p>\n<p><span style=\"font-size: 12pt; font-family: tahoma, arial, helvetica, sans-serif;\"><strong>Pedagogika<br \/>\n<\/strong><\/span><\/p>\n<p><span style=\"font-size: 12pt; font-family: tahoma, arial, helvetica, sans-serif;\"><strong>429<\/strong><\/span><\/p>\n<p><span style=\"font-size: 12pt; font-family: tahoma, arial, helvetica, sans-serif;\"><strong>32 359-97-60<br \/>\n<\/strong><\/span><\/p>\n<p><span style=\"font-size: 12pt; font-family: tahoma, arial, helvetica, sans-serif;\"><strong>ewelina.kawiak@us.edu.pl<\/strong><\/span><\/p>\n<p><span style=\"font-size: 12pt; font-family: tahoma, arial, helvetica, sans-serif;\"><strong><a href=\"https:\/\/orcid.org\/0000-0002-4719-7352\">0000-0002-4719-7352 <\/a><\/strong><\/span><\/td>\n<\/tr>\n<\/tbody>\n<\/table>\n<p>[\/vc_column_text][\/vc_column][\/vc_row][vc_row][vc_column]\r\n\t\t\t\t<div class='container'>\r\n\t\t\t\t\t<div class='list-links list-links_blue'>\r\n\t\t\t\t\t\t  \r\n\t\t\t\t\t\t  <ul>\r\n\t\t\t\t\t\t\t\t<li><a href=''><p>Materia\u0142y dodatkowe<\/p><\/a><\/li><\/ul>\r\n\t\t\t\t\t<\/div>\r\n\t\t\t\t<\/div>   \r\n\t\t\t\t\t[\/vc_column][\/vc_row][vc_row][vc_column css=&#8221;.vc_custom_1597523042561{margin-bottom: -50px !important;}&#8221;]\r\n\t\t\t\t\t<div class='container'>\r\n\t\t\t\t\t\t<div class='sidebar_moduls sidebar_dropdown zakladki' style='background-color: #FFFFFF'>\r\n\t\t\t\t\t\t\t<h3 class='page-title'><\/h3>\r\n\t\t\t\t\t\t\t<p class='zakladki__desc'><\/p>\r\n\r\n\t\t\t\t\t\t\t<div class='bookmarks'>\r\n\t\t\t\t\t<div class=\"bookmark\">\r\n\t\t\t\t\t\t<div class=\"bookmark__title\">\r\n                            <h3>\r\n                                <span class=\"short\">Przebieg kariery naukowej<\/span>\r\n                                <span class=\"long\">Przebieg kariery naukowej<\/span>\r\n                            <\/h3>\r\n\t\t\t\t\t\t<\/div>\r\n\t\t\t\t\t\t\r\n\t\t\t\t\t\t<div class=\"bookmark__content-wrap\">\r\n\t\t\t\t\t\t\t<div class=\"bookmark__content\">\r\n\r\n\t\t\t\t\t\t\t\t\r\n\r\n\t\t\t\t\t\t\t\t<div class=\"bookmark_text\" style=\"font-size:20px;\">\r\n\t\t\t\t\t\t\t\t<li>2011 r. \u2013 uzyskanie tytu\u0142u magistra pedagogiki. Uniwersytet \u015al\u0105ski w Katowicach, Wydzia\u0142 Pedagogiki i Psychologii\n<li>2012 r. \u2013 uzyskanie stypendium PAIP w ramach programu dla nauki i biznesu \u201eSta\u017c Sukcesem Naukowca\u201d \n<li>2013 r. \u2013 uko\u0144czenie studi\u00f3w podyplomowych w zakresie Edukacja matematyczna w szko\u0142ach,  Wy\u017csza Szko\u0142a Humanistyczno-Ekonomiczna w Brzegu, Wydzia\u0142 Pedagogiczny\n<li>2015 r. \u2013 uko\u0144czenie studi\u00f3w podyplomowych w zakresie Wczesne wspomaganie rozwoju, rewalidacja i terapia pedagogiczna dziecka ze specjalnymi potrzebami edukacyjnymi, Wy\u017csza Szko\u0142a Lingwistyczna w Cz\u0119stochowie, Wydzia\u0142 Humanistyczno-Spo\u0142eczny\n<li>2019 r. \u2013 uzyskanie stopnia doktora nauk spo\u0142ecznych w dyscyplinie pedagogika. Uniwersytet \u015al\u0105ski w Katowicach, Wydzia\u0142 Pedagogiki i Psychologii\n\n\n\n\r\n\t\t\t\t\t\t\t\t<br>\r\n\t\t\t\t\t\t\t\t\r\n\t\t\t\t\t\t\t\t<\/div>\r\n\t\t\t\t\t\t\t<\/div>\r\n\t\t\t\t\t\t<\/div>\r\n\t\t\t\t\t<\/div>\r\n\t\t\t\t\t<div class=\"bookmark\">\r\n\t\t\t\t\t\t<div class=\"bookmark__title\">\r\n                            <h3>\r\n                                <span class=\"short\">Zainteresowania badawcze<\/span>\r\n                                <span class=\"long\">Zainteresowania badawcze<\/span>\r\n                            <\/h3>\r\n\t\t\t\t\t\t<\/div>\r\n\t\t\t\t\t\t\r\n\t\t\t\t\t\t<div class=\"bookmark__content-wrap\">\r\n\t\t\t\t\t\t\t<div class=\"bookmark__content\">\r\n\r\n\t\t\t\t\t\t\t\t\r\n\r\n\t\t\t\t\t\t\t\t<div class=\"bookmark_text\" style=\"font-size:20px;\">\r\n\t\t\t\t\t\t\t\t<li>edukacja matematyczna dziecka w wieku przedszkolnym i wczesnoszkolnym\n<li>nauczanie matematyki\n<li>gry i zabawy matematyczne\n<li>diagnoza  pedagogiczna\n<li> terapia pedagogiczna\n<li> trudno\u015bci w uczeniu si\u0119 matematyki\n<li> praca z uczniem ze specjalnymi potrzebami edukacyjnymi\n<li>pedagogika przedszkolna i wczesnoszkolna\n\r\n\t\t\t\t\t\t\t\t<br>\r\n\t\t\t\t\t\t\t\t\r\n\t\t\t\t\t\t\t\t<\/div>\r\n\t\t\t\t\t\t\t<\/div>\r\n\t\t\t\t\t\t<\/div>\r\n\t\t\t\t\t<\/div>\r\n\t\t\t\t\t<div class=\"bookmark\">\r\n\t\t\t\t\t\t<div class=\"bookmark__title\">\r\n                            <h3>\r\n                                <span class=\"short\">Najwa\u017cniejsze osi\u0105gni\u0119cia naukowe, wyr\u00f3\u017cnienia i nagrody<\/span>\r\n                                <span class=\"long\">Najwa\u017cniejsze osi\u0105gni\u0119cia naukowe, wyr\u00f3\u017cnienia i nagrody<\/span>\r\n                            <\/h3>\r\n\t\t\t\t\t\t<\/div>\r\n\t\t\t\t\t\t\r\n\t\t\t\t\t\t<div class=\"bookmark__content-wrap\">\r\n\t\t\t\t\t\t\t<div class=\"bookmark__content\">\r\n\r\n\t\t\t\t\t\t\t\t\r\n\r\n\t\t\t\t\t\t\t\t<div class=\"bookmark_text\" style=\"font-size:20px;\">\r\n\t\t\t\t\t\t\t\t<li>2014 r. \u2013 udzia\u0142 jako wykonawca w mi\u0119dzynarodowym projekcie naukowo-badawczym pt.: \u201eMedia w edukacji formalnej i nieformalnej w krajach Grupy Wyszehradzkiej\u201d realizowanym w ramach Programu Ma\u0142ych Grant\u00f3w Funduszu Wyszehradzkiego \u2013 Media in formal and informal education in the Visegrad Group Countries \u2013 Small IVF Grant\n<li>2014 r. \u2013 udzia\u0142 w projekcie \u201eSter dla B+R\u201d \u2013 zarz\u0105dzanie wiedz\u0105 i jej komercjalizacj\u0105\u201d wsp\u00f3\u0142finansowanym ze \u015brodk\u00f3w Unii Europejskiej w ramach Europejskiego Funduszu Spo\u0142ecznego\n<li>2015 r. \u2013 kierownik projektu indywidualnego w ramach dotacji dla \u201eM\u0142odych naukowc\u00f3w\u201d. Temat projektu: Techniczne i informatyczne konteksty edukacji wczesnoszkolnej\n<li> 2019\u20132021r. \u2013 cz\u0142onek zespo\u0142u w projekcie realizowanym przez partnera tureckiego we wsp\u00f3\u0142pracy z podmiotami z Polski, W\u0142och i \u0141otwy pt. \u201eInnovation and Transformation in Education\u201d w ramach Strategic Partnership Project in the Field od School Education under Erasmus+ Programme KA2: Cooperation for Innovation and Exchange of Good Practices\n<li> publikacje w czasopismach naukowych, autorstwo oraz wsp\u00f3\u0142autorstwo monografii naukowych\n<li> udzia\u0142 w mi\u0119dzynarodowych i og\u00f3lnopolskich konferencjach naukowych oraz w kongresach edukacyjnych\n<li> prowadzenie szkole\u0144 i warsztat\u00f3w dla nauczycieli \n\n<br\/><br\/>\nNagrody i wyr\u00f3\u017cnienia:\n<br\/>\n<li> 2015 r. \u2013 otrzymanie Nagrody Zespo\u0142owej III Stopnia JM Rektora za dzia\u0142alno\u015b\u0107 naukowo-badawcz\u0105\n<li> 2019 r. \u2013 wyr\u00f3\u017cnienie na mocy uchwa\u0142y Rady Wydzia\u0142u Pedagogiki i Psychologii rozprawy doktorskiej nt. \u201eHeurystyczna metoda G. Polya a umiej\u0119tno\u015b\u0107 rozwiazywania matematycznych zada\u0144 problemowych przez uczni\u00f3w klas trzecich szko\u0142y podstawowej\u201d\n<li> 2020 r. \u2013 otrzymanie Nagrody Indywidualnej Rektora II Stopnia w uznaniu wybitnych osi\u0105gni\u0119\u0107 naukowo-badawczych uzyskanych w roku 2019\n<li> 2022 r. \u2013 ambasadorka kierunku Pedagogika przedszkolna i wczesnoszkolna w kampanii wizerunkowej #NaszUniwersytet \nhttps:\/\/us.edu.pl\/kandydat\/ewelina-kawiak-ambasadorka-kierunku-studiow\/\n\n\n\r\n\t\t\t\t\t\t\t\t<br>\r\n\t\t\t\t\t\t\t\t\r\n\t\t\t\t\t\t\t\t<\/div>\r\n\t\t\t\t\t\t\t<\/div>\r\n\t\t\t\t\t\t<\/div>\r\n\t\t\t\t\t<\/div>\r\n\t\t\t\t\t<div class=\"bookmark\">\r\n\t\t\t\t\t\t<div class=\"bookmark__title\">\r\n                            <h3>\r\n                                <span class=\"short\">Sta\u017ce naukowe\/Wizyty studyjne<\/span>\r\n                                <span class=\"long\">Sta\u017ce naukowe\/Wizyty studyjne<\/span>\r\n                            <\/h3>\r\n\t\t\t\t\t\t<\/div>\r\n\t\t\t\t\t\t\r\n\t\t\t\t\t\t<div class=\"bookmark__content-wrap\">\r\n\t\t\t\t\t\t\t<div class=\"bookmark__content\">\r\n\r\n\t\t\t\t\t\t\t\t\r\n\r\n\t\t\t\t\t\t\t\t<div class=\"bookmark_text\" style=\"font-size:20px;\">\r\n\t\t\t\t\t\t\t\t<li>2012 r. \u2013 udzia\u0142 w projekcie sta\u017cowo-szkoleniowym \u201eSta\u017c Sukcesem Naukowca\u201d realizowanym ze \u015brodk\u00f3w Unii Europejskiej w ramach Europejskiego Funduszu Spo\u0142ecznego\r\n\t\t\t\t\t\t\t\t<br>\r\n\t\t\t\t\t\t\t\t\r\n\t\t\t\t\t\t\t\t<\/div>\r\n\t\t\t\t\t\t\t<\/div>\r\n\t\t\t\t\t\t<\/div>\r\n\t\t\t\t\t<\/div>\r\n\t\t\t\t\t<div class=\"bookmark\">\r\n\t\t\t\t\t\t<div class=\"bookmark__title\">\r\n                            <h3>\r\n                                <span class=\"short\">Cz\u0142onkostwo w radach naukowych i radach redakcyjnych <\/span>\r\n                                <span class=\"long\">Cz\u0142onkostwo w radach naukowych i radach redakcyjnych <\/span>\r\n                            <\/h3>\r\n\t\t\t\t\t\t<\/div>\r\n\t\t\t\t\t\t\r\n\t\t\t\t\t\t<div class=\"bookmark__content-wrap\">\r\n\t\t\t\t\t\t\t<div class=\"bookmark__content\">\r\n\r\n\t\t\t\t\t\t\t\t\r\n\r\n\t\t\t\t\t\t\t\t<div class=\"bookmark_text\" style=\"font-size:20px;\">\r\n\t\t\t\t\t\t\t\t<li> od 2020 r. do nadal \u2013 cz\u0142onek Rady Dydaktycznej Kierunku Studi\u00f3w Arteterapia, Pedagogika, Pedagogika Specjalna, Pedagogika Przedszkolna i Wczesnoszkolna\r\n\t\t\t\t\t\t\t\t<br>\r\n\t\t\t\t\t\t\t\t\r\n\t\t\t\t\t\t\t\t<\/div>\r\n\t\t\t\t\t\t\t<\/div>\r\n\t\t\t\t\t\t<\/div>\r\n\t\t\t\t\t<\/div><\/div>\r\n\t\t\t\t\t\t<\/div>\r\n\t\t\t\t\t <\/div>[\/vc_column][\/vc_row]<\/p>","protected":false},"excerpt":{"rendered":"<p>[vc_row][vc_column width=&#8221;1\/4&#8243;][vc_single_image image=&#8221;901&#8243; img_size=&#8221;medium&#8221; style=&#8221;vc_box_shadow_3d&#8221;][\/vc_column][vc_column width=&#8221;3\/4&#8243; css=&#8221;.vc_custom_1597521185463{border-bottom-width: -30px !important;}&#8221;][vc_column_text] Stanowisko: Grupa: Specjalno\u015b\u0107: Pok\u00f3j: Telefon: e-mail: Adiunkt Pracownicy badawczo-dydaktyczni Pedagogika 429 32 359-97-60 ewelina.kawiak@us.edu.pl 0000-0002-4719-7352 [\/vc_column_text][\/vc_column][\/vc_row][vc_row][vc_column][\/vc_column][\/vc_row][vc_row][vc_column css=&#8221;.vc_custom_1597523042561{margin-bottom: -50px !important;}&#8221;][\/vc_column][\/vc_row] [&#8230;]<\/p>\n<p><a class=\"btn btn-secondary understrap-read-more-link\" href=\"https:\/\/us.edu.pl\/instytut\/ipe\/dr-ewelina-kawiak\/\">Read More&#8230;<\/a><\/p>\n","protected":false},"author":2293,"featured_media":0,"parent":0,"menu_order":0,"comment_status":"closed","ping_status":"closed","template":"page-templates\/page-with-bookmarks.php","meta":{"_expiration-date-status":"","_expiration-date":0,"_expiration-date-type":"","_expiration-date-categories":[],"_expiration-date-options":[]},"acf":[],"_links":{"self":[{"href":"https:\/\/us.edu.pl\/instytut\/ipe\/wp-json\/wp\/v2\/pages\/807"}],"collection":[{"href":"https:\/\/us.edu.pl\/instytut\/ipe\/wp-json\/wp\/v2\/pages"}],"about":[{"href":"https:\/\/us.edu.pl\/instytut\/ipe\/wp-json\/wp\/v2\/types\/page"}],"author":[{"embeddable":true,"href":"https:\/\/us.edu.pl\/instytut\/ipe\/wp-json\/wp\/v2\/users\/2293"}],"replies":[{"embeddable":true,"href":"https:\/\/us.edu.pl\/instytut\/ipe\/wp-json\/wp\/v2\/comments?post=807"}],"version-history":[{"count":4,"href":"https:\/\/us.edu.pl\/instytut\/ipe\/wp-json\/wp\/v2\/pages\/807\/revisions"}],"predecessor-version":[{"id":2121,"href":"https:\/\/us.edu.pl\/instytut\/ipe\/wp-json\/wp\/v2\/pages\/807\/revisions\/2121"}],"wp:attachment":[{"href":"https:\/\/us.edu.pl\/instytut\/ipe\/wp-json\/wp\/v2\/media?parent=807"}],"curies":[{"name":"wp","href":"https:\/\/api.w.org\/{rel}","templated":true}]}}