{"id":811,"date":"2020-08-21T09:10:06","date_gmt":"2020-08-21T07:10:06","guid":{"rendered":"https:\/\/us.edu.pl\/instytut\/ipe\/?page_id=811"},"modified":"2021-03-07T15:22:44","modified_gmt":"2021-03-07T14:22:44","slug":"dr-monika-frania","status":"publish","type":"page","link":"https:\/\/us.edu.pl\/instytut\/ipe\/dr-monika-frania\/","title":{"rendered":"Dr Monika Frania"},"content":{"rendered":"<p>[vc_row][vc_column width=&#8221;1\/4&#8243;][vc_single_image image=&#8221;737&#8243; img_size=&#8221;medium&#8221; style=&#8221;vc_box_shadow_3d&#8221;][\/vc_column][vc_column width=&#8221;3\/4&#8243; css=&#8221;.vc_custom_1597521185463{border-bottom-width: -30px !important;}&#8221;][vc_column_text]<\/p>\n<table style=\"width: 72.9397%\">\n<tbody>\n<tr>\n<td style=\"width: 24.6684%\"><span style=\"font-size: 12pt;font-family: tahoma, arial, helvetica, sans-serif\">Stanowisko:<\/span><\/p>\n<p><span style=\"font-size: 12pt;font-family: tahoma, arial, helvetica, sans-serif\">Grupa:<\/span><\/p>\n<p><span style=\"font-size: 12pt;font-family: tahoma, arial, helvetica, sans-serif\">Specjalno\u015b\u0107:<\/span><\/p>\n<p><span style=\"font-size: 12pt;font-family: tahoma, arial, helvetica, sans-serif\">Pok\u00f3j:<\/span><\/p>\n<p><span style=\"font-size: 12pt;font-family: tahoma, arial, helvetica, sans-serif\">Telefon:<\/span><\/p>\n<p><span style=\"font-size: 12pt;font-family: tahoma, arial, helvetica, sans-serif\">e-mail:<\/span><\/p>\n<p><span style=\"font-size: 12pt;font-family: tahoma, arial, helvetica, sans-serif\"><img class=\"size-full wp-image-275\" src=\"http:\/\/us.edu.pl\/instytut\/im\/wp-content\/uploads\/sites\/43\/Nieprzypisane\/ORCID.png\" alt=\"Logo ORCID\" width=\"71\" height=\"22\" \/><\/span><\/td>\n<td style=\"width: 78.7798%\"><span style=\"font-size: 12pt;font-family: tahoma, arial, helvetica, sans-serif\"><strong>Adiunkt<\/strong><\/span><\/p>\n<p><span style=\"font-size: 12pt;font-family: tahoma, arial, helvetica, sans-serif\"><strong>Pracownicy badawczo-dydaktyczni<\/strong><\/span><\/p>\n<p><span style=\"font-size: 12pt;font-family: tahoma, arial, helvetica, sans-serif\"><strong>Pedagogika<br \/>\n<\/strong><\/span><\/p>\n<p><span style=\"font-size: 12pt;font-family: tahoma, arial, helvetica, sans-serif\"><strong>431<\/strong><\/span><\/p>\n<p><span style=\"font-size: 12pt;font-family: tahoma, arial, helvetica, sans-serif\"><strong>32 3599721<\/strong><\/span><\/p>\n<p><span style=\"font-size: 12pt;font-family: tahoma, arial, helvetica, sans-serif\"><strong>monika.frania@us.edu.pl<\/strong><\/span><\/p>\n<p><span style=\"font-size: 12pt;font-family: tahoma, arial, helvetica, sans-serif\"><strong><a href=\"https:\/\/orcid.org\/0000-0002-2647-7363\">0000-0002-2647-7363<\/a><\/strong><\/span><\/td>\n<\/tr>\n<\/tbody>\n<\/table>\n<p>[\/vc_column_text][\/vc_column][\/vc_row][vc_row][vc_column]\r\n\t\t\t\t<div class='container'>\r\n\t\t\t\t\t<div class='list-links list-links_blue'>\r\n\t\t\t\t\t\t  \r\n\t\t\t\t\t\t  <ul>\r\n\t\t\t\t\t\t\t\t<li><a href=''><p>Materia\u0142y dodatkowe<\/p><\/a><\/li><\/ul>\r\n\t\t\t\t\t<\/div>\r\n\t\t\t\t<\/div>   \r\n\t\t\t\t\t[\/vc_column][\/vc_row][vc_row][vc_column css=&#8221;.vc_custom_1597523042561{margin-bottom: -50px !important;}&#8221;]\r\n\t\t\t\t\t<div class='container'>\r\n\t\t\t\t\t\t<div class='sidebar_moduls sidebar_dropdown zakladki' style='background-color: #FFFFFF'>\r\n\t\t\t\t\t\t\t<h3 class='page-title'><\/h3>\r\n\t\t\t\t\t\t\t<p class='zakladki__desc'><\/p>\r\n\r\n\t\t\t\t\t\t\t<div class='bookmarks'>\r\n\t\t\t\t\t<div class=\"bookmark\">\r\n\t\t\t\t\t\t<div class=\"bookmark__title\">\r\n                            <h3>\r\n                                <span class=\"short\">Przebieg kariery naukowej<\/span>\r\n                                <span class=\"long\">Przebieg kariery naukowej<\/span>\r\n                            <\/h3>\r\n\t\t\t\t\t\t<\/div>\r\n\t\t\t\t\t\t\r\n\t\t\t\t\t\t<div class=\"bookmark__content-wrap\">\r\n\t\t\t\t\t\t\t<div class=\"bookmark__content\">\r\n\r\n\t\t\t\t\t\t\t\t\r\n\r\n\t\t\t\t\t\t\t\t<div class=\"bookmark_text\" style=\"font-size:20px;\">\r\n\t\t\t\t\t\t\t\t<li>2005 \u2013 uzyskanie tytu\u0142u magistra pedagogiki. Uniwersytet \u015al\u0105ski w Katowicach.\n<li>2007  \u2013 uzyskanie tytu\u0142u magistra politologii w zakresie dziennikarstwa i komunikacji spo\u0142ecznej. Uniwersytet \u015al\u0105ski w Katowicach.\n<li>2009-2011 \u2013 realizator projektu promotorskiego dofinansowanego przez MNiSW.\n<li>2011 \u2013 uzyskanie stopnia doktora nauk humanistycznych. Uniwersytet \u015al\u0105ski w Katowicach. \n<li>2011-2012 \u2013 uzyskanie p\u00f3\u0142rocznego stypendium PAIP w ramach programu dla nauki i biznesu \u201eSta\u017c Sukcesem Naukowca\u201d.\n<li>2012-2013 \u2013 cz\u0142onek zespo\u0142u badawczego w ramach umowy konsorcjum mi\u0119dzy Uniwersytetem \u015al\u0105skim w Katowicach, GWSH w Katowicach oraz ameryka\u0144skim Count5 (badania dotycz\u0105ce QMINDShareTM).\n<li>2014 \u2013 kierownik zespo\u0142owego projektu mi\u0119dzynarodowego Media in formal and informal education in the Visegrad Group Countries \u2013 Small IVF Grant.\n<li>2015-2016 \u2013 cz\u0142onek zespo\u0142u badawczego w projekcie realizowanym przez Corvinus University of Budapest pt. \u201eDeveloping Media Literacy in Public Education: A Regional Priority in a Mediatized Age\u201d \u2013 Standard IVF Grant.\n<li>2015-2016  - roczny sta\u017c naukowy na University of Split w Chorwacji w ramach The new International Fellowship Mobility Programme for Experienced Researchers \u2013 NEWFELPRO,  finansowanego przez Government of the Republic of Croatia and the Ministry of Science and Education (MSE).\n<li>2015-nadal \u2013 sta\u0142y cz\u0142onek Komitetu Programowego konferencji DisCo, Praga, Czechy.\n<li>2016-2018 \u2013 cz\u0142onek Komitetu G\u0142\u00f3wnego Og\u00f3lnopolskiej Olimpiady Cyfrowej dla uczni\u00f3w szk\u00f3\u0142 ponadgimnazjalnych, Fundacja Nowoczesna Polska, Warszawa.\n<li>2016-2020 \u2013 cz\u0142onek Komisji Rewizyjnej PTEM \u2013 Polskiego Towarzystwa Edukacji Medialnej.\n<li>2019-2021 \u2013 koordynator, a  od 2020 cz\u0142onek zespo\u0142u w projekcie realizowanym przez partnera tureckiego we wsp\u00f3\u0142pracy z podmiotami z Polski, W\u0142och i \u0141otwy pt. \u201eInnovation and Transformation in Education\u201d w ramach Strategic Partnership Project in the Field od School Education under Erasmus+ Programme KA2: Cooperation for Innovation and Exchange of Good Practices\n\n\n\n\n\r\n\t\t\t\t\t\t\t\t<br>\r\n\t\t\t\t\t\t\t\t\r\n\t\t\t\t\t\t\t\t<\/div>\r\n\t\t\t\t\t\t\t<\/div>\r\n\t\t\t\t\t\t<\/div>\r\n\t\t\t\t\t<\/div>\r\n\t\t\t\t\t<div class=\"bookmark\">\r\n\t\t\t\t\t\t<div class=\"bookmark__title\">\r\n                            <h3>\r\n                                <span class=\"short\">Zainteresowania badawcze<\/span>\r\n                                <span class=\"long\">Zainteresowania badawcze<\/span>\r\n                            <\/h3>\r\n\t\t\t\t\t\t<\/div>\r\n\t\t\t\t\t\t\r\n\t\t\t\t\t\t<div class=\"bookmark__content-wrap\">\r\n\t\t\t\t\t\t\t<div class=\"bookmark__content\">\r\n\r\n\t\t\t\t\t\t\t\t\r\n\r\n\t\t\t\t\t\t\t\t<div class=\"bookmark_text\" style=\"font-size:20px;\">\r\n\t\t\t\t\t\t\t\t<li>edukacja medialna, wychowanie do medi\u00f3w, rozwijanie kompetencji cyfrowo-medialnych;\n<li>trendy w edukacji (dydaktyce) wspieranej nowymi technologiami i mediami;\n<li>spo\u0142eczne konteksty zjawisk w nowych mediach oraz komunikacja spo\u0142eczna;\n<li>kultura medialna;\n\n\n\r\n\t\t\t\t\t\t\t\t<br>\r\n\t\t\t\t\t\t\t\t\r\n\t\t\t\t\t\t\t\t<\/div>\r\n\t\t\t\t\t\t\t<\/div>\r\n\t\t\t\t\t\t<\/div>\r\n\t\t\t\t\t<\/div>\r\n\t\t\t\t\t<div class=\"bookmark\">\r\n\t\t\t\t\t\t<div class=\"bookmark__title\">\r\n                            <h3>\r\n                                <span class=\"short\">Najwa\u017cniejsze osi\u0105gni\u0119cia naukowe, wyr\u00f3\u017cnienia i nagrody<\/span>\r\n                                <span class=\"long\">Najwa\u017cniejsze osi\u0105gni\u0119cia naukowe, wyr\u00f3\u017cnienia i nagrody<\/span>\r\n                            <\/h3>\r\n\t\t\t\t\t\t<\/div>\r\n\t\t\t\t\t\t\r\n\t\t\t\t\t\t<div class=\"bookmark__content-wrap\">\r\n\t\t\t\t\t\t\t<div class=\"bookmark__content\">\r\n\r\n\t\t\t\t\t\t\t\t\r\n\r\n\t\t\t\t\t\t\t\t<div class=\"bookmark_text\" style=\"font-size:20px;\">\r\n\t\t\t\t\t\t\t\t<li>realizacja indywidualnego projektu naukowego pt. \u201eThe Role of Media and New Technologies in Teacher Education in the Digital Era \u2013 Selected Challenges in the Context of an Innovative Future (MaNTinEdu)\u201d w ramach sta\u017cu NEWFELPRO w Chorwacji\n<li>Nagroda indywidualna i  zespo\u0142owa JM Rektora U\u015a za dzia\u0142alno\u015b\u0107 naukowo-badawcz\u0105\n<li>Wyr\u00f3\u017cnienie: DisCo 2020 Course Award za poster: \u201cSilesian customs, Slavic legends in early childhood education \u2013 optional course for students of Early School and Pre-school Education. An example of the transition of traditional university course in the face of a Covid-19 pandemic\u201d \n\n\n\r\n\t\t\t\t\t\t\t\t<br>\r\n\t\t\t\t\t\t\t\t\r\n\t\t\t\t\t\t\t\t<\/div>\r\n\t\t\t\t\t\t\t<\/div>\r\n\t\t\t\t\t\t<\/div>\r\n\t\t\t\t\t<\/div>\r\n\t\t\t\t\t<div class=\"bookmark\">\r\n\t\t\t\t\t\t<div class=\"bookmark__title\">\r\n                            <h3>\r\n                                <span class=\"short\">Sta\u017ce naukowe\/Wizyty studyjne<\/span>\r\n                                <span class=\"long\">Sta\u017ce naukowe\/Wizyty studyjne<\/span>\r\n                            <\/h3>\r\n\t\t\t\t\t\t<\/div>\r\n\t\t\t\t\t\t\r\n\t\t\t\t\t\t<div class=\"bookmark__content-wrap\">\r\n\t\t\t\t\t\t\t<div class=\"bookmark__content\">\r\n\r\n\t\t\t\t\t\t\t\t\r\n\r\n\t\t\t\t\t\t\t\t<div class=\"bookmark_text\" style=\"font-size:20px;\">\r\n\t\t\t\t\t\t\t\t<li>kr\u00f3tkoterminowe sta\u017ce, wizyty studyjne, wizyty dydaktyczno-szkoleniowe Erasmus: Universidade de Madeira, Universidade de Lisboa, University of Split, University of Zadar, The Centre for Higher Education Studies (CHES) Prague, Univerzita Jana Amose Komensk\u00e9ho Praha, VIA University College in Aarhus, Denmark\n<li>d\u0142ugoterminowe sta\u017ce naukowe: Universidade de Madeira, University of Split\n<li>2018-2019 \u2013 trzymiesi\u0119czny sta\u017c naukowy na Universidade de Madeira w Portugalii w ramach Programu JM Rektora U\u015a \u201eMobilno\u015b\u0107 Kadry\u201d\n<li>2019 \u2013 wizyta studyjna  1-12.05.2019 University of Split w ramach programu PO-WER \u201eZintegrowany Program Rozwoju Uniwersytetu \u015al\u0105skiego w Katowicach\n<li>2019 \u2013 wizyta studyjna w ramach PROM Mi\u0119dzynarodowa wymiana stypendialna doktorant\u00f3w i kadry akademickiej w The Centre for Higher Education Studies (CHES) w Pradze\n\n\n\r\n\t\t\t\t\t\t\t\t<br>\r\n\t\t\t\t\t\t\t\t\r\n\t\t\t\t\t\t\t\t<\/div>\r\n\t\t\t\t\t\t\t<\/div>\r\n\t\t\t\t\t\t<\/div>\r\n\t\t\t\t\t<\/div>\r\n\t\t\t\t\t<div class=\"bookmark\">\r\n\t\t\t\t\t\t<div class=\"bookmark__title\">\r\n                            <h3>\r\n                                <span class=\"short\">Cz\u0142onkostwo w radach naukowych i radach redakcyjnych <\/span>\r\n                                <span class=\"long\">Cz\u0142onkostwo w radach naukowych i radach redakcyjnych <\/span>\r\n                            <\/h3>\r\n\t\t\t\t\t\t<\/div>\r\n\t\t\t\t\t\t\r\n\t\t\t\t\t\t<div class=\"bookmark__content-wrap\">\r\n\t\t\t\t\t\t\t<div class=\"bookmark__content\">\r\n\r\n\t\t\t\t\t\t\t\t\r\n\r\n\t\t\t\t\t\t\t\t<div class=\"bookmark_text\" style=\"font-size:20px;\">\r\n\t\t\t\t\t\t\t\t<li>2012-2018 \u2013 cz\u0142onkini zespo\u0142u redakcyjnego The New Educational Review\n<li>2019-nadal \u2013 cz\u0142onkini Rady Naukowej Instytutu Pedagogiki WNS Uniwersytetu \u015al\u0105skiego\n\n\r\n\t\t\t\t\t\t\t\t<br>\r\n\t\t\t\t\t\t\t\t\r\n\t\t\t\t\t\t\t\t<\/div>\r\n\t\t\t\t\t\t\t<\/div>\r\n\t\t\t\t\t\t<\/div>\r\n\t\t\t\t\t<\/div><\/div>\r\n\t\t\t\t\t\t<\/div>\r\n\t\t\t\t\t <\/div>[\/vc_column][\/vc_row]<\/p>","protected":false},"excerpt":{"rendered":"<p>[vc_row][vc_column width=&#8221;1\/4&#8243;][vc_single_image image=&#8221;737&#8243; img_size=&#8221;medium&#8221; style=&#8221;vc_box_shadow_3d&#8221;][\/vc_column][vc_column width=&#8221;3\/4&#8243; css=&#8221;.vc_custom_1597521185463{border-bottom-width: -30px !important;}&#8221;][vc_column_text] Stanowisko: Grupa: Specjalno\u015b\u0107: Pok\u00f3j: Telefon: e-mail: Adiunkt Pracownicy badawczo-dydaktyczni Pedagogika 431 32 3599721 monika.frania@us.edu.pl 0000-0002-2647-7363 [\/vc_column_text][\/vc_column][\/vc_row][vc_row][vc_column][\/vc_column][\/vc_row][vc_row][vc_column css=&#8221;.vc_custom_1597523042561{margin-bottom: -50px !important;}&#8221;][\/vc_column][\/vc_row] [&#8230;]<\/p>\n<p><a class=\"btn btn-secondary understrap-read-more-link\" href=\"https:\/\/us.edu.pl\/instytut\/ipe\/dr-monika-frania\/\">Read More&#8230;<\/a><\/p>\n","protected":false},"author":2293,"featured_media":0,"parent":0,"menu_order":0,"comment_status":"closed","ping_status":"closed","template":"page-templates\/page-with-bookmarks.php","meta":{"_expiration-date-status":"saved","_expiration-date":0,"_expiration-date-type":"","_expiration-date-categories":[],"_expiration-date-options":[]},"acf":[],"_links":{"self":[{"href":"https:\/\/us.edu.pl\/instytut\/ipe\/wp-json\/wp\/v2\/pages\/811"}],"collection":[{"href":"https:\/\/us.edu.pl\/instytut\/ipe\/wp-json\/wp\/v2\/pages"}],"about":[{"href":"https:\/\/us.edu.pl\/instytut\/ipe\/wp-json\/wp\/v2\/types\/page"}],"author":[{"embeddable":true,"href":"https:\/\/us.edu.pl\/instytut\/ipe\/wp-json\/wp\/v2\/users\/2293"}],"replies":[{"embeddable":true,"href":"https:\/\/us.edu.pl\/instytut\/ipe\/wp-json\/wp\/v2\/comments?post=811"}],"version-history":[{"count":3,"href":"https:\/\/us.edu.pl\/instytut\/ipe\/wp-json\/wp\/v2\/pages\/811\/revisions"}],"predecessor-version":[{"id":1346,"href":"https:\/\/us.edu.pl\/instytut\/ipe\/wp-json\/wp\/v2\/pages\/811\/revisions\/1346"}],"wp:attachment":[{"href":"https:\/\/us.edu.pl\/instytut\/ipe\/wp-json\/wp\/v2\/media?parent=811"}],"curies":[{"name":"wp","href":"https:\/\/api.w.org\/{rel}","templated":true}]}}