{"id":863,"date":"2020-08-22T09:19:12","date_gmt":"2020-08-22T07:19:12","guid":{"rendered":"https:\/\/us.edu.pl\/instytut\/ipe\/?page_id=863"},"modified":"2020-09-11T11:13:47","modified_gmt":"2020-09-11T09:13:47","slug":"dr-hab-miroslaw-kisiel","status":"publish","type":"page","link":"https:\/\/us.edu.pl\/instytut\/ipe\/dr-hab-miroslaw-kisiel\/","title":{"rendered":"Dr hab. Miros\u0142aw Kisiel, prof. U\u015a"},"content":{"rendered":"<p>[vc_row][vc_column width=&#8221;1\/4&#8243;][vc_single_image image=&#8221;737&#8243; img_size=&#8221;medium&#8221; style=&#8221;vc_box_shadow_3d&#8221;][\/vc_column][vc_column width=&#8221;3\/4&#8243; css=&#8221;.vc_custom_1597521185463{border-bottom-width: -30px !important;}&#8221;][vc_column_text]<\/p>\n<table style=\"width: 72.9397%\">\n<tbody>\n<tr>\n<td style=\"width: 24.6684%\"><span style=\"font-size: 12pt;font-family: tahoma, arial, helvetica, sans-serif\">Stanowisko:<\/span><\/p>\n<p><span style=\"font-size: 12pt;font-family: tahoma, arial, helvetica, sans-serif\">Grupa:<\/span><\/p>\n<p><span style=\"font-size: 12pt;font-family: tahoma, arial, helvetica, sans-serif\">Specjalno\u015b\u0107:<\/span><\/p>\n<p><span style=\"font-size: 12pt;font-family: tahoma, arial, helvetica, sans-serif\">Pok\u00f3j:<\/span><\/p>\n<p><span style=\"font-size: 12pt;font-family: tahoma, arial, helvetica, sans-serif\">Telefon:<\/span><\/p>\n<p><span style=\"font-size: 12pt;font-family: tahoma, arial, helvetica, sans-serif\">e-mail:<\/span><\/p>\n<p><span style=\"font-size: 12pt;font-family: tahoma, arial, helvetica, sans-serif\"><img class=\"size-full wp-image-275\" src=\"http:\/\/us.edu.pl\/instytut\/im\/wp-content\/uploads\/sites\/43\/Nieprzypisane\/ORCID.png\" alt=\"Logo ORCID\" width=\"71\" height=\"22\" \/><\/span><\/td>\n<td style=\"width: 78.7798%\"><span style=\"font-size: 12pt;font-family: tahoma, arial, helvetica, sans-serif\"><strong>Profesor Uczelni<\/strong><\/span><\/p>\n<p><span style=\"font-size: 12pt;font-family: tahoma, arial, helvetica, sans-serif\"><strong>Pracownicy badawczo-dydaktyczni<\/strong><\/span><\/p>\n<p><span style=\"font-size: 12pt;font-family: tahoma, arial, helvetica, sans-serif\"><strong>Pedagogika<br \/>\n<\/strong><\/span><\/p>\n<p><span style=\"font-size: 12pt;font-family: tahoma, arial, helvetica, sans-serif\"><strong>b.d.<\/strong><\/span><\/p>\n<p><span style=\"font-size: 12pt;font-family: tahoma, arial, helvetica, sans-serif\"><strong>\u00a0<\/strong><\/span><\/p>\n<p><span style=\"font-size: 12pt;font-family: tahoma, arial, helvetica, sans-serif\"><strong><span class=\"styles__Text-qmhvn0-5 bGPptk\">miroslaw.kisiel@us.edu.pl<\/span><\/strong><\/span><\/p>\n<p><span style=\"font-size: 12pt;font-family: tahoma, arial, helvetica, sans-serif\"><strong><a href=\"https:\/\/orcid.org\/0000-0003-2002-011\">0000-0003-2002-011<\/a><\/strong><\/span><\/td>\n<\/tr>\n<\/tbody>\n<\/table>\n<p>[\/vc_column_text][\/vc_column][\/vc_row][vc_row][vc_column]\r\n\t\t\t\t<div class='container'>\r\n\t\t\t\t\t<div class='list-links list-links_blue'>\r\n\t\t\t\t\t\t  \r\n\t\t\t\t\t\t  <ul>\r\n\t\t\t\t\t\t\t\t<li><a href=''><p>Materia\u0142y dodatkowe<\/p><\/a><\/li><\/ul>\r\n\t\t\t\t\t<\/div>\r\n\t\t\t\t<\/div>   \r\n\t\t\t\t\t[\/vc_column][\/vc_row][vc_row][vc_column css=&#8221;.vc_custom_1597523042561{margin-bottom: -50px !important;}&#8221;]\r\n\t\t\t\t\t<div class='container'>\r\n\t\t\t\t\t\t<div class='sidebar_moduls sidebar_dropdown zakladki' style='background-color: #FFFFFF'>\r\n\t\t\t\t\t\t\t<h3 class='page-title'><\/h3>\r\n\t\t\t\t\t\t\t<p class='zakladki__desc'><\/p>\r\n\r\n\t\t\t\t\t\t\t<div class='bookmarks'>\r\n\t\t\t\t\t<div class=\"bookmark\">\r\n\t\t\t\t\t\t<div class=\"bookmark__title\">\r\n                            <h3>\r\n                                <span class=\"short\">Przebieg kariery naukowej<\/span>\r\n                                <span class=\"long\">Przebieg kariery naukowej<\/span>\r\n                            <\/h3>\r\n\t\t\t\t\t\t<\/div>\r\n\t\t\t\t\t\t\r\n\t\t\t\t\t\t<div class=\"bookmark__content-wrap\">\r\n\t\t\t\t\t\t\t<div class=\"bookmark__content\">\r\n\r\n\t\t\t\t\t\t\t\t\r\n\r\n\t\t\t\t\t\t\t\t<div class=\"bookmark_text\" style=\"font-size:20px;\">\r\n\t\t\t\t\t\t\t\t<li>1986 r. \u2013 uzyskanie tytu\u0142u magistra wychowania muzycznego. Wy\u017csza Szko\u0142a Pedagogiczna im. Jana Kochanowskiego w Kielcach. \n<li>1997 r. \u2013 uzyskanie stopnia doktora nauk humanistycznych w zakresie pedagogiki. Wy\u017csza Szko\u0142a Pedagogiczna im. Kazimierza Wielkiego w Bydgoszczy. \n<li>2008 r. \u2013 uzyskanie stopnia docenta w zakresie teoria muzyki i pedagogika. Uniwersytet Ostrawski w Ostrawie. Nostryfikacja nr 7522 dyplomu: doktor habilitowany nauk humanistycznych, Ministerstwo Nauki i Szkolnictwa Wy\u017cszego w Warszawie 2008.\n<br>\n<br>\n<b>Dodatkowe kwalifikacje:<\/b>\n<li>1987 r. \u2013 Kurs kwalifikacyjny z dziedziny Ta\u0144ca \u2013 Centralny O\u015brodek Metodyki Upowszechnienia Kultury, Warszawa. \n<li>2004 r. \u2013 Studia Podyplomowe w zakresie Emisji g\u0142osu dla nauczycieli \u2013 Instytut Edukacji Artystycznej, Akademia Bydgoska im. Kazimierza Wielkiego, Bydgoszcz.\n<li>2005 r. \u2013 Studia Podyplomowe Muzykoterapia w edukacji, Wydzia\u0142 Artystyczny, Uniwersytet Zielonog\u00f3rski, Zielona G\u00f3ra.\n\n\n\n\n\n\r\n\t\t\t\t\t\t\t\t<br>\r\n\t\t\t\t\t\t\t\t\r\n\t\t\t\t\t\t\t\t<\/div>\r\n\t\t\t\t\t\t\t<\/div>\r\n\t\t\t\t\t\t<\/div>\r\n\t\t\t\t\t<\/div>\r\n\t\t\t\t\t<div class=\"bookmark\">\r\n\t\t\t\t\t\t<div class=\"bookmark__title\">\r\n                            <h3>\r\n                                <span class=\"short\">Zainteresowania badawcze<\/span>\r\n                                <span class=\"long\">Zainteresowania badawcze<\/span>\r\n                            <\/h3>\r\n\t\t\t\t\t\t<\/div>\r\n\t\t\t\t\t\t\r\n\t\t\t\t\t\t<div class=\"bookmark__content-wrap\">\r\n\t\t\t\t\t\t\t<div class=\"bookmark__content\">\r\n\r\n\t\t\t\t\t\t\t\t\r\n\r\n\t\t\t\t\t\t\t\t<div class=\"bookmark_text\" style=\"font-size:20px;\">\r\n\t\t\t\t\t\t\t\t<li>pedagogika i teoria muzyki, edukacja muzyczna dzieci, m\u0142odzie\u017cy i doros\u0142ych, emisja g\u0142osu nauczycieli, muzykoterapia oraz rytmika i taniec w edukacji.\n\n\n\n\n\r\n\t\t\t\t\t\t\t\t<br>\r\n\t\t\t\t\t\t\t\t\r\n\t\t\t\t\t\t\t\t<\/div>\r\n\t\t\t\t\t\t\t<\/div>\r\n\t\t\t\t\t\t<\/div>\r\n\t\t\t\t\t<\/div>\r\n\t\t\t\t\t<div class=\"bookmark\">\r\n\t\t\t\t\t\t<div class=\"bookmark__title\">\r\n                            <h3>\r\n                                <span class=\"short\">Najwa\u017cniejsze osi\u0105gni\u0119cia naukowe, wyr\u00f3\u017cnienia i nagrody<\/span>\r\n                                <span class=\"long\">Najwa\u017cniejsze osi\u0105gni\u0119cia naukowe, wyr\u00f3\u017cnienia i nagrody<\/span>\r\n                            <\/h3>\r\n\t\t\t\t\t\t<\/div>\r\n\t\t\t\t\t\t\r\n\t\t\t\t\t\t<div class=\"bookmark__content-wrap\">\r\n\t\t\t\t\t\t\t<div class=\"bookmark__content\">\r\n\r\n\t\t\t\t\t\t\t\t\r\n\r\n\t\t\t\t\t\t\t\t<div class=\"bookmark_text\" style=\"font-size:20px;\">\r\n\t\t\t\t\t\t\t\t<li>autor siedmiu i wsp\u00f3\u0142autor dw\u00f3ch monografii, redaktor i wsp\u00f3\u0142redaktor trzynastu prac zbiorowych, autor i wsp\u00f3\u0142autor oko\u0142o stu prac w krajowych i zagranicznych publikacjach zbiorowych oraz artyku\u0142\u00f3w w licznych czasopismach pedagogicznych;\n<li>aktywny udzia\u0142 w og\u00f3lnopolskich, mi\u0119dzynarodowych i zagranicznych konferencjach naukowych; \n<li>wsp\u00f3\u0142praca naukowa z uczelniami zagranicznymi tj.: Sumski Pa\u0144stwowy Uniwersytet Pedagogiczny (Ukraina), UKF w Nitrze (S\u0142owacja), Ostrawski Uniwersytet w Ostrawie; \n<li>pe\u0142nienie roli eksperta w projekcie DIAPREZAMUS, Uniwersytet \u015al\u0105ski w Katowicach 2011;\n<li>cz\u0142onek, konsultant i wyk\u0142adowca w projekcie \u201ePraktyka czyni mistrza!\u201d \u015al\u0105ska Wy\u017csza Zarz\u0105dzania im. gen. J. Zi\u0119tka w Katowicach, wsp\u00f3\u0142praca Wydzia\u0142 Pedagogiki i Psychologii U\u015a. w Katowicach \u2013 2013-2015;\n<li>recenzent prac w czasopismach naukowych tj. \u201eNauczyciel i Szko\u0142a\u201d, \u201eLubelski Rocznik Pedagogiczny\u201d, \u201eArs Inter Culturas\u201d, \u201eRocznik Towarzystwa Naukowego P\u0142ockiego\u201d i innych;\n<li>cz\u0142onek zespo\u0142u realizuj\u0105cego zadania projektowe \u201eJeden Uniwersytet \u2013 Wiele Mo\u017cliwo\u015bci. Program Zintegrowany\u201d POWR.03.05.00-00-Z301\/18-00.\n\r\n\t\t\t\t\t\t\t\t<br>\r\n\t\t\t\t\t\t\t\t\r\n\t\t\t\t\t\t\t\t<\/div>\r\n\t\t\t\t\t\t\t<\/div>\r\n\t\t\t\t\t\t<\/div>\r\n\t\t\t\t\t<\/div>\r\n\t\t\t\t\t<div class=\"bookmark\">\r\n\t\t\t\t\t\t<div class=\"bookmark__title\">\r\n                            <h3>\r\n                                <span class=\"short\">Sta\u017ce naukowe\/Wizyty studyjne<\/span>\r\n                                <span class=\"long\">Sta\u017ce naukowe\/Wizyty studyjne<\/span>\r\n                            <\/h3>\r\n\t\t\t\t\t\t<\/div>\r\n\t\t\t\t\t\t\r\n\t\t\t\t\t\t<div class=\"bookmark__content-wrap\">\r\n\t\t\t\t\t\t\t<div class=\"bookmark__content\">\r\n\r\n\t\t\t\t\t\t\t\t\r\n\r\n\t\t\t\t\t\t\t\t<div class=\"bookmark_text\" style=\"font-size:20px;\">\r\n\t\t\t\t\t\t\t\t<li>Udzia\u0142 w zagranicznych sta\u017cach naukowo-dydaktycznych organizowanych w ramach LLP \u2013 ERASMUS: UKF w Nitrze, OSU w Ostrawie, PU w Preszowie\n\n\r\n\t\t\t\t\t\t\t\t<br>\r\n\t\t\t\t\t\t\t\t\r\n\t\t\t\t\t\t\t\t<\/div>\r\n\t\t\t\t\t\t\t<\/div>\r\n\t\t\t\t\t\t<\/div>\r\n\t\t\t\t\t<\/div>\r\n\t\t\t\t\t<div class=\"bookmark\">\r\n\t\t\t\t\t\t<div class=\"bookmark__title\">\r\n                            <h3>\r\n                                <span class=\"short\">Cz\u0142onkostwo w radach naukowych i radach redakcyjnych <\/span>\r\n                                <span class=\"long\">Cz\u0142onkostwo w radach naukowych i radach redakcyjnych <\/span>\r\n                            <\/h3>\r\n\t\t\t\t\t\t<\/div>\r\n\t\t\t\t\t\t\r\n\t\t\t\t\t\t<div class=\"bookmark__content-wrap\">\r\n\t\t\t\t\t\t\t<div class=\"bookmark__content\">\r\n\r\n\t\t\t\t\t\t\t\t\r\n\r\n\t\t\t\t\t\t\t\t<div class=\"bookmark_text\" style=\"font-size:20px;\">\r\n\t\t\t\t\t\t\t\t<li>od 1999 r. \u2013 cz\u0142onkostwo \u2013 Polska Sekcja ISME, Warszawa.\n<li>od 2000 r. \u2013 cz\u0142onkostwo \u2013 Polskie Towarzystwo im. Edwina E. Gordona, Bydgoszcz.\n<li>od 2001 r. \u2013 cz\u0142onkostwo \u2013 Stowarzyszenie Muzykoterapeut\u00f3w Polskich, Wroc\u0142aw.\n<li>od 2009 r. \u2013 cz\u0142onek Rady naukowej czasopisma \u201eA\u043a\u0442\u0443\u0430\u043b\u044c\u043d\u0456 \u043f\u0438\u0442\u0430\u043d\u043d\u044f \u043c\u0438\u0441\u0442\u0435\u0446\u044c\u043a\u043e\u0456\u0308 \u043e\u0441\u0432\u0456\u0442\u0438 \u0442\u0430 \u0432\u0438\u0445\u043e\u0432\u0430\u043d\u043d\u044f. \u0417\u0431\u0456\u0440\u043d\u0438\u043a \u043d\u0430\u0443\u043a\u043e\u0432\u0438\u0445 \u043f\u0440\u0430\u0446\u044c\u201d, \u0421\u0443\u043c\u0414\u041f\u0423 \u0456\u043c\u0435\u043d\u0456 \u0410. \u0421. \u041c\u0430\u043a\u0430\u0440\u0435\u043d\u043a\u0430, \u0421\u0443\u043c\u0438, Ukraina.\n<li>od 2010 r. \u2013 rzeczoznawca do spraw podr\u0119cznik\u00f3w Ministerstwa Edukacji Narodowej, Warszawa. \n<li>2016\/2017 r. \u2013 Konsultant, ekspert MEN ds. Podstawy programowej (2017). \n<li>od 2018 r. \u2013 cz\u0142onek Rady naukowej czasopisma \u201eStudia z Pedagogiki Muzycznej\u201d UMCS Lublin.\n\r\n\t\t\t\t\t\t\t\t<br>\r\n\t\t\t\t\t\t\t\t\r\n\t\t\t\t\t\t\t\t<\/div>\r\n\t\t\t\t\t\t\t<\/div>\r\n\t\t\t\t\t\t<\/div>\r\n\t\t\t\t\t<\/div><\/div>\r\n\t\t\t\t\t\t<\/div>\r\n\t\t\t\t\t <\/div>[\/vc_column][\/vc_row]<\/p>","protected":false},"excerpt":{"rendered":"<p>[vc_row][vc_column width=&#8221;1\/4&#8243;][vc_single_image image=&#8221;737&#8243; img_size=&#8221;medium&#8221; style=&#8221;vc_box_shadow_3d&#8221;][\/vc_column][vc_column width=&#8221;3\/4&#8243; css=&#8221;.vc_custom_1597521185463{border-bottom-width: -30px !important;}&#8221;][vc_column_text] Stanowisko: Grupa: Specjalno\u015b\u0107: Pok\u00f3j: Telefon: e-mail: Profesor Uczelni Pracownicy badawczo-dydaktyczni Pedagogika b.d. \u00a0 miroslaw.kisiel@us.edu.pl 0000-0003-2002-011 [\/vc_column_text][\/vc_column][\/vc_row][vc_row][vc_column][\/vc_column][\/vc_row][vc_row][vc_column css=&#8221;.vc_custom_1597523042561{margin-bottom: -50px !important;}&#8221;][\/vc_column][\/vc_row] [&#8230;]<\/p>\n<p><a class=\"btn btn-secondary understrap-read-more-link\" href=\"https:\/\/us.edu.pl\/instytut\/ipe\/dr-hab-miroslaw-kisiel\/\">Read More&#8230;<\/a><\/p>\n","protected":false},"author":2293,"featured_media":0,"parent":0,"menu_order":0,"comment_status":"closed","ping_status":"closed","template":"page-templates\/page-with-bookmarks.php","meta":{"_expiration-date-status":"saved","_expiration-date":0,"_expiration-date-type":"","_expiration-date-categories":[],"_expiration-date-options":[]},"acf":[],"_links":{"self":[{"href":"https:\/\/us.edu.pl\/instytut\/ipe\/wp-json\/wp\/v2\/pages\/863"}],"collection":[{"href":"https:\/\/us.edu.pl\/instytut\/ipe\/wp-json\/wp\/v2\/pages"}],"about":[{"href":"https:\/\/us.edu.pl\/instytut\/ipe\/wp-json\/wp\/v2\/types\/page"}],"author":[{"embeddable":true,"href":"https:\/\/us.edu.pl\/instytut\/ipe\/wp-json\/wp\/v2\/users\/2293"}],"replies":[{"embeddable":true,"href":"https:\/\/us.edu.pl\/instytut\/ipe\/wp-json\/wp\/v2\/comments?post=863"}],"version-history":[{"count":3,"href":"https:\/\/us.edu.pl\/instytut\/ipe\/wp-json\/wp\/v2\/pages\/863\/revisions"}],"predecessor-version":[{"id":928,"href":"https:\/\/us.edu.pl\/instytut\/ipe\/wp-json\/wp\/v2\/pages\/863\/revisions\/928"}],"wp:attachment":[{"href":"https:\/\/us.edu.pl\/instytut\/ipe\/wp-json\/wp\/v2\/media?parent=863"}],"curies":[{"name":"wp","href":"https:\/\/api.w.org\/{rel}","templated":true}]}}