{"id":871,"date":"2020-08-22T17:30:21","date_gmt":"2020-08-22T15:30:21","guid":{"rendered":"https:\/\/us.edu.pl\/instytut\/ipe\/?page_id=871"},"modified":"2020-09-12T13:06:51","modified_gmt":"2020-09-12T11:06:51","slug":"dr-hab-katarzyna-borzucka-sitkiewicz","status":"publish","type":"page","link":"https:\/\/us.edu.pl\/instytut\/ipe\/dr-hab-katarzyna-borzucka-sitkiewicz\/","title":{"rendered":"Dr hab. Katarzyna Borzucka-Sitkiewicz"},"content":{"rendered":"<p>[vc_row][vc_column width=&#8221;1\/4&#8243;][vc_single_image image=&#8221;737&#8243; img_size=&#8221;medium&#8221; style=&#8221;vc_box_shadow_3d&#8221;][\/vc_column][vc_column width=&#8221;3\/4&#8243; css=&#8221;.vc_custom_1597521185463{border-bottom-width: -30px !important;}&#8221;][vc_column_text]<\/p>\n<table style=\"width: 72.9397%\">\n<tbody>\n<tr>\n<td style=\"width: 24.6684%\"><span style=\"font-size: 12pt;font-family: tahoma, arial, helvetica, sans-serif\">Stanowisko:<\/span><\/p>\n<p><span style=\"font-size: 12pt;font-family: tahoma, arial, helvetica, sans-serif\">Grupa:<\/span><\/p>\n<p><span style=\"font-size: 12pt;font-family: tahoma, arial, helvetica, sans-serif\">Specjalno\u015b\u0107:<\/span><\/p>\n<p><span style=\"font-size: 12pt;font-family: tahoma, arial, helvetica, sans-serif\">Pok\u00f3j:<\/span><\/p>\n<p><span style=\"font-size: 12pt;font-family: tahoma, arial, helvetica, sans-serif\">Telefon:<\/span><\/p>\n<p><span style=\"font-size: 12pt;font-family: tahoma, arial, helvetica, sans-serif\">e-mail:<\/span><\/p>\n<p><span style=\"font-size: 12pt;font-family: tahoma, arial, helvetica, sans-serif\"><img class=\"size-full wp-image-275\" src=\"http:\/\/us.edu.pl\/instytut\/im\/wp-content\/uploads\/sites\/43\/Nieprzypisane\/ORCID.png\" alt=\"Logo ORCID\" width=\"71\" height=\"22\" \/><\/span><\/td>\n<td style=\"width: 78.7798%\"><span style=\"font-size: 12pt;font-family: tahoma, arial, helvetica, sans-serif\"><strong>Adiunkt<br \/>\n<\/strong><\/span><span style=\"font-size: 12pt;font-family: tahoma, arial, helvetica, sans-serif\"><strong>Pracownicy badawczo-dydaktyczni<\/strong><\/span><\/p>\n<p><span style=\"font-size: 12pt;font-family: tahoma, arial, helvetica, sans-serif\"><strong>Pedagogika<br \/>\n<\/strong><\/span><\/p>\n<p><span style=\"font-size: 12pt;font-family: tahoma, arial, helvetica, sans-serif\"><strong>b.d.<\/strong><\/span><\/p>\n<p><span style=\"font-size: 12pt;font-family: tahoma, arial, helvetica, sans-serif\"><strong>\u00a0<\/strong><\/span><\/p>\n<p><span style=\"font-size: 12pt;font-family: tahoma, arial, helvetica, sans-serif\"><strong><span class=\"styles__Text-qmhvn0-5 bGPptk\">katarzyna.borzucka-sitkiewicz@us.edu.pl<\/span><\/strong><\/span><\/p>\n<p><span style=\"font-size: 12pt;font-family: tahoma, arial, helvetica, sans-serif\"><strong><a href=\"https:\/\/orcid.org\/0000-0001-6079-3880\">0000-0001-6079-3880<\/a><\/strong><\/span><\/td>\n<\/tr>\n<\/tbody>\n<\/table>\n<p>[\/vc_column_text][\/vc_column][\/vc_row][vc_row][vc_column]\r\n\t\t\t\t<div class='container'>\r\n\t\t\t\t\t<div class='list-links list-links_blue'>\r\n\t\t\t\t\t\t  \r\n\t\t\t\t\t\t  <ul>\r\n\t\t\t\t\t\t\t\t<li><a href=''><p>Materia\u0142y dodatkowe<\/p><\/a><\/li><\/ul>\r\n\t\t\t\t\t<\/div>\r\n\t\t\t\t<\/div>   \r\n\t\t\t\t\t[\/vc_column][\/vc_row][vc_row][vc_column css=&#8221;.vc_custom_1597523042561{margin-bottom: -50px !important;}&#8221;]\r\n\t\t\t\t\t<div class='container'>\r\n\t\t\t\t\t\t<div class='sidebar_moduls sidebar_dropdown zakladki' style='background-color: #FFFFFF'>\r\n\t\t\t\t\t\t\t<h3 class='page-title'><\/h3>\r\n\t\t\t\t\t\t\t<p class='zakladki__desc'><\/p>\r\n\r\n\t\t\t\t\t\t\t<div class='bookmarks'>\r\n\t\t\t\t\t<div class=\"bookmark\">\r\n\t\t\t\t\t\t<div class=\"bookmark__title\">\r\n                            <h3>\r\n                                <span class=\"short\">Przebieg kariery naukowej<\/span>\r\n                                <span class=\"long\">Przebieg kariery naukowej<\/span>\r\n                            <\/h3>\r\n\t\t\t\t\t\t<\/div>\r\n\t\t\t\t\t\t\r\n\t\t\t\t\t\t<div class=\"bookmark__content-wrap\">\r\n\t\t\t\t\t\t\t<div class=\"bookmark__content\">\r\n\r\n\t\t\t\t\t\t\t\t\r\n\r\n\t\t\t\t\t\t\t\t<div class=\"bookmark_text\" style=\"font-size:20px;\">\r\n\t\t\t\t\t\t\t\t<li>1996 \u2013 uzyskanie tytu\u0142u magistra pedagogiki, Uniwersytet \u015al\u0105ski w Katowicach \n<li>1998 - uzyskanie tytu\u0142u magistra psychologii, Uniwersytet \u015al\u0105ski w Katowicach\n<li>2001 \u2013 uzyskanie stopnia doktora nauk humanistycznych, Uniwersytet \u015al\u0105ski w Katowicach\n<li>2005 \u2013 2008 -  polski koordynator projektu HALE (Health and Languages for Europe) CZ\/05\/B\/F\/LA-168009 realizowanego w ramach programu Leonardo da Vinci \n<li>2009 \u2013 2011 \u2013 cz\u0142onkostwo w grupie eksperckiej (Educational Panel) projektu HEPS (Healthy Eating and Physical Activity in Schools), realizowanego na rzecz Schools for Health In Europe\n<li>2011 \u2013 uzyskanie stopnia doktora habilitowanego nauk humanistycznych, Uniwersytet \u015al\u0105ski w Katowicach\n<li>Od 2012 \u2013 cz\u0142onkostwo  w Schools for Health in Europe Research Group\n<li>Od 2012 \u2013 cz\u0142onkostwo w Zespole Pedagogiki Spo\u0142ecznej przy Komitecie Nauk Pedagogicznych Polskiej Akademii Nauk\n<li>Od 2015 \u2013 cz\u0142onkostwo w Sekcji Naukowej Psychoterapii Polskiego Towarzystwa Psychiatrycznego\n<li>2018 - 2019 - koordynator projektu badawczo-edukacyjnego \u201ePromocja zdrowego sposobu od\u017cywiania i aktywno\u015bci fizycznej w szko\u0142ach podstawowych na terenie miasta Bytomia \u2013 diagnoza potrzeb edukacyjnych w kontek\u015bcie planowania skutecznych dzia\u0142a\u0144 z zakresu pierwotnej profilaktyki chor\u00f3b nowotworowych\u201d(grant zespo\u0142owy finansowany ze \u015brodk\u00f3w Polskiej Ligii Walki z Rakiem)\n<li>2019 \u2013 promotorstwo w 2 przewodach doktorskich zako\u0144czonych uzyskaniem stopnia doktora\n<li>2019 - 2021 \u2013 koordynator projektu  Acting in Context by Training the Trainers in Social Empowerment (ACTTE) realizowanego w ramach program NAWA  Akademickie Partnerstwa Mi\u0119dzynarodowe\n<li>1.07.2020 \u2013 1.07.2022 udzia\u0142 w zespole badawczym DDU-16 (Diagnoza Dobrostanu Ucznia w wieku 16 lat) wraz z dr hab. Katarzyn\u0105 Kowalczewsk\u0105-Grabowsk\u0105. Temat badawczy: Diagnoza dobrostanu bio-psycho-spo\u0142ecznego uczni\u00f3w w perspektywie pedagogicznej z uwzgl\u0119dnieniem czynnik\u00f3w chroni\u0105cych i czynnik\u00f3w ryzyka. \n\n\n\n\n\n\r\n\t\t\t\t\t\t\t\t<br>\r\n\t\t\t\t\t\t\t\t\r\n\t\t\t\t\t\t\t\t<\/div>\r\n\t\t\t\t\t\t\t<\/div>\r\n\t\t\t\t\t\t<\/div>\r\n\t\t\t\t\t<\/div>\r\n\t\t\t\t\t<div class=\"bookmark\">\r\n\t\t\t\t\t\t<div class=\"bookmark__title\">\r\n                            <h3>\r\n                                <span class=\"short\">Zainteresowania badawcze<\/span>\r\n                                <span class=\"long\">Zainteresowania badawcze<\/span>\r\n                            <\/h3>\r\n\t\t\t\t\t\t<\/div>\r\n\t\t\t\t\t\t\r\n\t\t\t\t\t\t<div class=\"bookmark__content-wrap\">\r\n\t\t\t\t\t\t\t<div class=\"bookmark__content\">\r\n\r\n\t\t\t\t\t\t\t\t\r\n\r\n\t\t\t\t\t\t\t\t<div class=\"bookmark_text\" style=\"font-size:20px;\">\r\n\t\t\t\t\t\t\t\t<li>zagadnienia zwi\u0105zane z zagro\u017ceniami spo\u0142ecznymi i zdrowotnymi, szczeg\u00f3lnie w odniesieniu do zdrowia psychospo\u0142ecznego\n<li>socjalizacyjne uwarunkowania zachowa\u0144 zdrowotnych \n<li>problematyka dotycz\u0105ca edukacji zdrowotnej i promocji zdrowia\n\n\n\n\n\n\r\n\t\t\t\t\t\t\t\t<br>\r\n\t\t\t\t\t\t\t\t\r\n\t\t\t\t\t\t\t\t<\/div>\r\n\t\t\t\t\t\t\t<\/div>\r\n\t\t\t\t\t\t<\/div>\r\n\t\t\t\t\t<\/div>\r\n\t\t\t\t\t<div class=\"bookmark\">\r\n\t\t\t\t\t\t<div class=\"bookmark__title\">\r\n                            <h3>\r\n                                <span class=\"short\">Najwa\u017cniejsze osi\u0105gni\u0119cia naukowe, wyr\u00f3\u017cnienia i nagrody<\/span>\r\n                                <span class=\"long\">Najwa\u017cniejsze osi\u0105gni\u0119cia naukowe, wyr\u00f3\u017cnienia i nagrody<\/span>\r\n                            <\/h3>\r\n\t\t\t\t\t\t<\/div>\r\n\t\t\t\t\t\t\r\n\t\t\t\t\t\t<div class=\"bookmark__content-wrap\">\r\n\t\t\t\t\t\t\t<div class=\"bookmark__content\">\r\n\r\n\t\t\t\t\t\t\t\t\r\n\r\n\t\t\t\t\t\t\t\t<div class=\"bookmark_text\" style=\"font-size:20px;\">\r\n\t\t\t\t\t\t\t\t<li>3 nagrody JM Rektora Uniwersytetu \u015al\u0105skiego za realizowane dzia\u0142ania badawcze\n<li>Srebrna Odznaka za zas\u0142ugi dla Uniwersytetu \u015al\u0105skiego (2018 rok)\n<li>Autorstwo i wsp\u00f3\u0142autorstwo 7 publikacji zwartych, kilkudziesi\u0119ciu artyku\u0142\u00f3w naukowych oraz redakcja dw\u00f3ch monografii naukowych\n<li>Czynny udzia\u0142 w zagranicznych konferencjach naukowych:\n<li>2016 Irlandia, Dublin, University College Dublin:   ECER Main Conference. European Educational Research Association EERA Conference \u201eEducation and Transition \u2013 contributions from Educational Research\u201d, sekcja 8 \u201cHealth Education\u201d; organizator: European Educational Research Association EERA;  tytu\u0142 wyst\u0105pienia: Health education implementation in Polish health promoting schools (wsp\u00f3\u0142autor: K. Kowalczewska-Grabowska),\n<li>2018 W\u0142ochy, Bolzano, The Free University of Bozen-Bolzano: ECER Main Conference. European Educational Research Association EERA Conference \u201eInclusion and Exclusion Resources for Education Research\u201d, sekcja 8 \u201cHealth Education\u201d; organizator: European Educational Research Association EERA;  tytu\u0142 wyst\u0105pienia: \u201cHealth promoters training. Possible solutions in the context of wellbeing and social inclusion\u201d(wsp\u00f3\u0142autor: K. Kowalczewska-Grabowska, E. Syrek, E. Wojtyna).\n\n\r\n\t\t\t\t\t\t\t\t<br>\r\n\t\t\t\t\t\t\t\t\r\n\t\t\t\t\t\t\t\t<\/div>\r\n\t\t\t\t\t\t\t<\/div>\r\n\t\t\t\t\t\t<\/div>\r\n\t\t\t\t\t<\/div>\r\n\t\t\t\t\t<div class=\"bookmark\">\r\n\t\t\t\t\t\t<div class=\"bookmark__title\">\r\n                            <h3>\r\n                                <span class=\"short\">Sta\u017ce naukowe\/Wizyty studyjne<\/span>\r\n                                <span class=\"long\">Sta\u017ce naukowe\/Wizyty studyjne<\/span>\r\n                            <\/h3>\r\n\t\t\t\t\t\t<\/div>\r\n\t\t\t\t\t\t\r\n\t\t\t\t\t\t<div class=\"bookmark__content-wrap\">\r\n\t\t\t\t\t\t\t<div class=\"bookmark__content\">\r\n\r\n\t\t\t\t\t\t\t\t\r\n\r\n\t\t\t\t\t\t\t\t<div class=\"bookmark_text\" style=\"font-size:20px;\">\r\n\t\t\t\t\t\t\t\t<li>Kr\u00f3tkoterminowy sta\u017c zagraniczny: Course of Sensibilisation on the Social Ecological Approach to Alcohol and Mixed Problems (Hudolin\u2019s Method), Lignano Sabbiadoro, W\u0142ochy, 23-28 maja, 2005; organizator: European School of Alcohology and Ecological Psychiatry IOGT, AICAT in co-ordination with WHO (Regional Office for Europe),\n<li>Study visit, Basel, Szwajcaria, marzec 2007; organizator: Fachhochschule Nordwestschweiz, Hochschule f\u00fcr Sociale Arbeit, Instytut Lehre Soziale Arbeit, Instytut Kinder und Jugendhilfe,\n<li>LLP\/Erasmus Teaching Staff Mobility (STA \u2013 Teaching Assignments), 12-17 listopada 2011, University of Applied Science, Northwestern School of Social Work, Basel\/Olten, Szwajcaria,\n<li>LLP\/ Erasmus Teaching Staff Mobility (STA \u2013 Teaching Assignments), 6-12 pa\u017adziernik 2012, VIA University College, Dania,\n<li>Sta\u017c kr\u00f3tkoterminowy \u201e5th SHE Summer School: State of the Art of School-Based Health Promotion in Europe: Research-Based and Practice-Based Knowledge\u201d, 10-13 czerwca 2015, Kuopio, Finlandia,\n<li>Erasmus+ Staff Mobility for Training, 23.05.2016-27.05.2016, Apprentis d\u2019Auteuil Foundation, Paris, Francja,\n<li>Sta\u017c w Ambulatorium Terapii Rodzin Oddzia\u0142u Klinicznego Kliniki Psychiatrii Doros\u0142ych, Dzieci i M\u0142odzie\u017cy Szpitala Uniwersyteckiego w Krakowie (120 godz.) od 06.06.2016 do 29.06.2016.\n<li>Erasmus+ Staff Mobility for Training, 15.02.2017 - 17.02.2017, Foundation Amigo, Madrit, Spain.\n<li>Kr\u00f3tkoterminowy sta\u017c szkoleniowy, The Smile of the Child, Ateny, Grecja (National Center for Missing and Exploited Children, The Children and Family Support Centre, the day Centre \u201cThe House of the Child\u201d, The Support for Children with Health Problems Department, 2-6.10.2017.\n<li>Erasmus+ Staff Mobility for Training, 28.05.2018 \u2013 01.06.2018, Haute \u00c9cole de Bruxelles \u2013 Brabant HE2B, Brussels, Belgium\n<li>Erasmus+ Staff Mobility for Training, 17.06.2019 \u2013 21.06.2019, The Directorate of Health in Iceland, Reykiavik, Iceland\n<li>Sta\u017c w Zak\u0142adzie Terapii Rodzin Oddzia\u0142u Klinicznego Kliniki Psychiatrii Doros\u0142ych, Dzieci i M\u0142odzie\u017cy Szpitala Uniwersyteckiego w Krakowie (120 godz.) od 01.07.2019 do 31.07.2019.\n<li>Erasmus+ Staff Mobility for Training, 07.10.2019 \u2013 11.10.2019, ASKORIA, Rennes, France\n\r\n\t\t\t\t\t\t\t\t<br>\r\n\t\t\t\t\t\t\t\t\r\n\t\t\t\t\t\t\t\t<\/div>\r\n\t\t\t\t\t\t\t<\/div>\r\n\t\t\t\t\t\t<\/div>\r\n\t\t\t\t\t<\/div>\r\n\t\t\t\t\t<div class=\"bookmark\">\r\n\t\t\t\t\t\t<div class=\"bookmark__title\">\r\n                            <h3>\r\n                                <span class=\"short\">Cz\u0142onkostwo w radach naukowych i radach redakcyjnych <\/span>\r\n                                <span class=\"long\">Cz\u0142onkostwo w radach naukowych i radach redakcyjnych <\/span>\r\n                            <\/h3>\r\n\t\t\t\t\t\t<\/div>\r\n\t\t\t\t\t\t\r\n\t\t\t\t\t\t<div class=\"bookmark__content-wrap\">\r\n\t\t\t\t\t\t\t<div class=\"bookmark__content\">\r\n\r\n\t\t\t\t\t\t\t\t\r\n\r\n\t\t\t\t\t\t\t\t<div class=\"bookmark_text\" style=\"font-size:20px;\">\r\n\t\t\t\t\t\t\t\t<li>2008 do 2013 \u2013 sekretarz redakcji kwartalnika spo\u0142eczno \u2013 pedagogicznego \u201eAuxilium Sociale Novum\u201d\n\r\n\t\t\t\t\t\t\t\t<br>\r\n\t\t\t\t\t\t\t\t\r\n\t\t\t\t\t\t\t\t<\/div>\r\n\t\t\t\t\t\t\t<\/div>\r\n\t\t\t\t\t\t<\/div>\r\n\t\t\t\t\t<\/div><\/div>\r\n\t\t\t\t\t\t<\/div>\r\n\t\t\t\t\t <\/div>[\/vc_column][\/vc_row]<\/p>","protected":false},"excerpt":{"rendered":"<p>[vc_row][vc_column width=&#8221;1\/4&#8243;][vc_single_image image=&#8221;737&#8243; img_size=&#8221;medium&#8221; style=&#8221;vc_box_shadow_3d&#8221;][\/vc_column][vc_column width=&#8221;3\/4&#8243; css=&#8221;.vc_custom_1597521185463{border-bottom-width: -30px !important;}&#8221;][vc_column_text] Stanowisko: Grupa: Specjalno\u015b\u0107: Pok\u00f3j: Telefon: e-mail: Adiunkt Pracownicy badawczo-dydaktyczni Pedagogika b.d. \u00a0 katarzyna.borzucka-sitkiewicz@us.edu.pl 0000-0001-6079-3880 [\/vc_column_text][\/vc_column][\/vc_row][vc_row][vc_column][\/vc_column][\/vc_row][vc_row][vc_column css=&#8221;.vc_custom_1597523042561{margin-bottom: -50px !important;}&#8221;][\/vc_column][\/vc_row] [&#8230;]<\/p>\n<p><a class=\"btn btn-secondary understrap-read-more-link\" href=\"https:\/\/us.edu.pl\/instytut\/ipe\/dr-hab-katarzyna-borzucka-sitkiewicz\/\">Read More&#8230;<\/a><\/p>\n","protected":false},"author":2293,"featured_media":0,"parent":0,"menu_order":0,"comment_status":"closed","ping_status":"closed","template":"page-templates\/page-with-bookmarks.php","meta":{"_expiration-date-status":"saved","_expiration-date":0,"_expiration-date-type":"","_expiration-date-categories":[],"_expiration-date-options":[]},"acf":[],"_links":{"self":[{"href":"https:\/\/us.edu.pl\/instytut\/ipe\/wp-json\/wp\/v2\/pages\/871"}],"collection":[{"href":"https:\/\/us.edu.pl\/instytut\/ipe\/wp-json\/wp\/v2\/pages"}],"about":[{"href":"https:\/\/us.edu.pl\/instytut\/ipe\/wp-json\/wp\/v2\/types\/page"}],"author":[{"embeddable":true,"href":"https:\/\/us.edu.pl\/instytut\/ipe\/wp-json\/wp\/v2\/users\/2293"}],"replies":[{"embeddable":true,"href":"https:\/\/us.edu.pl\/instytut\/ipe\/wp-json\/wp\/v2\/comments?post=871"}],"version-history":[{"count":3,"href":"https:\/\/us.edu.pl\/instytut\/ipe\/wp-json\/wp\/v2\/pages\/871\/revisions"}],"predecessor-version":[{"id":946,"href":"https:\/\/us.edu.pl\/instytut\/ipe\/wp-json\/wp\/v2\/pages\/871\/revisions\/946"}],"wp:attachment":[{"href":"https:\/\/us.edu.pl\/instytut\/ipe\/wp-json\/wp\/v2\/media?parent=871"}],"curies":[{"name":"wp","href":"https:\/\/api.w.org\/{rel}","templated":true}]}}