{"id":879,"date":"2020-08-22T18:11:58","date_gmt":"2020-08-22T16:11:58","guid":{"rendered":"https:\/\/us.edu.pl\/instytut\/ipe\/?page_id=879"},"modified":"2020-08-26T20:10:08","modified_gmt":"2020-08-26T18:10:08","slug":"dr-katarzyna-jas","status":"publish","type":"page","link":"https:\/\/us.edu.pl\/instytut\/ipe\/dr-katarzyna-jas\/","title":{"rendered":"dr Katarzyna Jas"},"content":{"rendered":"<p>[vc_row][vc_column width=&#8221;1\/4&#8243;][vc_single_image image=&#8221;737&#8243; img_size=&#8221;medium&#8221; style=&#8221;vc_box_shadow_3d&#8221;][\/vc_column][vc_column width=&#8221;3\/4&#8243; css=&#8221;.vc_custom_1597521185463{border-bottom-width: -30px !important;}&#8221;][vc_column_text]<\/p>\n<table style=\"width: 72.9397%\">\n<tbody>\n<tr>\n<td style=\"width: 24.6684%\"><span style=\"font-size: 12pt;font-family: tahoma, arial, helvetica, sans-serif\">Stanowisko:<\/span><\/p>\n<p><span style=\"font-size: 12pt;font-family: tahoma, arial, helvetica, sans-serif\">Grupa:<\/span><\/p>\n<p><span style=\"font-size: 12pt;font-family: tahoma, arial, helvetica, sans-serif\">Specjalno\u015b\u0107:<\/span><\/p>\n<p><span style=\"font-size: 12pt;font-family: tahoma, arial, helvetica, sans-serif\">Pok\u00f3j:<\/span><\/p>\n<p><span style=\"font-size: 12pt;font-family: tahoma, arial, helvetica, sans-serif\">Telefon:<\/span><\/p>\n<p><span style=\"font-size: 12pt;font-family: tahoma, arial, helvetica, sans-serif\">e-mail:<\/span><\/p>\n<p><span style=\"font-size: 12pt;font-family: tahoma, arial, helvetica, sans-serif\"><img class=\"size-full wp-image-275\" src=\"http:\/\/us.edu.pl\/instytut\/im\/wp-content\/uploads\/sites\/43\/Nieprzypisane\/ORCID.png\" alt=\"Logo ORCID\" width=\"71\" height=\"22\" \/><\/span><\/td>\n<td style=\"width: 78.7798%\"><span style=\"font-size: 12pt;font-family: tahoma, arial, helvetica, sans-serif\"><strong>Adiunkt<\/strong><\/span><\/p>\n<p><span style=\"font-size: 12pt;font-family: tahoma, arial, helvetica, sans-serif\"><strong>Pracownicy badawczo-dydaktyczni<\/strong><\/span><\/p>\n<p><span style=\"font-size: 12pt;font-family: tahoma, arial, helvetica, sans-serif\"><strong>Pedagogika<br \/>\n<\/strong><\/span><\/p>\n<p><span style=\"font-family: tahoma, arial, helvetica, sans-serif;font-size: 12pt\"><strong>249<\/strong><\/span><\/p>\n<p>&nbsp;<\/p>\n<p><span style=\"font-size: 12pt\"><strong><span style=\"font-family: tahoma, arial, helvetica, sans-serif\">katarzyna.jas@us.edu.pl<\/span><\/strong><\/span><\/p>\n<p><span style=\"font-size: 12pt;font-family: tahoma, arial, helvetica, sans-serif\"><strong><a href=\"https:\/\/orcid.org\/0000-0002-8382-1423\">0000-0002-8382-1423<\/a><\/strong><\/span><\/td>\n<\/tr>\n<\/tbody>\n<\/table>\n<p>[\/vc_column_text][\/vc_column][\/vc_row][vc_row][vc_column]\r\n\t\t\t\t<div class='container'>\r\n\t\t\t\t\t<div class='list-links list-links_blue'>\r\n\t\t\t\t\t\t  \r\n\t\t\t\t\t\t  <ul>\r\n\t\t\t\t\t\t\t\t<li><a href=''><p>Materia\u0142y dodatkowe<\/p><\/a><\/li><\/ul>\r\n\t\t\t\t\t<\/div>\r\n\t\t\t\t<\/div>   \r\n\t\t\t\t\t[\/vc_column][\/vc_row][vc_row][vc_column css=&#8221;.vc_custom_1597523042561{margin-bottom: -50px !important;}&#8221;]\r\n\t\t\t\t\t<div class='container'>\r\n\t\t\t\t\t\t<div class='sidebar_moduls sidebar_dropdown zakladki' style='background-color: #FFFFFF'>\r\n\t\t\t\t\t\t\t<h3 class='page-title'><\/h3>\r\n\t\t\t\t\t\t\t<p class='zakladki__desc'><\/p>\r\n\r\n\t\t\t\t\t\t\t<div class='bookmarks'>\r\n\t\t\t\t\t<div class=\"bookmark\">\r\n\t\t\t\t\t\t<div class=\"bookmark__title\">\r\n                            <h3>\r\n                                <span class=\"short\">Przebieg kariery naukowej<\/span>\r\n                                <span class=\"long\">Przebieg kariery naukowej<\/span>\r\n                            <\/h3>\r\n\t\t\t\t\t\t<\/div>\r\n\t\t\t\t\t\t\r\n\t\t\t\t\t\t<div class=\"bookmark__content-wrap\">\r\n\t\t\t\t\t\t\t<div class=\"bookmark__content\">\r\n\r\n\t\t\t\t\t\t\t\t\r\n\r\n\t\t\t\t\t\t\t\t<div class=\"bookmark_text\" style=\"font-size:20px;\">\r\n\t\t\t\t\t\t\t\t<li>Studia magisterskie na kierunku pedagogika, specjalno\u015b\u0107 og\u00f3lnopedagogiczna, Wydzia\u0142 Etnologii i Nauk o Edukacji w Cieszynie, Uniwersytet \u015al\u0105ski w Katowicach 2009 r. \n<li>Dwusemestralne studia podyplomowe w zakresie \u201eTrener biznesu i organizacji szkole\u0144\u201d Wy\u017csza Szko\u0142a Europejska im. ks. J\u00f3zefa Tischnera w Krakowie \n<li>2015 r. uzyskanie stopnia doktora nauk spo\u0142ecznych w dyscyplinie pedagogika, temat rozprawy: Poczucie to\u017csamo\u015bci os\u00f3b w wieku p\u00f3\u017anej doros\u0142o\u015bci - studia i do\u015bwiadczenia na przyk\u0142adzie \u015al\u0105ska Cieszy\u0144skiego\n<br>\n<br>\n<li>udzia\u0142 w projekcie: Budowanie most\u00f3w mi\u0119dzy pokoleniami - wsp\u00f3\u0142praca na rzecz os\u00f3b starszych w Unii Europejskiej (Building bridges between senior citizens and students in the elderly care in the EU) Projekt finansowany ze \u015brodk\u00f3w Unii Europejskiej w ramach programu Europa dla Obywateli - Dzia\u0142anie 1.2, Sieci miast partnerskich. Projekt przyj\u0119ty do realizacji Uchwa\u0142\u0105 Zarz\u0105du Wojew\u00f3dztwa \u015al\u0105skiego nr 662\/329\/IV\/2014 z dnia 16 kwietnia 2014 roku. udzia\u0142 w projekcie: Budowanie most\u00f3w mi\u0119dzy pokoleniami - wsp\u00f3\u0142praca na rzecz os\u00f3b starszych w Unii Europejskiej (Building bridges between senior citizens and students in the elderly care in the EU) Projekt finansowany ze \u015brodk\u00f3w Unii Europejskiej \nw ramach programu Europa dla Obywateli - Dzia\u0142anie 1.2, Sieci miast partnerskich. Projekt przyj\u0119ty do realizacji Uchwa\u0142\u0105 Zarz\u0105du Wojew\u00f3dztwa \u015al\u0105skiego nr 662\/329\/IV\/2014 z dnia 16 kwietnia 2014 roku, Cieszyn13.05.2015 r.\n<li>2016 r. aplikowanie w projekcie pt. \u201eUniwersytet \u0142\u0105czy pokolenia\u201d realizowanego w ramach programu Ministra Nauki i Szkolnictwa Wy\u017cszego pod nazw\u0105 \u201eWsparcie Uniwersytet\u00f3w Trzeciego Wieku\u201d, koordynator projektu. \n<li>25.10.2017 \u2013 31.01.2018 wykonawca w projekcie \u201eKierunek Cieszyn! \u2013 podnie\u015b swoje kompetencje na Wydziale Etnologii i Nauk o Edukacji U\u015a\u201d POWR.03.01.00-00-K312\/16-00 dzia\u0142anie 3.1 Kompetencje w szkolnictwie wy\u017cszym, prowadzenie zada\u0144 warsztatowych w ramach grup projektowych \n<li>15.10.2019 \u2013 31.01.2020 wykonawca w projekcie \u201eKierunek Cieszyn! \u2013 podnie\u015b swoje kompetencje na Wydziale Etnologii i Nauk o Edukacji U\u015a\u201d POWR.03.01.00-00-K312\/16-00 dzia\u0142anie 3.1 Kompetencje w szkolnictwie wy\u017cszym, prowadzenie zada\u0144 warsztatowych w ramach grup projektowych \n<li>sekretarz Mi\u0119dzynarodowych Konferencji Naukowych z cyklu aktywizacja jednostek, grup i zbiorowo\u015bci w \u015brodowisku lokalnym \n\n\n\r\n\t\t\t\t\t\t\t\t<br>\r\n\t\t\t\t\t\t\t\t\r\n\t\t\t\t\t\t\t\t<\/div>\r\n\t\t\t\t\t\t\t<\/div>\r\n\t\t\t\t\t\t<\/div>\r\n\t\t\t\t\t<\/div>\r\n\t\t\t\t\t<div class=\"bookmark\">\r\n\t\t\t\t\t\t<div class=\"bookmark__title\">\r\n                            <h3>\r\n                                <span class=\"short\">Zainteresowania badawcze<\/span>\r\n                                <span class=\"long\">Zainteresowania badawcze<\/span>\r\n                            <\/h3>\r\n\t\t\t\t\t\t<\/div>\r\n\t\t\t\t\t\t\r\n\t\t\t\t\t\t<div class=\"bookmark__content-wrap\">\r\n\t\t\t\t\t\t\t<div class=\"bookmark__content\">\r\n\r\n\t\t\t\t\t\t\t\t\r\n\r\n\t\t\t\t\t\t\t\t<div class=\"bookmark_text\" style=\"font-size:20px;\">\r\n\t\t\t\t\t\t\t\t<li>pedagogika spo\u0142eczna\n<li>geragogika\n<li>terapia zaj\u0119ciowa\n<li>edukacja mi\u0119dzykulturowa\n\n\n\n\n\n\n\r\n\t\t\t\t\t\t\t\t<br>\r\n\t\t\t\t\t\t\t\t\r\n\t\t\t\t\t\t\t\t<\/div>\r\n\t\t\t\t\t\t\t<\/div>\r\n\t\t\t\t\t\t<\/div>\r\n\t\t\t\t\t<\/div>\r\n\t\t\t\t\t<div class=\"bookmark\">\r\n\t\t\t\t\t\t<div class=\"bookmark__title\">\r\n                            <h3>\r\n                                <span class=\"short\">Najwa\u017cniejsze osi\u0105gni\u0119cia naukowe, wyr\u00f3\u017cnienia i nagrody<\/span>\r\n                                <span class=\"long\">Najwa\u017cniejsze osi\u0105gni\u0119cia naukowe, wyr\u00f3\u017cnienia i nagrody<\/span>\r\n                            <\/h3>\r\n\t\t\t\t\t\t<\/div>\r\n\t\t\t\t\t\t\r\n\t\t\t\t\t\t<div class=\"bookmark__content-wrap\">\r\n\t\t\t\t\t\t\t<div class=\"bookmark__content\">\r\n\r\n\t\t\t\t\t\t\t\t\r\n\r\n\t\t\t\t\t\t\t\t<div class=\"bookmark_text\" style=\"font-size:20px;\">\r\n\t\t\t\t\t\t\t\t<li>2005 r. stypendium Ministra Edukacji Narodowej za osi\u0105gni\u0119cia w nauce\r\n\t\t\t\t\t\t\t\t<br>\r\n\t\t\t\t\t\t\t\t\r\n\t\t\t\t\t\t\t\t<\/div>\r\n\t\t\t\t\t\t\t<\/div>\r\n\t\t\t\t\t\t<\/div>\r\n\t\t\t\t\t<\/div>\r\n\t\t\t\t\t<div class=\"bookmark\">\r\n\t\t\t\t\t\t<div class=\"bookmark__title\">\r\n                            <h3>\r\n                                <span class=\"short\">Sta\u017ce naukowe\/Wizyty studyjne<\/span>\r\n                                <span class=\"long\">Sta\u017ce naukowe\/Wizyty studyjne<\/span>\r\n                            <\/h3>\r\n\t\t\t\t\t\t<\/div>\r\n\t\t\t\t\t\t\r\n\t\t\t\t\t\t<div class=\"bookmark__content-wrap\">\r\n\t\t\t\t\t\t\t<div class=\"bookmark__content\">\r\n\r\n\t\t\t\t\t\t\t\t\r\n\r\n\t\t\t\t\t\t\t\t<div class=\"bookmark_text\" style=\"font-size:20px;\">\r\n\t\t\t\t\t\t\t\t<li>22.04-29.04.2014 r. realizacja sta\u017cu dydaktycznego w ramach programu LLP-ERASMUS PROGRAMME INDIVIDUAL TEACHING PROGRAMME FOR TEACHING STAFF MOBILITY, Ostravsk\u00e1 Univerzita v Ostrav\u011b, CZECH REPUBLIC OSTRAVA\n<li>06.11.2017-10.11.2017 r. realizacja sta\u017cu dydaktycznego w ramach programu LL-Erasmus Programme Individual Teaching Programme for teachning Staff Mobility, Ostrawa, Republika Czeska\n<li>08.04.2019-12.04.2019 r. realizacja sta\u017cu dydaktycznego w ramach programu Erasmus+, O\u0142omuniec, Czeska Republika \n<li>09.03.2020-13.03.2020 r. realizacja sta\u017cu dydaktycznego w ramach programu Erasmus+, Ostrawa, Czeska Republika\n\r\n\t\t\t\t\t\t\t\t<br>\r\n\t\t\t\t\t\t\t\t\r\n\t\t\t\t\t\t\t\t<\/div>\r\n\t\t\t\t\t\t\t<\/div>\r\n\t\t\t\t\t\t<\/div>\r\n\t\t\t\t\t<\/div>\r\n\t\t\t\t\t<div class=\"bookmark\">\r\n\t\t\t\t\t\t<div class=\"bookmark__title\">\r\n                            <h3>\r\n                                <span class=\"short\">Cz\u0142onkostwo w radach naukowych i radach redakcyjnych <\/span>\r\n                                <span class=\"long\">Cz\u0142onkostwo w radach naukowych i radach redakcyjnych <\/span>\r\n                            <\/h3>\r\n\t\t\t\t\t\t<\/div>\r\n\t\t\t\t\t\t\r\n\t\t\t\t\t\t<div class=\"bookmark__content-wrap\">\r\n\t\t\t\t\t\t\t<div class=\"bookmark__content\">\r\n\r\n\t\t\t\t\t\t\t\t\r\n\r\n\t\t\t\t\t\t\t\t<div class=\"bookmark_text\" style=\"font-size:20px;\">\r\n\t\t\t\t\t\t\t\t\r\n\t\t\t\t\t\t\t\t<br>\r\n\t\t\t\t\t\t\t\t\r\n\t\t\t\t\t\t\t\t<\/div>\r\n\t\t\t\t\t\t\t<\/div>\r\n\t\t\t\t\t\t<\/div>\r\n\t\t\t\t\t<\/div><\/div>\r\n\t\t\t\t\t\t<\/div>\r\n\t\t\t\t\t <\/div>[\/vc_column][\/vc_row]<\/p>","protected":false},"excerpt":{"rendered":"<p>[vc_row][vc_column width=&#8221;1\/4&#8243;][vc_single_image image=&#8221;737&#8243; img_size=&#8221;medium&#8221; style=&#8221;vc_box_shadow_3d&#8221;][\/vc_column][vc_column width=&#8221;3\/4&#8243; css=&#8221;.vc_custom_1597521185463{border-bottom-width: -30px !important;}&#8221;][vc_column_text] Stanowisko: Grupa: Specjalno\u015b\u0107: Pok\u00f3j: Telefon: e-mail: Adiunkt Pracownicy badawczo-dydaktyczni Pedagogika 249 &nbsp; katarzyna.jas@us.edu.pl 0000-0002-8382-1423 [\/vc_column_text][\/vc_column][\/vc_row][vc_row][vc_column][\/vc_column][\/vc_row][vc_row][vc_column css=&#8221;.vc_custom_1597523042561{margin-bottom: -50px !important;}&#8221;][\/vc_column][\/vc_row] [&#8230;]<\/p>\n<p><a class=\"btn btn-secondary understrap-read-more-link\" href=\"https:\/\/us.edu.pl\/instytut\/ipe\/dr-katarzyna-jas\/\">Read More&#8230;<\/a><\/p>\n","protected":false},"author":2293,"featured_media":0,"parent":0,"menu_order":0,"comment_status":"closed","ping_status":"closed","template":"page-templates\/page-with-bookmarks.php","meta":{"_expiration-date-status":"saved","_expiration-date":0,"_expiration-date-type":"","_expiration-date-categories":[],"_expiration-date-options":[]},"acf":[],"_links":{"self":[{"href":"https:\/\/us.edu.pl\/instytut\/ipe\/wp-json\/wp\/v2\/pages\/879"}],"collection":[{"href":"https:\/\/us.edu.pl\/instytut\/ipe\/wp-json\/wp\/v2\/pages"}],"about":[{"href":"https:\/\/us.edu.pl\/instytut\/ipe\/wp-json\/wp\/v2\/types\/page"}],"author":[{"embeddable":true,"href":"https:\/\/us.edu.pl\/instytut\/ipe\/wp-json\/wp\/v2\/users\/2293"}],"replies":[{"embeddable":true,"href":"https:\/\/us.edu.pl\/instytut\/ipe\/wp-json\/wp\/v2\/comments?post=879"}],"version-history":[{"count":2,"href":"https:\/\/us.edu.pl\/instytut\/ipe\/wp-json\/wp\/v2\/pages\/879\/revisions"}],"predecessor-version":[{"id":903,"href":"https:\/\/us.edu.pl\/instytut\/ipe\/wp-json\/wp\/v2\/pages\/879\/revisions\/903"}],"wp:attachment":[{"href":"https:\/\/us.edu.pl\/instytut\/ipe\/wp-json\/wp\/v2\/media?parent=879"}],"curies":[{"name":"wp","href":"https:\/\/api.w.org\/{rel}","templated":true}]}}