{"id":881,"date":"2020-08-22T18:18:49","date_gmt":"2020-08-22T16:18:49","guid":{"rendered":"https:\/\/us.edu.pl\/instytut\/ipe\/?page_id=881"},"modified":"2020-08-22T18:20:16","modified_gmt":"2020-08-22T16:20:16","slug":"dr-lukasz-kwadrans","status":"publish","type":"page","link":"https:\/\/us.edu.pl\/instytut\/ipe\/dr-lukasz-kwadrans\/","title":{"rendered":"dr \u0141ukasz Kwadrans"},"content":{"rendered":"<p>[vc_row][vc_column width=&#8221;1\/4&#8243;][vc_single_image image=&#8221;737&#8243; img_size=&#8221;medium&#8221; style=&#8221;vc_box_shadow_3d&#8221;][\/vc_column][vc_column width=&#8221;3\/4&#8243; css=&#8221;.vc_custom_1597521185463{border-bottom-width: -30px !important;}&#8221;][vc_column_text]<\/p>\n<table style=\"width: 72.9397%\">\n<tbody>\n<tr>\n<td style=\"width: 24.6684%\"><span style=\"font-size: 12pt;font-family: tahoma, arial, helvetica, sans-serif\">Stanowisko:<\/span><\/p>\n<p><span style=\"font-size: 12pt;font-family: tahoma, arial, helvetica, sans-serif\">Grupa:<\/span><\/p>\n<p><span style=\"font-size: 12pt;font-family: tahoma, arial, helvetica, sans-serif\">Specjalno\u015b\u0107:<\/span><\/p>\n<p><span style=\"font-size: 12pt;font-family: tahoma, arial, helvetica, sans-serif\">Pok\u00f3j:<\/span><\/p>\n<p><span style=\"font-size: 12pt;font-family: tahoma, arial, helvetica, sans-serif\">Telefon:<\/span><\/p>\n<p><span style=\"font-size: 12pt;font-family: tahoma, arial, helvetica, sans-serif\">e-mail:<\/span><\/p>\n<p><span style=\"font-size: 12pt;font-family: tahoma, arial, helvetica, sans-serif\"><img class=\"size-full wp-image-275\" src=\"http:\/\/us.edu.pl\/instytut\/im\/wp-content\/uploads\/sites\/43\/Nieprzypisane\/ORCID.png\" alt=\"Logo ORCID\" width=\"71\" height=\"22\" \/><\/span><\/td>\n<td style=\"width: 78.7798%\"><span style=\"font-size: 12pt;font-family: tahoma, arial, helvetica, sans-serif\"><strong>Adiunkt<\/strong><\/span><\/p>\n<p><span style=\"font-size: 12pt;font-family: tahoma, arial, helvetica, sans-serif\"><strong>Pracownicy badawczo-dydaktyczni<\/strong><\/span><\/p>\n<p><span style=\"font-size: 12pt;font-family: tahoma, arial, helvetica, sans-serif\"><strong>Pedagogika<br \/>\n<\/strong><\/span><\/p>\n<p>&nbsp;<\/p>\n<p>&nbsp;<\/p>\n<p><span style=\"font-size: 12pt\"><strong><span style=\"font-family: tahoma, arial, helvetica, sans-serif\">lukasz.kwadrans@us.edu.pl<\/span><\/strong><\/span><\/p>\n<p><span style=\"font-size: 12pt;font-family: tahoma, arial, helvetica, sans-serif\"><strong><a href=\"https:\/\/orcid.org\/0000-0001-6102-2308\">0000-0001-6102-2308<\/a><\/strong><\/span><\/td>\n<\/tr>\n<\/tbody>\n<\/table>\n<p>[\/vc_column_text][\/vc_column][\/vc_row][vc_row][vc_column]\r\n\t\t\t\t<div class='container'>\r\n\t\t\t\t\t<div class='list-links list-links_blue'>\r\n\t\t\t\t\t\t  \r\n\t\t\t\t\t\t  <ul>\r\n\t\t\t\t\t\t\t\t<li><a href=''><p>Materia\u0142y dodatkowe<\/p><\/a><\/li><\/ul>\r\n\t\t\t\t\t<\/div>\r\n\t\t\t\t<\/div>   \r\n\t\t\t\t\t[\/vc_column][\/vc_row][vc_row][vc_column css=&#8221;.vc_custom_1597523042561{margin-bottom: -50px !important;}&#8221;]\r\n\t\t\t\t\t<div class='container'>\r\n\t\t\t\t\t\t<div class='sidebar_moduls sidebar_dropdown zakladki' style='background-color: #FFFFFF'>\r\n\t\t\t\t\t\t\t<h3 class='page-title'><\/h3>\r\n\t\t\t\t\t\t\t<p class='zakladki__desc'><\/p>\r\n\r\n\t\t\t\t\t\t\t<div class='bookmarks'>\r\n\t\t\t\t\t<div class=\"bookmark\">\r\n\t\t\t\t\t\t<div class=\"bookmark__title\">\r\n                            <h3>\r\n                                <span class=\"short\">Przebieg kariery naukowej<\/span>\r\n                                <span class=\"long\">Przebieg kariery naukowej<\/span>\r\n                            <\/h3>\r\n\t\t\t\t\t\t<\/div>\r\n\t\t\t\t\t\t\r\n\t\t\t\t\t\t<div class=\"bookmark__content-wrap\">\r\n\t\t\t\t\t\t\t<div class=\"bookmark__content\">\r\n\r\n\t\t\t\t\t\t\t\t\r\n\r\n\t\t\t\t\t\t\t\t<div class=\"bookmark_text\" style=\"font-size:20px;\">\r\n\t\t\t\t\t\t\t\t<li>2002 r. \u2013 uzyskanie tytu\u0142u magistra politologii i nauk spo\u0142ecznych, specjalizacja socjologiczna. Uniwersytet Opolski.\n<li>2004 r. \u2013 uzyskanie tytu\u0142u magistra pedagogiki w zakresie resocjalizacji. Uniwersytet Opolski.\n<li>2007 r. \u2013 uzyskanie stopnia doktora nauk humanistycznych w zakresie pedagogiki. Uniwersytet Opolski. \n<li>2018 r. \u2013 studia podyplomowe: inspektor ochrony danych. Wy\u017csza Szko\u0142a Zarz\u0105dzania i Przedsi\u0119biorczo\u015bci w Wa\u0142brzychu.\n<li>2019 r. \u2013 studia Executive Master of Business Administration - Business Trends. Wy\u017csza Szko\u0142a Bankowa we Wroc\u0142awiu.\n\n\n\n\r\n\t\t\t\t\t\t\t\t<br>\r\n\t\t\t\t\t\t\t\t\r\n\t\t\t\t\t\t\t\t<\/div>\r\n\t\t\t\t\t\t\t<\/div>\r\n\t\t\t\t\t\t<\/div>\r\n\t\t\t\t\t<\/div>\r\n\t\t\t\t\t<div class=\"bookmark\">\r\n\t\t\t\t\t\t<div class=\"bookmark__title\">\r\n                            <h3>\r\n                                <span class=\"short\">Zainteresowania badawcze<\/span>\r\n                                <span class=\"long\">Zainteresowania badawcze<\/span>\r\n                            <\/h3>\r\n\t\t\t\t\t\t<\/div>\r\n\t\t\t\t\t\t\r\n\t\t\t\t\t\t<div class=\"bookmark__content-wrap\">\r\n\t\t\t\t\t\t\t<div class=\"bookmark__content\">\r\n\r\n\t\t\t\t\t\t\t\t\r\n\r\n\t\t\t\t\t\t\t\t<div class=\"bookmark_text\" style=\"font-size:20px;\">\r\n\t\t\t\t\t\t\t\t<li>funkcjonowanie probacji w Polsce i w Europie; \n<li>sytuacja spo\u0142eczna i edukacyjna Rom\u00f3w; \n<li>resocjalizacja i reintegracja spo\u0142eczna jednostek niedostosowanych b\u0105d\u017a zagro\u017conych niedostosowaniem spo\u0142ecznym; \n<li>zasoby osobiste i zewn\u0119trzne;\n<li>funkcjonowanie personelu resocjalizacyjnego w Polsce i Europie; \n<li>instytucjonalne formy pracy resocjalizacyjnej i wychowawczej z nieletnimi, funkcjonowanie o\u015brodk\u00f3w kuratorskich; \n<li>praca z rodzin\u0105 dysfunkcyjn\u0105.\n\n\n\n\n\n\n\r\n\t\t\t\t\t\t\t\t<br>\r\n\t\t\t\t\t\t\t\t\r\n\t\t\t\t\t\t\t\t<\/div>\r\n\t\t\t\t\t\t\t<\/div>\r\n\t\t\t\t\t\t<\/div>\r\n\t\t\t\t\t<\/div>\r\n\t\t\t\t\t<div class=\"bookmark\">\r\n\t\t\t\t\t\t<div class=\"bookmark__title\">\r\n                            <h3>\r\n                                <span class=\"short\">Najwa\u017cniejsze osi\u0105gni\u0119cia naukowe, wyr\u00f3\u017cnienia i nagrody<\/span>\r\n                                <span class=\"long\">Najwa\u017cniejsze osi\u0105gni\u0119cia naukowe, wyr\u00f3\u017cnienia i nagrody<\/span>\r\n                            <\/h3>\r\n\t\t\t\t\t\t<\/div>\r\n\t\t\t\t\t\t\r\n\t\t\t\t\t\t<div class=\"bookmark__content-wrap\">\r\n\t\t\t\t\t\t\t<div class=\"bookmark__content\">\r\n\r\n\t\t\t\t\t\t\t\t\r\n\r\n\t\t\t\t\t\t\t\t<div class=\"bookmark_text\" style=\"font-size:20px;\">\r\n\t\t\t\t\t\t\t\t<li>Granty i wsp\u00f3\u0142praca mi\u0119dzynarodowa:\n<li>Uczestnik, wykonawca i koordynator projekt\u00f3w (NCN, MNiSW, MSWiA, Komisji Europejskiej w ramach 7 Programu Ramowego, International Visegrad Fund, Europejski Fundusz Spo\u0142eczny, Program Operacyjny Kapita\u0142 Ludzki, VEGA, APVV).\nKonferencje naukowe, seminaria, wyjazdy studyjne:\nUczestnik ponad 140 konferencji naukowych og\u00f3lnopolskich i mi\u0119dzynarodowych w kraju i zagranic\u0105.\n<li>Publikacje naukowe w czasopismach i recenzowanych pracach zbiorowych:\nDorobek naukowy w latach 2007-2019 obejmuje ponad 100 artyku\u0142\u00f3w naukowych, 36 w czasopismach na listach B i C MNiSW oraz ERIH, CEJH, a tak\u017ce nieindeksowanych i 72 w pracach pod redakcj\u0105, 3 monografie autorskie, 4 wsp\u00f3\u0142autorskie, 10 prac zbiorowych wsp\u00f3\u0142redagowanych.\n<br>\n<br>\nAktywno\u015b\u0107 ekspercka:\n<li>Ekspert MSWiA (2011), Ministerstwa Sprawiedliwo\u015bci (2016), delegat okr\u0119gu \u015bwidnickiego do Krajowej Rady Kurator\u00f3w II, III i IV kadencji, Sekretarz Komisji Rozwoju i Wsp\u00f3\u0142pracy KRK IV kadencji, reprezentant KRK na posiedzeniach Komisji i Podkomisji Sejmu RP (2008-2016), ekspert Krajowej Rady Kurator\u00f3w (2016-2018), ekspert w Biurze Rzecznika Praw Dziecka (2017). \n<br>\n<br>\nNagrody:\n<li>2015 Nagroda Zespo\u0142owa III Stopnia JM Rektora Uniwersytetu \u015al\u0105skiego za dzia\u0142alno\u015b\u0107 dydaktyczn\u0105. 2017 - Nagroda Zespo\u0142owa III Stopnia JM Rektora Uniwersytetu \u015al\u0105skiego za dzia\u0142alno\u015b\u0107 naukow\u0105. 2018 - Nagroda Indywidualna III Stopnia JM Rektora Uniwersytetu \u015al\u0105skiego za dzia\u0142alno\u015b\u0107 naukow\u0105. Cz\u0142onek zespo\u0142u Fundacji Integracji Spo\u0142ecznej PROM, kt\u00f3ra otrzyma\u0142a za swoj\u0105 dzia\u0142alno\u015b\u0107 w 2015 roku nagrod\u0119 Parlamentu Europejskiego (Europejska Nagroda Obywatelska). \n\r\n\t\t\t\t\t\t\t\t<br>\r\n\t\t\t\t\t\t\t\t\r\n\t\t\t\t\t\t\t\t<\/div>\r\n\t\t\t\t\t\t\t<\/div>\r\n\t\t\t\t\t\t<\/div>\r\n\t\t\t\t\t<\/div>\r\n\t\t\t\t\t<div class=\"bookmark\">\r\n\t\t\t\t\t\t<div class=\"bookmark__title\">\r\n                            <h3>\r\n                                <span class=\"short\">Sta\u017ce naukowe\/Wizyty studyjne<\/span>\r\n                                <span class=\"long\">Sta\u017ce naukowe\/Wizyty studyjne<\/span>\r\n                            <\/h3>\r\n\t\t\t\t\t\t<\/div>\r\n\t\t\t\t\t\t\r\n\t\t\t\t\t\t<div class=\"bookmark__content-wrap\">\r\n\t\t\t\t\t\t\t<div class=\"bookmark__content\">\r\n\r\n\t\t\t\t\t\t\t\t\r\n\r\n\t\t\t\t\t\t\t\t<div class=\"bookmark_text\" style=\"font-size:20px;\">\r\n\t\t\t\t\t\t\t\t<li>Sta\u017ce naukowe (11) i dydaktyczne (7) za granic\u0105 w ramach stypendi\u00f3w International Visegrad Fund, Erasmus+, BUWiM, NAWA oraz projekt\u00f3w i program\u00f3w Komisji Europejskiej, a tak\u017ce um\u00f3w bilateralnych (Australia, Czechy, Francja, Litwa, Portugalia, S\u0142owacja, S\u0142owenia, Ukraina).\n\r\n\t\t\t\t\t\t\t\t<br>\r\n\t\t\t\t\t\t\t\t\r\n\t\t\t\t\t\t\t\t<\/div>\r\n\t\t\t\t\t\t\t<\/div>\r\n\t\t\t\t\t\t<\/div>\r\n\t\t\t\t\t<\/div>\r\n\t\t\t\t\t<div class=\"bookmark\">\r\n\t\t\t\t\t\t<div class=\"bookmark__title\">\r\n                            <h3>\r\n                                <span class=\"short\">Cz\u0142onkostwo w radach naukowych i radach redakcyjnych <\/span>\r\n                                <span class=\"long\">Cz\u0142onkostwo w radach naukowych i radach redakcyjnych <\/span>\r\n                            <\/h3>\r\n\t\t\t\t\t\t<\/div>\r\n\t\t\t\t\t\t\r\n\t\t\t\t\t\t<div class=\"bookmark__content-wrap\">\r\n\t\t\t\t\t\t\t<div class=\"bookmark__content\">\r\n\r\n\t\t\t\t\t\t\t\t\r\n\r\n\t\t\t\t\t\t\t\t<div class=\"bookmark_text\" style=\"font-size:20px;\">\r\n\t\t\t\t\t\t\t\tSekretarz redakcji czasopisma The Modern Higher Education Review, Kijowski Uniwersytet Borysa Ginczenki, Ukraina. Przewodnicz\u0105cy Rady Wydawniczej Wydawnictwa Fundacji Integracji Spo\u0142ecznej PROM. \n<br>\n<br>\nCz\u0142onek Rady Wydawniczej International Journal of Romani Language and Culture, LINCOM Academic Publisher, Monachium, Niemcy. Cz\u0142onek Rady Redakcyjnej serii: Romani Series, LINCOM Academic Publisher, Monachium, Niemcy. Recenzent zewn\u0119trzny i redaktor tematyczny kwartalnika Probacja, powo\u0142any przez Ministra Sprawiedliwo\u015bci. Recenzent zewn\u0119trzny czasopism: Kultura i Edukacja, Nauki o Wychowaniu. Studia Interdyscyplinarne, Annales Universitatis Mariae Curie-Sk\u0142odowska, sectio J \u2013 Paedagogia-Psychologia. \n<br>\n<br>\nCz\u0142onkostwa w organizacjach, instytucjach:\nCz\u0142onek Zespo\u0142u Pedagogiki Resocjalizacyjnej, Zespo\u0142u Pedagogiki M\u0142odzie\u017cy, sekretarz Zespo\u0142u Pedagogiki Kultury i Edukacji Mi\u0119dzykulturowej przy KNP PAN.\nCz\u0142onek Zarz\u0105du Fundacji na rzecz rozwoju probacji PROBARE z siedzib\u0105 w Warszawie. Cz\u0142onek Mi\u0119dzynarodowej Rady Naukowej Hnuti R \u2013 Praga. Cz\u0142onek The European Institute of Romani Studies in Banska Bystrica, at St. Elizabeth University, Bratislava, Slovakia. Cz\u0142onek Stowarzyszenia Wspierania Edukacji Mi\u0119dzykulturowej i CESE \u2013 Comparative Education Society in Europe oraz International Assosiation for Intecultural Education.\n\r\n\t\t\t\t\t\t\t\t<br>\r\n\t\t\t\t\t\t\t\t\r\n\t\t\t\t\t\t\t\t<\/div>\r\n\t\t\t\t\t\t\t<\/div>\r\n\t\t\t\t\t\t<\/div>\r\n\t\t\t\t\t<\/div><\/div>\r\n\t\t\t\t\t\t<\/div>\r\n\t\t\t\t\t <\/div>[\/vc_column][\/vc_row]<\/p>","protected":false},"excerpt":{"rendered":"<p>[vc_row][vc_column width=&#8221;1\/4&#8243;][vc_single_image image=&#8221;737&#8243; img_size=&#8221;medium&#8221; style=&#8221;vc_box_shadow_3d&#8221;][\/vc_column][vc_column width=&#8221;3\/4&#8243; css=&#8221;.vc_custom_1597521185463{border-bottom-width: -30px !important;}&#8221;][vc_column_text] Stanowisko: Grupa: Specjalno\u015b\u0107: Pok\u00f3j: Telefon: e-mail: Adiunkt Pracownicy badawczo-dydaktyczni Pedagogika &nbsp; &nbsp; lukasz.kwadrans@us.edu.pl 0000-0001-6102-2308 [\/vc_column_text][\/vc_column][\/vc_row][vc_row][vc_column][\/vc_column][\/vc_row][vc_row][vc_column css=&#8221;.vc_custom_1597523042561{margin-bottom: -50px !important;}&#8221;][\/vc_column][\/vc_row] [&#8230;]<\/p>\n<p><a class=\"btn btn-secondary understrap-read-more-link\" href=\"https:\/\/us.edu.pl\/instytut\/ipe\/dr-lukasz-kwadrans\/\">Read More&#8230;<\/a><\/p>\n","protected":false},"author":2293,"featured_media":0,"parent":0,"menu_order":0,"comment_status":"closed","ping_status":"closed","template":"page-templates\/page-with-bookmarks.php","meta":{"_expiration-date-status":"saved","_expiration-date":0,"_expiration-date-type":"","_expiration-date-categories":[],"_expiration-date-options":[]},"acf":[],"_links":{"self":[{"href":"https:\/\/us.edu.pl\/instytut\/ipe\/wp-json\/wp\/v2\/pages\/881"}],"collection":[{"href":"https:\/\/us.edu.pl\/instytut\/ipe\/wp-json\/wp\/v2\/pages"}],"about":[{"href":"https:\/\/us.edu.pl\/instytut\/ipe\/wp-json\/wp\/v2\/types\/page"}],"author":[{"embeddable":true,"href":"https:\/\/us.edu.pl\/instytut\/ipe\/wp-json\/wp\/v2\/users\/2293"}],"replies":[{"embeddable":true,"href":"https:\/\/us.edu.pl\/instytut\/ipe\/wp-json\/wp\/v2\/comments?post=881"}],"version-history":[{"count":2,"href":"https:\/\/us.edu.pl\/instytut\/ipe\/wp-json\/wp\/v2\/pages\/881\/revisions"}],"predecessor-version":[{"id":883,"href":"https:\/\/us.edu.pl\/instytut\/ipe\/wp-json\/wp\/v2\/pages\/881\/revisions\/883"}],"wp:attachment":[{"href":"https:\/\/us.edu.pl\/instytut\/ipe\/wp-json\/wp\/v2\/media?parent=881"}],"curies":[{"name":"wp","href":"https:\/\/api.w.org\/{rel}","templated":true}]}}