{"id":886,"date":"2020-08-22T18:37:31","date_gmt":"2020-08-22T16:37:31","guid":{"rendered":"https:\/\/us.edu.pl\/instytut\/ipe\/?page_id=886"},"modified":"2022-12-01T21:43:49","modified_gmt":"2022-12-01T20:43:49","slug":"dr-hab-urszula-szuscik","status":"publish","type":"page","link":"https:\/\/us.edu.pl\/instytut\/ipe\/dr-hab-urszula-szuscik\/","title":{"rendered":"Prof. dr hab. Urszula Szu\u015bcik"},"content":{"rendered":"<p>[vc_row][vc_column][vc_column_text][\/vc_column_text][\/vc_column][\/vc_row][vc_row][vc_column width=&#8221;1\/4&#8243;][vc_single_image image=&#8221;897&#8243; img_size=&#8221;medium&#8221; style=&#8221;vc_box_shadow_3d&#8221;][\/vc_column][vc_column width=&#8221;3\/4&#8243; css=&#8221;.vc_custom_1597521185463{border-bottom-width: -30px !important;}&#8221;][vc_column_text]<\/p>\n<table style=\"width: 72.9397%;\">\n<tbody>\n<tr>\n<td style=\"width: 24.6684%;\"><span style=\"font-size: 12pt; font-family: tahoma, arial, helvetica, sans-serif;\">Stanowisko:<\/span><\/p>\n<p><span style=\"font-size: 12pt; font-family: tahoma, arial, helvetica, sans-serif;\">Grupa:<\/span><\/p>\n<p><span style=\"font-size: 12pt; font-family: tahoma, arial, helvetica, sans-serif;\">Specjalno\u015b\u0107:<\/span><\/p>\n<p><span style=\"font-size: 12pt; font-family: tahoma, arial, helvetica, sans-serif;\">Pok\u00f3j:<\/span><\/p>\n<p><span style=\"font-size: 12pt; font-family: tahoma, arial, helvetica, sans-serif;\">Telefon:<\/span><\/p>\n<p><span style=\"font-size: 12pt; font-family: tahoma, arial, helvetica, sans-serif;\">e-mail:<\/span><\/p>\n<p><span style=\"font-size: 12pt; font-family: tahoma, arial, helvetica, sans-serif;\"><img class=\"size-full wp-image-275\" src=\"http:\/\/us.edu.pl\/instytut\/im\/wp-content\/uploads\/sites\/43\/Nieprzypisane\/ORCID.png\" alt=\"Logo ORCID\" width=\"71\" height=\"22\" \/><\/span><\/td>\n<td style=\"width: 78.7798%;\"><span style=\"font-size: 12pt; font-family: tahoma, arial, helvetica, sans-serif;\"><strong>Profesor<br \/>\n<\/strong><\/span><span style=\"font-size: 12pt; font-family: tahoma, arial, helvetica, sans-serif;\"><strong>Pracownicy badawczo-dydaktyczni<\/strong><\/span><\/p>\n<p><span style=\"font-size: 12pt; font-family: tahoma, arial, helvetica, sans-serif;\"><strong>Pedagogika<br \/>\n<\/strong><\/span><\/p>\n<p><span style=\"font-size: 12pt; font-family: tahoma, arial, helvetica, sans-serif;\"><strong>228<\/strong><\/span><\/p>\n<p><span style=\"font-size: 12pt; font-family: tahoma, arial, helvetica, sans-serif;\"><strong> 33\/8546112\/219<\/strong><\/span><\/p>\n<p><span style=\"font-size: 12pt; font-family: tahoma, arial, helvetica, sans-serif;\"><strong><span class=\"styles__Text-qmhvn0-5 bGPptk\">urszula.szuscik@us.edu.pl<\/span><\/strong><\/span><\/p>\n<p><span style=\"font-size: 12pt; font-family: tahoma, arial, helvetica, sans-serif;\"><strong><a href=\"https:\/\/orcid.org\/0000-0003-0817-4868\">0000-0003-0817-4868<\/a><\/strong><\/span><\/td>\n<\/tr>\n<\/tbody>\n<\/table>\n<p>[\/vc_column_text][\/vc_column][\/vc_row][vc_row][vc_column]\r\n\t\t\t\t<div class='container'>\r\n\t\t\t\t\t<div class='list-links list-links_blue'>\r\n\t\t\t\t\t\t  \r\n\t\t\t\t\t\t  <ul>\r\n\t\t\t\t\t\t\t\t<li><a href=''><p>Materia\u0142y dodatkowe<\/p><\/a><\/li><\/ul>\r\n\t\t\t\t\t<\/div>\r\n\t\t\t\t<\/div>   \r\n\t\t\t\t\t[\/vc_column][\/vc_row][vc_row][vc_column css=&#8221;.vc_custom_1597523042561{margin-bottom: -50px !important;}&#8221;]\r\n\t\t\t\t\t<div class='container'>\r\n\t\t\t\t\t\t<div class='sidebar_moduls sidebar_dropdown zakladki' style='background-color: #FFFFFF'>\r\n\t\t\t\t\t\t\t<h3 class='page-title'><\/h3>\r\n\t\t\t\t\t\t\t<p class='zakladki__desc'><\/p>\r\n\r\n\t\t\t\t\t\t\t<div class='bookmarks'>\r\n\t\t\t\t\t<div class=\"bookmark\">\r\n\t\t\t\t\t\t<div class=\"bookmark__title\">\r\n                            <h3>\r\n                                <span class=\"short\">Przebieg kariery naukowej<\/span>\r\n                                <span class=\"long\">Przebieg kariery naukowej<\/span>\r\n                            <\/h3>\r\n\t\t\t\t\t\t<\/div>\r\n\t\t\t\t\t\t\r\n\t\t\t\t\t\t<div class=\"bookmark__content-wrap\">\r\n\t\t\t\t\t\t\t<div class=\"bookmark__content\">\r\n\r\n\t\t\t\t\t\t\t\t\r\n\r\n\t\t\t\t\t\t\t\t<div class=\"bookmark_text\" style=\"font-size:20px;\">\r\n\t\t\t\t\t\t\t\t<li>1982 \u2013 tytu\u0142 magistra wychowania plastycznego, specjalno\u015b\u0107 nauczycielska, Uniwersytet \u015al\u0105ski Filia w Cieszynie; \n<li>od 1982 \u2013 1983 praca - m\u0142odszy antykwariusz P.P. Desa w Katowicach; od <li>1983-1984 nauczyciel \u2013 Szko\u0142a Podstawowa nr 38 w Katowicach; \n<li>od 1984 pracownik naukowo-dydaktyczny Uniwersytetu \u015al\u0105skiego w Katowicach; \n<li>1993 \u2013 stopie\u0144 doktora nauk humanistycznych, psychologia, psychologia tw\u00f3rczo\u015bci, Uniwersytet \u015al\u0105ski w Katowicach Wydzia\u0142 Pedagogiki i Psychologii; <li>2008 \u2013 stopie\u0144 doktora habilitowanego nauk humanistycznych, pedagogika, pedagogika artystyczna, Uniwersytet A. Mickiewicza w Poznaniu Wydzia\u0142 Studi\u00f3w Edukacyjnych; \n<li>2009-2014 profesor nadzwyczajny U\u015a w Katowicach  \n<br>\n<br>\n- Cz\u0142onkowstwo w zespo\u0142ach badawczych:  udzia\u0142 czynny w 21 zespo\u0142ach badawczych, w tym:  \n<li>1997-1998: GRANT PBZ 02307 pn. na temat:  Opracowanie modelu kszta\u0142cenia nauczycieli plastyki i muzyki, zleconego przez Ministerstwo Kultury i Sztuki w Warszawie (kierownik: prof. dr hab. Katarzyna Olbrycht): wykonawca.\n<li>2007-2008: projekt Ministerstwa Edukacji Narodowej pt. STUDIA PODYPLOMOWE DLA NAUCZYCIELI W ZAKRESIE ICT, J\u0118ZYK\u00d3W OBCYCH ORAZ DRUGIEGO PRZEDMIOTU, wsp\u00f3\u0142finansowanego przez Europejski Fundusz Spo\u0142eczny, Uniwersytet \u015al\u0105ski w Katowicach (kierownik merytoryczny projektu dr Eugenia Rosta\u0144ska, prorektor ds. kszta\u0142cenia U\u015a w Katowicach prof. U\u015a dr hab. Anna \u0141abno): wykonawca.\n<li>2008: projekt pt. Standardy Edukacji Kulturalnej \u2013 Program tworzenia i wdra\u017cania podstaw rozwoju edukacji kulturalnej w Polsce na wszystkich szczeblach kszta\u0142cenia zleconego. Projekt \u015brodowisk tw\u00f3rczych i naukowych, finansowany przez Ministra Kultury i Dziedzictwa Narodowego przez Polsk\u0105 Rad\u0119 Muzyczn\u0105 (nr 12835\/08\/FPK\/DS): wykonawca (praca w zespole i opracowanie podstaw edukacji wizualnej). \n<li>2011: projekt pt. Pierwsze uczniowskie do\u015bwiadczenia drog\u0105 do wiedzy \u2013 bazuj\u0105cy na teorii inteligencji wielorakich Howarda Gardnera, kt\u00f3ry uzyska\u0142 tytu\u0142 Najlepsza inwestycja w cz\u0142owieka 2010 w konkursie Ministra Rozwoju Regionalnego \u201eDobre praktyki ES\" w okresie od stycznia do kwietnia 2011 r., wykonawca. \n<li>2013: projekt pt. Profesjonalizm w edukacji. Przygotowanie i realizacja praktyk pedagogicznych na Wydziale Artystycznym UMCS, wsp\u00f3\u0142finansowany ze \u015brodk\u00f3w Unii Europejskiej w ramach Europejskiego Funduszu Spo\u0142ecznego, Program Operacyjny Kapita\u0142 Ludzki, Priorytet III Wysoka jako\u015b\u0107 systemu o\u015bwiaty,  ekspert. - <li>2013: projekt pt. Nauka \u2013 Sztuka \u2013 Edukacja opracowanie i upowszechnienie innowacyjnego modelu diagnozy, metod, pracy i opieki nad uczniem zdolnym plastycznie, realizowany w Krakowskiej Akademii im. Andrzeja Frycza Modrzewskiego, ekspert zewn\u0119trzny. \n<li>2013: projekt Transgraniczny Centrum Wolontariatu i Wsparcia Imprez, dofinansowanego ze \u015brodk\u00f3w Unii Europejskiej Funduszu Rozwoju Regionalnego \u2013 Programu Operacyjnego Wsp\u00f3\u0142pracy Transgranicznej Republika Czeska \u2013 Rzeczpospolita Polska 2007 \u2013 2013. Udzia\u0142 i patronat naukowy z ramienia Dyrekcji Instytutu Nauk o Edukacji. \n<li>2018: projekt NCBR Nr grantu POWR.03.01.00-IP.08-00-PKN\/18. Kierownik: Urszula Szu\u015bcik zadanie 4., eksperci Beata Oelszlaeger-Kosturek, Anna Trzcionka-Wieczorek. Temat Programy kszta\u0142cenia nauczycieli \u2013 Realizacja kszta\u0142cenia nauczycieli edukacji przedszkolnej i  wczesnoszkolnej. Rodzaj projektu\/ Akronim . Czas realizacji 01.02.2019-31.10.2023  \n\n\n\n\n\r\n\t\t\t\t\t\t\t\t<br>\r\n\t\t\t\t\t\t\t\t\r\n\t\t\t\t\t\t\t\t<\/div>\r\n\t\t\t\t\t\t\t<\/div>\r\n\t\t\t\t\t\t<\/div>\r\n\t\t\t\t\t<\/div>\r\n\t\t\t\t\t<div class=\"bookmark\">\r\n\t\t\t\t\t\t<div class=\"bookmark__title\">\r\n                            <h3>\r\n                                <span class=\"short\">Zainteresowania badawcze<\/span>\r\n                                <span class=\"long\">Zainteresowania badawcze<\/span>\r\n                            <\/h3>\r\n\t\t\t\t\t\t<\/div>\r\n\t\t\t\t\t\t\r\n\t\t\t\t\t\t<div class=\"bookmark__content-wrap\">\r\n\t\t\t\t\t\t\t<div class=\"bookmark__content\">\r\n\r\n\t\t\t\t\t\t\t\t\r\n\r\n\t\t\t\t\t\t\t\t<div class=\"bookmark_text\" style=\"font-size:20px;\">\r\n\t\t\t\t\t\t\t\t<li>pedagogika wczesnoszkolna i przedszkolna \n<li>dydaktyka sztuki\n<li>dydaktyka tw\u00f3rczo\u015bci\n<li>psychologia tw\u00f3rczo\u015bci i sztuki\n<li>arteterapia -\n<li>grafika\n<li>malarstwo \n\n\n\n\n\r\n\t\t\t\t\t\t\t\t<br>\r\n\t\t\t\t\t\t\t\t\r\n\t\t\t\t\t\t\t\t<\/div>\r\n\t\t\t\t\t\t\t<\/div>\r\n\t\t\t\t\t\t<\/div>\r\n\t\t\t\t\t<\/div>\r\n\t\t\t\t\t<div class=\"bookmark\">\r\n\t\t\t\t\t\t<div class=\"bookmark__title\">\r\n                            <h3>\r\n                                <span class=\"short\">Najwa\u017cniejsze osi\u0105gni\u0119cia naukowe, wyr\u00f3\u017cnienia i nagrody<\/span>\r\n                                <span class=\"long\">Najwa\u017cniejsze osi\u0105gni\u0119cia naukowe, wyr\u00f3\u017cnienia i nagrody<\/span>\r\n                            <\/h3>\r\n\t\t\t\t\t\t<\/div>\r\n\t\t\t\t\t\t\r\n\t\t\t\t\t\t<div class=\"bookmark__content-wrap\">\r\n\t\t\t\t\t\t\t<div class=\"bookmark__content\">\r\n\r\n\t\t\t\t\t\t\t\t\r\n\r\n\t\t\t\t\t\t\t\t<div class=\"bookmark_text\" style=\"font-size:20px;\">\r\n\t\t\t\t\t\t\t\t<li>3 monografie autorskie: Kszta\u0142towanie percepcji wzrokowej jako stymulator dzia\u0142a\u0144 plastycznych dziecka (1999), Znak werbalny a znak plastyczny w tw\u00f3rczo\u015bci rysunkowej dziecka (2006), Bazgrota w tw\u00f3rczo\u015bci plastycznej dziecka (2019), 2 prace wsp\u00f3\u0142autorskie, 36 monografii pod redakcj\u0105, 15 artyku\u0142\u00f3w w czasopismach z listy ministerialnej B, 94 artyku\u0142y w pracach zbiorowych, udzia\u0142 w 25 konferencjach mi\u0119dzynarodowych i  177 krajowych. \n<li>Na podstawie bada\u0144 w\u0142asnych skonstruowanie programu z plastyki w klasach m\u0142odszych szko\u0142y podstawowej zatwierdzony przez MEN do u\u017cytku szkolnego w ramach konkursu (\u201eProgram autorski z zakresu kszta\u0142cenia plastycznego dziecka w m\u0142odszym wieku szkolnym (klasy I-III) przeznaczony dla I etapu edukacyjnego szko\u0142y podstawowej. Program nauczania\u201d. Numer dopuszczenia do u\u017cytku szkolnego MEN\/DKW-4014-29\/99, Wydanie I Wyd. Maria Lorek Katowice 1999, Wydanie II Muza Szkolna Warszawa 2000); Zastosowanie w praktyce pedagogicznej powy\u017cszego programu i opieka naukowa w programie eksperymentalnym \u201eRozwijanie operacyjnego rozumowania uczni\u00f3w pierwszego etapu edukacyjnego poprzez stosowanie w procesie dydaktycznym kszta\u0142cenia zintegrowanego tematycznie skomponowanych zada\u0144 o strukturze sudoku\u201d (2008-2011) i w programie eksperymentalnym \u201eEliminowanie wady dysortografii poprzez stosowanie w procesie dydaktycznym kszta\u0142cenia zintegrowanego indywidualnie zr\u00f3\u017cnicowanych zada\u0144 logicznych o strukturze kwadrat\u00f3w \u0142aci\u0144skich Eulera\u201d (2012-2014) zrealizowanymi przez Pani\u0105 mgr Ew\u0119 Zabieln\u0105 w Szkole Podstawowej im. Jana Kochanowskiego w Toporzysku, gmina Jordan\u00f3w woj. ma\u0142opolskie na zlecenie Ministerstwa Edukacji Narodowej, Kuratora O\u015bwiaty w Krakowie i Dyrekcji Szko\u0142y. \n<li> 3 indywidualne wystawy grafiki, udzia\u0142 w 5 wystawach zbiorowych \u2013 grafika.\n<li>Nagrody JM Rektora U\u015a w Katowicach II stopnia (1986, 1991, 1993, 1996, 2000, 2005, 2006, 2007, 2008, 2009, 2010, 2011, 2012, 2013, 2014, 2015, 2016).   - 2000:  I wyr\u00f3\u017cnienie za plakat edukacyjny pt. Tw\u00f3rczy Umys\u0142 w Nowym \u015awiecie \u2013 Creative Mind in the New World w Og\u00f3lnopolskim Przegl\u0105dzie Projekt\u00f3w Edukacyjnych VADEMECUM \u2013 P\u00f3jd\u017a za mn\u0105, Pozna\u0144 2000, Mi\u0119dzynarodowy Kongres INSEA, 1921.06. 2000.  \n<li>2002: Z\u0142ota Odznaka Za Zas\u0142ugi Dla Uniwersytetu \u015al\u0105skiego przyznana przez Senat U\u015a w Katowicach.\n<li>2002: Nagroda JM Rektora U\u015a w Katowicach z okazji \u015awi\u0119ta Uniwersytetu \u015al\u0105skiego.\n<li>2004: Trzecie miejsce w Og\u00f3lnopolskim Konkursie na najlepsz\u0105 prac\u0119 magistersk\u0105 zorganizowanym przez Fundusz Rehabilitacji Os\u00f3b Niepe\u0142nosprawnych i Ministerstwo Polityki Spo\u0142ecznej zdoby\u0142a studentka Justyna Oleksiewicz za prac\u0119 pod tytu\u0142em: Wykorzystanie i rola \u015brodk\u00f3w spo\u017cywczych, przedmiot\u00f3w codziennego u\u017cytku i \u015brodk\u00f3w pochodzenia naturalnego w pracy z dzie\u0107mi i m\u0142odzie\u017c\u0105 z upo\u015bledzeniem w stopniu g\u0142\u0119bokim (promotor: Urszula Szu\u015bcik).\n<li>2005: Srebrny Krzy\u017c Zas\u0142ugi przyznany przez Prezydenta.      \n<li>2009: Medal Komisji Edukacji Narodowej \n<li>2013: Medal Z\u0142oty za D\u0142ugoletni\u0105 S\u0142u\u017cb\u0119 przyznany przez Prezydenta. \n<li>2014: Medal Za Tw\u00f3rczy Udzia\u0142 w Tatrza\u0144skim Sympozjum Naukowym Edukacja Jutra. \n<li>2014: List gratulacyjny Rektora Akademii Techniczno-Humanistycznej w Bielsku-Bia\u0142ej przes\u0142any przez prof. dra hab. in\u017c. Ryszarda Barcika za ocen\u0119 wyr\u00f3\u017cniaj\u0105c\u0105 przyznan\u0105 przez Uczelnian\u0105 Komisj\u0119 Oceniaj\u0105c\u0105, ATH Bielsko-Bia\u0142a 24. 01. 2014 r. (gdzie od 01. 10. 2009 do 30. 09. 2014 pracowa\u0142am na 2 etacie). \n<li>2015: Nagroda Zespo\u0142owa III stopnia JM Rektora Uniwersytetu im. Adama Mickiewicza w Poznaniu prof. dr hab. Bronis\u0142awa Marciniaka dla Autor\u00f3w publikacji Problemy wsp\u00f3\u0142czesnego \u015bwiata dziecka. Wybrane aspekty \u2013 udzia\u0142 w pracach wyr\u00f3\u017cnionego Zespo\u0142u pod kierownictwem prof. dr hab. Ma\u0142gorzaty Cywi\u0144skiej. \n\n\r\n\t\t\t\t\t\t\t\t<br>\r\n\t\t\t\t\t\t\t\t\r\n\t\t\t\t\t\t\t\t<\/div>\r\n\t\t\t\t\t\t\t<\/div>\r\n\t\t\t\t\t\t<\/div>\r\n\t\t\t\t\t<\/div>\r\n\t\t\t\t\t<div class=\"bookmark\">\r\n\t\t\t\t\t\t<div class=\"bookmark__title\">\r\n                            <h3>\r\n                                <span class=\"short\">Sta\u017ce naukowe\/Wizyty studyjne<\/span>\r\n                                <span class=\"long\">Sta\u017ce naukowe\/Wizyty studyjne<\/span>\r\n                            <\/h3>\r\n\t\t\t\t\t\t<\/div>\r\n\t\t\t\t\t\t\r\n\t\t\t\t\t\t<div class=\"bookmark__content-wrap\">\r\n\t\t\t\t\t\t\t<div class=\"bookmark__content\">\r\n\r\n\t\t\t\t\t\t\t\t\r\n\r\n\t\t\t\t\t\t\t\t<div class=\"bookmark_text\" style=\"font-size:20px;\">\r\n\t\t\t\t\t\t\t\t<li>Instytut Psychologii Zak\u0142ad Psychologii Og\u00f3lnej Uniwersytet Marii Curie-Sk\u0142odowskiej w Lublinie od 01.10.1995 r. \u2013 30.11.1995 r. \n<li>Uniwersytet Miko\u0142aja Kopernika w Toruniu Instytut Pedagogiki \u2013 udzia\u0142 w seminariach doktoranckich prof. dr hab. Wies\u0142awy Limont (01.01. \u2013 31. 12. 1997). \n<li>Program Socrates\/Erasmus Universit\u00e9 Catholique de Lille Centre de Formation Pedagogique w Cambrai we Francji 18-23.03.2002 r. , 02 -08.05.2010 r. \n<li>Grant LLP\/Erasmus University of Ostrava Pedagogical Faculty 23-28.10.2008 r., 18.04-21.04.2016 r. \n<li>Grant LLP\/ERASMUS Uniwersytet w Ba\u0144skiej Bystrzycy Wydzia\u0142 Pedagogiczny 12- 16.04.2010 r.\n<li>Grant LLP\/ERASMUS Programu \u201cUczenie si\u0119 przez ca\u0142e \u017cycie\u201d w roku akademickim 2012\/2013 w Via University College Denmark w dniach 22-28.10.2012 r.  \n\r\n\t\t\t\t\t\t\t\t<br>\r\n\t\t\t\t\t\t\t\t\r\n\t\t\t\t\t\t\t\t<\/div>\r\n\t\t\t\t\t\t\t<\/div>\r\n\t\t\t\t\t\t<\/div>\r\n\t\t\t\t\t<\/div>\r\n\t\t\t\t\t<div class=\"bookmark\">\r\n\t\t\t\t\t\t<div class=\"bookmark__title\">\r\n                            <h3>\r\n                                <span class=\"short\">Cz\u0142onkostwo w radach naukowych i radach redakcyjnych <\/span>\r\n                                <span class=\"long\">Cz\u0142onkostwo w radach naukowych i radach redakcyjnych <\/span>\r\n                            <\/h3>\r\n\t\t\t\t\t\t<\/div>\r\n\t\t\t\t\t\t\r\n\t\t\t\t\t\t<div class=\"bookmark__content-wrap\">\r\n\t\t\t\t\t\t\t<div class=\"bookmark__content\">\r\n\r\n\t\t\t\t\t\t\t\t\r\n\r\n\t\t\t\t\t\t\t\t<div class=\"bookmark_text\" style=\"font-size:20px;\">\r\n\t\t\t\t\t\t\t\t<li>KNP PAN Sekcja Edukacji Elementarnej cz\u0142onek \u2013 ekspert; - KNP PAN Sekcja Pedagogiki Sztuki cz\u0142onek - ekspert; - Komisja Nauk Psychologicznych PAN Oddzia\u0142 w Katowicach cz\u0142onek; - Komisja ds. polsko- czeskich i s\u0142owackich PAN cz\u0142onek; - Polskie Towarzystwo Pedagogiczne Oddzia\u0142 w Bielsku-Bia\u0142ej cz\u0142onek; - INSEA Mi\u0119dzynarodowe Stowarzyszenie Wychowania przez Sztuk\u0119 cz\u0142onek; - Stowarzyszenie Mi\u0142o\u015bnik\u00f3w Kultury J\u0119zyka Polskiego cz\u0142onek; - ECHA \u2013 European Council for High Ability  (Europejskie Stowarzyszenie Bada\u0144 nad Zdolno\u015bciami) cz\u0142onek; - \u201eAnnales Universitatis sectio J (Paedagogia-Psychologia) UMCS\u201d recenzent; \u201eCieszy\u0144ski Almanach Pedagogiczny\u201d redaktor naczelny, cz\u0142onek rady redakcyjnej; - \u201eCreativity. Theories-Research-Applications\u201d cz\u0142onek rady naukowej; - \u201eMe Tis\u201d (czasopismo pedagogiczne) cz\u0142onek rady naukowej (W\u0142ochy); -\u201cReligious and Sacred Poetry, Religion, Culture and Education\u201d cz\u0142onek rady naukowej; - \u201eKonteksty Pedagogiczne\u201d cz\u0142onek rady naukowej; - \u201eStudia z Teorii Wychowania\u201d recenzent; -\u201cPrzegl\u0105d Pedagogiczny\u201d recenzent; - \u201cZeszyty Pedagogiczne\u201d cz\u0142onek rady naukowej, recenzent   \n\r\n\t\t\t\t\t\t\t\t<br>\r\n\t\t\t\t\t\t\t\t\r\n\t\t\t\t\t\t\t\t<\/div>\r\n\t\t\t\t\t\t\t<\/div>\r\n\t\t\t\t\t\t<\/div>\r\n\t\t\t\t\t<\/div><\/div>\r\n\t\t\t\t\t\t<\/div>\r\n\t\t\t\t\t <\/div>[\/vc_column][\/vc_row][vc_row][vc_column][vc_column_text][\/vc_column_text][\/vc_column][\/vc_row]<\/p>","protected":false},"excerpt":{"rendered":"<p>[vc_row][vc_column][vc_column_text][\/vc_column_text][\/vc_column][\/vc_row][vc_row][vc_column width=&#8221;1\/4&#8243;][vc_single_image image=&#8221;897&#8243; img_size=&#8221;medium&#8221; style=&#8221;vc_box_shadow_3d&#8221;][\/vc_column][vc_column width=&#8221;3\/4&#8243; css=&#8221;.vc_custom_1597521185463{border-bottom-width: -30px !important;}&#8221;][vc_column_text] Stanowisko: Grupa: Specjalno\u015b\u0107: Pok\u00f3j: Telefon: e-mail: Profesor Pracownicy badawczo-dydaktyczni Pedagogika 228 33\/8546112\/219 urszula.szuscik@us.edu.pl 0000-0003-0817-4868 [\/vc_column_text][\/vc_column][\/vc_row][vc_row][vc_column][\/vc_column][\/vc_row][vc_row][vc_column css=&#8221;.vc_custom_1597523042561{margin-bottom: -50px !important;}&#8221;][\/vc_column][\/vc_row][vc_row][vc_column][vc_column_text][\/vc_column_text][\/vc_column][\/vc_row] [&#8230;]<\/p>\n<p><a class=\"btn btn-secondary understrap-read-more-link\" href=\"https:\/\/us.edu.pl\/instytut\/ipe\/dr-hab-urszula-szuscik\/\">Read More&#8230;<\/a><\/p>\n","protected":false},"author":2293,"featured_media":0,"parent":0,"menu_order":0,"comment_status":"closed","ping_status":"closed","template":"page-templates\/page-with-bookmarks.php","meta":{"_expiration-date-status":"","_expiration-date":0,"_expiration-date-type":"","_expiration-date-categories":[],"_expiration-date-options":[]},"acf":[],"_links":{"self":[{"href":"https:\/\/us.edu.pl\/instytut\/ipe\/wp-json\/wp\/v2\/pages\/886"}],"collection":[{"href":"https:\/\/us.edu.pl\/instytut\/ipe\/wp-json\/wp\/v2\/pages"}],"about":[{"href":"https:\/\/us.edu.pl\/instytut\/ipe\/wp-json\/wp\/v2\/types\/page"}],"author":[{"embeddable":true,"href":"https:\/\/us.edu.pl\/instytut\/ipe\/wp-json\/wp\/v2\/users\/2293"}],"replies":[{"embeddable":true,"href":"https:\/\/us.edu.pl\/instytut\/ipe\/wp-json\/wp\/v2\/comments?post=886"}],"version-history":[{"count":5,"href":"https:\/\/us.edu.pl\/instytut\/ipe\/wp-json\/wp\/v2\/pages\/886\/revisions"}],"predecessor-version":[{"id":2084,"href":"https:\/\/us.edu.pl\/instytut\/ipe\/wp-json\/wp\/v2\/pages\/886\/revisions\/2084"}],"wp:attachment":[{"href":"https:\/\/us.edu.pl\/instytut\/ipe\/wp-json\/wp\/v2\/media?parent=886"}],"curies":[{"name":"wp","href":"https:\/\/api.w.org\/{rel}","templated":true}]}}