{"id":890,"date":"2020-08-22T19:22:27","date_gmt":"2020-08-22T17:22:27","guid":{"rendered":"https:\/\/us.edu.pl\/instytut\/ipe\/?page_id=890"},"modified":"2020-09-23T13:38:17","modified_gmt":"2020-09-23T11:38:17","slug":"dr-hab-elzbieta-gornikowska-zwolak-prof-us","status":"publish","type":"page","link":"https:\/\/us.edu.pl\/instytut\/ipe\/dr-hab-elzbieta-gornikowska-zwolak-prof-us\/","title":{"rendered":"dr hab. El\u017cbieta G\u00f3rnikowska-Zwolak, prof. U\u015a"},"content":{"rendered":"<p>[vc_row][vc_column width=&#8221;1\/4&#8243;][vc_single_image image=&#8221;1037&#8243; img_size=&#8221;medium&#8221; style=&#8221;vc_box_shadow_3d&#8221;][\/vc_column][vc_column width=&#8221;3\/4&#8243; css=&#8221;.vc_custom_1597521185463{border-bottom-width: -30px !important;}&#8221;][vc_column_text]<\/p>\n<table style=\"width: 72.9397%\">\n<tbody>\n<tr>\n<td style=\"width: 24.6684%\"><span style=\"font-size: 12pt;font-family: tahoma, arial, helvetica, sans-serif\">Stanowisko:<\/span><\/p>\n<p><span style=\"font-size: 12pt;font-family: tahoma, arial, helvetica, sans-serif\">Grupa:<\/span><\/p>\n<p><span style=\"font-size: 12pt;font-family: tahoma, arial, helvetica, sans-serif\">Specjalno\u015b\u0107:<\/span><\/p>\n<p><span style=\"font-size: 12pt;font-family: tahoma, arial, helvetica, sans-serif\">Pok\u00f3j:<\/span><\/p>\n<p><span style=\"font-size: 12pt;font-family: tahoma, arial, helvetica, sans-serif\">Telefon:<\/span><\/p>\n<p><span style=\"font-size: 12pt;font-family: tahoma, arial, helvetica, sans-serif\">e-mail:<\/span><\/p>\n<p><span style=\"font-size: 12pt;font-family: tahoma, arial, helvetica, sans-serif\"><img class=\"size-full wp-image-275\" src=\"http:\/\/us.edu.pl\/instytut\/im\/wp-content\/uploads\/sites\/43\/Nieprzypisane\/ORCID.png\" alt=\"Logo ORCID\" width=\"71\" height=\"22\" \/><\/span><\/td>\n<td style=\"width: 78.7798%\"><span style=\"font-size: 12pt;font-family: tahoma, arial, helvetica, sans-serif\"><strong>Profesor Uczelni<\/strong><\/span><\/p>\n<p><span style=\"font-size: 12pt;font-family: tahoma, arial, helvetica, sans-serif\"><strong>Pracownicy badawczo-dydaktyczni<\/strong><\/span><\/p>\n<p><span style=\"font-size: 12pt;font-family: tahoma, arial, helvetica, sans-serif\"><strong>Pedagogika<br \/>\n<\/strong><\/span><\/p>\n<p><span style=\"font-size: 12pt;font-family: tahoma, arial, helvetica, sans-serif\"><strong>b.d.<\/strong><\/span><\/p>\n<p><span style=\"font-size: 12pt;font-family: tahoma, arial, helvetica, sans-serif\"><strong>\u00a0<\/strong><\/span><\/p>\n<p><span style=\"font-size: 12pt;font-family: tahoma, arial, helvetica, sans-serif\"><strong><span class=\"styles__Text-qmhvn0-5 bGPptk\"> elzbieta.gornikowska-zwolak@us.edu.pl<\/span><\/strong><\/span><\/p>\n<p><span style=\"font-size: 12pt;font-family: tahoma, arial, helvetica, sans-serif\"><strong><a href=\"https:\/\/orcid.org\/0000-0002-0092-7880\">0000-0002-0092-7880<\/a><\/strong><\/span><\/td>\n<\/tr>\n<\/tbody>\n<\/table>\n<p>[\/vc_column_text][\/vc_column][\/vc_row][vc_row][vc_column]\r\n\t\t\t\t<div class='container'>\r\n\t\t\t\t\t<div class='list-links list-links_blue'>\r\n\t\t\t\t\t\t  \r\n\t\t\t\t\t\t  <ul>\r\n\t\t\t\t\t\t\t\t<li><a href=''><p>Materia\u0142y dodatkowe<\/p><\/a><\/li><\/ul>\r\n\t\t\t\t\t<\/div>\r\n\t\t\t\t<\/div>   \r\n\t\t\t\t\t[\/vc_column][\/vc_row][vc_row][vc_column css=&#8221;.vc_custom_1597523042561{margin-bottom: -50px !important;}&#8221;]\r\n\t\t\t\t\t<div class='container'>\r\n\t\t\t\t\t\t<div class='sidebar_moduls sidebar_dropdown zakladki' style='background-color: #FFFFFF'>\r\n\t\t\t\t\t\t\t<h3 class='page-title'><\/h3>\r\n\t\t\t\t\t\t\t<p class='zakladki__desc'><\/p>\r\n\r\n\t\t\t\t\t\t\t<div class='bookmarks'>\r\n\t\t\t\t\t<div class=\"bookmark\">\r\n\t\t\t\t\t\t<div class=\"bookmark__title\">\r\n                            <h3>\r\n                                <span class=\"short\">Przebieg kariery naukowej<\/span>\r\n                                <span class=\"long\">Przebieg kariery naukowej<\/span>\r\n                            <\/h3>\r\n\t\t\t\t\t\t<\/div>\r\n\t\t\t\t\t\t\r\n\t\t\t\t\t\t<div class=\"bookmark__content-wrap\">\r\n\t\t\t\t\t\t\t<div class=\"bookmark__content\">\r\n\r\n\t\t\t\t\t\t\t\t\r\n\r\n\t\t\t\t\t\t\t\t<div class=\"bookmark_text\" style=\"font-size:20px;\">\r\n\t\t\t\t\t\t\t\t<li>1981 uzyskanie tytu\u0142u zawodowego magistra, na Wydziale Pedagogiki i Psychologii Uniwersytetu \u015al\u0105skiego w Katowicach (w zakresie pedagogiki opieku\u0144czo-wychowawczej);\n<li>1990 uzyskanie stopnia naukowego doktora nauk humanistycznych, na Wydziale Pedagogiki  i Psychologii U\u015a;\n<li> 2008 uzyskanie stopnia naukowego doktora habilitowanego nauk humanistycznych w zakresie pedagogiki, na podstawie oceny og\u00f3lnego dorobku naukowego i przedstawionej rozprawy habilitacyjnej pt. My\u015bl feministyczna jako nurt rozwa\u017ca\u0144 w pedagogice spo\u0142ecznej, w wyniku pozytywnie zako\u0144czonego kolokwium na Wydziale Nauk Pedagogicznych Akademii Pedagogiki Specjalnej im. Marii Grzegorzewskiej w Warszawie. \n<li>1982 \u2013 2006 (do stycznia) zatrudniona na Wydziale Pedagogiki i Psychologii U\u015a, w Katedrze Pedagogiki Spo\u0142ecznej, w Pracowni Intencjonalnych \u015arodowisk Wychowawczych i Socjologii Wychowania (od 2003 Pracowni Polityki O\u015bwiatowej i Socjologii Wychowania);\n<li> 2006 \u2013 2007,  adiunkt w Krakowskiej Szkole Wy\u017cszej im. Andrzeja Frycza Modrzewskiego; \n<li> 2006 (od lutego) \u2013 2016, zatrudniona w G\u00f3rno\u015bl\u0105skiej Wy\u017cszej Szkole Pedagogicznej im. kard. Augusta Hlonda w Mys\u0142owicach; Kierownik Zak\u0142adu Andragogiki i Gerontologii, po zmianie nazwy Pedagogiki Spo\u0142ecznej, Resocjalizacyjnej i Andragogiki (2007 \u2013 2013 i 2015 \u2013 2016); Kierownik Katedry Pedagogiki (2013 \u2013 2015);    \n<li> 2016 do nadal zatrudniona na Wydziale Etnologii i Nauk o Edukacji, od 2019 Wydziale Sztuki i Nauk o Edukacji; w okresie 2017 \u2013 2019 Kierownik Zak\u0142adu Pedagogiki Specjalnej.   \n<br>\n<br>\n<b>Udzia\u0142 w projektach badawczych:<\/b>\n<br>\n<li>Erasmus, EDUMAN: Management in Education, projekt zespo\u0142owy, pt. Podr\u0119czny s\u0142ownik   termin\u00f3w pedagogicznych angielsko-niemiecko-polski,  wsp\u00f3\u0142praca Instytutu Pedagogiki U\u015a \nz P\u00e4dagogische Akademie des Bundes w Wiedniu (instytucja koordynuj\u0105ca), Austria, pa\u017adziernik 2000 r.;\n<li>DG Edukacja i Kultura. Fundacja Rozwoju Systemu Edukacji. Program \u201eUczenie si\u0119 przez ca\u0142e \u017cycie\u201d. Leonardo daVinci \u2013  AILA, Dortmund, Gelsenkirchen, RFN, pa\u017adziernik 2009 r.;\n<li> Leonardo da Vinci ADAM projekt edukacyjny: Transfer Innowacji w zakresie kszta\u0142cenia modu\u0142owego w obszarze opieki nad osob\u0105 starsz\u0105 z demencj\u0105 oraz w wymiarze kulturowym.   Timisoara, Rumunia, lipiec 2010 r.; \n<li> Europa dla Obywateli \u2014 Dzia\u0142anie 1.2., Sieci miast partnerskich. Budowanie most\u00f3w mi\u0119dzy pokoleniami \u2014 wsp\u00f3\u0142praca na rzecz os\u00f3b starszych w Unii Europejskiej (building Bridges between senior citizens and students in the elderly care in the EU). Cieszyn, maj 2015 r. \n\n\n\n\n\n\n\r\n\t\t\t\t\t\t\t\t<br>\r\n\t\t\t\t\t\t\t\t\r\n\t\t\t\t\t\t\t\t<\/div>\r\n\t\t\t\t\t\t\t<\/div>\r\n\t\t\t\t\t\t<\/div>\r\n\t\t\t\t\t<\/div>\r\n\t\t\t\t\t<div class=\"bookmark\">\r\n\t\t\t\t\t\t<div class=\"bookmark__title\">\r\n                            <h3>\r\n                                <span class=\"short\">Zainteresowania badawcze<\/span>\r\n                                <span class=\"long\">Zainteresowania badawcze<\/span>\r\n                            <\/h3>\r\n\t\t\t\t\t\t<\/div>\r\n\t\t\t\t\t\t\r\n\t\t\t\t\t\t<div class=\"bookmark__content-wrap\">\r\n\t\t\t\t\t\t\t<div class=\"bookmark__content\">\r\n\r\n\t\t\t\t\t\t\t\t\r\n\r\n\t\t\t\t\t\t\t\t<div class=\"bookmark_text\" style=\"font-size:20px;\">\r\n\t\t\t\t\t\t\t\t<li>problematyka nier\u00f3wno\u015bci spo\u0142ecznych i edukacyjnych; \n<li>gender i edukacja; polityka edukacyjna; \n<li>rodzinna i pozarodzinna socjalizacja do r\u00f3l p\u0142ciowych; \n<li>aktywno\u015b\u0107 spo\u0142eczno\u015bci lokalnych; si\u0142y spo\u0142eczne kobiet;\n<li>aspekty kulturowe przestrzeni edukacyjnej (znaczenie j\u0119zyka).\n\n\n\r\n\t\t\t\t\t\t\t\t<br>\r\n\t\t\t\t\t\t\t\t\r\n\t\t\t\t\t\t\t\t<\/div>\r\n\t\t\t\t\t\t\t<\/div>\r\n\t\t\t\t\t\t<\/div>\r\n\t\t\t\t\t<\/div>\r\n\t\t\t\t\t<div class=\"bookmark\">\r\n\t\t\t\t\t\t<div class=\"bookmark__title\">\r\n                            <h3>\r\n                                <span class=\"short\">Najwa\u017cniejsze osi\u0105gni\u0119cia naukowe, wyr\u00f3\u017cnienia i nagrody<\/span>\r\n                                <span class=\"long\">Najwa\u017cniejsze osi\u0105gni\u0119cia naukowe, wyr\u00f3\u017cnienia i nagrody<\/span>\r\n                            <\/h3>\r\n\t\t\t\t\t\t<\/div>\r\n\t\t\t\t\t\t\r\n\t\t\t\t\t\t<div class=\"bookmark__content-wrap\">\r\n\t\t\t\t\t\t\t<div class=\"bookmark__content\">\r\n\r\n\t\t\t\t\t\t\t\t\r\n\r\n\t\t\t\t\t\t\t\t<div class=\"bookmark_text\" style=\"font-size:20px;\">\r\n\t\t\t\t\t\t\t\t<li>Uzyskanie grantu Fundacji im. Stefana Batorego na sta\u017c naukowy w University of  Oxford, England;  \nUdzia\u0142 w europejskiej i mi\u0119dzynarodowej sesji naukowej pod Wysokim Patronatem Rady Europy nt. Od przemocy ma\u0142\u017ce\u0144skiej do przemocy w rodzinie w Strasburgu, z wyst\u0105pieniem: (Violence in Polish Families \u2014 a Phenomenon which Has Come to Light)  (2010). \nZjazd Pedagog\u00f3w Spo\u0142ecznych w Poznaniu (2018) \u2013 organizowanie i prowadzenie obrad jednego z g\u0142\u00f3wnych paneli.\nOpublikowanie 13 prac zwartych, w tym siedmiu pod redakcj\u0105; m.in. monograficznego numeru czasopisma \u201eProblemy Edukacji, Rehabilitacji i Socjalizacji Os\u00f3b Niepe\u0142nosprawnych\u201d pt. Kobiety z niepe\u0142nosprawno\u015bci\u0105 i wobec niepe\u0142nosprawno\u015bci. Zagadnienia edukacji i socjalizacji (2018\/2)\n<br>\n<li> Medal Komisji Edukacji Narodowej, 2011;\n<li>Odznaka Zas\u0142u\u017conej Pracowniczki G\u00f3rno\u015bl\u0105skiej Wy\u017cszej Szko\u0142y Pedagogicznej im. kard. Augusta Honda w Mys\u0142owicach, 2011;\n<li> Nagrody Rektora Uniwersytetu \u015al\u0105skiego w Katowicach: Indywidualne za dzia\u0142alno\u015b\u0107 naukow\u0105: 1983, 1988, 1989, 1992, 2000; za prac\u0119 doktorsk\u0105 1991; Zespo\u0142owa I stopnia za Dzia\u0142alno\u015b\u0107 Naukow\u0105, 1993;\n<li>Stypendium doktorskie (1987\/1988);\n<li>Stypendium habilitacyjne (2000 \/2001).                \n\n\n\r\n\t\t\t\t\t\t\t\t<br>\r\n\t\t\t\t\t\t\t\t\r\n\t\t\t\t\t\t\t\t<\/div>\r\n\t\t\t\t\t\t\t<\/div>\r\n\t\t\t\t\t\t<\/div>\r\n\t\t\t\t\t<\/div>\r\n\t\t\t\t\t<div class=\"bookmark\">\r\n\t\t\t\t\t\t<div class=\"bookmark__title\">\r\n                            <h3>\r\n                                <span class=\"short\">Sta\u017ce naukowe\/Wizyty studyjne<\/span>\r\n                                <span class=\"long\">Sta\u017ce naukowe\/Wizyty studyjne<\/span>\r\n                            <\/h3>\r\n\t\t\t\t\t\t<\/div>\r\n\t\t\t\t\t\t\r\n\t\t\t\t\t\t<div class=\"bookmark__content-wrap\">\r\n\t\t\t\t\t\t\t<div class=\"bookmark__content\">\r\n\r\n\t\t\t\t\t\t\t\t\r\n\r\n\t\t\t\t\t\t\t\t<div class=\"bookmark_text\" style=\"font-size:20px;\">\r\n\t\t\t\t\t\t\t\t<li>Inter-University Centre of Post-Graduate Studies, course: Future Studies. Visions and Praxis, Dubrovnik, Jugoslavia, 1989 (kwiecie\u0144, tydzie\u0144); \n<li>University of Stirling, Scotland, 1990 (maj, dwa tygodnie), wizyta studyjna; \n<li>Charles University, Prague, Czechy (udzia\u0142 w VIII \u015awiatowym Kongresie Pedagogiki Por\u00f3wnawczej, 1992 (lipiec, tydzie\u0144);     \n<li>Institute for Educational Research, University of Oslo, Norwegia (udzia\u0142 w seminarium Education in Central\/Eastern Europe Today, 1992 (listopad, tydzie\u0144)  \n<li>St. John\u2019s College, University of  Oxford, England, 1995 (czerwiec) sta\u017c \/stypendium Fundacji im. Stefana Batorego;\n<li>Social Sans Frontieres (Mi\u0119dzynarodowe Stowarzyszenie Pomoc Spo\u0142eczna bez granic). Strasbourg i Dabo, Francja, 2009 (maj, tydzie\u0144), pobyt studyjny;\n<li>Regain Association i Social Sans Frontier\u00e8s, Strasburg, Francja, 2010 (maj, tydzie\u0144), pobyt studyjny; \n<li>Europejska i mi\u0119dzynarodowa sesja naukowa pod Wysokim Patronatem Rady Europy nt. Od przemocy ma\u0142\u017ce\u0144skiej do przemocy w rodzinie. Sprawa dla trzech: ofiara, sprawca przemocy \u2018\u2019                                 przemocy, dziecko \u2014 \u015bwiadek przemocy.  Organizator: Stowarzyszenie REGAIN w partnerstwie ze stowarzyszeniem  Social Sans Frontier\u00e8s. Strasburg, 2010  (listopad, tydzie\u0144), oraz pobyt studyjny;\n<li>Dni Studyjne Stowarzyszenia Social Sans Fronti\u00e8res, Strasburg, 2012 (maj, tydzie\u0144);\n\r\n\t\t\t\t\t\t\t\t<br>\r\n\t\t\t\t\t\t\t\t\r\n\t\t\t\t\t\t\t\t<\/div>\r\n\t\t\t\t\t\t\t<\/div>\r\n\t\t\t\t\t\t<\/div>\r\n\t\t\t\t\t<\/div>\r\n\t\t\t\t\t<div class=\"bookmark\">\r\n\t\t\t\t\t\t<div class=\"bookmark__title\">\r\n                            <h3>\r\n                                <span class=\"short\">Cz\u0142onkostwo w radach naukowych i radach redakcyjnych <\/span>\r\n                                <span class=\"long\">Cz\u0142onkostwo w radach naukowych i radach redakcyjnych <\/span>\r\n                            <\/h3>\r\n\t\t\t\t\t\t<\/div>\r\n\t\t\t\t\t\t\r\n\t\t\t\t\t\t<div class=\"bookmark__content-wrap\">\r\n\t\t\t\t\t\t\t<div class=\"bookmark__content\">\r\n\r\n\t\t\t\t\t\t\t\t\r\n\r\n\t\t\t\t\t\t\t\t<div class=\"bookmark_text\" style=\"font-size:20px;\">\r\n\t\t\t\t\t\t\t\t<li>cz\u0142onkini Rady Naukowej p\u00f3\u0142rocznika \u201eNauczyciel i Szko\u0142a\u201d (2007 \u2013 2016); \n<li> cz\u0142onkini Rady naukowej rocznika \u201eSzkice Familiologiczne\u201d (od 2014 ) \n<li> cz\u0142onkini Rady Naukowej p\u00f3\u0142rocznika \u201eEdukacja Otwarta\u201d (od 2009).\n\r\n\t\t\t\t\t\t\t\t<br>\r\n\t\t\t\t\t\t\t\t\r\n\t\t\t\t\t\t\t\t<\/div>\r\n\t\t\t\t\t\t\t<\/div>\r\n\t\t\t\t\t\t<\/div>\r\n\t\t\t\t\t<\/div><\/div>\r\n\t\t\t\t\t\t<\/div>\r\n\t\t\t\t\t <\/div>[\/vc_column][\/vc_row]<\/p>","protected":false},"excerpt":{"rendered":"<p>[vc_row][vc_column width=&#8221;1\/4&#8243;][vc_single_image image=&#8221;1037&#8243; img_size=&#8221;medium&#8221; style=&#8221;vc_box_shadow_3d&#8221;][\/vc_column][vc_column width=&#8221;3\/4&#8243; css=&#8221;.vc_custom_1597521185463{border-bottom-width: -30px !important;}&#8221;][vc_column_text] Stanowisko: Grupa: Specjalno\u015b\u0107: Pok\u00f3j: Telefon: e-mail: Profesor Uczelni Pracownicy badawczo-dydaktyczni Pedagogika b.d. \u00a0 elzbieta.gornikowska-zwolak@us.edu.pl 0000-0002-0092-7880 [\/vc_column_text][\/vc_column][\/vc_row][vc_row][vc_column][\/vc_column][\/vc_row][vc_row][vc_column css=&#8221;.vc_custom_1597523042561{margin-bottom: -50px !important;}&#8221;][\/vc_column][\/vc_row] [&#8230;]<\/p>\n<p><a class=\"btn btn-secondary understrap-read-more-link\" href=\"https:\/\/us.edu.pl\/instytut\/ipe\/dr-hab-elzbieta-gornikowska-zwolak-prof-us\/\">Read More&#8230;<\/a><\/p>\n","protected":false},"author":201,"featured_media":0,"parent":0,"menu_order":0,"comment_status":"closed","ping_status":"closed","template":"page-templates\/page-with-bookmarks.php","meta":{"_expiration-date-status":"saved","_expiration-date":0,"_expiration-date-type":"","_expiration-date-categories":[],"_expiration-date-options":[]},"acf":[],"_links":{"self":[{"href":"https:\/\/us.edu.pl\/instytut\/ipe\/wp-json\/wp\/v2\/pages\/890"}],"collection":[{"href":"https:\/\/us.edu.pl\/instytut\/ipe\/wp-json\/wp\/v2\/pages"}],"about":[{"href":"https:\/\/us.edu.pl\/instytut\/ipe\/wp-json\/wp\/v2\/types\/page"}],"author":[{"embeddable":true,"href":"https:\/\/us.edu.pl\/instytut\/ipe\/wp-json\/wp\/v2\/users\/201"}],"replies":[{"embeddable":true,"href":"https:\/\/us.edu.pl\/instytut\/ipe\/wp-json\/wp\/v2\/comments?post=890"}],"version-history":[{"count":3,"href":"https:\/\/us.edu.pl\/instytut\/ipe\/wp-json\/wp\/v2\/pages\/890\/revisions"}],"predecessor-version":[{"id":1038,"href":"https:\/\/us.edu.pl\/instytut\/ipe\/wp-json\/wp\/v2\/pages\/890\/revisions\/1038"}],"wp:attachment":[{"href":"https:\/\/us.edu.pl\/instytut\/ipe\/wp-json\/wp\/v2\/media?parent=890"}],"curies":[{"name":"wp","href":"https:\/\/api.w.org\/{rel}","templated":true}]}}