{"id":974,"date":"2020-09-16T08:41:31","date_gmt":"2020-09-16T06:41:31","guid":{"rendered":"https:\/\/us.edu.pl\/instytut\/ipe\/?page_id=974"},"modified":"2020-09-16T18:19:40","modified_gmt":"2020-09-16T16:19:40","slug":"dr-marta-niemiec","status":"publish","type":"page","link":"https:\/\/us.edu.pl\/instytut\/ipe\/dr-marta-niemiec\/","title":{"rendered":"Dr Marta Niemiec"},"content":{"rendered":"<p>[vc_row][vc_column width=&#8221;1\/4&#8243;][vc_single_image image=&#8221;737&#8243; img_size=&#8221;medium&#8221; style=&#8221;vc_box_shadow_3d&#8221;][\/vc_column][vc_column width=&#8221;3\/4&#8243; css=&#8221;.vc_custom_1597521185463{border-bottom-width: -30px !important;}&#8221;][vc_column_text]<\/p>\n<table style=\"width: 72.9397%\">\n<tbody>\n<tr>\n<td style=\"width: 24.6684%\"><span style=\"font-size: 12pt;font-family: tahoma, arial, helvetica, sans-serif\">Stanowisko:<\/span><\/p>\n<p><span style=\"font-size: 12pt;font-family: tahoma, arial, helvetica, sans-serif\">Grupa:<\/span><\/p>\n<p><span style=\"font-size: 12pt;font-family: tahoma, arial, helvetica, sans-serif\">Specjalno\u015b\u0107:<\/span><\/p>\n<p><span style=\"font-size: 12pt;font-family: tahoma, arial, helvetica, sans-serif\">Pok\u00f3j:<\/span><\/p>\n<p><span style=\"font-size: 12pt;font-family: tahoma, arial, helvetica, sans-serif\">Telefon:<\/span><\/p>\n<p><span style=\"font-size: 12pt;font-family: tahoma, arial, helvetica, sans-serif\">e-mail:<\/span><\/p>\n<p><span style=\"font-size: 12pt;font-family: tahoma, arial, helvetica, sans-serif\"><img class=\"size-full wp-image-275\" src=\"http:\/\/us.edu.pl\/instytut\/im\/wp-content\/uploads\/sites\/43\/Nieprzypisane\/ORCID.png\" alt=\"Logo ORCID\" width=\"71\" height=\"22\" \/><\/span><\/td>\n<td style=\"width: 78.7798%\"><span style=\"font-size: 12pt;font-family: tahoma, arial, helvetica, sans-serif\"><strong>Adiunkt<\/strong><\/span><\/p>\n<p><span style=\"font-size: 12pt;font-family: tahoma, arial, helvetica, sans-serif\"><strong>Pracownicy badawczo-dydaktyczni<\/strong><\/span><\/p>\n<p><span style=\"font-size: 12pt;font-family: tahoma, arial, helvetica, sans-serif\"><strong>Pedagogika<br \/>\n<\/strong><\/span><\/p>\n<p>&nbsp;<\/p>\n<p>&nbsp;<\/p>\n<p><span style=\"font-size: 12pt\"><strong><span style=\"font-family: tahoma, arial, helvetica, sans-serif\">\u00a0marta.niemiec@us.edu.pl<\/span><\/strong><\/span><\/p>\n<p><span style=\"font-size: 12pt;font-family: tahoma, arial, helvetica, sans-serif\"><strong><a href=\"https:\/\/orcid.org\/0000-0002-1366-9542\">0000-0002-1366-9542<\/a><\/strong><\/span><\/td>\n<\/tr>\n<\/tbody>\n<\/table>\n<p>[\/vc_column_text][\/vc_column][\/vc_row][vc_row][vc_column]\r\n\t\t\t\t<div class='container'>\r\n\t\t\t\t\t<div class='list-links list-links_blue'>\r\n\t\t\t\t\t\t  \r\n\t\t\t\t\t\t  <ul>\r\n\t\t\t\t\t\t\t\t<li><a href=''><p>Materia\u0142y dodatkowe<\/p><\/a><\/li><\/ul>\r\n\t\t\t\t\t<\/div>\r\n\t\t\t\t<\/div>   \r\n\t\t\t\t\t[\/vc_column][\/vc_row][vc_row][vc_column css=&#8221;.vc_custom_1597523042561{margin-bottom: -50px !important;}&#8221;]\r\n\t\t\t\t\t<div class='container'>\r\n\t\t\t\t\t\t<div class='sidebar_moduls sidebar_dropdown zakladki' style='background-color: #FFFFFF'>\r\n\t\t\t\t\t\t\t<h3 class='page-title'><\/h3>\r\n\t\t\t\t\t\t\t<p class='zakladki__desc'><\/p>\r\n\r\n\t\t\t\t\t\t\t<div class='bookmarks'>\r\n\t\t\t\t\t<div class=\"bookmark\">\r\n\t\t\t\t\t\t<div class=\"bookmark__title\">\r\n                            <h3>\r\n                                <span class=\"short\">Przebieg kariery naukowej<\/span>\r\n                                <span class=\"long\">Przebieg kariery naukowej<\/span>\r\n                            <\/h3>\r\n\t\t\t\t\t\t<\/div>\r\n\t\t\t\t\t\t\r\n\t\t\t\t\t\t<div class=\"bookmark__content-wrap\">\r\n\t\t\t\t\t\t\t<div class=\"bookmark__content\">\r\n\r\n\t\t\t\t\t\t\t\t\r\n\r\n\t\t\t\t\t\t\t\t<div class=\"bookmark_text\" style=\"font-size:20px;\">\r\n\t\t\t\t\t\t\t\t<li>2006r. - magisterium, Pedagogika w zakresie: Pedagogiki resocjalizacyjnej z profilaktyk\u0105 \n spo\u0142eczn\u0105, Wydzia\u0142 Pedagogiki i Psychologii Uniwersytet \u015al\u0105ski w Katowicach.\n<li>2016r. \u2013 uzyskanie stopnia doktora nauk spo\u0142ecznych w dziedzinie Pedagogika\n(problematyka dysertacji doktorskiej z zakresu Pedagogiki specjalnej -  Tyflopedagogiki), Wydzia\u0142 Pedagogiki i Psychologii Uniwersytet \u015al\u0105ski w Katowicach.\n<li>2007-2013 \u2013 sekretarz organizacyjny cyklu mi\u0119dzynarodowych konferencji naukowych: \u201eSpecjalne Potrzeby Edukacyjne\u201d, Ustro\u0144 \u2013 Katowice.\n<li>2008-2010 - cz\u0142onkini Komisji ds. ECTS (prace nad pakietem ECTS).\n<li>2011-2013 \u2013 cz\u0142onkini  Wydzia\u0142owego Zespo\u0142u ds. Krajowych Ram Kwalifikacji nakierunku Pedagogika.\n<li>2012-2013- cz\u0142onkini zespo\u0142u ds. powo\u0142ania kierunku: Pedagogika Specjalna oraz specjalno\u015bci: Edukacja i rehabilitacja os\u00f3b z niepe\u0142nosprawno\u015bci\u0105 intelektualn\u0105 na Wydziale Pedagogiki                                           i Psychologii U\u015a. \n<li>2015-2018 - cz\u0142onkini Wydzia\u0142owej Komisji ds. Jako\u015bci Kszta\u0142cenia (podkomisja odpowiedzialna za ewaluacj\u0119 modu\u0142\u00f3w oraz program\u00f3w  kszta\u0142cenia oraz podkomisja ds. praktyk pedagogicznych).\n<li>2016-2019 -  cz\u0142onkini Rady Wydzia\u0142u Pedagogiki i Psychologii U\u015a.\n<li>2017r. -  studia podyplomowe kwalifikacyjne w zakresie Tyflopedagogiki uko\u0144czone z wyr\u00f3\u017cnieniem.\n<li>2018r. \u2013 nauczyciel wsp\u00f3\u0142organizuj\u0105cy proces kszta\u0142cenia uczni\u00f3w                                                                                                 z niepe\u0142nosprawno\u015bciami, Szko\u0142a Podstawowa nr 1 im. Marsza\u0142ka J\u00f3zefa Pi\u0142sudskiego w Katowicach.\n<li>2020r.  \u2013 uko\u0144czenie studi\u00f3w podyplomowych kwalifikacyjnych w zakresie \u201eAutyzm, Zesp\u00f3\u0142 Aspergera oraz inne ca\u0142o\u015bciowe zaburzenia rozwojowe \u2013 diagnoza i terapia.\u201d\n\n\n\n\n\n\r\n\t\t\t\t\t\t\t\t<br>\r\n\t\t\t\t\t\t\t\t\r\n\t\t\t\t\t\t\t\t<\/div>\r\n\t\t\t\t\t\t\t<\/div>\r\n\t\t\t\t\t\t<\/div>\r\n\t\t\t\t\t<\/div>\r\n\t\t\t\t\t<div class=\"bookmark\">\r\n\t\t\t\t\t\t<div class=\"bookmark__title\">\r\n                            <h3>\r\n                                <span class=\"short\">Zainteresowania badawcze<\/span>\r\n                                <span class=\"long\">Zainteresowania badawcze<\/span>\r\n                            <\/h3>\r\n\t\t\t\t\t\t<\/div>\r\n\t\t\t\t\t\t\r\n\t\t\t\t\t\t<div class=\"bookmark__content-wrap\">\r\n\t\t\t\t\t\t\t<div class=\"bookmark__content\">\r\n\r\n\t\t\t\t\t\t\t\t\r\n\r\n\t\t\t\t\t\t\t\t<div class=\"bookmark_text\" style=\"font-size:20px;\">\r\n\t\t\t\t\t\t\t\t<li>diagnoza i terapia os\u00f3b z indywidualnymi potrzebami edukacyjnymi,\n<li>spo\u0142eczne konteksty funkcjonowania os\u00f3b niepe\u0142nosprawnych i nieprzystosowanych spo\u0142ecznie,\n<li>psychospo\u0142eczne funkcjonowanie rodzin os\u00f3b niepe\u0142nosprawnych,\n<li>inkluzja spo\u0142eczna i edukacja inkluzyjna,\n<li>dydaktyka specjalna,\n<li>problematyka funkcjonowania doros\u0142ych os\u00f3b z niepe\u0142nosprawno\u015bciami,\n<li>historyczne uwarunkowania i tradycje a wsp\u00f3\u0142czesna teoria i praktyka pedagogiki specjalnej,                      \n<li>interdyscyplinarno\u015b\u0107 pedagogiki inkluzyjnej (wsp\u00f3\u0142czesne obszary wyzwa\u0144 \u2013 diversity studies, animal studies).\n\n\n\n\n\n\n\n\n\n\n\n\r\n\t\t\t\t\t\t\t\t<br>\r\n\t\t\t\t\t\t\t\t\r\n\t\t\t\t\t\t\t\t<\/div>\r\n\t\t\t\t\t\t\t<\/div>\r\n\t\t\t\t\t\t<\/div>\r\n\t\t\t\t\t<\/div>\r\n\t\t\t\t\t<div class=\"bookmark\">\r\n\t\t\t\t\t\t<div class=\"bookmark__title\">\r\n                            <h3>\r\n                                <span class=\"short\">Najwa\u017cniejsze osi\u0105gni\u0119cia naukowe, wyr\u00f3\u017cnienia i nagrody<\/span>\r\n                                <span class=\"long\">Najwa\u017cniejsze osi\u0105gni\u0119cia naukowe, wyr\u00f3\u017cnienia i nagrody<\/span>\r\n                            <\/h3>\r\n\t\t\t\t\t\t<\/div>\r\n\t\t\t\t\t\t\r\n\t\t\t\t\t\t<div class=\"bookmark__content-wrap\">\r\n\t\t\t\t\t\t\t<div class=\"bookmark__content\">\r\n\r\n\t\t\t\t\t\t\t\t\r\n\r\n\t\t\t\t\t\t\t\t<div class=\"bookmark_text\" style=\"font-size:20px;\">\r\n\t\t\t\t\t\t\t\t<li>2006r. \u2013 wyr\u00f3\u017cnienie rektorskie JM Rektora Uniwersytetu \u015al\u0105skiego w Katowicach dla  najlepszych absolwent\u00f3w Uniwersytetu \u015al\u0105skiego, ko\u0144cz\u0105cych studia w roku akademickim 2005\/2006.\n<li>2006-2007 -  udzia\u0142 w mi\u0119dzynarodowym grancie  badawczym  -  VEGA \u010d 1\/1404\/04 i KEGA \u010d 3\/122303. Kierownik projektu ze strony s\u0142owackiej: Prof. Podr. Stefan Va\u0161ek CSc. Ze strony polskiej: Prof. zw. dr hab. Adam Stankowski. Tytu\u0142 projektu: \u201eNadeni a talentovani postihnuti jedinci\u201d. \n<li>2007-2010 \u2013 udzia\u0142 w projekcie badawczym zespo\u0142owym nt.:\u201eSpecjalne potrzeby edukacyjne\u201d.\n<li>2008-2009 \u2013 udzia\u0142 w projekcie badawczym zespo\u0142owym nt.: \u201e Talenty i specjalne uzdolnienia uczni\u00f3w niepe\u0142nosprawnych szk\u00f3\u0142 podstawowych i gimnazjalnych \u2013 potrzeby, mo\u017cliwo\u015bci rozwoju, ograniczenia\u201d\n<li>2010r. - indywidulany projekt badawczy nt.: \u201eFunkcjonowanie spo\u0142eczne m\u0142odzie\u017cy niepe\u0142nosprawnej wzrokowo\u201d.\n<li>2013r. -  l'IUT B Lille III \u00e0 Tourcoing (koordynowanie pobytu w Polsce student\u00f3w pedagogiki specjalnej w ramach realizacji projektu - Projet tutor\u00e9 \u00ab  \u00e9changeons ensemble \u00bb).\n<li>2016r. \u2013 realizowanie rz\u0105dowego programu PFRON \u2013 \u201eJestem sob\u0105 \u2013 jestem samodzielny\u201d z doros\u0142ymi osobami z niepe\u0142nosprawno\u015bci\u0105 intelektualn\u0105, \u015awietlica Terapeutyczna \u201eBenedictus\u201d, Tychy.\n<li>2011r. - Nagroda III stopnia JM Rektora Uniwersytetu \u015al\u0105skiego w Katowicach.\n<li>2012r. - Nagroda II stopnia JM Rektora Uniwersytetu \u015al\u0105skiego w Katowicach.\n<li>2013r. - Nagroda III stopnia JM Rektora Uniwersytetu \u015al\u0105skiego w Katowicach. \n\n\r\n\t\t\t\t\t\t\t\t<br>\r\n\t\t\t\t\t\t\t\t\r\n\t\t\t\t\t\t\t\t<\/div>\r\n\t\t\t\t\t\t\t<\/div>\r\n\t\t\t\t\t\t<\/div>\r\n\t\t\t\t\t<\/div>\r\n\t\t\t\t\t<div class=\"bookmark\">\r\n\t\t\t\t\t\t<div class=\"bookmark__title\">\r\n                            <h3>\r\n                                <span class=\"short\">Sta\u017ce naukowe\/Wizyty studyjne<\/span>\r\n                                <span class=\"long\">Sta\u017ce naukowe\/Wizyty studyjne<\/span>\r\n                            <\/h3>\r\n\t\t\t\t\t\t<\/div>\r\n\t\t\t\t\t\t\r\n\t\t\t\t\t\t<div class=\"bookmark__content-wrap\">\r\n\t\t\t\t\t\t\t<div class=\"bookmark__content\">\r\n\r\n\t\t\t\t\t\t\t\t\r\n\r\n\t\t\t\t\t\t\t\t<div class=\"bookmark_text\" style=\"font-size:20px;\">\r\n\t\t\t\t\t\t\t\t\n\r\n\t\t\t\t\t\t\t\t<br>\r\n\t\t\t\t\t\t\t\t\r\n\t\t\t\t\t\t\t\t<\/div>\r\n\t\t\t\t\t\t\t<\/div>\r\n\t\t\t\t\t\t<\/div>\r\n\t\t\t\t\t<\/div>\r\n\t\t\t\t\t<div class=\"bookmark\">\r\n\t\t\t\t\t\t<div class=\"bookmark__title\">\r\n                            <h3>\r\n                                <span class=\"short\">Cz\u0142onkostwo w radach naukowych i radach redakcyjnych <\/span>\r\n                                <span class=\"long\">Cz\u0142onkostwo w radach naukowych i radach redakcyjnych <\/span>\r\n                            <\/h3>\r\n\t\t\t\t\t\t<\/div>\r\n\t\t\t\t\t\t\r\n\t\t\t\t\t\t<div class=\"bookmark__content-wrap\">\r\n\t\t\t\t\t\t\t<div class=\"bookmark__content\">\r\n\r\n\t\t\t\t\t\t\t\t\r\n\r\n\t\t\t\t\t\t\t\t<div class=\"bookmark_text\" style=\"font-size:20px;\">\r\n\t\t\t\t\t\t\t\t<li>2009-2014 \u2013 cz\u0142onkini kolegium redakcyjnego 9 publikacji wydawnictw: S.\u00c9.C.T. Association Internationale Sciences, \u00c9ducation, Cultures, Traditions Fribourg-Suisse oraz VERBUM - Vydawatel'stvo Katolickej Univerzity v Ru\u017eomberku.\n\n\r\n\t\t\t\t\t\t\t\t<br>\r\n\t\t\t\t\t\t\t\t\r\n\t\t\t\t\t\t\t\t<\/div>\r\n\t\t\t\t\t\t\t<\/div>\r\n\t\t\t\t\t\t<\/div>\r\n\t\t\t\t\t<\/div><\/div>\r\n\t\t\t\t\t\t<\/div>\r\n\t\t\t\t\t <\/div>[\/vc_column][\/vc_row]<\/p>","protected":false},"excerpt":{"rendered":"<p>[vc_row][vc_column width=&#8221;1\/4&#8243;][vc_single_image image=&#8221;737&#8243; img_size=&#8221;medium&#8221; style=&#8221;vc_box_shadow_3d&#8221;][\/vc_column][vc_column width=&#8221;3\/4&#8243; css=&#8221;.vc_custom_1597521185463{border-bottom-width: -30px !important;}&#8221;][vc_column_text] Stanowisko: Grupa: Specjalno\u015b\u0107: Pok\u00f3j: Telefon: e-mail: Adiunkt Pracownicy badawczo-dydaktyczni Pedagogika &nbsp; &nbsp; \u00a0marta.niemiec@us.edu.pl 0000-0002-1366-9542 [\/vc_column_text][\/vc_column][\/vc_row][vc_row][vc_column][\/vc_column][\/vc_row][vc_row][vc_column css=&#8221;.vc_custom_1597523042561{margin-bottom: -50px !important;}&#8221;][\/vc_column][\/vc_row] [&#8230;]<\/p>\n<p><a class=\"btn btn-secondary understrap-read-more-link\" href=\"https:\/\/us.edu.pl\/instytut\/ipe\/dr-marta-niemiec\/\">Read More&#8230;<\/a><\/p>\n","protected":false},"author":2293,"featured_media":0,"parent":0,"menu_order":0,"comment_status":"closed","ping_status":"closed","template":"page-templates\/page-with-bookmarks.php","meta":{"_expiration-date-status":"saved","_expiration-date":0,"_expiration-date-type":"","_expiration-date-categories":[],"_expiration-date-options":[]},"acf":[],"_links":{"self":[{"href":"https:\/\/us.edu.pl\/instytut\/ipe\/wp-json\/wp\/v2\/pages\/974"}],"collection":[{"href":"https:\/\/us.edu.pl\/instytut\/ipe\/wp-json\/wp\/v2\/pages"}],"about":[{"href":"https:\/\/us.edu.pl\/instytut\/ipe\/wp-json\/wp\/v2\/types\/page"}],"author":[{"embeddable":true,"href":"https:\/\/us.edu.pl\/instytut\/ipe\/wp-json\/wp\/v2\/users\/2293"}],"replies":[{"embeddable":true,"href":"https:\/\/us.edu.pl\/instytut\/ipe\/wp-json\/wp\/v2\/comments?post=974"}],"version-history":[{"count":3,"href":"https:\/\/us.edu.pl\/instytut\/ipe\/wp-json\/wp\/v2\/pages\/974\/revisions"}],"predecessor-version":[{"id":991,"href":"https:\/\/us.edu.pl\/instytut\/ipe\/wp-json\/wp\/v2\/pages\/974\/revisions\/991"}],"wp:attachment":[{"href":"https:\/\/us.edu.pl\/instytut\/ipe\/wp-json\/wp\/v2\/media?parent=974"}],"curies":[{"name":"wp","href":"https:\/\/api.w.org\/{rel}","templated":true}]}}