{"id":987,"date":"2020-09-16T12:37:44","date_gmt":"2020-09-16T10:37:44","guid":{"rendered":"https:\/\/us.edu.pl\/instytut\/ipe\/?page_id=987"},"modified":"2020-09-16T12:37:44","modified_gmt":"2020-09-16T10:37:44","slug":"dr-edyta-m-nieduziak","status":"publish","type":"page","link":"https:\/\/us.edu.pl\/instytut\/ipe\/dr-edyta-m-nieduziak\/","title":{"rendered":"Dr Edyta M. Nieduziak"},"content":{"rendered":"<p>[vc_row][vc_column width=&#8221;1\/4&#8243;][vc_single_image image=&#8221;737&#8243; img_size=&#8221;medium&#8221; style=&#8221;vc_box_shadow_3d&#8221;][\/vc_column][vc_column width=&#8221;3\/4&#8243; css=&#8221;.vc_custom_1597521185463{border-bottom-width: -30px !important;}&#8221;][vc_column_text]<\/p>\n<table style=\"width: 72.9397%\">\n<tbody>\n<tr>\n<td style=\"width: 24.6684%\"><span style=\"font-size: 12pt;font-family: tahoma, arial, helvetica, sans-serif\">Stanowisko:<\/span><\/p>\n<p><span style=\"font-size: 12pt;font-family: tahoma, arial, helvetica, sans-serif\">Grupa:<\/span><\/p>\n<p><span style=\"font-size: 12pt;font-family: tahoma, arial, helvetica, sans-serif\">Specjalno\u015b\u0107:<\/span><\/p>\n<p><span style=\"font-size: 12pt;font-family: tahoma, arial, helvetica, sans-serif\">Pok\u00f3j:<\/span><\/p>\n<p><span style=\"font-size: 12pt;font-family: tahoma, arial, helvetica, sans-serif\">Telefon:<\/span><\/p>\n<p><span style=\"font-size: 12pt;font-family: tahoma, arial, helvetica, sans-serif\">e-mail:<\/span><\/p>\n<p><span style=\"font-size: 12pt;font-family: tahoma, arial, helvetica, sans-serif\"><img class=\"size-full wp-image-275\" src=\"http:\/\/us.edu.pl\/instytut\/im\/wp-content\/uploads\/sites\/43\/Nieprzypisane\/ORCID.png\" alt=\"Logo ORCID\" width=\"71\" height=\"22\" \/><\/span><\/td>\n<td style=\"width: 78.7798%\"><span style=\"font-size: 12pt;font-family: tahoma, arial, helvetica, sans-serif\"><strong>Adiunkt<\/strong><\/span><\/p>\n<p><span style=\"font-size: 12pt;font-family: tahoma, arial, helvetica, sans-serif\"><strong>Pracownicy badawczo-dydaktyczni<\/strong><\/span><\/p>\n<p><span style=\"font-size: 12pt;font-family: tahoma, arial, helvetica, sans-serif\"><strong>Pedagogika<br \/>\n<\/strong><\/span><\/p>\n<p><span style=\"font-size: 12pt;font-family: tahoma, arial, helvetica, sans-serif\"><strong>&#8212;-<\/strong><\/span><\/p>\n<p><span style=\"font-size: 12pt;font-family: tahoma, arial, helvetica, sans-serif\"><strong>brak<\/strong><\/span><\/p>\n<p><span style=\"font-size: 12pt;font-family: tahoma, arial, helvetica, sans-serif\"><strong>edyta.nieduziak@us.edu.pl<br \/>\n<\/strong><\/span><\/p>\n<p><span style=\"font-size: 12pt;font-family: tahoma, arial, helvetica, sans-serif\"><strong><a href=\"https:\/\/orcid.org\/0000-0002-7072-4448\">0000-0002-7072-4448<\/a><\/strong><\/span><\/td>\n<\/tr>\n<\/tbody>\n<\/table>\n<p>[\/vc_column_text][\/vc_column][\/vc_row][vc_row][vc_column]\r\n\t\t\t\t<div class='container'>\r\n\t\t\t\t\t<div class='list-links list-links_blue'>\r\n\t\t\t\t\t\t  \r\n\t\t\t\t\t\t  <ul>\r\n\t\t\t\t\t\t\t\t<li><a href=''><p>Materia\u0142y dodatkowe<\/p><\/a><\/li><\/ul>\r\n\t\t\t\t\t<\/div>\r\n\t\t\t\t<\/div>   \r\n\t\t\t\t\t[\/vc_column][\/vc_row][vc_row][vc_column css=&#8221;.vc_custom_1597523042561{margin-bottom: -50px !important;}&#8221;]\r\n\t\t\t\t\t<div class='container'>\r\n\t\t\t\t\t\t<div class='sidebar_moduls sidebar_dropdown zakladki' style='background-color: #FFFFFF'>\r\n\t\t\t\t\t\t\t<h3 class='page-title'><\/h3>\r\n\t\t\t\t\t\t\t<p class='zakladki__desc'><\/p>\r\n\r\n\t\t\t\t\t\t\t<div class='bookmarks'>\r\n\t\t\t\t\t<div class=\"bookmark\">\r\n\t\t\t\t\t\t<div class=\"bookmark__title\">\r\n                            <h3>\r\n                                <span class=\"short\">Przebieg kariery naukowej<\/span>\r\n                                <span class=\"long\">Przebieg kariery naukowej<\/span>\r\n                            <\/h3>\r\n\t\t\t\t\t\t<\/div>\r\n\t\t\t\t\t\t\r\n\t\t\t\t\t\t<div class=\"bookmark__content-wrap\">\r\n\t\t\t\t\t\t\t<div class=\"bookmark__content\">\r\n\r\n\t\t\t\t\t\t\t\t\r\n\r\n\t\t\t\t\t\t\t\t<div class=\"bookmark_text\" style=\"font-size:20px;\">\r\n\t\t\t\t\t\t\t\t<li>studia na Wydziale Pedagogiki i Psychologii UMSC w Lublinie\n1995 mgr pedagogiki Wydzia\u0142 Pedagogiki i Psychologii UMCS w Lublinie\n<li>studia na Wydziale Humanistycznym (filologia polska) UMCS w Lublinie\n<li>2001 dr nauk humanistycznych UMCS w Lublinie\n<li>2001\/02 \u2013 2002\/03 kierownik Studium Pedagogicznego, Wy\u017csza Szko\u0142a Humanistyczno-Przyrodnicza w Sandomierzu\n<li>2012\/13 oligofrenopedagog - studia podyplomowe oligofrenopedagogika\n<li>2020 certyfikacja arteterapeuty przy Stowarzyszeniu \u201eKajros\u201d\n<li>1993 Certificat d\u2019Etudes de Langue Fran\u00e7aise\n<li>1998 Dipl\u00f4me Approfondi de Langue Fran\u00e7aise\n\n<li>od 2020 w Zespole ds. Wsp\u00f3\u0142pracy Badawczej z Otoczeniem w Instytucie Pedagogiki WNS\n<li>od 2020 liderka Zespo\u0142u bada\u0144 nad autyzmem w Instytucie Pedagogiki WNS\n<li>2016, 2017, 2018 Zesp\u00f3\u0142 ds. wprowadzenia modelu i standard\u00f3w wsparcia os\u00f3b z ASD na podstawie projektu \u201eLinia wsparcia\u201d- dzia\u0142ania wspieraj\u0105ce osoby z autyzmem, ca\u0142o\u015bciowym zaburzeniem rozwoju dla Caritas Ziemi Sandomierskiej, finansowany ze \u015brodk\u00f3w PFRON\n<li>od 2013 w Zespole Samokszta\u0142ceniowm Doktor\u00f3w przy Komitecie Nauk Pedagogicznych Polskiej Akademii Nauk\n<li>2003 w Zespole pod nazw\u0105 \u201eTw\u00f3rczo\u015b\u0107 i terapia\u201d finansowanym ze \u015brodk\u00f3w KBN (636\/P\/DS.\/03), Towarzystwa Naukowego Sandomierskiego, Wy\u017cszej Szko\u0142y Humanistyczno-Przyrodniczej, Stowarzyszenia \u201eIntegracja\u201d\n<li>2003 w Zespole pod nazw\u0105 \u201eSpo\u0142eczno\u2013kulturowe konteksty integracji os\u00f3b niepe\u0142nosprawnych\u201d finansowanym ze \u015brodk\u00f3w PFRON dla Stowarzyszenia \u201eIntegracja\u201d \n\n\n\n\r\n\t\t\t\t\t\t\t\t<br>\r\n\t\t\t\t\t\t\t\t\r\n\t\t\t\t\t\t\t\t<\/div>\r\n\t\t\t\t\t\t\t<\/div>\r\n\t\t\t\t\t\t<\/div>\r\n\t\t\t\t\t<\/div>\r\n\t\t\t\t\t<div class=\"bookmark\">\r\n\t\t\t\t\t\t<div class=\"bookmark__title\">\r\n                            <h3>\r\n                                <span class=\"short\">Zainteresowania badawcze<\/span>\r\n                                <span class=\"long\">Zainteresowania badawcze<\/span>\r\n                            <\/h3>\r\n\t\t\t\t\t\t<\/div>\r\n\t\t\t\t\t\t\r\n\t\t\t\t\t\t<div class=\"bookmark__content-wrap\">\r\n\t\t\t\t\t\t\t<div class=\"bookmark__content\">\r\n\r\n\t\t\t\t\t\t\t\t\r\n\r\n\t\t\t\t\t\t\t\t<div class=\"bookmark_text\" style=\"font-size:20px;\">\r\n\t\t\t\t\t\t\t\t<li>wykorzystanie dzia\u0142a\u0144 artystycznych (wizualnych, performatywnych) w procesach terapeutycznych i rozwojowych \u2013 arteterapia;\n<li>inkluzja spo\u0142eczna i edukacyjna os\u00f3b z niepe\u0142nosprawno\u015bci\u0105;\n<li>edukacja inkluzyjna;\n<li>animacja spo\u0142eczno-kulturowa, animacja spo\u0142eczno-kulturowa os\u00f3b z niepe\u0142nosprawno\u015bci\u0105;\n<li>disability studies, disability culture studies;\n<li>interdyscyplinarne problemy kultury i niepe\u0142nosprawno\u015bci;\n<li>ekspresja artystyczna os\u00f3b z niepe\u0142nosprawno\u015bci\u0105;\n<li>teatr, drama, performance, performance studies;\n<li>pedagogika specjalna, zw\u0142aszcza pedagogika os\u00f3b z niepe\u0142nosprawno\u015bci\u0105 intelektualn\u0105, os\u00f3b z  ASD, g\u0142uchych;\n\n\n\n\n\n\r\n\t\t\t\t\t\t\t\t<br>\r\n\t\t\t\t\t\t\t\t\r\n\t\t\t\t\t\t\t\t<\/div>\r\n\t\t\t\t\t\t\t<\/div>\r\n\t\t\t\t\t\t<\/div>\r\n\t\t\t\t\t<\/div>\r\n\t\t\t\t\t<div class=\"bookmark\">\r\n\t\t\t\t\t\t<div class=\"bookmark__title\">\r\n                            <h3>\r\n                                <span class=\"short\">Najwa\u017cniejsze osi\u0105gni\u0119cia naukowe, wyr\u00f3\u017cnienia i nagrody<\/span>\r\n                                <span class=\"long\">Najwa\u017cniejsze osi\u0105gni\u0119cia naukowe, wyr\u00f3\u017cnienia i nagrody<\/span>\r\n                            <\/h3>\r\n\t\t\t\t\t\t<\/div>\r\n\t\t\t\t\t\t\r\n\t\t\t\t\t\t<div class=\"bookmark__content-wrap\">\r\n\t\t\t\t\t\t\t<div class=\"bookmark__content\">\r\n\r\n\t\t\t\t\t\t\t\t\r\n\r\n\t\t\t\t\t\t\t\t<div class=\"bookmark_text\" style=\"font-size:20px;\">\r\n\t\t\t\t\t\t\t\t<li>nagroda rektora Uniwersytetu Wroc\u0142awskiego za osi\u0105gni\u0119cia dydaktyczne\n<li>recenzentka dla International Journal of Pedagogy, Innovation and New Technologies\n<li>nagrody i wyr\u00f3\u017cnienia Letnich Szk\u00f3\u0142 M\u0142odych Pedagog\u00f3w: Nagroda i dyplom \u201eStrza\u0142 w 10\u201d za trosk\u0119 o artystyczny i interdyscyplinarny charakter XXX Letniej Szko\u0142y M\u0142odych Pedagog\u00f3w; Nagroda i dyplom za \u201eTw\u00f3rczy Szum\u201d w ramach XXIX Letniej Szko\u0142y M\u0142odych Pedagog\u00f3w\n<li>nagrody w konkursach fotograficznych: m.in. 2019 \u2013 W obliczu Sandomierza, wyr\u00f3\u017cnienie; Regionalne Centrum Promocji Obszaru Natura 2000 Tarnobrzeska Dolina Wis\u0142y w Tarnobrzegu: 2019 I miejsce (Kwiaty polskich \u0142\u0105k), 2018 III miejsce (Zaczarowane drzewo), 2017 III miejsce (Wi\u015blane pejza\u017ce), 2016 III miejsce (Co w trawie piszczy?)\n<li>wyr\u00f3\u017cnienie w Konkursie Fotograficznym \u201eCztery Pory Roku\u201d organizowanym przez pos\u0142a RP M. Plut\u0119 (2014)\n<li>nominacja do wystaw krajowych i mi\u0119dzynarodowych fotografii pt. Axis mundi, Historia matematyki zg\u0142oszonych do VII edycji Mi\u0119dzynarodowego Konkursu Fotograficznego \u201eMathematics in fokus\u201d (2016); wyr\u00f3\u017cnienie za prac\u0119 Przestrze\u0144 domkni\u0119ta (2014)\n<li>nagroda w Og\u00f3lnopolskim Konkursie na Recenzj\u0119 Teatraln\u0105 Fundacji im. M. Bechczyc\u2013Rudnickiej w Lublinie (1996)\n\n\n\n\r\n\t\t\t\t\t\t\t\t<br>\r\n\t\t\t\t\t\t\t\t\r\n\t\t\t\t\t\t\t\t<\/div>\r\n\t\t\t\t\t\t\t<\/div>\r\n\t\t\t\t\t\t<\/div>\r\n\t\t\t\t\t<\/div>\r\n\t\t\t\t\t<div class=\"bookmark\">\r\n\t\t\t\t\t\t<div class=\"bookmark__title\">\r\n                            <h3>\r\n                                <span class=\"short\">Sta\u017ce naukowe\/Wizyty studyjne<\/span>\r\n                                <span class=\"long\">Sta\u017ce naukowe\/Wizyty studyjne<\/span>\r\n                            <\/h3>\r\n\t\t\t\t\t\t<\/div>\r\n\t\t\t\t\t\t\r\n\t\t\t\t\t\t<div class=\"bookmark__content-wrap\">\r\n\t\t\t\t\t\t\t<div class=\"bookmark__content\">\r\n\r\n\t\t\t\t\t\t\t\t\r\n\r\n\t\t\t\t\t\t\t\t<div class=\"bookmark_text\" style=\"font-size:20px;\">\r\n\t\t\t\t\t\t\t\t<li>2019 \u2013 N. Popova Teatr Krug (Moskwa)\/ Instytut Sztuki PAN Warszawa (Polska)\n<li>2019 - Uniwersytet Rzeszowski, PWSZ w Nowym S\u0105czu Mi\u0119dzynarodowy Projekt artystyczno-naukowy, Marina Abramovi\u0107 \u2013 wolno\u015b\u0107 absolutna\n<li>2018 Uniwersytet Rzeszowski, PWSZ w Nowym S\u0105czu Mi\u0119dzynarodowy Projekt artystyczno-naukowy, Frida introspekcje\n<li>2016 \u2013 Instytut J. Grotowskiego Wroc\u0142aw  W.E. Londgen \u201eJoy of Sound\u201d\n<li>2015 \u2013 Laboratorium G\u0142osu, O. Szwajgier, Krak\u00f3w\n<li>2015 - \u201ePsychodrama i podej\u015bcie Gestalt\u201d prof. dr Phil. Hab. T. Schwinger Uniwersity of Applied Science Darmstad\n<li>2015 Uniwersytet Adama Mickiewicza w Poznaniu projekt nr PO KL <li>04.01.01-00-029\/09, Wzmocnienie potencja\u0142u dydaktycznego uczelni pt.\u201eDostosowanie modelu kszta\u0142cenia student\u00f3w filologii polskiej do wyzwa\u0144 wsp\u00f3\u0142czesnego rynku pracy (ze szczeg\u00f3lnym uwzgl\u0119dnieniem rozwoju kompetencji informatycznych oraz informacyjno-medialnych)\u201d\n<li>2013 - Uniwersytet Adama Mickiewicza w Poznaniu, projekt badawczy Opus, ID 165812, kier. prof. zw. dr hab. E. J\u00f3zefowski \u201eKreacja wizualna w arteterapii jako przestrze\u0144 rozwoju osobowego - teoretyczne i empiryczne aspekty zastosowania warsztatu tw\u00f3rczego w arteterapii\u201d, uczestnik\n<li>2005-2009 wsp\u00f3\u0142praca z L. Fitzgerald Taylor i L. O\u2019Hanlon z No Nonsense Theatre Company (Wielka Brytania) wsp\u00f3\u0142praca z grup\u0105 z\u0142o\u017con\u0105 m.in. z os\u00f3b z ASD\n<li>1995 - Fundacja John Bost La Force (Francja)\n\r\n\t\t\t\t\t\t\t\t<br>\r\n\t\t\t\t\t\t\t\t\r\n\t\t\t\t\t\t\t\t<\/div>\r\n\t\t\t\t\t\t\t<\/div>\r\n\t\t\t\t\t\t<\/div>\r\n\t\t\t\t\t<\/div>\r\n\t\t\t\t\t<div class=\"bookmark\">\r\n\t\t\t\t\t\t<div class=\"bookmark__title\">\r\n                            <h3>\r\n                                <span class=\"short\">Cz\u0142onkostwo w radach naukowych i radach redakcyjnych <\/span>\r\n                                <span class=\"long\">Cz\u0142onkostwo w radach naukowych i radach redakcyjnych <\/span>\r\n                            <\/h3>\r\n\t\t\t\t\t\t<\/div>\r\n\t\t\t\t\t\t\r\n\t\t\t\t\t\t<div class=\"bookmark__content-wrap\">\r\n\t\t\t\t\t\t\t<div class=\"bookmark__content\">\r\n\r\n\t\t\t\t\t\t\t\t\r\n\r\n\t\t\t\t\t\t\t\t<div class=\"bookmark_text\" style=\"font-size:20px;\">\r\n\t\t\t\t\t\t\t\t<li>w sk\u0142adzie Komisji Rewizyjnej Oddzia\u0142u Wroc\u0142awskiego Polskiego Towarzystwa Pedagogicznego\n<li>sekretarz redakcji p\u00f3\u0142rocznika \u201eChowanna\u201d\n<li>w sk\u0142adzie Sekcji Naukowej Arteterapii Polskiego Towarzystwa Psychiatrycznego (Warszawa)\n<li>cz\u0142onkini Stowarzyszenia Psychiatria i Sztuka im. dr Andrzeja Kowala (Krak\u00f3w)\n<li>przewodnicz\u0105ca Komisji Rewizyjnej Tarnobrzeskie Stowarzyszenie na Rzecz Os\u00f3b Choruj\u0105cych Psychicznie \u201eOgniwo\u201d\n\r\n\t\t\t\t\t\t\t\t<br>\r\n\t\t\t\t\t\t\t\t\r\n\t\t\t\t\t\t\t\t<\/div>\r\n\t\t\t\t\t\t\t<\/div>\r\n\t\t\t\t\t\t<\/div>\r\n\t\t\t\t\t<\/div><\/div>\r\n\t\t\t\t\t\t<\/div>\r\n\t\t\t\t\t <\/div>[\/vc_column][\/vc_row]<\/p>","protected":false},"excerpt":{"rendered":"<p>[vc_row][vc_column width=&#8221;1\/4&#8243;][vc_single_image image=&#8221;737&#8243; img_size=&#8221;medium&#8221; style=&#8221;vc_box_shadow_3d&#8221;][\/vc_column][vc_column width=&#8221;3\/4&#8243; css=&#8221;.vc_custom_1597521185463{border-bottom-width: -30px !important;}&#8221;][vc_column_text] Stanowisko: Grupa: Specjalno\u015b\u0107: Pok\u00f3j: Telefon: e-mail: Adiunkt Pracownicy badawczo-dydaktyczni Pedagogika &#8212;- brak edyta.nieduziak@us.edu.pl 0000-0002-7072-4448 [\/vc_column_text][\/vc_column][\/vc_row][vc_row][vc_column][\/vc_column][\/vc_row][vc_row][vc_column css=&#8221;.vc_custom_1597523042561{margin-bottom: -50px !important;}&#8221;][\/vc_column][\/vc_row] [&#8230;]<\/p>\n<p><a class=\"btn btn-secondary understrap-read-more-link\" href=\"https:\/\/us.edu.pl\/instytut\/ipe\/dr-edyta-m-nieduziak\/\">Read More&#8230;<\/a><\/p>\n","protected":false},"author":2293,"featured_media":0,"parent":0,"menu_order":0,"comment_status":"closed","ping_status":"closed","template":"page-templates\/page-with-bookmarks.php","meta":{"_expiration-date-status":"saved","_expiration-date":0,"_expiration-date-type":"","_expiration-date-categories":[],"_expiration-date-options":[]},"acf":[],"_links":{"self":[{"href":"https:\/\/us.edu.pl\/instytut\/ipe\/wp-json\/wp\/v2\/pages\/987"}],"collection":[{"href":"https:\/\/us.edu.pl\/instytut\/ipe\/wp-json\/wp\/v2\/pages"}],"about":[{"href":"https:\/\/us.edu.pl\/instytut\/ipe\/wp-json\/wp\/v2\/types\/page"}],"author":[{"embeddable":true,"href":"https:\/\/us.edu.pl\/instytut\/ipe\/wp-json\/wp\/v2\/users\/2293"}],"replies":[{"embeddable":true,"href":"https:\/\/us.edu.pl\/instytut\/ipe\/wp-json\/wp\/v2\/comments?post=987"}],"version-history":[{"count":1,"href":"https:\/\/us.edu.pl\/instytut\/ipe\/wp-json\/wp\/v2\/pages\/987\/revisions"}],"predecessor-version":[{"id":988,"href":"https:\/\/us.edu.pl\/instytut\/ipe\/wp-json\/wp\/v2\/pages\/987\/revisions\/988"}],"wp:attachment":[{"href":"https:\/\/us.edu.pl\/instytut\/ipe\/wp-json\/wp\/v2\/media?parent=987"}],"curies":[{"name":"wp","href":"https:\/\/api.w.org\/{rel}","templated":true}]}}