{"id":992,"date":"2020-09-16T18:39:27","date_gmt":"2020-09-16T16:39:27","guid":{"rendered":"https:\/\/us.edu.pl\/instytut\/ipe\/?page_id=992"},"modified":"2020-09-16T18:42:37","modified_gmt":"2020-09-16T16:42:37","slug":"dr-elzbieta-marek","status":"publish","type":"page","link":"https:\/\/us.edu.pl\/instytut\/ipe\/dr-elzbieta-marek\/","title":{"rendered":"Dr El\u017cbieta Marek"},"content":{"rendered":"<p>[vc_row][vc_column width=&#8221;1\/4&#8243;][vc_single_image image=&#8221;993&#8243; img_size=&#8221;medium&#8221; style=&#8221;vc_box_shadow_3d&#8221;][\/vc_column][vc_column width=&#8221;3\/4&#8243; css=&#8221;.vc_custom_1597521185463{border-bottom-width: -30px !important;}&#8221;][vc_column_text]<\/p>\n<table style=\"width: 72.9397%\">\n<tbody>\n<tr>\n<td style=\"width: 24.6684%\"><span style=\"font-size: 12pt;font-family: tahoma, arial, helvetica, sans-serif\">Stanowisko:<\/span><\/p>\n<p><span style=\"font-size: 12pt;font-family: tahoma, arial, helvetica, sans-serif\">Grupa:<\/span><\/p>\n<p><span style=\"font-size: 12pt;font-family: tahoma, arial, helvetica, sans-serif\">Specjalno\u015b\u0107:<\/span><\/p>\n<p><span style=\"font-size: 12pt;font-family: tahoma, arial, helvetica, sans-serif\">Pok\u00f3j:<\/span><\/p>\n<p><span style=\"font-size: 12pt;font-family: tahoma, arial, helvetica, sans-serif\">Telefon:<\/span><\/p>\n<p><span style=\"font-size: 12pt;font-family: tahoma, arial, helvetica, sans-serif\">e-mail:<\/span><\/p>\n<p><span style=\"font-size: 12pt;font-family: tahoma, arial, helvetica, sans-serif\"><img class=\"size-full wp-image-275\" src=\"http:\/\/us.edu.pl\/instytut\/im\/wp-content\/uploads\/sites\/43\/Nieprzypisane\/ORCID.png\" alt=\"Logo ORCID\" width=\"71\" height=\"22\" \/><\/span><\/td>\n<td style=\"width: 78.7798%\"><span style=\"font-size: 12pt;font-family: tahoma, arial, helvetica, sans-serif\"><strong>Adiunkt<\/strong><\/span><\/p>\n<p><span style=\"font-size: 12pt;font-family: tahoma, arial, helvetica, sans-serif\"><strong>Pracownicy badawczo-dydaktyczni<\/strong><\/span><\/p>\n<p><span style=\"font-size: 12pt;font-family: tahoma, arial, helvetica, sans-serif\"><strong>Pedagogika<br \/>\n<\/strong><\/span><\/p>\n<p>&nbsp;<\/p>\n<p><span style=\"font-size: 12pt;font-family: tahoma, arial, helvetica, sans-serif\"><strong>brak<\/strong><\/span><\/p>\n<p><span style=\"font-size: 12pt;font-family: tahoma, arial, helvetica, sans-serif\"><strong>\u00a0elzbieta.marek@us.edu.pl<\/strong><\/span><\/p>\n<p><span style=\"font-size: 12pt;font-family: tahoma, arial, helvetica, sans-serif\"><strong><a href=\"https:\/\/orcid.org\/0000-0002-6849-7039\">0000-0002-6849-7039<\/a><\/strong><\/span><\/td>\n<\/tr>\n<\/tbody>\n<\/table>\n<p>[\/vc_column_text][\/vc_column][\/vc_row][vc_row][vc_column]\r\n\t\t\t\t<div class='container'>\r\n\t\t\t\t\t<div class='list-links list-links_blue'>\r\n\t\t\t\t\t\t  \r\n\t\t\t\t\t\t  <ul>\r\n\t\t\t\t\t\t\t\t<li><a href=''><p>Materia\u0142y dodatkowe<\/p><\/a><\/li><\/ul>\r\n\t\t\t\t\t<\/div>\r\n\t\t\t\t<\/div>   \r\n\t\t\t\t\t[\/vc_column][\/vc_row][vc_row][vc_column css=&#8221;.vc_custom_1597523042561{margin-bottom: -50px !important;}&#8221;]\r\n\t\t\t\t\t<div class='container'>\r\n\t\t\t\t\t\t<div class='sidebar_moduls sidebar_dropdown zakladki' style='background-color: #FFFFFF'>\r\n\t\t\t\t\t\t\t<h3 class='page-title'><\/h3>\r\n\t\t\t\t\t\t\t<p class='zakladki__desc'><\/p>\r\n\r\n\t\t\t\t\t\t\t<div class='bookmarks'>\r\n\t\t\t\t\t<div class=\"bookmark\">\r\n\t\t\t\t\t\t<div class=\"bookmark__title\">\r\n                            <h3>\r\n                                <span class=\"short\">Przebieg kariery naukowej<\/span>\r\n                                <span class=\"long\">Przebieg kariery naukowej<\/span>\r\n                            <\/h3>\r\n\t\t\t\t\t\t<\/div>\r\n\t\t\t\t\t\t\r\n\t\t\t\t\t\t<div class=\"bookmark__content-wrap\">\r\n\t\t\t\t\t\t\t<div class=\"bookmark__content\">\r\n\r\n\t\t\t\t\t\t\t\t\r\n\r\n\t\t\t\t\t\t\t\t<div class=\"bookmark_text\" style=\"font-size:20px;\">\r\n\t\t\t\t\t\t\t\t<li>Studia magisterskie na Wydziale Pedagogicznym WSP w Kielcach w zakresie nauczania pocz\u0105tkowego, dyplom uzyskany w 1990 roku.\n<li>Doktorat: Uniwersytet \u0141\u00f3dzki, Wydzia\u0142 Nauk o Wychowaniu 1996 rok.\n<li>Studia Podyplomowe z arteterapii organizowane w roku 1999\/2000 przez Katedr\u0119 Psychiatrii AM w \u0141odzi i Polski Komitet INSEA.\n<li>Cz\u0142onkostwo w Zespole Edukacji Elementarnej dzia\u0142aj\u0105cym przy KNP PAN w latach 1996-2020, w ostatnich latach sekretarz Zespo\u0142u.\n\n\r\n\t\t\t\t\t\t\t\t<br>\r\n\t\t\t\t\t\t\t\t\r\n\t\t\t\t\t\t\t\t<\/div>\r\n\t\t\t\t\t\t\t<\/div>\r\n\t\t\t\t\t\t<\/div>\r\n\t\t\t\t\t<\/div>\r\n\t\t\t\t\t<div class=\"bookmark\">\r\n\t\t\t\t\t\t<div class=\"bookmark__title\">\r\n                            <h3>\r\n                                <span class=\"short\">Zainteresowania badawcze<\/span>\r\n                                <span class=\"long\">Zainteresowania badawcze<\/span>\r\n                            <\/h3>\r\n\t\t\t\t\t\t<\/div>\r\n\t\t\t\t\t\t\r\n\t\t\t\t\t\t<div class=\"bookmark__content-wrap\">\r\n\t\t\t\t\t\t\t<div class=\"bookmark__content\">\r\n\r\n\t\t\t\t\t\t\t\t\r\n\r\n\t\t\t\t\t\t\t\t<div class=\"bookmark_text\" style=\"font-size:20px;\">\r\n\t\t\t\t\t\t\t\t<li>Pedagogika wczesnoszkolna i przedszkolna: teoria programu szkolnego, analiza program\u00f3w nauczania i wychowania, metodyka edukacji wczesnoszkolnej i przedszkolnej, praca z dzieckiem zdolnym, reformowanie edukacji wczesnoszkolnej, analiza tw\u00f3rczo\u015bci Ryszarda Wi\u0119ckowskiego.\n<li>Pedeutologia: kompetencje nauczycieli klas pocz\u0105tkowych, kszta\u0142cenie nauczycieli w zakresie pedagogiki wczesnoszkolnej, dokszta\u0142canie i doskonalenie nauczycieli, kreatywno\u015b\u0107 student\u00f3w pedagogiki.\n<li>Diagnoza i terapia pedagogiczna: diagnoza gotowo\u015bci szkolnej dzieci, diagnozowanie dzieci ze specjalnymi potrzebami edukacyjnymi oraz praca terapeutyczna z tymi dzie\u0107mi, arteterapia.\n\n\n\n\n\r\n\t\t\t\t\t\t\t\t<br>\r\n\t\t\t\t\t\t\t\t\r\n\t\t\t\t\t\t\t\t<\/div>\r\n\t\t\t\t\t\t\t<\/div>\r\n\t\t\t\t\t\t<\/div>\r\n\t\t\t\t\t<\/div>\r\n\t\t\t\t\t<div class=\"bookmark\">\r\n\t\t\t\t\t\t<div class=\"bookmark__title\">\r\n                            <h3>\r\n                                <span class=\"short\">Najwa\u017cniejsze osi\u0105gni\u0119cia naukowe, wyr\u00f3\u017cnienia i nagrody<\/span>\r\n                                <span class=\"long\">Najwa\u017cniejsze osi\u0105gni\u0119cia naukowe, wyr\u00f3\u017cnienia i nagrody<\/span>\r\n                            <\/h3>\r\n\t\t\t\t\t\t<\/div>\r\n\t\t\t\t\t\t\r\n\t\t\t\t\t\t<div class=\"bookmark__content-wrap\">\r\n\t\t\t\t\t\t\t<div class=\"bookmark__content\">\r\n\r\n\t\t\t\t\t\t\t\t\r\n\r\n\t\t\t\t\t\t\t\t<div class=\"bookmark_text\" style=\"font-size:20px;\">\r\n\t\t\t\t\t\t\t\t<li>Autorstwo 214 publikacji  z zakresu pedagogiki wczesnoszkolnej i przedszkolnej, pedeutologii  oraz diagnozy i terapii pedagogicznej, m.in. monografii: Koncepcje kszta\u0142cenia dzieci i ich nauczycieli w tw\u00f3rczo\u015bci Ryszarda Wi\u0119ckowskiego, Naukowe Wydawnictwo Piotrkowskie, Piotrk\u00f3w Trybunalski 2013 oraz Przygotowanie do zawodu nauczyciela edukacji wczesnoszkolnej w Polsce, Naukowe Wydawnictwo Piotrkowskie, Piotrk\u00f3w Trybunalski 2015.\n<li>Opracowanie dla WSiP publikacji: Diagnoza gotowo\u015bci dziecka do podj\u0119cia nauki szkolnej, Przewodnik metodyczny, E. Marek, K. Nadrowska, WSiP, Warszawa 2010; Diagnoza gotowo\u015bci dziecka do podj\u0119cia nauki szkolnej, Karty pracy, E. Marek, K. Nadrowska, WSiP, Warszawa 2010.\n<li>Redakcja publikacji: Kszta\u0142cenie zintegrowane z terapi\u0105 pedagogiczn\u0105. Za\u0142o\u017cenia programowe Studi\u00f3w Podyplomowych, pod red. E. Marek i R. Wi\u0119ckowskiego, Akade\u00acmia \u015awi\u0119tokrzyska. Piotrk\u00f3w Trybunalski 2000; Edukacja wczesnoszkolna wobec reformy systemu o\u015bwiaty, pod red. E. Marek i R. Wi\u0119ckowskiego, Naukowe Wydawnictwo Piotrkowskie, Piotrk\u00f3w Trybunalski 2000; Kszta\u0142cenie zintegrowane z terapi\u0105 pedagogiczn\u0105 w teorii i praktyce, pod red. El\u017cbiety Marek i Ryszarda Wi\u0119ckowskiego, Naukowe Wydawnictwo Piotrkowskie, Piotrk\u00f3w Trybunalski 2001; Diagnoza i terapia psychopedagogiczna w edukacji dziecka, pod red. El\u017cbiety Marek i Joanny \u0141uczak, Naukowe Wydawnictwo Piotrkowskie, Piotrk\u00f3w Trybunalski 2010.\n<li>W latach 2013-2020 wsp\u00f3\u0142praca z WODN w Piotrkowie Trybunalskim \u2013 prowadzenie kurs\u00f3w, szkole\u0144, warsztat\u00f3w, seminari\u00f3w, konferencji dla nauczycieli.\n<li>Aktywne uczestnictwo w 172 konferencja naukowych.\n<br>\n<br>\nWyr\u00f3\u017cnienia i nagrody:\n<li>18 czerwca 1999 roku przyznanie przez Prezydenta RP Br\u0105zowego Krzy\u017ca Zas\u0142ugi.\n<li>29 wrze\u015bnia 2008 roku odznaczenie przez Prezydenta RP Lecha Kaczy\u0144skiego Medalem Srebrnym za D\u0142ugoletni\u0105 S\u0142u\u017cb\u0119. \n<li>8 wrze\u015bnia 2001 roku otrzymanie Medalu Komisji Edukacji Narodowej MEN za szczeg\u00f3lne zas\u0142ugi dla o\u015bwiaty i wychowania.\n\r\n\t\t\t\t\t\t\t\t<br>\r\n\t\t\t\t\t\t\t\t\r\n\t\t\t\t\t\t\t\t<\/div>\r\n\t\t\t\t\t\t\t<\/div>\r\n\t\t\t\t\t\t<\/div>\r\n\t\t\t\t\t<\/div>\r\n\t\t\t\t\t<div class=\"bookmark\">\r\n\t\t\t\t\t\t<div class=\"bookmark__title\">\r\n                            <h3>\r\n                                <span class=\"short\">Sta\u017ce naukowe\/Wizyty studyjne<\/span>\r\n                                <span class=\"long\">Sta\u017ce naukowe\/Wizyty studyjne<\/span>\r\n                            <\/h3>\r\n\t\t\t\t\t\t<\/div>\r\n\t\t\t\t\t\t\r\n\t\t\t\t\t\t<div class=\"bookmark__content-wrap\">\r\n\t\t\t\t\t\t\t<div class=\"bookmark__content\">\r\n\r\n\t\t\t\t\t\t\t\t\r\n\r\n\t\t\t\t\t\t\t\t<div class=\"bookmark_text\" style=\"font-size:20px;\">\r\n\t\t\t\t\t\t\t\t\r\n\t\t\t\t\t\t\t\t<br>\r\n\t\t\t\t\t\t\t\t\r\n\t\t\t\t\t\t\t\t<\/div>\r\n\t\t\t\t\t\t\t<\/div>\r\n\t\t\t\t\t\t<\/div>\r\n\t\t\t\t\t<\/div>\r\n\t\t\t\t\t<div class=\"bookmark\">\r\n\t\t\t\t\t\t<div class=\"bookmark__title\">\r\n                            <h3>\r\n                                <span class=\"short\">Cz\u0142onkostwo w radach naukowych i radach redakcyjnych <\/span>\r\n                                <span class=\"long\">Cz\u0142onkostwo w radach naukowych i radach redakcyjnych <\/span>\r\n                            <\/h3>\r\n\t\t\t\t\t\t<\/div>\r\n\t\t\t\t\t\t\r\n\t\t\t\t\t\t<div class=\"bookmark__content-wrap\">\r\n\t\t\t\t\t\t\t<div class=\"bookmark__content\">\r\n\r\n\t\t\t\t\t\t\t\t\r\n\r\n\t\t\t\t\t\t\t\t<div class=\"bookmark_text\" style=\"font-size:20px;\">\r\n\t\t\t\t\t\t\t\t<li>W latach 2002-2012 redaktor naczelny czasopisma metodycznego dla nauczycieli klas pocz\u0105tkowych \u201e\u017bycie Szko\u0142y\u201d.  Zredagowanie ponad 100 numer\u00f3w czasopisma.\n<li>Recenzent artyku\u0142\u00f3w naukowych w czasopi\u015bmie \u201eProblemy Opieku\u0144czo-Wychowawcze\u201d.\n<li>Recenzent artyku\u0142\u00f3w naukowych w czasopi\u015bmie \u201eForum Pedagogiczne\u201d.\n\r\n\t\t\t\t\t\t\t\t<br>\r\n\t\t\t\t\t\t\t\t\r\n\t\t\t\t\t\t\t\t<\/div>\r\n\t\t\t\t\t\t\t<\/div>\r\n\t\t\t\t\t\t<\/div>\r\n\t\t\t\t\t<\/div><\/div>\r\n\t\t\t\t\t\t<\/div>\r\n\t\t\t\t\t <\/div>[\/vc_column][\/vc_row]<\/p>","protected":false},"excerpt":{"rendered":"<p>[vc_row][vc_column width=&#8221;1\/4&#8243;][vc_single_image image=&#8221;993&#8243; img_size=&#8221;medium&#8221; style=&#8221;vc_box_shadow_3d&#8221;][\/vc_column][vc_column width=&#8221;3\/4&#8243; css=&#8221;.vc_custom_1597521185463{border-bottom-width: -30px !important;}&#8221;][vc_column_text] Stanowisko: Grupa: Specjalno\u015b\u0107: Pok\u00f3j: Telefon: e-mail: Adiunkt Pracownicy badawczo-dydaktyczni Pedagogika &nbsp; brak \u00a0elzbieta.marek@us.edu.pl 0000-0002-6849-7039 [\/vc_column_text][\/vc_column][\/vc_row][vc_row][vc_column][\/vc_column][\/vc_row][vc_row][vc_column css=&#8221;.vc_custom_1597523042561{margin-bottom: -50px !important;}&#8221;][\/vc_column][\/vc_row] [&#8230;]<\/p>\n<p><a class=\"btn btn-secondary understrap-read-more-link\" href=\"https:\/\/us.edu.pl\/instytut\/ipe\/dr-elzbieta-marek\/\">Read More&#8230;<\/a><\/p>\n","protected":false},"author":2293,"featured_media":0,"parent":0,"menu_order":0,"comment_status":"closed","ping_status":"closed","template":"page-templates\/page-with-bookmarks.php","meta":{"_expiration-date-status":"saved","_expiration-date":0,"_expiration-date-type":"","_expiration-date-categories":[],"_expiration-date-options":[]},"acf":[],"_links":{"self":[{"href":"https:\/\/us.edu.pl\/instytut\/ipe\/wp-json\/wp\/v2\/pages\/992"}],"collection":[{"href":"https:\/\/us.edu.pl\/instytut\/ipe\/wp-json\/wp\/v2\/pages"}],"about":[{"href":"https:\/\/us.edu.pl\/instytut\/ipe\/wp-json\/wp\/v2\/types\/page"}],"author":[{"embeddable":true,"href":"https:\/\/us.edu.pl\/instytut\/ipe\/wp-json\/wp\/v2\/users\/2293"}],"replies":[{"embeddable":true,"href":"https:\/\/us.edu.pl\/instytut\/ipe\/wp-json\/wp\/v2\/comments?post=992"}],"version-history":[{"count":2,"href":"https:\/\/us.edu.pl\/instytut\/ipe\/wp-json\/wp\/v2\/pages\/992\/revisions"}],"predecessor-version":[{"id":995,"href":"https:\/\/us.edu.pl\/instytut\/ipe\/wp-json\/wp\/v2\/pages\/992\/revisions\/995"}],"wp:attachment":[{"href":"https:\/\/us.edu.pl\/instytut\/ipe\/wp-json\/wp\/v2\/media?parent=992"}],"curies":[{"name":"wp","href":"https:\/\/api.w.org\/{rel}","templated":true}]}}