{"id":111,"date":"2023-10-02T14:40:17","date_gmt":"2023-10-02T12:40:17","guid":{"rendered":"https:\/\/us.edu.pl\/instytut\/ipo\/?page_id=111"},"modified":"2024-04-08T13:33:17","modified_gmt":"2024-04-08T11:33:17","slug":"maria-barlowska","status":"publish","type":"page","link":"https:\/\/us.edu.pl\/instytut\/ipo\/pracownicy\/maria-barlowska\/","title":{"rendered":"Maria Bar\u0142owska"},"content":{"rendered":"<p>[vc_row][vc_column]\r\n                <div class=\"text-modules\">\r\n                    <div class=\"container\">\r\n                        \r\n                        <div class=\"text-modules__content\"><\/p>\n<h3><span style=\"color: #002e5a;\">Maria Bar\u0142owska<\/span><\/h3>\n<hr \/>\n<p>\n<\/div>\r\n                    <\/div>\r\n                <\/div>[\/vc_column][\/vc_row][vc_row el_class=&#8221;container&#8221;][vc_column width=&#8221;2\/3&#8243;][vc_tta_tabs active_section=&#8221;1&#8243;][vc_tta_section title=&#8221;POLISH&#8221; tab_id=&#8221;1696245225773-eae4e9a1-2c7a&#8221;]\r\n                <div class=\"text-modules\">\r\n                    <div class=\"container\">\r\n                        \r\n                        <div class=\"text-modules__content\"><p><strong>prof. dr hab. Maria Zofia Bar\u0142owska<\/strong><\/p>\n<p><a href=\"mailto:maria.barlowska@us.edu.pl\">maria.barlowska@us.edu.pl<\/a><\/p>\n<p><a href=\"https:\/\/orcid.org\/0000-0002-0840-5091\">https:\/\/orcid.org\/0000-0002-0840-5091<\/a><\/p>\n<p><a href=\"https:\/\/scholar.google.pl\/citations?hl=pl&amp;user=M2NKaOQAAAAJ\">https:\/\/scholar.google.pl\/citations?hl=pl&amp;user=M2NKaOQAAAAJ<\/a><\/p>\n<p><a href=\"https:\/\/silesian.academia.edu\/MariaBar%C5%82owska\">https:\/\/silesian.academia.edu\/MariaBar%C5%82owska<\/a><\/p>\n<p><a href=\"https:\/\/www.researchgate.net\/profile\/Maria_Barlowska\">https:\/\/www.researchgate.net\/profile\/Maria_Barlowska<\/a><\/p>\n<p>Moje zainteresowania naukowe obejmuj\u0105 literatur\u0119 dawn\u0105, retoryk\u0119 i edytorstwo. Szczeg\u00f3lnie interesuj\u0105 mnie prace \u017ar\u00f3d\u0142owe, faktograficzne, wymagaj\u0105ce warsztatu filologicznego i retoryczna analiza tekstu. Od lat pracuj\u0119 nad staropolskimi r\u0119kopisami, wydobywaj\u0105c z nich nieznane utwory poetyckie (zob. ksi\u0105\u017cki poz. 1, 2)\u00a0 i odtwarzaj\u0105c dzieje polskiego oratorstwa (zob. ksi\u0105\u017cki poz. 3,4,7). Jestem cz\u0142onkiem redakcji czasopism naukowych: \u201e\u015al\u0105skie Studia Polonistyczne\u201d oraz \u201eMeluzyna. Dawna Literatura i Kultura\u201d. Nale\u017c\u0119 do zespo\u0142u Interdyscyplinarnego Centrum Retoryki Stosowanej przy Instytucie Bada\u0144 Literackich PAN. Uczestnicz\u0119 w pracach Komitetu Okr\u0119gowego Olimpiady Literatury i J\u0119zyka Polskiego w Katowicach, a wiedz\u0119 o dawnej kulturze popularyzuj\u0119 np. przez publikacje w Silva Rerum. Portalu Wiedzy Muzeum Pa\u0142acu Kr\u00f3la Jana III w Wilanowie.<\/p>\n<p><strong>Magister filologii polskiej<\/strong>:<em>\u00a0Widzenie postaci Bohdana Chmielnickiego w pami\u0119tnikarstwie staropolskim lat 1648-1657<\/em>,\u00a0 06.1991, Uniwersytet \u015al\u0105ski, Wydzia\u0142 Filologiczny.<\/p>\n<p><em><strong>Doktor nauk humanistycznych<\/strong><\/em><strong><em>:\u00a0<\/em><\/strong><em>Jerzy Ossoli\u0144ski \u2013 posta\u0107 literatury polskiej. Orator i bohater legendy,\u00a0\u00a0<\/em>16.06.1998, Uniwersytet \u015al\u0105ski, Wydzia\u0142 Filologiczny, promotor: prof. dr hab. Renarda Ocieczek. (zob. ksi\u0105\u017cki poz. 7)<\/p>\n<p><strong>Doktor habilitowany nauk humanistycznych w dziedzinie literaturoznawstwa<\/strong>:\u00a0<em>Swada i milczenie. Zbiory oratorskie XVII-XVIII w.- prolegomena filologiczne,\u00a0<\/em>07.06.2011, Uniwersytet \u015al\u0105ski, Wydzia\u0142 Filologiczny (zob. ksi\u0105\u017cki poz. 3)<\/p>\n<p><strong>Najwa\u017cniejsze publikacje (od najnowszych):<\/strong><\/p>\n<p><strong>a\/ ksi\u0105\u017cki autorskie<\/strong><\/p>\n<ol>\n<li><em>Okruchy. Studia o wierszach odnalezionych w r\u0119kopisach XVII wieku<\/em>. Katowice 2022, Wydawnictwo Uniwersytetu \u015al\u0105skiego, Katowice 2022, ISBN 978-83-226-4223-8..<\/li>\n<li><em>\u201eNasz Kochanowski\u201d. Studia z\u00a0recepcji poety w\u00a0wieku XVII<\/em>. Wydawnictwo Uniwersytetu \u015al\u0105skiego. Katowice\u00a02014, ISBN 978-83-226-2280-3.<\/li>\n<li><em>Swada i\u00a0milczenie. Zbiory oratorskie XVII-XVIII wieku \u2013 prolegomena filologiczne<\/em>. Wydawnictwo Uniwersytetu \u015al\u0105skiego. Katowice\u00a02010, ISBN 978-83-226-1945-2<\/li>\n<li><em>Ossoli\u0144ski, Moskorzowski, Sarbiewski \u2013 mowy pogrzebowe. Teksty w\u00a0dialogu<\/em>. Wydawnictwo Uniwersytetu \u015al\u0105skiego. Katowice 2008, ISBN 978-83-226-1739-7<\/li>\n<li><em>Jakub Sobieski pami\u0119ci wielkiego kawalera, Bart\u0142omieja Nowodworskiego wraz z\u00a0tekstem mowy J. Sobieskiego \u201eRzecz na\u00a0pogrzebie wielkiego kawalera\u201d.<\/em>\u00a0Wydawnictwo Uniwersytetu<br \/>\nSzczeci\u0144skiego. Szczecin 2006, ISBN 83-7241-502-1.<\/li>\n<li><em>\u201eNa swady sarmackiej placu\u201d. O\u00a0kulturze oratorskiej wieku XVII<\/em>. Wydawnictwo Schumacher. Kielce 2001, [popul.], ISBN 83-86168-41-2.<\/li>\n<li><em>Jerzy Ossoli\u0144ski. Orator polskiego baroku<\/em>. Wydawnictwo Uniwersytetu \u015al\u0105skiego. Katowice 2000, ISBN 83-226-0930-2.<\/li>\n<\/ol>\n<p><strong>b\/ edycje krytyczne<\/strong><\/p>\n<ol>\n<li>Jakub Sobieski:\u00a0<em>Mowy pogrzebowe.\u00a0<\/em>Wyd. M. Bar\u0142owska i M. Ciszewska, Wydawnictwo Instytutu Bada\u0144 Literackich PAN, Warszawa 2019, ss. 623, Biblioteka Pisarzy Staropolskich t.45, ISBN 978-83-66076-77-8.<\/li>\n<li>Mateusz Bambus:\u00a0<em>Wizerunk szlachcica prawdziwego w\u00a0kazaniu na\u00a0pogrzebie Andrzeja Boboli<\/em>. Oprac. M. Bar\u0142owska. Wydawnictwo Naukowe Sub Lupa, Warszawa 2016, ss. 10, Biblioteka Dawnej Literatury Popularnej i\u00a0Okoliczno\u015bciowej t. XXVII], ISBN 978-83-64003-64-6<\/li>\n<\/ol>\n<p><strong>c\/ artyku\u0142y i rozprawy (wyb\u00f3r)<\/strong><\/p>\n<ol>\n<li>Maria Bar\u0142owska, Ma\u0142gorzata Ciszewska:\u00a0<em>Dlaczego nie Pisarski \u2013 miejsce \u201eM\u00f3wcy polskiego\u201d w tradycji pogrzebowych tekst\u00f3w oratorskich Jakuba Sobieskiego<\/em>, \u201ePami\u0119tnik Literacki\u201d 2022 (113) nr 2, s. 225-238.<\/li>\n<li><em>Problem tytu\u0142u w wydawaniu m\u00f3w (\u015bwieckie oratorstwo XVI\u2013po\u0142. XVIII wieku)<\/em>, \u201eSztuka Edycji. Studia Tekstologiczne i Edytorskie\u201d 2021 nr 1, s. 9-18 .<\/li>\n<li><em>Mi\u0119dzy argumentem tradycji a retoryk\u0105 sformu\u0142owan\u0105 w oratorstwie (na przyk\u0142adzie polskich \u015bwieckich m\u00f3w od XVII do polowy XVIII wieku)<\/em>, \u201ePrace Polonistyczne\u201d 2021, s. 257-273.<\/li>\n<li><em>Mowy \u201eprzy oddawaniu\u201d, czyli o mo\u017cliwych powinowactwach retorycznych gatunk\u00f3w.<\/em>\u00a0\u201e\u015al\u0105skie Studia Polonistyczne\u201d 2020 nr 2, s 1-20.<\/li>\n<li>\u201e<em>Zbrodnia nies\u0142ychana\u201d \u2013 o jednym li\u015bcie Jakuba Sobieskiego<\/em>, [w:]\u00a0<em>Epistolografia w dawnej Rzeczypospolitej<\/em>. T. 8,\u00a0<em>Literatura, historia, j\u0119zyk<\/em>, red. P.\u00a0<a href=\"https:\/\/opus.us.edu.pl\/info\/book\/USL825128a299cc453eb9cc68b47772d467\/Publikacja%2B%25E2%2580%2593%2BEpistolografia%2Bw%2Bdawnej%2BRzeczypospolitej.%2BT.%2B8%252C%2BLiteratura%252C%2Bhistoria%252C%2Bj%25C4%2599zyk%2B%25E2%2580%2593%2BUniwersytet%2B%25C5%259Al%25C4%2585ski+title?ps=20&amp;lang=pl&amp;pn=1\">Borek,\u00a0M. Pi\u0105tek,\u00a0M. Olma, Krak\u00f3w 2019, Collegium Columbinum<\/a>.<\/li>\n<li>M. Bar\u0142owska, M. Ciszewska:\u00a0<em>Oratorstwo ceremonialne za Waz\u00f3w. Elekcje i koronacje.\u00a0<\/em>[w:]\u00a0<em>Wazowie a literatura<\/em>. Red. R. Krzywy, P. Tyszka, Warszawa 2021, Zamek Kr\u00f3lewski w Warszawie \u2013 Muzeum,\u00a0s. 49-92.<\/li>\n<li><em>\u201eMarcinowa powie\u015b\u0107\u201d \u2013 g\u0142os oddany<\/em>. [w:]:\u00a0<em>Dobrym towarzyszom gwoli. Studia o \u201eForiceniach\u201d i \u201eFraszkach\u201d Jana Kochanowskiego<\/em>, red. R. Krzywy i R. Rusnak, Wydzia\u0142 Polonistyki Uniwersytetu Warszawskiego. Warszawa 2014, s 209-223.<\/li>\n<li><em>Czego w oratorstwie XVII w. nie wida\u0107 z perspektywy \u201eM\u00f3wcy polskiego\u201d Jana Pisarskiego?<\/em>\u00a0\u201eForum Artis Rhetoricae\u201d 2013 nr 4, s. 9-20.<\/li>\n<li><em>Poeta o poetach \u2013 anonimowy cykl poetycki z pocz\u0105tku XVII wieku.<\/em>\u00a0\u201eBarok\u201d 2010, nr 2, s. 163-174.<\/li>\n<li><em>Wilno jako Rzym, czyli nieznany list Stanis\u0142awa Rakowskiego do Andrzeja Trzebickiego.<\/em>\u00a0\u201eTerminus\u201d 2009 z. 1-2, s. 321-335.<\/li>\n<li><em>Wzorce rodzime w oratorstwie XVII wieku \u2013 poszukiwania.<\/em>\u00a0W:\u00a0<em>\u201eWszystko tu najdzie, co wy macie w g\u0142owie.\u201d \u015awiat prozy staropolskiej<\/em>. Red. E. Lasoci\u0144ska, A. Czechowicz. \u201eStudia Staropolskie. Series Nova\u201d Warszawa 2008, s. 196-213.<\/li>\n<li>Czy<em>\u00a0Hieronim Moskorzowski by\u0142 poet\u0105?<\/em>\u00a0\u201eOdrodzenie i Reformacja w Polsce\u201d t. LII, 2008, s. 85-116.<\/li>\n<li><em>W\u015br\u00f3d oracji komicznych XVII w.<\/em>\u00a0\u201eNapis\u201d seria XIV 2008:\u00a0<em>Krzywe zwierciad\u0142o na go\u015bci\u0144cu. Literacka satyra, karykatura, groteska<\/em>, s. 91-111.<\/li>\n<li><em>Jakub Sobieski czy Jakub Szczawi\u0144ski autorem mowy na pogrzebie Andrzeja Boboli?<\/em>\u00a0\u201ePami\u0119tnik Literacki\u201d 2007 z.4, s. 155-165.<\/li>\n<li>W<em>\u00a0poszukiwaniu adresata. O przypadkach szczeg\u00f3lnych.<\/em>\u00a0W:\u00a0<em>Dedykacja w ksi\u0105\u017cce dawnej i wsp\u00f3\u0142czesnej.<\/em>\u00a0Red. R. Ocieczek przy wsp\u00f3\u0142. A. Sitkowej, Katowice 2006, s. 34-50.<\/li>\n<li><em>Ekscytarz Chodkiewicza w \u201eWojnie chocimskiej\u201d Wac\u0142awa Potockiego. Powinowactwa literackie i rzeczywiste.<\/em>\u00a0\u201eBarok\u201d 2001, nr 1, ss. 17<\/li>\n<\/ol>\n<p><strong>d\/ ksi\u0105\u017cki redagowane<\/strong><\/p>\n<ol>\n<li><em>Sarmackie\u00a0<\/em>theatrum<em>\u00a0VIII. W poszukiwaniu nowo\u015bci<\/em>, red. M. Bar\u0142owska, M. Wali\u0144ska, Katowice 2020.<\/li>\n<li><em>Sarmackie\u00a0<\/em>theatrum<em>\u00a0V. Mi\u0119dzy ksi\u0119gami.<\/em>\u00a0Red. M. Bar\u0142owska, M. Wali\u0144ska, Wydawnictwo U\u015a, Katowice 2012.<\/li>\n<li><em>\u0106wiczenia z retoryki.\u00a0<\/em>Red. M. Bar\u0142owska. A. Budzy\u0144ska-Daca, M. Za\u0142\u0119ska, Warszawa, PWN 2010.<\/li>\n<li><em>Retoryka<\/em>. Red. M. Bar\u0142owska, A. Budzy\u0144ska \u2013Daca, P. Wilczek. Warszawa, PWN 2008.<\/li>\n<\/ol>\n<p><strong>Udzia\u0142 w grantach i projektach badawczych:<\/strong><\/p>\n<ul>\n<li>Kierownik grantu indywidualnego Komitetu Bada\u0144 Naukowych (zob. ksi\u0105\u017cki poz. 3):\u00a0<em>Staropolskie oratorstwo w r\u0119kopisach XVII-po\u0142. XVIII w.<\/em>\u00a0latach 2005-2008, grant 1 H01C 040 28<\/li>\n<li>Udzia\u0142 w grancie (zob. edycje poz. 1): IBL PAN , kierownik: prof. dr hab. Tomasza Chachulski \u201e&lt;&lt;Biblioteka Pisarzy Staropolskich&gt;&gt; i &lt;&lt;Biblioteka Pisarzy Polskiego O\u015bwiecenia&gt;&gt; \u2013 kontynuacja serii wydawniczej i poszukiwanie nowych modeli edycji naukowej\u201d grant 11H 12 011481<\/li>\n<li>Udzia\u0142 w grancie (zob. edycje poz. 2): UW, kierownik: dr hab.: Roman Krzywy: \u201e&lt;&lt;Biblioteka Dawnej Literatury Popularnej i Okoliczno\u015bciowej&gt;&gt; \u2013 kontynuacja serii wydawniczej\u201d grant 11 H 120 17181<\/li>\n<li>Opiekun naukowy mgr Moniki Szafra\u0144skiej, NCN Preludium 19:\u00a0<em>Raptus puellae \u2013 mi\u0119dzy \u017cyciem a literatur\u0105. Nieznany wiersz z sylwy Aleksandra Minora, cze\u015bnika che\u0142mskiego, jako nowe \u017ar\u00f3d\u0142o do literackiej tradycji raptu<\/em>\u00a0grant 2020\/37\/N\/HS2\/03660.<\/li>\n<\/ul>\n<p>\n<\/div>\r\n                    <\/div>\r\n                <\/div>[\/vc_tta_section][vc_tta_section title=&#8221;ENGLISH&#8221; tab_id=&#8221;1696245225781-ca7f0b2b-8074&#8243;]\r\n                <div class=\"text-modules\">\r\n                    <div class=\"container\">\r\n                        \r\n                        <div class=\"text-modules__content\"><p><strong>Prof. Maria Zofia Bar\u0142owska, PhD, D<\/strong><strong>Litt<\/strong><\/p>\n<p><strong>Professor in the Institute of Polish Studies<\/strong><\/p>\n<p><strong>Faculty of Humanities<\/strong><\/p>\n<p><a href=\"mailto:maria.barlowska@us.edu.pl\">maria.barlowska@us.edu.pl<\/a><\/p>\n<p>&nbsp;<\/p>\n<p><a href=\"https:\/\/orcid.org\/0000-0002-0840-5091\">https:\/\/orcid.org\/0000-0002-0840-5091<\/a><\/p>\n<p><a href=\"https:\/\/scholar.google.pl\/citations?hl=pl&amp;user=M2NKaOQAAAAJ\">https:\/\/scholar.google.pl\/citations?hl=pl&amp;user=M2NKaOQAAAAJ<\/a><\/p>\n<p><a href=\"https:\/\/www.researchgate.net\/profile\/Maria_Barlowska\">https:\/\/www.researchgate.net\/profile\/Maria_Barlowska<\/a><\/p>\n<p><a href=\"https:\/\/silesian.academia.edu\/MariaBar%25C5%2582owska\">https:\/\/silesian.academia.edu\/MariaBar%C5%82owska<\/a><\/p>\n<p>&nbsp;<\/p>\n<p><strong>Research interests:<\/strong><\/p>\n<p>Old Polish literature, rhetoric, editing, oratory, manuscripts<\/p>\n<p><strong>Publications:<\/strong><\/p>\n<ol>\n<li>Bar\u0142owska:\u00a0<em>Ossoli<\/em><em>\u0144ski, Moskorzowski, Sarbiewski \u2013 mowy pogrzebowe. Teksty w\u00a0<\/em><em>dialogu<\/em>\u00a0[Ossoli\u0144ski, Moskorzowski, Sarbiewski \u2013 funeral orations. Texts in dialogue]. Wydawnictwo Uniwersytetu \u015al\u0105skiego. Katowice 2008, 180 pages, ISBN 978-83-226-1739-7<\/li>\n<li>Bar\u0142owska:\u00a0<em>Swada i\u00a0milczenie. Zbiory oratorskie XVII-XVIII wieku \u2013 prolegomena filologiczne\u00a0<\/em>[Eloquence and silence. Oratory collections of the 17th and 18th centuries \u2014 philological prolegomena]. Wydawnictwo Uniwersytetu \u015al\u0105skiego. Katowice\u00a02010, 350 pages, ISBN 978-83-226-1945-2<\/li>\n<li>Bar\u0142owska:\u00a0<em>\u201eNasz Kochanowski\u201d. Studia z\u00a0recepcji poety w\u00a0wieku XVII\u00a0<\/em>[\u201cOur Kochanowski.\u201d A study of the poet\u2019s reception in the 17th century]. Wydawnictwo Uniwersytetu \u015al\u0105skiego. Katowice\u00a02014, 150 pages, ISBN 978-83-226-2280-3.<\/li>\n<li>Bar\u0142owska:\u00a0<em>\u201e<\/em><em>Pie<\/em><em>\u015b<\/em><em>ni mi<\/em><em>\u0119sopustne\u201d Jana Stoi\u0144skiego \u2013 powr<\/em><em>\u00f3<\/em><em>t\u00a0<\/em>[Jan Stoi\u0144ski\u2019s \u201cCarnival songs\u201d \u2014 a return]<em>.\u00a0<\/em>\u201eOdrodzenie i\u00a0Reformacja w\u00a0Polsce\u201d 2016, t. LX, pp. 11-28.<\/li>\n<li>Bar\u0142owska:\u00a0<em>Mowy \u201eprzy oddawniu\u201d, czyli o mo\u017cliwych powinowactwach retorycznych gatunk<\/em><em>\u00f3<\/em><em>w<\/em>\u00a0[\u201cGiving\u201d speeches, or about possible relations between rhetorical genres]<em>.<\/em>\u00a0\u201e\u015al\u0105skie Studia Polonistyczne\u201d SSP.2020.16.06 pp. 1\u201320.\u00a0<a href=\"https:\/\/doi.org\/10.31261\/SSP.2020.16.07\">https:\/\/doi.org\/10.31261\/SSP.2020.16.07<\/a>\u00a02020 no. 2 (15), ISNN: 2353-0928 (Online)<\/li>\n<\/ol>\n<p><strong>Research grants:<\/strong><\/p>\n<ol>\n<li>Individual KBN grant:\u00a0<em>Staropolskie oratorstwo w r\u0119kopisach XVII-po\u0142. XVIII w\u00a0<\/em>[Old Polish oratory in manuscripts in the 17th and 18th centuries]<em>,<\/em>\u00a02005-2008, grant 1 H01C 040 28.<\/li>\n<li>Grant participant (principal investigator \u2014 Professor Roman Krzywy (UW))\u201e&lt;&lt;Biblioteka Dawnej Literatury Popularnej i Okoliczno\u015bciowej&gt;&gt; \u2013 kontynuacja serii wydawniczej\u201d [\u201cThe library of old popular and commemorative literature\u201d \u2014 a continuation of the publishing series]. Grant 11 H 120 17181.<\/li>\n<li>Grant participant (principal investigator \u2014 Professor Tomasz Chachulski (IBL PAN)), \u201e&lt;&lt;Biblioteka Pisarzy Staropolskich&gt;&gt; i &lt;&lt;Biblioteka Pisarzy Polskiego O\u015bwiecenia&gt;&gt; \u2013 kontynuacja serii wydawniczej i poszukiwanie nowych modeli edycji naukowej\u201d [\u201cThe library of the writers of the Polish Enlightenment\u201d \u2014 a continuation of the publishing series and the search for new models of academic editing]. Grant 11H 12 011481.<\/li>\n<\/ol>\n<p><strong>Academic outreach and engagement:<\/strong><\/p>\n<ol>\n<li>Co-organizer (with Prof. Marzena Wali\u0144ska) of the Polish conference: \u201cMi\u0119dzy ksi\u0119gami. Badania literackie nad dawn\u0105 ksi\u0105\u017ck\u0105.\u201d Katowice, 13\u201315 October, 2010.<\/li>\n<li>Co-organizer (with Assoc. Prof. Marzena Wali\u0144ska) of the Polish Conference: \u201cW poszukiwaniu nowo\u015bci. Refleksje o literaturze dawnej (w czterechsetn\u0105 rocznic\u0119 opublikowania \u201eGofreda\u201d), Wis\u0142a, 22\u201324 October, 2018.<\/li>\n<li>Member of the editorial board of the journal \u201cMeluzyna. Dawna Literatura i Kultura\u201d (IBL PAN)<\/li>\n<li>Member of the editorial board of the journal \u201c\u015al\u0105skie Studia Polonistyczne\u201d (U\u015a)<\/li>\n<\/ol>\n<p>\n<\/div>\r\n                    <\/div>\r\n                <\/div>[\/vc_tta_section][\/vc_tta_tabs][\/vc_column][vc_column width=&#8221;1\/3&#8243;]\r\n                <div class=\"text-modules\">\r\n                    <div class=\"container\">\r\n                        \r\n                        <div class=\"text-modules__content\"><\/p>\n<p>&nbsp;<\/p>\n<p><img class=\"alignnone wp-image-112 size-full\" src=\"http:\/\/us.edu.pl\/instytut\/ipo\/wp-content\/uploads\/sites\/74\/Pracownicy\/zdjecie.barlowska.jpg\" alt=\"Maria Bar\u0142owska\" width=\"100%\" height=\"auto\" srcset=\"https:\/\/us.edu.pl\/instytut\/ipo\/wp-content\/uploads\/sites\/74\/Pracownicy\/zdjecie.barlowska.jpg 1712w, https:\/\/us.edu.pl\/instytut\/ipo\/wp-content\/uploads\/sites\/74\/Pracownicy\/zdjecie.barlowska-224x300.jpg 224w, https:\/\/us.edu.pl\/instytut\/ipo\/wp-content\/uploads\/sites\/74\/Pracownicy\/zdjecie.barlowska-766x1024.jpg 766w, https:\/\/us.edu.pl\/instytut\/ipo\/wp-content\/uploads\/sites\/74\/Pracownicy\/zdjecie.barlowska-768x1026.jpg 768w, https:\/\/us.edu.pl\/instytut\/ipo\/wp-content\/uploads\/sites\/74\/Pracownicy\/zdjecie.barlowska-1149x1536.jpg 1149w, https:\/\/us.edu.pl\/instytut\/ipo\/wp-content\/uploads\/sites\/74\/Pracownicy\/zdjecie.barlowska-1532x2048.jpg 1532w, https:\/\/us.edu.pl\/instytut\/ipo\/wp-content\/uploads\/sites\/74\/Pracownicy\/zdjecie.barlowska-430x575.jpg 430w\" sizes=\"(max-width: 1712px) 100vw, 1712px\" \/><\/p>\n<\/div>\r\n                    <\/div>\r\n                <\/div>[\/vc_column][\/vc_row]<\/p>","protected":false},"excerpt":{"rendered":"<p>[vc_row][vc_column][\/vc_column][\/vc_row][vc_row el_class=&#8221;container&#8221;][vc_column width=&#8221;2\/3&#8243;][vc_tta_tabs active_section=&#8221;1&#8243;][vc_tta_section title=&#8221;POLISH&#8221; tab_id=&#8221;1696245225773-eae4e9a1-2c7a&#8221;][\/vc_tta_section][vc_tta_section title=&#8221;ENGLISH&#8221; tab_id=&#8221;1696245225781-ca7f0b2b-8074&#8243;][\/vc_tta_section][\/vc_tta_tabs][\/vc_column][vc_column width=&#8221;1\/3&#8243;][\/vc_column][\/vc_row] [&#8230;]<\/p>\n<p><a class=\"btn btn-secondary understrap-read-more-link\" href=\"https:\/\/us.edu.pl\/instytut\/ipo\/pracownicy\/maria-barlowska\/\">Read More&#8230;<\/a><\/p>\n","protected":false},"author":7254,"featured_media":0,"parent":84,"menu_order":0,"comment_status":"closed","ping_status":"closed","template":"","meta":{"_expiration-date-status":"","_expiration-date":0,"_expiration-date-type":"","_expiration-date-categories":[],"_expiration-date-options":[]},"acf":[],"_links":{"self":[{"href":"https:\/\/us.edu.pl\/instytut\/ipo\/wp-json\/wp\/v2\/pages\/111"}],"collection":[{"href":"https:\/\/us.edu.pl\/instytut\/ipo\/wp-json\/wp\/v2\/pages"}],"about":[{"href":"https:\/\/us.edu.pl\/instytut\/ipo\/wp-json\/wp\/v2\/types\/page"}],"author":[{"embeddable":true,"href":"https:\/\/us.edu.pl\/instytut\/ipo\/wp-json\/wp\/v2\/users\/7254"}],"replies":[{"embeddable":true,"href":"https:\/\/us.edu.pl\/instytut\/ipo\/wp-json\/wp\/v2\/comments?post=111"}],"version-history":[{"count":4,"href":"https:\/\/us.edu.pl\/instytut\/ipo\/wp-json\/wp\/v2\/pages\/111\/revisions"}],"predecessor-version":[{"id":546,"href":"https:\/\/us.edu.pl\/instytut\/ipo\/wp-json\/wp\/v2\/pages\/111\/revisions\/546"}],"up":[{"embeddable":true,"href":"https:\/\/us.edu.pl\/instytut\/ipo\/wp-json\/wp\/v2\/pages\/84"}],"wp:attachment":[{"href":"https:\/\/us.edu.pl\/instytut\/ipo\/wp-json\/wp\/v2\/media?parent=111"}],"curies":[{"name":"wp","href":"https:\/\/api.w.org\/{rel}","templated":true}]}}