{"id":122,"date":"2023-10-02T15:08:51","date_gmt":"2023-10-02T13:08:51","guid":{"rendered":"https:\/\/us.edu.pl\/instytut\/ipo\/?page_id=122"},"modified":"2024-03-14T13:09:39","modified_gmt":"2024-03-14T12:09:39","slug":"piotr-bogalecki","status":"publish","type":"page","link":"https:\/\/us.edu.pl\/instytut\/ipo\/pracownicy\/piotr-bogalecki\/","title":{"rendered":"Piotr Bogalecki"},"content":{"rendered":"<p>[vc_row][vc_column]\r\n                <div class=\"text-modules\">\r\n                    <div class=\"container\">\r\n                        \r\n                        <div class=\"text-modules__content\"><\/p>\n<h3><span style=\"color: #002e5a;\">Piotr Bogalecki<\/span><\/h3>\n<hr \/>\n<p>\n<\/div>\r\n                    <\/div>\r\n                <\/div>[\/vc_column][\/vc_row][vc_row el_class=&#8221;container&#8221;][vc_column width=&#8221;2\/3&#8243;][vc_tta_tabs active_section=&#8221;1&#8243;][vc_tta_section title=&#8221;POLISH&#8221; tab_id=&#8221;1696245225773-eae4e9a1-2c7a&#8221;]\r\n                <div class=\"text-modules\">\r\n                    <div class=\"container\">\r\n                        \r\n                        <div class=\"text-modules__content\"><p><strong>dr hab. Piotr Bogalecki, prof. U\u015a<\/strong><\/p>\n<p><a href=\"mailto:piotr.bogalecki@us.edu.pl\">piotr.bogalecki@us.edu.pl<\/a><\/p>\n<p>ORCID:\u00a0<a href=\"https:\/\/orcid.org\/0000-0002-6527-9765\">https:\/\/orcid.org\/0000-0002-6527-9765<\/a><br \/>\nGoogle Scholar:\u00a0<a href=\"https:\/\/scholar.google.pl\/citations?user=LCopvqgAAAAJ&amp;hl=pl\">https:\/\/scholar.google.pl\/citations?user=LCopvqgAAAAJ&amp;hl=pl<\/a><br \/>\nScopus ID:\u00a0<a href=\"https:\/\/www.scopus.com\/authid\/detail.uri?authorId=55864649800\">https:\/\/www.scopus.com\/authid\/detail.uri?authorId=55864649800<\/a><br \/>\nResearch Gate:\u00a0<a href=\"https:\/\/www.researchgate.net\/profile\/Piotr-Bogalecki\">https:\/\/www.researchgate.net\/profile\/Piotr-Bogalecki<\/a><br \/>\nAcademia:\u00a0<a href=\"https:\/\/silesian.academia.edu\/PiotrBogalecki\">https:\/\/silesian.academia.edu\/PiotrBogalecki<\/a><\/p>\n<p>Prac\u0119 w Uniwersytecie \u015al\u0105skim rozpocz\u0105\u0142em w 2008 roku jako absolwent studi\u00f3w polonistycznych i kulturoznawczych uko\u0144czonych w ramach Mi\u0119dzywydzia\u0142owych Indywidualnych Studi\u00f3w Humanistycznych. Zrealizowa\u0142em r\u00f3wnie\u017c pi\u0119cioletni program indywidualnych studi\u00f3w mi\u0119dzyuczelnianych Akademii<em>\u00a0Artes Liberales.\u00a0<\/em>Tytu\u0142 doktora nauk humanistycznych w zakresie literaturoznawstwa uzyska\u0142em w 2010 roku na podstawie przygotowanej pod opiek\u0105 prof. Tadeusza S\u0142awka rozprawy doktorskiej \u201e<em>Niedorozmowy\u201d. Kategoria niezrozumia\u0142o\u015bci w poezji Krystyny Mi\u0142ob\u0119dzkiej,\u00a0<\/em>kt\u00f3ra wyr\u00f3\u017cniona zosta\u0142a Nagrod\u0105 Narodowego Centrum Kultury. Habilitowa\u0142em si\u0119 w 2018 roku na podstawie monografii\u00a0<em>Szcz\u0119\u015bliwe winy teolingwizmu. Polska poezja po roku 1968 w perspektywie postsekularnej\u00a0<\/em>(Krak\u00f3w 2016) oraz serii powi\u0105zanych z ni\u0105 tematycznie artyku\u0142\u00f3w. W latach 2015-2020 kierowa\u0142em projektem Narodowego Centrum Nauki \u201eWiersze-partytury jako wyzwanie dla literaturoznawstwa: recepcja \u2013 reminiscencje \u2013 rewizje teoretycznoliterackie (na materiale polskiej poezji 1945-2010)\u201d, za\u015b jako wykonawca pracowa\u0142em w projektach grantowych prowadzonych m.in. przez prof. Agat\u0119 Bielik-Robson, prof. Aleksandra Nawareckiego, prof. Joann\u0105 Orsk\u0105, prof. Tadeusza S\u0142awka oraz prof. \u0141ukasza Tischnera. Moje obecne naukowe zainteresowania koncentruj\u0105 si\u0119 na trzech g\u0142\u00f3wnych tematach badawczych: postsekularyzm jako perspektywa interpretacyjna dwudziestowiecznej literatury i kultury polskiej, teoria literatury wobec praktyk sztuki awangardowej i neoawangardowej oraz historia polskiej poezji eksperymentalnej, intermedialnej i lingwistycznej, ze szczeg\u00f3lnym uwzgl\u0119dnieniem zwi\u0105zk\u00f3w literatury i muzyki. Wsp\u00f3\u0142pracuj\u0119 z O\u015brodkiem Bada\u0144 nad Awangard\u0105 Uniwersytetu Jagiello\u0144skiego. W Uniwersytecie \u015al\u0105skim zatrudniony jestem na stanowisku profesora uczelni.<\/p>\n<p><strong>Monografie autorskie<\/strong><\/p>\n<p>Piotr Bogalecki:\u00a0<em>Wiersze-partytury w poezji polskiej neoawangardy. Bia\u0142oszewski \u2013 Czycz \u2013 Drahan \u2013 Grze\u015bczak \u2013 Partum \u2013 Wirpsza.\u00a0<\/em>Wydawnictwo Uniwersytetu Jagiello\u0144skiego. Seria: Awangarda\/Rewizje. Krak\u00f3w 2020, ss. 498.<\/p>\n<p>Piotr Bogalecki:\u00a0<em>Szcz\u0119\u015bliwe winy teolingwizmu. Polska poezja po roku 1968<br \/>\nw perspektywie postsekularnej.\u00a0<\/em>TAiWPN Universitas. Seria: Modernizm w Polsce. Krak\u00f3w 2016, ss. 420.<\/p>\n<p>Piotr Bogalecki:\u00a0<em>\u201eNiedorozmowy\u201d<\/em>.\u00a0<em>Kategoria niezrozumia\u0142o\u015bci w poezji Krystyny Mi\u0142ob\u0119dzkiej<\/em>. Narodowe Centrum Kultury. Seria: Kurs na Kultur\u0119. Warszawa 2011, ss. 591.<\/p>\n<p><strong>Ksi\u0105\u017cki redagowane<\/strong><\/p>\n<p><em>Marani literatury polskiej.\u00a0<\/em>Red. Piotr Bogalecki, Adam Lipszyc. Wydawnictwo Austeria. Krak\u00f3w \u2013 Budapeszt \u2013 Syrakuzy 2020.<\/p>\n<p><em>Wiedza niezdyscyplinowana. Meandry mi\u0119dzyobszarowo\u015bci.\u00a0<\/em>Red. Piotr Bogalecki, Jan Zaj\u0105c. Wydawnictwo Uniwersytetu \u015al\u0105skiego. Katowice 2017.<\/p>\n<p><em>Polytropos. Na drogach Tadeusza\u00a0S\u0142awka\/ Tracing Tadeusz\u00a0S\u0142awek`s Routes<\/em>. Red. Piotr Bogalecki, Zbigniew Kad\u0142ubek, Alina Mitek-Dziemba, Karolina Pospiszil. Wydawnictwo Uniwersytetu \u015al\u0105skiego. Katowice 2016.<\/p>\n<p><em>Wi\u0119zi wsp\u00f3lnoty.\u00a0Literatura \u2013 religia \u2013 komparatystyka. The Ties of Community.\u00a0Literature, Religion, Comparative Studies<\/em>. Red. Piotr Bogalecki, Alina Mitek-Dziemba, Tadeusz S\u0142awek. Wydawnictwo FA-art. Katowice 2013.<\/p>\n<p><em>Drzewo Poznania. Postsekularyzm w przek\u0142adach i komentarzach.\u00a0<\/em>Red. Piotr Bogalecki, Alina Mitek-Dziemba. Wydawnictwo FA-art. Katowice 2012.<\/p>\n<p><em>Umaszynowienie.\u00a0<\/em>Red. Krzysztof Hoffmann, Justyna Koszarska, Piotr Bogalecki. Wydawnictwo Uniwersytetu Szczeci\u0144skiego. Szczecin 2009.<\/p>\n<p><strong>Artyku\u0142y (wyb\u00f3r)<\/strong><\/p>\n<p>Piotr Bogalecki:\u00a0<em>Mapa i audytorium. Kierunki rozwoju wiersza kartograficznego w polskiej poezji eksperymentalnej<\/em>. \u201eTeksty Drugie\u201d 2022, nr 1, s. 28-46.<\/p>\n<p>Piotr Bogalecki:\u00a0<em>Not enough for a trace\u201d. On\u00a0<\/em>Spis z natury [Register From Nature]<em>\u00a0and other early poems by Krystyna Mi\u0142ob\u0119dzka<\/em>. T\u0142um. P. Zag\u00f3rska. \u201eForum Poetyki\u201d 2021, nr 24, s. 62-81.<\/p>\n<p>Piotr Bogalecki:\u00a0<em>Pomara\u0144cza dla Juliana Kornhausera<\/em>. \u201eTeksty Drugie\u201d 2019, nr 4, s. 39-60.<\/p>\n<p>Piotr Bogalecki:\u00a0<em>\u201eUs\u0142ugi bezimienne\u201d. Figura marana w tw\u00f3rczo\u015bci Aleksandra Wata<\/em>. \u201ePami\u0119tnik Literacki\u201d 2019, z. 4, s. 79-107.<\/p>\n<p>Piotr Bogalecki:\u00a0<em>B\u0142ogos\u0142awie\u0144stwa awangardy. \u201ePisarz pism nie \u015bw.\u201d Miron Bia\u0142oszewski<\/em>. \u201eWielog\u0142os\u201d 2019, nr 2, s. 85-114.<\/p>\n<p>Piotr Bogalecki:\u00a0<em>Post-secular Catabase. A Booklet by Olga Tokarczuk<\/em>. T\u0142um. D. Mackenzie. \u00a0\u201eCzas Kultury\u201d 2019, nr 3, s. 99-107.<\/p>\n<p>Piotr Bogalecki:\u00a0<em>Transcripts.\u00a0<\/em><em>Tradition and Experiment in Polish Post-War Score-Poems<\/em>. \u201eWielog\u0142os\u201d 2018, nr 1 (Special Issue), s. 1-24.<\/p>\n<p>Piotr Bogalecki:\u00a0<em>Z ducha muzyki? Czterna\u015bcie wariacji o \u201eMie\u015bcie: partyturze\u201d i innych \u201ewierszach nads\u0142ownych\u201d Mariana Grze\u015bczaka<\/em>. \u201ePrzestrzenie Teorii\u201d 2018, nr 29, s. 87-125.<\/p>\n<p>Piotr Bogalecki:\u00a0<em>Efekt Bonhoeffera w poezji polskiej (od Bara\u0144czaka do R\u00f3\u017cewicza)<\/em>. \u201eKonteksty\u201d 2018, nr 3, s. 177-184.<\/p>\n<p>Piotr Bogalecki:\u00a0<em>Lew\u0105 r\u0119k\u0105. Polscy teoretycy poezji konkretnej jako konkrety\u015bci (J\u00f3zef Bujnowski, Tadeusz S\u0142awek, Piotr Rypson).\u00a0<\/em>\u201eEr(r)go\u201d 2018, z. 1, s. 179-210.<\/p>\n<p>Piotr Bogalecki:\u00a0<em>Settling Old Scores.\u00a0The Concept of Musical Score in Literary Theory.\u00a0<\/em>\u201eWiener Slawistischer Almanach\u201d 2017,\u00a0Sonderband 92 (<em>Theory of Literature as a Theory of the Arts and the Humanities<\/em>), s. 181-200.<\/p>\n<p>Piotr Bogalecki:\u00a0<em>Spektralne koniugacje Witolda Wirpszy<\/em>. \u201eTeksty Drugie\u201d 2016, nr 2, s. 254\u2013271.<\/p>\n<p>Piotr Bogalecki:<em>\u00a0Kamie\u0144 odrzucony? Postsekularyzm jako perspektywa interpretacyjna literatury i kultury polskiej.\u00a0<\/em>\u201eWielog\u0142os\u201d 2016, nr 3, s. 113-130.<\/p>\n<p>Piotr Bogalecki:\u00a0<em>Czytanie partytur. W stron\u0119 partyturowego stylu odbioru tekst\u00f3w literackich.\u00a0<\/em>\u201eRuch Literacki\u201d, t. LVI (2015), z. 6, s. 543-557.<\/p>\n<p>Piotr Bogalecki:\u00a0<em>Nazwa \u2013 wi\u0119zi \u2013 miasta. Poezja Witolda Wirpszy<br \/>\nw perspektywie postsekularnej<\/em>. \u201ePami\u0119tnik Literacki\u201d 2014, nr 4, s. 41-66.<\/p>\n<p>Piotr Bogalecki:\u00a0<em>Niepodj\u0119ta terapia Stanis\u0142awa Bara\u0144czaka. Pr\u00f3ba diagnozy postsekularnej<\/em>. \u201eTeksty Drugie\u201d 2014, nr 2, s. 328-348.<\/p>\n<p>Piotr Bogalecki:\u00a0<em>Od kuk\u0142y do cyborga. Teologia i technologia.\u00a0<\/em>\u201eTeksty Drugie\u201d 2013, nr 1-2, s. 115-124.<\/p>\n<p><strong>Rozdzia\u0142y w monografiach (wyb\u00f3r)<\/strong><\/p>\n<p>Piotr Bogalecki:\u00a0<em>Pokorne prze(d)stawienia. Postsekularyzm w badaniach literackich<\/em>. W:\u00a0<em>Literatura a religia \u2013 wyzwania epoki \u015bwieckiej<\/em>. T. 1:\u00a0<em>Teorie i metody<\/em>. Red. T. Garbol, \u0141. Tischner. Wydawnictwo Uniwersytetu Jagiello\u0144skiego, Krak\u00f3w 2020, s. 511-556.<\/p>\n<p>Piotr Bogalecki:\u00a0<em>\u201eBoga zast\u0105pi\u0142am \u015bwiatem\u201d. Wiara i \u015bwiecko\u015b\u0107 w poezji Krystyny Mi\u0142ob\u0119dzkiej<\/em>. W:\u00a0<em>Literatura a religia \u2013 wyzwania epoki \u015bwieckiej<\/em>. T. 2:\u00a0<em>Literatura polska po 1956 roku \u2013 kierunki, idiomy, paradygmaty<\/em>. Red. A. Bielak, \u0141. Tischner. Wydawnictwo Uniwersytetu Jagiello\u0144skiego, Krak\u00f3w 2020, s. 321-350.<\/p>\n<p>Piotr Bogalecki:\u00a0<em>\u201eZasup\u0142any w rytmach\u201d.\u00a0<\/em>Wykorzenienie\u00a0<em>jako poemat postsekularny<\/em>. W:\u00a0<em>Wiek teorii. Antologia I.\u00a0<\/em>Red. D. Ulicka. Wydawnictwo Instytutu Bada\u0144 Literackich. Warszawa 2020, s. 311-329.<\/p>\n<p>Piotr Bogalecki:\u00a0<em>Przer\u00f3b miasto. Berlin Zachodni Witolda Wirpszy.\u00a0<\/em>W:\u00a0<em>Nauka chodzenia. Teksty programowe p\u00f3\u017anej awangardy.\u00a0<\/em>Red. W. Browarny, P. Mackiewicz, J. Orska. Wydawnictwo Uniwersytetu Jagiello\u0144skiego, Krak\u00f3w 2018, s. 185-208.<\/p>\n<p>Piotr Bogalecki:\u00a0<em>Mimowolna mimologia? Mit kratylejski a polski strukturalizm.\u00a0<\/em>W:\u00a0<em>Strukturalizm w Europie \u015arodkowej i Wschodniej. Wizje i rewizje.\u00a0<\/em>Red. D. Ulicka, W. Bolecki. Wydawnictwo Instytutu Bada\u0144 Literackich, Warszawa 2012. S. 435-446.<\/p>\n<\/div>\r\n                    <\/div>\r\n                <\/div>[\/vc_tta_section][\/vc_tta_tabs][\/vc_column][vc_column width=&#8221;1\/3&#8243;]\r\n                <div class=\"text-modules\">\r\n                    <div class=\"container\">\r\n                        \r\n                        <div class=\"text-modules__content\"><\/p>\n<p>&nbsp;<\/p>\n<p><img class=\"alignnone wp-image-123 size-full\" src=\"http:\/\/us.edu.pl\/instytut\/ipo\/wp-content\/uploads\/sites\/74\/Pracownicy\/Bogalecki_foto_na_strone-383x575-1.jpg\" alt=\"Piotr Bogalecki\" width=\"100%\" height=\"auto\" srcset=\"https:\/\/us.edu.pl\/instytut\/ipo\/wp-content\/uploads\/sites\/74\/Pracownicy\/Bogalecki_foto_na_strone-383x575-1.jpg 383w, https:\/\/us.edu.pl\/instytut\/ipo\/wp-content\/uploads\/sites\/74\/Pracownicy\/Bogalecki_foto_na_strone-383x575-1-200x300.jpg 200w\" sizes=\"(max-width: 383px) 100vw, 383px\" \/><\/p>\n<\/div>\r\n                    <\/div>\r\n                <\/div>[\/vc_column][\/vc_row]<\/p>","protected":false},"excerpt":{"rendered":"<p>[vc_row][vc_column][\/vc_column][\/vc_row][vc_row el_class=&#8221;container&#8221;][vc_column width=&#8221;2\/3&#8243;][vc_tta_tabs active_section=&#8221;1&#8243;][vc_tta_section title=&#8221;POLISH&#8221; tab_id=&#8221;1696245225773-eae4e9a1-2c7a&#8221;][\/vc_tta_section][\/vc_tta_tabs][\/vc_column][vc_column width=&#8221;1\/3&#8243;][\/vc_column][\/vc_row] [&#8230;]<\/p>\n<p><a class=\"btn btn-secondary understrap-read-more-link\" href=\"https:\/\/us.edu.pl\/instytut\/ipo\/pracownicy\/piotr-bogalecki\/\">Read More&#8230;<\/a><\/p>\n","protected":false},"author":7254,"featured_media":0,"parent":84,"menu_order":0,"comment_status":"closed","ping_status":"closed","template":"","meta":{"_expiration-date-status":"","_expiration-date":0,"_expiration-date-type":"","_expiration-date-categories":[],"_expiration-date-options":[]},"acf":[],"_links":{"self":[{"href":"https:\/\/us.edu.pl\/instytut\/ipo\/wp-json\/wp\/v2\/pages\/122"}],"collection":[{"href":"https:\/\/us.edu.pl\/instytut\/ipo\/wp-json\/wp\/v2\/pages"}],"about":[{"href":"https:\/\/us.edu.pl\/instytut\/ipo\/wp-json\/wp\/v2\/types\/page"}],"author":[{"embeddable":true,"href":"https:\/\/us.edu.pl\/instytut\/ipo\/wp-json\/wp\/v2\/users\/7254"}],"replies":[{"embeddable":true,"href":"https:\/\/us.edu.pl\/instytut\/ipo\/wp-json\/wp\/v2\/comments?post=122"}],"version-history":[{"count":4,"href":"https:\/\/us.edu.pl\/instytut\/ipo\/wp-json\/wp\/v2\/pages\/122\/revisions"}],"predecessor-version":[{"id":528,"href":"https:\/\/us.edu.pl\/instytut\/ipo\/wp-json\/wp\/v2\/pages\/122\/revisions\/528"}],"up":[{"embeddable":true,"href":"https:\/\/us.edu.pl\/instytut\/ipo\/wp-json\/wp\/v2\/pages\/84"}],"wp:attachment":[{"href":"https:\/\/us.edu.pl\/instytut\/ipo\/wp-json\/wp\/v2\/media?parent=122"}],"curies":[{"name":"wp","href":"https:\/\/api.w.org\/{rel}","templated":true}]}}