{"id":127,"date":"2023-10-02T15:19:31","date_gmt":"2023-10-02T13:19:31","guid":{"rendered":"https:\/\/us.edu.pl\/instytut\/ipo\/?page_id=127"},"modified":"2024-03-14T13:11:08","modified_gmt":"2024-03-14T12:11:08","slug":"joanna-dembinska-pawelec","status":"publish","type":"page","link":"https:\/\/us.edu.pl\/instytut\/ipo\/pracownicy\/joanna-dembinska-pawelec\/","title":{"rendered":"Joanna Dembi\u0144ska-Pawelec"},"content":{"rendered":"<p>[vc_row][vc_column]\r\n                <div class=\"text-modules\">\r\n                    <div class=\"container\">\r\n                        \r\n                        <div class=\"text-modules__content\"><\/p>\n<h3><span style=\"color: #002e5a;\">Joanna Dembi\u0144ska-Pawelec<\/span><\/h3>\n<hr \/>\n<p>\n<\/div>\r\n                    <\/div>\r\n                <\/div>[\/vc_column][\/vc_row][vc_row el_class=&#8221;container&#8221;][vc_column width=&#8221;2\/3&#8243;][vc_tta_tabs active_section=&#8221;1&#8243;][vc_tta_section title=&#8221;POLISH&#8221; tab_id=&#8221;1696245225773-eae4e9a1-2c7a&#8221;]\r\n                <div class=\"text-modules\">\r\n                    <div class=\"container\">\r\n                        \r\n                        <div class=\"text-modules__content\"><p><strong>prof. dr hab. Joanna Dembi\u0144ska-Pawelec<\/strong> \u2013 uko\u0144czy\u0142a filologi\u0119 polsk\u0105 na Uniwersytecie \u015al\u0105skim. Doktorat o poezji Stanis\u0142awa Bara\u0144czaka, kt\u00f3rego promotorem by\u0142 prof. Ireneusz Opacki, obroni\u0142a w 1998 roku. Pracowa\u0142a w Zak\u0142adzie Teorii Literatury oraz w Zak\u0142adzie Poetyki Historycznej i Sztuki Interpretacji w Instytucie Nauk o Literaturze Polskiej im. Ireneusza Opackiego na Wydziale Filologicznym U\u015a. Obecnie zatrudniona w Instytucie Polonistyki na Wydziale Humanistycznym U\u015a. Prowadzi badania z zakresu poezji wsp\u00f3\u0142czesnej, genologii oraz interferencji literatury i sztuki, interesuje si\u0119 zagadnieniami rytmu poetyckiego. Autorka prac m.in. o poezji S. Bara\u0144czaka, Cz. Mi\u0142osza, J. M. Rymkiewicza. Wraz z Constantinem Geamba\u015fu przygotowa\u0142a publikacj\u0119 wyboru wierszy S. Bara\u0144czaka i A. Zagajewskiego t\u0142umaczonych na j\u0119zyk rumu\u0144ski. Posiada dwoje dzieci: syna Przemys\u0142awa i c\u00f3rk\u0119 Hann\u0119.<\/p>\n<p><strong>Publikacje:<\/strong><\/p>\n<ol>\n<li><em>\u015awiaty mo\u017cliwe w poezji Stanis\u0142awa Bara\u0144czaka<\/em>. Wydawnictwo Uniwersytetu \u015al\u0105skiego. Katowice 1999. ISBN 83-226-0907-8, ss. 165.<\/li>\n<li><em>Villanella. Od Anonima do Bara\u0144czaka<\/em>. Wydawnictwo Uniwersytetu \u015al\u0105skiego. Katowice 2006.ISBN 83-226-1534-5, ss. 217.<\/li>\n<li><em>\u201ePoezja jest sztuk\u0105 rytmu.\u201d O \u015bwiadomo\u015bci rytmu w poezji polskiej dwudziestego wieku (Mi\u0142osz \u2013 Rymkiewicz \u2013 Bara\u0144czak)<\/em>. Wydawnictwo Uniwersytetu \u015al\u0105skiego. Katowice 2010.ISBN 978-83-226-1995-2, ss. 470.<\/li>\n<li><em>Arabeska. Szkice o poezji<\/em>. Wydawnictwo Uniwersytetu \u015al\u0105skiego i Oficyna Wydawnicza WW. Katowice 2013. ISBN 978-83-60743-87-4, ss. 353.<\/li>\n<li><em>Poezialui Stanis\u0142aw Bara\u0144czak \u00eentrepolitic\u0103\u015fimetafizic\u0103<\/em>. W: S. Bara\u0144czak:\u00a0<em>Mu\u015fc\u0103-\u0163i limba. Antologie de versuri.<\/em>Traducere\u015finote de Constantin Geamba\u015fu. Prefa\u0163\u0103\u015fi tabel cronologic de Joanna Dembi\u0144ska-Pawelec. Editura EIKON.Bucure\u015fti 2018. ISBN 978-606-711-798-1, ss. 128.<\/li>\n<li><em>Poezialui Adam Zagajewski \u00eentre autobiografie \u015filumeaartei<\/em>. W: A. Zagajewski:\u00a0<em>\u00cenc\u0103utarealuminii. Antologie de versuri.\u00a0<\/em>Traduceredin limba polon\u0103 de Constantin Geamba\u015fu\u015fi Marina Ilie. Tabel cronologic\u015fiprefa\u0163\u0103 de Joanna Dembi\u0144ska-Pawelec. Editura EIKON. Bucure\u015fti 2018.ISBN 978-606-711-947-3, ss. 150.<\/li>\n<li><em>Sprung Rhythm in the Poetry of Stanis\u0142awBara\u0144czak<\/em>. W: \u201ePrace Filologiczne. Literaturoznawstwo\u201d nr 3 (6). Cz. 1.\u00a0<em>Sources of Verse<\/em>. Ed. W. Sadowski, A. Kremer. Wydzia\u0142 Polonistyki Uniwersytetu Warszawskiego. Warszawa 2013. ISSN 2084-6045, ss. 77-90.<\/li>\n<li><em>Apokryfy w polskiej poezji wsp\u00f3\u0142czesnej.<\/em>\u00a0\u201ePami\u0119tnik Literacki\u201d 2014, z. 4. ISSN 0031-0514, ss. 137-150.<\/li>\n<li><em>Stanis\u0142aw Bara\u0144czak,\u00a0<\/em>has\u0142o [w:]\u00a0<em>Polska poezja wsp\u00f3\u0142czesna \u2013 przewodnik encyklopedyczny<\/em>, edycja internetowa pod red. P. \u015aliwi\u0144skiego; 2017 (<a href=\"http:\/\/przewodnikpoetycki.amu.edu.pl\/encyklopedia\/stanislaw-baranczak\/\">http:\/\/przewodnikpoetycki.amu.edu.pl\/encyklopedia\/stanislaw-baranczak\/<\/a>)<\/li>\n<li><em>Spadkobierca mistycznego objawienia. Czes\u0142aw Mi\u0142osz wobec religijnej my\u015bli Oskara Mi\u0142osza.<\/em>\u00a0\u201eEthos\u201d 32 (2019), nr 1 (125). DOI 10.12887\/32-2019-1-125-12, ss. 199-213.<\/li>\n<\/ol>\n<p>\n<\/div>\r\n                    <\/div>\r\n                <\/div>[\/vc_tta_section][vc_tta_section title=&#8221;ENGLISH&#8221; tab_id=&#8221;1696252715456-7a1c3c83-9fb3&#8243;]\r\n                <div class=\"text-modules\">\r\n                    <div class=\"container\">\r\n                        \r\n                        <div class=\"text-modules__content\"><p><strong>Prof. Joanna Dembi\u0144ska-Pawelec, PhD, D<\/strong><strong>Litt<\/strong><\/p>\n<p><a href=\"mailto:joanna.dembinska-pawelec@us.edu.pl\">joanna.dembinska-pawelec@us.edu.pl<\/a><\/p>\n<p>&nbsp;<\/p>\n<p><strong>ORCID: 0000-0001-7242-381X<\/strong><\/p>\n<p><strong>https:\/\/www.researchgate.net\/profile\/Joanna_Dembinska-Pawelec<\/strong><\/p>\n<p><strong>https:\/\/scholar.google.pl\/citations?hl=pl&amp;user=Y0HcfJ4AAAAJ<\/strong><\/p>\n<p>&nbsp;<\/p>\n<p><strong>Research interests<\/strong>:<\/p>\n<p>Polish poetry of the 20th and 21st centuries, historical poetics, genre studies, art of interpretation<\/p>\n<p>&nbsp;<\/p>\n<p><strong>Selected publications:<\/strong><\/p>\n<ol>\n<li><em>\u201ePoezja jest sztuk\u0105 rytmu.\u201d\u00a0<\/em><em>O\u00a0<\/em><em>\u015bwiadomo\u015bci rytmu w poezji polskiej dwudziestego wieku (Mi\u0142osz \u2013 Rymkiewicz \u2013 Bara\u0144czak)<\/em>\u00a0[\u201cPoetry is the art of rhythm.\u201d On rhythm awareness in Polish poetry of the 20th century (Mi\u0142osz \u2013 Rymkiewicz \u2013 Bara\u0144czak)]\/ Joanna Dembi\u0144ska-Pawelec \/\/ Wydawnictwo Uniwersytetu \u015al\u0105skiego. Katowice 2010, 470 pages. ISBN 978-83-226-1995-2<\/li>\n<li><em>Od Anonima do Bara<\/em><em>\u0144czaka<\/em>\u00a0[Villanella. From anonymous authors to Bara\u0144czak]\/ Joanna Dembi\u0144ska-Pawelec \/\/ Wydawnictwo Uniwersytetu \u015al\u0105skiego. Katowice 2006, 217 pages. ISBN 83-226-1534-5<\/li>\n<li><em>Sprung Rhythm in the Poetry of Stanis\u0142aw Bara\u0144czak<\/em>\u00a0\/ Joanna Dembi\u0144ska-Pawelec \/\/ In:\u00a0<em>Prace Filologiczne. Literaturoznawstwo. Part 1. Sources of Verse.<\/em>\u00a0Warszawa 2013, no. 3, pp. 7-90. ISSN 2084-6045<\/li>\n<li><em>Spadkobierca mistycznego objawienia. Czes\u0142aw Mi\u0142osz wobec religijnej my\u015bli Oskara Mi\u0142osza\u00a0<\/em>[The heir of mystic revelation. Czes\u0142aw Mi\u0142osz on the religious thought of Oskar Mi\u0142osz] \/ Joanna Dembi\u0144ska-Pawelec \/\/ \u201eEthos. Kwartalnik Instytutu Jana Paw\u0142a II KUL\u201d 32 (2019), no. 1 (125), pp. 199-213. DOI 10.12887\/32-2019-1-125-12. ISSN 0860-8024<\/li>\n<li><em>Literacki apokryf. O \u201eHymnie o Perle\u201d Czes\u0142awa Mi\u0142osza\u00a0<\/em>[A literary apocryph. On Czes\u0142aw Mi\u0142osz\u2019s \u201cHymn o Perle\u201d]\u00a0<em>\/<\/em>\u00a0Joanna Dembi\u0144ska-Pawelec \/\/ In:\u00a0<em>W kr\u0119gu apokryf<\/em><em>\u00f3<\/em>\u00a0E. Jakiel, J. Mosakowski (eds.). Gda\u0144sk 2015, pp. 261-275. Wydawnictwo Uniwersytetu Gda\u0144skiego. ISBN 978-83-7865-311-0<\/li>\n<\/ol>\n<p><strong>\u00a0<\/strong><\/p>\n<p><strong>Research grants:<\/strong><\/p>\n<ol>\n<li>A study of Stanis\u0142aw Bara\u0144czak\u2019s poetic profile as part of the grant:\u00a0<em>Polska poezja wsp\u00f3\u0142czesna: przewodnik encyklopedyczny<\/em>\u00a0[Modern Polish poetry: An encyclopedic guide]. A project financed by the National Program for the Development of Humanities, no. 11H 12 0245 81, realized in the years 2014-2016. The Faculty of Polish and Classical Philology, The Adam Mickiewicz University, Pozna\u0144. Project manager: Prof. P. \u015aliwi\u0144ski.<\/li>\n<\/ol>\n<p>(<a href=\"http:\/\/przewodnikpoetycki.amu.edu.pl\/encyklopedia\/stanislaw-baranczak\/\">http:\/\/przewodnikpoetycki.amu.edu.pl\/encyklopedia\/stanislaw-baranczak\/<\/a>)<\/p>\n<ol start=\"2\">\n<li>The compilation of the entries: apocryph, arabesque, cascade, villanella, as part of the grant:\u00a0<em>Historyczny s\u0142ownik termin<\/em><em>\u00f3<\/em><em>w literackich. \u0179r<\/em><em>\u00f3<\/em><em>d\u0142a i przemiany wybranych poj\u0119\u0107\u00a0<\/em>[A historical dictionary of literary terminology. Origins and changes of selected concepts]. The project financed by the National Program for the Development of Humanities, NPRH n PU-0213-002, realized in the years 2013-2016. The University of Silesia in Katowice, the Faculty of Philology. Project manager: Prof. A. Nawarecki.<\/li>\n<li>The study of the problem:\u00a0<em>Metafizyczna wizja niebia\u0144skiej przestrzeni w p\u00f3\u017anej poezji Czes\u0142awa Mi\u0142osza<\/em>\u00a0[The metaphysical vision of celestial space in the late poetry of Czes\u0142aw Mi\u0142osz]\/ Joanna Dembi\u0144ska-Pawelec \/ as part of the grant:\u00a0<em>Polska poezja metafizyczna i religijna w XX i XXI wieku\u00a0<\/em>[Polish metaphysical and religious poetry of the 20th and 21st centuries]. The project financed by the National Science Centre, NCN n 2012\/07\/N\/HS2\/01249, realized in the years 2012-2015. Project manager: Dr E. So\u0142tys-Lewandowska.<\/li>\n<\/ol>\n<p>\n<\/div>\r\n                    <\/div>\r\n                <\/div>[\/vc_tta_section][\/vc_tta_tabs][\/vc_column][vc_column width=&#8221;1\/3&#8243;]\r\n                <div class=\"text-modules\">\r\n                    <div class=\"container\">\r\n                        \r\n                        <div class=\"text-modules__content\"><\/p>\n<p>&nbsp;<\/p>\n<p><img class=\"alignnone wp-image-128 size-full\" src=\"http:\/\/us.edu.pl\/instytut\/ipo\/wp-content\/uploads\/sites\/74\/Pracownicy\/Joanna-Dembinska-Pawelec.jpg\" alt=\"Joanna Dembi\u0144ska-Pawelec\" width=\"100%\" height=\"auto\" srcset=\"https:\/\/us.edu.pl\/instytut\/ipo\/wp-content\/uploads\/sites\/74\/Pracownicy\/Joanna-Dembinska-Pawelec.jpg 762w, https:\/\/us.edu.pl\/instytut\/ipo\/wp-content\/uploads\/sites\/74\/Pracownicy\/Joanna-Dembinska-Pawelec-223x300.jpg 223w, https:\/\/us.edu.pl\/instytut\/ipo\/wp-content\/uploads\/sites\/74\/Pracownicy\/Joanna-Dembinska-Pawelec-428x575.jpg 428w\" sizes=\"(max-width: 762px) 100vw, 762px\" \/><\/p>\n<\/div>\r\n                    <\/div>\r\n                <\/div>[\/vc_column][\/vc_row]<\/p>","protected":false},"excerpt":{"rendered":"<p>[vc_row][vc_column][\/vc_column][\/vc_row][vc_row el_class=&#8221;container&#8221;][vc_column width=&#8221;2\/3&#8243;][vc_tta_tabs active_section=&#8221;1&#8243;][vc_tta_section title=&#8221;POLISH&#8221; tab_id=&#8221;1696245225773-eae4e9a1-2c7a&#8221;][\/vc_tta_section][vc_tta_section title=&#8221;ENGLISH&#8221; tab_id=&#8221;1696252715456-7a1c3c83-9fb3&#8243;][\/vc_tta_section][\/vc_tta_tabs][\/vc_column][vc_column width=&#8221;1\/3&#8243;][\/vc_column][\/vc_row] [&#8230;]<\/p>\n<p><a class=\"btn btn-secondary understrap-read-more-link\" href=\"https:\/\/us.edu.pl\/instytut\/ipo\/pracownicy\/joanna-dembinska-pawelec\/\">Read More&#8230;<\/a><\/p>\n","protected":false},"author":7254,"featured_media":0,"parent":84,"menu_order":0,"comment_status":"closed","ping_status":"closed","template":"","meta":{"_expiration-date-status":"","_expiration-date":0,"_expiration-date-type":"","_expiration-date-categories":[],"_expiration-date-options":[]},"acf":[],"_links":{"self":[{"href":"https:\/\/us.edu.pl\/instytut\/ipo\/wp-json\/wp\/v2\/pages\/127"}],"collection":[{"href":"https:\/\/us.edu.pl\/instytut\/ipo\/wp-json\/wp\/v2\/pages"}],"about":[{"href":"https:\/\/us.edu.pl\/instytut\/ipo\/wp-json\/wp\/v2\/types\/page"}],"author":[{"embeddable":true,"href":"https:\/\/us.edu.pl\/instytut\/ipo\/wp-json\/wp\/v2\/users\/7254"}],"replies":[{"embeddable":true,"href":"https:\/\/us.edu.pl\/instytut\/ipo\/wp-json\/wp\/v2\/comments?post=127"}],"version-history":[{"count":3,"href":"https:\/\/us.edu.pl\/instytut\/ipo\/wp-json\/wp\/v2\/pages\/127\/revisions"}],"predecessor-version":[{"id":529,"href":"https:\/\/us.edu.pl\/instytut\/ipo\/wp-json\/wp\/v2\/pages\/127\/revisions\/529"}],"up":[{"embeddable":true,"href":"https:\/\/us.edu.pl\/instytut\/ipo\/wp-json\/wp\/v2\/pages\/84"}],"wp:attachment":[{"href":"https:\/\/us.edu.pl\/instytut\/ipo\/wp-json\/wp\/v2\/media?parent=127"}],"curies":[{"name":"wp","href":"https:\/\/api.w.org\/{rel}","templated":true}]}}