{"id":140,"date":"2023-10-02T16:12:27","date_gmt":"2023-10-02T14:12:27","guid":{"rendered":"https:\/\/us.edu.pl\/instytut\/ipo\/?page_id=140"},"modified":"2024-03-14T13:12:17","modified_gmt":"2024-03-14T12:12:17","slug":"piotr-gorlinski-kucik","status":"publish","type":"page","link":"https:\/\/us.edu.pl\/instytut\/ipo\/pracownicy\/piotr-gorlinski-kucik\/","title":{"rendered":"Piotr Gorli\u0144ski-Kucik"},"content":{"rendered":"<p>[vc_row][vc_column]\r\n                <div class=\"text-modules\">\r\n                    <div class=\"container\">\r\n                        \r\n                        <div class=\"text-modules__content\"><\/p>\n<h3><span style=\"color: #002e5a;\">Piotr Gorli\u0144ski-Kucik<\/span><\/h3>\n<hr \/>\n<p>\n<\/div>\r\n                    <\/div>\r\n                <\/div>[\/vc_column][\/vc_row][vc_row el_class=&#8221;container&#8221;][vc_column width=&#8221;2\/3&#8243;][vc_tta_tabs active_section=&#8221;1&#8243;][vc_tta_section title=&#8221;POLISH&#8221; tab_id=&#8221;1696245225773-eae4e9a1-2c7a&#8221;]\r\n                <div class=\"text-modules\">\r\n                    <div class=\"container\">\r\n                        \r\n                        <div class=\"text-modules__content\"><p><strong>Piotr Gorli\u0144ski-Kucik \u2013\u00a0<\/strong>doktor nauk humanistycznych, adiunkt w Instytucie Polonistyki Uniwersytetu \u015al\u0105skiego w Katowicach. Autor monografii <em>TechGnoza, uchronia, science fiction. Proza Jacka Dukaja<\/em>\u00a0(Katowice 2017). Publikowa\u0142 m.in. w \u201ePami\u0119tniku Literackim\u201d, \u201eRuchu Literackim\u201d, \u201e\u015al\u0105skich Studiach Polonistycznych\u201d oraz w tomach zbiorowych. Zajmuje si\u0119 polsk\u0105 proz\u0105 wsp\u00f3\u0142czesn\u0105 (tw\u00f3rczo\u015bci\u0105 Jacka Dukaja, Stanis\u0142awa Lema oraz Teodora Parnickiego), kultur\u0105 popularn\u0105 oraz edytorstwem.<\/p>\n<p><strong>Najwa\u017cniejsze publikacje:<\/strong><\/p>\n<ul>\n<li>TechGnoza, uchronia, science fiction. Proza Jacka Dukaja, Katowice 2017.<\/li>\n<li>Literatura szoku przysz\u0142o\u015bci, futuryzm i prze\u015bniony cyberpunk, \u201eTeksty Drugie\u201d 2021, nr 6, s. 71-90. DOI: 10.18318\/td.2021.6.5<\/li>\n<li>Parnicki a Rosja. Rekonesans, \u201ePrzegl\u0105d Wschodnioeuropejski\u201d 2021, nr 2 (12), s. 325-338. DOI: 10.31648\/pw.6884<\/li>\n<li>On Liberatory Strategies of Digital Nomads, t\u0142um. P. J\u0119drzejko, \u201eEr(r)go (Teoria \u2013 Literatura \u2013 Kultura)\u201d 2021, nr 1 (42), s. 87-110. DOI: https:\/\/doi.org\/10.31261\/errgo.9155<\/li>\n<li>Rytm choroby, rytm umierania. Dzienniki z lat osiemdziesi\u0105tych Teodora Parnickiego, \u201eAutobiografia. Literatura. Kultura. Media\u201d 2019, nr 2 (13), s. 147-166. DOI: 10.18276\/AU.2019.2.13-14<\/li>\n<li>O jednej dacie, kt\u00f3rej w archiwum zabrak\u0142o, \u201e\u015awiat i S\u0142owo\u201d 2019, nr 2 (33), s. 93-110. DOI: doi.org\/10.5604\/01.3001.0013.7819<\/li>\n<li>Metafory Parnickiego. Teologia i granice nowoczesno\u015bci, \u201eWielog\u0142os\u201d 2019, nr 4, s. 59-82. DOI 10.4467\/2084395XWI.19.025.11607<\/li>\n<li>Teodor Parnicki, Ja, Eurypides. Wywiady, wypowiedzi i autokomentarze z lat 1957-1988, oprac. P. Gorli\u0144ski-Kucik, T. Markiewka, Wydawnictwo Uniwersytetu \u015al\u0105skiego, Katowice 2020. ISBN: 978-83-226-3785-2; https:\/\/doi.org\/10.31261\/PN.3923<\/li>\n<li>\u201eKontakt intelektualny z Pa\u0144stwem obojgiem na odleg\u0142o\u015b\u0107 daje mi [\u2026] wiele rado\u015bci\u201d. Listy Teodora Parnickiego do Teresy i S\u0142awomira Cie\u015blikowskich z lat 1961-1966, oprac. P. Gorli\u0144ski-Kucik, \u201ePami\u0119tnik Literacki\u201d 2019, z. 3, s. 183-217. DOI: 10.18318\/pl.2019.3.12<\/li>\n<li>\u201eNikt z krytyk\u00f3w w tym stopniu, co Pan, nie wnikn\u0105\u0142 w \u00bbistotny sens\u00ab\u201d, Listy Teodora i Eleonory Parnickich do Jacka \u0141ukasiewicza, oprac. P. Gorli\u0144ski-Kucik, \u201ePami\u0119tnik Literacki\u201d 2015, nr 4, s. 177-231.<\/li>\n<\/ul>\n<p>\n<\/div>\r\n                    <\/div>\r\n                <\/div>[\/vc_tta_section][vc_tta_section title=&#8221;ENGLISH&#8221; tab_id=&#8221;1696252715456-7a1c3c83-9fb3&#8243;]\r\n                <div class=\"text-modules\">\r\n                    <div class=\"container\">\r\n                        \r\n                        <div class=\"text-modules__content\"><p><strong>Piotr Gorli\u0144ski-Kucik, PhD<\/strong><\/p>\n<p><strong>Assistant Professor in the Institute of Literary Studies<\/strong><\/p>\n<p><strong>Faculty of Humanities<\/strong><\/p>\n<p><a href=\"mailto:piotr.gorlinski-kucik@us.edu.pl\">piotr.gorlinski-kucik@us.edu.pl<\/a><\/p>\n<p><a href=\"https:\/\/orcid.org\/0000-0003-3733-4023\">https:\/\/orcid.org\/0000-0003-3733-4023<\/a><\/p>\n<p><a href=\"https:\/\/silesian.academia.edu\/PiotrGorli%C5%84skiKucik\">https:\/\/silesian.academia.edu\/PiotrGorli%C5%84skiKucik<\/a><\/p>\n<p><a href=\"https:\/\/www.researchgate.net\/profile\/Piotr_Gorlinski-Kucik\">https:\/\/www.researchgate.net\/profile\/Piotr_Gorlinski-Kucik<\/a><\/p>\n<p><strong>Research interests<\/strong>:<\/p>\n<p>Contemporary Polish prose, modernism, science fiction, editing<\/p>\n<p><strong>Recent publications:<\/strong><\/p>\n<ul>\n<li>TechGnoza, uchronia, science fiction. Proza Jacka Dukaja, Katowice 2017.<\/li>\n<li>Literatura szoku przysz\u0142o\u015bci, futuryzm i prze\u015bniony cyberpunk, \u201eTeksty Drugie\u201d 2021, nr 6, s. 71-90. DOI: 10.18318\/td.2021.6.5<\/li>\n<li>Parnicki a Rosja. Rekonesans, \u201ePrzegl\u0105d Wschodnioeuropejski\u201d 2021, nr 2 (12), s. 325-338. DOI: 10.31648\/pw.6884<\/li>\n<li>On Liberatory Strategies of Digital Nomads, t\u0142um. P. J\u0119drzejko, \u201eEr(r)go (Teoria \u2013 Literatura \u2013 Kultura)\u201d 2021, nr 1 (42), s. 87-110. DOI: https:\/\/doi.org\/10.31261\/errgo.9155<\/li>\n<li>Rytm choroby, rytm umierania. Dzienniki z lat osiemdziesi\u0105tych Teodora Parnickiego, \u201eAutobiografia. Literatura. Kultura. Media\u201d 2019, nr 2 (13), s. 147-166. DOI: 10.18276\/AU.2019.2.13-14<\/li>\n<li>O jednej dacie, kt\u00f3rej w archiwum zabrak\u0142o, \u201e\u015awiat i S\u0142owo\u201d 2019, nr 2 (33), s. 93-110. DOI: doi.org\/10.5604\/01.3001.0013.7819<\/li>\n<li>Metafory Parnickiego. Teologia i granice nowoczesno\u015bci, \u201eWielog\u0142os\u201d 2019, nr 4, s. 59-82. DOI 10.4467\/2084395XWI.19.025.11607<\/li>\n<li>Teodor Parnicki, Ja, Eurypides. Wywiady, wypowiedzi i autokomentarze z lat 1957-1988, oprac. P. Gorli\u0144ski-Kucik, T. Markiewka, Wydawnictwo Uniwersytetu \u015al\u0105skiego, Katowice 2020. ISBN: 978-83-226-3785-2; https:\/\/doi.org\/10.31261\/PN.3923<\/li>\n<li>\u201eKontakt intelektualny z Pa\u0144stwem obojgiem na odleg\u0142o\u015b\u0107 daje mi [\u2026] wiele rado\u015bci\u201d. Listy Teodora Parnickiego do Teresy i S\u0142awomira Cie\u015blikowskich z lat 1961-1966, oprac. P. Gorli\u0144ski-Kucik, \u201ePami\u0119tnik Literacki\u201d 2019, z. 3, s. 183-217. DOI: 10.18318\/pl.2019.3.12<\/li>\n<li>\u201eNikt z krytyk\u00f3w w tym stopniu, co Pan, nie wnikn\u0105\u0142 w \u00bbistotny sens\u00ab\u201d, Listy Teodora i Eleonory Parnickich do Jacka \u0141ukasiewicza, oprac. P. Gorli\u0144ski-Kucik, \u201ePami\u0119tnik Literacki\u201d 2015, nr 4, s. 177-231.<\/li>\n<\/ul>\n<p><strong>Academic outreach and engagement<\/strong><strong>:<\/strong><\/p>\n<ol>\n<li>Participant in more than twenty academic conferences, co-organizer of the conference\u00a0<em>Literatura niesamowita<\/em>\u00a0(the Faculty of Philology, the University of Silesia in Katowice, 2014)<\/li>\n<li>Active participant (several times) in the Silesian Science Festival.<\/li>\n<li>Secretary in the journal \u201c\u015al\u0105skie Studia Polonistyczne\u201d.<\/li>\n<\/ol>\n<p>\n<\/div>\r\n                    <\/div>\r\n                <\/div>[\/vc_tta_section][\/vc_tta_tabs][\/vc_column][vc_column width=&#8221;1\/3&#8243;]\r\n                <div class=\"text-modules\">\r\n                    <div class=\"container\">\r\n                        \r\n                        <div class=\"text-modules__content\"><\/p>\n<p>&nbsp;<\/p>\n<p><img class=\"alignnone size-medium wp-image-141\" src=\"http:\/\/us.edu.pl\/instytut\/ipo\/wp-content\/uploads\/sites\/74\/Pracownicy\/Piotr-Gorlinski-Kucik_DSC_1670-819x1024-1-240x300.jpg\" alt=\"Piotr Gorli\u0144ski-Kucik\" width=\"100%\" height=\"auto\" srcset=\"https:\/\/us.edu.pl\/instytut\/ipo\/wp-content\/uploads\/sites\/74\/Pracownicy\/Piotr-Gorlinski-Kucik_DSC_1670-819x1024-1-240x300.jpg 240w, https:\/\/us.edu.pl\/instytut\/ipo\/wp-content\/uploads\/sites\/74\/Pracownicy\/Piotr-Gorlinski-Kucik_DSC_1670-819x1024-1-768x960.jpg 768w, https:\/\/us.edu.pl\/instytut\/ipo\/wp-content\/uploads\/sites\/74\/Pracownicy\/Piotr-Gorlinski-Kucik_DSC_1670-819x1024-1-460x575.jpg 460w, https:\/\/us.edu.pl\/instytut\/ipo\/wp-content\/uploads\/sites\/74\/Pracownicy\/Piotr-Gorlinski-Kucik_DSC_1670-819x1024-1.jpg 819w\" sizes=\"(max-width: 240px) 100vw, 240px\" \/><\/p>\n<\/div>\r\n                    <\/div>\r\n                <\/div>[\/vc_column][\/vc_row]<\/p>","protected":false},"excerpt":{"rendered":"<p>[vc_row][vc_column][\/vc_column][\/vc_row][vc_row el_class=&#8221;container&#8221;][vc_column width=&#8221;2\/3&#8243;][vc_tta_tabs active_section=&#8221;1&#8243;][vc_tta_section title=&#8221;POLISH&#8221; tab_id=&#8221;1696245225773-eae4e9a1-2c7a&#8221;][\/vc_tta_section][vc_tta_section title=&#8221;ENGLISH&#8221; tab_id=&#8221;1696252715456-7a1c3c83-9fb3&#8243;][\/vc_tta_section][\/vc_tta_tabs][\/vc_column][vc_column width=&#8221;1\/3&#8243;][\/vc_column][\/vc_row] [&#8230;]<\/p>\n<p><a class=\"btn btn-secondary understrap-read-more-link\" href=\"https:\/\/us.edu.pl\/instytut\/ipo\/pracownicy\/piotr-gorlinski-kucik\/\">Read More&#8230;<\/a><\/p>\n","protected":false},"author":7254,"featured_media":0,"parent":84,"menu_order":0,"comment_status":"closed","ping_status":"closed","template":"","meta":{"_expiration-date-status":"","_expiration-date":0,"_expiration-date-type":"","_expiration-date-categories":[],"_expiration-date-options":[]},"acf":[],"_links":{"self":[{"href":"https:\/\/us.edu.pl\/instytut\/ipo\/wp-json\/wp\/v2\/pages\/140"}],"collection":[{"href":"https:\/\/us.edu.pl\/instytut\/ipo\/wp-json\/wp\/v2\/pages"}],"about":[{"href":"https:\/\/us.edu.pl\/instytut\/ipo\/wp-json\/wp\/v2\/types\/page"}],"author":[{"embeddable":true,"href":"https:\/\/us.edu.pl\/instytut\/ipo\/wp-json\/wp\/v2\/users\/7254"}],"replies":[{"embeddable":true,"href":"https:\/\/us.edu.pl\/instytut\/ipo\/wp-json\/wp\/v2\/comments?post=140"}],"version-history":[{"count":2,"href":"https:\/\/us.edu.pl\/instytut\/ipo\/wp-json\/wp\/v2\/pages\/140\/revisions"}],"predecessor-version":[{"id":530,"href":"https:\/\/us.edu.pl\/instytut\/ipo\/wp-json\/wp\/v2\/pages\/140\/revisions\/530"}],"up":[{"embeddable":true,"href":"https:\/\/us.edu.pl\/instytut\/ipo\/wp-json\/wp\/v2\/pages\/84"}],"wp:attachment":[{"href":"https:\/\/us.edu.pl\/instytut\/ipo\/wp-json\/wp\/v2\/media?parent=140"}],"curies":[{"name":"wp","href":"https:\/\/api.w.org\/{rel}","templated":true}]}}