{"id":144,"date":"2023-10-02T16:18:55","date_gmt":"2023-10-02T14:18:55","guid":{"rendered":"https:\/\/us.edu.pl\/instytut\/ipo\/?page_id=144"},"modified":"2023-10-02T16:18:55","modified_gmt":"2023-10-02T14:18:55","slug":"iwona-gralewicz-wolny","status":"publish","type":"page","link":"https:\/\/us.edu.pl\/instytut\/ipo\/pracownicy\/iwona-gralewicz-wolny\/","title":{"rendered":"Iwona Gralewicz-Wolny"},"content":{"rendered":"<p>[vc_row][vc_column]\r\n                <div class=\"text-modules\">\r\n                    <div class=\"container\">\r\n                        \r\n                        <div class=\"text-modules__content\"><\/p>\n<h3><span style=\"color: #002e5a;\">Iwona Gralewicz-Wolny<\/span><\/h3>\n<hr \/>\n<p>\n<\/div>\r\n                    <\/div>\r\n                <\/div>[\/vc_column][\/vc_row][vc_row el_class=&#8221;container&#8221;][vc_column width=&#8221;2\/3&#8243;][vc_tta_tabs active_section=&#8221;1&#8243;][vc_tta_section title=&#8221;POLISH&#8221; tab_id=&#8221;1696245225773-eae4e9a1-2c7a&#8221;]\r\n                <div class=\"text-modules\">\r\n                    <div class=\"container\">\r\n                        \r\n                        <div class=\"text-modules__content\"><p><strong>dr hab. Iwona Gralewicz-Wolny, prof. U\u015a<\/strong><\/p>\n<p>Tytu\u0142 magistra filologii polskiej uzyska\u0142am w roku 1997, na Wydziale Filologicznym Uniwersytetu \u015al\u0105skiego, na podstawie pracy o w\u0105tkach somatycznych w utworach Boles\u0142awa Le\u015bmiana. Promotorem pracy by\u0142 prof. dr hab. Ireneusz Opacki, pod kt\u00f3rego kierunkiem przygotowa\u0142am r\u00f3wnie\u017c rozpraw\u0119 doktorsk\u0105 na temat motywu milczenia w wierszach Anny Kamie\u0144skiej (2001). Stopie\u0144 doktora habilitowanego w zakresie literaturoznawstwa uzyska\u0142am na podstawie monografii\u00a0<em>Poetka i \u015awiat. Studia i szkice o tw\u00f3rczo\u015bci Wis\u0142awy Szymborskiej\u00a0<\/em>(2015). Moje zainteresowania badawcze dotycz\u0105 polskiej literatury najnowszej w perspektywie interpretacyjnej, literatury dla dzieci i m\u0142odzie\u017cy oraz zagadnie\u0144 warsztatu pisarskiego.<\/p>\n<p><a href=\"mailto:iwona.gralewicz-wolny@us.edu.pl\">iwona.gralewicz-wolny@us.edu.pl<\/a><\/p>\n<p><a href=\"https:\/\/orcid.org\/0000-0001-5508-9805\">https:\/\/orcid.org\/0000-0001-5508-9805<\/a><\/p>\n<p><a href=\"https:\/\/www.researchgate.net\/profile\/Iwona-Gralewicz-Wolny\">https:\/\/www.researchgate.net\/profile\/Iwona-Gralewicz-Wolny<\/a><\/p>\n<p><strong>Najwa\u017cniejsze publikacje:<\/strong><\/p>\n<p>Monografie:<\/p>\n<ul>\n<li><em>Pisz o milczeniu<\/em>.\u00a0<em>\u015awiat poetycki Anny Kamie\u0144skiej<\/em>. Wydawnictwa Naukowe i Artystyczne Gnome. Katowice 2002, ss. 181.<\/li>\n<li><em>Ja czytam, ty czytasz\u2026 Dziesi\u0119\u0107 szkic\u00f3w o poezji i prozie.\u00a0<\/em>Uniwersytet \u015al\u0105ski, Agencja Artystyczna PARA. Katowice 2011, ss. 156.<\/li>\n<li><em>Uwolni\u0107 Pippi! Tw\u00f3rczo\u015b\u0107 dla dzieci wobec przemian kultury<\/em>. Wydawnictwo Uniwersytetu \u015al\u0105skiego. Katowice 2013, ss. 152 \u2013\u00a0<u>wsp\u00f3lnie z Beat\u0105 Mytych-Forajter.<\/u><\/li>\n<li><em>Poetka i \u015awiat. Studia i szkice o tw\u00f3rczo\u015bci Wis\u0142awy Szymborskiej<\/em>. Wydawnictwo Uniwersytetu \u015al\u0105skiego. Katowice 2014, ss. 214.<\/li>\n<li><em>W cudzys\u0142owie. O literaturze polskiej XX i XXI wieku<\/em>. Wydawnictwo Uniwersytetu \u015al\u0105skiego. Katowice 2016, ss. 236.<\/li>\n<li><em>Po pierwsze. O literaturze dla dzieci (i nie tylko)<\/em>. Wydawnictwo Uniwersytetu Jagiello\u0144skiego. Krak\u00f3w 2019, ss. 184 \u2013\u00a0<u>wsp\u00f3lnie z Beat\u0105 Mytych-Forajter.<\/u><\/li>\n<li><em>Na tropie. 21 przyg\u00f3d ze wsp\u00f3\u0142czesn\u0105 ksi\u0105\u017ck\u0105 poetyck\u0105.\u00a0<\/em>Towarzystwo Autor\u00f3w i Wydawc\u00f3w Prac Naukowych \u201eUniversitas\u201d. Krak\u00f3w 2021, ss. 214.<\/li>\n<li>Monografie redagowane:<\/li>\n<li><em>Par c\u0153ur. Tw\u00f3rczo\u015b\u0107 dla dzieci i m\u0142odzie\u017cy raz jeszcze<\/em>. Red. I. Gralewicz-Wolny, B. Mytych-Forajter. Wydawnictwo Uniwersytetu \u015al\u0105skiego. Katowice 2016, ss. 262.<\/li>\n<li><em>Janowe. Teksty i konteksty<\/em>. Red. I. Gralewicz-Wolny, J. Kisiel, B. Mytych-Forajter. Wydawnictwo Uniwersytetu \u015al\u0105skiego. Katowice 2020, ss. 258.<\/li>\n<\/ul>\n<p>Artyku\u0142y i rozdzia\u0142y w monografiach zbiorowych (wyb\u00f3r):<\/p>\n<ul>\n<li><em>\u00a0\u201eTysi\u0105c wierszy\u201d. O poezji Wioletty Grzegorzewskiej tropem \u201eGugu\u0142\u201d (b\u0105d\u017a odwrotnie).\u00a0<\/em>\u201ePozna\u0144skie Studia Polonistyczne. Seria Literacka\u201d 2018, nr 1, s. 115\u2013125.<\/li>\n<li><em>\u201eJest u nas kto\u015b obcy\u201d<\/em>.\u00a0<em>\u201eRubie\u017c\u201d Olgi Tokarczuk.\u00a0<\/em>W:\u00a0<em>Dyskursy go\u015bcinno\u015bci<\/em>.\u00a0<em>Etyka wsp\u00f3\u0142bycia w perspektywie p\u00f3\u017anej nowoczesno\u015bci.\u00a0<\/em>Red. A. Dziadek, M. Glosowitz, D. Kujawa, K. Szopa. Instytut Bada\u0144 Literackich PAN. Warszawa 2018, s. 175\u2013189.<\/li>\n<li><em>Po\u017cegnanie poety. Kamie\u0144ska \u2013 Szymborska \u2013 Kozio\u0142.<\/em>\u00a0W:\u00a0<em>Formy (nie)obecno\u015bci: szkice o wsp\u00f3\u0142czesnej poezji kobiet.<\/em>\u00a0Red. J. Gr\u0105dziel-W\u00f3jcik, A. Kwiatkowska, E. So\u0142tys-Lewandowska. Towarzystwo Autor\u00f3w i Wydawc\u00f3w Prac Naukowych Universitas. Krak\u00f3w 2018, s. 139<em>\u2013<\/em>148.<\/li>\n<li>Has\u0142a:\u00a0<em>Cytat<\/em>,\u00a0<em>Errata<\/em>,\u00a0<em>Kanon<\/em>,\u00a0<em>Incipit<\/em>,\u00a0<em>Motto<\/em>. W:\u00a0<em>Ilustrowany s\u0142ownik termin\u00f3w literackich. Historia, anegdota, etymologia<\/em>. Red. Z. Kad\u0142ubek, B. Mytych-Forajter, A. Nawarecki. Wydawnictwo s\u0142owo\/obraz terytoria. Gda\u0144sk 2018.<\/li>\n<li><em>Mi\u0119dzy Genezis a Apokalips\u0105. Wok\u00f3\u0142 opowiadania \u201eDeus ex\u201d Olgi Tokarczuk<\/em>. \u201eKultura Wsp\u00f3\u0142czesna. Teoria. Interpretacje. Praktyka\u201d 2020, nr 2, s. 178<em>\u2013<\/em>187.<\/li>\n<li><em>Przymierze \u017cywio\u0142\u00f3w. O \u201eCudownej podr\u00f3\u017cy\u201d Selmy Lagerl\u00f6f<\/em>. W:\u00a0<em>\u017bywio\u0142y w literaturze dzieci\u0119cej<\/em>.\u00a0<em>Powietrze.<\/em>\u00a0Red. A. Czabanowska-Wr\u00f3bel, K. Zabawa. Wydawnictwo Uniwersytetu Jagiello\u0144skiego.\u00a0 Krak\u00f3w 2020, s. 85<em>\u2013<\/em>96.<\/li>\n<li><em>Ad minimum. \u201eProfesor Andrews w Warszawie\u201d Olgi Tokarczuk jako opowie\u015b\u0107 o potrzebach<\/em>. \u201eKultura Wsp\u00f3\u0142czesna. Teoria. Interpretacje. Praktyka\u201d 2022, nr 1, s. 137<em>\u2013<\/em>149.<\/li>\n<\/ul>\n<p>\n<\/div>\r\n                    <\/div>\r\n                <\/div>[\/vc_tta_section][vc_tta_section title=&#8221;ENGLISH&#8221; tab_id=&#8221;1696252715456-7a1c3c83-9fb3&#8243;]\r\n                <div class=\"text-modules\">\r\n                    <div class=\"container\">\r\n                        \r\n                        <div class=\"text-modules__content\"><p><strong>Iwona Gralewicz-Wolny, PhD, DLitt<\/strong><\/p>\n<p><strong>Associate Professor in the Institute of Literary Studies<br \/>\n<\/strong><strong>Faculty of Humanities<\/strong><\/p>\n<p><a href=\"mailto:iwona.gralewicz-wolny@us.edu.pl\">iwona.gralewicz-wolny@us.edu.pl<\/a><\/p>\n<p>&nbsp;<\/p>\n<p>ORCID: 0000-0001-5508-9805<\/p>\n<p><a href=\"https:\/\/www.researchgate.net\/profile\/Iwona_Gralewicz-Wolny\">https:\/\/www.researchgate.net\/profile\/Iwona_Gralewicz-Wolny<\/a><\/p>\n<p><strong>Research interests:<\/strong><\/p>\n<p>Polish poetry of the 20th and 21st centuries, short prose forms in contemporary Polish literature, literature for children and adolescents, theory of reading<\/p>\n<p><strong>Most important publications:<\/strong><\/p>\n<ol>\n<li><em>Poetka i \u015awiat. Studia i szkice o tw\u00f3rczo\u015bci Wis\u0142awy Szymborskiej\u00a0<\/em>[A poetess and the world. Studies and essays on Wis\u0142awa Szymborska\u2019s works]. Wydawnictwo Uniwersytetu \u015al\u0105skiego. Katowice 2014. ISBN: 978-83-226-2282-7, 214 pages.<\/li>\n<li>Dictionary entries:\u00a0<em>Cytat<\/em>,\u00a0<em>Errata<\/em>,\u00a0<em>Kanon<\/em>,\u00a0<em>Incipit<\/em>,\u00a0<em>Motto\u00a0<\/em>[Quotation, erratum, canon, incipit, motto]. In:\u00a0<em>Ilustrowany s\u0142ownik termin\u00f3w literackich. Historia, anegdota, etymologia\u00a0<\/em>[An illustrated dictionary of literary terms. History, anecdote and etymology]. Z. Kad\u0142ubek, B. Mytych-Forajter, A. Nawarecki (eds.). Wydawnictwo s\u0142owo\/obraz terytoria. Gda\u0144sk 2018. ISBN: 978-83-7453-488-8.<\/li>\n<li><em>Po\u017cegnanie poety. Kamie\u0144ska \u2013 Szymborska \u2013 Kozio\u0142\u00a0<\/em>[Farewell to the poet. Kamie\u0144ska \u2013 Szymborska \u2013 Kozio\u0142]<em>.<\/em>\u00a0In:\u00a0<em>Formy (nie)obecno\u015bci: szkice o wsp\u00f3\u0142czesnej poezji kobiet.<\/em>\u00a0Gr\u0105dziel-W\u00f3jcik, A. Kwiatkowska, E. So\u0142tys-Lewandowska (eds.). Towarzystwo Autor\u00f3w i Wydawc\u00f3w Prac Naukowych Universitas. Krak\u00f3w 2018. ISBN: 97883-242-3489-9, pp. 139<em>\u2013<\/em>148.<\/li>\n<li><em>Po pierwsze. O literaturze dla dzieci (i nie tylko)\u00a0<\/em>[First. On literature for children (and not only)]. Wydawnictwo Uniwersytetu Jagiello\u0144skiego. Krak\u00f3w 2019. ISBN: 978-83-233-4766-8, 184 pages \u2013 with Beata Mytych-Forajter<\/li>\n<li><em>Mi\u0119dzy Genezis a Apokalips\u0105. Wok\u00f3\u0142 opowiadania \u201eDeus ex\u201d Olgi Tokarczuk\u00a0<\/em>[Between Genezis and Apokalypse. On Olga Tokarczuk\u2019s short story \u201cDeus ex\u201d]. \u201cKultura Wsp\u00f3\u0142czesna\u201d 2020, no. 2, pp. 178<em>\u2013<\/em><\/li>\n<\/ol>\n<p><strong>Academic outreach and engagement:<\/strong><\/p>\n<ol>\n<li>Seminar:\u00a0<em>Co zosta\u0142o z Niziurskiego?\u00a0<\/em>[What has been left from Niziurski\u2019s works?]. Katowice, 15 May, 2019 (co-organizer representing the PAN Historic-Literary Commission , the Katowice Section).<\/li>\n<li>The National Literary Festival for Children and Adolescents \u201cKacze Pi\u00f3ro\u201d, organized by the Linguistic Workshop in the Youth Palace in Katowice and the Children and Adolescents\u2019 Society for Free Time (Chair of the Jury in the years 2015, 2016, 2018, and 2019).<\/li>\n<\/ol>\n<p>\n<\/div>\r\n                    <\/div>\r\n                <\/div>[\/vc_tta_section][\/vc_tta_tabs][\/vc_column][vc_column width=&#8221;1\/3&#8243;]\r\n                <div class=\"text-modules\">\r\n                    <div class=\"container\">\r\n                        \r\n                        <div class=\"text-modules__content\"><\/p>\n<p>&nbsp;<\/p>\n<p><img class=\"alignnone size-medium wp-image-145\" src=\"http:\/\/us.edu.pl\/instytut\/ipo\/wp-content\/uploads\/sites\/74\/Pracownicy\/Gralewicz-Wolny-zdjecie-576x1024-1-169x300.jpg\" alt=\"Iwona Gralewicz-Wolny\" width=\"100%\" height=\"auto\" srcset=\"https:\/\/us.edu.pl\/instytut\/ipo\/wp-content\/uploads\/sites\/74\/Pracownicy\/Gralewicz-Wolny-zdjecie-576x1024-1-169x300.jpg 169w, https:\/\/us.edu.pl\/instytut\/ipo\/wp-content\/uploads\/sites\/74\/Pracownicy\/Gralewicz-Wolny-zdjecie-576x1024-1-323x575.jpg 323w, https:\/\/us.edu.pl\/instytut\/ipo\/wp-content\/uploads\/sites\/74\/Pracownicy\/Gralewicz-Wolny-zdjecie-576x1024-1.jpg 576w\" sizes=\"(max-width: 169px) 100vw, 169px\" \/><\/p>\n<\/div>\r\n                    <\/div>\r\n                <\/div>[\/vc_column][\/vc_row]<\/p>","protected":false},"excerpt":{"rendered":"<p>[vc_row][vc_column][\/vc_column][\/vc_row][vc_row el_class=&#8221;container&#8221;][vc_column width=&#8221;2\/3&#8243;][vc_tta_tabs active_section=&#8221;1&#8243;][vc_tta_section title=&#8221;POLISH&#8221; tab_id=&#8221;1696245225773-eae4e9a1-2c7a&#8221;][\/vc_tta_section][vc_tta_section title=&#8221;ENGLISH&#8221; tab_id=&#8221;1696252715456-7a1c3c83-9fb3&#8243;][\/vc_tta_section][\/vc_tta_tabs][\/vc_column][vc_column width=&#8221;1\/3&#8243;][\/vc_column][\/vc_row] [&#8230;]<\/p>\n<p><a class=\"btn btn-secondary understrap-read-more-link\" href=\"https:\/\/us.edu.pl\/instytut\/ipo\/pracownicy\/iwona-gralewicz-wolny\/\">Read More&#8230;<\/a><\/p>\n","protected":false},"author":7254,"featured_media":0,"parent":84,"menu_order":0,"comment_status":"closed","ping_status":"closed","template":"","meta":{"_expiration-date-status":"","_expiration-date":0,"_expiration-date-type":"","_expiration-date-categories":[],"_expiration-date-options":[]},"acf":[],"_links":{"self":[{"href":"https:\/\/us.edu.pl\/instytut\/ipo\/wp-json\/wp\/v2\/pages\/144"}],"collection":[{"href":"https:\/\/us.edu.pl\/instytut\/ipo\/wp-json\/wp\/v2\/pages"}],"about":[{"href":"https:\/\/us.edu.pl\/instytut\/ipo\/wp-json\/wp\/v2\/types\/page"}],"author":[{"embeddable":true,"href":"https:\/\/us.edu.pl\/instytut\/ipo\/wp-json\/wp\/v2\/users\/7254"}],"replies":[{"embeddable":true,"href":"https:\/\/us.edu.pl\/instytut\/ipo\/wp-json\/wp\/v2\/comments?post=144"}],"version-history":[{"count":1,"href":"https:\/\/us.edu.pl\/instytut\/ipo\/wp-json\/wp\/v2\/pages\/144\/revisions"}],"predecessor-version":[{"id":146,"href":"https:\/\/us.edu.pl\/instytut\/ipo\/wp-json\/wp\/v2\/pages\/144\/revisions\/146"}],"up":[{"embeddable":true,"href":"https:\/\/us.edu.pl\/instytut\/ipo\/wp-json\/wp\/v2\/pages\/84"}],"wp:attachment":[{"href":"https:\/\/us.edu.pl\/instytut\/ipo\/wp-json\/wp\/v2\/media?parent=144"}],"curies":[{"name":"wp","href":"https:\/\/api.w.org\/{rel}","templated":true}]}}