{"id":156,"date":"2023-10-02T16:39:39","date_gmt":"2023-10-02T14:39:39","guid":{"rendered":"https:\/\/us.edu.pl\/instytut\/ipo\/?page_id=156"},"modified":"2025-12-01T16:01:00","modified_gmt":"2025-12-01T15:01:00","slug":"mariusz-jochemczyk","status":"publish","type":"page","link":"https:\/\/us.edu.pl\/instytut\/ipo\/pracownicy\/mariusz-jochemczyk\/","title":{"rendered":"Mariusz Jochemczyk"},"content":{"rendered":"<p>[vc_row el_class=&#8221;container&#8221;][vc_column width=&#8221;2\/3&#8243;]\r\n                <div class=\"text-modules \">\r\n                    <div class=\"container\">\r\n                        <h3 class=\"section-title section-title_border-bottom\">Mariusz Jochemczyk<\/h3> <h3 class=\"subtitle text-modules__subtitle\">mariusz.jochemczyk@us.edu.pl<\/h3>\r\n                        <div class=\"row m-0\">\r\n                            <div class=\"text-modules__content\">\r\n                                 \r\n                                <div class=\"mt-3\"><a href=\"https:\/\/orcid.org\/0000-0002-0671-6355\" class=\"link-button mr-3 \">ORCID<\/a><a href=\"https:\/\/www.researchgate.net\/profile\/Mariusz-Jochemczyk\" class=\"link-button mr-3 \">ResearchGate<\/a><a href=\"https:\/\/scholar.google.com\/citations?user=uJobJXYAAAAJ&hl=pl\" class=\"link-button mr-3 \">GoogleScholar<\/a><\/div>\r\n                            <\/div>\r\n                            \r\n                            \r\n                        <\/div>\r\n                    <\/div>\r\n                <\/div>[vc_tta_tabs active_section=&#8221;1&#8243;][vc_tta_section title=&#8221;POLISH&#8221; tab_id=&#8221;1696245225773-eae4e9a1-2c7a&#8221;]\r\n                <div class=\"text-modules\">\r\n                    <div class=\"container\">\r\n                        \r\n                        <div class=\"text-modules__content\"><p><strong>dr hab. Mariusz Jochemczyk, prof. U\u015a <\/strong>\u2013 polonista, historyk i teoretyk literatury, eseista, doktor habilitowany nauk humanistycznych. Redaktor naczelny p\u00f3\u0142rocznika naukowego \u201eFabrica Litterarum Polono-Italica&#8221;. Cz\u0142onek Komisji Historycznoliterackiej PAN w Katowicach.<\/p>\n<p><strong>Najwa\u017cniejsze publikacje (od najnowszych):<\/strong><\/p>\n<hr \/>\n<p><strong>a\/ ksi\u0105\u017cki autorskie<\/strong><\/p>\n<ol>\n<li><em>My\u015ble\u0107 Kafk\u0105. Teksty i konteksty.<\/em> Wydawnictwo Uniwersytetu \u015al\u0105skiego. Katowice 2023. ISBN: 978-83-226-4302-0, s. 272. [wsp\u00f3\u0142autorzy: J. Olejniczak, M. Piotrowiak].<\/li>\n<li>Wobec tradycji. \u015al\u0105skie szkice oikologiczne. Wydawnictwo Uniwersytetu \u015al\u0105skiego. Katowice 2015. ISBN: 978-83-8012-761-6, s. 144.<\/li>\n<li><em>Sploty tradycji. Dwug\u0142osy o literaturze polskiej XX wieku<\/em>. Wydawnictwo Uniwersytetu \u015al\u0105skiego. Katowice 2014. ISBN: 978-83-8012-144-7, s. 240.<\/li>\n<li><em>Nasz Broniewski. Prelekcje warszawskie<\/em>.\u00a0<em>Wydawnictwo<\/em>\u00a0Naukowe ExMachina. Katowice 2009. ISBN: 978-83-61137-16-0, s. 121. [wsp\u00f3\u0142autorzy: M. Piotrowiak, M. Tramer].<\/li>\n<li><em>Rzeczy piekielne. Wok\u00f3\u0142 \u201ePoematu Piasta Dantyszka\u201d Juliusza S\u0142owackiego. <\/em>Wydawnictwo Uniwersytetu \u015al\u0105skiego. Katowice 2006. ISBN: 83-226-1602-3, s. 204.<\/li>\n<\/ol>\n<p><strong>b\/ edycje naukowe<\/strong><\/p>\n<ol>\n<li><a href=\"https:\/\/pl.wikipedia.org\/wiki\/Stefan_Szymutko\">S. Szymutko<\/a>: <em><a href=\"https:\/\/rebus.us.edu.pl\/handle\/20.500.12128\/2938\">Po co literatura jeszcze jest? Pisma rozproszone<\/a><\/em>. Wyb\u00f3r, opracowanie i pos\u0142owie G. Olsza\u0144ski, M. Jochemczyk. Katowice 2013, s. 278.<\/li>\n<li><a href=\"https:\/\/monograph.us.edu.pl\/index.php\/wydawnictwo\/catalog\/book\/PN.4279\">K. Alberti: <em>Dusza Kalabrii<\/em><\/a>. Przek\u0142. S. Struga\u0142a, M. \u015alarzy\u0144ska. T\u0142um. przejrza\u0142 M. Wyrembelski. Wst\u0119p, przypisy, indeksy osobowe, indeksy geograficzne M. Jochemczyk, M. Piotrowiak (przy wsp\u00f3\u0142udziale J. Janas). Katowice 2025, s. 392.<\/li>\n<\/ol>\n<p><strong>c\/ artyku\u0142y i rozprawy (wyb\u00f3r)<\/strong><\/p>\n<ol>\n<li><em>Wynale\u017a\u0107 wysp\u0119. Podw\u00f3jna lektura ksi\u0105\u017cki &#8222;Czerwony \u015bnieg na Etnie&#8221; Jaros\u0142awa Miko\u0142ajewskiego i Paw\u0142a Smole\u0144skiego<\/em>. &#8222;Postscriptum Polonistyczne&#8221; 2023, nr 2 [wsp\u00f3\u0142autor: M. Piotrowiak].<\/li>\n<li><em>Filolog i rzeczywisto\u015b\u0107. Przypadek Stefana Szymutki.<strong> \u201e<\/strong><\/em>Litteraria Copernicana\u201d 2022, nr 2, s. 109-114.<\/li>\n<li><em>\u201eB\u0119karty wojny\u201d. W\u0142oskie reminiscencje w pisarstwie Artura Mi\u0119dzyrzeckiego. <\/em>\u201eFabrica Litterarum Polono-Italica\u201d 2021, nr 1 (3), s. 45-58.<\/li>\n<li><em>Uniwersytet w stanie podejrzenia. Na marginesie \u201eSprawozdania dla Akademii\u201d Franza Kafki. <\/em>\u201eActa Universitatis Lodziensis. Folia Litteraria Polonica\u201d 2020, nr 4, s. 9-28.<\/li>\n<li><em>Okiem pisarza. Podr\u00f3\u017ce literackie po G\u00f3rnym \u015al\u0105sku w dwudziestoleciu mi\u0119dzywojennym<\/em>. W: <em>Industria. Konteksty nieoczywiste<\/em>. Red. M. Skrzypek, L. Krzy\u017canowski. Katowice 2019, s. 121-136.<\/li>\n<li><em>\u201eAd fontes\u201d<\/em>. <em>Nataszy Goerke powroty do Nepalu<\/em>. \u201eAnthropos?\u201d 2017, nr 26, s. 82-92.<\/li>\n<li>\u201e<em>Spustoszony krajobraz\u201d. (Nie tylko) o jednym wierszu Henryka Bereski<\/em>. W:\u00a0<em>Wiersz-rzeka<\/em>. Red. Mi\u0142osz Piotrowiak, Mariusz Jochemczyk. Wydawnictwo Uniwersytetu \u015al\u0105skiego. Katowice 2016. ISBN: 978-83-801-2810-1, s. 161-175.<\/li>\n<li><em>Odwr\u00f3cona perspektywa. Ma\u0142a Ameryka Haliny Po\u015bwiatowskiej<\/em>. W:\u00a0<em>Balaghan.\u00a0Mikro\u015bwiaty i nanohistorie<\/em>. Red. Mariusz Jochemczyk, Magdalena Kokoszka, Beata Mytych-Forajter. Katowice 2015. ISBN: 978-83-8012-637-4, ss. 99\u2013107.<\/li>\n<li>\u201e<em>Jest tylko Beatrycze. I w\u0142a\u015bnie jej nie ma\u201d. Szkice do portretu Beatrice Cenci<\/em>. \u201e\u015al\u0105skie Studia Polonistyczne\u201d 2012, nr 1-2, s. 131-151.<\/li>\n<li><em>Metamorfozy cia\u0142a<\/em>. \u201eLiteratura na \u015awiecie\u201d 2012, nr 7-8, s. 78-98.<\/li>\n<li><em>O mechanizmie ironii w felietonach Micha\u0142a Og\u00f3rka<\/em>. \u201ePoradnik J\u0119zykowy\u201d 1997, z. 5, s. 31-42.<\/li>\n<\/ol>\n<p><strong>d\/ ksi\u0105\u017cki redagowane<\/strong><\/p>\n<ol>\n<li><em>Broniewski<\/em>. Pod red. M. Jochemczyka, S. K\u0119dzierskiego, M. Piotrowiaka, M. Tramera. Katowice 2009, s. 277.<\/li>\n<li><em>Podw\u00f3jny agent. Portrety Kafki<\/em>. Red. M. Jochemczyk, Z. Kad\u0142ubek, M. Piotrowiak. Katowice\u00a0 2012, s. 202.<\/li>\n<li><em>Urzeczenie. Locje literatury i wyobra\u017ani<\/em>. Pod red. M. Jochemczyka i M. Piotrowiaka. Katowice 2013, s. 374.<\/li>\n<li><em>Balaghan.<\/em> <em>Mikro\u015bwiaty i nanohistorie. <\/em>Red. M. Jochemczyk, M. Kokoszka, B. Mytych-Forajter. Katowice 2015, s. 488.<\/li>\n<li><em>Wiersz-rzeka. <\/em>Red. M. Piotrowiak i M. Jochemczyk. Katowice 2016.<\/li>\n<li><em>Trans-misje: polsko-w\u0142oskie relacje w literaturze, kulturze i j\u0119zyku. Tom jubileuszowy ofiarowany Profesor Janinie Janas<\/em>. Red. M. Jochemczyk, M. Piotrowiak, A. F. De Carlo. Warszawa 2021, s. 459.<\/li>\n<\/ol>\n<p><strong>Udzia\u0142 w grantach i projektach badawczych:<\/strong><\/p>\n<hr \/>\n<ol>\n<li>Kierownik grantu Narodowego Programu Rozwoju Humanistyki \u2013 Uniwersalia 2.2: <em>\u201e<\/em><em>Z ziemi w\u0142oskiej do Polski\u2026\u201d. T\u0142umaczenie oraz edycja naukowa wraz z komparatystycznym komentarzem tetralogii reporterskiej Kazimiery Alberti. <\/em>Projekt NPRH\/U22\/SP\/0025\/2025\/12 skierowany do realizacji w latach 2023-2028.<\/li>\n<li>Wykonawca w grancie Narodowego Programu Rozwoju Humanistyki: <em>Historyczny s\u0142ownik termin\u00f3w literackich. \u0179r\u00f3d\u0142a i przemiany wybranych poj\u0119\u0107<\/em>. Projekt NPRH nr 0104\/NPRH2\/H11\/81\/2013, realizowany w latach 2013-2017 \u2013 kierownik: Aleksander Nawarecki.<\/li>\n<\/ol>\n<p>\n<\/div>\r\n                    <\/div>\r\n                <\/div>[\/vc_tta_section][\/vc_tta_tabs][\/vc_column][vc_column width=&#8221;1\/3&#8243;]\r\n                <div class=\"text-modules\">\r\n                    <div class=\"container\">\r\n                        \r\n                        <div class=\"text-modules__content\"><\/p>\n<p>&nbsp;<\/p>\n<p><img class=\"alignnone wp-image-402 size-large\" src=\"http:\/\/us.edu.pl\/instytut\/ipo\/wp-content\/uploads\/sites\/74\/Pracownicy\/Jochemczyk_foto-1024x768.jpg\" alt=\"Mariusz Jochemczyk\" width=\"640\" height=\"480\" srcset=\"https:\/\/us.edu.pl\/instytut\/ipo\/wp-content\/uploads\/sites\/74\/Pracownicy\/Jochemczyk_foto-1024x768.jpg 1024w, https:\/\/us.edu.pl\/instytut\/ipo\/wp-content\/uploads\/sites\/74\/Pracownicy\/Jochemczyk_foto-300x225.jpg 300w, https:\/\/us.edu.pl\/instytut\/ipo\/wp-content\/uploads\/sites\/74\/Pracownicy\/Jochemczyk_foto-768x576.jpg 768w, https:\/\/us.edu.pl\/instytut\/ipo\/wp-content\/uploads\/sites\/74\/Pracownicy\/Jochemczyk_foto-1536x1152.jpg 1536w, https:\/\/us.edu.pl\/instytut\/ipo\/wp-content\/uploads\/sites\/74\/Pracownicy\/Jochemczyk_foto-2048x1536.jpg 2048w, https:\/\/us.edu.pl\/instytut\/ipo\/wp-content\/uploads\/sites\/74\/Pracownicy\/Jochemczyk_foto-575x431.jpg 575w\" sizes=\"(max-width: 640px) 100vw, 640px\" \/><\/p>\n<\/div>\r\n                    <\/div>\r\n                <\/div>[\/vc_column][\/vc_row]<\/p>","protected":false},"excerpt":{"rendered":"<p>[vc_row el_class=&#8221;container&#8221;][vc_column width=&#8221;2\/3&#8243;][vc_tta_tabs active_section=&#8221;1&#8243;][vc_tta_section title=&#8221;POLISH&#8221; tab_id=&#8221;1696245225773-eae4e9a1-2c7a&#8221;][\/vc_tta_section][\/vc_tta_tabs][\/vc_column][vc_column width=&#8221;1\/3&#8243;][\/vc_column][\/vc_row] [&#8230;]<\/p>\n<p><a class=\"btn btn-secondary understrap-read-more-link\" href=\"https:\/\/us.edu.pl\/instytut\/ipo\/pracownicy\/mariusz-jochemczyk\/\">Read More&#8230;<\/a><\/p>\n","protected":false},"author":7254,"featured_media":0,"parent":84,"menu_order":0,"comment_status":"closed","ping_status":"closed","template":"","meta":{"_expiration-date-status":"","_expiration-date":0,"_expiration-date-type":"","_expiration-date-categories":[],"_expiration-date-options":[]},"acf":[],"_links":{"self":[{"href":"https:\/\/us.edu.pl\/instytut\/ipo\/wp-json\/wp\/v2\/pages\/156"}],"collection":[{"href":"https:\/\/us.edu.pl\/instytut\/ipo\/wp-json\/wp\/v2\/pages"}],"about":[{"href":"https:\/\/us.edu.pl\/instytut\/ipo\/wp-json\/wp\/v2\/types\/page"}],"author":[{"embeddable":true,"href":"https:\/\/us.edu.pl\/instytut\/ipo\/wp-json\/wp\/v2\/users\/7254"}],"replies":[{"embeddable":true,"href":"https:\/\/us.edu.pl\/instytut\/ipo\/wp-json\/wp\/v2\/comments?post=156"}],"version-history":[{"count":7,"href":"https:\/\/us.edu.pl\/instytut\/ipo\/wp-json\/wp\/v2\/pages\/156\/revisions"}],"predecessor-version":[{"id":1681,"href":"https:\/\/us.edu.pl\/instytut\/ipo\/wp-json\/wp\/v2\/pages\/156\/revisions\/1681"}],"up":[{"embeddable":true,"href":"https:\/\/us.edu.pl\/instytut\/ipo\/wp-json\/wp\/v2\/pages\/84"}],"wp:attachment":[{"href":"https:\/\/us.edu.pl\/instytut\/ipo\/wp-json\/wp\/v2\/media?parent=156"}],"curies":[{"name":"wp","href":"https:\/\/api.w.org\/{rel}","templated":true}]}}