{"id":165,"date":"2023-10-03T13:30:08","date_gmt":"2023-10-03T11:30:08","guid":{"rendered":"https:\/\/us.edu.pl\/instytut\/ipo\/?page_id=165"},"modified":"2023-10-03T13:30:08","modified_gmt":"2023-10-03T11:30:08","slug":"marian-kisiel","status":"publish","type":"page","link":"https:\/\/us.edu.pl\/instytut\/ipo\/pracownicy\/marian-kisiel\/","title":{"rendered":"Marian Kisiel"},"content":{"rendered":"<p>[vc_row][vc_column]\r\n                <div class=\"text-modules\">\r\n                    <div class=\"container\">\r\n                        \r\n                        <div class=\"text-modules__content\"><\/p>\n<h3><span style=\"color: #002e5a;\">Marian Kisiel<\/span><\/h3>\n<hr \/>\n<p>\n<\/div>\r\n                    <\/div>\r\n                <\/div>[\/vc_column][\/vc_row][vc_row el_class=&#8221;container&#8221;][vc_column width=&#8221;2\/3&#8243;][vc_tta_tabs active_section=&#8221;1&#8243;][vc_tta_section title=&#8221;POLISH&#8221; tab_id=&#8221;1696245225773-eae4e9a1-2c7a&#8221;]\r\n                <div class=\"text-modules\">\r\n                    <div class=\"container\">\r\n                        \r\n                        <div class=\"text-modules__content\"><\/p>\n<p class=\"western\" align=\"justify\"><b>prof. dr hab. Marian Kisiel<\/b> \u2013 historyk i krytyk literacki, poeta, t\u0142umacz. Cz\u0142onek Komitetu Nauk o Literaturze PAN. Zajmuj\u0105 go takie tematy, jak: historia literatury jako nauka o literaturze, kultura literacka jako wyzwanie rzucone socjologii lektury, krytyka literacka jako wyznanie autobiograficzne, literatura emigracyjna jako splot program\u00f3w i postaw ideowych, poezja jako do\u015bwiadczenie. Autor kilkunastu ksi\u0105\u017cek, wsp\u00f3\u0142redaktor kilkudziesi\u0119ciu tom\u00f3w zbiorowych oraz artyku\u0142\u00f3w w monografiach i czasopismach.<\/p>\n<p class=\"western\" align=\"justify\">Kontakt: <a href=\"mailto:marian.kisiel@us.edu.pl\">marian.kisiel@us.edu.pl<\/a><\/p>\n<p class=\"western\" align=\"justify\">ORCID 0000\u20130002\u20136752\u20132407<\/p>\n<p class=\"western\"><b>Wybrane publikacje:<\/b><\/p>\n<ol>\n<li class=\"western\"><i>Mi\u0119dzy wierszami. Jedena\u015bcie miniatur krytycznych<\/i>. Wydawnictwo Uniwersytetu \u015al\u0105skiego. Katowice 2015. ISBN 978-83-8012-726-5, ss. 128.<\/li>\n<li class=\"western\"><i>Critica varia<\/i>. Wydawnictwo Uniwersytetu \u015al\u0105skiego. Katowice 2013. ISBN 978-83-226-2191-2, ss. 256.<\/li>\n<li class=\"western\"><i>Ruiny istnienia. Szkice o poetach mniej obecnych<\/i>. Wydawnictwo Uniwersytetu \u015al\u0105skiego. Katowice 2013. ISBN 978-83-226-2180-6, ss. 160.<\/li>\n<li class=\"western\"><i>Ananke i Polska. O liryce Zdzis\u0142awa Stroi\u0144skiego<\/i>. Wydawnictwo Uniwersytetu \u015al\u0105skiego. Katowice 2010. ISBN 978-83-226-1996-4, ss. 172.<\/li>\n<li class=\"western\"><i>Przypisy do wsp\u00f3\u0142czesno\u015bci<\/i>. Wy\u017csza Szko\u0142a Zarz\u0105dzania Marketingowego i J\u0119zyk\u00f3w Obcych. Katowice 2006. ISBN 83-923560-1-2, ss. 184.<\/li>\n<li class=\"western\"><i>Pokolenia i prze\u0142omy. Szkice o literaturze polskiej drugiej po\u0142owy XX wieku<\/i>. Wydawnictwo Uniwersytetu \u015al\u0105skiego. Katowice 2004. ISBN 83-226-1313-X, ss. 184.<\/li>\n<li class=\"western\"><i>Pami\u0119\u0107, biografia, s\u0142owo. Szkice o poetach dw\u00f3ch generacji<\/i>. Wydawnictwa Naukowe i Artystyczne Gnome. Katowice 2000. ISBN 83-87819-70-0, ss. 126.<\/li>\n<li class=\"western\"><i>Zmiana. Z problem\u00f3w \u015bwiadomo\u015bci literackiej prze\u0142omu 1955\u20131959 w Polsce<\/i>. Wydawnictwo Uniwersytetu \u015al\u0105skiego. Katowice 1999. ISBN 83-226-0870-5, ss. 148 s. \u2013 Wyd. 2, tam\u017ce 2014. ISBN 978-83-226-2279-7, ss. 224.<\/li>\n<li class=\"western\"><i>Od R\u00f3\u017cewicza. Ma\u0142e szkice o poezji<\/i>. Forum Sztuk. Katowice 1999. ISBN 83-87864-09-9, ss. 144.<\/li>\n<li class=\"western\"><i>\u015awiadectwa, znaki. Glosy o poezji najnowszej<\/i>. Wydawnictwo Naukowe \u201e\u015al\u0105sk\u201d. Katowice 1998. ISBN 83-7164-094-3, ss. 244.<\/li>\n<\/ol>\n<p>\n<\/div>\r\n                    <\/div>\r\n                <\/div>[\/vc_tta_section][\/vc_tta_tabs][\/vc_column][vc_column width=&#8221;1\/3&#8243;]\r\n                <div class=\"text-modules\">\r\n                    <div class=\"container\">\r\n                        \r\n                        <div class=\"text-modules__content\"><\/p>\n<p>&nbsp;<\/p>\n<p><img class=\"alignnone wp-image-166 size-full\" src=\"http:\/\/us.edu.pl\/instytut\/ipo\/wp-content\/uploads\/sites\/74\/Pracownicy\/Marian-Kisiel_zdjecie-e1613063427273-768x709-1.jpg\" alt=\"\" width=\"100%\" height=\"auto\" srcset=\"https:\/\/us.edu.pl\/instytut\/ipo\/wp-content\/uploads\/sites\/74\/Pracownicy\/Marian-Kisiel_zdjecie-e1613063427273-768x709-1.jpg 768w, https:\/\/us.edu.pl\/instytut\/ipo\/wp-content\/uploads\/sites\/74\/Pracownicy\/Marian-Kisiel_zdjecie-e1613063427273-768x709-1-300x277.jpg 300w, https:\/\/us.edu.pl\/instytut\/ipo\/wp-content\/uploads\/sites\/74\/Pracownicy\/Marian-Kisiel_zdjecie-e1613063427273-768x709-1-575x531.jpg 575w\" sizes=\"(max-width: 768px) 100vw, 768px\" \/><\/p>\n<\/div>\r\n                    <\/div>\r\n                <\/div>[\/vc_column][\/vc_row]<\/p>","protected":false},"excerpt":{"rendered":"<p>[vc_row][vc_column][\/vc_column][\/vc_row][vc_row el_class=&#8221;container&#8221;][vc_column width=&#8221;2\/3&#8243;][vc_tta_tabs active_section=&#8221;1&#8243;][vc_tta_section title=&#8221;POLISH&#8221; tab_id=&#8221;1696245225773-eae4e9a1-2c7a&#8221;][\/vc_tta_section][\/vc_tta_tabs][\/vc_column][vc_column width=&#8221;1\/3&#8243;][\/vc_column][\/vc_row] [&#8230;]<\/p>\n<p><a class=\"btn btn-secondary understrap-read-more-link\" href=\"https:\/\/us.edu.pl\/instytut\/ipo\/pracownicy\/marian-kisiel\/\">Read More&#8230;<\/a><\/p>\n","protected":false},"author":7254,"featured_media":0,"parent":84,"menu_order":0,"comment_status":"closed","ping_status":"closed","template":"","meta":{"_expiration-date-status":"","_expiration-date":0,"_expiration-date-type":"","_expiration-date-categories":[],"_expiration-date-options":[]},"acf":[],"_links":{"self":[{"href":"https:\/\/us.edu.pl\/instytut\/ipo\/wp-json\/wp\/v2\/pages\/165"}],"collection":[{"href":"https:\/\/us.edu.pl\/instytut\/ipo\/wp-json\/wp\/v2\/pages"}],"about":[{"href":"https:\/\/us.edu.pl\/instytut\/ipo\/wp-json\/wp\/v2\/types\/page"}],"author":[{"embeddable":true,"href":"https:\/\/us.edu.pl\/instytut\/ipo\/wp-json\/wp\/v2\/users\/7254"}],"replies":[{"embeddable":true,"href":"https:\/\/us.edu.pl\/instytut\/ipo\/wp-json\/wp\/v2\/comments?post=165"}],"version-history":[{"count":1,"href":"https:\/\/us.edu.pl\/instytut\/ipo\/wp-json\/wp\/v2\/pages\/165\/revisions"}],"predecessor-version":[{"id":167,"href":"https:\/\/us.edu.pl\/instytut\/ipo\/wp-json\/wp\/v2\/pages\/165\/revisions\/167"}],"up":[{"embeddable":true,"href":"https:\/\/us.edu.pl\/instytut\/ipo\/wp-json\/wp\/v2\/pages\/84"}],"wp:attachment":[{"href":"https:\/\/us.edu.pl\/instytut\/ipo\/wp-json\/wp\/v2\/media?parent=165"}],"curies":[{"name":"wp","href":"https:\/\/api.w.org\/{rel}","templated":true}]}}