{"id":169,"date":"2023-10-03T15:37:50","date_gmt":"2023-10-03T13:37:50","guid":{"rendered":"https:\/\/us.edu.pl\/instytut\/ipo\/?page_id=169"},"modified":"2023-10-03T15:37:50","modified_gmt":"2023-10-03T13:37:50","slug":"magdalena-kokoszka","status":"publish","type":"page","link":"https:\/\/us.edu.pl\/instytut\/ipo\/pracownicy\/magdalena-kokoszka\/","title":{"rendered":"Magdalena Kokoszka"},"content":{"rendered":"<p>[vc_row][vc_column]\r\n                <div class=\"text-modules\">\r\n                    <div class=\"container\">\r\n                        \r\n                        <div class=\"text-modules__content\"><\/p>\n<h3><span style=\"color: #002e5a;\">Magdalena Kokoszka<\/span><\/h3>\n<hr \/>\n<p>\n<\/div>\r\n                    <\/div>\r\n                <\/div>[\/vc_column][\/vc_row][vc_row el_class=&#8221;container&#8221;][vc_column width=&#8221;2\/3&#8243;][vc_tta_tabs active_section=&#8221;1&#8243;][vc_tta_section title=&#8221;POLISH&#8221; tab_id=&#8221;1696245225773-eae4e9a1-2c7a&#8221;]\r\n                <div class=\"text-modules\">\r\n                    <div class=\"container\">\r\n                        \r\n                        <div class=\"text-modules__content\"><p><strong>dr Magdalena Kokoszka<\/strong><\/p>\n<p>e-mail: <a href=\"mailto:magdalena.kokoszka@us.edu.pl\">magdalena.kokoszka@us.edu.pl<\/a><\/p>\n<p><a href=\"https:\/\/orcid.org\/0000-0001-8859-5552\">https:\/\/orcid.org\/0000-0001-8859-5552<\/a><\/p>\n<p><a href=\"https:\/\/www.researchgate.net\/profile\/Magdalena_Kokoszka\">https:\/\/www.researchgate.net\/profile\/Magdalena_Kokoszka<\/a><\/p>\n<p>Doktor nauk w zakresie literaturoznawstwa (doktorat:\u00a0<em>Powtarzanie i niepowtarzalno\u015b\u0107 w antologii osobistej Tymoteusza Karpowicza. Przypadek \u201eS\u0142oj\u00f3w zadrzewnych\u201d<\/em>, 2007). Interesuj\u0119 si\u0119 poezj\u0105 polsk\u0105 ubieg\u0142ego stulecia, w szczeg\u00f3lno\u015bci jej zwi\u0105zkami z ide\u0105 przyrody, a tak\u017ce genologi\u0105 form rodzajowych bloku\u00a0<em>silva<\/em>.<\/p>\n<p><strong>Ksi\u0105\u017cki:<\/strong><\/p>\n<ul>\n<li><em>Pochwa\u0142a lekko\u015bci? Le\u015bmian \u2013 Przybo\u015b \u2013 Karpowicz.\u00a0<\/em>Katowice: Wydawnictwo Uniwersytetu \u015al\u0105skiego, 2021, ss. 223.<\/li>\n<li><em>Antologia niemo\u017cliwa<\/em>.\u00a0<em>Przypadek \u201eS\u0142oj\u00f3w zadrzewnych\u201d Tymoteusza Karpowicza.\u00a0<\/em>Katowice: Agencja Artystyczna PARA, 2011, ss. 308.<\/li>\n<li><em>\u015awiat poza p\u0142otem. Szkice o Le\u015bmianie.<\/em>\u00a0Katowice: Wydawnictwo Gnome, 2004, ss. 113 [wsp\u00f3\u0142autor: G. Ga\u0142a].<\/li>\n<\/ul>\n<p><strong>Redakcje naukowe:<\/strong><\/p>\n<ul>\n<li><em>Balaghan. Nano\u015bwiaty i mikrohistorie<\/em>. Red. M. Jochemczyk, M. Kokoszka, B. Mytych-Forajter. Katowice: Wydawnictwo Uniwersytetu \u015al\u0105skiego, 2015, ss. 485.<\/li>\n<li><em>Antologia literacka. Przemiany, ekspansja i perspektywy gatunku. Seria pierwsza.\u00a0<\/em>Red. M. Kokoszka, B. Sza\u0142asta-Rogowska. Katowice: Wydawnictwo Uniwersytetu \u015al\u0105skiego, 2017, ss. 324.<\/li>\n<\/ul>\n<p><strong>Wybrane artyku\u0142y i rozdzia\u0142y w monografiach:<\/strong><\/p>\n<ul>\n<li><em>\u201eBiotransfiguracje\u201d poetyckie? Uwagi do Tymoteusza Karpowicza koncepcji poezji<\/em>. W:\u00a0<em>Nowy autotematyzm? Metarefleksja we wsp\u00f3\u0142czesnej humanistyce.\u00a0<\/em>Red. A. Walig\u00f3ra. Pozna\u0144: Wydawnictwo Naukowe UAM, 2021, s. 135\u2013148.\u00a0<em>\u00a0<\/em><\/li>\n<li><em>Tropy zwierz\u0119ce w poezji Bogdana Czaykowskiego<\/em>. W:\u00a0<em>Kontynenty<\/em>. T. 2.\u00a0<em>Studia i szkice o tw\u00f3rczo\u015bci Bogdana Czaykowskiego.\u00a0<\/em>Red. M. Rabizo-Birek, B. Sza\u0142asta-Rogowska. Katowice: Wydawnictwo Uniwersytetu \u015al\u0105skiego, 2021, s. 141\u2013155.<\/li>\n<li><em>Animal foedissimum.\u00a0<\/em>W:\u00a0<em>Janowe. Teksty i konteksty.\u00a0<\/em>Red. I. Gralewicz-Wolny, J. Kisiel, B. Mytych-Forajter. Katowice: Wydawnictwo Uniwersytetu \u015al\u0105skiego, 2020, s. 111\u2013129.<\/li>\n<li><em>Chicagowska wiosna Przybosia. O Tymoteuszu Karpowiczu promuj\u0105cym polsk\u0105 awangard\u0119.\u00a0<\/em>\u201eTematy i Konteksty\u201d 2020 (t.10), s. 282\u2013297.<\/li>\n<li><em>Owady w poezji Jerzego Lieberta.\u00a0<\/em>W:\u00a0<em>Jerzy Liebert. Lektury.\u00a0<\/em>Red. J. Kisiel, E. Wr\u00f3bel. Katowice: Wydawnictwo Uniwersytetu \u015al\u0105skiego, 2020, s. 55\u201369.<\/li>\n<li><em>Le\u015bmianowska ballada o niedoskona\u0142o\u015bci.\u00a0<\/em>\u201eFilologia Polska. Rocznik Naukowy Uniwersytetu Zielonog\u00f3rskiego\u201d 2018 (t. 4), s. 261\u2013274.<\/li>\n<li><em>\u201e\u2026do parku, \u2026do parku\u201d. Przyczynek do interpretacji pewnej sceny parkowej.<\/em>\u00a0\u201e\u015al\u0105skie Studia Polonistyczne\u201d 2018, nr 1, s. 147\u2013162 [wsp\u00f3\u0142autorka: G. Maroszczuk].<\/li>\n<li><em>Zapach w poezji Anny \u015awirszczy\u0144skiej.\u00a0<\/em>\u201eLiteraturoznawstwo\u201d 2017 (t. 11),\u00a0 s. 77\u201386.<\/li>\n<li><em>Wybory autorskie. Przyczynek do charakterystyki zjawiska.\u00a0<\/em>W:\u00a0<em>Antologia literacka. Przemiany, ekspansja i perspektywy gatunku.\u00a0<\/em>Red. M. Kokoszka, B. Sza\u0142asta-Rogowska. Katowice: Wydawnictwo Uniwersytetu \u015al\u0105skiego, 2017, s. 50\u201361.<\/li>\n<li><em>\u201eRobactwo z czarnych \u0142\u0105k\u201d. Na marginesie \u201eM\u0142yn\u00f3w. Sonaty nieludzkiej\u201d.\u00a0<\/em>W:\u00a0<em>W\u0142adys\u0142aw Seby\u0142a. Lektury.\u00a0<\/em>Red. J. Kisiel, E. Wr\u00f3bel. Katowice: Wydawnictwo Uniwersytetu \u015al\u0105skiego, 2017, s. 141\u2013155.<\/li>\n<li><em>Gzy \u017celazne i ludzkie owady. \u201eEntomologia\u201d wojenna Marii Pawlikowskiej-Jasnorzewskiej<\/em>. \u201eNarracje o Zag\u0142adzie\u201d 2017 (t. 3), s. 87\u2013102.<\/li>\n<li><em>\u201eAmeryka\u0144skie Wilno\u201d. O przyrodniczych zami\u0142owaniach Tymoteusza Karpowicza<\/em>. \u201e\u015al\u0105skie Studia Polonistyczne\u201d 2017, nr 2, s. 141\u2013153.<\/li>\n<li><em>Le\u015bmianowska nauka o domu. Rozwa\u017cania na marginesie wiersza \u201e*** Mrok na schodach. Pustka w domu\u2026\u201d<\/em>.<em>\u00a0\u201e<\/em>Bia\u0142ostockie Studia Literaturoznawcze<em>\u201d\u00a0<\/em>2016 (t. 9), s. 83\u201393.<\/li>\n<li><em>Pismo motyla.\u00a0<\/em>Lepidoptera<em>\u00a0w tekstach poetyckich Marii Pawlikowskiej-Jasnorzewskiej.\u00a0<\/em>W:\u00a0<em>Czytanie Dwudziestolecia IV.\u00a0<\/em>T. 1. Red. J. Waro\u0144ska, E. Wr\u00f3bel. Cz\u0119stochowa: Wydawnictwo im. Stanis\u0142awa Podobi\u0144skiego Akademii im. Jana D\u0142ugosza w Cz\u0119stochowie, 2016, s. 59\u201373.<\/li>\n<li><em>Bajki Szachrajki, czyli o tym, co pomy\u015blne na opak.\u00a0<\/em>W:\u00a0<em>Par coeur: tw\u00f3rczo\u015b\u0107 dla dzieci i m\u0142odzie\u017cy raz jeszcze.\u00a0<\/em>Red. B. Mytych-Forajter, I. Gralewicz-Wolny. Katowice: Wydawnictwo Uniwersytetu \u015al\u0105skiego, 2016, s. 101\u2013119.<\/li>\n<li><em>Z\u0142otnicy robaczki<\/em>. W:\u00a0<em>Balaghan. Nano\u015bwiaty i mikrohistorie<\/em>. Red. M. Jochemczyk, M. Kokoszka, B. Mytych-Forajter. Katowice: Wydawnictwo Uniwersytetu \u015al\u0105skiego, 2015, s. 355\u2013367.<\/li>\n<li><em>Jak opisa\u0107 wo\u0144 rezedy? Tuwim i zapachy<\/em>. W:\u00a0<em>Skamander.\u00a0<\/em>T. 11.<em>\u00a0Reinterpretacje<\/em>. Red. M. Tramer, A. W\u00f3jtowicz. Katowice: Wydawnictwo Uniwersytetu \u015al\u0105skiego, 2015, s. 105\u2013113.<\/li>\n<li><em>Przestrze\u0144 n-wymiarowa i w\u0119ch. Uwagi o futuryzmie.\u00a0<\/em>\u201eBia\u0142ostockie Studia Literaturoznawcze\u201d 2014 (t. 5), s. 203\u2013214.<\/li>\n<li><em>Topologia s\u0142owa<\/em>.\u00a0<em>Na marginesie \u201eKr\u00f3tkiego przewodnika\u201d po ameryka\u0144skiej tw\u00f3rczo\u015bci Tymoteusza Karpowicza.<\/em>\u00a0W:\u00a0<em>Literatura polska obu Ameryk<\/em>. Red. B. Nowacka,\u00a0 B. Sza\u0142asta-Rogowska. Katowice \u2013 Toronto: Wydawnictwo Uniwersytetu \u015al\u0105skiego, Polski Fundusz Wydawniczy w Kanadzie, 2014, s. 355\u2013364.<\/li>\n<li><em>Le\u015bmian i magia zapach\u00f3w<\/em>. \u201eBia\u0142ostockie Studia Literaturoznawcze\u201d 2013 (t. 4), s. 277\u2013287.<\/li>\n<li><em>\u015awiat owadzi w \u201eSzkicowniku poetyckim\u201d Marii Pawlikowskiej-Jasnorzewskiej.\u00a0<\/em>W:\u00a0<em>W literackich konstelacjach. Ksi\u0119ga jubileuszowa dedykowana Profesor El\u017cbiecie Hurnik<\/em>. Red. B. Ma\u0142czy\u0144ski, J. Waro\u0144ska, R. W\u0142odarczyk. Cz\u0119stochowa: Wydawnictwo im. Stanis\u0142awa Podobi\u0144skiego Akademii im. Jana D\u0142ugosza w Cz\u0119stochowie, 2013, s. 13\u201323 [wsp\u00f3\u0142autor: A. Nawarecki].<\/li>\n<li><em>Poeta-\u017cuk zielony, czyli o Le\u015bmianowskim mikro\u015bwiecie.\u00a0<\/em>W:\u00a0<em>Zaczytani. Tom jubileuszowy dla Profesor Anny W\u0119grzyniak.\u00a0<\/em>Red. M. Bernacki, T. Bielak, I. Gielata, K. Kozio\u0142ek. Bielsko-Bia\u0142a: Wydawnictwo Naukowe Akademii Techniczno-Humanistycznej, 2012, s. 155\u2013165.<\/li>\n<li><em>Poeta i w\u0119ch. O Julianie Przybosiu<\/em>. W:\u00a0<em>Medium Mundi.<\/em>\u00a0T. 7:\u00a0<em>Zwierz\u0119ta i ludzie<\/em>. Red. J. Kurek, K. Maliszewski. Chorz\u00f3w: Miejski Dom Kultury \u201eBatory\u201d, 2011, s. 74\u201381.<\/li>\n<li><em>Poetyckie\u00a0<\/em>universum<em>\u00a0w koncepcjach teoretycznych Le\u015bmiana<\/em>. W:\u00a0<em>Na boku. Pisarze teoretykami literatury?\u2026\u00a0<\/em>T. 2. Red. J. Olejniczak, A. Szawerna-Dyrszka. Katowice: Agencja Artystyczna PARA, 2010, s. 23\u201335.<\/li>\n<li><em>Sztuka niemo\u017cliwego<\/em>. W:\u00a0<em>Na boku<\/em>.\u00a0<em>Pisarze teoretykami literatury?\u2026 Szkice.\u00a0<\/em>T. 1. Red. J. Olejniczak, M. Bogdanowska. Katowice: Agencja Artystyczna PARA, 2007, s. 67\u201393.<\/li>\n<\/ul>\n<p>\n<\/div>\r\n                    <\/div>\r\n                <\/div>[\/vc_tta_section][vc_tta_section title=&#8221;ENGLISH&#8221; tab_id=&#8221;1696252715456-7a1c3c83-9fb3&#8243;]\r\n                <div class=\"text-modules\">\r\n                    <div class=\"container\">\r\n                        \r\n                        <div class=\"text-modules__content\"><p><strong>Magdalena Kokoszka, PhD<\/strong><\/p>\n<p><strong>Assistant\u00a0<\/strong><strong>Professor in the Institute of Literary Studies<br \/>\n<\/strong><strong>Faculty of Humanities<\/strong><\/p>\n<p>e-mail: <a href=\"mailto:magdalena.kokoszka@us.edu.pl\">magdalena.kokoszka@us.edu.pl<\/a><\/p>\n<p>&nbsp;<\/p>\n<p>ORCID: 0000\u20130001\u20138859\u20135552<\/p>\n<p><a href=\"https:\/\/www.researchgate.net\/profile\/Magdalena_Kokoszka\">https:\/\/www.researchgate.net\/profile\/Magdalena_Kokoszka<\/a><\/p>\n<p><strong>Research interests:<\/strong><\/p>\n<p>Relations between literature and natural science, the genology of\u00a0\u00a0<em>silva\u00a0<\/em>forms, Polish poetry of the past century<\/p>\n<p><strong>Publications (a selection):<\/strong><\/p>\n<ol>\n<li><em>Chicagowska wiosna Przybosia: o Tymoteuszu Karpowiczu promuj\u0105cym polsk\u0105 awangard\u0119\u00a0<\/em>[Przybo\u015b\u2019 Chicago spring: On Tymoteusz Karpowicz promoting the Polish avant-garde]. \u201eTematy i Konteksty\u201d, no. 10 (2020), ISSN 2299\u20138365, pp. 282\u2013297.<\/li>\n<li><em>Gzy \u017celazne i ludzkie owady: \u201eentomologia\u201d wojenna Marii Pawlikowskiej-Jasnorzewskiej\u00a0<\/em>[Iron botflies and human insects: War \u201centomology\u201d of Maria Pawlikowska-Jasnorzewska]<em>,<\/em>\u00a0\u201eNarracje o Zag\u0142adzie\u201d, no. 3 (2017), ISSN 2450\u20134424, pp. 87\u2013102.<\/li>\n<li><em>Wybory autorskie: przyczynek do charakterystyki zjawiska\u00a0<\/em>[The author\u2019s choices: A description of the phenomenon],<em>\u00a0in<\/em>:\u00a0<em>Antologia literacka. Przemiany, ekspansja i perspektywy gatunku<\/em>, Kokoszka, B. Sza\u0142asta-Rogowska (eds.), Wydawnictwo Uniwersytetu \u015al\u0105skiego, Katowice 2017, ISBN 978\u201383\u2013226\u20133159\u20131, pp. 50\u201361.<\/li>\n<li><em>Jak opisa\u0107 wo\u0144 rezedy? Tuwim i zapachy\u00a0<\/em>[How to describe the scent of reseda? Tuwim and smells], in:\u00a0<em>Skamander<\/em>, 11:<em>\u00a0Reinterpretacje<\/em>, M. Tramer, A. W\u00f3jtowicz (eds.), Wydawnictwo Uniwersytetu \u015al\u0105skiego, Katowice 2015, ISBN 978\u201383\u20138012\u2013384\u20137, pp. 105\u2013113.<\/li>\n<li><em>Antologia niemo\u017cliwa<\/em>:\u00a0<em>przypadek \u201eS\u0142oj\u00f3w zadrzewnych\u201d Tymoteusza Karpowicza\u00a0<\/em>[An impossible anthology: the case of Tymoteusz Karpowicz\u2019s \u201cS\u0142oje zadrzewne\u201d], Agencja Artystyczna PARA, Katowice 2011, ISBN 978\u201383\u201361061\u201353\u20133, pp. 308.<\/li>\n<\/ol>\n<p><strong>Research grants:<\/strong><\/p>\n<p>Grant participant:\u00a0<em>Historyczny s\u0142ownik termin<\/em><em>\u00f3<\/em><em>w literackich. \u0179r<\/em><em>\u00f3<\/em><em>d\u0142a i przemiany wybranych poj\u0119\u0107\u00a0<\/em>[A historical dictionary of literary terminology. Origins and changes of selected concepts], project no.: 0104\/NPRH2\/H11\/81\/2013.<\/p>\n<p><strong>Academic outreach and engagement:<\/strong><\/p>\n<ol>\n<li>2013\u2014present \u2013 member of the the District Committee of the Polish Language and Literature Competition.<\/li>\n<li>2015\u20132018 \u2013 secretary of the PAN Historic-Literary Commission (the Katowice Section); co-organizer of the series of conferences\u00a0<em>\u015awiatoobrazy \u2013 miejsca i przestrzenie<\/em>, \u00a0organized\u00a0 together with the Silesian Culture Centre in Nak\u0142o \u015al\u0105skie.<\/li>\n<\/ol>\n<p>\n<\/div>\r\n                    <\/div>\r\n                <\/div>[\/vc_tta_section][\/vc_tta_tabs][\/vc_column][vc_column width=&#8221;1\/3&#8243;]\r\n                <div class=\"text-modules\">\r\n                    <div class=\"container\">\r\n                        \r\n                        <div class=\"text-modules__content\"><\/p>\n<p>&nbsp;<\/p>\n<p><img class=\"alignnone wp-image-170 size-full\" src=\"http:\/\/us.edu.pl\/instytut\/ipo\/wp-content\/uploads\/sites\/74\/Pracownicy\/kokoszka.png\" alt=\"Magdalena Kokoszka\" width=\"100%\" height=\"auto\" srcset=\"https:\/\/us.edu.pl\/instytut\/ipo\/wp-content\/uploads\/sites\/74\/Pracownicy\/kokoszka.png 402w, https:\/\/us.edu.pl\/instytut\/ipo\/wp-content\/uploads\/sites\/74\/Pracownicy\/kokoszka-242x300.png 242w\" sizes=\"(max-width: 402px) 100vw, 402px\" \/><\/p>\n<\/div>\r\n                    <\/div>\r\n                <\/div>[\/vc_column][\/vc_row]<\/p>","protected":false},"excerpt":{"rendered":"<p>[vc_row][vc_column][\/vc_column][\/vc_row][vc_row el_class=&#8221;container&#8221;][vc_column width=&#8221;2\/3&#8243;][vc_tta_tabs active_section=&#8221;1&#8243;][vc_tta_section title=&#8221;POLISH&#8221; tab_id=&#8221;1696245225773-eae4e9a1-2c7a&#8221;][\/vc_tta_section][vc_tta_section title=&#8221;ENGLISH&#8221; tab_id=&#8221;1696252715456-7a1c3c83-9fb3&#8243;][\/vc_tta_section][\/vc_tta_tabs][\/vc_column][vc_column width=&#8221;1\/3&#8243;][\/vc_column][\/vc_row] [&#8230;]<\/p>\n<p><a class=\"btn btn-secondary understrap-read-more-link\" href=\"https:\/\/us.edu.pl\/instytut\/ipo\/pracownicy\/magdalena-kokoszka\/\">Read More&#8230;<\/a><\/p>\n","protected":false},"author":7254,"featured_media":0,"parent":84,"menu_order":0,"comment_status":"closed","ping_status":"closed","template":"","meta":{"_expiration-date-status":"","_expiration-date":0,"_expiration-date-type":"","_expiration-date-categories":[],"_expiration-date-options":[]},"acf":[],"_links":{"self":[{"href":"https:\/\/us.edu.pl\/instytut\/ipo\/wp-json\/wp\/v2\/pages\/169"}],"collection":[{"href":"https:\/\/us.edu.pl\/instytut\/ipo\/wp-json\/wp\/v2\/pages"}],"about":[{"href":"https:\/\/us.edu.pl\/instytut\/ipo\/wp-json\/wp\/v2\/types\/page"}],"author":[{"embeddable":true,"href":"https:\/\/us.edu.pl\/instytut\/ipo\/wp-json\/wp\/v2\/users\/7254"}],"replies":[{"embeddable":true,"href":"https:\/\/us.edu.pl\/instytut\/ipo\/wp-json\/wp\/v2\/comments?post=169"}],"version-history":[{"count":1,"href":"https:\/\/us.edu.pl\/instytut\/ipo\/wp-json\/wp\/v2\/pages\/169\/revisions"}],"predecessor-version":[{"id":171,"href":"https:\/\/us.edu.pl\/instytut\/ipo\/wp-json\/wp\/v2\/pages\/169\/revisions\/171"}],"up":[{"embeddable":true,"href":"https:\/\/us.edu.pl\/instytut\/ipo\/wp-json\/wp\/v2\/pages\/84"}],"wp:attachment":[{"href":"https:\/\/us.edu.pl\/instytut\/ipo\/wp-json\/wp\/v2\/media?parent=169"}],"curies":[{"name":"wp","href":"https:\/\/api.w.org\/{rel}","templated":true}]}}