{"id":1710,"date":"2026-02-11T08:13:20","date_gmt":"2026-02-11T07:13:20","guid":{"rendered":"https:\/\/us.edu.pl\/instytut\/ipo\/?page_id=1710"},"modified":"2026-02-11T08:23:56","modified_gmt":"2026-02-11T07:23:56","slug":"agnieszka-necka-czapska","status":"publish","type":"page","link":"https:\/\/us.edu.pl\/instytut\/ipo\/pracownicy\/agnieszka-necka-czapska\/","title":{"rendered":"Agnieszka N\u0119cka-Czapska"},"content":{"rendered":"<p>[vc_row el_class=&#8221;container&#8221;][vc_column]\r\n                <div class=\"text-modules \">\r\n                    <div class=\"container\">\r\n                        <h3 class=\"section-title section-title_border-bottom\">Agnieszka N\u0119cka-Czapska<\/h3> <h3 class=\"subtitle text-modules__subtitle\">agnieszka.necka@us.edu.pl<\/h3>\r\n                        <div class=\"row m-0\">\r\n                            <div class=\"text-modules__content\">\r\n                                 \r\n                                <div class=\"mt-3\"><\/div>\r\n                            <\/div>\r\n                            \r\n                            \r\n                        <\/div>\r\n                    <\/div>\r\n                <\/div>[\/vc_column][\/vc_row][vc_row el_class=&#8221;container&#8221;][vc_column width=&#8221;2\/3&#8243;][vc_tta_tabs active_section=&#8221;1&#8243; el_class=&#8221;container&#8221;][vc_tta_section title=&#8221;POLISH&#8221; tab_id=&#8221;1770793160580-bc97caea-2965&#8243;]\r\n                <div class=\"text-modules\">\r\n                    <div class=\"container\">\r\n                        \r\n                        <div class=\"text-modules__content\"><\/p>\n<p class=\"western\"><span style=\"font-size: 12pt;\"><strong>dr hab. Agnieszka N\u0119cka-Czapska<\/strong> \u2013 literaturoznawca, krytyk literacki. Redaktor dzia\u0142u krytyki literackiej w \u201ePostscriptum Polonistycznym\u201d. Zredagowa\u0142a i wsp\u00f3\u0142redagowa\u0142a kilkana\u015bcie monografii wieloautorskich. Jej zainteresowania badawcze koncentruj\u0105 si\u0119 przede wszystkim na polskiej literaturze publikowanej po 1989 roku. W\u015br\u00f3d temat\u00f3w, po kt\u00f3rych porusza si\u0119 najcz\u0119\u015bciej, mo\u017cna wymieni\u0107: intymno\u015b\u0107, dyskursy erotyczne, emigracj\u0119.<\/span><\/p>\n<p class=\"western\"><span style=\"font-size: 12pt;\"><b>Najwa\u017cniejsze publikacje:<\/b><\/span><\/p>\n<ol>\n<li class=\"western\"><span style=\"font-size: 12pt;\"><em>Granice przyzwoito\u015bci. Do\u015bwiadczanie intymno\u015bci w\u00a0polskiej prozie najnowszej<\/em>. Wydawnictwo Para. Katowice 2006, ss. 194.<\/span><\/li>\n<li class=\"western\"><span style=\"font-size: 12pt;\"><i>Starsze, nowsze, najnowsze. Szkice o\u00a0prozie polskiej XX i\u00a0XXI wieku<\/i>. Oficyna Wydawnicza WW. Katowice 2010, ss. 264.<\/span><\/li>\n<li class=\"western\"><span style=\"font-size: 12pt;\"><i>Cielesne o(d)s\u0142ony. Dyskursy erotyczne w\u00a0polskiej prozie po\u00a01989\u00a0roku<\/i>. Wydawnictwo Uniwersytetu \u015al\u0105skiego. Katowice 2011, ss. 296.<\/span><\/li>\n<li class=\"western\"><span style=\"font-size: 12pt;\"><i>Co wa\u017cne i\u00a0wa\u017cniejsze. Notatki o\u00a0prozie polskiej XXI wieku<\/i>. Wydawnictwo Instytut Miko\u0142owski. Miko\u0142\u00f3w 2012, ss. 184.<\/span><\/li>\n<li class=\"western\"><span style=\"font-size: 12pt;\"><i>Emigracje intymne. O\u00a0wsp\u00f3\u0142czesnych polskich narracjach autobiograficznych<\/i>. Wydawnictwo Uniwersytetu \u015al\u0105skiego. Katowice 2013, ss. 228.<\/span><\/li>\n<li class=\"western\"><span style=\"font-size: 12pt;\"><i>Polifonia.\u00a0Literatura polska pocz\u0105tku XXI wieku.\u00a0<\/i>Wydawnictwo U\u015a. Katowice 2015, ss. 232.<i>\u00a0\u00a0<\/i><\/span><\/li>\n<\/ol>\n<p>\n<\/div>\r\n                    <\/div>\r\n                <\/div>[\/vc_tta_section][\/vc_tta_tabs][\/vc_column][vc_column width=&#8221;1\/3&#8243;]\r\n                <div class=\"text-modules\">\r\n                    <div class=\"container\">\r\n                        \r\n                        <div class=\"text-modules__content\"><\/p>\n<p>&nbsp;<\/p>\n<p><img class=\"alignnone wp-image-1711 \" src=\"http:\/\/us.edu.pl\/instytut\/ipo\/wp-content\/uploads\/sites\/74\/Bez-kategorii\/agnieszka-necka-200x300.jpg\" alt=\"agnieszka n\u0119cka zdj\u0119cie profilowe\" width=\"280\" height=\"420\" srcset=\"https:\/\/us.edu.pl\/instytut\/ipo\/wp-content\/uploads\/sites\/74\/Bez-kategorii\/agnieszka-necka-200x300.jpg 200w, https:\/\/us.edu.pl\/instytut\/ipo\/wp-content\/uploads\/sites\/74\/Bez-kategorii\/agnieszka-necka.jpg 299w\" sizes=\"(max-width: 280px) 100vw, 280px\" \/><\/p>\n<\/div>\r\n                    <\/div>\r\n                <\/div>[\/vc_column][\/vc_row]<\/p>","protected":false},"excerpt":{"rendered":"<p>[vc_row el_class=&#8221;container&#8221;][vc_column][\/vc_column][\/vc_row][vc_row el_class=&#8221;container&#8221;][vc_column width=&#8221;2\/3&#8243;][vc_tta_tabs active_section=&#8221;1&#8243; el_class=&#8221;container&#8221;][vc_tta_section title=&#8221;POLISH&#8221; tab_id=&#8221;1770793160580-bc97caea-2965&#8243;][\/vc_tta_section][\/vc_tta_tabs][\/vc_column][vc_column width=&#8221;1\/3&#8243;][\/vc_column][\/vc_row] [&#8230;]<\/p>\n<p><a class=\"btn btn-secondary understrap-read-more-link\" href=\"https:\/\/us.edu.pl\/instytut\/ipo\/pracownicy\/agnieszka-necka-czapska\/\">Read More&#8230;<\/a><\/p>\n","protected":false},"author":2113,"featured_media":0,"parent":84,"menu_order":0,"comment_status":"closed","ping_status":"closed","template":"","meta":{"_expiration-date-status":"","_expiration-date":0,"_expiration-date-type":"","_expiration-date-categories":[],"_expiration-date-options":[]},"acf":[],"_links":{"self":[{"href":"https:\/\/us.edu.pl\/instytut\/ipo\/wp-json\/wp\/v2\/pages\/1710"}],"collection":[{"href":"https:\/\/us.edu.pl\/instytut\/ipo\/wp-json\/wp\/v2\/pages"}],"about":[{"href":"https:\/\/us.edu.pl\/instytut\/ipo\/wp-json\/wp\/v2\/types\/page"}],"author":[{"embeddable":true,"href":"https:\/\/us.edu.pl\/instytut\/ipo\/wp-json\/wp\/v2\/users\/2113"}],"replies":[{"embeddable":true,"href":"https:\/\/us.edu.pl\/instytut\/ipo\/wp-json\/wp\/v2\/comments?post=1710"}],"version-history":[{"count":4,"href":"https:\/\/us.edu.pl\/instytut\/ipo\/wp-json\/wp\/v2\/pages\/1710\/revisions"}],"predecessor-version":[{"id":1715,"href":"https:\/\/us.edu.pl\/instytut\/ipo\/wp-json\/wp\/v2\/pages\/1710\/revisions\/1715"}],"up":[{"embeddable":true,"href":"https:\/\/us.edu.pl\/instytut\/ipo\/wp-json\/wp\/v2\/pages\/84"}],"wp:attachment":[{"href":"https:\/\/us.edu.pl\/instytut\/ipo\/wp-json\/wp\/v2\/media?parent=1710"}],"curies":[{"name":"wp","href":"https:\/\/api.w.org\/{rel}","templated":true}]}}