{"id":173,"date":"2023-10-03T15:42:11","date_gmt":"2023-10-03T13:42:11","guid":{"rendered":"https:\/\/us.edu.pl\/instytut\/ipo\/?page_id=173"},"modified":"2024-03-14T13:13:49","modified_gmt":"2024-03-14T12:13:49","slug":"ryszard-koziolek","status":"publish","type":"page","link":"https:\/\/us.edu.pl\/instytut\/ipo\/pracownicy\/ryszard-koziolek\/","title":{"rendered":"Ryszard Kozio\u0142ek"},"content":{"rendered":"<p>[vc_row][vc_column]\r\n                <div class=\"text-modules\">\r\n                    <div class=\"container\">\r\n                        \r\n                        <div class=\"text-modules__content\"><\/p>\n<h3><span style=\"color: #002e5a;\">Ryszard Kozio\u0142ek<\/span><\/h3>\n<hr \/>\n<p>\n<\/div>\r\n                    <\/div>\r\n                <\/div>[\/vc_column][\/vc_row][vc_row el_class=&#8221;container&#8221;][vc_column width=&#8221;2\/3&#8243;][vc_tta_tabs active_section=&#8221;1&#8243;][vc_tta_section title=&#8221;POLISH&#8221; tab_id=&#8221;1696245225773-eae4e9a1-2c7a&#8221;]\r\n                <div class=\"text-modules\">\r\n                    <div class=\"container\">\r\n                        \r\n                        <div class=\"text-modules__content\"><\/p>\n<p class=\"western\"><strong>prof. dr hab. Ryszard Kozio\u0142ek<\/strong> (ur. 1966) \u2013 polonista, literaturoznawca, eseista, profesor w Instytucie Polonistyki Uniwersytetu \u015al\u0105skiego. Pe\u0142ni funkcj\u0119 prorektora ds. kszta\u0142cenia i student\u00f3w Uniwersytetu \u015al\u0105skiego (od 2012 r.), jest wsp\u00f3\u0142tw\u00f3rc\u0105 oraz dyrektorem Kolegium Indywidualnych Studi\u00f3w Mi\u0119dzyobszarowych U\u015a (od 2011 r.). Od 2017 r. dyrektor \u015al\u0105skiego Festiwalu Nauki w Katowicach. Zasiada w redakcjach pism naukowych: \u201e\u015al\u0105skie Studia Polonistyczne\u201d oraz \u201e\u015awiat i S\u0142owo\u201d. W 2010 roku otrzyma\u0142 Nagrod\u0119 Literack\u0105 Gdynia w kategorii \u201eEseistyka\u201d za ksi\u0105\u017ck\u0119 <em>Cia\u0142a Sienkiewicza. Studia o\u00a0p\u0142ci i\u00a0przemocy<\/em>. Cz\u0142onek jury Nagrody Literackiej Nike w latach 2012-2015. Sta\u0142y wsp\u00f3\u0142pracownik \u201eTygodnika Powszechnego\u201d. W\u00a02016 jego ksi\u0105\u017cka\u00a0<em>Dobrze si\u0119 my\u015bli literatur\u0105\u00a0<\/em><em>zosta\u0142a uhonorowana \u015al\u0105skim Wawrzynem Literackim<\/em><i>.<\/i>\u00a0W 2017 r. otrzyma\u0142 Nagrod\u0119 im. Kazimierza Wyki za wybitne osi\u0105gni\u0119cia w dziedzinie eseistyki oraz krytyki literackiej i artystycznej.<\/p>\n<p class=\"western\"><strong>Wybrane publikacje:<\/strong><\/p>\n<ol>\n<li><i>Co to jest \u201eZ\u201d.?: posta\u0107 literacka w przestrzeni intertekstualnej: Parnickiego \u201eI u mo\u017cnych dziwny\u201d<\/i>, Pami\u0119tnik Literacki, 1994, z 1, s. 102-122<\/li>\n<li>Teodor Parnicki,\u00a0<i>Tylko Beatrycze<\/i>, wst\u0119p: Ryszard Kozio\u0142ek, oprac. tekstu i komentarze: Ireneusz Gielata, Wroc\u0142aw, Zak\u0142ad Narodowy im. Ossoli\u0144skich, 2001, 427 s. (Biblioteka Narodowa; nr 304).<\/li>\n<li><i>Cia\u0142a Sienkiewicza: studia o p\u0142ci i przemocy<\/i>, Katowice, Wydawnictwo Uniwersytetu \u015al\u0105skiego, 2009, 423 s. (Pr. Nauk. U\u015al.; nr 2698). Wyd. 2 rozszerz. Wo\u0142owiec, Wydawnictwo Czarne, 2018, s. 568, ISBN 978-83-8049-628-6; T\u0142umaczenie na j. ang.:<i>Sienkiewicz\u2019sBodies: studies of gender and violence<\/i>, translated by David Malcolm, Frankfurt amMain: Peter Lang Edition, 2015, 365 s.<\/li>\n<li><i>Kompleks Darwina<\/i>, \u201eTeksty Drugie\u201d 2011, nr 3, s. 11-32<\/li>\n<li><a name=\"_GoBack\"><\/a><i>Znakowanie trawy albo praktyki filologii<\/i>, Katowice, Wydawnictwo Uniwersytetu \u015al\u0105skiego, 2011, 235 s. (Pr. Nauk. U\u015al.; nr 2872)<\/li>\n<li><i>Dobrze si\u0119 my\u015bli literatur\u0105<\/i>, Wo\u0142owiec, Wydawnictwo Czarne, 2016, 284 [4] s. ISBN 978-83-8049-219-6<\/li>\n<li><i>Literaturgeschichteals Anthropologiedes Eigenen<\/i>, \u201eWelt der Slaven\u201d 2016, h. 1, s. 70-83<\/li>\n<li><i>Polak\u00f3w Portret W\u0142asny Revisited: zajmowanie pozycji krytycznej<\/i>, w:\u00a0<i>Migracyjna pami\u0119\u0107, wsp\u00f3lnota, to\u017csamo\u015b\u0107<\/i>, red. R. Sendyka, Warszawa, Instytut Bada\u0144 Literackich PAN, 2016, s. 121-146, ISBN 978-83-655-7345-2<\/li>\n<li><i>Humanistyka literaturoznawcza w dobie nowych konflikt\u00f3w plemiennych: pr\u00f3ba wykonania ruchu<\/i>, \u201eTeksty Drugie\u201d 2017, nr 1, s. 60-69<\/li>\n<li><i>Wiele tytu\u0142\u00f3w<\/i>, Wo\u0142owiec, Wydawnictwo Czarne 2019, 304 s., ISBN 978-83-8049-942-3<\/li>\n<\/ol>\n<p>\n<\/div>\r\n                    <\/div>\r\n                <\/div>[\/vc_tta_section][\/vc_tta_tabs][\/vc_column][vc_column width=&#8221;1\/3&#8243;]\r\n                <div class=\"text-modules\">\r\n                    <div class=\"container\">\r\n                        \r\n                        <div class=\"text-modules__content\"><\/p>\n<p>&nbsp;<\/p>\n<p><img class=\"alignnone wp-image-174 size-full\" src=\"http:\/\/us.edu.pl\/instytut\/ipo\/wp-content\/uploads\/sites\/74\/Pracownicy\/r.koziolek-383x575-1.jpg\" alt=\"\" width=\"100%\" height=\"auto\" srcset=\"https:\/\/us.edu.pl\/instytut\/ipo\/wp-content\/uploads\/sites\/74\/Pracownicy\/r.koziolek-383x575-1.jpg 383w, https:\/\/us.edu.pl\/instytut\/ipo\/wp-content\/uploads\/sites\/74\/Pracownicy\/r.koziolek-383x575-1-200x300.jpg 200w\" sizes=\"(max-width: 383px) 100vw, 383px\" \/><\/p>\n<\/div>\r\n                    <\/div>\r\n                <\/div>[\/vc_column][\/vc_row]<\/p>","protected":false},"excerpt":{"rendered":"<p>[vc_row][vc_column][\/vc_column][\/vc_row][vc_row el_class=&#8221;container&#8221;][vc_column width=&#8221;2\/3&#8243;][vc_tta_tabs active_section=&#8221;1&#8243;][vc_tta_section title=&#8221;POLISH&#8221; tab_id=&#8221;1696245225773-eae4e9a1-2c7a&#8221;][\/vc_tta_section][\/vc_tta_tabs][\/vc_column][vc_column width=&#8221;1\/3&#8243;][\/vc_column][\/vc_row] [&#8230;]<\/p>\n<p><a class=\"btn btn-secondary understrap-read-more-link\" href=\"https:\/\/us.edu.pl\/instytut\/ipo\/pracownicy\/ryszard-koziolek\/\">Read More&#8230;<\/a><\/p>\n","protected":false},"author":7254,"featured_media":0,"parent":84,"menu_order":0,"comment_status":"closed","ping_status":"closed","template":"","meta":{"_expiration-date-status":"","_expiration-date":0,"_expiration-date-type":"","_expiration-date-categories":[],"_expiration-date-options":[]},"acf":[],"_links":{"self":[{"href":"https:\/\/us.edu.pl\/instytut\/ipo\/wp-json\/wp\/v2\/pages\/173"}],"collection":[{"href":"https:\/\/us.edu.pl\/instytut\/ipo\/wp-json\/wp\/v2\/pages"}],"about":[{"href":"https:\/\/us.edu.pl\/instytut\/ipo\/wp-json\/wp\/v2\/types\/page"}],"author":[{"embeddable":true,"href":"https:\/\/us.edu.pl\/instytut\/ipo\/wp-json\/wp\/v2\/users\/7254"}],"replies":[{"embeddable":true,"href":"https:\/\/us.edu.pl\/instytut\/ipo\/wp-json\/wp\/v2\/comments?post=173"}],"version-history":[{"count":2,"href":"https:\/\/us.edu.pl\/instytut\/ipo\/wp-json\/wp\/v2\/pages\/173\/revisions"}],"predecessor-version":[{"id":531,"href":"https:\/\/us.edu.pl\/instytut\/ipo\/wp-json\/wp\/v2\/pages\/173\/revisions\/531"}],"up":[{"embeddable":true,"href":"https:\/\/us.edu.pl\/instytut\/ipo\/wp-json\/wp\/v2\/pages\/84"}],"wp:attachment":[{"href":"https:\/\/us.edu.pl\/instytut\/ipo\/wp-json\/wp\/v2\/media?parent=173"}],"curies":[{"name":"wp","href":"https:\/\/api.w.org\/{rel}","templated":true}]}}