{"id":180,"date":"2023-10-03T15:51:10","date_gmt":"2023-10-03T13:51:10","guid":{"rendered":"https:\/\/us.edu.pl\/instytut\/ipo\/?page_id=180"},"modified":"2023-10-03T15:51:10","modified_gmt":"2023-10-03T13:51:10","slug":"monika-ladon","status":"publish","type":"page","link":"https:\/\/us.edu.pl\/instytut\/ipo\/pracownicy\/monika-ladon\/","title":{"rendered":"Monika \u0141ado\u0144"},"content":{"rendered":"<p>[vc_row][vc_column]\r\n                <div class=\"text-modules\">\r\n                    <div class=\"container\">\r\n                        \r\n                        <div class=\"text-modules__content\"><\/p>\n<h3><span style=\"color: #002e5a;\">Monika \u0141ado\u0144<\/span><\/h3>\n<hr \/>\n<p>\n<\/div>\r\n                    <\/div>\r\n                <\/div>[\/vc_column][\/vc_row][vc_row el_class=&#8221;container&#8221;][vc_column width=&#8221;2\/3&#8243;][vc_tta_tabs active_section=&#8221;1&#8243;][vc_tta_section title=&#8221;POLISH&#8221; tab_id=&#8221;1696245225773-eae4e9a1-2c7a&#8221;]\r\n                <div class=\"text-modules\">\r\n                    <div class=\"container\">\r\n                        \r\n                        <div class=\"text-modules__content\"><p><strong>dr hab. Monika \u0141ado\u0144, prof. U\u015a<\/strong><\/p>\n<p>e-mail: <a href=\"mailto:monika.ladon@us.edu.pl\">monika.ladon@us.edu.pl<\/a><\/p>\n<p><a href=\"https:\/\/orcid.org\/0000-0002-7932-2728\">https:\/\/orcid.org\/0000-0002-7932-2728<\/a><\/p>\n<p><a href=\"https:\/\/www.researchgate.net\/profile\/Monika-Ladon\">https:\/\/www.researchgate.net\/profile\/Monika-Ladon<\/a><\/p>\n<p><a href=\"https:\/\/silesian.academia.edu\/Monika%C5%81ado%C5%84\">https:\/\/silesian.academia.edu\/Monika\u0141ado\u0144<\/a><\/p>\n<p>Uko\u0144czy\u0142am studia polonistyczne na Uniwersytecie \u015al\u0105skim (2001). Doktorat, po\u015bwi\u0119cony pisarstwu i spo\u0142ecznej roli Antoniego S\u0142onimskiego, obroni\u0142am w 2005 roku. Moje zainteresowania naukowe dotycz\u0105 do\u015bwiadcze\u0144 granicznych: choroby, staro\u015bci i \u017ca\u0142oby oraz studi\u00f3w nad niepe\u0142nosprawno\u015bci\u0105. O do\u015bwiadczeniu choroby traktuje moja ksi\u0105\u017cka\u00a0<em>Choroba jako literatura. Studia maladyczne<\/em>, na podstawie kt\u00f3rej uzyska\u0142am stopie\u0144 doktor habilitowanej (2020). Wsp\u00f3\u0142redagowa\u0142am seri\u0119\u00a0<em>Zamieranie<\/em>, a ostatnio wsp\u00f3\u0142tworz\u0119 i redaguj\u0119 \u2013 we wsp\u00f3\u0142pracy z Warszawskim Uniwersytetem Medycznym \u2013 seri\u0119 \u201ears medica ac humanitas\u201d. Pe\u0142ni\u0119 funkcj\u0119 zast\u0119pczyni redaktor naczelnej czasopisma \u201eRana. Literatura \u2013 Do\u015bwiadczenie \u2013 To\u017csamo\u015b\u0107\u201d.<\/p>\n<p><strong>Najwa\u017cniejsze publikacje<\/strong><\/p>\n<p>Ksi\u0105\u017cki autorskie<\/p>\n<ul>\n<li><em>Bardzo prosz\u0119 pami\u0119ta\u0107, \u017ce ja by\u0142em przeciw\u201d. Studia o Antonim S\u0142onimskim<\/em>. Wydawnictwo Uniwersytetu \u015al\u0105skiego. Katowice 2008.<\/li>\n<li><em>Choroba jako literatura. Studia maladyczne<\/em>. Stowarzyszenie Inicjatyw Wydawniczych, Wydawnictwo Naukowe \u201e\u015al\u0105sk\u201d. Katowice 2019.<\/li>\n<\/ul>\n<p>Redakcje naukowe<\/p>\n<ul>\n<li><em>Zamieranie fikcji<\/em>. Red. Monika \u0141ado\u0144, Grzegorz Olsza\u0144ski. Stowarzyszenie Inicjatyw Wydawniczych. Katowice 2014.<\/li>\n<li><em>Zamieranie gatunku<\/em>. Red. Monika \u0141ado\u0144, Grzegorz Olsza\u0144ski. Stowarzyszenie Inicjatyw Wydawniczych. Katowice 2015.<\/li>\n<li><em>Zamieranie pisarzy<\/em>. Red. Monika \u0141ado\u0144, Grzegorz Olsza\u0144ski. Stowarzyszenie Inicjatyw Wydawniczych. Katowice 2018.<\/li>\n<li><em>Fragmenty dyskursu maladycznego<\/em>. Red. Monika \u0141ado\u0144, Ireneusz Gielata, Maciej Ganczar. Fundacja Terytoria Ksi\u0105\u017cki. Gda\u0144sk 2019.<\/li>\n<li><em>Fragmenty dyskursu \u017ca\u0142obnego<\/em>. Red. Maciej Ganczar, Monika \u0141ado\u0144, Grzegorz Olsza\u0144ski. Fundacja Terytoria Ksi\u0105\u017cki. Gda\u0144sk 2021.<\/li>\n<\/ul>\n<p><strong>Artyku\u0142y (wyb\u00f3r)<\/strong><\/p>\n<ul>\n<li><em>Muzyka i gru\u017alica<\/em>. W:\u00a0<em>Muzyka i muzyczno\u015b\u0107 od M\u0142odej Polski do czas\u00f3w najnowszych<\/em>. Red. Magdalena Lachman, Jerzy Wi\u015bniewski. PRIMUM VERBUM. \u0141\u00f3d\u017a 2011. \u201eFolia Litteraria Polonica\u201d 1 (15) 2012, s. 151\u2013162.<\/li>\n<li><em>Gwa\u0142t w prozie W\u0142odzimierza Odojewskiego<\/em>. \u201ePostscriptum Polonistyczne\u201d 2013, nr 1, s. 107\u2013125.<\/li>\n<li><em>K\u0142opotliwa kasetka z chorobami. O W\u0142oskich szpilkach i Szumie Magdaleny Tulli<\/em>. W:\u00a0<em>Kobieta, literatura, medycyna<\/em>. Red. Arleta Galant, Agata Zawiszewska. Wydawnictwo Uniwersytetu Szczeci\u0144skiego. Szczecin 2016, s. 369\u2013383.<\/li>\n<li><em>Centon<\/em>;\u00a0<em>Fragment<\/em>\u00a0[has\u0142a]. W:\u00a0<em>Ilustrowany s\u0142ownik termin\u00f3w literackich. Historia, anegdota, etymologia<\/em>. Red. Zbigniew Kad\u0142ubek, Beata Mytych-Forajter, Aleksander Nawarecki. S\u0142owo\/obraz terytoria. Gda\u0144sk 2018, s. 107-110, 189-193.<\/li>\n<li><em>\u201e\u0106wicz\u0119 widzenie\u201d. O tw\u00f3rczo\u015bci Jadwigi Sta\u0144czakowej<\/em>. \u201ePozna\u0144skie Studia Polonistyczne\u201d. Seria Literacka 32(52). Wydawnictwo \u201ePozna\u0144skie Studia Polonistyczne\u201d. Pozna\u0144 2018, s. 163\u2013180.<\/li>\n<li><em>Rany kobieco\u015bci. Tw\u00f3rczo\u015b\u0107 Anny Augustyniak<\/em>. W:\u00a0<em>Formy (nie)obecno\u015bci. Szkice o wsp\u00f3\u0142czesnej poezji kobiet<\/em>. Red. Joanna Gr\u0105dziel-W\u00f3jcik, Edyta So\u0142tys-Lewandowska, Agnieszka Kwiatkowska. Universitas. Krak\u00f3w 2018, s. 319\u2013332.<\/li>\n<li><em>Upojona chorob\u0105. W trzewiach \u015bwiata\u2026 Eve Ensler<\/em>. W:\u00a0<em>Medycyna narracyjna. Opowie\u015bci o do\u015bwiadczeniu choroby w perspektywie medycznej i humanistycznej<\/em>. Red. Marta Chojnacka-Kura\u015b. Wydawnictwo Uniwersytetu Warszawskiego. Warszawa 2019, s. 167-186.<\/li>\n<li><em>Pacjent bada lekarza<\/em>. \u201eKultura Wsp\u00f3\u0142czesna\u201d 2019, nr 4, s. 159-169.<\/li>\n<li><em>Drzewo kobiet. Matrylinearno\u015b\u0107 w \u201eNieczu\u0142o\u015bci\u201d Martyny Bundy<\/em>. \u201eAnnales Universitatis Paedagogicae Cracoviensis. Studia Poetica\u201d 2020, nr 8, s. 201-214.<\/li>\n<li><em>Niewidoma kobieta, niewidoma pisarka. To\u017csamo\u015bci Jadwigi Sta\u0144czakowej<\/em>. \u201ePrzestrzenie Teorii\u201d 2020, nr 34, s. 307-323.<\/li>\n<li><em>Na gruzach widzenia. O prozie Jadwigi Sta\u0144czakowej<\/em>. \u201eTeksty Drugie\u201d 2021, nr 1, s. 138-154.<\/li>\n<\/ul>\n<p>\n<\/div>\r\n                    <\/div>\r\n                <\/div>[\/vc_tta_section][\/vc_tta_tabs][\/vc_column][vc_column width=&#8221;1\/3&#8243;]\r\n                <div class=\"text-modules\">\r\n                    <div class=\"container\">\r\n                        \r\n                        <div class=\"text-modules__content\"><\/p>\n<p>&nbsp;<\/p>\n<p><img class=\"alignnone wp-image-181 size-full\" src=\"http:\/\/us.edu.pl\/instytut\/ipo\/wp-content\/uploads\/sites\/74\/Pracownicy\/Ladon-431x575-1.jpg\" alt=\"Monika \u0141ado\u0144\" width=\"100%\" height=\"auto\" srcset=\"https:\/\/us.edu.pl\/instytut\/ipo\/wp-content\/uploads\/sites\/74\/Pracownicy\/Ladon-431x575-1.jpg 431w, https:\/\/us.edu.pl\/instytut\/ipo\/wp-content\/uploads\/sites\/74\/Pracownicy\/Ladon-431x575-1-225x300.jpg 225w\" sizes=\"(max-width: 431px) 100vw, 431px\" \/><\/p>\n<\/div>\r\n                    <\/div>\r\n                <\/div>[\/vc_column][\/vc_row]<\/p>","protected":false},"excerpt":{"rendered":"<p>[vc_row][vc_column][\/vc_column][\/vc_row][vc_row el_class=&#8221;container&#8221;][vc_column width=&#8221;2\/3&#8243;][vc_tta_tabs active_section=&#8221;1&#8243;][vc_tta_section title=&#8221;POLISH&#8221; tab_id=&#8221;1696245225773-eae4e9a1-2c7a&#8221;][\/vc_tta_section][\/vc_tta_tabs][\/vc_column][vc_column width=&#8221;1\/3&#8243;][\/vc_column][\/vc_row] [&#8230;]<\/p>\n<p><a class=\"btn btn-secondary understrap-read-more-link\" href=\"https:\/\/us.edu.pl\/instytut\/ipo\/pracownicy\/monika-ladon\/\">Read More&#8230;<\/a><\/p>\n","protected":false},"author":7254,"featured_media":0,"parent":84,"menu_order":0,"comment_status":"closed","ping_status":"closed","template":"","meta":{"_expiration-date-status":"","_expiration-date":0,"_expiration-date-type":"","_expiration-date-categories":[],"_expiration-date-options":[]},"acf":[],"_links":{"self":[{"href":"https:\/\/us.edu.pl\/instytut\/ipo\/wp-json\/wp\/v2\/pages\/180"}],"collection":[{"href":"https:\/\/us.edu.pl\/instytut\/ipo\/wp-json\/wp\/v2\/pages"}],"about":[{"href":"https:\/\/us.edu.pl\/instytut\/ipo\/wp-json\/wp\/v2\/types\/page"}],"author":[{"embeddable":true,"href":"https:\/\/us.edu.pl\/instytut\/ipo\/wp-json\/wp\/v2\/users\/7254"}],"replies":[{"embeddable":true,"href":"https:\/\/us.edu.pl\/instytut\/ipo\/wp-json\/wp\/v2\/comments?post=180"}],"version-history":[{"count":1,"href":"https:\/\/us.edu.pl\/instytut\/ipo\/wp-json\/wp\/v2\/pages\/180\/revisions"}],"predecessor-version":[{"id":182,"href":"https:\/\/us.edu.pl\/instytut\/ipo\/wp-json\/wp\/v2\/pages\/180\/revisions\/182"}],"up":[{"embeddable":true,"href":"https:\/\/us.edu.pl\/instytut\/ipo\/wp-json\/wp\/v2\/pages\/84"}],"wp:attachment":[{"href":"https:\/\/us.edu.pl\/instytut\/ipo\/wp-json\/wp\/v2\/media?parent=180"}],"curies":[{"name":"wp","href":"https:\/\/api.w.org\/{rel}","templated":true}]}}