{"id":188,"date":"2023-10-03T16:03:46","date_gmt":"2023-10-03T14:03:46","guid":{"rendered":"https:\/\/us.edu.pl\/instytut\/ipo\/?page_id=188"},"modified":"2023-10-03T16:03:46","modified_gmt":"2023-10-03T14:03:46","slug":"beata-mytych-forajter","status":"publish","type":"page","link":"https:\/\/us.edu.pl\/instytut\/ipo\/pracownicy\/beata-mytych-forajter\/","title":{"rendered":"Beata Mytych-Forajter"},"content":{"rendered":"<p>[vc_row][vc_column]\r\n                <div class=\"text-modules\">\r\n                    <div class=\"container\">\r\n                        \r\n                        <div class=\"text-modules__content\"><\/p>\n<h3><span style=\"color: #002e5a;\"><strong>Beata Mytych-Forajter<\/strong><\/span><\/h3>\n<hr \/>\n<p>\n<\/div>\r\n                    <\/div>\r\n                <\/div>[\/vc_column][\/vc_row][vc_row el_class=&#8221;container&#8221;][vc_column width=&#8221;2\/3&#8243;][vc_tta_tabs active_section=&#8221;1&#8243;][vc_tta_section title=&#8221;POLISH&#8221; tab_id=&#8221;1696245225773-eae4e9a1-2c7a&#8221;]\r\n                <div class=\"text-modules\">\r\n                    <div class=\"container\">\r\n                        \r\n                        <div class=\"text-modules__content\"><p><strong>dr hab. Beata Mytych-Forajter, prof. U\u015a<\/strong><\/p>\n<p>e-mail: <a href=\"mailto:beata.mytych-forajter@us.edu.pl\">beata.mytych-forajter@us.edu.pl<\/a><\/p>\n<p><a href=\"https:\/\/orcid.org\/0000-0002-0588-2087\">https:\/\/orcid.org\/0000-0002-0588-2087<\/a><\/p>\n<p><a href=\"https:\/\/silesian.academia.edu\/BeataMytychForajter\">https:\/\/silesian.academia.edu\/BeataMytychForajter<\/a><\/p>\n<p><a href=\"https:\/\/www.researchgate.net\/profile\/Beata-Mytych-Forajter\">https:\/\/www.researchgate.net\/profile\/Beata-Mytych-Forajter<\/a><\/p>\n<p>Jestem absolwentk\u0105 filologii polskiej na Uniwersytecie \u015al\u0105skim (1998). Doktorat, po\u015bwi\u0119cony fenomenowi tropu oraz obrazom polowania w literaturze polskiej XIX wieku, napisany pod kierunkiem prof. dra hab. Aleksandra Nawareckiego, obroni\u0142am w 2002 roku. Stopie\u0144 doktora habilitowanego uzyska\u0142am w roku 2015 na podstawie rozprawy\u00a0<em>Lataj\u0105ca ryba. Studia o podr\u00f3\u017copisarstwie Ignacego Domeyki.\u00a0<\/em>Moje zainteresowania badawcze dotycz\u0105 sztuki interpretacji, zwi\u0105zk\u00f3w literatury oraz przyrodoznawstwa, ze szczeg\u00f3lnym uwzgl\u0119dnieniem\u00a0<em>plant studies<\/em>. Jestem mi\u0142o\u015bniczk\u0105 i jednocze\u015bnie interpretatork\u0105 literatury dla m\u0142odego odbiorcy. Nale\u017c\u0119 do polskiej sekcji IBBY.<\/p>\n<p><strong>Najwa\u017cniejsze publikacje:<\/strong><\/p>\n<p><strong>Ksi\u0105\u017cki:<\/strong><\/p>\n<ul>\n<li><em>Poetyka i \u0142owy. O idei dawnego polowania w literaturze polskiej XIX wieku.\u00a0<\/em>Wydawnictwo Uniwersytetu \u015al\u0105skiego. Katowice 2004. ISBN: 83-226-1359-8, ss. 255.<\/li>\n<li><em>Czu\u0142e punkty Grochowiaka. Szkice i interpretacje.\u00a0<\/em>Wydawnictwo Uniwersytetu \u015al\u0105skiego. Katowice 2010. ISBN: 978-83-226-1985-5, ss. 164.<\/li>\n<li><em>Uwolni\u0107 Pippi! Tw\u00f3rczo\u015b\u0107 dla dzieci wobec przemian kultury\u00a0<\/em>(razem z I. Gralewicz-Wolny). Wydawnictwo Uniwersytetu \u015al\u0105skiego. Katowice 2013. ISBN: 978-83-226-2234-6, ss. 152.<\/li>\n<li><em>Lataj\u0105ca ryba. Studia o podr\u00f3\u017copisarstwie Ignacego Domeyki.\u00a0<\/em>Wydawnictwo Uniwersytetu \u015al\u0105skiego. Katowice 2014. ISBN: 978-83-8012-039-6, ss. 208.<\/li>\n<li><em>Zwierz\u0119ta na zakr\u0119cie.\u00a0<\/em>Wydawnictwo IBL. Warszawa 2017. ISBN: 978-83-65573-99-5, ss. 283.<\/li>\n<li><em>Po pierwsze. O literaturze dla dzieci (i nie tylko)<\/em>\u00a0(razem z I. Gralewicz-Wolny). Wydawnictwo Uniwersytetu Jagiello\u0144skiego. Krak\u00f3w 2019. ISBN: 978-83-233-4766-8, ss. 190.<\/li>\n<\/ul>\n<p><strong>Przek\u0142ady:<\/strong><\/p>\n<ul>\n<li>2007. Soulages: <em>Estetyka fotografii. Strata i zysk\u00a0<\/em>(razem z W. Forajterem). Wydawnictwo Universitas. Krak\u00f3w 2007. ISBN: 97883-242-0668-1, ss. 445.<strong>\u00a0<\/strong><\/li>\n<\/ul>\n<p><strong>Redakcja naukowa:<\/strong><\/p>\n<ul>\n<li><em>Balaghan. Mikro\u015bwiaty i nanohistorie<\/em>. Red. M. Jochemczyk, M. Kokoszka, B. Mytych-Forajter. Wydawnictwo Uniwersytetu \u015al\u0105skiego. Katowice 2015. ISBN: 978-83-8012-637-4, ss. 485.<\/li>\n<li><em>Ptaki. Przeploty.\u00a0<\/em>Red. B. Mytych-Forajter, K. Jaglarz. Stowarzyszenie Inicjatyw Wydawniczych. Katowice 2015. ISBN: 978-83-64844-16-4, ss. 326.<\/li>\n<li><em>Par coeur: tw\u00f3rczo\u015b\u0107 dla dzieci i m\u0142odzie\u017cy raz jeszcze.\u00a0<\/em>Red. I. Gralewicz-Wolny, B. Mytych-Forajter. Wydawnictwo Uniwersytetu \u015al\u0105skiego. Katowice 2016. ISBN: 978-83-8012-852-1, ss. 262.<\/li>\n<li><em>Ilustrowany s\u0142ownik termin\u00f3w literackich. Historia, anegdota, etymologia.\u00a0<\/em>Red. Z. Kad\u0142ubek, B. Mytych-Forajter, A. Nawarecki. S\u0142owo\/ obraz terytoria. Gda\u0144sk 2019. ISBN: 978-83-7453-573-1, ss. 546.<\/li>\n<li><em>Janowe. Teksty i konteksty.\u00a0<\/em>Red. I. Gralewicz-Wolny, J. Kisiel i B. Mytych-Forajter. Wydawnictwo Uniwersytetu \u015al\u0105skiego. Katowice 2020. ISBN: 978-83-226-3961-0, ss. 258.<\/li>\n<\/ul>\n<p><strong>Artyku\u0142y w czasopismach:<\/strong><\/p>\n<ul>\n<li><em>\u201eOdleg\u0142o\u015b\u0107 jest niczym\u201d. Ignacego Domeyki \u017cycie na skrzy\u017cowaniu cywilizacji.<\/em>\u00a0\u201eWiek XIX. Rocznik Towarzystwa Literackiego im. Adama Mickiewicza\u201d. 2015, R. VIII, s. 359-369.<\/li>\n<li><em>\u015arodek tego \u015bwiata. Park w Giszowcu.\u00a0<\/em>\u201e\u015al\u0105skie Studia Polonistyczne\u201d 2018, nr 1, s. 135\u2212145.<\/li>\n<li><em>Antypedagogika Niziurskiego (na przyk\u0142adzie \u201eKsi\u0119gi urwis\u00f3w\u201d).<\/em>\u00a0\u201eGuliwer\u201d 2019, nr 3, s. 73\u221281.<\/li>\n<li><em>Organiczna ca\u0142o\u015b\u0107 w \u201eBrzezinie\u201d. Ekokrytyczna reinterpretacja opowiadania Jaros\u0142awa Iwaszkiewicza.\u00a0<\/em>\u201eStudia Poetica. Annales Universitatis Paedagogicae Cracoviensis\u201d 2020, nr 8, s. 90\u2212100.<\/li>\n<li><em>Fikcja, kt\u00f3ra leczy. Wojenne powie\u015bci<\/em><em>\u00a0Kimberly Brubaker Bradley (\u201eWojna, kt\u00f3ra ocali\u0142a mi \u017cycie\u201d oraz \u201eWojna, kt\u00f3r\u0105 w ko\u0144cu wygra\u0142am\u201d).\u00a0<\/em>\u201eRana. Literatura \u2013 Do\u015bwiadczenie \u2013 To\u017csamo\u015b\u0107\u201d 2021, nr 2, ss.18.<\/li>\n<li><em>Pippi, Annika i Nini \u2013 trzy figury dziewczy\u0144sko\u015bci.<\/em>\u00a0\u201eCzas Kultury\u201d 2022, nr 2, s. 38-45.<\/li>\n<\/ul>\n<p>\n<\/div>\r\n                    <\/div>\r\n                <\/div>[\/vc_tta_section][vc_tta_section title=&#8221;ENGLISH&#8221; tab_id=&#8221;1696252715456-7a1c3c83-9fb3&#8243;]\r\n                <div class=\"text-modules\">\r\n                    <div class=\"container\">\r\n                        \r\n                        <div class=\"text-modules__content\"><p><strong>Beata Mytych-Forajter, PhD, DLitt<\/strong><\/p>\n<p><strong>Faculty of Humanities<\/strong><\/p>\n<p>e-mail: <a href=\"mailto:beata.mytych-forajter@us.edu.pl\">beata.mytych-forajter@us.edu.pl<\/a><\/p>\n<p>&nbsp;<\/p>\n<p>ORCID: 0000-0002-0588-2087<\/p>\n<p><a href=\"https:\/\/scholar.google.com\/citations?user=E2RLWmUAAAAJ&amp;hl=pl&amp;oi=ao\">https:\/\/scholar.google.com\/citations?user=E2RLWmUAAAAJ&amp;hl=pl&amp;oi=ao<\/a><\/p>\n<p><a href=\"https:\/\/www.researchgate.net\/profile\/Beata_Mytych-Forajter\">https:\/\/www.researchgate.net\/profile\/Beata_Mytych-Forajter<\/a><\/p>\n<p>&nbsp;<\/p>\n<p><strong>Research interests:<\/strong><\/p>\n<p>relations between literature, anthropology, natural science and geography; the organic in literature and literary studies; eco-critical reading; literature for children and adolescents<\/p>\n<p><strong>Recent publications:<\/strong><\/p>\n<ol>\n<li><em>Beaty Oberty\u0144skiej sposoby na szcz\u0119\u015bcie\u00a0<\/em>[Beata Oberty\u0144ska\u2019s ways to happiness]<em>.<\/em>\u00a0In:\u00a0<em>O szcz\u0119\u015bciu. Konteksty radosne.<\/em>\u00a0Szawerna-Dyrszka and I. Gielata (eds.). Katowice 2020, pp. 97\u2212112.<\/li>\n<li><em>Antypedagogika Niziurskiego (na przyk\u0142adzie \u201eKsi\u0119gi urwis\u00f3w\u201d)\u00a0<\/em>[Niziurski\u2019s Anti-pedagogy (on the basis of his \u201cKsi\u0119ga urwis\u00f3w\u201d]<em>.<\/em>\u00a0\u201eGuliwer\u201d 2019, no. 3, pp. 73\u221281.<\/li>\n<li><em>Po pierwsze. O literaturze dla dzieci (i nie tylko)\u00a0<\/em>[First. On children literature (and not only)] (with I. Gralewicz-Wolny). Wydawnictwo Uniwersytetu Jagiello\u0144skiego. Krak\u00f3w 2019, 186 pages.<\/li>\n<li><em>\u015arodek tego \u015bwiata. Park w Giszowcu\u00a0<\/em>[The middle of the world. The park in Giszowiec]<em>.\u00a0<\/em>\u201e\u015al\u0105skie Studia Polonistyczne\u201d 2018, no. 1, pp. 135\u2212145.<\/li>\n<li><em>Zwierz\u0119ta na zakr\u0119cie\u00a0<\/em>[Animals on the bend]<em>.<\/em>\u00a0Wydawnictwo IBL. Warszawa 2017, 285 pages.<\/li>\n<\/ol>\n<p><strong>Grants:<\/strong><\/p>\n<ol>\n<li>Project 0104\/NPRH2\/H11\/81\/2013 (project manager: Aleksander Nawarecki) \u2212\u00a0<em>Historyczny s\u0142ownik termin\u00f3w literackich. \u0179r\u00f3d\u0142a i przemiany wybranych poj\u0119\u0107\u00a0<\/em>[A historical dictionary of literary terminology. Origins and changes of selected concepts] \u2212 grant participant and secretary.<\/li>\n<li>Project 0097\/NPRH2\/H11\/81\/2013 (project manager: Assoc. Prof. Marta Zieli\u0144ska, Professor of IBL PAN) \u2212\u00a0<em>Romantyzm w \u015bwietle nowych \u017ar\u00f3de\u0142\u00a0<\/em>[Romanticism in the light of new sources] \u2212 grant participant.<\/li>\n<li>MNiSW Research project N 103\u00a02669\/B\/H\/2010\/38 (project manager: Dr Alina \u015awie\u015bciak) \u2212\u00a0<em>34\u00a0najwa\u017cniejsze ksi\u0105\u017cki poetyckie 1945-1989\u00a0<\/em>[The 34 most important poetic books 1945-1989] \u2212 project participant.<\/li>\n<\/ol>\n<p><strong>Academic outreach and engagement:<\/strong><\/p>\n<ol>\n<li><em>Co zosta\u0142o z Niziurskiego?\u00a0<\/em>[What has been left from Niziurski\u2019s works?] \u2212 the academic seminar popularizing the works of the author of\u00a0<em>Spos\u00f3b na Arcybiadesa<\/em>\u00a0(Katowice, 15 May, 2019), resulting in a special (monographic) issue of the journal \u201cGuliwer\u201d (2019, no. 3).<\/li>\n<li>The Polish Radio Station Katowice, Katowice, ul. Ligonia 29; participation in three radio programmes popularizing literature addressed to the young: 29 May, 2019 (Edmund Niziurski), 24 July, 2019 (Zbigniew Nienacki) and 23 October, 2019 (Ma\u0142gorzata Musierowicz). The radio programme \u201cKsi\u0105\u017cki mojej m\u0142odo\u015bci\u201d, Wednesdays, 11:15 a.m.<\/li>\n<li>the District Committee of the Polish Language and Literature Competition for secondary school students, workshops for the participants, an interpretation of\u00a0\u00a0<em>Psalm VII,<\/em>\u00a0from the volume\u00a0<em>Psalms<\/em>\u00a0 by Julia Fiedorczuk (25 February, 2020).<\/li>\n<\/ol>\n<p>\n<\/div>\r\n                    <\/div>\r\n                <\/div>[\/vc_tta_section][\/vc_tta_tabs][\/vc_column][vc_column width=&#8221;1\/3&#8243;]\r\n                <div class=\"text-modules\">\r\n                    <div class=\"container\">\r\n                        \r\n                        <div class=\"text-modules__content\"><\/p>\n<p>&nbsp;<\/p>\n<p><img class=\"alignnone wp-image-189 size-large\" src=\"http:\/\/us.edu.pl\/instytut\/ipo\/wp-content\/uploads\/sites\/74\/Pracownicy\/BeataMytychForajter-1024x768.jpg\" alt=\"Beata Mytych-Forajter\" width=\"640\" height=\"480\" srcset=\"https:\/\/us.edu.pl\/instytut\/ipo\/wp-content\/uploads\/sites\/74\/Pracownicy\/BeataMytychForajter-1024x768.jpg 1024w, https:\/\/us.edu.pl\/instytut\/ipo\/wp-content\/uploads\/sites\/74\/Pracownicy\/BeataMytychForajter-300x225.jpg 300w, https:\/\/us.edu.pl\/instytut\/ipo\/wp-content\/uploads\/sites\/74\/Pracownicy\/BeataMytychForajter-768x576.jpg 768w, https:\/\/us.edu.pl\/instytut\/ipo\/wp-content\/uploads\/sites\/74\/Pracownicy\/BeataMytychForajter-1536x1152.jpg 1536w, https:\/\/us.edu.pl\/instytut\/ipo\/wp-content\/uploads\/sites\/74\/Pracownicy\/BeataMytychForajter-2048x1536.jpg 2048w, https:\/\/us.edu.pl\/instytut\/ipo\/wp-content\/uploads\/sites\/74\/Pracownicy\/BeataMytychForajter-575x431.jpg 575w\" sizes=\"(max-width: 640px) 100vw, 640px\" \/><\/p>\n<\/div>\r\n                    <\/div>\r\n                <\/div>[\/vc_column][\/vc_row]<\/p>","protected":false},"excerpt":{"rendered":"<p>[vc_row][vc_column][\/vc_column][\/vc_row][vc_row el_class=&#8221;container&#8221;][vc_column width=&#8221;2\/3&#8243;][vc_tta_tabs active_section=&#8221;1&#8243;][vc_tta_section title=&#8221;POLISH&#8221; tab_id=&#8221;1696245225773-eae4e9a1-2c7a&#8221;][\/vc_tta_section][vc_tta_section title=&#8221;ENGLISH&#8221; tab_id=&#8221;1696252715456-7a1c3c83-9fb3&#8243;][\/vc_tta_section][\/vc_tta_tabs][\/vc_column][vc_column width=&#8221;1\/3&#8243;][\/vc_column][\/vc_row] [&#8230;]<\/p>\n<p><a class=\"btn btn-secondary understrap-read-more-link\" href=\"https:\/\/us.edu.pl\/instytut\/ipo\/pracownicy\/beata-mytych-forajter\/\">Read More&#8230;<\/a><\/p>\n","protected":false},"author":7254,"featured_media":0,"parent":84,"menu_order":0,"comment_status":"closed","ping_status":"closed","template":"","meta":{"_expiration-date-status":"","_expiration-date":0,"_expiration-date-type":"","_expiration-date-categories":[],"_expiration-date-options":[]},"acf":[],"_links":{"self":[{"href":"https:\/\/us.edu.pl\/instytut\/ipo\/wp-json\/wp\/v2\/pages\/188"}],"collection":[{"href":"https:\/\/us.edu.pl\/instytut\/ipo\/wp-json\/wp\/v2\/pages"}],"about":[{"href":"https:\/\/us.edu.pl\/instytut\/ipo\/wp-json\/wp\/v2\/types\/page"}],"author":[{"embeddable":true,"href":"https:\/\/us.edu.pl\/instytut\/ipo\/wp-json\/wp\/v2\/users\/7254"}],"replies":[{"embeddable":true,"href":"https:\/\/us.edu.pl\/instytut\/ipo\/wp-json\/wp\/v2\/comments?post=188"}],"version-history":[{"count":1,"href":"https:\/\/us.edu.pl\/instytut\/ipo\/wp-json\/wp\/v2\/pages\/188\/revisions"}],"predecessor-version":[{"id":190,"href":"https:\/\/us.edu.pl\/instytut\/ipo\/wp-json\/wp\/v2\/pages\/188\/revisions\/190"}],"up":[{"embeddable":true,"href":"https:\/\/us.edu.pl\/instytut\/ipo\/wp-json\/wp\/v2\/pages\/84"}],"wp:attachment":[{"href":"https:\/\/us.edu.pl\/instytut\/ipo\/wp-json\/wp\/v2\/media?parent=188"}],"curies":[{"name":"wp","href":"https:\/\/api.w.org\/{rel}","templated":true}]}}