{"id":197,"date":"2023-10-05T15:04:48","date_gmt":"2023-10-05T13:04:48","guid":{"rendered":"https:\/\/us.edu.pl\/instytut\/ipo\/?page_id=197"},"modified":"2023-10-05T15:04:48","modified_gmt":"2023-10-05T13:04:48","slug":"aleksander-nawarecki","status":"publish","type":"page","link":"https:\/\/us.edu.pl\/instytut\/ipo\/pracownicy\/aleksander-nawarecki\/","title":{"rendered":"Aleksander Nawarecki"},"content":{"rendered":"<p>[vc_row][vc_column]\r\n                <div class=\"text-modules\">\r\n                    <div class=\"container\">\r\n                        \r\n                        <div class=\"text-modules__content\"><\/p>\n<h3><span style=\"color: #002e5a;\"><strong>Aleksander Nawarecki<\/strong><\/span><\/h3>\n<hr \/>\n<p>\n<\/div>\r\n                    <\/div>\r\n                <\/div>[\/vc_column][\/vc_row][vc_row el_class=&#8221;container&#8221;][vc_column width=&#8221;2\/3&#8243;][vc_tta_tabs active_section=&#8221;1&#8243;][vc_tta_section title=&#8221;POLISH&#8221; tab_id=&#8221;1696245225773-eae4e9a1-2c7a&#8221;]\r\n                <div class=\"text-modules\">\r\n                    <div class=\"container\">\r\n                        \r\n                        <div class=\"text-modules__content\"><p><strong>prof. dr hab. Aleksander Nawarecki<\/strong><\/p>\n<p>e-mail: <a href=\"mailto:aleksander.nawarecki@us.edu.pl\">aleksander.nawarecki@us.edu.pl<\/a><\/p>\n<p>Orcid: <a href=\"https:\/\/orcid.org\/0000-0001-7271-2080\">https:\/\/orcid.org\/0000-0001-7271-2080<\/a><\/p>\n<p>ResearchGate\u00a0<a href=\"https:\/\/www.researchgate.net\/profile\/Aleksander_Nawarecki\">https:\/\/www.researchgate.net\/profile\/Aleksander_Nawarecki<\/a><\/p>\n<ul>\n<li>Mgr filologii polskiej, teoretyk i historyk literatury<\/li>\n<li>Doktorat: \u201eRzeczy i marzenia. Studia o wyobra\u017ani poetyckiej skamandryt\u00f3w\u201d promotor Ireneusz Opacki (1992).<\/li>\n<li>Habilitacja: \u201eCzarny karnawa\u0142.\u00a0<em>Uwagi\u00a0 \u015bmierci niechybnej<\/em>\u00a0ksi\u0119dza Baki \u2013 poetyka tekstu i paradoksy recepcji\u201d (1993).<\/li>\n<\/ul>\n<p><strong>Biogram:<\/strong><\/p>\n<p>Uko\u0144czy\u0142em polonistyk\u0119 na Uniwersytecie \u015al\u0105skim i studia doktoranckie w IBL PAN. Dysertacja powstaj\u0105ca pod kierunkiem Marii Janion zosta\u0142a uznana za spe\u0142niaj\u0105c\u0105 wymogi rozprawy habilitacyjnej i w\u0142a\u015bnie ta praca, po\u015bwi\u0119cona fenomenowi ks. Baki (\u201enajwi\u0119kszego grafomana\u201d w dziejach naszej literatury) zawa\u017cy\u0142a na moich p\u00f3\u017aniejszych zainteresowaniach zjawiskami marginalnymi, wymykaj\u0105cymi si\u0119 ocenie, lekcewa\u017conymi. Bezpo\u015bredni\u0105 kontynuacj\u0105 by\u0142a idea \u201emikrologii literackiej\u201d i kolejne ksi\u0105\u017cki dotycz\u0105ce literackiego postrzegania\/niedostrzegania rzeczy (projekt parafernologii), ro\u015blin i zwierz\u0105t (projekt zoofilologii), a tak\u017ce tego, co uznano za b\u0142ahe w dokonaniach \u201ewielkich\u201d pisarzy (Mickiewicz, S\u0142owacki). Akt\u00f3w zapominania, ukrywania \u00a0i wykluczania wypatruj\u0119 w blisko\u015bci s\u0142owa: w etymologii, poetyce anagram\u00f3w czy wr\u00f3\u017cbiarstwie augur\u00f3w, ale te\u017c w sztuce gotowania i leczenia (projekt stomatopoetyki), a wreszcie w postrzeganiu \u015al\u0105ska. Wi\u0119kszo\u015b\u0107 z tych inicjatyw badawczych uzna\u0107 mo\u017cna za rodzimy odpowiednik literackiej dekonstrukcji. Ich swoistym zwie\u0144czeniem jest wsp\u00f3\u0142redagowany prze mnie\u00a0<em>Ilustrowany s\u0142ownik termin\u00f3w literackich.\u00a0<\/em><em>Historia, anegdota, etymologia<\/em>\u00a0(2018).<\/p>\n<p><strong>Monografie autorskie<\/strong><\/p>\n<ol>\n<li><em>Czarny karnawa\u0142. \u201eUwagi \u015bmierci niechybnej\u201d ksi\u0119dza Baki \u2013 poetyka tekstu i paradoksy recepcji.<\/em>, Ossolineum, Wroc\u0142aw 1991.<\/li>\n<li><em>Rzeczy i marzenia. Studia o wyobra\u017ani poetyckiej skamandryt\u00f3w<\/em>, Wydawnictwo \u201e\u015al\u0105sk\u201d, Katowice 1993.<\/li>\n<li><em>Pokrzywa. Eseje,\u00a0<\/em>Wydawnictwo Off-max, Chorz\u00f3w-Sosnowiec 1996.<\/li>\n<li><em>Ma\u0142y Mickiewicz. Studia mikrologiczne<\/em>, Wydawnictwo Uniwersytetu \u015al\u0105skiego, Katowice 2003.<\/li>\n<li><em>Lajerman,\u00a0<\/em>wydawnictwo s\u0142owo\/obraz terytoria, Gda\u0144sk 2010.<\/li>\n<li><em>Parafernali<\/em>a. Wydawnictwo U\u015a, Katowice 2014.<\/li>\n<li><em>Dialog troisty. Colloquia o Juliuszu S\u0142owackim,\u00a0<\/em>Wydawnictwo IBL PAN, Warszawa 2019, (wsp\u00f3lnie z A. Kotli\u0144skim).<\/li>\n<\/ol>\n<p><strong>Prace edytorskie:<\/strong><\/p>\n<ol>\n<li>J.Baka,\u00a0<em>Poezje<\/em>, PIW, Warszawa 1986, (wsp\u00f3lnie z A. Czy\u017cem).<\/li>\n<li>J.Baka,\u00a0<em>Uwagi<\/em>, Wydawnictwo Test, Lublin 2000, (wsp\u00f3lnie z A. Czy\u017cem).<\/li>\n<\/ol>\n<p><strong>Podr\u0119czniki szkolne i wydawnictwa dydaktyczne:<\/strong><\/p>\n<ol>\n<li>1<em>.<\/em>\u00a0<em>Przesz\u0142o\u015b\u0107 to dzi\u015b. Literatura \u2013 j\u0119zyk \u2013 kultura. Podr\u0119cznik dla II klasy liceum i technikum.<\/em>\u00a0Cz\u0119\u015b\u0107, Wydawnictwo Piotra Marciszuka, Warszawa 2003-2022, (wsp\u00f3lnie z D. Siwick\u0105).<\/li>\n<li><em>Przesz\u0142o\u015b\u0107 to dzi\u015b. Dla klasy II cz\u0119\u015b\u0107 I. Przewodnik metodyczny ze scenariuszami lekcji<\/em>. (Stentor. Wydawnictwo Piotra Marciszuka), Warszawa 2003, (wsp\u00f3lnie z B. Matusiak i D. Siwick\u0105).<\/li>\n<li>(wsp\u00f3lnie z Dorot\u0105 Siwick\u0105).\u00a0<em>Przesz\u0142o\u015b\u0107 to dzi\u015b.<\/em>\u00a0<em>Romantyzm.<\/em>\u00a0Materia\u0142y multimedialne CD-ROM. Stentor Wydawnictwo Piotra Marciszuka, Warszawa 2006, (wsp\u00f3lnie z D.Siwick\u0105)<\/li>\n<\/ol>\n<p><strong>Redakcje tom\u00f3w zbiorowych:<\/strong><\/p>\n<ol start=\"7\">\n<li><em>Tw\u00f3rczo\u015b\u0107 Jaros\u0142awa Iwaszkiewicza. Interpretacje<\/em>. Skamander 9. Katowice 1993, (wsp\u00f3lnie z I.Opackim).<\/li>\n<li><em>Znajomym go\u015bci\u0144cem. Prace ofiarowane Profesorowi Ireneuszowi Opackiemu w sze\u015b\u0107dziesi\u0105t\u0105 rocznic\u0119 urodzin<\/em>, Katowice 1993, (wsp\u00f3lnie z T.S\u0142awkiem i D.Pawelcem).<\/li>\n<li><em>Staro\u015b\u0107<\/em>, Katowice 1995, (wsp\u00f3lnie z A.Dziadkiem).<\/li>\n<li><em>Szybko i szybcie<\/em>j, Warszawa 1996, (wsp\u00f3lnie z D.Siwick\u0105 i M.Bie\u0144czykiem).<\/li>\n<li><em>Kanonada. Interpretacje wierszy polskich (1939-1989).<\/em>\u00a0Katowice 1999, (wsp\u00f3lnie z D. Pawelcem).<\/li>\n<li><em>Miniatura i mikrologia literacka.\u00a0<\/em>T. 1-3 . Katowice 2000-2003.<\/li>\n<li><em>Skala \u201emikro\u201d w badaniach literackich<\/em>, Katowice 2005, (wsp\u00f3lnie z M.Bogdanowsk\u0105).<\/li>\n<li><em>Wyk\u0142ady loza\u0144skie Adama Mickiewicza<\/em>, Katowice 2006, (wsp\u00f3lnie z B.Mytych-Forajter).<\/li>\n<li><em>Pi\u0142eczka. Studia o ruchu i melancholii,\u00a0<\/em>Katowice 2017, (wsp\u00f3lnie z W.Bojd\u0105).<\/li>\n<li><em>Ilustrowany s\u0142ownika termin\u00f3w literackich.<\/em>\u00a0<em>Historia, anegdota, etymologia,<\/em>\u00a0wydawnictwo s\u0142owo\/obraz, Gda\u0144sk 2018, (wsp\u00f3lnie z Z.Kad\u0142ubkiem i B.Mytych-Fotajter).<\/li>\n<\/ol>\n<p><strong>Wybrane artyku\u0142y w czasopismach:<\/strong><\/p>\n<ol>\n<li><em>O \u015bl\u0105skiej szkole mikrologii (1999-2005). Gar\u015b\u0107 wspomnie\u0144. \/ On the Silesian Micrological School (1999-2005). A Sprinklings of Reminiscens.<\/em>\u00a0Forum Poetyki \/ Forum of Poetics. (czasopismo internetowe) Wiosna\/lato 2017 (6) Mikropoetyka.<\/li>\n<li><em>Czytanie psalm\u00f3w z Lutrem<\/em>, \u201ePolska Sztuka Ludowa. Konteksty\u201d, 2018 z. 3.<\/li>\n<li><em>Gatunek: zadanie tekstowe z matematyki,<\/em>\u00a0\u201eTeksty Drugie\u201d 2019 nr 3.<\/li>\n<li><em>M\u00f3j \u201eSpos\u00f3b na Alcybiadesa\u201d,<\/em>\u00a0\u201eGuliwer. Czasopismo o ksi\u0105\u017cce dla dziecka\u201d 2019 nr 3.<\/li>\n<li><em>Katapulta. Przygody polonistyki niezdyscyplinowanej<\/em>, \u201ePrzestrzenie Teorii\u201d 2020.<\/li>\n<li><em>\u015awiat bez augur\u00f3w<\/em>, \u201eKonteksty. Sztuka Ludowa\u201d 2021 nr 3.<\/li>\n<li><em>Strupki (etiuda literacko-dermatologiczna<\/em>), \u201eRana. Literatura-do\u015bwiadczenie-to\u017csamo\u015b\u0107\u201d, 2021 nr 2.<\/li>\n<li><em>\u201cChe la cos\u2019 \u00e8 la poesia?\u201d (Derrida, Uni\u0142owski, Berardi<\/em>), \u201ePolono-Italica Fabrica Litterarum\u201d 2021 z.3.<\/li>\n<\/ol>\n<p>\n<\/div>\r\n                    <\/div>\r\n                <\/div>[\/vc_tta_section][\/vc_tta_tabs][\/vc_column][vc_column width=&#8221;1\/3&#8243;][\/vc_column][\/vc_row]<\/p>","protected":false},"excerpt":{"rendered":"<p>[vc_row][vc_column][\/vc_column][\/vc_row][vc_row el_class=&#8221;container&#8221;][vc_column width=&#8221;2\/3&#8243;][vc_tta_tabs active_section=&#8221;1&#8243;][vc_tta_section title=&#8221;POLISH&#8221; tab_id=&#8221;1696245225773-eae4e9a1-2c7a&#8221;][\/vc_tta_section][\/vc_tta_tabs][\/vc_column][vc_column width=&#8221;1\/3&#8243;][\/vc_column][\/vc_row] [&#8230;]<\/p>\n<p><a class=\"btn btn-secondary understrap-read-more-link\" href=\"https:\/\/us.edu.pl\/instytut\/ipo\/pracownicy\/aleksander-nawarecki\/\">Read More&#8230;<\/a><\/p>\n","protected":false},"author":7254,"featured_media":0,"parent":84,"menu_order":0,"comment_status":"closed","ping_status":"closed","template":"","meta":{"_expiration-date-status":"","_expiration-date":0,"_expiration-date-type":"","_expiration-date-categories":[],"_expiration-date-options":[]},"acf":[],"_links":{"self":[{"href":"https:\/\/us.edu.pl\/instytut\/ipo\/wp-json\/wp\/v2\/pages\/197"}],"collection":[{"href":"https:\/\/us.edu.pl\/instytut\/ipo\/wp-json\/wp\/v2\/pages"}],"about":[{"href":"https:\/\/us.edu.pl\/instytut\/ipo\/wp-json\/wp\/v2\/types\/page"}],"author":[{"embeddable":true,"href":"https:\/\/us.edu.pl\/instytut\/ipo\/wp-json\/wp\/v2\/users\/7254"}],"replies":[{"embeddable":true,"href":"https:\/\/us.edu.pl\/instytut\/ipo\/wp-json\/wp\/v2\/comments?post=197"}],"version-history":[{"count":1,"href":"https:\/\/us.edu.pl\/instytut\/ipo\/wp-json\/wp\/v2\/pages\/197\/revisions"}],"predecessor-version":[{"id":198,"href":"https:\/\/us.edu.pl\/instytut\/ipo\/wp-json\/wp\/v2\/pages\/197\/revisions\/198"}],"up":[{"embeddable":true,"href":"https:\/\/us.edu.pl\/instytut\/ipo\/wp-json\/wp\/v2\/pages\/84"}],"wp:attachment":[{"href":"https:\/\/us.edu.pl\/instytut\/ipo\/wp-json\/wp\/v2\/media?parent=197"}],"curies":[{"name":"wp","href":"https:\/\/api.w.org\/{rel}","templated":true}]}}