{"id":213,"date":"2023-10-05T15:45:21","date_gmt":"2023-10-05T13:45:21","guid":{"rendered":"https:\/\/us.edu.pl\/instytut\/ipo\/?page_id=213"},"modified":"2023-10-05T16:18:47","modified_gmt":"2023-10-05T14:18:47","slug":"tomasz-nowak","status":"publish","type":"page","link":"https:\/\/us.edu.pl\/instytut\/ipo\/pracownicy\/tomasz-nowak\/","title":{"rendered":"Tomasz Nowak"},"content":{"rendered":"<p>[vc_row el_class=&#8221;container&#8221;][vc_column width=&#8221;2\/3&#8243;]\r\n                <div class=\"text-modules \">\r\n                    <div class=\"container\">\r\n                        <h3 class=\"section-title section-title_border-bottom\">Tomasz Nowak<\/h3> <h3 class=\"subtitle text-modules__subtitle\">e-mail: tomasz.nowak@us.edu.pl<\/h3>\r\n                        <div class=\"row m-0\">\r\n                            <div class=\"text-modules__content\">\r\n                                 \r\n                                <div class=\"mt-3\"><a href=\"https:\/\/orcid.org\/0000-0001-6044-113X\" class=\"link-button mr-3 \">ORCID<\/a><a href=\"https:\/\/www.researchgate.net\/profile\/Tomasz-Nowak-4\" class=\"link-button mr-3 \">ResearchGate<\/a><a href=\"https:\/\/scholar.google.pl\/citations?user=2ln4x-kAAAAJ&hl=pl\" class=\"link-button mr-3 \">GoogleScholar<\/a><\/div>\r\n                            <\/div>\r\n                            \r\n                            \r\n                        <\/div>\r\n                    <\/div>\r\n                <\/div>[vc_tta_tabs alignment=&#8221;right&#8221; active_section=&#8221;1&#8243;][vc_tta_section title=&#8221;POLISH&#8221; tab_id=&#8221;1696245225773-eae4e9a1-2c7a&#8221;]\r\n                <div class=\"text-modules\">\r\n                    <div class=\"container\">\r\n                        \r\n                        <div class=\"text-modules__content\"><\/p>\n<h3>dr hab. Tomasz Nowak, prof. U\u015a<\/h3>\n<p>&nbsp;<\/p>\n<p><strong>Zainteresowania badawcze<\/strong><\/p>\n<hr \/>\n<p>Tomasz Nowak \u2013 doktor habilitowany nauk humanistycznych w zakresie j\u0119zykoznawstwa; autor prawie stu publikacji (ksi\u0105\u017cek i artyku\u0142\u00f3w): naukowych i dydaktycznych (zob. biogram rozszerzony); nauczyciel prowadz\u0105cy zaj\u0119cia na wszystkich szczeblach kszta\u0142cenia. Przedmiot jego bada\u0144 i zaj\u0119\u0107 stanowi\u0105: gramatyka i semantyka wsp\u00f3\u0142czesnego j\u0119zyka polskiego, zw\u0142aszcza nast\u0119puj\u0105ce zagadnienia: formalny opis polszczyzny i eksplikowanie znacze\u0144 wybranych jednostek j\u0119zyka (szczeg\u00f3ln\u0105 wag\u0119 przywi\u0105zuje w opisie do kwestii metodologicznych, m.in. w oparciu o zgromadzony materia\u0142 j\u0119zykowy testuje r\u00f3\u017cne modele lingwistyczne). Obecnie jego zainteresowania naukowe i dydaktyczne ogniskuj\u0105 si\u0119 wok\u00f3\u0142 kognitywistycznych, matematyczno-przyrodniczych, studi\u00f3w nad j\u0119zykiem i mow\u0105 (m.in. w zakresie biolingwistyki i psycholingwistyki) oraz ich metalingwistycznych, spo\u0142eczno-humanistycznych, implikacji.<\/p>\n<p>&nbsp;<\/p>\n<p><strong>Najwa\u017cniejsze publikacje<\/strong><\/p>\n<hr \/>\n<ol>\n<li><em>Refleksja nad granicami j\u0119zyka i mowy w obliczu odkry\u0107 zoosemiotyki.\u00a0<\/em>\u201eZoophilologica. Polish Journal of Animal Studies\u201d 2021, 7(1), s. 1\u201353.<\/li>\n<li><em>Studia nad filogenez\u0105 j\u0119zyka i mowy jako zwierciad\u0142o, w kt\u00f3rym przegl\u0105daj\u0105 si\u0119 nowoczesne koncepcje lingwistyczne<\/em>. \u201eTeksty z Ulicy. Zeszyt memetyczny\u201d 2017, 18, s. 81\u2013115.<\/li>\n<li><em>Gramatyka j\u0119zyka w komputerze m\u00f3zgu i programie umys\u0142u. W poszukiwaniu realnego cerebralnie i mentalnie modelu sk\u0142adni<\/em>. \u201eLogopedia Silesiana\u201d 2019, 8, 31 s. 71\u201393.<\/li>\n<li><em>Parser gramatyczny i jego strategie poznawcze. Kilka uwag na temat syntaksy i percepcji<\/em>. \u201eLogopedia Silesiana\u201d 2019, 8, s. 94\u2013123.<\/li>\n<li><em>Przetwarzanie j\u0119zyka\/mowy w umy\u015ble\/m\u00f3zgu na tle wynik\u00f3w wybranych eksperyment\u00f3w neurolingwistycznych<\/em>. \u201eLogopedia Silesiana\u201d 2016, 5, s. 54\u201380.<\/li>\n<li><em>W kr\u0119gu modeli neurolingwistycznych: wybrane propozycje i wst\u0119pne interpretacje<\/em>. \u201eLogopedia Silesiana\u201d 2016, 5, s. 31\u201353.<\/li>\n<\/ol>\n<p><a href=\"http:\/\/us.edu.pl\/instytut\/ipo\/wp-content\/uploads\/sites\/74\/Pracownicy\/Nowak-T.-biogram-rozszerzony.pdf\" class=\"mtli_attachment mtli_pdf\" class=\"mtli_attachment mtli_pdf\">Biogram rozszerzony<\/a><\/p>\n<\/div>\r\n                    <\/div>\r\n                <\/div>[\/vc_tta_section][vc_tta_section title=&#8221;ENGLISH&#8221; tab_id=&#8221;1696252715456-7a1c3c83-9fb3&#8243;]\r\n                <div class=\"text-modules\">\r\n                    <div class=\"container\">\r\n                        \r\n                        <div class=\"text-modules__content\"><\/p>\n<h3>Tomasz Nowak, PhD, DLitt<\/h3>\n<h4><strong>Ass<\/strong><strong>ociate<\/strong><strong>\u00a0Professor<\/strong><\/h4>\n<p>&nbsp;<\/p>\n<p><strong>Research interests:<\/strong><\/p>\n<hr \/>\n<p>The topics of my research and teaching include: grammar and semantics of modern Polish, especially the formal description of Polish, the explication of the meanings of selected lexemes (I pay special attention to the methodology, among other things, I test various linguistic models on the basis of the collected linguistic data). My current research interests\u00a0 (and didactic responsibilities) focus on cognitive, mathematical and natural studies on language (in biolinguistics and psycholinguistics), and their metalinguistic and socio-humanistic implications.<\/p>\n<p>&nbsp;<\/p>\n<p><strong>Selected publications:<\/strong><\/p>\n<hr \/>\n<p>I am the author of almost one hundred publications (books and articles): both academic, and didactic (see\u00a0<a href=\"http:\/\/us.edu.pl\/instytut\/ipo\/wp-content\/uploads\/sites\/74\/Pracownicy\/Nowak-T.-biogram-rozszerzony.pdf\" class=\"mtli_attachment mtli_pdf\" class=\"mtli_attachment mtli_pdf\">extended biogram<\/a>).<\/p>\n<\/div>\r\n                    <\/div>\r\n                <\/div>[\/vc_tta_section][\/vc_tta_tabs][\/vc_column][vc_column width=&#8221;1\/3&#8243;][\/vc_column][\/vc_row][vc_row el_class=&#8221;container&#8221;][vc_column width=&#8221;2\/3&#8243;][\/vc_column][vc_column width=&#8221;1\/3&#8243;][\/vc_column][\/vc_row]<\/p>","protected":false},"excerpt":{"rendered":"<p>[vc_row el_class=&#8221;container&#8221;][vc_column width=&#8221;2\/3&#8243;][vc_tta_tabs alignment=&#8221;right&#8221; active_section=&#8221;1&#8243;][vc_tta_section title=&#8221;POLISH&#8221; tab_id=&#8221;1696245225773-eae4e9a1-2c7a&#8221;][\/vc_tta_section][vc_tta_section title=&#8221;ENGLISH&#8221; tab_id=&#8221;1696252715456-7a1c3c83-9fb3&#8243;][\/vc_tta_section][\/vc_tta_tabs][\/vc_column][vc_column width=&#8221;1\/3&#8243;][\/vc_column][\/vc_row][vc_row el_class=&#8221;container&#8221;][vc_column width=&#8221;2\/3&#8243;][\/vc_column][vc_column width=&#8221;1\/3&#8243;][\/vc_column][\/vc_row] [&#8230;]<\/p>\n<p><a class=\"btn btn-secondary understrap-read-more-link\" href=\"https:\/\/us.edu.pl\/instytut\/ipo\/pracownicy\/tomasz-nowak\/\">Read More&#8230;<\/a><\/p>\n","protected":false},"author":7254,"featured_media":0,"parent":84,"menu_order":0,"comment_status":"closed","ping_status":"closed","template":"","meta":{"_expiration-date-status":"","_expiration-date":0,"_expiration-date-type":"","_expiration-date-categories":[],"_expiration-date-options":[]},"acf":[],"_links":{"self":[{"href":"https:\/\/us.edu.pl\/instytut\/ipo\/wp-json\/wp\/v2\/pages\/213"}],"collection":[{"href":"https:\/\/us.edu.pl\/instytut\/ipo\/wp-json\/wp\/v2\/pages"}],"about":[{"href":"https:\/\/us.edu.pl\/instytut\/ipo\/wp-json\/wp\/v2\/types\/page"}],"author":[{"embeddable":true,"href":"https:\/\/us.edu.pl\/instytut\/ipo\/wp-json\/wp\/v2\/users\/7254"}],"replies":[{"embeddable":true,"href":"https:\/\/us.edu.pl\/instytut\/ipo\/wp-json\/wp\/v2\/comments?post=213"}],"version-history":[{"count":4,"href":"https:\/\/us.edu.pl\/instytut\/ipo\/wp-json\/wp\/v2\/pages\/213\/revisions"}],"predecessor-version":[{"id":221,"href":"https:\/\/us.edu.pl\/instytut\/ipo\/wp-json\/wp\/v2\/pages\/213\/revisions\/221"}],"up":[{"embeddable":true,"href":"https:\/\/us.edu.pl\/instytut\/ipo\/wp-json\/wp\/v2\/pages\/84"}],"wp:attachment":[{"href":"https:\/\/us.edu.pl\/instytut\/ipo\/wp-json\/wp\/v2\/media?parent=213"}],"curies":[{"name":"wp","href":"https:\/\/api.w.org\/{rel}","templated":true}]}}