{"id":223,"date":"2023-10-06T10:55:09","date_gmt":"2023-10-06T08:55:09","guid":{"rendered":"https:\/\/us.edu.pl\/instytut\/ipo\/?page_id=223"},"modified":"2023-10-06T10:55:09","modified_gmt":"2023-10-06T08:55:09","slug":"jozef-olejniczak","status":"publish","type":"page","link":"https:\/\/us.edu.pl\/instytut\/ipo\/pracownicy\/jozef-olejniczak\/","title":{"rendered":"J\u00f3zef Olejniczak"},"content":{"rendered":"<p>[vc_row][vc_column]\r\n                <div class=\"text-modules\">\r\n                    <div class=\"container\">\r\n                        \r\n                        <div class=\"text-modules__content\"><\/p>\n<h3><span style=\"color: #002e5a;\"><strong><b>J\u00f3zef Olejniczak<\/b><\/strong><\/span><\/h3>\n<hr \/>\n<p>\n<\/div>\r\n                    <\/div>\r\n                <\/div>[\/vc_column][\/vc_row][vc_row el_class=&#8221;container&#8221;][vc_column width=&#8221;2\/3&#8243;][vc_tta_tabs active_section=&#8221;1&#8243;][vc_tta_section title=&#8221;POLISH&#8221; tab_id=&#8221;1696245225773-eae4e9a1-2c7a&#8221;]\r\n                <div class=\"text-modules\">\r\n                    <div class=\"container\">\r\n                        \r\n                        <div class=\"text-modules__content\"><\/p>\n<p align=\"justify\"><b>prof. dr hab. J\u00f3zef Olejniczak<\/b> \u2013 jest autorem kilkunastu monografii naukowych i redaktorem naukowym ponad dwudziestu zbiorowych oraz edytorem <i>Po\u017cogi<\/i>\u00a0Zofii Kossak-Szczuckiej oraz korespondencji J\u00f3zefa Wittlina z redaktorami londy\u0144skich \u201eWiadomo\u015bci\u201d. Jego zainteresowania historycznoliterackie koncentruj\u0105 si\u0119 wok\u00f3\u0142 polskiej literatury nowoczesnej, zajmowa\u0142 si\u0119 tw\u00f3rczo\u015bci\u0105 polskiej emigracji po 1939 roku oraz dzie\u0142ami Czes\u0142awa Mi\u0142osza, Witolda Gombrowicza, Aleksandra Wata, Bruno Schulza, Mirona Bia\u0142oszewskiego, Wies\u0142awa My\u015bliwskiego, Stanis\u0142awa Vincenza, Tadeusza Nowaka, a tak\u017ce najnowsz\u0105 polsk\u0105 proz\u0105. Prace teoretyczne po\u015bwi\u0119cone by\u0142y autobiografii, podmiotowo\u015bci, problematyce tanatologicznej i genologicznej oraz antropologii literatury. Jest cz\u0142onkiem kapitu\u0142y nagrody literackiej im Witolda Gombrowicza.<\/p>\n<p align=\"justify\"><strong>Publikacje (wyb\u00f3r dziesi\u0119ciu):<\/strong><\/p>\n<ol>\n<li><i>Arkadia i ma\u0142e ojczyzny. Vincenz \u2013 Stempowski \u2013 Wittlin \u2013 Mi\u0142osz<\/i>. Krak\u00f3w 1992 (\u201eOficyna Literacka\u201d) (247 s.) (ISBN 83-85158-68-5);<\/li>\n<li><i>W\u2013Tajemniczanie. Aleksander Wat.\u00a0<\/i>Katowice 1999 (Wyd. U\u015a) (289 s.) (ISBN 83-226-6881-0);<\/li>\n<li><i>Powroty w \u015bmier\u0107<\/i>. Katowice 2009 (Wyd. U\u015a) (263 s.) (ISBN 978-83-226-1882-0);<\/li>\n<li><i>Czytaj\u0105c Mi\u0142osza<\/i>. Katowice 1997 (322 s.) (ISBN 83-86089-01-6); [wyd. drugie, poprawione i poszerzone, Katowice 2011 (\u201e\u015al\u0105sk\u201d) (376 s.)];<\/li>\n<li><i>Mi\u0142osz. Autobiografia. Cztery eseje<\/i>. Warszawa 2013 (Wyd. IBL) (235 s.), ISBN 978-83-61552-66-6;<\/li>\n<li><i>Inflacja\u00a0<\/i>\u2013\u00a0<i>deflacja. Szkice o literaturoznawczej teorii i praktyce.<\/i>\u00a0Warszawa \u2013 Katowice 2016 (Wyd. IBL) (356 s.), ISBN 978-83-604703-83-6;<\/li>\n<li>(oprac., przypisy, wst\u0119p)\u00a0<i>J\u00f3zef Wittlin. Listy do redaktor\u00f3w \u201eWiadomo\u015bci\u201d. Archiwum Emigracji LIV. \u0179r\u00f3d\u0142a i materia\u0142y do dziej\u00f3w emigracji polskiej po 1939 roku. Seria: Dokumentacja \u017bycia Literackiego Kr\u0119gu Londy\u0144skich \u201eWiadomo\u015bci\u201d (1945-1981) pod. Red. W. Lewandowskiego, tom 2<\/i>. Wydawnictwo Naukowe UMK, Toru\u0144 2014, ISBN 978-83-231-3217-2, ss. 507;<\/li>\n<li><i>Przed i po. Bruno Schulz<\/i>. Red. J. Olejniczak, Krak\u00f3w 2018, Wyd. \u201ePasa\u017ce\u201d, ss. 447, ISBN 978-83-64511-48-6;<\/li>\n<li><i>Pryncypia i marginesy Schulza<\/i>. Gda\u0144sk 2019 (Wyd. \u201es\u0142owo\/obraz terytoria\u201d) (ss.160), (ISBN 978-83-7453-586-1)<\/li>\n<li><i>Przed i po. Witold Gombrowicz<\/i>. Red. J. Olejniczak, Krak\u00f3w 2019, Wyd. \u201ePasa\u017ce\u201d, 2 vol., ss. 540, ISBN 978-83-64511-06-6.<\/li>\n<\/ol>\n<p>\n<\/div>\r\n                    <\/div>\r\n                <\/div>[\/vc_tta_section][\/vc_tta_tabs][\/vc_column][vc_column width=&#8221;1\/3&#8243;]\r\n                <div class=\"text-modules\">\r\n                    <div class=\"container\">\r\n                        \r\n                        <div class=\"text-modules__content\"><\/p>\n<p>&nbsp;<\/p>\n<p><img class=\"alignnone wp-image-224 size-full\" src=\"http:\/\/us.edu.pl\/instytut\/ipo\/wp-content\/uploads\/sites\/74\/Pracownicy\/j.olejniczak.jpg\" alt=\"J\u00f3zef Olejniczak\" width=\"100%\" height=\"auto\" srcset=\"https:\/\/us.edu.pl\/instytut\/ipo\/wp-content\/uploads\/sites\/74\/Pracownicy\/j.olejniczak.jpg 667w, https:\/\/us.edu.pl\/instytut\/ipo\/wp-content\/uploads\/sites\/74\/Pracownicy\/j.olejniczak-259x300.jpg 259w, https:\/\/us.edu.pl\/instytut\/ipo\/wp-content\/uploads\/sites\/74\/Pracownicy\/j.olejniczak-496x575.jpg 496w\" sizes=\"(max-width: 667px) 100vw, 667px\" \/><\/p>\n<\/div>\r\n                    <\/div>\r\n                <\/div>[\/vc_column][\/vc_row]<\/p>","protected":false},"excerpt":{"rendered":"<p>[vc_row][vc_column][\/vc_column][\/vc_row][vc_row el_class=&#8221;container&#8221;][vc_column width=&#8221;2\/3&#8243;][vc_tta_tabs active_section=&#8221;1&#8243;][vc_tta_section title=&#8221;POLISH&#8221; tab_id=&#8221;1696245225773-eae4e9a1-2c7a&#8221;][\/vc_tta_section][\/vc_tta_tabs][\/vc_column][vc_column width=&#8221;1\/3&#8243;][\/vc_column][\/vc_row] [&#8230;]<\/p>\n<p><a class=\"btn btn-secondary understrap-read-more-link\" href=\"https:\/\/us.edu.pl\/instytut\/ipo\/pracownicy\/jozef-olejniczak\/\">Read More&#8230;<\/a><\/p>\n","protected":false},"author":7254,"featured_media":0,"parent":84,"menu_order":0,"comment_status":"closed","ping_status":"closed","template":"","meta":{"_expiration-date-status":"","_expiration-date":0,"_expiration-date-type":"","_expiration-date-categories":[],"_expiration-date-options":[]},"acf":[],"_links":{"self":[{"href":"https:\/\/us.edu.pl\/instytut\/ipo\/wp-json\/wp\/v2\/pages\/223"}],"collection":[{"href":"https:\/\/us.edu.pl\/instytut\/ipo\/wp-json\/wp\/v2\/pages"}],"about":[{"href":"https:\/\/us.edu.pl\/instytut\/ipo\/wp-json\/wp\/v2\/types\/page"}],"author":[{"embeddable":true,"href":"https:\/\/us.edu.pl\/instytut\/ipo\/wp-json\/wp\/v2\/users\/7254"}],"replies":[{"embeddable":true,"href":"https:\/\/us.edu.pl\/instytut\/ipo\/wp-json\/wp\/v2\/comments?post=223"}],"version-history":[{"count":2,"href":"https:\/\/us.edu.pl\/instytut\/ipo\/wp-json\/wp\/v2\/pages\/223\/revisions"}],"predecessor-version":[{"id":226,"href":"https:\/\/us.edu.pl\/instytut\/ipo\/wp-json\/wp\/v2\/pages\/223\/revisions\/226"}],"up":[{"embeddable":true,"href":"https:\/\/us.edu.pl\/instytut\/ipo\/wp-json\/wp\/v2\/pages\/84"}],"wp:attachment":[{"href":"https:\/\/us.edu.pl\/instytut\/ipo\/wp-json\/wp\/v2\/media?parent=223"}],"curies":[{"name":"wp","href":"https:\/\/api.w.org\/{rel}","templated":true}]}}