{"id":249,"date":"2023-10-06T14:02:42","date_gmt":"2023-10-06T12:02:42","guid":{"rendered":"https:\/\/us.edu.pl\/instytut\/ipo\/?page_id=249"},"modified":"2023-10-06T14:02:42","modified_gmt":"2023-10-06T12:02:42","slug":"milosz-piotrowiak","status":"publish","type":"page","link":"https:\/\/us.edu.pl\/instytut\/ipo\/pracownicy\/milosz-piotrowiak\/","title":{"rendered":"Mi\u0142osz Piotrowiak"},"content":{"rendered":"<p>[vc_row][vc_column]\r\n                <div class=\"text-modules\">\r\n                    <div class=\"container\">\r\n                        \r\n                        <div class=\"text-modules__content\"><\/p>\n<h3><span style=\"color: #002e5a;\">Mi\u0142osz Piotrowiak<\/span><\/h3>\n<hr \/>\n<p>\n<\/div>\r\n                    <\/div>\r\n                <\/div>[\/vc_column][\/vc_row][vc_row el_class=&#8221;container&#8221;][vc_column width=&#8221;2\/3&#8243;][vc_tta_tabs active_section=&#8221;1&#8243;][vc_tta_section title=&#8221;POLISH&#8221; tab_id=&#8221;1696245225773-eae4e9a1-2c7a&#8221;]\r\n                <div class=\"text-modules\">\r\n                    <div class=\"container\">\r\n                        \r\n                        <div class=\"text-modules__content\"><p><strong>dr hab. Mi\u0142osz Piotrowiak, prof. U\u015a<\/strong> \u2013 jego zainteresowania badawcze skupiaj\u0105 si\u0119 wok\u00f3\u0142 liryki testamentalnej i poezji stan\u00f3w granicznych, wojennych, kryzysowych.\u00a0 Opublikowa\u0142 m. in.:\u00a0 \u201e<em>Kto ten pejza\u017c zim\u0105 niewydarzon\u0105 zatru\u0142?\u201d Tropy egzystencji w liryce Jerzego Kamila Weintrauba<\/em>,\u00a0<em>Idylla\/testament. Wiersze przebrane. Testament\/idylla. Wiersze przybrane<\/em>.Wsp\u00f3\u0142autor publikacji:\u00a0<em>Nasz Broniewski. Prelekcje warszawskie<\/em>. Wsp\u00f3\u0142redaktor tom\u00f3w zbiorowych m.in.:\u00a0<em>Urzeczenie. Locje wyobra\u017ani i literatury<\/em>,\u00a0<em>Wiersz-rzeka<\/em>. Zast\u0119pca redaktora naczelnego \u201eFabricaLitterarumPolono-Italica\u201d. Publikowa\u0142 w tomach zbiorowych i czasopismach.<\/p>\n<\/div>\r\n                    <\/div>\r\n                <\/div>[\/vc_tta_section][\/vc_tta_tabs][\/vc_column][vc_column width=&#8221;1\/3&#8243;][\/vc_column][\/vc_row]<\/p>","protected":false},"excerpt":{"rendered":"<p>[vc_row][vc_column][\/vc_column][\/vc_row][vc_row el_class=&#8221;container&#8221;][vc_column width=&#8221;2\/3&#8243;][vc_tta_tabs active_section=&#8221;1&#8243;][vc_tta_section title=&#8221;POLISH&#8221; tab_id=&#8221;1696245225773-eae4e9a1-2c7a&#8221;][\/vc_tta_section][\/vc_tta_tabs][\/vc_column][vc_column width=&#8221;1\/3&#8243;][\/vc_column][\/vc_row] [&#8230;]<\/p>\n<p><a class=\"btn btn-secondary understrap-read-more-link\" href=\"https:\/\/us.edu.pl\/instytut\/ipo\/pracownicy\/milosz-piotrowiak\/\">Read More&#8230;<\/a><\/p>\n","protected":false},"author":7254,"featured_media":0,"parent":84,"menu_order":0,"comment_status":"closed","ping_status":"closed","template":"","meta":{"_expiration-date-status":"","_expiration-date":0,"_expiration-date-type":"","_expiration-date-categories":[],"_expiration-date-options":[]},"acf":[],"_links":{"self":[{"href":"https:\/\/us.edu.pl\/instytut\/ipo\/wp-json\/wp\/v2\/pages\/249"}],"collection":[{"href":"https:\/\/us.edu.pl\/instytut\/ipo\/wp-json\/wp\/v2\/pages"}],"about":[{"href":"https:\/\/us.edu.pl\/instytut\/ipo\/wp-json\/wp\/v2\/types\/page"}],"author":[{"embeddable":true,"href":"https:\/\/us.edu.pl\/instytut\/ipo\/wp-json\/wp\/v2\/users\/7254"}],"replies":[{"embeddable":true,"href":"https:\/\/us.edu.pl\/instytut\/ipo\/wp-json\/wp\/v2\/comments?post=249"}],"version-history":[{"count":1,"href":"https:\/\/us.edu.pl\/instytut\/ipo\/wp-json\/wp\/v2\/pages\/249\/revisions"}],"predecessor-version":[{"id":250,"href":"https:\/\/us.edu.pl\/instytut\/ipo\/wp-json\/wp\/v2\/pages\/249\/revisions\/250"}],"up":[{"embeddable":true,"href":"https:\/\/us.edu.pl\/instytut\/ipo\/wp-json\/wp\/v2\/pages\/84"}],"wp:attachment":[{"href":"https:\/\/us.edu.pl\/instytut\/ipo\/wp-json\/wp\/v2\/media?parent=249"}],"curies":[{"name":"wp","href":"https:\/\/api.w.org\/{rel}","templated":true}]}}