{"id":264,"date":"2023-10-06T14:45:39","date_gmt":"2023-10-06T12:45:39","guid":{"rendered":"https:\/\/us.edu.pl\/instytut\/ipo\/?page_id=264"},"modified":"2023-10-06T14:45:39","modified_gmt":"2023-10-06T12:45:39","slug":"anna-sitko","status":"publish","type":"page","link":"https:\/\/us.edu.pl\/instytut\/ipo\/pracownicy\/anna-sitko\/","title":{"rendered":"Anna Sitko"},"content":{"rendered":"<p>[vc_row el_class=&#8221;container&#8221;][vc_column width=&#8221;2\/3&#8243;]\r\n                <div class=\"text-modules \">\r\n                    <div class=\"container\">\r\n                        <h3 class=\"section-title section-title_border-bottom\">Anna Sitko<\/h3> <h3 class=\"subtitle text-modules__subtitle\">e-mail: anna.sitko@us.edu.pl<\/h3>\r\n                        <div class=\"row m-0\">\r\n                            <div class=\"text-modules__content\">\r\n                                 \r\n                                <div class=\"mt-3\"><a href=\"https:\/\/orcid.org\/0000-0001-9861-4606\" class=\"link-button mr-3 \">ORCID<\/a><a href=\"https:\/\/www.researchgate.net\/profile\/Anna_Sitkowa\" class=\"link-button mr-3 \">ResearchGate<\/a><a href=\"https:\/\/scholar.google.com\/citations?hl=pl&user=exphWnsAAAAJ\" class=\"link-button mr-3 \">GoogleScholar<\/a><\/div>\r\n                            <\/div>\r\n                            \r\n                            \r\n                        <\/div>\r\n                    <\/div>\r\n                <\/div>[vc_tta_tabs alignment=&#8221;right&#8221; active_section=&#8221;1&#8243;][vc_tta_section title=&#8221;POLISH&#8221; tab_id=&#8221;1696245225773-eae4e9a1-2c7a&#8221;]\r\n                <div class=\"text-modules\">\r\n                    <div class=\"container\">\r\n                        \r\n                        <div class=\"text-modules__content\"><\/p>\n<h3>dr hab. Anna Sitko, prof. U\u015a<\/h3>\n<hr \/>\n<p>&nbsp;<\/p>\n<p>doktorat:\u00a0<em>Literacka rama wydawnicza w edycjach dzie\u0142 Piotra Skargi. XVI-XVIII w.\u00a0<\/em>(1995)<\/p>\n<p>habilitacja:\u00a0<em>O pisarstwie J\u00f3zefa Wereszczy\u0144skiego. Wybrane problemy<\/em>. Katowice 2006. (2008)<\/p>\n<p>pola zainteresowa\u0144 badawczych: historia literatury staropolskiej, historia dawnej ksi\u0105\u017cki, edytorstwo<\/p>\n<p>&nbsp;<\/p>\n<p><strong>Publikacje<\/strong><\/p>\n<hr \/>\n<p><span style=\"text-decoration: underline;\">monografie:<\/span><\/p>\n<ul>\n<li><em>\u201eNa po\u0142\u00f3w dusz ludzkich\u201d. O literackiej ramie wydawniczej w edycjach kaza\u0144 Piotra Skargi (XVI-XVIII w.)<\/em>. Warszawa 1998<\/li>\n<li><em>Piotra Skargi potyczki z lud\u017ami epoki\u00a0<\/em>Kielce 2000<\/li>\n<li><em>O pisarstwie J\u00f3zefa Wereszczy\u0144skiego. Wybrane problemy<\/em>. Katowice 2006<\/li>\n<\/ul>\n<p><span style=\"text-decoration: underline;\">edycja krytyczna:<\/span><\/p>\n<ul>\n<li>J. Wereszczy\u0144ski:\u00a0<em>Go\u015bciniec pewny niepomiernym moczyg\u0119bom a omierz\u0142ym wydmikuflom \u015bwiata tego do prawdziwego obaczenia a zbytk\u00f3w swych pohamowania<\/em>. Wprowadzenie i oprac. A. Sitkowa. Lublin 2014.<\/li>\n<\/ul>\n<p><span style=\"text-decoration: underline;\">prace redagowane:<\/span><\/p>\n<ul>\n<li><em>Dedykacje w ksi\u0105\u017cce dawnej i wsp\u00f3\u0142czesnej<\/em>. Red. R. Ocieczek i A. Sitkowa. Katowice 2006<\/li>\n<li><em>Studia bibliologiczne<\/em>. T. 19:<em>\u00a0Zagadnienia wydawnicze \u2013 dzieje ksi\u0105\u017cki, prasy i bibliotek<\/em>. Red. A. Sitkowa. Katowice 2011<\/li>\n<li><em>Sarmackie teatrum<\/em>. T. 6:\u00a0<em>Mi\u0119dzy tekstami<\/em>. Red. M. Jarczykowa i A. Sitkowa. Katowice 2012.<\/li>\n<\/ul>\n<p><span style=\"text-decoration: underline;\">artyku\u0142y w czasopismach:<\/span><\/p>\n<ul>\n<li><em>Argumenty z autorytetu. O mottach w dzie\u0142ach Piotra Skargi<\/em>. \u201eHoryzonty Wiary\u201d 1993, z. 17, s. 52-64<\/li>\n<li><em>Wok\u00f3\u0142 list\u00f3w dedykacyjnych w edycjach \u201eRozmowy Polaka z W\u0142ochem\u201d \u0141ukasza G\u00f3rnickiego z 1616 roku<\/em>. \u201eRocznik Przemyski\u201d 2008, z. 3, s. 23-34<\/li>\n<li><em>O lekturach Katarzyny Wapowskiej, kasztelanki przemyskiej (na podstawie druk\u00f3w z prze\u0142omu XVI i XVII wieku)<\/em>. \u201eRocznik Przemyski\u201d 2012, s. 33-44<\/li>\n<li><em>\u201eJakiego skarbu my Polacy nigdy\u015bmy przedtym nie mieli\u201d. \u015alady lektury \u201e\u017bywot\u00f3w \u015bwi\u0119tych\u201d Piotra Skargi w katolickich drukach z ko\u0144ca XVI wieku<\/em>. \u201eActa Universitatis Lodzensis. Folia Litteraria Polonica\u201d 3 (21) 2013:\u00a0<em>Piotr Skarga \u2013 w czterechsetlecie \u015bmierci<\/em>. \u0141\u00f3d\u017a 2013, s. 281-291<\/li>\n<li><em>\u00a0Kaznodziejski \u201epojedynek\u201d J\u00f3zefa Wereszczy\u0144skiego z Jakubem Wujkiem (na przyk\u0142adzie marginali\u00f3w)<\/em>. \u201e\u015al\u0105skie Studia Polonistyczne\u201d 2015, nr 1 (6), s. 7-22<\/li>\n<li><em>\u00a0O niemieckim \u017ar\u00f3dle \u201eGo\u015bci\u0144ca pewnego\u201d J\u00f3zefa Wereszczy\u0144skiego.<\/em>\u00a0\u201eWortfloge\/Szyk s\u0142\u00f3w\u201d 2017, nr 1, s. 83-98<\/li>\n<li><em>O inwencyjnym zapleczu \u201eKazania przy przyjmowaniu \u015bwi\u0105to\u015bci ma\u0142\u017ce\u0144stwa J\u00f3zefa Wereszczy\u0144skiego<\/em>. \u201e\u015al\u0105skie Studia Polonistyczne\u201d 2019, nr 2, s. 279-292<\/li>\n<li><em>Literacka rama wydawnicza w edycji dzie\u0142a Malchera Piotrkowity pt. Przeciw morowemu powietrzu przestroga.<\/em>\u00a0\u201eTematy i Konteksty\u201d 2021, nr 11 (16):\u00a0<em>Literatura wobec kryzysu epidemii<\/em>, s. 110-127<\/li>\n<li><em>Cz\u0119\u015b\u0107 trzecia dzie\u0142a Malchera Piotrkowity pt. Przeciw morowemu powietrzu przestroga z przedniejszych doktor\u00f3w nauki lekarskiej dla ludu pospolitego napisana.<\/em>\u00a0\u201eSztuka Edycji\u201d 2021, nr 1:\u00a0<em>Tradycja a wymogi wsp\u00f3\u0142czesno\u015bci w pracy edytora<\/em>, red. M. Strzy\u017cewski, s. 105-118.<\/li>\n<\/ul>\n<p>\n<\/div>\r\n                    <\/div>\r\n                <\/div>[\/vc_tta_section][\/vc_tta_tabs][\/vc_column][vc_column width=&#8221;1\/3&#8243;][\/vc_column][\/vc_row][vc_row el_class=&#8221;container&#8221;][vc_column width=&#8221;2\/3&#8243;][\/vc_column][vc_column width=&#8221;1\/3&#8243;][\/vc_column][\/vc_row]<\/p>","protected":false},"excerpt":{"rendered":"<p>[vc_row el_class=&#8221;container&#8221;][vc_column width=&#8221;2\/3&#8243;][vc_tta_tabs alignment=&#8221;right&#8221; active_section=&#8221;1&#8243;][vc_tta_section title=&#8221;POLISH&#8221; tab_id=&#8221;1696245225773-eae4e9a1-2c7a&#8221;][\/vc_tta_section][\/vc_tta_tabs][\/vc_column][vc_column width=&#8221;1\/3&#8243;][\/vc_column][\/vc_row][vc_row el_class=&#8221;container&#8221;][vc_column width=&#8221;2\/3&#8243;][\/vc_column][vc_column width=&#8221;1\/3&#8243;][\/vc_column][\/vc_row] [&#8230;]<\/p>\n<p><a class=\"btn btn-secondary understrap-read-more-link\" href=\"https:\/\/us.edu.pl\/instytut\/ipo\/pracownicy\/anna-sitko\/\">Read More&#8230;<\/a><\/p>\n","protected":false},"author":7254,"featured_media":0,"parent":84,"menu_order":0,"comment_status":"closed","ping_status":"closed","template":"","meta":{"_expiration-date-status":"","_expiration-date":0,"_expiration-date-type":"","_expiration-date-categories":[],"_expiration-date-options":[]},"acf":[],"_links":{"self":[{"href":"https:\/\/us.edu.pl\/instytut\/ipo\/wp-json\/wp\/v2\/pages\/264"}],"collection":[{"href":"https:\/\/us.edu.pl\/instytut\/ipo\/wp-json\/wp\/v2\/pages"}],"about":[{"href":"https:\/\/us.edu.pl\/instytut\/ipo\/wp-json\/wp\/v2\/types\/page"}],"author":[{"embeddable":true,"href":"https:\/\/us.edu.pl\/instytut\/ipo\/wp-json\/wp\/v2\/users\/7254"}],"replies":[{"embeddable":true,"href":"https:\/\/us.edu.pl\/instytut\/ipo\/wp-json\/wp\/v2\/comments?post=264"}],"version-history":[{"count":1,"href":"https:\/\/us.edu.pl\/instytut\/ipo\/wp-json\/wp\/v2\/pages\/264\/revisions"}],"predecessor-version":[{"id":265,"href":"https:\/\/us.edu.pl\/instytut\/ipo\/wp-json\/wp\/v2\/pages\/264\/revisions\/265"}],"up":[{"embeddable":true,"href":"https:\/\/us.edu.pl\/instytut\/ipo\/wp-json\/wp\/v2\/pages\/84"}],"wp:attachment":[{"href":"https:\/\/us.edu.pl\/instytut\/ipo\/wp-json\/wp\/v2\/media?parent=264"}],"curies":[{"name":"wp","href":"https:\/\/api.w.org\/{rel}","templated":true}]}}