{"id":267,"date":"2023-10-06T15:03:22","date_gmt":"2023-10-06T13:03:22","guid":{"rendered":"https:\/\/us.edu.pl\/instytut\/ipo\/?page_id=267"},"modified":"2023-10-06T15:03:22","modified_gmt":"2023-10-06T13:03:22","slug":"bozena-szalasta-rogowska","status":"publish","type":"page","link":"https:\/\/us.edu.pl\/instytut\/ipo\/pracownicy\/bozena-szalasta-rogowska\/","title":{"rendered":"Bo\u017cena Sza\u0142asta-Rogowska"},"content":{"rendered":"<p>[vc_row el_class=&#8221;container&#8221;][vc_column width=&#8221;2\/3&#8243;]\r\n                <div class=\"text-modules \">\r\n                    <div class=\"container\">\r\n                        <h3 class=\"section-title section-title_border-bottom\">Bo\u017cena Sza\u0142asta-Rogowska<\/h3> <h3 class=\"subtitle text-modules__subtitle\">e-mail: bozena.szalasta-rogowska@us.edu.pl<\/h3>\r\n                        <div class=\"row m-0\">\r\n                            <div class=\"text-modules__content\">\r\n                                 \r\n                                <div class=\"mt-3\"><a href=\"https:\/\/orcid.org\/0000-0003-1384-5451\" class=\"link-button mr-3 \">ORCID<\/a><a href=\"https:\/\/www.researchgate.net\/profile\/Bozena_Szalasta-Rogowska\" class=\"link-button mr-3 \">ResearchGate<\/a><a href=\"https:\/\/scholar.google.com\/citations?user=ZHuN-9YAAAAJ&hl=pl&oi=ao\" class=\"link-button mr-3 \">GoogleScholar<\/a><\/div>\r\n                            <\/div>\r\n                            \r\n                            \r\n                        <\/div>\r\n                    <\/div>\r\n                <\/div>[vc_tta_tabs alignment=&#8221;right&#8221; active_section=&#8221;1&#8243;][vc_tta_section title=&#8221;POLISH&#8221; tab_id=&#8221;1696245225773-eae4e9a1-2c7a&#8221;]\r\n                <div class=\"text-modules\">\r\n                    <div class=\"container\">\r\n                        \r\n                        <div class=\"text-modules__content\"><\/p>\n<h3>dr hab. Bo\u017cena Sza\u0142asta-Rogowska, prof. U\u015a<\/h3>\n<hr \/>\n<p>W kr\u0119gu jej zainteresowa\u0144 badawczych znajduj\u0105 si\u0119 przede wszystkim polska poezja wsp\u00f3\u0142czesna, literatura polska poza granicami kraju, teoria recepcji i odbioru, glottodydaktyka oraz metodyka nauczania literatury polskiej cudzoziemc\u00f3w. W latach 2002\u22122003wyk\u0142ada\u0142a j\u0119zyk i literatur\u0119 polsk\u0105 na University of Toronto w Kanadzie. Warsztaty, spotkania i wyk\u0142ady prowadzi\u0142a te\u017c na wielu innych zagranicznych uczelniach, mi\u0119dzy innymi we W\u0142oszech, Niemczech, Ukrainie, Brazylii oraz Irlandii.Jest autork\u0105 monografii\u00a0<em>Urodzony z pio\u0142un\u00f3w. O poezji Bogdana Czaykowskiego<\/em>\u00a0(Katowice\u2013Toronto 2005)<em>, Zbioru test\u00f3w do podr\u0119cznika \u201eDzie\u0144 dobry\u201d<\/em>\u00a0(Katowice 2006) oraz\u00a0<em>Literatury bliskiej i dalekiej. Szkic\u00f3w z zakresu glottodydaktyki<\/em>\u00a0(Katowice 2017). Opracowa\u0142a tak\u017ce w serii\u00a0<em>Czytaj po polsku\u00a0<\/em>na podstawie\u00a0<em>Szafy<\/em>\u00a0Olgi Tokarczuk materia\u0142y do nauki j\u0119zyka polskiego jako obcego (Katowice 2015). Dzi\u0119ki jej staraniom i opracowaniu w 2007 roku wydano wyb\u00f3r wierszy poety emigracyjnego Bogdana Czaykowskiego\u00a0<em>Jakie\u015b ogromne szcz\u0119\u015bcie: wiersze wybrane z lat 1956\u20132006<\/em>. Wsp\u00f3\u0142organizowa\u0142a kilka konferencji naukowych o zasi\u0119gu mi\u0119dzynarodowym i wiele spotka\u0144 z pisarzami z zagranicy. Jest redaktork\u0105 tom\u00f3w zbiorowych\u00a0<em>Literatura polska w Kanadzie. Studia i szkice<\/em>\u00a0(Katowice 2010),\u00a0<em>Literatura polska obu Ameryk. Studia i szkice. Seria pierwsza<\/em>\u00a0(wraz z Beat\u0105 Nowack\u0105, Katowice 2014),\u00a0<em>Literatura polska obu Ameryk. Studia i szkice. Seria druga<\/em>\u00a0(Katowice 2016),\u00a0<em>Antologia literacka. Przemiany, ekspansja i perspektywy gatunku. Seria pierwsza<\/em>\u00a0(wraz z Magdalen\u0105 Kokoszk\u0105, Katowice 2017) oraz\u00a0<em>\u015awiaty poetyckie Edwarda Zymana<\/em>\u00a0(wraz z Marianem Kisielem, Katowice 2019).<\/p>\n<p>&nbsp;<\/p>\n<p><strong>Spis wybranych publikacji:<\/strong><\/p>\n<hr \/>\n<p><span style=\"text-decoration: underline;\">Ksi\u0105\u017cki:<\/span><\/p>\n<ol>\n<li>Sza\u0142asta-Rogowska:\u00a0<em>Urodzony z pio\u0142un\u00f3w. O poezji Bogdana Czaykowskiego<\/em>. Wydawnictwo Gnome\u2013Polski Fundusz Wydawniczy w Kanadzie,Katowice\u2013Toronto 2005. ISBN 83-87819-24-7, ISBN 0-921724-45-04, ss. 172.<\/li>\n<li>Sza\u0142asta-Rogowska:<em>Zbi\u00f3r test\u00f3w do podr\u0119cznika \u201eDzie\u0144 dobry\u201d.\u00a0<\/em>\u201e\u015al\u0105sk\u201d Wydawnictwo Naukowe, Katowice 2006, ISBN 978-83-7164-465-8, ss. 108.<\/li>\n<li>Sza\u0142asta-Rogowska:\u00a0<em>Czytaj po polsku. Materia\u0142y pomocnicze do nauki j\u0119zyka polskiego jako obcego.\u00a0<\/em>T. 10:\u00a0<em>Olga Tokarczuk \u201eSzafa\u201d<\/em>. Wydawnictwo Uniwersytetu \u015al\u0105skiego, Katowice 2015, ISBN 978-83-8012-685-5, ss. 72.<\/li>\n<li>Sza\u0142asta-Rogowska:\u00a0<em>Literatura bliska i daleka. Szkice z zakresu glottodydaktyki<\/em>. Wydawnictwo Uniwersytetu \u015al\u0105skiego,Katowice 2017. ISBN 978-83-226-3208-6, ss. 156.<\/li>\n<\/ol>\n<p><span style=\"text-decoration: underline;\">Redakcja naukowa:<\/span><\/p>\n<ol>\n<li>Czaykowski:\u00a0<em>Jakie\u015b ogromne szcz\u0119\u015bcie. Wyb\u00f3r wierszy z lat 1956\u20132006<\/em>. Przedmowa, wyb\u00f3r i oprac. B. Sza\u0142asta-Rogowska. Wydawnictwo Znak\u2013Polski Fundusz Wydawniczy w\u00a0Kanadzie, Krak\u00f3w 2007,ISBN 978-83-240-0826-1, ISBN 978-0-921724-76-6, ss. 375.<\/li>\n<li><em>Literatura polska w Kanadzie. Studia i szkice<\/em>. Pod red. B. Sza\u0142asty-Rogowskiej. Uniwersytet \u015al\u0105ski\u2013Oficyna Wydawnicza WW,Katowice 2010,ISBN978-83-60743-40-9, ss. 347.<\/li>\n<li><em>Literatura polska obu Ameryk. Studia i szkice. Seria pierwsza<\/em>. Pod red. B. Nowackiej<br \/>\ni B.\u00a0Sza\u0142asty-Rogowskiej.Wydawnictwo Uniwersytetu \u015al\u0105skiego\u2013Polski Fundusz Wydawniczy w Kanadzie, Katowice\u2013Toronto 2014, ISBN 978-83-226-2264-3, ss. 653.<\/li>\n<li><em>Literatura polska obu Ameryk. Studia i szkice. Seria druga<\/em>. Pod red. B. Sza\u0142asty-<br \/>\n-Rogowskiej. Wydawnictwo Uniwersytetu \u015al\u0105skiego, Katowice 2016,ISBN 978-83-8012-777-7,ss. 510.<\/li>\n<li><em>Antologia literacka. Przemiany, ekspansja i perspektywy gatunku. Seria pierwsza<\/em>. Pod red. M.\u00a0Kokoszki i B. Sza\u0142asty-Rogowskiej. Wydawnictwo Uniwersytetu \u015al\u0105skiego, Katowice 2017,ISBN 978-83-226-31-59-1ss. 324.<\/li>\n<\/ol>\n<p><span style=\"text-decoration: underline;\">Artyku\u0142y:<\/span><\/p>\n<ol>\n<li>Sza\u0142asta-Rogowska:\u00a0<em>\u201eW obronie odwiecznego obrazu kobiety\u201d \u2013 o jednym wierszu Jana Darowskiego<\/em>. W:\u00a0<em>Trzeba si\u0119 trzyma\u0107 pi\u0119knych przyzwyczaje\u0144. Tw\u00f3rczo\u015b\u0107 Jana Darowskiego. Studia i szkice<\/em>. Pod red. Z. O\u017coga i J. Wolskiego. Wydawnictwo Uniwersytetu Rzeszowskiego\u2013Stowarzyszenie Literacko-Artystyczne \u201eFraza\u201d, Rzesz\u00f3w 2012, s. 183\u2013197.<\/li>\n<li>Sza\u0142asta-Rogowska:\u00a0<em>\u201eWypl\u0105tany z sieci po\u0142udnik\u00f3w \/ odnalaz\u0142em siebie w g\u0142\u0119bi oceanu\u201d \u2013 o \u201ekanadyjskiej\u201d poezji Romana Chojnackiego<\/em>. W:\u00a0<em>Literatura polska w \u015bwiecie<\/em>. T. 4:\u00a0<em>Oblicza \u015bwiatowo\u015bci<\/em>. Pod red. R. Cudaka. Uniwersytet \u015al\u0105ski\u2013Wydawnictwo Gnome, Katowice 2012, s. 386\u2013400.<\/li>\n<li>Sza\u0142asta-Rogowska:\u00a0<em>\u201eDom nasz pytaniem\u201d \u2013 wizje polsko\u015bci w poezji polskiej w\u00a0Kanadzie<\/em>. W:\u00a0<em>Niuanse wyobcowania. Diaspora i tematyka polska w Kanadzie<\/em>. Red.\u00a0A.\u00a0Branach-Kallas. Wydawnictwo Naukowe Uniwersytetu Miko\u0142aja Kopernika, Toru\u0144 2014, s. 55\u201372.<\/li>\n<li>Sza\u0142asta-Rogowska:\u00a0<em>Majowie i Szymborska, czyli o poszerzaniu perspektyw w nauczaniu j\u0119zyka polskiego jako obcego<\/em>. W:\u00a0<em>Nowe perspektywy w nauczaniu j\u0119zyka polskiego jako obcego (III)<\/em>. Pod red. E. Kubickiej i A. Walkiewicz. Wydawnictwo Naukowe Uniwersytetu Miko\u0142aja Kopernika, Toru\u0144 2015, s. 147\u2013161.<\/li>\n<li>Sza\u0142asta-Rogowska:\u00a0<em>\u201ewyleczy\u0142am si\u0119 z cz\u0142owiecze\u0144stwa\u201d, czyli porozmawiajmy na zaj\u0119ciach j\u0119zyka polskiego jako obcego o anorektycznej wsp\u00f3\u0142czesno\u015bci<\/em>. \u201eDydaktyka Polonistyczna\u201d 2015, nr 1, s. 73\u201384.<\/li>\n<li>Sza\u0142asta-Rogowska:\u00a0<em>\u201eLepiej jest tw\u00f3rczo t\u0119skni\u0107\u201d \u2013 o tomie \u201eNiewidzialny zapa\u015bnik\u201d Gra\u017cyny Zambrzyckiej<\/em>. W:\u00a0<em>Polonistyka na pocz\u0105tku XXI wieku. Diagnozy, koncepcje, perspektywy<\/em>. Red. naukowa ca\u0142o\u015bci J. Tambor. T. II:\u00a0<em>Literatura (i kultura) polska w \u015bwiecie<\/em>. Red naukowa cz. I: R. Cudak i K. Pospiszyl, cz. II: A. Tambor i A. Rudzi\u0144ska. Katowice 2018, s. 136-152.<\/li>\n<li>Sza\u0142asta-Rogowska:\u00a0<em>\u201ePrzybyli\u015bmy z Bogdanem na ten brzeg \/ szlakiem szalbierzy drwali leming\u00f3w\u201d. O dialogu poetyckim Andrzeja Buszy i Bogdana Czaykowskiego<\/em>. W:\u00a0<em>Kontynenty. Tom pierwszy: Studia i szkice o tw\u00f3rczo\u015bci Andrzeja Buszy<\/em>. Pod red. M. Kisiela i J. Pasterskiego. Katowice-Rzesz\u00f3w 2019, s. 121-136.<\/li>\n<\/ol>\n<p>\n<\/div>\r\n                    <\/div>\r\n                <\/div>[\/vc_tta_section][vc_tta_section title=&#8221;ENGLISH&#8221; tab_id=&#8221;1696252715456-7a1c3c83-9fb3&#8243;]\r\n                <div class=\"text-modules\">\r\n                    <div class=\"container\">\r\n                        \r\n                        <div class=\"text-modules__content\"><\/p>\n<h3>Bo\u017cena Sza\u0142asta-Rogowska, PhD, D\u00a0Litt<\/h3>\n<hr \/>\n<p>&nbsp;<\/p>\n<p><strong>Research interests<\/strong>:<\/p>\n<hr \/>\n<p>Modern Polish poetry, Polish literature abroad (mainly in North America), reception theory, glottodidactics and methodology of teaching Polish literature to foreigners<\/p>\n<p><strong>Recent publications:<\/strong><\/p>\n<hr \/>\n<ol>\n<li>\u201cStrony \u017cycia \u2013 o \u2018Dworcu Gda\u0144skim. Historii niedoko\u0144czonej\u2019 Henryka Daski\u201d [Aspects of life \u2014 on Henryka Daska\u2019s \u201cThe Gda\u0144sk Railway Station. An Unfinished Story\u201d].\u00a0<em>Tematy i Konteksty<\/em>, 2020, no. 10, pp. 312\u2013323.<\/li>\n<li>\u201c\u2018Stan\u0105\u0107 pod krzewem ja\u015bminu\u201d. O \u2018Niewidzialnym zapa\u015bniku\u2019 Gra\u017cyny Zambrzyckiej\u201d [To stand under the jasmine shrub.\u201d On Gra\u017cyna Zambrzycka\u2019s \u201cAn invisible wrestler\u201d]. In:\u00a0<em>Historia-biografia-literatura<\/em>\u00a0Dutka and M. Kisiel (eds.). Katowice 2019, pp. 291\u2013317.<\/li>\n<li><em>Literatura bliska i daleka. Szkice z zakresu glottodydaktyki<\/em>\u00a0[Literature from up close and from afar. Essays on glottodidactics]. Wydawnictwo Uniwersytetu \u015al\u0105skiego, Katowice 2017.<\/li>\n<li><em>Urodzony z pio\u0142un<\/em><em>\u00f3<\/em><em>\u00a0O poezji Bogdana Czaykowskiego\u00a0<\/em>[Born out of thunderbolts. On Bogdan Czaykowski\u2019s poetry]. Wydawnictwo Gnome\u2013Polski Fundusz Wydawniczy w Kanadzie, Katowice\u2013Toronto 2005.<\/li>\n<li><em>Zbi<\/em><em>\u00f3<\/em><em>r test<\/em><em>\u00f3<\/em><em>w do podr\u0119cznika \u201eDzie\u0144 dobry\u201d\u00a0<\/em>[A collection of tests for the handbook \u201cDzie\u0144 dobry\u201d]<em>.\u00a0<\/em>\u201e\u015al\u0105sk\u201d Wydawnictwo Naukowe, Katowice 2006.<\/li>\n<\/ol>\n<p><strong>Research grants:<\/strong><\/p>\n<hr \/>\n<ol>\n<li>Visiting Professor, University of Toronto, Canada, 2002-2003 \u2013 lectures on the Polish language and literature;<\/li>\n<li>Principal investigator in the Supervisor grant for the research project\u00a0<em>Bogdan Czaykowski\u2019s poetic works<\/em>\u00a0(the State Committee for Scientific Research; grant number: 5 H 01 C032 20, supervisor: Assoc. Prof. Marian Kisiel, Professor of the University of Silesia), 2001.<\/li>\n<\/ol>\n<p><strong>Academic outreach and engagement<\/strong><strong>:<\/strong><\/p>\n<hr \/>\n<ol>\n<li><em>Mity greckie reaktywacja<\/em>\u00a0[Greek myths reactivated] \u2013 lecture in the 4th Silesian Science Festival, Katowice, 27 January, 2020.<\/li>\n<li>In the years 2008-2009, the organizer and co-organizer of eight academic conferences (national and international), and the secretary of the 6th World Congress of Polish Studies, (Katowice 2016).<\/li>\n<li><em>Literatura polska w Kanadzie \u2013\u00a0<\/em><em>historia, tera<\/em><em>\u017aniejszo\u015b\u0107 i przysz\u0142o\u015b\u0107\u00a0<\/em>[Polish literature in Canada \u2013 history, the present and the future] \u2013 lectures (Ministry of Foreign Affairs of the Republic of Poland and the Polish-Canadian Publishing Fund), Vancouver and Toronto (Canada), 8\u201318 April, 2015.<\/li>\n<\/ol>\n<p>\n<\/div>\r\n                    <\/div>\r\n                <\/div>[\/vc_tta_section][\/vc_tta_tabs][\/vc_column][vc_column width=&#8221;1\/3&#8243;]\r\n                <div class=\"text-modules\">\r\n                    <div class=\"container\">\r\n                        \r\n                        <div class=\"text-modules__content\"><\/p>\n<p>&nbsp;<\/p>\n<p><img class=\"alignnone wp-image-268 size-large\" src=\"http:\/\/us.edu.pl\/instytut\/ipo\/wp-content\/uploads\/sites\/74\/Pracownicy\/bozenaszalasta-1024x678.jpg\" alt=\"Bo\u017cena Sza\u0142asta-Rogowska\" width=\"640\" height=\"424\" srcset=\"https:\/\/us.edu.pl\/instytut\/ipo\/wp-content\/uploads\/sites\/74\/Pracownicy\/bozenaszalasta-1024x678.jpg 1024w, https:\/\/us.edu.pl\/instytut\/ipo\/wp-content\/uploads\/sites\/74\/Pracownicy\/bozenaszalasta-300x199.jpg 300w, https:\/\/us.edu.pl\/instytut\/ipo\/wp-content\/uploads\/sites\/74\/Pracownicy\/bozenaszalasta-768x509.jpg 768w, https:\/\/us.edu.pl\/instytut\/ipo\/wp-content\/uploads\/sites\/74\/Pracownicy\/bozenaszalasta-575x381.jpg 575w, https:\/\/us.edu.pl\/instytut\/ipo\/wp-content\/uploads\/sites\/74\/Pracownicy\/bozenaszalasta.jpg 1386w\" sizes=\"(max-width: 640px) 100vw, 640px\" \/><\/p>\n<\/div>\r\n                    <\/div>\r\n                <\/div>[\/vc_column][\/vc_row][vc_row el_class=&#8221;container&#8221;][vc_column width=&#8221;2\/3&#8243;][\/vc_column][vc_column width=&#8221;1\/3&#8243;][\/vc_column][\/vc_row]<\/p>","protected":false},"excerpt":{"rendered":"<p>[vc_row el_class=&#8221;container&#8221;][vc_column width=&#8221;2\/3&#8243;][vc_tta_tabs alignment=&#8221;right&#8221; active_section=&#8221;1&#8243;][vc_tta_section title=&#8221;POLISH&#8221; tab_id=&#8221;1696245225773-eae4e9a1-2c7a&#8221;][\/vc_tta_section][vc_tta_section title=&#8221;ENGLISH&#8221; tab_id=&#8221;1696252715456-7a1c3c83-9fb3&#8243;][\/vc_tta_section][\/vc_tta_tabs][\/vc_column][vc_column width=&#8221;1\/3&#8243;][\/vc_column][\/vc_row][vc_row el_class=&#8221;container&#8221;][vc_column width=&#8221;2\/3&#8243;][\/vc_column][vc_column width=&#8221;1\/3&#8243;][\/vc_column][\/vc_row] [&#8230;]<\/p>\n<p><a class=\"btn btn-secondary understrap-read-more-link\" href=\"https:\/\/us.edu.pl\/instytut\/ipo\/pracownicy\/bozena-szalasta-rogowska\/\">Read More&#8230;<\/a><\/p>\n","protected":false},"author":7254,"featured_media":0,"parent":84,"menu_order":0,"comment_status":"closed","ping_status":"closed","template":"","meta":{"_expiration-date-status":"","_expiration-date":0,"_expiration-date-type":"","_expiration-date-categories":[],"_expiration-date-options":[]},"acf":[],"_links":{"self":[{"href":"https:\/\/us.edu.pl\/instytut\/ipo\/wp-json\/wp\/v2\/pages\/267"}],"collection":[{"href":"https:\/\/us.edu.pl\/instytut\/ipo\/wp-json\/wp\/v2\/pages"}],"about":[{"href":"https:\/\/us.edu.pl\/instytut\/ipo\/wp-json\/wp\/v2\/types\/page"}],"author":[{"embeddable":true,"href":"https:\/\/us.edu.pl\/instytut\/ipo\/wp-json\/wp\/v2\/users\/7254"}],"replies":[{"embeddable":true,"href":"https:\/\/us.edu.pl\/instytut\/ipo\/wp-json\/wp\/v2\/comments?post=267"}],"version-history":[{"count":2,"href":"https:\/\/us.edu.pl\/instytut\/ipo\/wp-json\/wp\/v2\/pages\/267\/revisions"}],"predecessor-version":[{"id":270,"href":"https:\/\/us.edu.pl\/instytut\/ipo\/wp-json\/wp\/v2\/pages\/267\/revisions\/270"}],"up":[{"embeddable":true,"href":"https:\/\/us.edu.pl\/instytut\/ipo\/wp-json\/wp\/v2\/pages\/84"}],"wp:attachment":[{"href":"https:\/\/us.edu.pl\/instytut\/ipo\/wp-json\/wp\/v2\/media?parent=267"}],"curies":[{"name":"wp","href":"https:\/\/api.w.org\/{rel}","templated":true}]}}