{"id":291,"date":"2023-10-09T13:13:53","date_gmt":"2023-10-09T11:13:53","guid":{"rendered":"https:\/\/us.edu.pl\/instytut\/ipo\/?page_id=291"},"modified":"2023-10-09T13:13:53","modified_gmt":"2023-10-09T11:13:53","slug":"leszek-zwierzynski","status":"publish","type":"page","link":"https:\/\/us.edu.pl\/instytut\/ipo\/pracownicy\/leszek-zwierzynski\/","title":{"rendered":"Leszek Zwierzy\u0144ski"},"content":{"rendered":"<p>[vc_row][vc_column]\r\n                <div class=\"text-modules\">\r\n                    <div class=\"container\">\r\n                        \r\n                        <div class=\"text-modules__content\"><\/p>\n<h3><span style=\"color: #002e5a;\">Leszek Zwierzy\u0144ski<\/span><\/h3>\n<hr \/>\n<p>\n<\/div>\r\n                    <\/div>\r\n                <\/div>[\/vc_column][\/vc_row][vc_row el_class=&#8221;container&#8221;][vc_column width=&#8221;2\/3&#8243;][vc_tta_tabs active_section=&#8221;1&#8243;][vc_tta_section title=&#8221;POLISH&#8221; tab_id=&#8221;1696245225773-eae4e9a1-2c7a&#8221;]\r\n                <div class=\"text-modules\">\r\n                    <div class=\"container\">\r\n                        \r\n                        <div class=\"text-modules__content\"><\/p>\n<p class=\"western\" align=\"justify\"><b>dr hab. Leszek Zwierzy\u0144ski, prof. U\u015a <\/b>\u2013 doktor habilitowany nauk humanistycznych, ucze\u0144 prof. Ireneusza Opackiego. Zajmuje si\u0119 szczeg\u00f3lnie poezj\u0105 romantyczn\u0105, lecz tak\u017ce nowsz\u0105 (Le\u015bmian, Herbert). Jego perspektyw\u0119 badawcz\u0105 kszta\u0142tuje hermeneutyka i sztuka interpretacji, skupia si\u0119 tak\u017ce intensywnie na wyobra\u017ani poetyckiej, rozszerzaj\u0105c jej mo\u017cliwo\u015bci na kolejne przestrzenie (obraz, symbolika, mit, lecz tak\u017ce podmiot, etyka, geopoetyka, ekologia). Ostatnio podj\u0105\u0142 pr\u00f3b\u0119 wypracowania nowej koncepcji historycznoliterackiej interpretacji, kt\u00f3rej cz\u0105stka (<i>Odwr\u00f3cenie perspektywy \u2013 pr\u00f3ba innego modelu historii literatury<\/i>) ukaza\u0142a si\u0119 w ksi\u0105\u017cce\u00a0<i>Ja w przestrzeniach aksjologicznych<\/i>, Wydawnictwo Uniwersytetu \u015al\u0105skiego, Katowice 2017. Wieloletni opiekun Studenckiego Ko\u0142a Naukowego Antropologii Literatury przy INKSI U\u015a. Najwa\u017cniejsze (opr\u00f3cz domu rodzinnego) przestrzenie bytowania \u2013 G\u00f3ry, park Fazaniec w Bytomiu i \u2013 muzyka. Cisza. Autor wielu studi\u00f3w o poezji romantycznej, w tym trzech ksi\u0105\u017cek monograficznych:\u00a0<i>Wyobra\u017ania akwatyczna Mickiewicza\u00a0<\/i>(Katowice 1998, II wydanie Tyniec 2019),\u00a0<i>Egzystencja i eschatologia. Genezyjska wyobra\u017ania S\u0142owackiego\u00a0<\/i>(Katowice 2008)<i>, Metamorfozy \u015bwiata w poezji Juliusza S\u0142owackiego\u00a0<\/i>(Katowice 2003). Wsp\u00f3\u0142redaktor trzech innych ksi\u0105\u017cek:\u00a0<i>Granica w literaturze\u00a0<\/i>(Katowice 2004),\u00a0<i>Zanikanie i istnienie niepe\u0142ne. W labiryntach romantycznej i wsp\u00f3\u0142czesnej podmiotowo\u015bci<\/i>\u00a0(Katowice 2013),\u00a0<i>\u201e<\/i><i>Ja\u201d w przestrzeniach aksjologicznych. Z problematyki podmiotowo\u015bci w literaturze XIX-XXI wieku.<\/i><\/p>\n<p class=\"western\" align=\"justify\"><strong>Inne publikacje:<\/strong><\/p>\n<hr \/>\n<ol>\n<li class=\"western\"><i>\u015alady transcendentnego \u2013 figury \u015bmierci w poezji Zbigniewa Herberta.\u00a0<\/i>W: \u201e<i>\u015alady, zerwania, powroty\u201d. Metafizyka i religia w literaturze wsp\u00f3\u0142czesnej.\u00a0<\/i>Red. E. So\u0142tys-Lewandowska. Universitas. Krak\u00f3w 2015. ISBN 97883-242-2717-4, s. 71-94.<\/li>\n<li class=\"western\"><i>Topika Morska w poezji Mickiewicza<\/i>. \u201cPami\u0119tnik Literacki\u201d 2000, z. 2, s. 157-173.<\/li>\n<li class=\"western\"><i>Nienawi\u015b\u0107\u00a0<\/i>\u2013\u00a0<i>w centrum<\/i>\u00a0<i>kr\u0119gu z\u0142a. Ontyczny wymiar etyki w poezji Mickiewicza<\/i>. W:\u00a0<i>Mickiewicz w Gda\u0144sku Rok 2005<\/i>. Red. J. Bach\u00f3rz i B. Oleksowicz. Fundacja rozwoju Uniwersytetu Gda\u0144skiego 2006, s. 149-158.<\/li>\n<\/ol>\n<p>\n<\/div>\r\n                    <\/div>\r\n                <\/div>[\/vc_tta_section][\/vc_tta_tabs][\/vc_column][vc_column width=&#8221;1\/3&#8243;]\r\n                <div class=\"text-modules\">\r\n                    <div class=\"container\">\r\n                        \r\n                        <div class=\"text-modules__content\"><\/p>\n<p>&nbsp;<\/p>\n<p><img class=\"alignnone wp-image-292 size-full\" src=\"http:\/\/us.edu.pl\/instytut\/ipo\/wp-content\/uploads\/sites\/74\/Pracownicy\/L.-Zwierzynski.jpg\" alt=\"Leszek Zwierzy\u0144ski\" width=\"100%\" height=\"auto\" srcset=\"https:\/\/us.edu.pl\/instytut\/ipo\/wp-content\/uploads\/sites\/74\/Pracownicy\/L.-Zwierzynski.jpg 874w, https:\/\/us.edu.pl\/instytut\/ipo\/wp-content\/uploads\/sites\/74\/Pracownicy\/L.-Zwierzynski-300x217.jpg 300w, https:\/\/us.edu.pl\/instytut\/ipo\/wp-content\/uploads\/sites\/74\/Pracownicy\/L.-Zwierzynski-768x555.jpg 768w, https:\/\/us.edu.pl\/instytut\/ipo\/wp-content\/uploads\/sites\/74\/Pracownicy\/L.-Zwierzynski-575x416.jpg 575w\" sizes=\"(max-width: 874px) 100vw, 874px\" \/><\/p>\n<\/div>\r\n                    <\/div>\r\n                <\/div>[\/vc_column][\/vc_row]<\/p>","protected":false},"excerpt":{"rendered":"<p>[vc_row][vc_column][\/vc_column][\/vc_row][vc_row el_class=&#8221;container&#8221;][vc_column width=&#8221;2\/3&#8243;][vc_tta_tabs active_section=&#8221;1&#8243;][vc_tta_section title=&#8221;POLISH&#8221; tab_id=&#8221;1696245225773-eae4e9a1-2c7a&#8221;][\/vc_tta_section][\/vc_tta_tabs][\/vc_column][vc_column width=&#8221;1\/3&#8243;][\/vc_column][\/vc_row] [&#8230;]<\/p>\n<p><a class=\"btn btn-secondary understrap-read-more-link\" href=\"https:\/\/us.edu.pl\/instytut\/ipo\/pracownicy\/leszek-zwierzynski\/\">Read More&#8230;<\/a><\/p>\n","protected":false},"author":7254,"featured_media":0,"parent":84,"menu_order":0,"comment_status":"closed","ping_status":"closed","template":"","meta":{"_expiration-date-status":"","_expiration-date":0,"_expiration-date-type":"","_expiration-date-categories":[],"_expiration-date-options":[]},"acf":[],"_links":{"self":[{"href":"https:\/\/us.edu.pl\/instytut\/ipo\/wp-json\/wp\/v2\/pages\/291"}],"collection":[{"href":"https:\/\/us.edu.pl\/instytut\/ipo\/wp-json\/wp\/v2\/pages"}],"about":[{"href":"https:\/\/us.edu.pl\/instytut\/ipo\/wp-json\/wp\/v2\/types\/page"}],"author":[{"embeddable":true,"href":"https:\/\/us.edu.pl\/instytut\/ipo\/wp-json\/wp\/v2\/users\/7254"}],"replies":[{"embeddable":true,"href":"https:\/\/us.edu.pl\/instytut\/ipo\/wp-json\/wp\/v2\/comments?post=291"}],"version-history":[{"count":2,"href":"https:\/\/us.edu.pl\/instytut\/ipo\/wp-json\/wp\/v2\/pages\/291\/revisions"}],"predecessor-version":[{"id":294,"href":"https:\/\/us.edu.pl\/instytut\/ipo\/wp-json\/wp\/v2\/pages\/291\/revisions\/294"}],"up":[{"embeddable":true,"href":"https:\/\/us.edu.pl\/instytut\/ipo\/wp-json\/wp\/v2\/pages\/84"}],"wp:attachment":[{"href":"https:\/\/us.edu.pl\/instytut\/ipo\/wp-json\/wp\/v2\/media?parent=291"}],"curies":[{"name":"wp","href":"https:\/\/api.w.org\/{rel}","templated":true}]}}