{"id":377,"date":"2023-10-26T13:04:04","date_gmt":"2023-10-26T11:04:04","guid":{"rendered":"https:\/\/us.edu.pl\/instytut\/ipo\/?page_id=377"},"modified":"2025-10-06T10:29:20","modified_gmt":"2025-10-06T08:29:20","slug":"czasopisma","status":"publish","type":"page","link":"https:\/\/us.edu.pl\/instytut\/ipo\/czasopisma\/","title":{"rendered":"czasopisma"},"content":{"rendered":"<p>[vc_row el_class=&#8221;container&#8221;][vc_column width=&#8221;1\/3&#8243;]\r\n                <div class=\"text-modules\">\r\n                    <div class=\"container\">\r\n                        \r\n                        <div class=\"text-modules__content\"><p><img class=\"alignnone wp-image-1634 size-large\" src=\"http:\/\/us.edu.pl\/instytut\/ipo\/wp-content\/uploads\/sites\/74\/Bez-kategorii\/cover_issue_1423_pl_PL-725x1024.jpg\" alt=\"ok\u0142adka czasopisma postscriptum polonistyczne w kolorze niebieskim\" width=\"640\" height=\"904\" srcset=\"https:\/\/us.edu.pl\/instytut\/ipo\/wp-content\/uploads\/sites\/74\/Bez-kategorii\/cover_issue_1423_pl_PL-725x1024.jpg 725w, https:\/\/us.edu.pl\/instytut\/ipo\/wp-content\/uploads\/sites\/74\/Bez-kategorii\/cover_issue_1423_pl_PL-212x300.jpg 212w, https:\/\/us.edu.pl\/instytut\/ipo\/wp-content\/uploads\/sites\/74\/Bez-kategorii\/cover_issue_1423_pl_PL-768x1085.jpg 768w, https:\/\/us.edu.pl\/instytut\/ipo\/wp-content\/uploads\/sites\/74\/Bez-kategorii\/cover_issue_1423_pl_PL-1087x1536.jpg 1087w, https:\/\/us.edu.pl\/instytut\/ipo\/wp-content\/uploads\/sites\/74\/Bez-kategorii\/cover_issue_1423_pl_PL-1449x2048.jpg 1449w, https:\/\/us.edu.pl\/instytut\/ipo\/wp-content\/uploads\/sites\/74\/Bez-kategorii\/cover_issue_1423_pl_PL-407x575.jpg 407w, https:\/\/us.edu.pl\/instytut\/ipo\/wp-content\/uploads\/sites\/74\/Bez-kategorii\/cover_issue_1423_pl_PL.jpg 1713w\" sizes=\"(max-width: 640px) 100vw, 640px\" \/><\/p>\n<\/div>\r\n                    <\/div>\r\n                <\/div>[\/vc_column][vc_column width=&#8221;2\/3&#8243;]\r\n                <div class=\"text-modules\">\r\n                    <div class=\"container\">\r\n                        \r\n                        <div class=\"text-modules__content\"><p><strong>Postscriptum Polonistyczne<\/strong><\/p>\n<div>\n<p>\u201ePostscriptum Polonistyczne\u201d jest p\u00f3\u0142rocznikiem krajowych i zagranicznych polonist\u00f3w. Pismo ma charakter naukowy i jest redagowane przez polonist\u00f3w Uniwersytetu \u015al\u0105skiego w Katowicach zwi\u0105zanych ze Szko\u0142\u0105 J\u0119zyka i Kultury Polskiej U\u015a oraz badaczy z zagranicznych uniwersytet\u00f3w (Chiny, Czechy, Francja, Macedonia). Sk\u0142ad ekspert\u00f3w Rady Naukowej, autor\u00f3w i recenzent\u00f3w ma charakter mi\u0119dzynarodowy.<\/p>\n<p>\u201ePostscriptum Polonistyczne\u201d publikuje rozprawy po\u015bwi\u0119cone zagadnieniom z zakresu j\u0119zyka i literatury polskiej oraz szeroko rozumianej kultury polskiej (artyku\u0142y z zakresu antropologii kulturowej, studi\u00f3w nad filmem i teatrem) ze szczeg\u00f3lnym naciskiem na wsp\u00f3\u0142czesny rozw\u00f3j tych dziedzin. Przedmiotem zainteresowania jest tak\u017ce nauczanie kultury polskiej i j\u0119zyka polskiego jako obcego \u2013 zamieszczane s\u0105 artyku\u0142y podejmuj\u0105ce problematyk\u0119 nauczania j\u0119zyka polskiego, literatury i kultury obcokrajowc\u00f3w, nauczania polonistycznego w\u015br\u00f3d emigrant\u00f3w, a tak\u017ce prezentuj\u0105ce praktyk\u0119 glottodydaktyki polonistycznej. Drukowane s\u0105 tak\u017ce rozprawy zawieraj\u0105ce tematyk\u0119 recepcji polskiej kultury i tekst\u00f3w literackich poza granicami kraju.<\/p>\n<p>W latach 2019-2020 czasopismo by\u0142o obj\u0119te programem Wsparcie dla Czasopism Naukowych.<\/p>\n<p><strong>Polityka Open Acess <\/strong><\/p>\n<p>Realizujemy polityk\u0119 otwartego, nieodp\u0142atnego dost\u0119pu do wszystkich numer\u00f3w pisma, kt\u00f3re znajduj\u0105 si\u0119 w zak\u0142adce: <a href=\"https:\/\/journals.us.edu.pl\/index.php\/PPol\/issue\/view\/1423\">Bie\u017c\u0105ce publikacje online<\/a> i\u00a0<a href=\"https:\/\/journals.us.edu.pl\/index.php\/PPol\/issue\/archive\">Archiwum\u00a0<\/a><\/p>\n<p>Publikacja na\u00a0licencji\u00a0<a href=\"https:\/\/creativecommons.org\/licenses\/by-sa\/4.0\/deed.pl\">Creative Commons Uznanie autorstwa-Na tych samych warunkach 4.0<\/a><a href=\"https:\/\/creativecommons.org\/licenses\/by-sa\/4.0\/deed.pl\">\u00a0Mi\u0119dzynarodowe (CC BY-SA 4.0)<\/a><\/p>\n<p>Pismo jest archiwizowane przez <a href=\"https:\/\/katalogi.bn.org.pl\/discovery\/search?query=title,exact,Postscriptum%20Polonistyczne&amp;tab=LibraryCatalog&amp;search_scope=NLOP_IZ_NZ&amp;sortby=date_d&amp;vid=48OMNIS_NLOP:48OMNIS_NLOP&amp;facet=frbrgroupid,include,47984819199426920&amp;offset=0\">Bibliotek\u0119 Narodow\u0105<\/a>. Pe\u0142ne teksty dost\u0119pne s\u0105\u00a0tak\u017ce bezp\u0142atnie w\u00a0bazach:\u00a0<a href=\"http:\/\/cejsh.icm.edu.pl\/cejsh\/element\/bwmeta1.element.cejsh-944dfb8b-a493-46fd-a06a-8af4a0cd27fe\">CEJSH<\/a>,\u00a0<a href=\"https:\/\/www.ceeol.com\/search\/journal-detail?id=191\">CEEOL<\/a>,\u00a0<a href=\"http:\/\/bazhum.muzhp.pl\/czasopismo\/667\/\">BazHum<\/a>. Autorzy tekst\u00f3w zachowuj\u0105 pe\u0142ne prawa autorskie do\u00a0swoich tekst\u00f3w.<\/p>\n<p>Kontakt:<\/p>\n<p>Postscriptum Polonistyczne<br \/>\nUniwersytet \u015al\u0105ski w Katowicach<br \/>\n40-007 Katowice, ul. Uniwersytecka 4<br \/>\ntel.: (32) 2009 424<br \/>\ne-mail: postscriptum@us.edu.pl<\/p>\n<\/div>\n<p>\n<\/div>\r\n                    <\/div>\r\n                <\/div>[\/vc_column][\/vc_row][vc_row el_class=&#8221;container&#8221;][vc_column][vc_separator border_width=&#8221;3&#8243;][\/vc_column][\/vc_row][vc_row el_class=&#8221;container&#8221;][vc_column width=&#8221;2\/3&#8243;]\r\n                <div class=\"text-modules\">\r\n                    <div class=\"container\">\r\n                        \r\n                        <div class=\"text-modules__content\"><p><strong>Fabrica Litterarum Polono-Italica<\/strong><\/p>\n<div>\n<p style=\"text-align: justify;\">Dwa intryguj\u0105ce \u0142aci\u0144skie s\u0142owa fabrica oraz officina pozostaj\u0105 zbyt cz\u0119sto\u00a0w mi\u0142osnym, gramatycznym zwi\u0105zku z terminem bliskim ka\u017cdemu filologowi, z leksemem o dobrze znanej postaci \u2013 litteraria. Wiedz\u0105 o tym dobrze badacze europejskiego renesansu, mo\u017ce ostatniej epoki wierz\u0105cej w praktyczny walor sztuki. Wspomniana frazeologiczna relacja godzi dwa (zdawa\u0142oby si\u0119 trudne do pojednania) kulturowe \u017cywio\u0142y: pot\u0119g\u0119 praktycznego wytwarzania i moc bezinteresownej kreacji. J\u0119zyk staje si\u0119 tu narz\u0119dziem porozumienia \u2013 \u0142\u0105czy udzielne \u015bwiaty, spaja dumne kr\u00f3lestwa, kt\u00f3re zwykle na siebie nie patrz\u0105. Co wi\u0119cej: pozostaj\u0105 trwale odseparowane i odwr\u00f3cone do siebie plecami.<\/p>\n<p style=\"text-align: justify;\">Przypomniane i scalone w tytule pisma s\u0142owa wyznaczaj\u0105 tym samym kierunek przyj\u0119tej badawczej marszruty: szuka\u0107 w literackich (ale tak\u017ce szerzej \u2013 wszelkich mo\u017cliwych artystycznych) tekstach potencja\u0142u modernizuj\u0105cego my\u015blenie, esencji produktywnej nowoczesno\u015bci, zmieniaj\u0105cej trwale \u201ewarsztat\u201d humanisty. Cho\u0107 pole badawcze wydaje si\u0119 precyzyjnie okre\u015blone (uniwersum polskiego oraz w\u0142oskiego pogranicza literatur i kultur) interesuje nas szczeg\u00f3lnie komparatystyczny \u201easpekt i moment\u201d poszukiwawczego procesu.<\/p>\n<p style=\"text-align: justify;\">A wi\u0119c wszystkie te sytuacje, kt\u00f3re ujawniaj\u0105 sw\u00f3j \u201etransmedialny\u201d charakter i przynale\u017c\u0105 do nierozdzielnych, \u201er\u00f3wnoleg\u0142ych \u2013 jak to kiedy\u015b okre\u015bli\u0142 Henry Remake \u2013 sfer ekspresji humanistycznej\u201d. Badanie kontekstualne pozostaje wszak niezbywalnym wymogiem nowoczesnej humanistyki.<\/p>\n<p style=\"text-align: justify;\">W swej strukturze formalnej czasopismo zawiera dzia\u0142y obligatoryjne, cykliczne i konieczne oraz te, kt\u00f3re b\u0119d\u0105 pojawia\u0107 si\u0119 nieregularnie. Do pierwszej grupy nale\u017c\u0105 modu\u0142y: Artyku\u0142y i rozprawy oraz Varia. Do drugiej: Przek\u0142ady, Prezentacje, Kronika oraz Dyskusje, om\u00f3wienia, glosy. Ka\u017cdy kolejny numer pisma \u2013 w swym dziale Artyku\u0142y i rozprawy \u2013 prezentuje wyra\u017anie (monograficznie) zdefiniowany problem badawczy.<\/p>\n<p style=\"text-align: justify;\">Wersj\u0105 pierwotn\u0105 (referencyjn\u0105) czasopisma jest jego wersja internetowa.<\/p>\n<p style=\"text-align: justify;\">Punkty MEiN: 20 (2024), 40 (2023)<\/p>\n<p style=\"text-align: justify;\">Strona www czasopisma: <a href=\"http:\/\/www.fabrica.us.edu.pl\">http:\/\/www.fabrica.us.edu.pl<\/a><\/p>\n<p style=\"text-align: justify;\">Kontakt:<\/p>\n<p style=\"text-align: justify;\">\u201eFabrica Litterarum Polono-Italica\u201d<br \/>\nfabricalitterarum@gmail.com<br \/>\nhttp:\/\/www.fabrica.us.edu.pl<br \/>\nul. Uniwersytecka 4,<br \/>\n40-007 Katowice<\/p>\n<\/div>\n<p>\n<\/div>\r\n                    <\/div>\r\n                <\/div>[\/vc_column][vc_column width=&#8221;1\/3&#8243;]\r\n                <div class=\"text-modules\">\r\n                    <div class=\"container\">\r\n                        \r\n                        <div class=\"text-modules__content\"><p><img class=\"alignnone wp-image-378 size-full\" src=\"http:\/\/us.edu.pl\/instytut\/ipo\/wp-content\/uploads\/sites\/74\/Bez-kategorii\/cover_issue_1359_pl_PL-520x743-1.jpg\" alt=\"ok\u0142adka czasopisma Fabrica Litterarum Polono-Italica\" width=\"520\" height=\"743\" srcset=\"https:\/\/us.edu.pl\/instytut\/ipo\/wp-content\/uploads\/sites\/74\/Bez-kategorii\/cover_issue_1359_pl_PL-520x743-1.jpg 520w, https:\/\/us.edu.pl\/instytut\/ipo\/wp-content\/uploads\/sites\/74\/Bez-kategorii\/cover_issue_1359_pl_PL-520x743-1-210x300.jpg 210w, https:\/\/us.edu.pl\/instytut\/ipo\/wp-content\/uploads\/sites\/74\/Bez-kategorii\/cover_issue_1359_pl_PL-520x743-1-402x575.jpg 402w\" sizes=\"(max-width: 520px) 100vw, 520px\" \/><\/p>\n<\/div>\r\n                    <\/div>\r\n                <\/div>[\/vc_column][\/vc_row][vc_row el_class=&#8221;container&#8221;][vc_column][vc_separator border_width=&#8221;3&#8243;][\/vc_column][\/vc_row][vc_row el_class=&#8221;container&#8221;][vc_column width=&#8221;1\/3&#8243;]\r\n                <div class=\"text-modules\">\r\n                    <div class=\"container\">\r\n                        \r\n                        <div class=\"text-modules__content\"><p><img class=\"alignnone wp-image-384 size-full\" src=\"http:\/\/us.edu.pl\/instytut\/ipo\/wp-content\/uploads\/sites\/74\/Bez-kategorii\/cover_issue_1224_pl_PL.jpg\" alt=\"Rana. Literatura - Do\u015bwiadczenie - To\u017csamo\u015b\u0107\" width=\"503\" height=\"836\" srcset=\"https:\/\/us.edu.pl\/instytut\/ipo\/wp-content\/uploads\/sites\/74\/Bez-kategorii\/cover_issue_1224_pl_PL.jpg 503w, https:\/\/us.edu.pl\/instytut\/ipo\/wp-content\/uploads\/sites\/74\/Bez-kategorii\/cover_issue_1224_pl_PL-181x300.jpg 181w, https:\/\/us.edu.pl\/instytut\/ipo\/wp-content\/uploads\/sites\/74\/Bez-kategorii\/cover_issue_1224_pl_PL-346x575.jpg 346w\" sizes=\"(max-width: 503px) 100vw, 503px\" \/><\/p>\n<\/div>\r\n                    <\/div>\r\n                <\/div>[\/vc_column][vc_column width=&#8221;2\/3&#8243;]\r\n                <div class=\"text-modules\">\r\n                    <div class=\"container\">\r\n                        \r\n                        <div class=\"text-modules__content\"><p><strong>Rana. Literatura \u2013 Do\u015bwiadczenie \u2013 To\u017csamo\u015b\u0107<\/strong><\/p>\n<div>\n<p style=\"text-align: justify;\">Profil czasopisma wpisuje si\u0119 w\u00a0badania nad\u00a0tropami egzystencji w\u00a0literaturze, istotne jest dla niego pytanie o\u00a0jej jednostkowy wymiar, rozpoznawany w\u00a0zapisach do\u015bwiadczenia i\u00a0podmiotowych projekcjach to\u017csamo\u015bci. Poj\u0119cie \u201erany\u201d, kluczowe dla naszej propozycji lektury i\u00a0zarazem jej \u201eznak firmowy\u201d, stanowi specyficzny spos\u00f3b spojrzenia na\u00a0literatur\u0119 i\u00a0kultur\u0119, a\u00a0tak\u017ce \u2013 co r\u00f3wnie wa\u017cne \u2013 relacj\u0119 cz\u0142owieka z\u00a0szeroko rozumianym \u015brodowiskiem. Widz\u0105c w\u00a0\u201eranie\u201d potencja\u0142 daleko wykraczaj\u0105cy poza tre\u015b\u0107 i\u00a0tematyk\u0119 czytanych i\u00a0pisanych tekst\u00f3w, wi\u0105\u017cemy j\u0105 z\u00a0wa\u017cnymi obecnie nurtami humanistyki, zw\u0142aszcza humanistyk\u0105 zaanga\u017cowan\u0105, opart\u0105 na\u00a0empatii, trosce i\u00a0wra\u017cliwo\u015bci.<\/p>\n<p style=\"text-align: justify;\">Strona www czasopisma: <a href=\"https:\/\/www.journals.us.edu.pl\/index.php\/rana\">https:\/\/www.journals.us.edu.pl\/index.php\/rana<\/a><\/p>\n<p>Kontakt:<\/p>\n<p>\u201eRana. Literatura &#8211; Do\u015bwiadczenie &#8211; To\u017csamo\u015b\u0107\u201d<br \/>\nrana@us.edu.pl<br \/>\nul. Uniwersytecka 4, 40\u2013007 Katowice<br \/>\npok\u00f3j A6.21 \/ room A6.21<\/p>\n<\/div>\n<p>\n<\/div>\r\n                    <\/div>\r\n                <\/div>[\/vc_column][\/vc_row][vc_row el_class=&#8221;container&#8221;][vc_column][vc_separator border_width=&#8221;3&#8243;][\/vc_column][\/vc_row][vc_row el_class=&#8221;container&#8221;][vc_column width=&#8221;2\/3&#8243;]\r\n                <div class=\"text-modules\">\r\n                    <div class=\"container\">\r\n                        \r\n                        <div class=\"text-modules__content\"><p><strong>\u015al\u0105skie Studia Polonistyczne<\/strong><\/p>\n<p style=\"text-align: justify;\">\u201e\u015al\u0105skie Studia Polonistyczne\u201d to periodyk naukowy po\u015bwi\u0119cony literaturoznawczym i historycznoliterackim badaniom, a tak\u017ce krytyce, zw\u0142aszcza literackiej, przy czym histori\u0119, teori\u0119 literatury oraz krytyk\u0119 traktuje si\u0119 jako \u015bci\u015ble powi\u0105zane z teoriami kultury i sztuki. Pismo wydawane jest w Uniwersytecie \u015al\u0105skim w Katowicach, powsta\u0142o w 2011 roku z inicjatywy pracownik\u00f3w Instytutu Nauk o Literaturze Polskiej im. Ireneusza Opackiego i pocz\u0105tkowo skupia\u0142o si\u0119 przede wszystkim na badaniu praktyk literackich. Z czasem zakres artyku\u0142\u00f3w przyjmowanych do pisma zosta\u0142 rozszerzony o badania praktyk kulturowych i artystycznych; literatura i literaturoznawstwo pozosta\u0142y jednak najwa\u017cniejszymi obszarami zainteresowania.<\/p>\n<p style=\"text-align: justify;\">Punkty MEiN: 20 (2024), 40 (2023)<\/p>\n<p style=\"text-align: justify;\">Strona www czasopisma: <a href=\"https:\/\/www.journals.us.edu.pl\/index.php\/SSP\">https:\/\/www.journals.us.edu.pl\/index.php\/SSP<\/a><\/p>\n<p>Kontakt:<\/p>\n<p>\u015al\u0105skie Studia Polonistyczne<br \/>\n<a href=\"mailto:slaskiestudiapolonistyczne@us.edu.pl\">slaskiestudiapolonistyczne@us.edu.pl<\/a><br \/>\nul. Uniwersytecka 4, 40-007 Katowice<\/p>\n<\/div>\r\n                    <\/div>\r\n                <\/div>[\/vc_column][vc_column width=&#8221;1\/3&#8243;]\r\n                <div class=\"text-modules\">\r\n                    <div class=\"container\">\r\n                        \r\n                        <div class=\"text-modules__content\"><p><img class=\"alignnone wp-image-389 size-full\" src=\"http:\/\/us.edu.pl\/instytut\/ipo\/wp-content\/uploads\/sites\/74\/Bez-kategorii\/cover_issue_1248_pl_PL.jpg\" alt=\" \u201e\u015al\u0105skie Studia Polonistyczne\u201dTom 21 Nr 1 (2023): Futurologie. Prezentacje: Joanna Mueller\" width=\"1737\" height=\"2467\" srcset=\"https:\/\/us.edu.pl\/instytut\/ipo\/wp-content\/uploads\/sites\/74\/Bez-kategorii\/cover_issue_1248_pl_PL.jpg 1737w, https:\/\/us.edu.pl\/instytut\/ipo\/wp-content\/uploads\/sites\/74\/Bez-kategorii\/cover_issue_1248_pl_PL-211x300.jpg 211w, https:\/\/us.edu.pl\/instytut\/ipo\/wp-content\/uploads\/sites\/74\/Bez-kategorii\/cover_issue_1248_pl_PL-721x1024.jpg 721w, https:\/\/us.edu.pl\/instytut\/ipo\/wp-content\/uploads\/sites\/74\/Bez-kategorii\/cover_issue_1248_pl_PL-768x1091.jpg 768w, https:\/\/us.edu.pl\/instytut\/ipo\/wp-content\/uploads\/sites\/74\/Bez-kategorii\/cover_issue_1248_pl_PL-1081x1536.jpg 1081w, https:\/\/us.edu.pl\/instytut\/ipo\/wp-content\/uploads\/sites\/74\/Bez-kategorii\/cover_issue_1248_pl_PL-1442x2048.jpg 1442w, https:\/\/us.edu.pl\/instytut\/ipo\/wp-content\/uploads\/sites\/74\/Bez-kategorii\/cover_issue_1248_pl_PL-405x575.jpg 405w\" sizes=\"(max-width: 1737px) 100vw, 1737px\" \/><\/p>\n<\/div>\r\n                    <\/div>\r\n                <\/div>[\/vc_column][\/vc_row][vc_row][vc_column][vc_column_text][\/vc_column_text][\/vc_column][\/vc_row][vc_row][vc_column][vc_column_text][\/vc_column_text][\/vc_column][\/vc_row][vc_row][\/vc_row][vc_column][\/vc_column][vc_column_text]<\/p>\n<p>I am text block. Click edit button to change this text. Lorem ipsum dolor sit amet, consectetur adipiscing elit. Ut elit tellus, luctus nec ullamcorper mattis, pulvinar dapibus leo.<\/p>\n<p>[\/vc_column_text][vc_row][vc_column][vc_column_text][\/vc_column_text][\/vc_column][\/vc_row][vc_row][vc_column][vc_column_text][\/vc_column_text][\/vc_column][\/vc_row][vc_row][vc_column][vc_column_text][\/vc_column_text][\/vc_column][\/vc_row][vc_row][vc_column][vc_column_text][\/vc_column_text][\/vc_column][\/vc_row][vc_row][vc_column][vc_column_text][\/vc_column_text][\/vc_column][\/vc_row][vc_row][vc_column][vc_column_text][\/vc_column_text][\/vc_column][\/vc_row][vc_row][vc_column][vc_column_text][\/vc_column_text][\/vc_column][\/vc_row][vc_row][vc_column][vc_column_text][\/vc_column_text][\/vc_column][\/vc_row][vc_row][vc_column][vc_column_text][\/vc_column_text][\/vc_column][\/vc_row][vc_row][vc_column][vc_column_text][\/vc_column_text][\/vc_column][\/vc_row][vc_row][vc_column][vc_column_text][\/vc_column_text][\/vc_column][\/vc_row][vc_row][vc_column][vc_column_text]<\/p>","protected":false},"excerpt":{"rendered":"<p>[vc_row el_class=&#8221;container&#8221;][vc_column width=&#8221;1\/3&#8243;][\/vc_column][vc_column width=&#8221;2\/3&#8243;][\/vc_column][\/vc_row][vc_row el_class=&#8221;container&#8221;][vc_column][vc_separator border_width=&#8221;3&#8243;][\/vc_column][\/vc_row][vc_row el_class=&#8221;container&#8221;][vc_column width=&#8221;2\/3&#8243;][\/vc_column][vc_column width=&#8221;1\/3&#8243;][\/vc_column][\/vc_row][vc_row el_class=&#8221;container&#8221;][vc_column][vc_separator border_width=&#8221;3&#8243;][\/vc_column][\/vc_row][vc_row el_class=&#8221;container&#8221;][vc_column width=&#8221;1\/3&#8243;][\/vc_column][vc_column width=&#8221;2\/3&#8243;][\/vc_column][\/vc_row][vc_row el_class=&#8221;container&#8221;][vc_column][vc_separator border_width=&#8221;3&#8243;][\/vc_column][\/vc_row][vc_row el_class=&#8221;container&#8221;][vc_column width=&#8221;2\/3&#8243;][\/vc_column][vc_column width=&#8221;1\/3&#8243;][\/vc_column][\/vc_row][vc_row][vc_column][vc_column_text][\/vc_column_text][\/vc_column][\/vc_row][vc_row][vc_column][vc_column_text][\/vc_column_text][\/vc_column][\/vc_row][vc_row][\/vc_row][vc_column][\/vc_column][vc_column_text] I am text block. Click edit button to change this text. Lorem ipsum dolor sit amet, consectetur adipiscing elit. Ut elit tellus, luctus nec ullamcorper mattis, pulvinar dapibus leo. [\/vc_column_text][vc_row][vc_column][vc_column_text][\/vc_column_text][\/vc_column][\/vc_row][vc_row][vc_column][vc_column_text][\/vc_column_text][\/vc_column][\/vc_row][vc_row][vc_column][vc_column_text][\/vc_column_text][\/vc_column][\/vc_row][vc_row][vc_column][vc_column_text][\/vc_column_text][\/vc_column][\/vc_row][vc_row][vc_column][vc_column_text][\/vc_column_text][\/vc_column][\/vc_row][vc_row][vc_column][vc_column_text][\/vc_column_text][\/vc_column][\/vc_row][vc_row][vc_column][vc_column_text][\/vc_column_text][\/vc_column][\/vc_row][vc_row][vc_column][vc_column_text][\/vc_column_text][\/vc_column][\/vc_row][vc_row][vc_column][vc_column_text][\/vc_column_text][\/vc_column][\/vc_row][vc_row][vc_column][vc_column_text][\/vc_column_text][\/vc_column][\/vc_row][vc_row][vc_column][vc_column_text][\/vc_column_text][\/vc_column][\/vc_row][vc_row][vc_column][vc_column_text] [&#8230;]<\/p>\n<p><a class=\"btn btn-secondary understrap-read-more-link\" href=\"https:\/\/us.edu.pl\/instytut\/ipo\/czasopisma\/\">Read More&#8230;<\/a><\/p>\n","protected":false},"author":2430,"featured_media":0,"parent":0,"menu_order":0,"comment_status":"closed","ping_status":"closed","template":"","meta":{"_expiration-date-status":"","_expiration-date":0,"_expiration-date-type":"","_expiration-date-categories":[],"_expiration-date-options":[]},"acf":[],"_links":{"self":[{"href":"https:\/\/us.edu.pl\/instytut\/ipo\/wp-json\/wp\/v2\/pages\/377"}],"collection":[{"href":"https:\/\/us.edu.pl\/instytut\/ipo\/wp-json\/wp\/v2\/pages"}],"about":[{"href":"https:\/\/us.edu.pl\/instytut\/ipo\/wp-json\/wp\/v2\/types\/page"}],"author":[{"embeddable":true,"href":"https:\/\/us.edu.pl\/instytut\/ipo\/wp-json\/wp\/v2\/users\/2430"}],"replies":[{"embeddable":true,"href":"https:\/\/us.edu.pl\/instytut\/ipo\/wp-json\/wp\/v2\/comments?post=377"}],"version-history":[{"count":10,"href":"https:\/\/us.edu.pl\/instytut\/ipo\/wp-json\/wp\/v2\/pages\/377\/revisions"}],"predecessor-version":[{"id":1637,"href":"https:\/\/us.edu.pl\/instytut\/ipo\/wp-json\/wp\/v2\/pages\/377\/revisions\/1637"}],"wp:attachment":[{"href":"https:\/\/us.edu.pl\/instytut\/ipo\/wp-json\/wp\/v2\/media?parent=377"}],"curies":[{"name":"wp","href":"https:\/\/api.w.org\/{rel}","templated":true}]}}