{"id":395,"date":"2023-10-31T10:45:27","date_gmt":"2023-10-31T09:45:27","guid":{"rendered":"https:\/\/us.edu.pl\/instytut\/ipo\/?page_id=395"},"modified":"2025-05-19T15:14:59","modified_gmt":"2025-05-19T13:14:59","slug":"magdalena-ochwat","status":"publish","type":"page","link":"https:\/\/us.edu.pl\/instytut\/ipo\/pracownicy\/magdalena-ochwat\/","title":{"rendered":"Magdalena Ochwat"},"content":{"rendered":"<p>[vc_row el_class=&#8221;container&#8221;][vc_column]\r\n                <div class=\"text-modules\">\r\n                    <div class=\"container\">\r\n                        \r\n                        <div class=\"text-modules__content\"><\/p>\n<h3><span style=\"color: #002e5a;\">Magdalena Ochwat<\/span><\/h3>\n<hr \/>\n<p>\n<\/div>\r\n                    <\/div>\r\n                <\/div>[\/vc_column][\/vc_row][vc_row el_class=&#8221;container&#8221;][vc_column width=&#8221;2\/3&#8243;][vc_tta_tabs][vc_tta_section title=&#8221;POLISH&#8221; tab_id=&#8221;1698745307866-e7bcb66b-637a&#8221;]\r\n                <div class=\"text-modules\">\r\n                    <div class=\"container\">\r\n                        \r\n                        <div class=\"text-modules__content\"><p><strong>Magdalena Ochwat<\/strong> \u2013 doktorka nauk humanistycznych, adiunktka w Instytucie Polonistyki<\/p>\n<p>Uniwersytetu \u015al\u0105skiego w Katowicach, zwi\u0105zana z Interdyscyplinarnym Centrum Bada\u0144 nad Edukacj\u0105 Humanistyczn\u0105 U\u015a. Jej zainteresowania naukowe skupione s\u0105 na edukacji polonistycznej, wykorzystaniu w kszta\u0142ceniu reporta\u017cy literackich oraz spo\u0142ecznej odpowiedzialno\u015bci lektur szklonych. Interesuje si\u0119 wyzwaniami XXI wieku: globalnymi kryzysami, migracjami, zmian\u0105 klimatu i wielokulturowo\u015bci\u0105. Redaktorka naczelna czasopisma \u201eZ Teorii i Praktyki Dydaktycznej J\u0119zyka Polskiego&#8221;.<\/p>\n<p>Uczestniczka Szko\u0142y Ekopoetyki prowadzonej przy Instytucie Reporta\u017cu.\u00a0Jest ekspertk\u0105 Team Europe Direct.\u00a0Wsp\u00f3\u0142pracuje \u00a0z miastem Katowice oraz \u015al\u0105skim Kuratorium O\u015bwiaty\u00a0 przy wdra\u017caniu edukacji na rzecz klimatu w szko\u0142ach podstawowych.\u00a0Wsp\u00f3\u0142autorka 3 zamawianych raport\u00f3w na temat postaw uczni\u00f3w, nauczycieli, rodzic\u00f3w wobec zmiany klimatu. Realizowa\u0142a projekt GEOlogos (z programu &#8222;doskona\u0142a nauka&#8221; MEiN) oraz &#8222;The V4 Humanities Education for the Climate. Diagnoses \u2013 Best practices \u2013 Recommendations [HEC]), finansowany przez\u00a0Mi\u0119dzynarodowy Fundusz Wyszehradzki.\u00a0Jest certyfikowan\u0105 moderatork\u0105 mozaiki klimatycznej. Powo\u0142ana do ministerialnego zespo\u0142u de. edukacji klimatycznej (MEN), wsp\u00f3\u0142praca z Ministerstwem Klimatu i \u015arodowiska przy tworzeniu Strategicznego Planu Dzia\u0142a\u0144 w Zakresie Edukacji Ekologicznej. Uko\u0144czy\u0142a szkolenie Stra\u017cnicy i Stra\u017cniczki Klimatu Pracowni na rzecz Wszystkich Istot. Autorka ksi\u0105\u017cki \u201eWi\u0119cej-ni\u017c-tylko-ludzkie lekcje j\u0119zyka polskiego. Edukacja polonistyczna w czasach kryzysu klimatycznego&#8221;.<\/p>\n<p><strong>Ksi\u0105\u017cki autorskie:<\/strong><\/p>\n<p>Ochwat, M. B. (2025). <em>Wi\u0119cej-ni\u017c-tylko-ludzkie lekcje j\u0119zyka polskiego. Edukacja polonistyczna w czasach kryzysu klimatycznego<\/em>. Katowice: Wydawnictwo Uniwersytetu \u015al\u0105skiego. <a href=\"https:\/\/poczta.us.edu.pl\/#NOP\">https:\/\/doi.org\/10.31261\/PN.4222<\/a><\/p>\n<p><strong>Rozdzia\u0142y z monografii:<\/strong><\/p>\n<p>Ochwat, M. B. (2025). Matki Drzew i Trzy Siostry. Czego ucz\u0105 dzieci i doros\u0142ych symbiotyczne opowie\u015bci? W A. Janus-Sitarz &amp; K. Kwak (Red.), <em>Mi\u0119dzypokoleniowe miejsca wsp\u00f3lne w literaturze oraz tekstach kultury &#8211; perspektywa edukacyjna<\/em> (ss. 221\u2013255). Krak\u00f3w: Towarzystwo Autor\u00f3w i Wydawc\u00f3w Prac Naukowych Universitas.<\/p>\n<p><strong>Ksi\u0105\u017cki redagowane:<\/strong><\/p>\n<p>Niesporek-Szamburska, B. M., W\u00f3jcik-Dudek, M., &amp; Ochwat, M. B. (Red.) (2024). <em>Polish Flows: An Aqua-Critical Reading of Cultural and Educational Narratives about Rivers<\/em> (Vol. 10). G\u00f6ttingen: Vandenhoeck &amp; Ruprecht unipress. <a href=\"https:\/\/poczta.us.edu.pl\/#NOP\">https:\/\/doi.org\/10.14220\/9783737017121<\/a><\/p>\n<p><strong>Rozdzia\u0142y w redagowanych ksi\u0105\u017ckach:<\/strong><\/p>\n<ul>\n<li>Niesporek-Szamburska, B. M., Ochwat, M. B., &amp; W\u00f3jcik-Dudek, M. (2024). Introduction. W B. M. Niesporek-Szamburska, M. W\u00f3jcik-Dudek, &amp; M. B. Ochwat (Red.), <em>Polish Flows: An Aqua-Critical Reading of Cultural and Educational Narratives about Rivers<\/em> (Vol. 10, ss. 9\u201313). G\u00f6ttingen: Vandenhoeck &amp; Ruprecht unipress.<\/li>\n<li>Niesporek-Szamburska, B. M., Ochwat, M. B., &amp; W\u00f3jcik-Dudek, M. (2024). Polonista ukonkretniony &#8211; kszta\u0142towanie kompetencji proekologicznych i spo\u0142ecznych w dydaktyce polonistycznej. W A. Gis &amp; K. Koc (Red.), <em>Dobra szko\u0142a. Edukacyjne rozwa\u017cania nad pewn\u0105 nieoczywisto\u015bci\u0105<\/em> (ss. 309\u2013322). Pozna\u0144: Wydawnictwo &#8222;Pozna\u0144skie Studia Polonistyczne&#8221;.<\/li>\n<li>Ochwat, M. B., &amp; Skuba\u0142a, P. (2024). Can a River Be a Person?: Fostering Public Aqua-awareness in Poland. W B. M. Niesporek-Szamburska, M. W\u00f3jcik-Dudek, &amp; M. B. Ochwat (Red.), <em>Polish Flows: An Aqua-Critical Reading of Cultural and Educational Narratives about Rivers<\/em> (Vol. 10, ss. 31\u201354). G\u00f6ttingen: Vandenhoeck &amp; Ruprecht unipress.<\/li>\n<li>Ochwat, M. B. (2024). Rozszczelnienie antropocenu. Nowy zwrot solidarno\u015bciowy w edukacji polonistycznej. W G. B. Tomaszewska, E. M. Pomirska, &amp; Z. Pomirska (Red.), <em>Kultura Solidarno\u015bci w przestrzeni edukacyjnej. T. 2, Nasze by\u0107 albo nie by\u0107<\/em> (ss. 75\u201391). Gda\u0144sk: Uniwersytet Gda\u0144ski.<\/li>\n<\/ul>\n<p><strong>Artyku\u0142y z czasopism:<\/strong><\/p>\n<ul>\n<li>Ochwat, M. B., &amp; W\u00f3jcik-Dudek, M. (2024). (Bio)grafie G\u00f3rnego \u015al\u0105ska i Zag\u0142\u0119bia D\u0105browskiego w literaturze non-fiction. <em>Zaranie \u015al\u0105skie<\/em>, 10, 63\u201389.<\/li>\n<li>Ochwat, M. B., W\u00f3jcik-Dudek, M., &amp; Skuba\u0142a, P. (2024). Porosty. Ziemskie alfabety wzajemno\u015bci. <em>Przegl\u0105d Kulturoznawczy<\/em>, (3), 424\u2013449. <a href=\"https:\/\/poczta.us.edu.pl\/#NOP\">https:\/\/doi.org\/10.4467\/20843860PK.24.027.20870<\/a><\/li>\n<li>Ochwat, M. B., W\u00f3jcik-Dudek, M., &amp; Skuba\u0142a, P. (2024). Sploty, wi\u0119zi, do\u015bwiadczenie konkretu. Nowa podmiotowo\u015b\u0107 nauczyciela polonisty. <em>Annales Universitatis Paedagogicae Cracoviensis. Studia ad Didacticam Litterarum Polonarum et Linguae Polonae Pertinentia<\/em>, 15, 1\u20136.<\/li>\n<li>Ochwat, M. B., &amp; W\u00f3jcik-Dudek, M. (2024). The Eco-Logic of Olga Tokarczuk&#8217;s Prose Worlds Tenderness and Anger as the Pillars of a New Order. <em>ER(R)GO. Teoria \u2013 Literatura \u2013 Kultura<\/em>, 48(1), 351\u2013369. <a href=\"https:\/\/poczta.us.edu.pl\/#NOP\">https:\/\/doi.org\/10.31261\/errgo.14770<\/a><\/li>\n<li>Ochwat, M. B., Skuba\u0142a, P., &amp; Albrecht, G. (2024). Will the Symbiocene be our future? Glenn Albrecht in an interview with Magdalena Ochwat and Piotr Skuba\u0142a. <em>Przegl\u0105d Kulturoznawczy<\/em>, (3), 487\u2013493. <a href=\"https:\/\/poczta.us.edu.pl\/#NOP\">https:\/\/doi.org\/10.4467\/20843860PK.24.030.20873<\/a><\/li>\n<\/ul>\n<p>\n<\/div>\r\n                    <\/div>\r\n                <\/div>[\/vc_tta_section][\/vc_tta_tabs][\/vc_column][vc_column width=&#8221;1\/3&#8243;][\/vc_column][\/vc_row][vc_row][vc_column][vc_column_text][\/vc_column_text][\/vc_column][\/vc_row]<\/p>","protected":false},"excerpt":{"rendered":"<p>[vc_row el_class=&#8221;container&#8221;][vc_column][\/vc_column][\/vc_row][vc_row el_class=&#8221;container&#8221;][vc_column width=&#8221;2\/3&#8243;][vc_tta_tabs][vc_tta_section title=&#8221;POLISH&#8221; tab_id=&#8221;1698745307866-e7bcb66b-637a&#8221;][\/vc_tta_section][\/vc_tta_tabs][\/vc_column][vc_column width=&#8221;1\/3&#8243;][\/vc_column][\/vc_row][vc_row][vc_column][vc_column_text][\/vc_column_text][\/vc_column][\/vc_row] [&#8230;]<\/p>\n<p><a class=\"btn btn-secondary understrap-read-more-link\" href=\"https:\/\/us.edu.pl\/instytut\/ipo\/pracownicy\/magdalena-ochwat\/\">Read More&#8230;<\/a><\/p>\n","protected":false},"author":2430,"featured_media":0,"parent":84,"menu_order":0,"comment_status":"closed","ping_status":"closed","template":"","meta":{"_expiration-date-status":"","_expiration-date":0,"_expiration-date-type":"","_expiration-date-categories":[],"_expiration-date-options":[]},"acf":[],"_links":{"self":[{"href":"https:\/\/us.edu.pl\/instytut\/ipo\/wp-json\/wp\/v2\/pages\/395"}],"collection":[{"href":"https:\/\/us.edu.pl\/instytut\/ipo\/wp-json\/wp\/v2\/pages"}],"about":[{"href":"https:\/\/us.edu.pl\/instytut\/ipo\/wp-json\/wp\/v2\/types\/page"}],"author":[{"embeddable":true,"href":"https:\/\/us.edu.pl\/instytut\/ipo\/wp-json\/wp\/v2\/users\/2430"}],"replies":[{"embeddable":true,"href":"https:\/\/us.edu.pl\/instytut\/ipo\/wp-json\/wp\/v2\/comments?post=395"}],"version-history":[{"count":3,"href":"https:\/\/us.edu.pl\/instytut\/ipo\/wp-json\/wp\/v2\/pages\/395\/revisions"}],"predecessor-version":[{"id":1367,"href":"https:\/\/us.edu.pl\/instytut\/ipo\/wp-json\/wp\/v2\/pages\/395\/revisions\/1367"}],"up":[{"embeddable":true,"href":"https:\/\/us.edu.pl\/instytut\/ipo\/wp-json\/wp\/v2\/pages\/84"}],"wp:attachment":[{"href":"https:\/\/us.edu.pl\/instytut\/ipo\/wp-json\/wp\/v2\/media?parent=395"}],"curies":[{"name":"wp","href":"https:\/\/api.w.org\/{rel}","templated":true}]}}