{"id":495,"date":"2024-02-13T12:11:15","date_gmt":"2024-02-13T11:11:15","guid":{"rendered":"https:\/\/us.edu.pl\/instytut\/ipo\/?page_id=495"},"modified":"2024-03-07T10:42:31","modified_gmt":"2024-03-07T09:42:31","slug":"magdalena-bak","status":"publish","type":"page","link":"https:\/\/us.edu.pl\/instytut\/ipo\/pracownicy\/magdalena-bak\/","title":{"rendered":"Magdalena B\u0105k"},"content":{"rendered":"<p>[vc_row el_class=&#8221;container&#8221;][vc_column width=&#8221;2\/3&#8243;]\r\n                <div class=\"text-modules \">\r\n                    <div class=\"container\">\r\n                        <h3 class=\"section-title section-title_border-bottom\">Magdalena B\u0105k<\/h3> <h3 class=\"subtitle text-modules__subtitle\">e-mail: magdalena.bak@us.edu.pl<\/h3>\r\n                        <div class=\"row m-0\">\r\n                            <div class=\"text-modules__content\">\r\n                                 \r\n                                <div class=\"mt-3\"><a href=\"https:\/\/orcid.org\/0000-0002-9189-8850\" class=\"link-button mr-3 \">ORCID<\/a><a href=\"https:\/\/scholar.google.com\/citations?user=ZHlKprwAAAAJ&hl=pl&oi=ao\" class=\"link-button mr-3 \">GoogleScholar<\/a><\/div>\r\n                            <\/div>\r\n                            \r\n                            \r\n                        <\/div>\r\n                    <\/div>\r\n                <\/div>[vc_tta_tabs alignment=&#8221;right&#8221; active_section=&#8221;1&#8243;][vc_tta_section title=&#8221;POLISH&#8221; tab_id=&#8221;1696245225773-eae4e9a1-2c7a&#8221;]\r\n                <div class=\"text-modules\">\r\n                    <div class=\"container\">\r\n                        \r\n                        <div class=\"text-modules__content\"><\/p>\n<p class=\"western\" align=\"justify\"><strong>dr hab. Magdalena B\u0105k, prof. U\u015a<\/strong> \u2013 polonistka i literaturoznawczyni, jej zainteresowania badawcze koncentruj\u0105 si\u0119 na literaturze romantyzmu, podr\u00f3\u017copisarstwie dziewi\u0119tnastowiecznym, a tak\u017ce w\u0105tkach australijskich i portugalskich w literaturze polskiej. Nale\u017cy do Komisji Historycznoliterackiej Polskiej Akademii Nauk (Oddzia\u0142 w Katowicach), Oddzia\u0142u \u015al\u0105skiego Towarzystwa Literackiego im. Adama Mickiewicza, Towarzystwa Przyjaci\u00f3\u0142 J\u0119zyka Polskiego (Oddzia\u0142 w Katowicach). Wchodzi w sk\u0142ad redakcji czasopisma \u201ePostscriptum Polonistyczne\u201d. Jest autork\u0105 ksi\u0105\u017cek:<\/p>\n<ol>\n<li class=\"western\"><i>Mickiewicz jako erudyta (w okresie wile\u0144sko-kowie\u0144skim i rosyjskim).<\/i>Wydawnictwo Uniwersytetu \u015al\u0105skiego. Katowice 2004. ISBN 83-226-1404-7,ss. 230.<\/li>\n<li class=\"western\"><i>Pan Australski i z\u0142oto Wiktorii. Wspomnienia Seweryna Korzeli\u0144skiego.\u00a0<\/i>Agencja Artystyczna PARA. Katowice 2011. ISBN 978-83-88657-53-5, ss. 66.<\/li>\n<li class=\"western\"><i>Tw\u00f3rczy l\u0119k S\u0142owackiego. Antagonizm wieszcz\u00f3w po latach.\u00a0<\/i>Wydawnictwo Uniwersytetu \u015al\u0105skiego. Katowice 2013. ISBN 978-83-226-2182-0, ss. 450.<\/li>\n<li class=\"western\"><i>Gdzie diabe\u0142 (tasma\u0144ski) m\u00f3wi dobranoc. Wizerunek Australii w literaturze polskiej.\u00a0<\/i>Wydawnictwo Uniwersytetu \u015al\u0105skiego. Katowice 2014. ISBN 978-83-226-2281-0, ss. 207.<\/li>\n<li class=\"western\">\u201e<i>Gdzie ziemia si\u0119 ko\u0144czy, a morze zaczyna\u201d. Szkice polsko-portugalskie.<\/i>Wydawnictwo Uniwersytetu \u015al\u0105skiego. Katowice 2016. ISBN 978-83-8012-874-3, ss. 218. [wsp\u00f3\u0142autor: Lidia Romaniszyn-Ziomek]<\/li>\n<li class=\"western\"><i>Cam<\/i><i>\u00f5<\/i><i>es i smak sardynek. Polskie dziewi\u0119tnastowieczne relacje z podr\u00f3\u017cy do Portugalii.\u00a0<\/i>Wydawnictwo Uniwersytetu \u015al\u0105skiego. Katowice 2019. ISBN 978-83-226-3709-8, ss. 207.<\/li>\n<\/ol>\n<p>\n<\/div>\r\n                    <\/div>\r\n                <\/div>[\/vc_tta_section][vc_tta_section title=&#8221;ENGLISH&#8221; tab_id=&#8221;1696252715456-7a1c3c83-9fb3&#8243;]\r\n                <div class=\"text-modules\">\r\n                    <div class=\"container\">\r\n                        \r\n                        <div class=\"text-modules__content\"><p><strong>Magdalena B\u0105k, PhD, D<\/strong><strong>Litt<\/strong><\/p>\n<p><strong>Associate Professor in the Institute of Literary Studies<\/strong><\/p>\n<p>&nbsp;<\/p>\n<p><strong>Research interests<\/strong>:<\/p>\n<hr \/>\n<p>Polish Romanticism in European contexts, Polish-Australian cultural\/literary encounters, Polish-Portuguese cultural\/literary encounters, 19th century travel writing<\/p>\n<p>&nbsp;<\/p>\n<p><strong>Recent publications:<\/strong><\/p>\n<hr \/>\n<ol>\n<li><em>Brazylia Tomasza \u0141ychowskiego\u00a0<\/em>[Tomasz \u0141ychowski\u2019s Brazil], \u201eHisto\u0301ria: Debates e Tende\u0302ncias\u201d, vol. 20, n 3, 2020, pp. 175-190.<\/li>\n<li><em>Nienawidz\u0119 i kocham. Miejsce Mickiewicza i rola autorytetu w korespondencji S\u0142owackiego\u00a0<\/em>[I hate and love. Mickiewicz\u2019s position and the role of authority in S\u0142owacki\u2019s correspondence], \u201ePrace Filologiczne. Literaturoznawstwo\u201d, no. 10, 2020, pp. 95-106<\/li>\n<li><em>Cam<\/em><em>\u00f5<\/em><em>es i smak sardynek: polskie dziewi\u0119tnastowieczne relacje z podr\u00f3\u017c<\/em><em>y do Portugalii<\/em>\u00a0[Cam\u00f5es and the tase of\u00a0 sardines: 19th century Polish narratives of travels to Portugal] (Katowice : Uniwersytet \u015al\u0105ski, 2019).<\/li>\n<li><em>Ksi\u0105\u017cki si\u0119 czyta, a biblioteki zwiedza: Adolf Pawi\u0144ski i portugalskie ksi\u0119gozbiory\u00a0<\/em>[Books are read, and libraries are visited: Adolf Pawi\u0144ski and Portuguese book collections], \u201ePrace Filologiczne. Literaturoznawstwa, no. 8, part 2, 2018, pp. 97-108.<\/li>\n<li><em>Apetyt na Brag\u0119: o intertekstualnym dialogu mi\u0119dzy Adolfem Pawi\u0144skim a Oswaldem Crawfurdem i o dziewi\u0119tnastowiecznym podr\u00f3\u017cowaniu\u00a0<\/em>[The appetite for Braga: On the intertextual dialogue between Adolf Pawi\u0144ski and Oswald Crawfurd, and 19th-century travelling], \u201ePostscriptum Polonistyczne\u201d, no. 1, 2018, pp. 45-56.<\/li>\n<\/ol>\n<p><strong>\u00a0<\/strong><\/p>\n<p><strong>Academic outreach and engagement:<\/strong><\/p>\n<hr \/>\n<ol>\n<li>Master of Didactics, participant in the project directed by The Ministry of Science and Higher Education, 2019\u20132022.<\/li>\n<li>\u201eE-learning prospects for humanities\u201d, grant participant, grant awarded by Erasmus+, 2020-2022.<\/li>\n<li>\u201eCross-disciplinary Academic Offer\u201d, grant coordinator, grant awarded by Erasmus+, 2022-2024.<\/li>\n<\/ol>\n<p>\n<\/div>\r\n                    <\/div>\r\n                <\/div>[\/vc_tta_section][\/vc_tta_tabs][\/vc_column][vc_column width=&#8221;1\/3&#8243;]\r\n                <div class=\"text-modules\">\r\n                    <div class=\"container\">\r\n                        \r\n                        <div class=\"text-modules__content\"><\/p>\n<p><img class=\"alignnone wp-image-496 size-full\" src=\"http:\/\/us.edu.pl\/instytut\/ipo\/wp-content\/uploads\/sites\/74\/Pracownicy\/Magdalena-Bak_DSC_1554.jpg\" alt=\"Magdalena B\u0105k\" width=\"100%\" height=\"auto\" srcset=\"https:\/\/us.edu.pl\/instytut\/ipo\/wp-content\/uploads\/sites\/74\/Pracownicy\/Magdalena-Bak_DSC_1554.jpg 2000w, https:\/\/us.edu.pl\/instytut\/ipo\/wp-content\/uploads\/sites\/74\/Pracownicy\/Magdalena-Bak_DSC_1554-240x300.jpg 240w, https:\/\/us.edu.pl\/instytut\/ipo\/wp-content\/uploads\/sites\/74\/Pracownicy\/Magdalena-Bak_DSC_1554-819x1024.jpg 819w, https:\/\/us.edu.pl\/instytut\/ipo\/wp-content\/uploads\/sites\/74\/Pracownicy\/Magdalena-Bak_DSC_1554-768x960.jpg 768w, https:\/\/us.edu.pl\/instytut\/ipo\/wp-content\/uploads\/sites\/74\/Pracownicy\/Magdalena-Bak_DSC_1554-1229x1536.jpg 1229w, https:\/\/us.edu.pl\/instytut\/ipo\/wp-content\/uploads\/sites\/74\/Pracownicy\/Magdalena-Bak_DSC_1554-1638x2048.jpg 1638w, https:\/\/us.edu.pl\/instytut\/ipo\/wp-content\/uploads\/sites\/74\/Pracownicy\/Magdalena-Bak_DSC_1554-460x575.jpg 460w\" sizes=\"(max-width: 2000px) 100vw, 2000px\" \/><\/p>\n<\/div>\r\n                    <\/div>\r\n                <\/div>[\/vc_column][\/vc_row][vc_row el_class=&#8221;container&#8221;][vc_column width=&#8221;2\/3&#8243;][\/vc_column][vc_column width=&#8221;1\/3&#8243;][\/vc_column][\/vc_row]<\/p>","protected":false},"excerpt":{"rendered":"<p>[vc_row el_class=&#8221;container&#8221;][vc_column width=&#8221;2\/3&#8243;][vc_tta_tabs alignment=&#8221;right&#8221; active_section=&#8221;1&#8243;][vc_tta_section title=&#8221;POLISH&#8221; tab_id=&#8221;1696245225773-eae4e9a1-2c7a&#8221;][\/vc_tta_section][vc_tta_section title=&#8221;ENGLISH&#8221; tab_id=&#8221;1696252715456-7a1c3c83-9fb3&#8243;][\/vc_tta_section][\/vc_tta_tabs][\/vc_column][vc_column width=&#8221;1\/3&#8243;][\/vc_column][\/vc_row][vc_row el_class=&#8221;container&#8221;][vc_column width=&#8221;2\/3&#8243;][\/vc_column][vc_column width=&#8221;1\/3&#8243;][\/vc_column][\/vc_row] [&#8230;]<\/p>\n<p><a class=\"btn btn-secondary understrap-read-more-link\" href=\"https:\/\/us.edu.pl\/instytut\/ipo\/pracownicy\/magdalena-bak\/\">Read More&#8230;<\/a><\/p>\n","protected":false},"author":7254,"featured_media":0,"parent":84,"menu_order":0,"comment_status":"closed","ping_status":"closed","template":"","meta":{"_expiration-date-status":"","_expiration-date":0,"_expiration-date-type":"","_expiration-date-categories":[],"_expiration-date-options":[]},"acf":[],"_links":{"self":[{"href":"https:\/\/us.edu.pl\/instytut\/ipo\/wp-json\/wp\/v2\/pages\/495"}],"collection":[{"href":"https:\/\/us.edu.pl\/instytut\/ipo\/wp-json\/wp\/v2\/pages"}],"about":[{"href":"https:\/\/us.edu.pl\/instytut\/ipo\/wp-json\/wp\/v2\/types\/page"}],"author":[{"embeddable":true,"href":"https:\/\/us.edu.pl\/instytut\/ipo\/wp-json\/wp\/v2\/users\/7254"}],"replies":[{"embeddable":true,"href":"https:\/\/us.edu.pl\/instytut\/ipo\/wp-json\/wp\/v2\/comments?post=495"}],"version-history":[{"count":3,"href":"https:\/\/us.edu.pl\/instytut\/ipo\/wp-json\/wp\/v2\/pages\/495\/revisions"}],"predecessor-version":[{"id":515,"href":"https:\/\/us.edu.pl\/instytut\/ipo\/wp-json\/wp\/v2\/pages\/495\/revisions\/515"}],"up":[{"embeddable":true,"href":"https:\/\/us.edu.pl\/instytut\/ipo\/wp-json\/wp\/v2\/pages\/84"}],"wp:attachment":[{"href":"https:\/\/us.edu.pl\/instytut\/ipo\/wp-json\/wp\/v2\/media?parent=495"}],"curies":[{"name":"wp","href":"https:\/\/api.w.org\/{rel}","templated":true}]}}