{"id":505,"date":"2024-02-13T13:10:08","date_gmt":"2024-02-13T12:10:08","guid":{"rendered":"https:\/\/us.edu.pl\/instytut\/ipo\/?page_id=505"},"modified":"2024-02-13T13:10:08","modified_gmt":"2024-02-13T12:10:08","slug":"malgorzata-wojcik-dudek","status":"publish","type":"page","link":"https:\/\/us.edu.pl\/instytut\/ipo\/pracownicy\/malgorzata-wojcik-dudek\/","title":{"rendered":"Ma\u0142gorzata W\u00f3jcik-Dudek"},"content":{"rendered":"<p>[vc_row el_class=&#8221;container&#8221;][vc_column width=&#8221;2\/3&#8243;]\r\n                <div class=\"text-modules \">\r\n                    <div class=\"container\">\r\n                        <h3 class=\"section-title section-title_border-bottom\">Ma\u0142gorzata W\u00f3jcik-Dudek<\/h3> <h3 class=\"subtitle text-modules__subtitle\">e-mail: malgorzata.wojcik-dudek@us.edu.pl<\/h3>\r\n                        <div class=\"row m-0\">\r\n                            <div class=\"text-modules__content\">\r\n                                 \r\n                                <div class=\"mt-3\"><a href=\"https:\/\/orcid.org\/0000-0001-9032-8875\" class=\"link-button mr-3 \">ORCID<\/a><\/div>\r\n                            <\/div>\r\n                            \r\n                            \r\n                        <\/div>\r\n                    <\/div>\r\n                <\/div>[vc_tta_tabs active_section=&#8221;1&#8243;][vc_tta_section title=&#8221;POLISH&#8221; tab_id=&#8221;1696245225773-eae4e9a1-2c7a&#8221;]\r\n                <div class=\"text-modules\">\r\n                    <div class=\"container\">\r\n                        \r\n                        <div class=\"text-modules__content\"><\/p>\n<p align=\"justify\"><strong>dr hab. Ma\u0142gorzata W\u00f3jcik-Dudek, prof. U\u015a<\/strong>\u00a0\u2013 dydaktyk literatury. W latach 2000\u22122017 nauczyciel j\u0119zyka polskiego i opiekun ko\u0142a teatralnego w II Liceum Og\u00f3lnokszta\u0142c\u0105cym im. Stanis\u0142awa Wyspia\u0144skiego w B\u0119dzinie. Nauczyciel dyplomowany, egzaminator maturalny.<\/p>\n<p align=\"justify\">Autorka ksi\u0105\u017cek:\u00a0<i>(Prze)Trwa\u0107 w okolicach mitu. Funkcje mityzacji w poezji Tadeusza Nowaka<\/i>\u00a0(2007),\u00a0<i>W(y)czyta\u0107 Zag\u0142ad\u0119. Praktyki postpami\u0119ci w polskiej literaturze XXI wieku dla dzieci i m\u0142odzie\u017cy<\/i>\u00a0(2016) oraz wielu artyku\u0142\u00f3w naukowych. Wsp\u00f3\u0142redaktorka pi\u0119tnastu publikacji wieloautorskich. Redaktor czasopisma \u201ePaidia i Literatura\u201d po\u015bwi\u0119conego literaturze dla dzieci i m\u0142odzie\u017cy. Cz\u0142onek kapitu\u0142y Og\u00f3lnopolskiej Nagrody Literackiej im. Kornela Makuszy\u0144skiego.<\/p>\n<p class=\"western\" align=\"justify\"><strong>Zainteresowania badawcze: <\/strong><\/p>\n<p class=\"western\" align=\"justify\">dydaktyka literatury, literatura dla dzieci i m\u0142odzie\u017cy, narracje o Zag\u0142adzie w dyskursie edukacyjnym.<\/p>\n<p class=\"western\" align=\"justify\"><strong>Publikacje:<\/strong><\/p>\n<ol>\n<li class=\"western\"><i>(Prze)Trwa\u0107 w okolicach mitu. Funkcje mityzacji w poezji Tadeusza Nowaka<\/i>. Ma\u0142gorzata W\u00f3jcik-Dudek. Wydawnictwo Uniwersytetu \u015al\u0105skiego. Katowice 2007. ISBN 978-83-226-1657-4, ss. 175.<\/li>\n<li class=\"western\"><i>W(y)czyta\u0107 Zag\u0142ad\u0119. Praktyki postpami\u0119ci w polskiej literaturze XXI wieku dla dzieci i m\u0142odzie\u017cy<\/i>. Ma\u0142gorzata W\u00f3jcik-Dudek. Wydawnictwo Uniwersytetu \u015al\u0105skiego. Katowice 2016. ISBN 978-83-8012-892-7, ss. 332.<\/li>\n<li class=\"western\"><i>Edukacja\/Migracja, czyli zamierzony rym<\/i>. Ma\u0142gorzata W\u00f3jcik-Dudek. \u201ePostscriptum Polonistyczne\u201d 2018, nr 2, s. 255\u2212264.<\/li>\n<li class=\"western\"><i>Siostrza\u0144stwo lektury. O zwi\u0105zkach powie\u015bci dla kobiet i dziewcz\u0105t.\u00a0<\/i>Ma\u0142gorzata W\u00f3jcik-Dudek. W:\u00a0<i>Literatura dla dzieci i m\u0142odzie\u017cy<\/i>. T. 5. Wydawnictwo Uniwersytetu \u015al\u0105skiego. Katowice 2017. ISBN 978-83-226-3010-5, s. 57\u221278.<\/li>\n<li class=\"western\"><i>Z ciemno\u015bci w blask \u2212 Kleks i jego ucze\u0144<\/i>. Ma\u0142gorzata W\u00f3jcik-Dudek. \u201eFiloteknos\u201d 2017, nr 7, s. 83\u221292.<\/li>\n<li class=\"western\"><i>\u015awiat\u0142oczu\u0142o\u015b\u0107. \u201eSklepy cynamonowe\u201d Brunona Schulza na lekcji j\u0119zyka polskiego<\/i>. Ma\u0142gorzata W\u00f3jcik-Dudek. \u201eZ Teorii i Praktyki Dydaktycznej J\u0119zyka Polskiego\u201d 2017, t. 26, s. 45\u221259.<\/li>\n<li class=\"western\"><i>(U)kocha\u0107 sw\u00f3j los. Przypadek Filifionki<\/i>. Ma\u0142gorzata W\u00f3jcik-Dudek. W:\u00a0<i>Par coeur. Tw\u00f3rczo\u015b\u0107 dla dzieci i m\u0142odzie\u017cy raz jeszcze<\/i>. Wydawnictwo Uniwersytetu \u015al\u0105skiego. Katowice 2016. ISBN 978-83-8012-852-1, s. 201\u2212209.<\/li>\n<li class=\"western\"><i>Szko\u0142y szcz\u0119\u015bliwe \u2212 architektura edukacji<\/i>. Ma\u0142gorzata W\u00f3jcik-Dudek. \u201eZ Teorii i Praktyki Dydaktycznej J\u0119zyka Polskiego\u201d 2016, t. 25, s. 11\u221222.<\/li>\n<li class=\"western\"><i>Konieczno\u015b\u0107 \u015bladu. Kanony literatury dla dzieci i m\u0142odzie\u017cy<\/i>. Ma\u0142gorzata W\u00f3jcik-Dudek. \u201eNarracje o Zag\u0142adzie\u201d 2015, nr 1, s. 96\u2212116.<\/li>\n<li class=\"western\"><i>Rampa kolejowa i \u201esweet focie\u201d. Historia jednego motywu<\/i>. Ma\u0142gorzata W\u00f3jcik-Dudek. W:\u00a0<i>Kolej na kolej. Poci\u0105g, dworzec, poczekalnia w literaturze i refleksji humanistycznej<\/i>. Oficyna Wydawnicza Uniwersytetu Zielonog\u00f3rskiego. Zielona G\u00f3ra 2015. ISBN 978-83-7842-208-2, s. 121\u2212132.<\/li>\n<\/ol>\n<p class=\"western\">Redakcja:<\/p>\n<ol>\n<li><i>(Od)pami\u0119tywanie \u2013 gry z przesz\u0142o\u015bci\u0105 w literaturze dla dzieci i m\u0142odzie\u017cy<\/i>. Red. Bernadeta Niesporek-Szamburska, Ma\u0142gorzata W\u00f3jcik-Dudek. Wydawnictwo Uniwersytetu \u015al\u0105skiego. Katowice 2018, ISBN 978-83-226-3306-9, ss. 344.<\/li>\n<li><i>J\u0119zyk \u2212 lektura \u2212 interpretacja w dydaktyce szkolne<\/i>j. Red. Ewa Jask\u00f3\u0142owa, Ma\u0142gorzata W\u00f3jcik-Dudek. Wydawnictwo Uniwersytetu \u015al\u0105skiego, Katowice 2018. ISBN 978-83-226-3465-3, ss. 281.<\/li>\n<li><i>Przestrzenie spotkania. Tom dedykowany Profesor Ewie Jask\u00f3\u0142owej w czterdziestolecie pracy dydaktycznej.\u00a0<\/i>Red. Karolina J\u0119drych, Danuta Krzy\u017cyk, Magdalena Ochwat, Ma\u0142gorzata W\u00f3jcik-Dudek. Wydawnictwo Uniwersytetu \u015al\u0105skiego. Katowice 2018. ISBN 978-83-226-3308-3, ss. 502.<\/li>\n<li><i>Spo\u0142ecze\u0144stwo obywatelskie. Edukacja, warto\u015bci, style komunikacyjne<\/i>. Red. Ewa Jask\u00f3\u0142owa, Ewa Ficek, Magdalena Ochwat, Katarzyna Sujkowska-Sobisz, Ma\u0142gorzata W\u00f3jcik-Dudek. Multimedialne Wydawnictwo Naukowe \u201eWyk\u0142adnia\u201d. Katowice 2018. ISBN 978-83-951069-0-3, ss. 57.<\/li>\n<li><i>W krajobraz literacko-kulturowy i j\u0119zykowy wpisane\u2026 Ksi\u0119ga jubileuszowa dedykowana Profesor Bernadecie Niesporek-Szamburskiej w czterdziestolecie pracy naukowej i dydaktycznej<\/i>. Red. Anna Guzy, Danuta Krzy\u017cyk, Magdalena Ochwat, Ma\u0142gorzata W\u00f3jcik-Dudek. Wydawnictwo Uniwersytetu \u015al\u0105skiego. Katowice 2018. ISBN 978-83-226-3354-0, ss. 584.<\/li>\n<li><i>Literatura w dydaktyce i glottodydaktyce polonistycznej<\/i>. Red. Wioletta Hajduk-Gawron, Ma\u0142gorzata W\u00f3jcik-Dudek.Multimedialne Wydawnictwo Naukowe \u201eWyk\u0142adnia\u201d. Katowice 2017, ISBN 978-83-65322-07-4S, ss. 25.<\/li>\n<li><i>Edukacja polonistyczna jako zobowi\u0105zanie<\/i>.\u00a0<i>Powszechno\u015b\u0107 i elitarno\u015b\u0107 polonistyki<\/i>. Red. Ewa Jask\u00f3\u0142owa, Danuta Krzy\u017cyk, Bernadeta Niesporek-Szamburska, Ma\u0142gorzata W\u00f3jcik-Dudek, przy wsp\u00f3\u0142pr. Diany Jagodzi\u0144skiej, Aleksandry Zok-Smo\u0142y. T. 1-2. Wydawnictwo Uniwersytetu \u015al\u0105skiego. Katowice 2016. ISBN 978-83-8012-952-8, ss. 660.<\/li>\n<li>Ma\u0142gorzata W\u00f3jcik-Dudek:<i>W(y)czyta\u0107 Zag\u0142ad\u0119. Praktyki postpami\u0119ci w polskiej literaturze XXI wieku dla dzieci i m\u0142odzie\u017cy<\/i>.Wydawnictwo Uniwersytetu \u015al\u0105skiego. Katowice 2016. ISBN 978-83-8012-892-7, ss. 332.<\/li>\n<li><i>Film i serial w dydaktyce i glottodydaktyce polonistycznej<\/i>. Red. W. Hajduk-Wrona, M. W\u00f3jcik-Dudek.\u00a0Multimedialne Wydawnictwo Naukowe \u201eWyk\u0142adnia\u201d.\u00a0Katowice 2016. ISBN 978-83-65322-03-6, ss. 20.<\/li>\n<\/ol>\n<p>\n<\/div>\r\n                    <\/div>\r\n                <\/div>[\/vc_tta_section][vc_tta_section title=&#8221;ENGLISH&#8221; tab_id=&#8221;1696252715456-7a1c3c83-9fb3&#8243;]\r\n                <div class=\"text-modules\">\r\n                    <div class=\"container\">\r\n                        \r\n                        <div class=\"text-modules__content\"><p><strong>Ma\u0142gorzata W<\/strong><strong>\u00f3<\/strong><strong>jcik-Dudek, PhD, D<\/strong><strong>Litt<\/strong><\/p>\n<p><strong>Associate\u00a0<\/strong><strong>Professor in the Institute of Literary Studies<\/strong><\/p>\n<p>&nbsp;<\/p>\n<p><strong>Research interests<\/strong>:<\/p>\n<hr \/>\n<p>Literature for children and adolescents, literature didactics, school education, cultural memory, environmental humanities<\/p>\n<p><strong>Recent publications:<\/strong><\/p>\n<hr \/>\n<ol>\n<li>(Prze)Trwa\u0107 w okolicach mitu : funkcje mityzacji w poezji Tadeusza Nowaka [Survive\/exist in the vicinity of the myth: Mythization functions in the poetry of Tadeusz Nowak]\/ Ma\u0142gorzata W\u00f3jcik-Dudek . \u2013 Katowice : Wydawnictwo Uniwersytetu \u015al\u0105skiego, 2007. \u2013 175 pages. \u2013 (Pr. Nauk. U\u015al.; no. 2525).<\/li>\n<li>W(y)czyta\u0107 Zag\u0142ad\u0119 : praktyki postpami\u0119ci w polskiej literaturze XXI wieku dla dzieci i m\u0142odzie\u017cy [Reading the Holocaust: Post-memory practices in 21st century Polish literature for children and adolescents]\/ Ma\u0142gorzata W\u00f3jcik-Dudek . \u2013 Katowice : Wydawnictwo Uniwersytetu \u015al\u0105skiego, 2016. \u2013 332 pages. \u2013 (Pr. U\u015al.; no. 3447). \u2013 ISBN 978-83-8012-892-7.<\/li>\n<li>Reading (in) the Holocaust : Practices of Postmemory in Recent Polish Literature for Children and Young Adults \/ Ma\u0142gorzata W\u00f3jcik-Dudek, translated by Patrycja Poniatowska . \u2013 Berlin : Peter Lang, 2020. \u2013 252 pages. \u2013 ISBN 978-3-631-82293-7.<\/li>\n<li>Edukacja\/Migracja, czyli zamierzony rym [Education\/Migration or an intended rhyme]\/ Ma\u0142gorzata W\u00f3jcik-Dudek \/\/ Ps. Polonist. \u2013 2018, no. 2, pp. 255-264.<\/li>\n<li>Paidia i paideia. Zabawa i etyka w \u201eDrzewie do samego nieba\u201d Marii Terlikowskiej [Paidia and Play and ethics in \u201cDrzewo do samego nieba\u201d by Maria Terlikowska]\/ Ma\u0142gorzata W\u00f3jcik-Dudek \/\/ Filoteknos. \u2013 Vol. 9 (2019), pp. 222-231.<\/li>\n<\/ol>\n<p><strong>Grants:<\/strong><\/p>\n<hr \/>\n<ol>\n<li>Research project in the Ministry of Science and Higher Education programme (grant no. 0260\/NPRH6\/H21\/85\/2017) \u2014 W(y)czyta\u0107 Zag\u0142ad\u0119. Praktyki postpami\u0119ci w polskiej literaturze XXI wieku dla dzieci i m\u0142odzie\u017cy [Reading the Holocaust: Post-memory practices in 21st century Polish literature for children and adolescents]. The National Programme for the Development of Humanities. March 2018\u2013March 2020.<\/li>\n<li>NCBR research project (grant no. POWR.03.01.00-00-u123\/17) \u2014 B\u0119dzin: kiedy\u015b i dzi\u015b [B\u0119dzin: Once and today]. 1 July, 2018\u201331 December, 2019<\/li>\n<\/ol>\n<p><strong>Academic outreach and engagement:<\/strong><\/p>\n<hr \/>\n<ol>\n<li>Editor-in-chief of the journal devoted to literature for children and adolescents, \u201cPaidia i Literatura\u201d <a href=\"https:\/\/journals.us.edu.pl\/index.php\/pl\">https:\/\/journals.us.edu.pl\/index.php\/pl<\/a><\/li>\n<li>Co-organizer of the 2nd Congress of Didactics of the Polish language:\u00a0<em>Edukacja polonistyczna jako zobowi\u0105zanie. Polonistyki elitarno\u015b\u0107 i powszechno\u015b\u0107<\/em>; Uniwersytet \u015al\u0105ski w Katowicach, Polska Akademia Nauk (Katowice, 28\u201321 November, 2015).<\/li>\n<li>Organizer of the national conference:\u00a0<em>Do\u015bwiadczanie lektury. Zmys\u0142y i literatura osobna<\/em>; Uniwersytet \u015al\u0105ski w Katowicach, (14\u201315 November, 2018).<\/li>\n<\/ol>\n<p>\n<\/div>\r\n                    <\/div>\r\n                <\/div>[\/vc_tta_section][\/vc_tta_tabs][\/vc_column][vc_column width=&#8221;1\/3&#8243;][\/vc_column][\/vc_row][vc_row el_class=&#8221;container&#8221;][vc_column width=&#8221;2\/3&#8243;][\/vc_column][vc_column width=&#8221;1\/3&#8243;][\/vc_column][\/vc_row]<\/p>","protected":false},"excerpt":{"rendered":"<p>[vc_row el_class=&#8221;container&#8221;][vc_column width=&#8221;2\/3&#8243;][vc_tta_tabs active_section=&#8221;1&#8243;][vc_tta_section title=&#8221;POLISH&#8221; tab_id=&#8221;1696245225773-eae4e9a1-2c7a&#8221;][\/vc_tta_section][vc_tta_section title=&#8221;ENGLISH&#8221; tab_id=&#8221;1696252715456-7a1c3c83-9fb3&#8243;][\/vc_tta_section][\/vc_tta_tabs][\/vc_column][vc_column width=&#8221;1\/3&#8243;][\/vc_column][\/vc_row][vc_row el_class=&#8221;container&#8221;][vc_column width=&#8221;2\/3&#8243;][\/vc_column][vc_column width=&#8221;1\/3&#8243;][\/vc_column][\/vc_row] [&#8230;]<\/p>\n<p><a class=\"btn btn-secondary understrap-read-more-link\" href=\"https:\/\/us.edu.pl\/instytut\/ipo\/pracownicy\/malgorzata-wojcik-dudek\/\">Read More&#8230;<\/a><\/p>\n","protected":false},"author":7254,"featured_media":0,"parent":84,"menu_order":0,"comment_status":"closed","ping_status":"closed","template":"","meta":{"_expiration-date-status":"","_expiration-date":0,"_expiration-date-type":"","_expiration-date-categories":[],"_expiration-date-options":[]},"acf":[],"_links":{"self":[{"href":"https:\/\/us.edu.pl\/instytut\/ipo\/wp-json\/wp\/v2\/pages\/505"}],"collection":[{"href":"https:\/\/us.edu.pl\/instytut\/ipo\/wp-json\/wp\/v2\/pages"}],"about":[{"href":"https:\/\/us.edu.pl\/instytut\/ipo\/wp-json\/wp\/v2\/types\/page"}],"author":[{"embeddable":true,"href":"https:\/\/us.edu.pl\/instytut\/ipo\/wp-json\/wp\/v2\/users\/7254"}],"replies":[{"embeddable":true,"href":"https:\/\/us.edu.pl\/instytut\/ipo\/wp-json\/wp\/v2\/comments?post=505"}],"version-history":[{"count":2,"href":"https:\/\/us.edu.pl\/instytut\/ipo\/wp-json\/wp\/v2\/pages\/505\/revisions"}],"predecessor-version":[{"id":507,"href":"https:\/\/us.edu.pl\/instytut\/ipo\/wp-json\/wp\/v2\/pages\/505\/revisions\/507"}],"up":[{"embeddable":true,"href":"https:\/\/us.edu.pl\/instytut\/ipo\/wp-json\/wp\/v2\/pages\/84"}],"wp:attachment":[{"href":"https:\/\/us.edu.pl\/instytut\/ipo\/wp-json\/wp\/v2\/media?parent=505"}],"curies":[{"name":"wp","href":"https:\/\/api.w.org\/{rel}","templated":true}]}}